{"id":91402,"date":"2021-04-28T14:18:23","date_gmt":"2021-04-28T12:18:23","guid":{"rendered":"https:\/\/www.heddata.se\/webbutik\/?post_type=product&#038;p=91402"},"modified":"2026-05-15T18:41:50","modified_gmt":"2026-05-15T16:41:50","slug":"samsung-led-tv-55-au7105-uhd-4k-smart-tv-2021","status":"publish","type":"product","link":"https:\/\/www.heddata.se\/webbutik\/produkt\/samsung-led-tv-55-au7105-uhd-4k-smart-tv-2021\/","title":{"rendered":"Samsung LED-tv 55&#8243; AU7105 UHD 4K Smart TV (2021)"},"content":{"rendered":"<p>Samsung LED-tv 55&#8243; AU7105 UHD 4K Smart TV (2021)<\/p>\n<p>Elegant UHD 4K modell med <a href=\"https:\/\/www.samsung.com\/se\/\" target=\"_blank\" rel=\"noopener\">Samsungs<\/a> v\u00e4lfyllda Smart TV. Ny fj\u00e4rrkontroll g\u00f6r det l\u00e4tt att navigera i inneh\u00e5llet.<\/p>\n<h4 class=\"feature-benefit-full-bleed__title\" data-font-size-pc=\"48\" data-font-size-mo=\"30\">Fintrimmade f\u00e4rger f\u00f6r en mer levande bildkvalitet<\/h4>\n<p><strong class=\"feature-benefit-full-bleed__sub-title\" data-font-size-pc=\"28\" data-font-size-mo=\"16\">PurColor<\/strong><\/p>\n<p class=\"feature-benefit-full-bleed__text\" data-font-size-pc=\"18\" data-font-size-mo=\"12\">PurColor g\u00f6r video fantastiskt verklighetstrogen. Tekniken l\u00e5ter TV:n \u00e5terge enormt m\u00e5nga f\u00e4rger som brilliant bildkvalitet och ger en mer engagerande bildupplevelse.<\/p>\n<h4 class=\"feature-benefit__title contrast-target\" data-font-size-mo=\"30\" data-font-size-pc=\"48\">Upplev verklighetstrogen f\u00e4rgkvalitet p\u00e5 r\u00e4tt s\u00e4tt med kraftfull 4K<\/h4>\n<div class=\"feature-benefit__desc-wrap\">\n<h3 class=\"feature-benefit__sub-title contrast-target\" data-font-size-mo=\"16\" data-font-size-pc=\"28\">Crystal Processor 4K<\/h3>\n<p class=\"feature-benefit__desc contrast-target\" data-font-size-mo=\"12\" data-font-size-pc=\"18\">Kraftfull 4K-uppskalningsteknik s\u00e4kerst\u00e4ller att du f\u00e5r upp till 4K-uppl\u00f6sning p\u00e5 det som du gillar att titta p\u00e5. Du f\u00e5r ocks\u00e5 mer verklighetstrogna f\u00e4rguttryck tack vare v\u00e5r sofistikerade Color Mapping-teknik.<\/p>\n<h4 class=\"feature-benefit__title contrast-target\" data-font-size-mo=\"30\" data-font-size-pc=\"48\">Upplev verklighetstrogen 4K UHD-uppl\u00f6sning<\/h4>\n<div class=\"feature-benefit__desc-wrap\">\n<h3 class=\"feature-benefit__sub-title contrast-target\" data-font-size-mo=\"16\" data-font-size-pc=\"28\">4K-uppl\u00f6sning<\/h3>\n<p class=\"feature-benefit__desc contrast-target\" data-font-size-mo=\"12\" data-font-size-pc=\"18\">4K UHD <a href=\"https:\/\/www.heddata.se\/webbutik\/tv-apparater\/\">TV<\/a> g\u00e5r ett steg l\u00e4ngre \u00e4n vanlig FHD med 4 g\u00e5nger fler pixlar och ger dina \u00f6gon den skarpa och kristallklara bilden som de f\u00f6rtj\u00e4nar. Fantastiskt realistisk bildkvalitet.<\/p>\n<h4 data-font-size-mo=\"12\" data-font-size-pc=\"18\">Samsung LED-tv 55&#8243; AU7105 Specifikation<\/h4>\n<table class=\"data-table\">\n<tbody>\n<tr class=\"odd\">\n<td class=\"spec-name\">Str\u00f6mkonsumtionsst\u00e4ll med<\/td>\n<td class=\"spec-value\">0.5 Watt<\/td>\n<\/tr>\n<tr class=\"even\">\n<td class=\"spec-name\">Antal USB-portar<\/td>\n<td class=\"spec-value\">1<\/td>\n<\/tr>\n<tr class=\"odd\">\n<td class=\"spec-name\">TV-tuner<\/td>\n<td class=\"spec-value\">1 analog, 1 digital<\/td>\n<\/tr>\n<tr class=\"even\">\n<td class=\"spec-name\">Str\u00f6mf\u00f6rbrukning (P\u00e5-l\u00e4ge)<\/td>\n<td class=\"spec-value\">101 kWh\/1 000 h<\/td>\n<\/tr>\n<tr class=\"odd\">\n<td class=\"spec-name\">Str\u00f6mkonsumtion (driftl\u00e4ge)<\/td>\n<td class=\"spec-value\">101 W<\/td>\n<\/tr>\n<tr class=\"even\">\n<td class=\"spec-name\">Energif\u00f6rbrukning vid drift<\/td>\n<td class=\"spec-value\">101 Watt<\/td>\n<\/tr>\n<tr class=\"odd\">\n<td class=\"spec-name\">Bredd<\/td>\n<td class=\"spec-value\">123.05 cm<\/td>\n<\/tr>\n<tr class=\"even\">\n<td class=\"spec-name\">Vikt<\/td>\n<td class=\"spec-value\">13.9 kg<\/td>\n<\/tr>\n<tr class=\"odd\">\n<td class=\"spec-name\">Str\u00f6mf\u00f6rbrukning HDR (p\u00e5-l\u00e4ge)<\/td>\n<td class=\"spec-value\">130 kWh\/1 000 h<\/td>\n<\/tr>\n<tr class=\"even\">\n<td class=\"spec-name\">Bredd (brutto)<\/td>\n<td class=\"spec-value\">138.6 cm<\/td>\n<\/tr>\n<tr class=\"odd\">\n<td class=\"spec-name\">Djup (brutto)<\/td>\n<td class=\"spec-value\">15.8 cm<\/td>\n<\/tr>\n<tr class=\"even\">\n<td class=\"spec-name\">Bildkvot<\/td>\n<td class=\"spec-value\">16:9<\/td>\n<\/tr>\n<tr class=\"odd\">\n<td class=\"spec-name\">H\u00f6gtalarsystem<\/td>\n<td class=\"spec-value\">2 kanaler<\/td>\n<\/tr>\n<tr class=\"even\">\n<td class=\"spec-name\">Uteffekt \/ total<\/td>\n<td class=\"spec-value\">20 Watt<\/td>\n<\/tr>\n<tr class=\"odd\">\n<td class=\"spec-name\">Rampris och f\u00f6rh\u00f6jningsteknologi<\/td>\n<td class=\"spec-value\">2000 Picture Quality Index, Motion Xcelerator<\/td>\n<\/tr>\n<tr class=\"even\">\n<td class=\"spec-name\">\u00c5rsmodell<\/td>\n<td class=\"spec-value\">2021<\/td>\n<\/tr>\n<tr class=\"odd\">\n<td class=\"spec-name\">Design<\/td>\n<td class=\"spec-value\">3 Bezel-less Design, Ny design utan ram, Smal design<\/td>\n<\/tr>\n<tr class=\"even\">\n<td class=\"spec-name\">HDMI-portskvantitet<\/td>\n<td class=\"spec-value\">3 portar<\/td>\n<\/tr>\n<tr class=\"odd\">\n<td class=\"spec-name\">Uppl\u00f6sning<\/td>\n<td class=\"spec-value\">3840 x 2160<\/td>\n<\/tr>\n<tr class=\"even\">\n<td class=\"spec-name\">Visningsformat<\/td>\n<td class=\"spec-value\">4K UHD (2160p)<\/td>\n<\/tr>\n<tr class=\"odd\">\n<td class=\"spec-name\">Djup<\/td>\n<td class=\"spec-value\">5.99 cm<\/td>\n<\/tr>\n<tr class=\"even\">\n<td class=\"spec-name\">Diagonalklass<\/td>\n<td class=\"spec-value\">55&#8243;<\/td>\n<\/tr>\n<tr class=\"odd\">\n<td class=\"spec-name\">H\u00f6jd<\/td>\n<td class=\"spec-value\">70.72 cm<\/td>\n<\/tr>\n<tr class=\"even\">\n<td class=\"spec-name\">Wi-Fi-protokoll<\/td>\n<td class=\"spec-value\">802.11ac<\/td>\n<\/tr>\n<tr class=\"odd\">\n<td class=\"spec-name\">H\u00f6jd (brutto)<\/td>\n<td class=\"spec-value\">84.3 cm<\/td>\n<\/tr>\n<tr class=\"even\">\n<td class=\"spec-name\">Nominell sp\u00e4nning<\/td>\n<td class=\"spec-value\">AC 230 V (50\/60 Hz)<\/td>\n<\/tr>\n<tr class=\"odd\">\n<td class=\"spec-name\">St\u00f6d f\u00f6r CEC<\/td>\n<td class=\"spec-value\">Anynet Plus<\/td>\n<\/tr>\n<tr class=\"even\">\n<td class=\"spec-name\">Bluetoothversion<\/td>\n<td class=\"spec-value\">Bluetooth 4.2<\/td>\n<\/tr>\n<tr class=\"odd\">\n<td class=\"spec-name\">Design st\u00e4ll<\/td>\n<td class=\"spec-value\">Bordsmodell<\/td>\n<\/tr>\n<tr class=\"even\">\n<td class=\"spec-name\">Villkorsstyrd \u00e5tkomst<\/td>\n<td class=\"spec-value\">Common Interface Plus-kortplats (CI+)<\/td>\n<\/tr>\n<tr class=\"odd\">\n<td class=\"spec-name\">Bildf\u00f6rb\u00e4ttringar<\/td>\n<td class=\"spec-value\">Digital Clean-visning, Megakontrast, Ren f\u00e4rg<\/td>\n<\/tr>\n<tr class=\"even\">\n<td class=\"spec-name\">Elektronisk programguide<\/td>\n<td class=\"spec-value\">Digital EPG<\/td>\n<\/tr>\n<tr class=\"odd\">\n<td class=\"spec-name\">Anslut och dela<\/td>\n<td class=\"spec-value\">Direkt WiFi, Sk\u00e4rmspegling, USB Human Interface Device (HID), ConnectShare, Bluetooth Human Interface Device (HID), Sound Mirroring<\/td>\n<\/tr>\n<tr class=\"even\">\n<td class=\"spec-name\">Digialt ljudformat<\/td>\n<td class=\"spec-value\">Dolby Digital Plus-utmatning<\/td>\n<\/tr>\n<tr class=\"odd\">\n<td class=\"spec-name\">Digital TV-mottagare<\/td>\n<td class=\"spec-value\">DVB-C, DVB-T2<\/td>\n<\/tr>\n<tr class=\"even\">\n<td class=\"spec-name\">Sensorer<\/td>\n<td class=\"spec-value\">Ekosensor<\/td>\n<\/tr>\n<tr class=\"odd\">\n<td class=\"spec-name\">LAN-protokoll<\/td>\n<td class=\"spec-value\">Ethernet<\/td>\n<\/tr>\n<tr class=\"even\">\n<td class=\"spec-name\">Typ<\/td>\n<td class=\"spec-value\">Fj\u00e4rrkontroll<\/td>\n<\/tr>\n<tr class=\"odd\">\n<td class=\"spec-name\">Intelligent assistent<\/td>\n<td class=\"spec-value\">Google Assistant, Alexa (inte tillg\u00e4ngligt f\u00f6r vissa spr\u00e5k och l\u00e4nder)<\/td>\n<\/tr>\n<tr class=\"even\">\n<td class=\"spec-name\">Videogr\u00e4nssnitt<\/td>\n<td class=\"spec-value\">HDMI<\/td>\n<\/tr>\n<tr class=\"odd\">\n<td class=\"spec-name\">HDR-teknologi<\/td>\n<td class=\"spec-value\">HDR 10+, Hybrid Log-Gamma (HLG)<\/td>\n<\/tr>\n<tr class=\"even\">\n<td class=\"spec-name\">HDR Format<\/td>\n<td class=\"spec-value\">HDR10+, HLG10<\/td>\n<\/tr>\n<tr class=\"odd\">\n<td class=\"spec-name\">St\u00e4ll<\/td>\n<td class=\"spec-value\">Inkluderad<\/td>\n<\/tr>\n<tr class=\"even\">\n<td class=\"spec-name\">Standarder som f\u00f6ljs<\/td>\n<td class=\"spec-value\">IPv6<\/td>\n<\/tr>\n<tr class=\"odd\">\n<td class=\"spec-name\">Batteri ing\u00e5r<\/td>\n<td class=\"spec-value\">Ja<\/td>\n<\/tr>\n<tr class=\"even\">\n<td class=\"spec-name\">Text-TV<\/td>\n<td class=\"spec-value\">Ja<\/td>\n<\/tr>\n<tr class=\"odd\">\n<td class=\"spec-name\">HDR-f\u00f6rberedd<\/td>\n<td class=\"spec-value\">Ja<\/td>\n<\/tr>\n<tr class=\"even\">\n<td class=\"spec-name\">TV-mottagaravk\u00e4nning<\/td>\n<td class=\"spec-value\">JA<\/td>\n<\/tr>\n<tr class=\"odd\">\n<td class=\"spec-name\">Monteringsgr\u00e4nssnitt f\u00f6r platt bildsk\u00e4rm<\/td>\n<td class=\"spec-value\">Ja<\/td>\n<\/tr>\n<tr class=\"even\">\n<td class=\"spec-name\">\u00d6verensst\u00e4mmer med VESA<\/td>\n<td class=\"spec-value\">Ja<\/td>\n<\/tr>\n<tr class=\"odd\">\n<td class=\"spec-name\">Automatisk av-\/p\u00e5slagning<\/td>\n<td class=\"spec-value\">Ja<\/td>\n<\/tr>\n<tr class=\"even\">\n<td class=\"spec-name\">USB-port<\/td>\n<td class=\"spec-value\">Ja<\/td>\n<\/tr>\n<tr class=\"odd\">\n<td class=\"spec-name\">Kompatibel med Internet of Things (IoT)<\/td>\n<td class=\"spec-value\">Ja<\/td>\n<\/tr>\n<tr class=\"even\">\n<td class=\"spec-name\">HDTV-mottagare<\/td>\n<td class=\"spec-value\">Ja<\/td>\n<\/tr>\n<tr class=\"odd\">\n<td class=\"spec-name\">Energiklass<\/td>\n<td class=\"spec-value\">Klass G<\/td>\n<\/tr>\n<tr class=\"even\">\n<td class=\"spec-name\">Energiklass (HDR)<\/td>\n<td class=\"spec-value\">Klass G<\/td>\n<\/tr>\n<tr class=\"odd\">\n<td class=\"spec-name\">LCD-teknik f\u00f6r bakgrundsbelysning<\/td>\n<td class=\"spec-value\">LED-bakgrundsbelysning &#8211; UHD-dimning<\/td>\n<\/tr>\n<tr class=\"even\">\n<td class=\"spec-name\">Typ av produkt<\/td>\n<td class=\"spec-value\">LED-bakgrundsbelyst LCD-TV &#8211; Smart TV<\/td>\n<\/tr>\n<tr class=\"odd\">\n<td class=\"spec-name\">Spr\u00e5k f\u00e4r bildsk\u00e4rmsmeny<\/td>\n<td class=\"spec-value\">Multilingual<\/td>\n<\/tr>\n<tr class=\"even\">\n<td class=\"spec-name\">N\u00e4tdel<\/td>\n<td class=\"spec-value\">N\u00e4taggregat<\/td>\n<\/tr>\n<tr class=\"odd\">\n<td class=\"spec-name\">ISS (Internet Streaming Services)<\/td>\n<td class=\"spec-value\">Samsung TV PLUS, HbbTV 2.0.2<\/td>\n<\/tr>\n<tr class=\"even\">\n<td class=\"spec-name\">Egenskaper st\u00e4ll<\/td>\n<td class=\"spec-value\">Smala f\u00f6tter<\/td>\n<\/tr>\n<tr class=\"odd\">\n<td class=\"spec-name\">F\u00e4rg st\u00e4ll<\/td>\n<td class=\"spec-value\">Titan gray<\/td>\n<\/tr>\n<tr class=\"even\">\n<td class=\"spec-name\">F\u00e4rg<\/td>\n<td class=\"spec-value\">Titan gray<\/td>\n<\/tr>\n<tr class=\"odd\">\n<td class=\"spec-name\">Plattform<\/td>\n<td class=\"spec-value\">Tizen OS<\/td>\n<\/tr>\n<tr class=\"even\">\n<td class=\"spec-name\">Dimensioner<\/td>\n<td class=\"spec-value\">Utan st\u00e4ll<\/td>\n<\/tr>\n<tr class=\"odd\">\n<td class=\"spec-name\">Funktioner<\/td>\n<td class=\"spec-value\">Webbl\u00e4sning, Internet-videouppspelning<\/td>\n<\/tr>\n<tr class=\"even\">\n<td class=\"spec-name\">Anknytningsbarhet<\/td>\n<td class=\"spec-value\">Wi-Fi, LAN, Bluetooth<\/td>\n<\/tr>\n<\/tbody>\n<\/table>\n<\/div>\n<\/div>\n","protected":false},"excerpt":{"rendered":"<p>Samsung LED-tv 55&#8243; AU7105 UHD 4K Smart TV (2021)<\/p>\n","protected":false},"featured_media":91404,"template":"","meta":[],"product_brand":[],"product_cat":[60,85],"product_tag":[],"class_list":{"0":"post-91402","1":"product","2":"type-product","3":"status-publish","4":"has-post-thumbnail","6":"product_cat-hemelektronik","7":"product_cat-tv-apparater","9":"first","10":"outofstock","11":"taxable","12":"shipping-taxable","13":"product-type-simple"},"yoast_head":"<!-- This site is optimized with the Yoast SEO Premium plugin v26.7 (Yoast SEO v26.7) - https:\/\/yoast.com\/wordpress\/plugins\/seo\/ -->\n<title>Samsung LED-tv 55&quot; AU7105 UHD 4K Smart TV (2021) Elegant UHD 4K<\/title>\n<meta name=\"description\" content=\"Samsung LED-tv 55&quot; AU7105 UHD 4K Smart TV (2021) Elegant UHD 4K modell med Samsungs v\u00e4lfyllda Smart TV. Ny fj\u00e4rrkontroll f\u00f6renklar handhavande\" \/>\n<meta name=\"robots\" content=\"index, follow, max-snippet:-1, max-image-preview:large, max-video-preview:-1\" \/>\n<link rel=\"canonical\" href=\"https:\/\/www.heddata.se\/webbutik\/produkt\/samsung-led-tv-55-au7105-uhd-4k-smart-tv-2021\/\" \/>\n<meta property=\"og:locale\" content=\"sv_SE\" \/>\n<meta property=\"og:type\" content=\"article\" \/>\n<meta property=\"og:title\" content=\"Samsung LED-tv 55&quot; AU7105 UHD 4K Smart TV (2021)\" \/>\n<meta property=\"og:description\" content=\"Samsung LED-tv 55&quot; AU7105 UHD 4K Smart TV (2021) Elegant UHD 4K modell med Samsungs v\u00e4lfyllda Smart TV. Ny fj\u00e4rrkontroll f\u00f6renklar handhavande\" \/>\n<meta property=\"og:url\" content=\"https:\/\/www.heddata.se\/webbutik\/produkt\/samsung-led-tv-55-au7105-uhd-4k-smart-tv-2021\/\" \/>\n<meta property=\"og:site_name\" content=\"Datorer, Skrivare, F\u00e4rgpatroner, Mobiltelefoner\" \/>\n<meta property=\"article:modified_time\" content=\"2026-05-15T16:41:50+00:00\" \/>\n<meta property=\"og:image\" content=\"https:\/\/www.heddata.se\/webbutik\/wp-content\/uploads\/webbutik\/kategorier\/tv\/ue55au7105kxxc.jpeg\" \/>\n\t<meta property=\"og:image:width\" content=\"1280\" \/>\n\t<meta property=\"og:image:height\" content=\"1280\" \/>\n\t<meta property=\"og:image:type\" content=\"image\/jpeg\" \/>\n<meta name=\"twitter:card\" content=\"summary_large_image\" \/>\n<meta name=\"twitter:label1\" content=\"Ber\u00e4knad l\u00e4stid\" \/>\n\t<meta name=\"twitter:data1\" content=\"2 minuter\" \/>\n<script type=\"application\/ld+json\" class=\"yoast-schema-graph\">{\"@context\":\"https:\/\/schema.org\",\"@graph\":[{\"@type\":\"WebPage\",\"@id\":\"https:\/\/www.heddata.se\/webbutik\/produkt\/samsung-led-tv-55-au7105-uhd-4k-smart-tv-2021\/\",\"url\":\"https:\/\/www.heddata.se\/webbutik\/produkt\/samsung-led-tv-55-au7105-uhd-4k-smart-tv-2021\/\",\"name\":\"Samsung LED-tv 55\\\" AU7105 UHD 4K Smart TV (2021) Elegant UHD 4K\",\"isPartOf\":{\"@id\":\"https:\/\/www.heddata.se\/webbutik\/#website\"},\"primaryImageOfPage\":{\"@id\":\"https:\/\/www.heddata.se\/webbutik\/produkt\/samsung-led-tv-55-au7105-uhd-4k-smart-tv-2021\/#primaryimage\"},\"image\":{\"@id\":\"https:\/\/www.heddata.se\/webbutik\/produkt\/samsung-led-tv-55-au7105-uhd-4k-smart-tv-2021\/#primaryimage\"},\"thumbnailUrl\":\"https:\/\/www.heddata.se\/webbutik\/wp-content\/uploads\/webbutik\/kategorier\/tv\/ue55au7105kxxc.jpeg\",\"datePublished\":\"2021-04-28T12:18:23+00:00\",\"dateModified\":\"2026-05-15T16:41:50+00:00\",\"description\":\"Samsung LED-tv 55\\\" AU7105 UHD 4K Smart TV (2021) Elegant UHD 4K modell med Samsungs v\u00e4lfyllda Smart TV. Ny fj\u00e4rrkontroll f\u00f6renklar handhavande\",\"breadcrumb\":{\"@id\":\"https:\/\/www.heddata.se\/webbutik\/produkt\/samsung-led-tv-55-au7105-uhd-4k-smart-tv-2021\/#breadcrumb\"},\"inLanguage\":\"sv-SE\",\"potentialAction\":[{\"@type\":\"ReadAction\",\"target\":[\"https:\/\/www.heddata.se\/webbutik\/produkt\/samsung-led-tv-55-au7105-uhd-4k-smart-tv-2021\/\"]}]},{\"@type\":\"ImageObject\",\"inLanguage\":\"sv-SE\",\"@id\":\"https:\/\/www.heddata.se\/webbutik\/produkt\/samsung-led-tv-55-au7105-uhd-4k-smart-tv-2021\/#primaryimage\",\"url\":\"https:\/\/www.heddata.se\/webbutik\/wp-content\/uploads\/webbutik\/kategorier\/tv\/ue55au7105kxxc.jpeg\",\"contentUrl\":\"https:\/\/www.heddata.se\/webbutik\/wp-content\/uploads\/webbutik\/kategorier\/tv\/ue55au7105kxxc.jpeg\",\"width\":1280,\"height\":1280,\"caption\":\"Samsung LED-tv 55\\\" AU7105\"},{\"@type\":\"BreadcrumbList\",\"@id\":\"https:\/\/www.heddata.se\/webbutik\/produkt\/samsung-led-tv-55-au7105-uhd-4k-smart-tv-2021\/#breadcrumb\",\"itemListElement\":[{\"@type\":\"ListItem\",\"position\":1,\"name\":\"Hem\",\"item\":\"https:\/\/www.heddata.se\/webbutik\/\"},{\"@type\":\"ListItem\",\"position\":2,\"name\":\"Produkter\",\"item\":\"https:\/\/www.heddata.se\/webbutik\/shop\/\"},{\"@type\":\"ListItem\",\"position\":3,\"name\":\"Samsung LED-tv 55&#8243; AU7105 UHD 4K Smart TV (2021)\"}]},{\"@type\":\"WebSite\",\"@id\":\"https:\/\/www.heddata.se\/webbutik\/#website\",\"url\":\"https:\/\/www.heddata.se\/webbutik\/\",\"name\":\"Datorer, Skrivare, F\u00e4rgpatroner, Mobiltelefoner\",\"description\":\"Kablar\",\"publisher\":{\"@id\":\"https:\/\/www.heddata.se\/webbutik\/#organization\"},\"potentialAction\":[{\"@type\":\"SearchAction\",\"target\":{\"@type\":\"EntryPoint\",\"urlTemplate\":\"https:\/\/www.heddata.se\/webbutik\/?s={search_term_string}\"},\"query-input\":{\"@type\":\"PropertyValueSpecification\",\"valueRequired\":true,\"valueName\":\"search_term_string\"}}],\"inLanguage\":\"sv-SE\"},{\"@type\":\"Organization\",\"@id\":\"https:\/\/www.heddata.se\/webbutik\/#organization\",\"name\":\"Heddata AB\",\"url\":\"https:\/\/www.heddata.se\/webbutik\/\",\"logo\":{\"@type\":\"ImageObject\",\"inLanguage\":\"sv-SE\",\"@id\":\"https:\/\/www.heddata.se\/webbutik\/#\/schema\/logo\/image\/\",\"url\":\"https:\/\/www.heddata.se\/webbutik\/wp-content\/uploads\/logga\/heddata-ab-logga.png\",\"contentUrl\":\"https:\/\/www.heddata.se\/webbutik\/wp-content\/uploads\/logga\/heddata-ab-logga.png\",\"width\":200,\"height\":64,\"caption\":\"Heddata AB\"},\"image\":{\"@id\":\"https:\/\/www.heddata.se\/webbutik\/#\/schema\/logo\/image\/\"}}]}<\/script>\n<!-- \/ Yoast SEO Premium plugin. -->","yoast_head_json":{"title":"Samsung LED-tv 55\" AU7105 UHD 4K Smart TV (2021) Elegant UHD 4K","description":"Samsung LED-tv 55\" AU7105 UHD 4K Smart TV (2021) Elegant UHD 4K modell med Samsungs v\u00e4lfyllda Smart TV. Ny fj\u00e4rrkontroll f\u00f6renklar handhavande","robots":{"index":"index","follow":"follow","max-snippet":"max-snippet:-1","max-image-preview":"max-image-preview:large","max-video-preview":"max-video-preview:-1"},"canonical":"https:\/\/www.heddata.se\/webbutik\/produkt\/samsung-led-tv-55-au7105-uhd-4k-smart-tv-2021\/","og_locale":"sv_SE","og_type":"article","og_title":"Samsung LED-tv 55\" AU7105 UHD 4K Smart TV (2021)","og_description":"Samsung LED-tv 55\" AU7105 UHD 4K Smart TV (2021) Elegant UHD 4K modell med Samsungs v\u00e4lfyllda Smart TV. Ny fj\u00e4rrkontroll f\u00f6renklar handhavande","og_url":"https:\/\/www.heddata.se\/webbutik\/produkt\/samsung-led-tv-55-au7105-uhd-4k-smart-tv-2021\/","og_site_name":"Datorer, Skrivare, F\u00e4rgpatroner, Mobiltelefoner","article_modified_time":"2026-05-15T16:41:50+00:00","og_image":[{"width":1280,"height":1280,"url":"https:\/\/www.heddata.se\/webbutik\/wp-content\/uploads\/webbutik\/kategorier\/tv\/ue55au7105kxxc.jpeg","type":"image\/jpeg"}],"twitter_card":"summary_large_image","twitter_misc":{"Ber\u00e4knad l\u00e4stid":"2 minuter"},"schema":{"@context":"https:\/\/schema.org","@graph":[{"@type":"WebPage","@id":"https:\/\/www.heddata.se\/webbutik\/produkt\/samsung-led-tv-55-au7105-uhd-4k-smart-tv-2021\/","url":"https:\/\/www.heddata.se\/webbutik\/produkt\/samsung-led-tv-55-au7105-uhd-4k-smart-tv-2021\/","name":"Samsung LED-tv 55\" AU7105 UHD 4K Smart TV (2021) Elegant UHD 4K","isPartOf":{"@id":"https:\/\/www.heddata.se\/webbutik\/#website"},"primaryImageOfPage":{"@id":"https:\/\/www.heddata.se\/webbutik\/produkt\/samsung-led-tv-55-au7105-uhd-4k-smart-tv-2021\/#primaryimage"},"image":{"@id":"https:\/\/www.heddata.se\/webbutik\/produkt\/samsung-led-tv-55-au7105-uhd-4k-smart-tv-2021\/#primaryimage"},"thumbnailUrl":"https:\/\/www.heddata.se\/webbutik\/wp-content\/uploads\/webbutik\/kategorier\/tv\/ue55au7105kxxc.jpeg","datePublished":"2021-04-28T12:18:23+00:00","dateModified":"2026-05-15T16:41:50+00:00","description":"Samsung LED-tv 55\" AU7105 UHD 4K Smart TV (2021) Elegant UHD 4K modell med Samsungs v\u00e4lfyllda Smart TV. Ny fj\u00e4rrkontroll f\u00f6renklar handhavande","breadcrumb":{"@id":"https:\/\/www.heddata.se\/webbutik\/produkt\/samsung-led-tv-55-au7105-uhd-4k-smart-tv-2021\/#breadcrumb"},"inLanguage":"sv-SE","potentialAction":[{"@type":"ReadAction","target":["https:\/\/www.heddata.se\/webbutik\/produkt\/samsung-led-tv-55-au7105-uhd-4k-smart-tv-2021\/"]}]},{"@type":"ImageObject","inLanguage":"sv-SE","@id":"https:\/\/www.heddata.se\/webbutik\/produkt\/samsung-led-tv-55-au7105-uhd-4k-smart-tv-2021\/#primaryimage","url":"https:\/\/www.heddata.se\/webbutik\/wp-content\/uploads\/webbutik\/kategorier\/tv\/ue55au7105kxxc.jpeg","contentUrl":"https:\/\/www.heddata.se\/webbutik\/wp-content\/uploads\/webbutik\/kategorier\/tv\/ue55au7105kxxc.jpeg","width":1280,"height":1280,"caption":"Samsung LED-tv 55\" AU7105"},{"@type":"BreadcrumbList","@id":"https:\/\/www.heddata.se\/webbutik\/produkt\/samsung-led-tv-55-au7105-uhd-4k-smart-tv-2021\/#breadcrumb","itemListElement":[{"@type":"ListItem","position":1,"name":"Hem","item":"https:\/\/www.heddata.se\/webbutik\/"},{"@type":"ListItem","position":2,"name":"Produkter","item":"https:\/\/www.heddata.se\/webbutik\/shop\/"},{"@type":"ListItem","position":3,"name":"Samsung LED-tv 55&#8243; AU7105 UHD 4K Smart TV (2021)"}]},{"@type":"WebSite","@id":"https:\/\/www.heddata.se\/webbutik\/#website","url":"https:\/\/www.heddata.se\/webbutik\/","name":"Datorer, Skrivare, F\u00e4rgpatroner, Mobiltelefoner","description":"Kablar","publisher":{"@id":"https:\/\/www.heddata.se\/webbutik\/#organization"},"potentialAction":[{"@type":"SearchAction","target":{"@type":"EntryPoint","urlTemplate":"https:\/\/www.heddata.se\/webbutik\/?s={search_term_string}"},"query-input":{"@type":"PropertyValueSpecification","valueRequired":true,"valueName":"search_term_string"}}],"inLanguage":"sv-SE"},{"@type":"Organization","@id":"https:\/\/www.heddata.se\/webbutik\/#organization","name":"Heddata AB","url":"https:\/\/www.heddata.se\/webbutik\/","logo":{"@type":"ImageObject","inLanguage":"sv-SE","@id":"https:\/\/www.heddata.se\/webbutik\/#\/schema\/logo\/image\/","url":"https:\/\/www.heddata.se\/webbutik\/wp-content\/uploads\/logga\/heddata-ab-logga.png","contentUrl":"https:\/\/www.heddata.se\/webbutik\/wp-content\/uploads\/logga\/heddata-ab-logga.png","width":200,"height":64,"caption":"Heddata AB"},"image":{"@id":"https:\/\/www.heddata.se\/webbutik\/#\/schema\/logo\/image\/"}}]}},"_links":{"self":[{"href":"https:\/\/www.heddata.se\/webbutik\/wp-json\/wp\/v2\/product\/91402","targetHints":{"allow":["GET"]}}],"collection":[{"href":"https:\/\/www.heddata.se\/webbutik\/wp-json\/wp\/v2\/product"}],"about":[{"href":"https:\/\/www.heddata.se\/webbutik\/wp-json\/wp\/v2\/types\/product"}],"wp:featuredmedia":[{"embeddable":true,"href":"https:\/\/www.heddata.se\/webbutik\/wp-json\/wp\/v2\/media\/91404"}],"wp:attachment":[{"href":"https:\/\/www.heddata.se\/webbutik\/wp-json\/wp\/v2\/media?parent=91402"}],"wp:term":[{"taxonomy":"product_brand","embeddable":true,"href":"https:\/\/www.heddata.se\/webbutik\/wp-json\/wp\/v2\/product_brand?post=91402"},{"taxonomy":"product_cat","embeddable":true,"href":"https:\/\/www.heddata.se\/webbutik\/wp-json\/wp\/v2\/product_cat?post=91402"},{"taxonomy":"product_tag","embeddable":true,"href":"https:\/\/www.heddata.se\/webbutik\/wp-json\/wp\/v2\/product_tag?post=91402"}],"curies":[{"name":"wp","href":"https:\/\/api.w.org\/{rel}","templated":true}]}}