{"id":91394,"date":"2021-04-27T17:18:14","date_gmt":"2021-04-27T15:18:14","guid":{"rendered":"https:\/\/www.heddata.se\/webbutik\/?post_type=product&#038;p=91394"},"modified":"2026-04-24T18:20:51","modified_gmt":"2026-04-24T16:20:51","slug":"champion-boombox-cd-radio-mp3-usb-black","status":"publish","type":"product","link":"https:\/\/www.heddata.se\/webbutik\/produkt\/champion-boombox-cd-radio-mp3-usb-black\/","title":{"rendered":"CHAMPION Boombox CD\/Radio\/MP3\/USB Black"},"content":{"rendered":"<p>CHAMPION Boombox CD\/Radio\/MP3\/USB Black<\/p>\n<p>Champions b\u00e4rbara boombox g\u00f6r det enkelt att lyssna p\u00e5 din favoritmusik. Du kan v\u00e4lja mellan att spela upp musik fr\u00e5n CD, FM-radio, USB eller anslut din <a href=\"https:\/\/www.heddata.se\/webbutik\/telefon-surfplattor\/mobiltelefoner\/\">smartphone\/MP3-spelare<\/a> med hj\u00e4lp av en AUX inkoppling. <a href=\"https:\/\/www.champion.se\/?market_id=4\" target=\"_blank\" rel=\"noopener\">Champions<\/a> boombox har en tydlig display och drivs via antingen n\u00e4tadapter eller 8 x C-batterier. Detta inneb\u00e4r att den fungerar lika bra i hemmet som p\u00e5 uteplatsen.<\/p>\n<p>Str\u00f6mf\u00f6rs\u00f6rjning: Batteri (8xC-batterier), N\u00e4tadapter (AC 220-204V 50-60Hz)<br \/>\nFunktioner: CD-Spelare, FM-Radio, USB ing\u00e5ng, SD kort, AUX ing\u00e5ng (3.5mm)<br \/>\nMediaformat: CD\/CD-R\/CD-RW\/MP3CD, SD-Kort, USB<br \/>\nTuner Typ: Analog<br \/>\nAntal h\u00f6gtalare: 2 x 2W RMS<br \/>\nInkluderar: Bruksanvisning, N\u00e4tadapter<br \/>\nM\u00e5tt: 28 x 25 x 14cm<br \/>\nVikt: 1,8kg<br \/>\nF\u00e4rg: Svart<\/p>\n","protected":false},"excerpt":{"rendered":"<p>CHAMPION Boombox CD\/Radio\/MP3\/USB Black<\/p>\n","protected":false},"featured_media":91399,"template":"","meta":[],"product_brand":[],"product_cat":[60,83,81],"product_tag":[],"class_list":{"0":"post-91394","1":"product","2":"type-product","3":"status-publish","4":"has-post-thumbnail","6":"product_cat-hemelektronik","7":"product_cat-ljudsystem-hogtalare","8":"product_cat-radio","10":"first","11":"outofstock","12":"taxable","13":"shipping-taxable","14":"product-type-simple"},"yoast_head":"<!-- This site is optimized with the Yoast SEO Premium plugin v26.7 (Yoast SEO v26.7) - https:\/\/yoast.com\/wordpress\/plugins\/seo\/ -->\n<title>CHAMPION Boombox CD\/Radio\/MP3\/USB Black b\u00e4rbar spelare<\/title>\n<meta name=\"description\" content=\"CHAMPION Boombox CD\/Radio\/MP3\/USB Black Champions b\u00e4rbara boombox g\u00f6r det enkelt att lyssna p\u00e5 din favoritmusik.\" \/>\n<meta name=\"robots\" content=\"index, follow, max-snippet:-1, max-image-preview:large, max-video-preview:-1\" \/>\n<link rel=\"canonical\" href=\"https:\/\/www.heddata.se\/webbutik\/produkt\/champion-boombox-cd-radio-mp3-usb-black\/\" \/>\n<meta property=\"og:locale\" content=\"sv_SE\" \/>\n<meta property=\"og:type\" content=\"article\" \/>\n<meta property=\"og:title\" content=\"CHAMPION Boombox CD\/Radio\/MP3\/USB Black\" \/>\n<meta property=\"og:description\" content=\"CHAMPION Boombox CD\/Radio\/MP3\/USB Black Champions b\u00e4rbara boombox g\u00f6r det enkelt att lyssna p\u00e5 din favoritmusik.\" \/>\n<meta property=\"og:url\" content=\"https:\/\/www.heddata.se\/webbutik\/produkt\/champion-boombox-cd-radio-mp3-usb-black\/\" \/>\n<meta property=\"og:site_name\" content=\"Datorer, Skrivare, F\u00e4rgpatroner, Mobiltelefoner\" \/>\n<meta property=\"article:modified_time\" content=\"2026-04-24T16:20:51+00:00\" \/>\n<meta property=\"og:image\" content=\"https:\/\/www.heddata.se\/webbutik\/wp-content\/uploads\/webbutik\/kategorier\/hemelektronik\/abb200b.jpg\" \/>\n\t<meta property=\"og:image:width\" content=\"1024\" \/>\n\t<meta property=\"og:image:height\" content=\"1024\" \/>\n\t<meta property=\"og:image:type\" content=\"image\/jpeg\" \/>\n<meta name=\"twitter:card\" content=\"summary_large_image\" \/>\n<meta name=\"twitter:label1\" content=\"Ber\u00e4knad l\u00e4stid\" \/>\n\t<meta name=\"twitter:data1\" content=\"1 minut\" \/>\n<script type=\"application\/ld+json\" class=\"yoast-schema-graph\">{\"@context\":\"https:\/\/schema.org\",\"@graph\":[{\"@type\":\"WebPage\",\"@id\":\"https:\/\/www.heddata.se\/webbutik\/produkt\/champion-boombox-cd-radio-mp3-usb-black\/\",\"url\":\"https:\/\/www.heddata.se\/webbutik\/produkt\/champion-boombox-cd-radio-mp3-usb-black\/\",\"name\":\"CHAMPION Boombox CD\/Radio\/MP3\/USB Black b\u00e4rbar spelare\",\"isPartOf\":{\"@id\":\"https:\/\/www.heddata.se\/webbutik\/#website\"},\"primaryImageOfPage\":{\"@id\":\"https:\/\/www.heddata.se\/webbutik\/produkt\/champion-boombox-cd-radio-mp3-usb-black\/#primaryimage\"},\"image\":{\"@id\":\"https:\/\/www.heddata.se\/webbutik\/produkt\/champion-boombox-cd-radio-mp3-usb-black\/#primaryimage\"},\"thumbnailUrl\":\"https:\/\/www.heddata.se\/webbutik\/wp-content\/uploads\/webbutik\/kategorier\/hemelektronik\/abb200b.jpg\",\"datePublished\":\"2021-04-27T15:18:14+00:00\",\"dateModified\":\"2026-04-24T16:20:51+00:00\",\"description\":\"CHAMPION Boombox CD\/Radio\/MP3\/USB Black Champions b\u00e4rbara boombox g\u00f6r det enkelt att lyssna p\u00e5 din favoritmusik.\",\"breadcrumb\":{\"@id\":\"https:\/\/www.heddata.se\/webbutik\/produkt\/champion-boombox-cd-radio-mp3-usb-black\/#breadcrumb\"},\"inLanguage\":\"sv-SE\",\"potentialAction\":[{\"@type\":\"ReadAction\",\"target\":[\"https:\/\/www.heddata.se\/webbutik\/produkt\/champion-boombox-cd-radio-mp3-usb-black\/\"]}]},{\"@type\":\"ImageObject\",\"inLanguage\":\"sv-SE\",\"@id\":\"https:\/\/www.heddata.se\/webbutik\/produkt\/champion-boombox-cd-radio-mp3-usb-black\/#primaryimage\",\"url\":\"https:\/\/www.heddata.se\/webbutik\/wp-content\/uploads\/webbutik\/kategorier\/hemelektronik\/abb200b.jpg\",\"contentUrl\":\"https:\/\/www.heddata.se\/webbutik\/wp-content\/uploads\/webbutik\/kategorier\/hemelektronik\/abb200b.jpg\",\"width\":1024,\"height\":1024,\"caption\":\"CHAMPION Boombox CD\/Radio\/MP3\/USB Black\"},{\"@type\":\"BreadcrumbList\",\"@id\":\"https:\/\/www.heddata.se\/webbutik\/produkt\/champion-boombox-cd-radio-mp3-usb-black\/#breadcrumb\",\"itemListElement\":[{\"@type\":\"ListItem\",\"position\":1,\"name\":\"Hem\",\"item\":\"https:\/\/www.heddata.se\/webbutik\/\"},{\"@type\":\"ListItem\",\"position\":2,\"name\":\"Produkter\",\"item\":\"https:\/\/www.heddata.se\/webbutik\/shop\/\"},{\"@type\":\"ListItem\",\"position\":3,\"name\":\"CHAMPION Boombox CD\/Radio\/MP3\/USB Black\"}]},{\"@type\":\"WebSite\",\"@id\":\"https:\/\/www.heddata.se\/webbutik\/#website\",\"url\":\"https:\/\/www.heddata.se\/webbutik\/\",\"name\":\"Datorer, Skrivare, F\u00e4rgpatroner, Mobiltelefoner\",\"description\":\"Kablar\",\"publisher\":{\"@id\":\"https:\/\/www.heddata.se\/webbutik\/#organization\"},\"potentialAction\":[{\"@type\":\"SearchAction\",\"target\":{\"@type\":\"EntryPoint\",\"urlTemplate\":\"https:\/\/www.heddata.se\/webbutik\/?s={search_term_string}\"},\"query-input\":{\"@type\":\"PropertyValueSpecification\",\"valueRequired\":true,\"valueName\":\"search_term_string\"}}],\"inLanguage\":\"sv-SE\"},{\"@type\":\"Organization\",\"@id\":\"https:\/\/www.heddata.se\/webbutik\/#organization\",\"name\":\"Heddata AB\",\"url\":\"https:\/\/www.heddata.se\/webbutik\/\",\"logo\":{\"@type\":\"ImageObject\",\"inLanguage\":\"sv-SE\",\"@id\":\"https:\/\/www.heddata.se\/webbutik\/#\/schema\/logo\/image\/\",\"url\":\"https:\/\/www.heddata.se\/webbutik\/wp-content\/uploads\/logga\/heddata-ab-logga.png\",\"contentUrl\":\"https:\/\/www.heddata.se\/webbutik\/wp-content\/uploads\/logga\/heddata-ab-logga.png\",\"width\":200,\"height\":64,\"caption\":\"Heddata AB\"},\"image\":{\"@id\":\"https:\/\/www.heddata.se\/webbutik\/#\/schema\/logo\/image\/\"}}]}<\/script>\n<!-- \/ Yoast SEO Premium plugin. -->","yoast_head_json":{"title":"CHAMPION Boombox CD\/Radio\/MP3\/USB Black b\u00e4rbar spelare","description":"CHAMPION Boombox CD\/Radio\/MP3\/USB Black Champions b\u00e4rbara boombox g\u00f6r det enkelt att lyssna p\u00e5 din favoritmusik.","robots":{"index":"index","follow":"follow","max-snippet":"max-snippet:-1","max-image-preview":"max-image-preview:large","max-video-preview":"max-video-preview:-1"},"canonical":"https:\/\/www.heddata.se\/webbutik\/produkt\/champion-boombox-cd-radio-mp3-usb-black\/","og_locale":"sv_SE","og_type":"article","og_title":"CHAMPION Boombox CD\/Radio\/MP3\/USB Black","og_description":"CHAMPION Boombox CD\/Radio\/MP3\/USB Black Champions b\u00e4rbara boombox g\u00f6r det enkelt att lyssna p\u00e5 din favoritmusik.","og_url":"https:\/\/www.heddata.se\/webbutik\/produkt\/champion-boombox-cd-radio-mp3-usb-black\/","og_site_name":"Datorer, Skrivare, F\u00e4rgpatroner, Mobiltelefoner","article_modified_time":"2026-04-24T16:20:51+00:00","og_image":[{"width":1024,"height":1024,"url":"https:\/\/www.heddata.se\/webbutik\/wp-content\/uploads\/webbutik\/kategorier\/hemelektronik\/abb200b.jpg","type":"image\/jpeg"}],"twitter_card":"summary_large_image","twitter_misc":{"Ber\u00e4knad l\u00e4stid":"1 minut"},"schema":{"@context":"https:\/\/schema.org","@graph":[{"@type":"WebPage","@id":"https:\/\/www.heddata.se\/webbutik\/produkt\/champion-boombox-cd-radio-mp3-usb-black\/","url":"https:\/\/www.heddata.se\/webbutik\/produkt\/champion-boombox-cd-radio-mp3-usb-black\/","name":"CHAMPION Boombox CD\/Radio\/MP3\/USB Black b\u00e4rbar spelare","isPartOf":{"@id":"https:\/\/www.heddata.se\/webbutik\/#website"},"primaryImageOfPage":{"@id":"https:\/\/www.heddata.se\/webbutik\/produkt\/champion-boombox-cd-radio-mp3-usb-black\/#primaryimage"},"image":{"@id":"https:\/\/www.heddata.se\/webbutik\/produkt\/champion-boombox-cd-radio-mp3-usb-black\/#primaryimage"},"thumbnailUrl":"https:\/\/www.heddata.se\/webbutik\/wp-content\/uploads\/webbutik\/kategorier\/hemelektronik\/abb200b.jpg","datePublished":"2021-04-27T15:18:14+00:00","dateModified":"2026-04-24T16:20:51+00:00","description":"CHAMPION Boombox CD\/Radio\/MP3\/USB Black Champions b\u00e4rbara boombox g\u00f6r det enkelt att lyssna p\u00e5 din favoritmusik.","breadcrumb":{"@id":"https:\/\/www.heddata.se\/webbutik\/produkt\/champion-boombox-cd-radio-mp3-usb-black\/#breadcrumb"},"inLanguage":"sv-SE","potentialAction":[{"@type":"ReadAction","target":["https:\/\/www.heddata.se\/webbutik\/produkt\/champion-boombox-cd-radio-mp3-usb-black\/"]}]},{"@type":"ImageObject","inLanguage":"sv-SE","@id":"https:\/\/www.heddata.se\/webbutik\/produkt\/champion-boombox-cd-radio-mp3-usb-black\/#primaryimage","url":"https:\/\/www.heddata.se\/webbutik\/wp-content\/uploads\/webbutik\/kategorier\/hemelektronik\/abb200b.jpg","contentUrl":"https:\/\/www.heddata.se\/webbutik\/wp-content\/uploads\/webbutik\/kategorier\/hemelektronik\/abb200b.jpg","width":1024,"height":1024,"caption":"CHAMPION Boombox CD\/Radio\/MP3\/USB Black"},{"@type":"BreadcrumbList","@id":"https:\/\/www.heddata.se\/webbutik\/produkt\/champion-boombox-cd-radio-mp3-usb-black\/#breadcrumb","itemListElement":[{"@type":"ListItem","position":1,"name":"Hem","item":"https:\/\/www.heddata.se\/webbutik\/"},{"@type":"ListItem","position":2,"name":"Produkter","item":"https:\/\/www.heddata.se\/webbutik\/shop\/"},{"@type":"ListItem","position":3,"name":"CHAMPION Boombox CD\/Radio\/MP3\/USB Black"}]},{"@type":"WebSite","@id":"https:\/\/www.heddata.se\/webbutik\/#website","url":"https:\/\/www.heddata.se\/webbutik\/","name":"Datorer, Skrivare, F\u00e4rgpatroner, Mobiltelefoner","description":"Kablar","publisher":{"@id":"https:\/\/www.heddata.se\/webbutik\/#organization"},"potentialAction":[{"@type":"SearchAction","target":{"@type":"EntryPoint","urlTemplate":"https:\/\/www.heddata.se\/webbutik\/?s={search_term_string}"},"query-input":{"@type":"PropertyValueSpecification","valueRequired":true,"valueName":"search_term_string"}}],"inLanguage":"sv-SE"},{"@type":"Organization","@id":"https:\/\/www.heddata.se\/webbutik\/#organization","name":"Heddata AB","url":"https:\/\/www.heddata.se\/webbutik\/","logo":{"@type":"ImageObject","inLanguage":"sv-SE","@id":"https:\/\/www.heddata.se\/webbutik\/#\/schema\/logo\/image\/","url":"https:\/\/www.heddata.se\/webbutik\/wp-content\/uploads\/logga\/heddata-ab-logga.png","contentUrl":"https:\/\/www.heddata.se\/webbutik\/wp-content\/uploads\/logga\/heddata-ab-logga.png","width":200,"height":64,"caption":"Heddata AB"},"image":{"@id":"https:\/\/www.heddata.se\/webbutik\/#\/schema\/logo\/image\/"}}]}},"_links":{"self":[{"href":"https:\/\/www.heddata.se\/webbutik\/wp-json\/wp\/v2\/product\/91394","targetHints":{"allow":["GET"]}}],"collection":[{"href":"https:\/\/www.heddata.se\/webbutik\/wp-json\/wp\/v2\/product"}],"about":[{"href":"https:\/\/www.heddata.se\/webbutik\/wp-json\/wp\/v2\/types\/product"}],"wp:featuredmedia":[{"embeddable":true,"href":"https:\/\/www.heddata.se\/webbutik\/wp-json\/wp\/v2\/media\/91399"}],"wp:attachment":[{"href":"https:\/\/www.heddata.se\/webbutik\/wp-json\/wp\/v2\/media?parent=91394"}],"wp:term":[{"taxonomy":"product_brand","embeddable":true,"href":"https:\/\/www.heddata.se\/webbutik\/wp-json\/wp\/v2\/product_brand?post=91394"},{"taxonomy":"product_cat","embeddable":true,"href":"https:\/\/www.heddata.se\/webbutik\/wp-json\/wp\/v2\/product_cat?post=91394"},{"taxonomy":"product_tag","embeddable":true,"href":"https:\/\/www.heddata.se\/webbutik\/wp-json\/wp\/v2\/product_tag?post=91394"}],"curies":[{"name":"wp","href":"https:\/\/api.w.org\/{rel}","templated":true}]}}