{"id":91356,"date":"2021-04-16T18:42:16","date_gmt":"2021-04-16T16:42:16","guid":{"rendered":"https:\/\/www.heddata.se\/webbutik\/?post_type=product&#038;p=91356"},"modified":"2026-04-03T18:29:51","modified_gmt":"2026-04-03T16:29:51","slug":"network-video-recorder-8-channels-ds-7608ni-k2","status":"publish","type":"product","link":"https:\/\/www.heddata.se\/webbutik\/produkt\/network-video-recorder-8-channels-ds-7608ni-k2\/","title":{"rendered":"Network Video Recorder 8-channels &#8211; DS-7608NI-K2"},"content":{"rendered":"<p>Network Video Recorder 8-channels &#8211; DS-7608NI-K2<\/p>\n<h4>Videolagringsenhet (NVR) f\u00f6r 8 kameror.<\/h4>\n<div class=\"c-product-specifications__category\"><\/div>\n<div class=\"c-product-specifications__category\">\n<div class=\"row no-gutters u-bb-light-gray\">\n<div class=\"col-7 col-lg-8 u-px-8 d-flex align-items-end\">\n<table class=\"product_specs\">\n<tbody>\n<tr>\n<td class=\"spec-subheading\" colspan=\"2\"><b>Prestanda<\/b><\/td>\n<\/tr>\n<tr>\n<td class=\"spec-label\">Videoing\u00e5ngskanaler<\/td>\n<td class=\"spec-value\">8<\/td>\n<\/tr>\n<tr>\n<td class=\"spec-label\">Larming\u00e5ngskanaler<\/td>\n<td class=\"spec-value\">4<\/td>\n<\/tr>\n<tr>\n<td class=\"spec-label\">Larmutg\u00e5ngskanaler<\/td>\n<td class=\"spec-value\">1<\/td>\n<\/tr>\n<tr>\n<td class=\"spec-label\">Maximal uppl\u00f6sning<\/td>\n<td class=\"spec-value\">3840 x 2160<\/td>\n<\/tr>\n<tr>\n<td class=\"spec-label\">Uppl\u00f6sningar som st\u00f6ds<\/td>\n<td class=\"spec-value\">3840 \u00d7 2160,2560 \u00d7 1440, 1920 \u00d7 1080, 1600 \u00d7 1200, 1280 \u00d7 1024, 1280 \u00d7 720, 1024 \u00d7 768<\/td>\n<\/tr>\n<tr>\n<td class=\"spec-label\">Videoformat som st\u00f6ds<\/td>\n<td class=\"spec-value\">H.264,H.264+,H.265,MPEG4<\/td>\n<\/tr>\n<tr>\n<td class=\"spec-subheading\" colspan=\"2\"><b>Lagringsmedia<\/b><\/td>\n<\/tr>\n<tr>\n<td class=\"spec-label\">Antalet h\u00e5rddiskar som st\u00f6ds<\/td>\n<td class=\"spec-value\">2<\/td>\n<\/tr>\n<tr>\n<td class=\"spec-label\">Maximal lagringskapacitet<\/td>\n<td class=\"spec-value\">6<\/td>\n<\/tr>\n<tr>\n<td class=\"spec-label\"><a href=\"https:\/\/www.heddata.se\/webbutik\/extern-harddisk\/\">H\u00e5rddisk<\/a> gr\u00e4nssnitt<\/td>\n<td class=\"spec-value\">Serial ATA<\/td>\n<\/tr>\n<tr>\n<td class=\"spec-subheading\" colspan=\"2\"><b>Anslutningar<\/b><\/td>\n<\/tr>\n<tr>\n<td class=\"spec-label\">\u00a0 Antalet Ethernet (RJ-45) anslutningar<\/td>\n<td class=\"spec-value\">1<\/td>\n<\/tr>\n<tr>\n<td class=\"spec-label\">Datahastighet f\u00f6r Ethernet-LAN<\/td>\n<td class=\"spec-value\">10,100,1000<\/td>\n<\/tr>\n<tr>\n<td class=\"spec-label\">HDMI-utg\u00e5ng<\/td>\n<td class=\"spec-value\">Ja<\/td>\n<\/tr>\n<tr>\n<td class=\"spec-label\">Antal HDMI portar<\/td>\n<td class=\"spec-value\">1<\/td>\n<\/tr>\n<tr>\n<td class=\"spec-label\">VGA (D-Sub) utg\u00e5ngsportar<\/td>\n<td class=\"spec-value\">1<\/td>\n<\/tr>\n<tr>\n<td class=\"spec-label\">Antalet USB 2.0 anslutningar<\/td>\n<td class=\"spec-value\">1<\/td>\n<\/tr>\n<tr>\n<td class=\"spec-label\">RCA-ljuding\u00e5ngar<\/td>\n<td class=\"spec-value\">1<\/td>\n<\/tr>\n<tr>\n<td class=\"spec-label\">RCA-ljudutg\u00e5ngar<\/td>\n<td class=\"spec-value\">1<\/td>\n<\/tr>\n<tr>\n<td class=\"spec-label\">Likstr\u00f6msing\u00e5ng<\/td>\n<td class=\"spec-value\">Ja<\/td>\n<\/tr>\n<tr>\n<td class=\"spec-label\">St\u00f6d f\u00f6r n\u00e4tverksprotokoll<\/td>\n<td class=\"spec-value\">TCP\/IP, DHCP, HIK Cloud P2P, DNS, DDNS, NTP, SADP, SMTP, NFS, iSCSI, UPnP, HTTPS<\/td>\n<\/tr>\n<tr>\n<td class=\"spec-subheading\" colspan=\"2\"><b>Egenskaper<\/b><\/td>\n<\/tr>\n<tr>\n<td class=\"spec-label\">Rackmontering<\/td>\n<td class=\"spec-value\">Ja<\/td>\n<\/tr>\n<tr>\n<td class=\"spec-label\">Rackkapacitet<\/td>\n<td class=\"spec-value\">1U<\/td>\n<\/tr>\n<tr>\n<td class=\"spec-label\">P\u00e5 \/ av-knapp<\/td>\n<td class=\"spec-value\">Ja<\/td>\n<\/tr>\n<tr>\n<td class=\"spec-label\">Produktens f\u00e4rg<\/td>\n<td class=\"spec-value\">Black<\/td>\n<\/tr>\n<tr>\n<td class=\"spec-subheading\" colspan=\"2\"><b>Display<\/b><\/td>\n<\/tr>\n<tr>\n<td class=\"spec-label\">Grafikbussar resolutioner<\/td>\n<td class=\"spec-value\">1024 \u00d7 768,1280 \u00d7 1024,1920 \u00d7 1080<\/td>\n<\/tr>\n<tr>\n<td class=\"spec-subheading\" colspan=\"2\"><b>Str\u00f6mtillf\u00f6rsel<\/b><\/td>\n<\/tr>\n<tr>\n<td class=\"spec-label\">Str\u00f6mf\u00f6rbrukning (max)<\/td>\n<td class=\"spec-value\">40<\/td>\n<\/tr>\n<tr>\n<td class=\"spec-label\">Str\u00f6mf\u00f6rbrukning (vanlig)<\/td>\n<td class=\"spec-value\">15<\/td>\n<\/tr>\n<tr>\n<td class=\"spec-label\">Utg\u00e5ngssp\u00e4nning<\/td>\n<td class=\"spec-value\">12<\/td>\n<\/tr>\n<tr>\n<td class=\"spec-subheading\" colspan=\"2\"><b>Milj\u00f6krav<\/b><\/td>\n<\/tr>\n<tr>\n<td class=\"spec-label\">Omgivningstemperatur vid drift<\/td>\n<td class=\"spec-value\">-10 &#8211; 55<\/td>\n<\/tr>\n<tr>\n<td class=\"spec-label\">Intervall f\u00f6r relativ operativ luftfuktighet<\/td>\n<td class=\"spec-value\">10 &#8211; 90<\/td>\n<\/tr>\n<tr>\n<td class=\"spec-subheading\" colspan=\"2\"><b>Vikt &amp; dimension<\/b><\/td>\n<\/tr>\n<tr>\n<td class=\"spec-label\">bredd<\/td>\n<td class=\"spec-value\">385<\/td>\n<\/tr>\n<tr>\n<td class=\"spec-label\">Djup<\/td>\n<td class=\"spec-value\">315<\/td>\n<\/tr>\n<tr>\n<td class=\"spec-label\">H\u00f6jd<\/td>\n<td class=\"spec-value\">52<\/td>\n<\/tr>\n<tr>\n<td class=\"spec-label\">\u00a0Vikt<\/td>\n<td class=\"spec-value\">1<\/td>\n<\/tr>\n<tr>\n<td class=\"spec-subheading\" colspan=\"2\"><b>F\u00f6rpackningens inneh\u00e5ll<\/b><\/td>\n<\/tr>\n<tr>\n<td class=\"spec-label\"><a href=\"https:\/\/www.hikvision.com\/europe\/\" target=\"_blank\" rel=\"noopener\">Snabbinstallationsguide<\/a><\/td>\n<td class=\"spec-value\">Ja<\/td>\n<\/tr>\n<\/tbody>\n<\/table>\n<div class=\"clearer\"><\/div>\n<\/div>\n<\/div>\n<\/div>\n","protected":false},"excerpt":{"rendered":"<p>Network Video Recorder 8-channels &#8211; DS-7608NI-K2<\/p>\n","protected":false},"featured_media":91360,"template":"","meta":[],"product_brand":[],"product_cat":[65,64,3500,8982],"product_tag":[],"class_list":{"0":"post-91356","1":"product","2":"type-product","3":"status-publish","4":"has-post-thumbnail","6":"product_cat-datorer-tillbehor","7":"product_cat-lagring","8":"product_cat-larm-overvakning","9":"product_cat-webbkamera","11":"first","12":"outofstock","13":"taxable","14":"shipping-taxable","15":"product-type-simple"},"yoast_head":"<!-- This site is optimized with the Yoast SEO Premium plugin v26.7 (Yoast SEO v26.7) - https:\/\/yoast.com\/wordpress\/plugins\/seo\/ -->\n<title>Network Video Recorder 8-channels - DS-7608NI-K2<\/title>\n<meta name=\"description\" content=\"Network Video Recorder 8-channels - DS-7608NI-K2 Videolagringsenhet (NVR) f\u00f6r 8 kameror. Max. total lagringskapacitet 12 TB\" \/>\n<meta name=\"robots\" content=\"index, follow, max-snippet:-1, max-image-preview:large, max-video-preview:-1\" \/>\n<link rel=\"canonical\" href=\"https:\/\/www.heddata.se\/webbutik\/produkt\/network-video-recorder-8-channels-ds-7608ni-k2\/\" \/>\n<meta property=\"og:locale\" content=\"sv_SE\" \/>\n<meta property=\"og:type\" content=\"article\" \/>\n<meta property=\"og:title\" content=\"Network Video Recorder 8-channels - DS-7608NI-K2\" \/>\n<meta property=\"og:description\" content=\"Network Video Recorder 8-channels - DS-7608NI-K2 Videolagringsenhet (NVR) f\u00f6r 8 kameror. Max. total lagringskapacitet 12 TB\" \/>\n<meta property=\"og:url\" content=\"https:\/\/www.heddata.se\/webbutik\/produkt\/network-video-recorder-8-channels-ds-7608ni-k2\/\" \/>\n<meta property=\"og:site_name\" content=\"Datorer, Skrivare, F\u00e4rgpatroner, Mobiltelefoner\" \/>\n<meta property=\"article:modified_time\" content=\"2026-04-03T16:29:51+00:00\" \/>\n<meta property=\"og:image\" content=\"https:\/\/www.heddata.se\/webbutik\/wp-content\/uploads\/webbutik\/kategorier\/natvark\/ds-7608ni-k2.jpg\" \/>\n\t<meta property=\"og:image:width\" content=\"800\" \/>\n\t<meta property=\"og:image:height\" content=\"640\" \/>\n\t<meta property=\"og:image:type\" content=\"image\/jpeg\" \/>\n<meta name=\"twitter:card\" content=\"summary_large_image\" \/>\n<meta name=\"twitter:label1\" content=\"Ber\u00e4knad l\u00e4stid\" \/>\n\t<meta name=\"twitter:data1\" content=\"1 minut\" \/>\n<script type=\"application\/ld+json\" class=\"yoast-schema-graph\">{\"@context\":\"https:\/\/schema.org\",\"@graph\":[{\"@type\":\"WebPage\",\"@id\":\"https:\/\/www.heddata.se\/webbutik\/produkt\/network-video-recorder-8-channels-ds-7608ni-k2\/\",\"url\":\"https:\/\/www.heddata.se\/webbutik\/produkt\/network-video-recorder-8-channels-ds-7608ni-k2\/\",\"name\":\"Network Video Recorder 8-channels - DS-7608NI-K2\",\"isPartOf\":{\"@id\":\"https:\/\/www.heddata.se\/webbutik\/#website\"},\"primaryImageOfPage\":{\"@id\":\"https:\/\/www.heddata.se\/webbutik\/produkt\/network-video-recorder-8-channels-ds-7608ni-k2\/#primaryimage\"},\"image\":{\"@id\":\"https:\/\/www.heddata.se\/webbutik\/produkt\/network-video-recorder-8-channels-ds-7608ni-k2\/#primaryimage\"},\"thumbnailUrl\":\"https:\/\/www.heddata.se\/webbutik\/wp-content\/uploads\/webbutik\/kategorier\/natvark\/ds-7608ni-k2.jpg\",\"datePublished\":\"2021-04-16T16:42:16+00:00\",\"dateModified\":\"2026-04-03T16:29:51+00:00\",\"description\":\"Network Video Recorder 8-channels - DS-7608NI-K2 Videolagringsenhet (NVR) f\u00f6r 8 kameror. Max. total lagringskapacitet 12 TB\",\"breadcrumb\":{\"@id\":\"https:\/\/www.heddata.se\/webbutik\/produkt\/network-video-recorder-8-channels-ds-7608ni-k2\/#breadcrumb\"},\"inLanguage\":\"sv-SE\",\"potentialAction\":[{\"@type\":\"ReadAction\",\"target\":[\"https:\/\/www.heddata.se\/webbutik\/produkt\/network-video-recorder-8-channels-ds-7608ni-k2\/\"]}]},{\"@type\":\"ImageObject\",\"inLanguage\":\"sv-SE\",\"@id\":\"https:\/\/www.heddata.se\/webbutik\/produkt\/network-video-recorder-8-channels-ds-7608ni-k2\/#primaryimage\",\"url\":\"https:\/\/www.heddata.se\/webbutik\/wp-content\/uploads\/webbutik\/kategorier\/natvark\/ds-7608ni-k2.jpg\",\"contentUrl\":\"https:\/\/www.heddata.se\/webbutik\/wp-content\/uploads\/webbutik\/kategorier\/natvark\/ds-7608ni-k2.jpg\",\"width\":800,\"height\":640,\"caption\":\"Network Video Recorder 8-channels\"},{\"@type\":\"BreadcrumbList\",\"@id\":\"https:\/\/www.heddata.se\/webbutik\/produkt\/network-video-recorder-8-channels-ds-7608ni-k2\/#breadcrumb\",\"itemListElement\":[{\"@type\":\"ListItem\",\"position\":1,\"name\":\"Hem\",\"item\":\"https:\/\/www.heddata.se\/webbutik\/\"},{\"@type\":\"ListItem\",\"position\":2,\"name\":\"Produkter\",\"item\":\"https:\/\/www.heddata.se\/webbutik\/shop\/\"},{\"@type\":\"ListItem\",\"position\":3,\"name\":\"Network Video Recorder 8-channels &#8211; DS-7608NI-K2\"}]},{\"@type\":\"WebSite\",\"@id\":\"https:\/\/www.heddata.se\/webbutik\/#website\",\"url\":\"https:\/\/www.heddata.se\/webbutik\/\",\"name\":\"Datorer, Skrivare, F\u00e4rgpatroner, Mobiltelefoner\",\"description\":\"Kablar\",\"publisher\":{\"@id\":\"https:\/\/www.heddata.se\/webbutik\/#organization\"},\"potentialAction\":[{\"@type\":\"SearchAction\",\"target\":{\"@type\":\"EntryPoint\",\"urlTemplate\":\"https:\/\/www.heddata.se\/webbutik\/?s={search_term_string}\"},\"query-input\":{\"@type\":\"PropertyValueSpecification\",\"valueRequired\":true,\"valueName\":\"search_term_string\"}}],\"inLanguage\":\"sv-SE\"},{\"@type\":\"Organization\",\"@id\":\"https:\/\/www.heddata.se\/webbutik\/#organization\",\"name\":\"Heddata AB\",\"url\":\"https:\/\/www.heddata.se\/webbutik\/\",\"logo\":{\"@type\":\"ImageObject\",\"inLanguage\":\"sv-SE\",\"@id\":\"https:\/\/www.heddata.se\/webbutik\/#\/schema\/logo\/image\/\",\"url\":\"https:\/\/www.heddata.se\/webbutik\/wp-content\/uploads\/logga\/heddata-ab-logga.png\",\"contentUrl\":\"https:\/\/www.heddata.se\/webbutik\/wp-content\/uploads\/logga\/heddata-ab-logga.png\",\"width\":200,\"height\":64,\"caption\":\"Heddata AB\"},\"image\":{\"@id\":\"https:\/\/www.heddata.se\/webbutik\/#\/schema\/logo\/image\/\"}}]}<\/script>\n<!-- \/ Yoast SEO Premium plugin. -->","yoast_head_json":{"title":"Network Video Recorder 8-channels - DS-7608NI-K2","description":"Network Video Recorder 8-channels - DS-7608NI-K2 Videolagringsenhet (NVR) f\u00f6r 8 kameror. Max. total lagringskapacitet 12 TB","robots":{"index":"index","follow":"follow","max-snippet":"max-snippet:-1","max-image-preview":"max-image-preview:large","max-video-preview":"max-video-preview:-1"},"canonical":"https:\/\/www.heddata.se\/webbutik\/produkt\/network-video-recorder-8-channels-ds-7608ni-k2\/","og_locale":"sv_SE","og_type":"article","og_title":"Network Video Recorder 8-channels - DS-7608NI-K2","og_description":"Network Video Recorder 8-channels - DS-7608NI-K2 Videolagringsenhet (NVR) f\u00f6r 8 kameror. Max. total lagringskapacitet 12 TB","og_url":"https:\/\/www.heddata.se\/webbutik\/produkt\/network-video-recorder-8-channels-ds-7608ni-k2\/","og_site_name":"Datorer, Skrivare, F\u00e4rgpatroner, Mobiltelefoner","article_modified_time":"2026-04-03T16:29:51+00:00","og_image":[{"width":800,"height":640,"url":"https:\/\/www.heddata.se\/webbutik\/wp-content\/uploads\/webbutik\/kategorier\/natvark\/ds-7608ni-k2.jpg","type":"image\/jpeg"}],"twitter_card":"summary_large_image","twitter_misc":{"Ber\u00e4knad l\u00e4stid":"1 minut"},"schema":{"@context":"https:\/\/schema.org","@graph":[{"@type":"WebPage","@id":"https:\/\/www.heddata.se\/webbutik\/produkt\/network-video-recorder-8-channels-ds-7608ni-k2\/","url":"https:\/\/www.heddata.se\/webbutik\/produkt\/network-video-recorder-8-channels-ds-7608ni-k2\/","name":"Network Video Recorder 8-channels - DS-7608NI-K2","isPartOf":{"@id":"https:\/\/www.heddata.se\/webbutik\/#website"},"primaryImageOfPage":{"@id":"https:\/\/www.heddata.se\/webbutik\/produkt\/network-video-recorder-8-channels-ds-7608ni-k2\/#primaryimage"},"image":{"@id":"https:\/\/www.heddata.se\/webbutik\/produkt\/network-video-recorder-8-channels-ds-7608ni-k2\/#primaryimage"},"thumbnailUrl":"https:\/\/www.heddata.se\/webbutik\/wp-content\/uploads\/webbutik\/kategorier\/natvark\/ds-7608ni-k2.jpg","datePublished":"2021-04-16T16:42:16+00:00","dateModified":"2026-04-03T16:29:51+00:00","description":"Network Video Recorder 8-channels - DS-7608NI-K2 Videolagringsenhet (NVR) f\u00f6r 8 kameror. Max. total lagringskapacitet 12 TB","breadcrumb":{"@id":"https:\/\/www.heddata.se\/webbutik\/produkt\/network-video-recorder-8-channels-ds-7608ni-k2\/#breadcrumb"},"inLanguage":"sv-SE","potentialAction":[{"@type":"ReadAction","target":["https:\/\/www.heddata.se\/webbutik\/produkt\/network-video-recorder-8-channels-ds-7608ni-k2\/"]}]},{"@type":"ImageObject","inLanguage":"sv-SE","@id":"https:\/\/www.heddata.se\/webbutik\/produkt\/network-video-recorder-8-channels-ds-7608ni-k2\/#primaryimage","url":"https:\/\/www.heddata.se\/webbutik\/wp-content\/uploads\/webbutik\/kategorier\/natvark\/ds-7608ni-k2.jpg","contentUrl":"https:\/\/www.heddata.se\/webbutik\/wp-content\/uploads\/webbutik\/kategorier\/natvark\/ds-7608ni-k2.jpg","width":800,"height":640,"caption":"Network Video Recorder 8-channels"},{"@type":"BreadcrumbList","@id":"https:\/\/www.heddata.se\/webbutik\/produkt\/network-video-recorder-8-channels-ds-7608ni-k2\/#breadcrumb","itemListElement":[{"@type":"ListItem","position":1,"name":"Hem","item":"https:\/\/www.heddata.se\/webbutik\/"},{"@type":"ListItem","position":2,"name":"Produkter","item":"https:\/\/www.heddata.se\/webbutik\/shop\/"},{"@type":"ListItem","position":3,"name":"Network Video Recorder 8-channels &#8211; DS-7608NI-K2"}]},{"@type":"WebSite","@id":"https:\/\/www.heddata.se\/webbutik\/#website","url":"https:\/\/www.heddata.se\/webbutik\/","name":"Datorer, Skrivare, F\u00e4rgpatroner, Mobiltelefoner","description":"Kablar","publisher":{"@id":"https:\/\/www.heddata.se\/webbutik\/#organization"},"potentialAction":[{"@type":"SearchAction","target":{"@type":"EntryPoint","urlTemplate":"https:\/\/www.heddata.se\/webbutik\/?s={search_term_string}"},"query-input":{"@type":"PropertyValueSpecification","valueRequired":true,"valueName":"search_term_string"}}],"inLanguage":"sv-SE"},{"@type":"Organization","@id":"https:\/\/www.heddata.se\/webbutik\/#organization","name":"Heddata AB","url":"https:\/\/www.heddata.se\/webbutik\/","logo":{"@type":"ImageObject","inLanguage":"sv-SE","@id":"https:\/\/www.heddata.se\/webbutik\/#\/schema\/logo\/image\/","url":"https:\/\/www.heddata.se\/webbutik\/wp-content\/uploads\/logga\/heddata-ab-logga.png","contentUrl":"https:\/\/www.heddata.se\/webbutik\/wp-content\/uploads\/logga\/heddata-ab-logga.png","width":200,"height":64,"caption":"Heddata AB"},"image":{"@id":"https:\/\/www.heddata.se\/webbutik\/#\/schema\/logo\/image\/"}}]}},"_links":{"self":[{"href":"https:\/\/www.heddata.se\/webbutik\/wp-json\/wp\/v2\/product\/91356","targetHints":{"allow":["GET"]}}],"collection":[{"href":"https:\/\/www.heddata.se\/webbutik\/wp-json\/wp\/v2\/product"}],"about":[{"href":"https:\/\/www.heddata.se\/webbutik\/wp-json\/wp\/v2\/types\/product"}],"wp:featuredmedia":[{"embeddable":true,"href":"https:\/\/www.heddata.se\/webbutik\/wp-json\/wp\/v2\/media\/91360"}],"wp:attachment":[{"href":"https:\/\/www.heddata.se\/webbutik\/wp-json\/wp\/v2\/media?parent=91356"}],"wp:term":[{"taxonomy":"product_brand","embeddable":true,"href":"https:\/\/www.heddata.se\/webbutik\/wp-json\/wp\/v2\/product_brand?post=91356"},{"taxonomy":"product_cat","embeddable":true,"href":"https:\/\/www.heddata.se\/webbutik\/wp-json\/wp\/v2\/product_cat?post=91356"},{"taxonomy":"product_tag","embeddable":true,"href":"https:\/\/www.heddata.se\/webbutik\/wp-json\/wp\/v2\/product_tag?post=91356"}],"curies":[{"name":"wp","href":"https:\/\/api.w.org\/{rel}","templated":true}]}}