{"id":91351,"date":"2021-04-16T11:06:08","date_gmt":"2021-04-16T09:06:08","guid":{"rendered":"https:\/\/www.heddata.se\/webbutik\/?post_type=product&#038;p=91351"},"modified":"2026-04-07T18:19:37","modified_gmt":"2026-04-07T16:19:37","slug":"asus-rt-ac58u-v2-tradlos-router-4-ports-switch-gige-802-11a-b-g-n-ac-dubbelband","status":"publish","type":"product","link":"https:\/\/www.heddata.se\/webbutik\/produkt\/asus-rt-ac58u-v2-tradlos-router-4-ports-switch-gige-802-11a-b-g-n-ac-dubbelband\/","title":{"rendered":"ASUS RT-AC58U V2 Tr\u00e5dl\u00f6s router 4-ports-switch &#8211; GigE &#8211; 802.11a\/b\/g\/n\/ac &#8211; Dubbelband"},"content":{"rendered":"<p>ASUS RT-AC58U V2 Tr\u00e5dl\u00f6s router 4-ports-switch &#8211; GigE &#8211; 802.11a\/b\/g\/n\/ac &#8211; Dubbelband<\/p>\n<p>Concurrent AC1300 for faster WiFi speeds.<\/p>\n<p>4 Gigabit LAN ports provide extensive connectivity and 1 USB 2.0 port allows you to connect USB disk for quick file sharing.<\/p>\n<p>ASUSWRT dashboard for easy router setup and management.<\/p>\n<p>Intuitive ASUS Router App lets you control your network anywhere at your fingertips.<\/p>\n<p>802.11 AC Beamforming and four high-performance antennas optimize your Wi-Fi coverage.<\/p>\n<p>&nbsp;<\/p>\n<table class=\"table table-noborders table-striped\">\n<tbody>\n<tr>\n<td>Produktbeskrivning<\/td>\n<td><a href=\"https:\/\/www.asus.com\/\" target=\"_blank\" rel=\"noopener\">ASUS<\/a> RT-AC58U V2 &#8211; v2 &#8211; <a href=\"https:\/\/www.heddata.se\/webbutik\/tradlos-router\/\">tr\u00e5dl\u00f6s<\/a> router &#8211; 802.11a\/b\/g\/n\/ac &#8211; skrivbordsmodell<\/td>\n<\/tr>\n<tr>\n<td>Typ av enhet<\/td>\n<td>Tr\u00e5dl\u00f6s router &#8211; 4-ports-switch (inbyggd)<\/td>\n<\/tr>\n<tr>\n<td>Modell<\/td>\n<td>Skrivbordsmodell<\/td>\n<\/tr>\n<tr>\n<td>Antal WAN-portar<\/td>\n<td>1<\/td>\n<\/tr>\n<tr>\n<td>Datal\u00e4nkprotokoll<\/td>\n<td>Ethernet, Fast Ethernet, Gigabit Ethernet, IEEE 802.11b, IEEE 802.11a, IEEE 802.11g, IEEE 802.11n, IEEE 802.11ac<\/td>\n<\/tr>\n<tr>\n<td>Frekvensband<\/td>\n<td>2,4 GHz\/5GHz<\/td>\n<\/tr>\n<tr>\n<td>N\u00e4tverks\/transportprotokoll<\/td>\n<td>DHCP, DDNS<\/td>\n<\/tr>\n<tr>\n<td>N\u00e4tverksprotokoll<\/td>\n<td>IGMPv2, IGMP, IGMPv3<\/td>\n<\/tr>\n<tr>\n<td>Protokoll f\u00f6r administration p\u00e5 distans<\/td>\n<td>SNMP<\/td>\n<\/tr>\n<tr>\n<td>Funktioner<\/td>\n<td>\u00d6verordnad kontroll, Quality of Service (QoS), Wi-Fi Protected Setup (WPS), IPSec-passthrough, DNS proxy, portbefordran, ASUS AiDisk, \u00e5terst\u00e4llningsknapp, portutl\u00f6sning, VPN-server, st\u00f6d f\u00f6r SNMP, PPTP-passthrough, tr\u00e5dl\u00f6st f\u00f6rl\u00e4ngningsl\u00e4ge, L2TP-passthrough, MU-MIMO-teknik, str\u00e5leformingsteknologi, NTP-klient, DMZ-support, trafikanalyserare, bryggl\u00e4ge, DLPA-certifierad, IPTV-support<\/td>\n<\/tr>\n<tr>\n<td>Standarder som f\u00f6ljs<\/td>\n<td>IEEE 802.11b, IEEE 802.11a, IEEE 802.11g, IEEE 802.11n, UPnP, IEEE 802.11ac<\/td>\n<\/tr>\n<tr>\n<td>Str\u00f6mtillf\u00f6rsel<\/td>\n<td>AC 120\/230 V (50\/60 Hz)<\/td>\n<\/tr>\n<tr>\n<td>F\u00e4rg<\/td>\n<td>Svart<\/td>\n<\/tr>\n<tr>\n<td>Dimensioner (BxDxH)<\/td>\n<td>19.2 cm x 12.5 cm x 3 cm<\/td>\n<\/tr>\n<tr>\n<td>Vikt<\/td>\n<td>348 g<\/td>\n<\/tr>\n<tr>\n<td>Systemkrav<\/td>\n<td>Microsoft Windows 7, Apple MacOS X 10.9 eller senare, Windows 8 \/ 8.1 \/ 10<\/td>\n<\/tr>\n<\/tbody>\n<\/table>\n<p>&nbsp;<\/p>\n<p>&nbsp;<\/p>\n<p>&nbsp;<\/p>\n<p>&nbsp;<\/p>\n","protected":false},"excerpt":{"rendered":"<p>ASUS RT-AC58U V2 Tr\u00e5dl\u00f6s router 4-ports-switch &#8211; GigE &#8211; 802.11a\/b\/g\/n\/ac &#8211; Dubbelband<\/p>\n","protected":false},"featured_media":91353,"template":"","meta":[],"product_brand":[],"product_cat":[70,8973,8974],"product_tag":[],"class_list":{"0":"post-91351","1":"product","2":"type-product","3":"status-publish","4":"has-post-thumbnail","6":"product_cat-natverk","7":"product_cat-router","8":"product_cat-tradlos","10":"first","11":"outofstock","12":"taxable","13":"shipping-taxable","14":"product-type-simple"},"yoast_head":"<!-- This site is optimized with the Yoast SEO Premium plugin v26.7 (Yoast SEO v26.7) - https:\/\/yoast.com\/wordpress\/plugins\/seo\/ -->\n<title>ASUS RT-AC58U V2 Tr\u00e5dl\u00f6s router 4-ports-switch GigE - 802.11a\/b\/g\/n\/ac<\/title>\n<meta name=\"description\" content=\"ASUS RT-AC58U V2 Tr\u00e5dl\u00f6s router 4-ports-switch - GigE - 802.11a\/b\/g\/n\/ac - Dubbelband - 2,4 GHz\/5GHz - skrivbordsmodell\" \/>\n<meta name=\"robots\" content=\"index, follow, max-snippet:-1, max-image-preview:large, max-video-preview:-1\" \/>\n<link rel=\"canonical\" href=\"https:\/\/www.heddata.se\/webbutik\/produkt\/asus-rt-ac58u-v2-tradlos-router-4-ports-switch-gige-802-11a-b-g-n-ac-dubbelband\/\" \/>\n<meta property=\"og:locale\" content=\"sv_SE\" \/>\n<meta property=\"og:type\" content=\"article\" \/>\n<meta property=\"og:title\" content=\"ASUS RT-AC58U V2 Tr\u00e5dl\u00f6s router 4-ports-switch - GigE - 802.11a\/b\/g\/n\/ac - Dubbelband\" \/>\n<meta property=\"og:description\" content=\"ASUS RT-AC58U V2 Tr\u00e5dl\u00f6s router 4-ports-switch - GigE - 802.11a\/b\/g\/n\/ac - Dubbelband - 2,4 GHz\/5GHz - skrivbordsmodell\" \/>\n<meta property=\"og:url\" content=\"https:\/\/www.heddata.se\/webbutik\/produkt\/asus-rt-ac58u-v2-tradlos-router-4-ports-switch-gige-802-11a-b-g-n-ac-dubbelband\/\" \/>\n<meta property=\"og:site_name\" content=\"Datorer, Skrivare, F\u00e4rgpatroner, Mobiltelefoner\" \/>\n<meta property=\"article:modified_time\" content=\"2026-04-07T16:19:37+00:00\" \/>\n<meta property=\"og:image\" content=\"https:\/\/www.heddata.se\/webbutik\/wp-content\/uploads\/webbutik\/kategorier\/natvark\/90ig0540-bo9430.jpg\" \/>\n\t<meta property=\"og:image:width\" content=\"2244\" \/>\n\t<meta property=\"og:image:height\" content=\"2244\" \/>\n\t<meta property=\"og:image:type\" content=\"image\/jpeg\" \/>\n<meta name=\"twitter:card\" content=\"summary_large_image\" \/>\n<meta name=\"twitter:label1\" content=\"Ber\u00e4knad l\u00e4stid\" \/>\n\t<meta name=\"twitter:data1\" content=\"1 minut\" \/>\n<script type=\"application\/ld+json\" class=\"yoast-schema-graph\">{\"@context\":\"https:\/\/schema.org\",\"@graph\":[{\"@type\":\"WebPage\",\"@id\":\"https:\/\/www.heddata.se\/webbutik\/produkt\/asus-rt-ac58u-v2-tradlos-router-4-ports-switch-gige-802-11a-b-g-n-ac-dubbelband\/\",\"url\":\"https:\/\/www.heddata.se\/webbutik\/produkt\/asus-rt-ac58u-v2-tradlos-router-4-ports-switch-gige-802-11a-b-g-n-ac-dubbelband\/\",\"name\":\"ASUS RT-AC58U V2 Tr\u00e5dl\u00f6s router 4-ports-switch GigE - 802.11a\/b\/g\/n\/ac\",\"isPartOf\":{\"@id\":\"https:\/\/www.heddata.se\/webbutik\/#website\"},\"primaryImageOfPage\":{\"@id\":\"https:\/\/www.heddata.se\/webbutik\/produkt\/asus-rt-ac58u-v2-tradlos-router-4-ports-switch-gige-802-11a-b-g-n-ac-dubbelband\/#primaryimage\"},\"image\":{\"@id\":\"https:\/\/www.heddata.se\/webbutik\/produkt\/asus-rt-ac58u-v2-tradlos-router-4-ports-switch-gige-802-11a-b-g-n-ac-dubbelband\/#primaryimage\"},\"thumbnailUrl\":\"https:\/\/www.heddata.se\/webbutik\/wp-content\/uploads\/webbutik\/kategorier\/natvark\/90ig0540-bo9430.jpg\",\"datePublished\":\"2021-04-16T09:06:08+00:00\",\"dateModified\":\"2026-04-07T16:19:37+00:00\",\"description\":\"ASUS RT-AC58U V2 Tr\u00e5dl\u00f6s router 4-ports-switch - GigE - 802.11a\/b\/g\/n\/ac - Dubbelband - 2,4 GHz\/5GHz - skrivbordsmodell\",\"breadcrumb\":{\"@id\":\"https:\/\/www.heddata.se\/webbutik\/produkt\/asus-rt-ac58u-v2-tradlos-router-4-ports-switch-gige-802-11a-b-g-n-ac-dubbelband\/#breadcrumb\"},\"inLanguage\":\"sv-SE\",\"potentialAction\":[{\"@type\":\"ReadAction\",\"target\":[\"https:\/\/www.heddata.se\/webbutik\/produkt\/asus-rt-ac58u-v2-tradlos-router-4-ports-switch-gige-802-11a-b-g-n-ac-dubbelband\/\"]}]},{\"@type\":\"ImageObject\",\"inLanguage\":\"sv-SE\",\"@id\":\"https:\/\/www.heddata.se\/webbutik\/produkt\/asus-rt-ac58u-v2-tradlos-router-4-ports-switch-gige-802-11a-b-g-n-ac-dubbelband\/#primaryimage\",\"url\":\"https:\/\/www.heddata.se\/webbutik\/wp-content\/uploads\/webbutik\/kategorier\/natvark\/90ig0540-bo9430.jpg\",\"contentUrl\":\"https:\/\/www.heddata.se\/webbutik\/wp-content\/uploads\/webbutik\/kategorier\/natvark\/90ig0540-bo9430.jpg\",\"width\":2244,\"height\":2244,\"caption\":\"ASUS RT-AC58U V2 Tr\u00e5dl\u00f6s\"},{\"@type\":\"BreadcrumbList\",\"@id\":\"https:\/\/www.heddata.se\/webbutik\/produkt\/asus-rt-ac58u-v2-tradlos-router-4-ports-switch-gige-802-11a-b-g-n-ac-dubbelband\/#breadcrumb\",\"itemListElement\":[{\"@type\":\"ListItem\",\"position\":1,\"name\":\"Hem\",\"item\":\"https:\/\/www.heddata.se\/webbutik\/\"},{\"@type\":\"ListItem\",\"position\":2,\"name\":\"Produkter\",\"item\":\"https:\/\/www.heddata.se\/webbutik\/shop\/\"},{\"@type\":\"ListItem\",\"position\":3,\"name\":\"ASUS RT-AC58U V2 Tr\u00e5dl\u00f6s router 4-ports-switch &#8211; GigE &#8211; 802.11a\/b\/g\/n\/ac &#8211; Dubbelband\"}]},{\"@type\":\"WebSite\",\"@id\":\"https:\/\/www.heddata.se\/webbutik\/#website\",\"url\":\"https:\/\/www.heddata.se\/webbutik\/\",\"name\":\"Datorer, Skrivare, F\u00e4rgpatroner, Mobiltelefoner\",\"description\":\"Kablar\",\"publisher\":{\"@id\":\"https:\/\/www.heddata.se\/webbutik\/#organization\"},\"potentialAction\":[{\"@type\":\"SearchAction\",\"target\":{\"@type\":\"EntryPoint\",\"urlTemplate\":\"https:\/\/www.heddata.se\/webbutik\/?s={search_term_string}\"},\"query-input\":{\"@type\":\"PropertyValueSpecification\",\"valueRequired\":true,\"valueName\":\"search_term_string\"}}],\"inLanguage\":\"sv-SE\"},{\"@type\":\"Organization\",\"@id\":\"https:\/\/www.heddata.se\/webbutik\/#organization\",\"name\":\"Heddata AB\",\"url\":\"https:\/\/www.heddata.se\/webbutik\/\",\"logo\":{\"@type\":\"ImageObject\",\"inLanguage\":\"sv-SE\",\"@id\":\"https:\/\/www.heddata.se\/webbutik\/#\/schema\/logo\/image\/\",\"url\":\"https:\/\/www.heddata.se\/webbutik\/wp-content\/uploads\/logga\/heddata-ab-logga.png\",\"contentUrl\":\"https:\/\/www.heddata.se\/webbutik\/wp-content\/uploads\/logga\/heddata-ab-logga.png\",\"width\":200,\"height\":64,\"caption\":\"Heddata AB\"},\"image\":{\"@id\":\"https:\/\/www.heddata.se\/webbutik\/#\/schema\/logo\/image\/\"}}]}<\/script>\n<!-- \/ Yoast SEO Premium plugin. -->","yoast_head_json":{"title":"ASUS RT-AC58U V2 Tr\u00e5dl\u00f6s router 4-ports-switch GigE - 802.11a\/b\/g\/n\/ac","description":"ASUS RT-AC58U V2 Tr\u00e5dl\u00f6s router 4-ports-switch - GigE - 802.11a\/b\/g\/n\/ac - Dubbelband - 2,4 GHz\/5GHz - skrivbordsmodell","robots":{"index":"index","follow":"follow","max-snippet":"max-snippet:-1","max-image-preview":"max-image-preview:large","max-video-preview":"max-video-preview:-1"},"canonical":"https:\/\/www.heddata.se\/webbutik\/produkt\/asus-rt-ac58u-v2-tradlos-router-4-ports-switch-gige-802-11a-b-g-n-ac-dubbelband\/","og_locale":"sv_SE","og_type":"article","og_title":"ASUS RT-AC58U V2 Tr\u00e5dl\u00f6s router 4-ports-switch - GigE - 802.11a\/b\/g\/n\/ac - Dubbelband","og_description":"ASUS RT-AC58U V2 Tr\u00e5dl\u00f6s router 4-ports-switch - GigE - 802.11a\/b\/g\/n\/ac - Dubbelband - 2,4 GHz\/5GHz - skrivbordsmodell","og_url":"https:\/\/www.heddata.se\/webbutik\/produkt\/asus-rt-ac58u-v2-tradlos-router-4-ports-switch-gige-802-11a-b-g-n-ac-dubbelband\/","og_site_name":"Datorer, Skrivare, F\u00e4rgpatroner, Mobiltelefoner","article_modified_time":"2026-04-07T16:19:37+00:00","og_image":[{"width":2244,"height":2244,"url":"https:\/\/www.heddata.se\/webbutik\/wp-content\/uploads\/webbutik\/kategorier\/natvark\/90ig0540-bo9430.jpg","type":"image\/jpeg"}],"twitter_card":"summary_large_image","twitter_misc":{"Ber\u00e4knad l\u00e4stid":"1 minut"},"schema":{"@context":"https:\/\/schema.org","@graph":[{"@type":"WebPage","@id":"https:\/\/www.heddata.se\/webbutik\/produkt\/asus-rt-ac58u-v2-tradlos-router-4-ports-switch-gige-802-11a-b-g-n-ac-dubbelband\/","url":"https:\/\/www.heddata.se\/webbutik\/produkt\/asus-rt-ac58u-v2-tradlos-router-4-ports-switch-gige-802-11a-b-g-n-ac-dubbelband\/","name":"ASUS RT-AC58U V2 Tr\u00e5dl\u00f6s router 4-ports-switch GigE - 802.11a\/b\/g\/n\/ac","isPartOf":{"@id":"https:\/\/www.heddata.se\/webbutik\/#website"},"primaryImageOfPage":{"@id":"https:\/\/www.heddata.se\/webbutik\/produkt\/asus-rt-ac58u-v2-tradlos-router-4-ports-switch-gige-802-11a-b-g-n-ac-dubbelband\/#primaryimage"},"image":{"@id":"https:\/\/www.heddata.se\/webbutik\/produkt\/asus-rt-ac58u-v2-tradlos-router-4-ports-switch-gige-802-11a-b-g-n-ac-dubbelband\/#primaryimage"},"thumbnailUrl":"https:\/\/www.heddata.se\/webbutik\/wp-content\/uploads\/webbutik\/kategorier\/natvark\/90ig0540-bo9430.jpg","datePublished":"2021-04-16T09:06:08+00:00","dateModified":"2026-04-07T16:19:37+00:00","description":"ASUS RT-AC58U V2 Tr\u00e5dl\u00f6s router 4-ports-switch - GigE - 802.11a\/b\/g\/n\/ac - Dubbelband - 2,4 GHz\/5GHz - skrivbordsmodell","breadcrumb":{"@id":"https:\/\/www.heddata.se\/webbutik\/produkt\/asus-rt-ac58u-v2-tradlos-router-4-ports-switch-gige-802-11a-b-g-n-ac-dubbelband\/#breadcrumb"},"inLanguage":"sv-SE","potentialAction":[{"@type":"ReadAction","target":["https:\/\/www.heddata.se\/webbutik\/produkt\/asus-rt-ac58u-v2-tradlos-router-4-ports-switch-gige-802-11a-b-g-n-ac-dubbelband\/"]}]},{"@type":"ImageObject","inLanguage":"sv-SE","@id":"https:\/\/www.heddata.se\/webbutik\/produkt\/asus-rt-ac58u-v2-tradlos-router-4-ports-switch-gige-802-11a-b-g-n-ac-dubbelband\/#primaryimage","url":"https:\/\/www.heddata.se\/webbutik\/wp-content\/uploads\/webbutik\/kategorier\/natvark\/90ig0540-bo9430.jpg","contentUrl":"https:\/\/www.heddata.se\/webbutik\/wp-content\/uploads\/webbutik\/kategorier\/natvark\/90ig0540-bo9430.jpg","width":2244,"height":2244,"caption":"ASUS RT-AC58U V2 Tr\u00e5dl\u00f6s"},{"@type":"BreadcrumbList","@id":"https:\/\/www.heddata.se\/webbutik\/produkt\/asus-rt-ac58u-v2-tradlos-router-4-ports-switch-gige-802-11a-b-g-n-ac-dubbelband\/#breadcrumb","itemListElement":[{"@type":"ListItem","position":1,"name":"Hem","item":"https:\/\/www.heddata.se\/webbutik\/"},{"@type":"ListItem","position":2,"name":"Produkter","item":"https:\/\/www.heddata.se\/webbutik\/shop\/"},{"@type":"ListItem","position":3,"name":"ASUS RT-AC58U V2 Tr\u00e5dl\u00f6s router 4-ports-switch &#8211; GigE &#8211; 802.11a\/b\/g\/n\/ac &#8211; Dubbelband"}]},{"@type":"WebSite","@id":"https:\/\/www.heddata.se\/webbutik\/#website","url":"https:\/\/www.heddata.se\/webbutik\/","name":"Datorer, Skrivare, F\u00e4rgpatroner, Mobiltelefoner","description":"Kablar","publisher":{"@id":"https:\/\/www.heddata.se\/webbutik\/#organization"},"potentialAction":[{"@type":"SearchAction","target":{"@type":"EntryPoint","urlTemplate":"https:\/\/www.heddata.se\/webbutik\/?s={search_term_string}"},"query-input":{"@type":"PropertyValueSpecification","valueRequired":true,"valueName":"search_term_string"}}],"inLanguage":"sv-SE"},{"@type":"Organization","@id":"https:\/\/www.heddata.se\/webbutik\/#organization","name":"Heddata AB","url":"https:\/\/www.heddata.se\/webbutik\/","logo":{"@type":"ImageObject","inLanguage":"sv-SE","@id":"https:\/\/www.heddata.se\/webbutik\/#\/schema\/logo\/image\/","url":"https:\/\/www.heddata.se\/webbutik\/wp-content\/uploads\/logga\/heddata-ab-logga.png","contentUrl":"https:\/\/www.heddata.se\/webbutik\/wp-content\/uploads\/logga\/heddata-ab-logga.png","width":200,"height":64,"caption":"Heddata AB"},"image":{"@id":"https:\/\/www.heddata.se\/webbutik\/#\/schema\/logo\/image\/"}}]}},"_links":{"self":[{"href":"https:\/\/www.heddata.se\/webbutik\/wp-json\/wp\/v2\/product\/91351","targetHints":{"allow":["GET"]}}],"collection":[{"href":"https:\/\/www.heddata.se\/webbutik\/wp-json\/wp\/v2\/product"}],"about":[{"href":"https:\/\/www.heddata.se\/webbutik\/wp-json\/wp\/v2\/types\/product"}],"wp:featuredmedia":[{"embeddable":true,"href":"https:\/\/www.heddata.se\/webbutik\/wp-json\/wp\/v2\/media\/91353"}],"wp:attachment":[{"href":"https:\/\/www.heddata.se\/webbutik\/wp-json\/wp\/v2\/media?parent=91351"}],"wp:term":[{"taxonomy":"product_brand","embeddable":true,"href":"https:\/\/www.heddata.se\/webbutik\/wp-json\/wp\/v2\/product_brand?post=91351"},{"taxonomy":"product_cat","embeddable":true,"href":"https:\/\/www.heddata.se\/webbutik\/wp-json\/wp\/v2\/product_cat?post=91351"},{"taxonomy":"product_tag","embeddable":true,"href":"https:\/\/www.heddata.se\/webbutik\/wp-json\/wp\/v2\/product_tag?post=91351"}],"curies":[{"name":"wp","href":"https:\/\/api.w.org\/{rel}","templated":true}]}}