{"id":91343,"date":"2021-04-14T14:18:18","date_gmt":"2021-04-14T12:18:18","guid":{"rendered":"https:\/\/www.heddata.se\/webbutik\/?post_type=product&#038;p=91343"},"modified":"2026-04-09T09:52:53","modified_gmt":"2026-04-09T07:52:53","slug":"apple-10-2-tum-ipad-wi-fi-32gb-rymdgra","status":"publish","type":"product","link":"https:\/\/www.heddata.se\/webbutik\/produkt\/apple-10-2-tum-ipad-wi-fi-32gb-rymdgra\/","title":{"rendered":"Apple 10.2-tum iPad Wi-Fi 32GB Rymdgr\u00e5"},"content":{"rendered":"<p>Apple 10.2-tum iPad Wi-Fi 32GB Rymdgr\u00e5<\/p>\n<h4><strong>Som en dator<\/strong><\/h4>\n<p>Nya iPad kombinerar kraften och kapaciteten hos en dator med all den anv\u00e4ndarv\u00e4nlighet och m\u00e5ngsidighet som bara iPad kan erbjuda. Med en st\u00f6rre 10,2-tums Retina-sk\u00e4rm, st\u00f6d f\u00f6r Smart Keyboard i full storlek och alla de nya fantastiska funktionerna i <a href=\"https:\/\/www.apple.com\/se\/\" target=\"_blank\" rel=\"noopener\">iPadOS<\/a> har den blivit \u00e4nnu mer allround. Det \u00e4r otroligt roligt. Och utan tvivel iPad.<\/p>\n<h4><strong>Multitasking<\/strong><\/h4>\n<p>Med iPad f\u00e5r du mer gjort, utan kr\u00e5ngel och stress. Det \u00e4r v\u00e4ldigt l\u00e4tt att redigera ett dokument samtidigt som du s\u00f6ker p\u00e5 webben och ringer ett FaceTime-samtal till en kollega. Du hanterar alla dina filer p\u00e5 ett och samma st\u00e4lle med appen Filer. Och n\u00e4r du vill skriva en uppsats eller skapa en presentation \u00e4r det enkelt att anv\u00e4nda sk\u00e4rmtangentbordet eller s\u00e4tta fast Smart Keyboard i full storlek.<\/p>\n<h4><strong>Att g\u00f6ra l\u00e4xan kan vara riktigt kul<\/strong><\/h4>\n<p>Med\u00a0<a href=\"https:\/\/www.apple.com\/se\/\" target=\"_blank\" rel=\"noopener\">iPad<\/a>\u00a0kan du verkligen f\u00e5 utlopp f\u00f6r din nyfikenhet. App Store \u00e4r den b\u00e4sta platsen att uppt\u00e4cka appar som du kan anv\u00e4nda n\u00e4r du vill f\u00f6rb\u00e4ttra dina geometriska kunskaper, l\u00e4ra dig ett nytt spr\u00e5k eller prova p\u00e5 att komponera din egen musik. Du kan till och med anv\u00e4nda f\u00f6rst\u00e4rkt verklighet f\u00f6r att l\u00e4ra dig n\u00e5got sp\u00e4nnande, som att se rymdfartens historia utspela sig i vardagsrummet eller l\u00e5ta figurer fr\u00e5n din favoritbok bokstavligen hoppa ut fr\u00e5n sidan.<\/p>\n<h4><strong>Fingerf\u00e4rdighet fr\u00e5n filmning till redigering<\/strong><\/h4>\n<p>Oavsett hur du tar bilder och filmar \u2013 med 8 MP-kameran p\u00e5 baksidan eller FaceTime HD-kameran p\u00e5 iPad, med en iPhone eller digitalkamera \u2013 \u00e4r det ett n\u00f6je att redigera dem p\u00e5 den stora\u00a0<a href=\"https:\/\/www.heddata.se\/webbutik\/telefon-surfplattor\/surfplattor\/\">iPad-sk\u00e4rmen.<\/a>\u00a0L\u00e4gg till roliga effekter och filter, besk\u00e4r eller rotera. N\u00e4r du har den perfekta bilden, dela den p\u00e5 sociala medier eller skicka den till dina v\u00e4nner med ett klick.<\/p>\n<table class=\"data-table\">\n<tbody>\n<tr class=\"odd\">\n<td class=\"spec-name\">Milj\u00f6standarder<\/td>\n<td class=\"spec-value\">, ENERGY STAR-godk\u00e4nd<\/td>\n<\/tr>\n<tr class=\"even\">\n<td class=\"spec-name\">SAR<\/td>\n<td class=\"spec-value\">0,46 W\/kg (kropp)<\/td>\n<\/tr>\n<tr class=\"odd\">\n<td class=\"spec-name\">Tillverkarens garanti<\/td>\n<td class=\"spec-value\">1 \u00e5rs garanti<\/td>\n<\/tr>\n<tr class=\"even\">\n<td class=\"spec-name\">Fr\u00e4mre kamera<\/td>\n<td class=\"spec-value\">1,2 megapixlar<\/td>\n<\/tr>\n<tr class=\"odd\">\n<td class=\"spec-name\">Display<\/td>\n<td class=\"spec-value\">10.2\u2033 IPS LED-bakgrundsbelysning \u2013 2160 x 1620 (264 ppi) \u2013 Multi-Touch<\/td>\n<\/tr>\n<tr class=\"even\">\n<td class=\"spec-name\">Dimensioner (BxDxH)<\/td>\n<td class=\"spec-value\">17.41 cm x 0.75 cm x 25.06 cm<\/td>\n<\/tr>\n<tr class=\"odd\">\n<td class=\"spec-name\">Lagring<\/td>\n<td class=\"spec-value\">32 GB<\/td>\n<\/tr>\n<tr class=\"even\">\n<td class=\"spec-name\">Vikt<\/td>\n<td class=\"spec-value\">490 g<\/td>\n<\/tr>\n<tr class=\"odd\">\n<td class=\"spec-name\">Bakre kamera<\/td>\n<td class=\"spec-value\">8 megapixlar fokus: automatisk<\/td>\n<\/tr>\n<tr class=\"even\">\n<td class=\"spec-name\">Tr\u00e5dl\u00f6s anslutning<\/td>\n<td class=\"spec-value\">802.11a\/b\/g\/n\/ac, Bluetooth 4.2<\/td>\n<\/tr>\n<tr class=\"odd\">\n<td class=\"spec-name\">Produktbeskrivning<\/td>\n<td class=\"spec-value\">Apple 10.2-inch iPad Wi-Fi \u2013 8:e generation \u2013 surfplatta \u2013 32 GB \u2013 10.2\u2033<\/td>\n<\/tr>\n<tr class=\"even\">\n<td class=\"spec-name\">Processor<\/td>\n<td class=\"spec-value\">Apple A12 Bionic \u2013 64-bitars<\/td>\n<\/tr>\n<tr class=\"odd\">\n<td class=\"spec-name\">S\u00e4kerhetsenheter<\/td>\n<td class=\"spec-value\">Fingeravtrycksl\u00e4sare<\/td>\n<\/tr>\n<tr class=\"even\">\n<td class=\"spec-name\">F\u00e4rg<\/td>\n<td class=\"spec-value\">Rymdgr\u00e5<\/td>\n<\/tr>\n<tr class=\"odd\">\n<td class=\"spec-name\">Typ av produkt<\/td>\n<td class=\"spec-value\">Surfplatta<\/td>\n<\/tr>\n<tr class=\"even\">\n<td class=\"spec-name\">Batteridriftstid<\/td>\n<td class=\"spec-value\">Upp till 10 timmar<\/td>\n<\/tr>\n<\/tbody>\n<\/table>\n","protected":false},"excerpt":{"rendered":"<p>Apple 10.2-tum iPad Wi-Fi 32GB Rymdgr\u00e5<\/p>\n","protected":false},"featured_media":91345,"template":"","meta":[],"product_brand":[],"product_cat":[104,63],"product_tag":[],"class_list":{"0":"post-91343","1":"product","2":"type-product","3":"status-publish","4":"has-post-thumbnail","6":"product_cat-surfplattor","7":"product_cat-telefoner-surfplattor","9":"first","10":"outofstock","11":"taxable","12":"shipping-taxable","13":"product-type-simple"},"yoast_head":"<!-- This site is optimized with the Yoast SEO Premium plugin v26.7 (Yoast SEO v26.7) - https:\/\/yoast.com\/wordpress\/plugins\/seo\/ -->\n<title>Apple 10.2-tum iPad Wi-Fi 32GB Rymdgr\u00e5 anv\u00e4ndarv\u00e4nlig och kraftfull<\/title>\n<meta name=\"description\" content=\"Apple 10.2-tum iPad Wi-Fi 32GB Rymdgr\u00e5 Nya iPad kombinerar kraften och kapaciteten hos en dator med anv\u00e4ndarv\u00e4nlighet och m\u00e5ngsidighet\" \/>\n<meta name=\"robots\" content=\"index, follow, max-snippet:-1, max-image-preview:large, max-video-preview:-1\" \/>\n<link rel=\"canonical\" href=\"https:\/\/www.heddata.se\/webbutik\/produkt\/apple-10-2-tum-ipad-wi-fi-32gb-rymdgra\/\" \/>\n<meta property=\"og:locale\" content=\"sv_SE\" \/>\n<meta property=\"og:type\" content=\"article\" \/>\n<meta property=\"og:title\" content=\"Apple 10.2-tum iPad Wi-Fi 32GB Rymdgr\u00e5\" \/>\n<meta property=\"og:description\" content=\"Apple 10.2-tum iPad Wi-Fi 32GB Rymdgr\u00e5 Nya iPad kombinerar kraften och kapaciteten hos en dator med anv\u00e4ndarv\u00e4nlighet och m\u00e5ngsidighet\" \/>\n<meta property=\"og:url\" content=\"https:\/\/www.heddata.se\/webbutik\/produkt\/apple-10-2-tum-ipad-wi-fi-32gb-rymdgra\/\" \/>\n<meta property=\"og:site_name\" content=\"Datorer, Skrivare, F\u00e4rgpatroner, Mobiltelefoner\" \/>\n<meta property=\"article:modified_time\" content=\"2026-04-09T07:52:53+00:00\" \/>\n<meta property=\"og:image\" content=\"https:\/\/www.heddata.se\/webbutik\/wp-content\/uploads\/webbutik\/kategorier\/mobiltelefoner-surfplattor\/myl92kna.jpeg\" \/>\n\t<meta property=\"og:image:width\" content=\"900\" \/>\n\t<meta property=\"og:image:height\" content=\"900\" \/>\n\t<meta property=\"og:image:type\" content=\"image\/jpeg\" \/>\n<meta name=\"twitter:card\" content=\"summary_large_image\" \/>\n<meta name=\"twitter:label1\" content=\"Ber\u00e4knad l\u00e4stid\" \/>\n\t<meta name=\"twitter:data1\" content=\"2 minuter\" \/>\n<script type=\"application\/ld+json\" class=\"yoast-schema-graph\">{\"@context\":\"https:\/\/schema.org\",\"@graph\":[{\"@type\":\"WebPage\",\"@id\":\"https:\/\/www.heddata.se\/webbutik\/produkt\/apple-10-2-tum-ipad-wi-fi-32gb-rymdgra\/\",\"url\":\"https:\/\/www.heddata.se\/webbutik\/produkt\/apple-10-2-tum-ipad-wi-fi-32gb-rymdgra\/\",\"name\":\"Apple 10.2-tum iPad Wi-Fi 32GB Rymdgr\u00e5 anv\u00e4ndarv\u00e4nlig och kraftfull\",\"isPartOf\":{\"@id\":\"https:\/\/www.heddata.se\/webbutik\/#website\"},\"primaryImageOfPage\":{\"@id\":\"https:\/\/www.heddata.se\/webbutik\/produkt\/apple-10-2-tum-ipad-wi-fi-32gb-rymdgra\/#primaryimage\"},\"image\":{\"@id\":\"https:\/\/www.heddata.se\/webbutik\/produkt\/apple-10-2-tum-ipad-wi-fi-32gb-rymdgra\/#primaryimage\"},\"thumbnailUrl\":\"https:\/\/www.heddata.se\/webbutik\/wp-content\/uploads\/webbutik\/kategorier\/mobiltelefoner-surfplattor\/myl92kna.jpeg\",\"datePublished\":\"2021-04-14T12:18:18+00:00\",\"dateModified\":\"2026-04-09T07:52:53+00:00\",\"description\":\"Apple 10.2-tum iPad Wi-Fi 32GB Rymdgr\u00e5 Nya iPad kombinerar kraften och kapaciteten hos en dator med anv\u00e4ndarv\u00e4nlighet och m\u00e5ngsidighet\",\"breadcrumb\":{\"@id\":\"https:\/\/www.heddata.se\/webbutik\/produkt\/apple-10-2-tum-ipad-wi-fi-32gb-rymdgra\/#breadcrumb\"},\"inLanguage\":\"sv-SE\",\"potentialAction\":[{\"@type\":\"ReadAction\",\"target\":[\"https:\/\/www.heddata.se\/webbutik\/produkt\/apple-10-2-tum-ipad-wi-fi-32gb-rymdgra\/\"]}]},{\"@type\":\"ImageObject\",\"inLanguage\":\"sv-SE\",\"@id\":\"https:\/\/www.heddata.se\/webbutik\/produkt\/apple-10-2-tum-ipad-wi-fi-32gb-rymdgra\/#primaryimage\",\"url\":\"https:\/\/www.heddata.se\/webbutik\/wp-content\/uploads\/webbutik\/kategorier\/mobiltelefoner-surfplattor\/myl92kna.jpeg\",\"contentUrl\":\"https:\/\/www.heddata.se\/webbutik\/wp-content\/uploads\/webbutik\/kategorier\/mobiltelefoner-surfplattor\/myl92kna.jpeg\",\"width\":900,\"height\":900,\"caption\":\"Apple 10.2-tum iPad Wi-Fi\"},{\"@type\":\"BreadcrumbList\",\"@id\":\"https:\/\/www.heddata.se\/webbutik\/produkt\/apple-10-2-tum-ipad-wi-fi-32gb-rymdgra\/#breadcrumb\",\"itemListElement\":[{\"@type\":\"ListItem\",\"position\":1,\"name\":\"Hem\",\"item\":\"https:\/\/www.heddata.se\/webbutik\/\"},{\"@type\":\"ListItem\",\"position\":2,\"name\":\"Produkter\",\"item\":\"https:\/\/www.heddata.se\/webbutik\/shop\/\"},{\"@type\":\"ListItem\",\"position\":3,\"name\":\"Apple 10.2-tum iPad Wi-Fi 32GB Rymdgr\u00e5\"}]},{\"@type\":\"WebSite\",\"@id\":\"https:\/\/www.heddata.se\/webbutik\/#website\",\"url\":\"https:\/\/www.heddata.se\/webbutik\/\",\"name\":\"Datorer, Skrivare, F\u00e4rgpatroner, Mobiltelefoner\",\"description\":\"Kablar\",\"publisher\":{\"@id\":\"https:\/\/www.heddata.se\/webbutik\/#organization\"},\"potentialAction\":[{\"@type\":\"SearchAction\",\"target\":{\"@type\":\"EntryPoint\",\"urlTemplate\":\"https:\/\/www.heddata.se\/webbutik\/?s={search_term_string}\"},\"query-input\":{\"@type\":\"PropertyValueSpecification\",\"valueRequired\":true,\"valueName\":\"search_term_string\"}}],\"inLanguage\":\"sv-SE\"},{\"@type\":\"Organization\",\"@id\":\"https:\/\/www.heddata.se\/webbutik\/#organization\",\"name\":\"Heddata AB\",\"url\":\"https:\/\/www.heddata.se\/webbutik\/\",\"logo\":{\"@type\":\"ImageObject\",\"inLanguage\":\"sv-SE\",\"@id\":\"https:\/\/www.heddata.se\/webbutik\/#\/schema\/logo\/image\/\",\"url\":\"https:\/\/www.heddata.se\/webbutik\/wp-content\/uploads\/logga\/heddata-ab-logga.png\",\"contentUrl\":\"https:\/\/www.heddata.se\/webbutik\/wp-content\/uploads\/logga\/heddata-ab-logga.png\",\"width\":200,\"height\":64,\"caption\":\"Heddata AB\"},\"image\":{\"@id\":\"https:\/\/www.heddata.se\/webbutik\/#\/schema\/logo\/image\/\"}}]}<\/script>\n<!-- \/ Yoast SEO Premium plugin. -->","yoast_head_json":{"title":"Apple 10.2-tum iPad Wi-Fi 32GB Rymdgr\u00e5 anv\u00e4ndarv\u00e4nlig och kraftfull","description":"Apple 10.2-tum iPad Wi-Fi 32GB Rymdgr\u00e5 Nya iPad kombinerar kraften och kapaciteten hos en dator med anv\u00e4ndarv\u00e4nlighet och m\u00e5ngsidighet","robots":{"index":"index","follow":"follow","max-snippet":"max-snippet:-1","max-image-preview":"max-image-preview:large","max-video-preview":"max-video-preview:-1"},"canonical":"https:\/\/www.heddata.se\/webbutik\/produkt\/apple-10-2-tum-ipad-wi-fi-32gb-rymdgra\/","og_locale":"sv_SE","og_type":"article","og_title":"Apple 10.2-tum iPad Wi-Fi 32GB Rymdgr\u00e5","og_description":"Apple 10.2-tum iPad Wi-Fi 32GB Rymdgr\u00e5 Nya iPad kombinerar kraften och kapaciteten hos en dator med anv\u00e4ndarv\u00e4nlighet och m\u00e5ngsidighet","og_url":"https:\/\/www.heddata.se\/webbutik\/produkt\/apple-10-2-tum-ipad-wi-fi-32gb-rymdgra\/","og_site_name":"Datorer, Skrivare, F\u00e4rgpatroner, Mobiltelefoner","article_modified_time":"2026-04-09T07:52:53+00:00","og_image":[{"width":900,"height":900,"url":"https:\/\/www.heddata.se\/webbutik\/wp-content\/uploads\/webbutik\/kategorier\/mobiltelefoner-surfplattor\/myl92kna.jpeg","type":"image\/jpeg"}],"twitter_card":"summary_large_image","twitter_misc":{"Ber\u00e4knad l\u00e4stid":"2 minuter"},"schema":{"@context":"https:\/\/schema.org","@graph":[{"@type":"WebPage","@id":"https:\/\/www.heddata.se\/webbutik\/produkt\/apple-10-2-tum-ipad-wi-fi-32gb-rymdgra\/","url":"https:\/\/www.heddata.se\/webbutik\/produkt\/apple-10-2-tum-ipad-wi-fi-32gb-rymdgra\/","name":"Apple 10.2-tum iPad Wi-Fi 32GB Rymdgr\u00e5 anv\u00e4ndarv\u00e4nlig och kraftfull","isPartOf":{"@id":"https:\/\/www.heddata.se\/webbutik\/#website"},"primaryImageOfPage":{"@id":"https:\/\/www.heddata.se\/webbutik\/produkt\/apple-10-2-tum-ipad-wi-fi-32gb-rymdgra\/#primaryimage"},"image":{"@id":"https:\/\/www.heddata.se\/webbutik\/produkt\/apple-10-2-tum-ipad-wi-fi-32gb-rymdgra\/#primaryimage"},"thumbnailUrl":"https:\/\/www.heddata.se\/webbutik\/wp-content\/uploads\/webbutik\/kategorier\/mobiltelefoner-surfplattor\/myl92kna.jpeg","datePublished":"2021-04-14T12:18:18+00:00","dateModified":"2026-04-09T07:52:53+00:00","description":"Apple 10.2-tum iPad Wi-Fi 32GB Rymdgr\u00e5 Nya iPad kombinerar kraften och kapaciteten hos en dator med anv\u00e4ndarv\u00e4nlighet och m\u00e5ngsidighet","breadcrumb":{"@id":"https:\/\/www.heddata.se\/webbutik\/produkt\/apple-10-2-tum-ipad-wi-fi-32gb-rymdgra\/#breadcrumb"},"inLanguage":"sv-SE","potentialAction":[{"@type":"ReadAction","target":["https:\/\/www.heddata.se\/webbutik\/produkt\/apple-10-2-tum-ipad-wi-fi-32gb-rymdgra\/"]}]},{"@type":"ImageObject","inLanguage":"sv-SE","@id":"https:\/\/www.heddata.se\/webbutik\/produkt\/apple-10-2-tum-ipad-wi-fi-32gb-rymdgra\/#primaryimage","url":"https:\/\/www.heddata.se\/webbutik\/wp-content\/uploads\/webbutik\/kategorier\/mobiltelefoner-surfplattor\/myl92kna.jpeg","contentUrl":"https:\/\/www.heddata.se\/webbutik\/wp-content\/uploads\/webbutik\/kategorier\/mobiltelefoner-surfplattor\/myl92kna.jpeg","width":900,"height":900,"caption":"Apple 10.2-tum iPad Wi-Fi"},{"@type":"BreadcrumbList","@id":"https:\/\/www.heddata.se\/webbutik\/produkt\/apple-10-2-tum-ipad-wi-fi-32gb-rymdgra\/#breadcrumb","itemListElement":[{"@type":"ListItem","position":1,"name":"Hem","item":"https:\/\/www.heddata.se\/webbutik\/"},{"@type":"ListItem","position":2,"name":"Produkter","item":"https:\/\/www.heddata.se\/webbutik\/shop\/"},{"@type":"ListItem","position":3,"name":"Apple 10.2-tum iPad Wi-Fi 32GB Rymdgr\u00e5"}]},{"@type":"WebSite","@id":"https:\/\/www.heddata.se\/webbutik\/#website","url":"https:\/\/www.heddata.se\/webbutik\/","name":"Datorer, Skrivare, F\u00e4rgpatroner, Mobiltelefoner","description":"Kablar","publisher":{"@id":"https:\/\/www.heddata.se\/webbutik\/#organization"},"potentialAction":[{"@type":"SearchAction","target":{"@type":"EntryPoint","urlTemplate":"https:\/\/www.heddata.se\/webbutik\/?s={search_term_string}"},"query-input":{"@type":"PropertyValueSpecification","valueRequired":true,"valueName":"search_term_string"}}],"inLanguage":"sv-SE"},{"@type":"Organization","@id":"https:\/\/www.heddata.se\/webbutik\/#organization","name":"Heddata AB","url":"https:\/\/www.heddata.se\/webbutik\/","logo":{"@type":"ImageObject","inLanguage":"sv-SE","@id":"https:\/\/www.heddata.se\/webbutik\/#\/schema\/logo\/image\/","url":"https:\/\/www.heddata.se\/webbutik\/wp-content\/uploads\/logga\/heddata-ab-logga.png","contentUrl":"https:\/\/www.heddata.se\/webbutik\/wp-content\/uploads\/logga\/heddata-ab-logga.png","width":200,"height":64,"caption":"Heddata AB"},"image":{"@id":"https:\/\/www.heddata.se\/webbutik\/#\/schema\/logo\/image\/"}}]}},"_links":{"self":[{"href":"https:\/\/www.heddata.se\/webbutik\/wp-json\/wp\/v2\/product\/91343","targetHints":{"allow":["GET"]}}],"collection":[{"href":"https:\/\/www.heddata.se\/webbutik\/wp-json\/wp\/v2\/product"}],"about":[{"href":"https:\/\/www.heddata.se\/webbutik\/wp-json\/wp\/v2\/types\/product"}],"wp:featuredmedia":[{"embeddable":true,"href":"https:\/\/www.heddata.se\/webbutik\/wp-json\/wp\/v2\/media\/91345"}],"wp:attachment":[{"href":"https:\/\/www.heddata.se\/webbutik\/wp-json\/wp\/v2\/media?parent=91343"}],"wp:term":[{"taxonomy":"product_brand","embeddable":true,"href":"https:\/\/www.heddata.se\/webbutik\/wp-json\/wp\/v2\/product_brand?post=91343"},{"taxonomy":"product_cat","embeddable":true,"href":"https:\/\/www.heddata.se\/webbutik\/wp-json\/wp\/v2\/product_cat?post=91343"},{"taxonomy":"product_tag","embeddable":true,"href":"https:\/\/www.heddata.se\/webbutik\/wp-json\/wp\/v2\/product_tag?post=91343"}],"curies":[{"name":"wp","href":"https:\/\/api.w.org\/{rel}","templated":true}]}}