{"id":91312,"date":"2021-04-07T16:18:26","date_gmt":"2021-04-07T14:18:26","guid":{"rendered":"https:\/\/www.heddata.se\/webbutik\/?post_type=product&#038;p=91312"},"modified":"2026-04-09T11:44:53","modified_gmt":"2026-04-09T09:44:53","slug":"kioxia-exceria-sata-ssd-960gb","status":"publish","type":"product","link":"https:\/\/www.heddata.se\/webbutik\/produkt\/kioxia-exceria-sata-ssd-960gb\/","title":{"rendered":"Kioxia Exceria SATA SSD 960GB"},"content":{"rendered":"<p>Kioxia Exceria SATA SSD 960GB<\/p>\n<h4><b>Beskrivning:<\/b><\/h4>\n<p>Upgrading from a hard disk drive (HDD) should be easy and affordable and that\u2019s where <a href=\"https:\/\/www.kioxia.com\/en-emea\/top.html\" target=\"_blank\" rel=\"noopener\">EXCERIA<\/a> SATA <a href=\"https:\/\/www.heddata.se\/webbutik\/ssd-disk\/\">SSD<\/a> series come in. Designed to boost the speed of your desktop or notebook PC over conventional HDDs, the EXCERIA SATA SSD series leverages BiCS FLASH\u2122, to deliver well-balanced performance, reliability, and value that will transform your desktop or mobile system.<\/p>\n<p>Capacity<br \/>\n240GB 480GB 960GB<br \/>\nMax Sequential Read\/Write Speed1<br \/>\n555\/540 MB\/s<br \/>\nMax Random Read\/Write Speed2<br \/>\n240GB: 79,000\/87,000 IOPS<br \/>\n480GB: 82,000\/88,000 IOPS<br \/>\n960GB: 81,000\/88,000 IOPS<br \/>\nFeatures<br \/>\nBiCS FLASH\u2122<br \/>\nShock Resistant<br \/>\n2.5-inch, 7mm Height Form Factor<br \/>\nSSD Utility Management Software<\/p>\n","protected":false},"excerpt":{"rendered":"<p>Kioxia Exceria SATA SSD 960GB<\/p>\n","protected":false},"featured_media":91323,"template":"","meta":[],"product_brand":[],"product_cat":[7545,64,110],"product_tag":[],"class_list":{"0":"post-91312","1":"product","2":"type-product","3":"status-publish","4":"has-post-thumbnail","6":"product_cat-intern-harddisk","7":"product_cat-lagring","8":"product_cat-ssd-disk","10":"first","11":"outofstock","12":"taxable","13":"shipping-taxable","14":"product-type-simple"},"yoast_head":"<!-- This site is optimized with the Yoast SEO Premium plugin v26.7 (Yoast SEO v26.7) - https:\/\/yoast.com\/wordpress\/plugins\/seo\/ -->\n<title>Kioxia Exceria SATA SSD 960GB snabb och enkel uppgradering f\u00f6r dator<\/title>\n<meta name=\"description\" content=\"Kioxia Exceria SATA SSD 960GB Uppgradera fr\u00e5n en h\u00e5rddisk borde vara enkelt och prisv\u00e4rt och det \u00e4r d\u00e4r EXCERIA SATA SSD-serien kommer in\" \/>\n<meta name=\"robots\" content=\"index, follow, max-snippet:-1, max-image-preview:large, max-video-preview:-1\" \/>\n<link rel=\"canonical\" href=\"https:\/\/www.heddata.se\/webbutik\/produkt\/kioxia-exceria-sata-ssd-960gb\/\" \/>\n<meta property=\"og:locale\" content=\"sv_SE\" \/>\n<meta property=\"og:type\" content=\"article\" \/>\n<meta property=\"og:title\" content=\"Kioxia Exceria SATA SSD 960GB\" \/>\n<meta property=\"og:description\" content=\"Kioxia Exceria SATA SSD 960GB Uppgradera fr\u00e5n en h\u00e5rddisk borde vara enkelt och prisv\u00e4rt och det \u00e4r d\u00e4r EXCERIA SATA SSD-serien kommer in\" \/>\n<meta property=\"og:url\" content=\"https:\/\/www.heddata.se\/webbutik\/produkt\/kioxia-exceria-sata-ssd-960gb\/\" \/>\n<meta property=\"og:site_name\" content=\"Datorer, Skrivare, F\u00e4rgpatroner, Mobiltelefoner\" \/>\n<meta property=\"article:modified_time\" content=\"2026-04-09T09:44:53+00:00\" \/>\n<meta property=\"og:image\" content=\"https:\/\/www.heddata.se\/webbutik\/wp-content\/uploads\/webbutik\/kategorier\/komponenter\/ltc10z960gg8.jpg\" \/>\n\t<meta property=\"og:image:width\" content=\"600\" \/>\n\t<meta property=\"og:image:height\" content=\"600\" \/>\n\t<meta property=\"og:image:type\" content=\"image\/jpeg\" \/>\n<meta name=\"twitter:card\" content=\"summary_large_image\" \/>\n<meta name=\"twitter:label1\" content=\"Ber\u00e4knad l\u00e4stid\" \/>\n\t<meta name=\"twitter:data1\" content=\"1 minut\" \/>\n<script type=\"application\/ld+json\" class=\"yoast-schema-graph\">{\"@context\":\"https:\/\/schema.org\",\"@graph\":[{\"@type\":\"WebPage\",\"@id\":\"https:\/\/www.heddata.se\/webbutik\/produkt\/kioxia-exceria-sata-ssd-960gb\/\",\"url\":\"https:\/\/www.heddata.se\/webbutik\/produkt\/kioxia-exceria-sata-ssd-960gb\/\",\"name\":\"Kioxia Exceria SATA SSD 960GB snabb och enkel uppgradering f\u00f6r dator\",\"isPartOf\":{\"@id\":\"https:\/\/www.heddata.se\/webbutik\/#website\"},\"primaryImageOfPage\":{\"@id\":\"https:\/\/www.heddata.se\/webbutik\/produkt\/kioxia-exceria-sata-ssd-960gb\/#primaryimage\"},\"image\":{\"@id\":\"https:\/\/www.heddata.se\/webbutik\/produkt\/kioxia-exceria-sata-ssd-960gb\/#primaryimage\"},\"thumbnailUrl\":\"https:\/\/www.heddata.se\/webbutik\/wp-content\/uploads\/webbutik\/kategorier\/komponenter\/ltc10z960gg8.jpg\",\"datePublished\":\"2021-04-07T14:18:26+00:00\",\"dateModified\":\"2026-04-09T09:44:53+00:00\",\"description\":\"Kioxia Exceria SATA SSD 960GB Uppgradera fr\u00e5n en h\u00e5rddisk borde vara enkelt och prisv\u00e4rt och det \u00e4r d\u00e4r EXCERIA SATA SSD-serien kommer in\",\"breadcrumb\":{\"@id\":\"https:\/\/www.heddata.se\/webbutik\/produkt\/kioxia-exceria-sata-ssd-960gb\/#breadcrumb\"},\"inLanguage\":\"sv-SE\",\"potentialAction\":[{\"@type\":\"ReadAction\",\"target\":[\"https:\/\/www.heddata.se\/webbutik\/produkt\/kioxia-exceria-sata-ssd-960gb\/\"]}]},{\"@type\":\"ImageObject\",\"inLanguage\":\"sv-SE\",\"@id\":\"https:\/\/www.heddata.se\/webbutik\/produkt\/kioxia-exceria-sata-ssd-960gb\/#primaryimage\",\"url\":\"https:\/\/www.heddata.se\/webbutik\/wp-content\/uploads\/webbutik\/kategorier\/komponenter\/ltc10z960gg8.jpg\",\"contentUrl\":\"https:\/\/www.heddata.se\/webbutik\/wp-content\/uploads\/webbutik\/kategorier\/komponenter\/ltc10z960gg8.jpg\",\"width\":600,\"height\":600,\"caption\":\"Kioxia Exceria SATA SSD\"},{\"@type\":\"BreadcrumbList\",\"@id\":\"https:\/\/www.heddata.se\/webbutik\/produkt\/kioxia-exceria-sata-ssd-960gb\/#breadcrumb\",\"itemListElement\":[{\"@type\":\"ListItem\",\"position\":1,\"name\":\"Hem\",\"item\":\"https:\/\/www.heddata.se\/webbutik\/\"},{\"@type\":\"ListItem\",\"position\":2,\"name\":\"Produkter\",\"item\":\"https:\/\/www.heddata.se\/webbutik\/shop\/\"},{\"@type\":\"ListItem\",\"position\":3,\"name\":\"Kioxia Exceria SATA SSD 960GB\"}]},{\"@type\":\"WebSite\",\"@id\":\"https:\/\/www.heddata.se\/webbutik\/#website\",\"url\":\"https:\/\/www.heddata.se\/webbutik\/\",\"name\":\"Datorer, Skrivare, F\u00e4rgpatroner, Mobiltelefoner\",\"description\":\"Kablar\",\"publisher\":{\"@id\":\"https:\/\/www.heddata.se\/webbutik\/#organization\"},\"potentialAction\":[{\"@type\":\"SearchAction\",\"target\":{\"@type\":\"EntryPoint\",\"urlTemplate\":\"https:\/\/www.heddata.se\/webbutik\/?s={search_term_string}\"},\"query-input\":{\"@type\":\"PropertyValueSpecification\",\"valueRequired\":true,\"valueName\":\"search_term_string\"}}],\"inLanguage\":\"sv-SE\"},{\"@type\":\"Organization\",\"@id\":\"https:\/\/www.heddata.se\/webbutik\/#organization\",\"name\":\"Heddata AB\",\"url\":\"https:\/\/www.heddata.se\/webbutik\/\",\"logo\":{\"@type\":\"ImageObject\",\"inLanguage\":\"sv-SE\",\"@id\":\"https:\/\/www.heddata.se\/webbutik\/#\/schema\/logo\/image\/\",\"url\":\"https:\/\/www.heddata.se\/webbutik\/wp-content\/uploads\/logga\/heddata-ab-logga.png\",\"contentUrl\":\"https:\/\/www.heddata.se\/webbutik\/wp-content\/uploads\/logga\/heddata-ab-logga.png\",\"width\":200,\"height\":64,\"caption\":\"Heddata AB\"},\"image\":{\"@id\":\"https:\/\/www.heddata.se\/webbutik\/#\/schema\/logo\/image\/\"}}]}<\/script>\n<!-- \/ Yoast SEO Premium plugin. -->","yoast_head_json":{"title":"Kioxia Exceria SATA SSD 960GB snabb och enkel uppgradering f\u00f6r dator","description":"Kioxia Exceria SATA SSD 960GB Uppgradera fr\u00e5n en h\u00e5rddisk borde vara enkelt och prisv\u00e4rt och det \u00e4r d\u00e4r EXCERIA SATA SSD-serien kommer in","robots":{"index":"index","follow":"follow","max-snippet":"max-snippet:-1","max-image-preview":"max-image-preview:large","max-video-preview":"max-video-preview:-1"},"canonical":"https:\/\/www.heddata.se\/webbutik\/produkt\/kioxia-exceria-sata-ssd-960gb\/","og_locale":"sv_SE","og_type":"article","og_title":"Kioxia Exceria SATA SSD 960GB","og_description":"Kioxia Exceria SATA SSD 960GB Uppgradera fr\u00e5n en h\u00e5rddisk borde vara enkelt och prisv\u00e4rt och det \u00e4r d\u00e4r EXCERIA SATA SSD-serien kommer in","og_url":"https:\/\/www.heddata.se\/webbutik\/produkt\/kioxia-exceria-sata-ssd-960gb\/","og_site_name":"Datorer, Skrivare, F\u00e4rgpatroner, Mobiltelefoner","article_modified_time":"2026-04-09T09:44:53+00:00","og_image":[{"width":600,"height":600,"url":"https:\/\/www.heddata.se\/webbutik\/wp-content\/uploads\/webbutik\/kategorier\/komponenter\/ltc10z960gg8.jpg","type":"image\/jpeg"}],"twitter_card":"summary_large_image","twitter_misc":{"Ber\u00e4knad l\u00e4stid":"1 minut"},"schema":{"@context":"https:\/\/schema.org","@graph":[{"@type":"WebPage","@id":"https:\/\/www.heddata.se\/webbutik\/produkt\/kioxia-exceria-sata-ssd-960gb\/","url":"https:\/\/www.heddata.se\/webbutik\/produkt\/kioxia-exceria-sata-ssd-960gb\/","name":"Kioxia Exceria SATA SSD 960GB snabb och enkel uppgradering f\u00f6r dator","isPartOf":{"@id":"https:\/\/www.heddata.se\/webbutik\/#website"},"primaryImageOfPage":{"@id":"https:\/\/www.heddata.se\/webbutik\/produkt\/kioxia-exceria-sata-ssd-960gb\/#primaryimage"},"image":{"@id":"https:\/\/www.heddata.se\/webbutik\/produkt\/kioxia-exceria-sata-ssd-960gb\/#primaryimage"},"thumbnailUrl":"https:\/\/www.heddata.se\/webbutik\/wp-content\/uploads\/webbutik\/kategorier\/komponenter\/ltc10z960gg8.jpg","datePublished":"2021-04-07T14:18:26+00:00","dateModified":"2026-04-09T09:44:53+00:00","description":"Kioxia Exceria SATA SSD 960GB Uppgradera fr\u00e5n en h\u00e5rddisk borde vara enkelt och prisv\u00e4rt och det \u00e4r d\u00e4r EXCERIA SATA SSD-serien kommer in","breadcrumb":{"@id":"https:\/\/www.heddata.se\/webbutik\/produkt\/kioxia-exceria-sata-ssd-960gb\/#breadcrumb"},"inLanguage":"sv-SE","potentialAction":[{"@type":"ReadAction","target":["https:\/\/www.heddata.se\/webbutik\/produkt\/kioxia-exceria-sata-ssd-960gb\/"]}]},{"@type":"ImageObject","inLanguage":"sv-SE","@id":"https:\/\/www.heddata.se\/webbutik\/produkt\/kioxia-exceria-sata-ssd-960gb\/#primaryimage","url":"https:\/\/www.heddata.se\/webbutik\/wp-content\/uploads\/webbutik\/kategorier\/komponenter\/ltc10z960gg8.jpg","contentUrl":"https:\/\/www.heddata.se\/webbutik\/wp-content\/uploads\/webbutik\/kategorier\/komponenter\/ltc10z960gg8.jpg","width":600,"height":600,"caption":"Kioxia Exceria SATA SSD"},{"@type":"BreadcrumbList","@id":"https:\/\/www.heddata.se\/webbutik\/produkt\/kioxia-exceria-sata-ssd-960gb\/#breadcrumb","itemListElement":[{"@type":"ListItem","position":1,"name":"Hem","item":"https:\/\/www.heddata.se\/webbutik\/"},{"@type":"ListItem","position":2,"name":"Produkter","item":"https:\/\/www.heddata.se\/webbutik\/shop\/"},{"@type":"ListItem","position":3,"name":"Kioxia Exceria SATA SSD 960GB"}]},{"@type":"WebSite","@id":"https:\/\/www.heddata.se\/webbutik\/#website","url":"https:\/\/www.heddata.se\/webbutik\/","name":"Datorer, Skrivare, F\u00e4rgpatroner, Mobiltelefoner","description":"Kablar","publisher":{"@id":"https:\/\/www.heddata.se\/webbutik\/#organization"},"potentialAction":[{"@type":"SearchAction","target":{"@type":"EntryPoint","urlTemplate":"https:\/\/www.heddata.se\/webbutik\/?s={search_term_string}"},"query-input":{"@type":"PropertyValueSpecification","valueRequired":true,"valueName":"search_term_string"}}],"inLanguage":"sv-SE"},{"@type":"Organization","@id":"https:\/\/www.heddata.se\/webbutik\/#organization","name":"Heddata AB","url":"https:\/\/www.heddata.se\/webbutik\/","logo":{"@type":"ImageObject","inLanguage":"sv-SE","@id":"https:\/\/www.heddata.se\/webbutik\/#\/schema\/logo\/image\/","url":"https:\/\/www.heddata.se\/webbutik\/wp-content\/uploads\/logga\/heddata-ab-logga.png","contentUrl":"https:\/\/www.heddata.se\/webbutik\/wp-content\/uploads\/logga\/heddata-ab-logga.png","width":200,"height":64,"caption":"Heddata AB"},"image":{"@id":"https:\/\/www.heddata.se\/webbutik\/#\/schema\/logo\/image\/"}}]}},"_links":{"self":[{"href":"https:\/\/www.heddata.se\/webbutik\/wp-json\/wp\/v2\/product\/91312","targetHints":{"allow":["GET"]}}],"collection":[{"href":"https:\/\/www.heddata.se\/webbutik\/wp-json\/wp\/v2\/product"}],"about":[{"href":"https:\/\/www.heddata.se\/webbutik\/wp-json\/wp\/v2\/types\/product"}],"wp:featuredmedia":[{"embeddable":true,"href":"https:\/\/www.heddata.se\/webbutik\/wp-json\/wp\/v2\/media\/91323"}],"wp:attachment":[{"href":"https:\/\/www.heddata.se\/webbutik\/wp-json\/wp\/v2\/media?parent=91312"}],"wp:term":[{"taxonomy":"product_brand","embeddable":true,"href":"https:\/\/www.heddata.se\/webbutik\/wp-json\/wp\/v2\/product_brand?post=91312"},{"taxonomy":"product_cat","embeddable":true,"href":"https:\/\/www.heddata.se\/webbutik\/wp-json\/wp\/v2\/product_cat?post=91312"},{"taxonomy":"product_tag","embeddable":true,"href":"https:\/\/www.heddata.se\/webbutik\/wp-json\/wp\/v2\/product_tag?post=91312"}],"curies":[{"name":"wp","href":"https:\/\/api.w.org\/{rel}","templated":true}]}}