{"id":91293,"date":"2021-03-31T14:18:20","date_gmt":"2021-03-31T12:18:20","guid":{"rendered":"https:\/\/www.heddata.se\/webbutik\/?post_type=product&#038;p=91293"},"modified":"2026-05-08T18:40:39","modified_gmt":"2026-05-08T16:40:39","slug":"samsung-galaxy-xcover-5-sm-g525fzkd","status":"publish","type":"product","link":"https:\/\/www.heddata.se\/webbutik\/produkt\/samsung-galaxy-xcover-5-sm-g525fzkd\/","title":{"rendered":"Samsung Galaxy XCover 5 SM-G525FZKD"},"content":{"rendered":"<p>Samsung Galaxy XCover 5 SM-G525FZKD<\/p>\n<div class=\"feature-benefit__text-wrap \">\n<div class=\"feature-benefit__text\">\n<h2 class=\"feature-benefit__title\">Oumb\u00e4rlig, robust och praktisk f\u00f6r att uppfylla dina verksamhetsbehov<\/h2>\n<div class=\"feature-benefit__desc-wrap\">\n<p class=\"feature-benefit__desc\">Galaxy XCover 5 \u00e4r designad f\u00f6r h\u00e5llbarhet och f\u00f6ljer dig vart livet \u00e4n tar dig. XCover-knappen erbjuder bekv\u00e4m enknappstryckning, till exempel f\u00f6r att sl\u00e5 p\u00e5 LED-ficklampan eller s\u00e5 kan du anpassa den f\u00f6r att starta den app du beh\u00f6ver i jobbet.<\/p>\n<h2 class=\"feature-benefit__title\">Robust och h\u00e5llbar vart arbetet \u00e4n tar dig<\/h2>\n<div class=\"feature-benefit__desc-wrap\">\n<p class=\"feature-benefit__desc\">Fokus p\u00e5 uppgiften \u00e4ven om du jobbar i tuffa milj\u00f6er. Galaxy XCover 5 har IP68-klassning och uppfyller MIL-STD 810H-standarden. S\u00e5 n\u00e4r du \u00e4r ute p\u00e5 f\u00e4ltet beh\u00f6ver du inte oroa dig f\u00f6r att inte f\u00e5 jobbet gjort om du skulle tappa telefonen eller f\u00e5 lite vatten p\u00e5 den.<\/p>\n<div class=\"feature-benefit__text-wrap \">\n<div class=\"feature-benefit__text\">\n<h2 class=\"feature-benefit__title\">Makal\u00f6s b\u00e5de p\u00e5 kontoret och ute p\u00e5 f\u00e4ltet<\/h2>\n<div class=\"feature-benefit__desc-wrap\">\n<p class=\"feature-benefit__desc\">Ha koll och klara jobbet. Galaxy XCover 5 har en 5,3-tums HD+ sk\u00e4rm som ger en detaljrik upplevelse vart jobbet \u00e4n tar dig. L\u00e4s dokumentation, titta p\u00e5 videor och kolla kartan f\u00f6r att s\u00e4kerst\u00e4lla att du \u00e4r p\u00e5 r\u00e4tt v\u00e4g, allt p\u00e5 en beh\u00e4ndig och livfull sk\u00e4rm.<\/p>\n<h2 class=\"feature-benefit__title\">Var skyddad, h\u00e5ll koll<\/h2>\n<div class=\"feature-benefit__desc-wrap\">\n<p class=\"feature-benefit__desc\">\u00c4ven om jobbet kr\u00e4ver skyddshandskar kan du \u00e4nd\u00e5 anv\u00e4nda din telefon. Sk\u00e4rmen har \u00f6kad ber\u00f6ringsk\u00e4nslighet s\u00e5 att du kan anv\u00e4nda din Galaxy XCover 5 p\u00e5 bygget eller i fabriken och \u00e4ven med h\u00e4nder som \u00e4r bl\u00f6ta av regn eller sn\u00f6.<\/p>\n<h2 class=\"feature-benefit__title\">Fota milj\u00f6erna<\/h2>\n<div class=\"feature-benefit__desc-wrap\">\n<p class=\"feature-benefit__desc\">Hj\u00e4lp minnet p\u00e5 traven n\u00e4r du \u00e4r ute \u2013 Galaxy XCover 5:s huvudkamera p\u00e5 16 MP och frontkamera p\u00e5 5 MP ger tydliga bilder. Och den dubbla LED-blixten lyser upp omgivningen s\u00e5 att du f\u00e5r bra bilder fr\u00e5n morgon till kv\u00e4ll.<\/p>\n<h2 class=\"feature-benefit__title\">Batteri som r\u00e4cker hela arbetsdagen<\/h2>\n<div class=\"feature-benefit__desc-wrap\">\n<p class=\"feature-benefit__desc\">Galaxy XCover 5 har ett utbytbart batteri p\u00e5 3 000 mAh (typiskt)**, som ger str\u00f6m l\u00e4nge. Byt ut det mot ett extrabatteri n\u00e4r effekten sjunker eller plugga in telefonen f\u00f6r 15 W snabbladdning. POGO-pins g\u00f6r dessutom att du kan ladda enheten smidigt via laddningsstationer.<\/p>\n<\/div>\n<h2 class=\"feature-benefit__title\">Lagringskapacitet och snabbhet som du kan lita p\u00e5<\/h2>\n<div class=\"feature-benefit__desc-wrap\">\n<p class=\"feature-benefit__desc\">Galaxy XCover 5 kombinerar Octa-core- processorkraft med upp till 4 GB RAM f\u00f6r snabb och effektiv prestanda n\u00e4r det beh\u00f6vs. Dra f\u00f6rdel av 64 GB lagringsminne och ut\u00f6ka vid behov upp till 1 TB med microSD-kort.<\/p>\n<h2 class=\"feature-benefit__title\">Skydda det som \u00e4r viktigt f\u00f6r dig<\/h2>\n<div class=\"feature-benefit__desc-wrap\">\n<p class=\"feature-benefit__desc\">Samsung Knox, som \u00e4r inbyggt i <a href=\"https:\/\/www.heddata.se\/webbutik\/telefon-surfplattor\/mobiltelefoner\/\">telefonens<\/a> h\u00e5rd- och mjukvara fr\u00e5n start, skyddar din telefon s\u00e5 snart den sl\u00e5s p\u00e5. S\u00e4kerheten i flera lager skyddar din k\u00e4nsligaste information mot skadliga program och intr\u00e5ng.<\/p>\n<h2 class=\"feature-benefit__title\">Skydda din verksamhet<\/h2>\n<div class=\"feature-benefit__desc-wrap\">\n<p class=\"feature-benefit__desc\"><a href=\"https:\/\/www.samsung.com\/se\/\" target=\"_blank\" rel=\"noopener\">Galaxy<\/a> XCover 5 levereras med avancerade s\u00e4kerhetsfunktioner som skyddar din data. Ansiktsigenk\u00e4nning l\u00e5ser smidigt och s\u00e4kert upp telefonen \u00e4ven om du har handskar. Och tillg\u00e5ng till regelbundna s\u00e4kerhetsuppdateringar i upp till fem \u00e5r efter global lansering g\u00f6r att du har uppdaterad s\u00e4kerhet under hela livscykeln.<\/p>\n<section>\n<h4>Specifikationer:<\/h4>\n<div><\/div>\n<div>5.3 &#8221;<\/div>\n<div><span class=\"description-tooltip\">Bildsk\u00e4rmsuppl\u00f6sning<i class=\"fa fa-info-circle\"><\/i><\/span>1600 x 720<\/div>\n<div><span class=\"description-tooltip\">Pixelt\u00e4thet<i class=\"fa fa-info-circle\"><\/i><\/span>331 ppi<\/div>\n<div>Bildformat20:9<\/div>\n<\/section>\n<section>\n<h3>Prestanda<\/h3>\n<div>Processortillverkare Samsung<\/div>\n<div>Processortyp Exynos 850<\/div>\n<div>Processorhastighet 2 GHz<\/div>\n<div>Antal k\u00e4rnor8 st<\/div>\n<div>Internminne4 GB<\/div>\n<\/section>\n<section>\n<h3>Lagring<\/h3>\n<div>Lagringskapacitet64 GB, (eMMC 5.1)<\/div>\n<div>Minneskortl\u00e4sare Ja, (microSD (upp till 1 TB))<\/div>\n<\/section>\n<section>\n<h3>Kamera<\/h3>\n<div>Huvudkamera Ja, (16 MP, f\/1.8, PDAF)<\/div>\n<div>Selfiekamera Ja, (5 MP, f\/2.2)<\/div>\n<div>Video1080p<\/div>\n<\/section>\n<section>\n<h3>Funktioner<\/h3>\n<div>Fingeravtrycksl\u00e4sare Ja<\/div>\n<div>Vattent\u00e5lig Ja, (IP68, MIL-STD-810G)<\/div>\n<div>Anslutning USB-C<\/div>\n<div>Snabbladdning Ja, (15 W)<\/div>\n<div>Ljudutg\u00e5ng (3,5 mm)Ja<\/div>\n<\/section>\n<section>\n<h3>Kommunikation<\/h3>\n<div>Tr\u00e5dl\u00f6st n\u00e4tverk Ja, (802.11 a\/b\/g\/n\/ac)<\/div>\n<div>Bluetooth Ja, (5.0, A2DP, LE)<\/div>\n<div>NFC Ja<\/div>\n<div>Positionering GPS, GLONASS, BDS, Galileo<\/div>\n<div>Mobiln\u00e4t 2G, 3G, 4G<\/div>\n<div>SIM-kort Nano<\/div>\n<\/section>\n<section>\n<h3>Batteri<\/h3>\n<div>Kapacitet 3 000 mAh<\/div>\n<\/section>\n<section>\n<h3>M\u00e5tt<\/h3>\n<div>Bredd 71.6 mm<\/div>\n<div>H\u00f6jd 147.1 mm<\/div>\n<div>Djup 9.2 mm<\/div>\n<\/section>\n<section>\n<h3>\u00d6vrigt<\/h3>\n<div>F\u00e4rg Svart<\/div>\n<div>Operativsystem Android 10<\/div>\n<div>Medf\u00f6ljande tillbeh\u00f6r Laddare, kabel<\/div>\n<div>Garanti2 \u00e5r<\/div>\n<\/section>\n<\/div>\n<\/div>\n<\/div>\n<\/div>\n<\/div>\n<\/div>\n<\/div>\n<\/div>\n<\/div>\n<\/div>\n<\/div>\n<\/div>\n","protected":false},"excerpt":{"rendered":"<p>Samsung Galaxy XCover 5 SM-G525FZKD<\/p>\n","protected":false},"featured_media":91298,"template":"","meta":[],"product_brand":[],"product_cat":[6009,103,63],"product_tag":[],"class_list":{"0":"post-91293","1":"product","2":"type-product","3":"status-publish","4":"has-post-thumbnail","6":"product_cat-mobiltelefoner-touch","7":"product_cat-telefoner","8":"product_cat-telefoner-surfplattor","10":"first","11":"outofstock","12":"taxable","13":"shipping-taxable","14":"product-type-simple"},"yoast_head":"<!-- This site is optimized with the Yoast SEO Premium plugin v26.7 (Yoast SEO v26.7) - https:\/\/yoast.com\/wordpress\/plugins\/seo\/ -->\n<title>Samsung Galaxy XCover 5 SM-G525FZKD designad f\u00f6r h\u00e5llbarhet<\/title>\n<meta name=\"description\" content=\"Samsung Galaxy XCover 5 \u00e4r designad f\u00f6r h\u00e5llbarhet och f\u00f6ljer dig vart livet \u00e4n tar dig. XCover-knappen erbjuder bekv\u00e4m enknappstryckning,\" \/>\n<meta name=\"robots\" content=\"index, follow, max-snippet:-1, max-image-preview:large, max-video-preview:-1\" \/>\n<link rel=\"canonical\" href=\"https:\/\/www.heddata.se\/webbutik\/produkt\/samsung-galaxy-xcover-5-sm-g525fzkd\/\" \/>\n<meta property=\"og:locale\" content=\"sv_SE\" \/>\n<meta property=\"og:type\" content=\"article\" \/>\n<meta property=\"og:title\" content=\"Samsung Galaxy XCover 5 SM-G525FZKD\" \/>\n<meta property=\"og:description\" content=\"Samsung Galaxy XCover 5 \u00e4r designad f\u00f6r h\u00e5llbarhet och f\u00f6ljer dig vart livet \u00e4n tar dig. XCover-knappen erbjuder bekv\u00e4m enknappstryckning,\" \/>\n<meta property=\"og:url\" content=\"https:\/\/www.heddata.se\/webbutik\/produkt\/samsung-galaxy-xcover-5-sm-g525fzkd\/\" \/>\n<meta property=\"og:site_name\" content=\"Datorer, Skrivare, F\u00e4rgpatroner, Mobiltelefoner\" \/>\n<meta property=\"article:modified_time\" content=\"2026-05-08T16:40:39+00:00\" \/>\n<meta property=\"og:image\" content=\"https:\/\/www.heddata.se\/webbutik\/wp-content\/uploads\/webbutik\/kategorier\/mobiltelefoner-surfplattor\/xcover-5.jpg\" \/>\n\t<meta property=\"og:image:width\" content=\"900\" \/>\n\t<meta property=\"og:image:height\" content=\"900\" \/>\n\t<meta property=\"og:image:type\" content=\"image\/jpeg\" \/>\n<meta name=\"twitter:card\" content=\"summary_large_image\" \/>\n<meta name=\"twitter:label1\" content=\"Ber\u00e4knad l\u00e4stid\" \/>\n\t<meta name=\"twitter:data1\" content=\"3 minuter\" \/>\n<script type=\"application\/ld+json\" class=\"yoast-schema-graph\">{\"@context\":\"https:\/\/schema.org\",\"@graph\":[{\"@type\":\"WebPage\",\"@id\":\"https:\/\/www.heddata.se\/webbutik\/produkt\/samsung-galaxy-xcover-5-sm-g525fzkd\/\",\"url\":\"https:\/\/www.heddata.se\/webbutik\/produkt\/samsung-galaxy-xcover-5-sm-g525fzkd\/\",\"name\":\"Samsung Galaxy XCover 5 SM-G525FZKD designad f\u00f6r h\u00e5llbarhet\",\"isPartOf\":{\"@id\":\"https:\/\/www.heddata.se\/webbutik\/#website\"},\"primaryImageOfPage\":{\"@id\":\"https:\/\/www.heddata.se\/webbutik\/produkt\/samsung-galaxy-xcover-5-sm-g525fzkd\/#primaryimage\"},\"image\":{\"@id\":\"https:\/\/www.heddata.se\/webbutik\/produkt\/samsung-galaxy-xcover-5-sm-g525fzkd\/#primaryimage\"},\"thumbnailUrl\":\"https:\/\/www.heddata.se\/webbutik\/wp-content\/uploads\/webbutik\/kategorier\/mobiltelefoner-surfplattor\/xcover-5.jpg\",\"datePublished\":\"2021-03-31T12:18:20+00:00\",\"dateModified\":\"2026-05-08T16:40:39+00:00\",\"description\":\"Samsung Galaxy XCover 5 \u00e4r designad f\u00f6r h\u00e5llbarhet och f\u00f6ljer dig vart livet \u00e4n tar dig. XCover-knappen erbjuder bekv\u00e4m enknappstryckning,\",\"breadcrumb\":{\"@id\":\"https:\/\/www.heddata.se\/webbutik\/produkt\/samsung-galaxy-xcover-5-sm-g525fzkd\/#breadcrumb\"},\"inLanguage\":\"sv-SE\",\"potentialAction\":[{\"@type\":\"ReadAction\",\"target\":[\"https:\/\/www.heddata.se\/webbutik\/produkt\/samsung-galaxy-xcover-5-sm-g525fzkd\/\"]}]},{\"@type\":\"ImageObject\",\"inLanguage\":\"sv-SE\",\"@id\":\"https:\/\/www.heddata.se\/webbutik\/produkt\/samsung-galaxy-xcover-5-sm-g525fzkd\/#primaryimage\",\"url\":\"https:\/\/www.heddata.se\/webbutik\/wp-content\/uploads\/webbutik\/kategorier\/mobiltelefoner-surfplattor\/xcover-5.jpg\",\"contentUrl\":\"https:\/\/www.heddata.se\/webbutik\/wp-content\/uploads\/webbutik\/kategorier\/mobiltelefoner-surfplattor\/xcover-5.jpg\",\"width\":900,\"height\":900,\"caption\":\"Samsung Galaxy XCover 5\"},{\"@type\":\"BreadcrumbList\",\"@id\":\"https:\/\/www.heddata.se\/webbutik\/produkt\/samsung-galaxy-xcover-5-sm-g525fzkd\/#breadcrumb\",\"itemListElement\":[{\"@type\":\"ListItem\",\"position\":1,\"name\":\"Hem\",\"item\":\"https:\/\/www.heddata.se\/webbutik\/\"},{\"@type\":\"ListItem\",\"position\":2,\"name\":\"Produkter\",\"item\":\"https:\/\/www.heddata.se\/webbutik\/shop\/\"},{\"@type\":\"ListItem\",\"position\":3,\"name\":\"Samsung Galaxy XCover 5 SM-G525FZKD\"}]},{\"@type\":\"WebSite\",\"@id\":\"https:\/\/www.heddata.se\/webbutik\/#website\",\"url\":\"https:\/\/www.heddata.se\/webbutik\/\",\"name\":\"Datorer, Skrivare, F\u00e4rgpatroner, Mobiltelefoner\",\"description\":\"Kablar\",\"publisher\":{\"@id\":\"https:\/\/www.heddata.se\/webbutik\/#organization\"},\"potentialAction\":[{\"@type\":\"SearchAction\",\"target\":{\"@type\":\"EntryPoint\",\"urlTemplate\":\"https:\/\/www.heddata.se\/webbutik\/?s={search_term_string}\"},\"query-input\":{\"@type\":\"PropertyValueSpecification\",\"valueRequired\":true,\"valueName\":\"search_term_string\"}}],\"inLanguage\":\"sv-SE\"},{\"@type\":\"Organization\",\"@id\":\"https:\/\/www.heddata.se\/webbutik\/#organization\",\"name\":\"Heddata AB\",\"url\":\"https:\/\/www.heddata.se\/webbutik\/\",\"logo\":{\"@type\":\"ImageObject\",\"inLanguage\":\"sv-SE\",\"@id\":\"https:\/\/www.heddata.se\/webbutik\/#\/schema\/logo\/image\/\",\"url\":\"https:\/\/www.heddata.se\/webbutik\/wp-content\/uploads\/logga\/heddata-ab-logga.png\",\"contentUrl\":\"https:\/\/www.heddata.se\/webbutik\/wp-content\/uploads\/logga\/heddata-ab-logga.png\",\"width\":200,\"height\":64,\"caption\":\"Heddata AB\"},\"image\":{\"@id\":\"https:\/\/www.heddata.se\/webbutik\/#\/schema\/logo\/image\/\"}}]}<\/script>\n<!-- \/ Yoast SEO Premium plugin. -->","yoast_head_json":{"title":"Samsung Galaxy XCover 5 SM-G525FZKD designad f\u00f6r h\u00e5llbarhet","description":"Samsung Galaxy XCover 5 \u00e4r designad f\u00f6r h\u00e5llbarhet och f\u00f6ljer dig vart livet \u00e4n tar dig. XCover-knappen erbjuder bekv\u00e4m enknappstryckning,","robots":{"index":"index","follow":"follow","max-snippet":"max-snippet:-1","max-image-preview":"max-image-preview:large","max-video-preview":"max-video-preview:-1"},"canonical":"https:\/\/www.heddata.se\/webbutik\/produkt\/samsung-galaxy-xcover-5-sm-g525fzkd\/","og_locale":"sv_SE","og_type":"article","og_title":"Samsung Galaxy XCover 5 SM-G525FZKD","og_description":"Samsung Galaxy XCover 5 \u00e4r designad f\u00f6r h\u00e5llbarhet och f\u00f6ljer dig vart livet \u00e4n tar dig. XCover-knappen erbjuder bekv\u00e4m enknappstryckning,","og_url":"https:\/\/www.heddata.se\/webbutik\/produkt\/samsung-galaxy-xcover-5-sm-g525fzkd\/","og_site_name":"Datorer, Skrivare, F\u00e4rgpatroner, Mobiltelefoner","article_modified_time":"2026-05-08T16:40:39+00:00","og_image":[{"width":900,"height":900,"url":"https:\/\/www.heddata.se\/webbutik\/wp-content\/uploads\/webbutik\/kategorier\/mobiltelefoner-surfplattor\/xcover-5.jpg","type":"image\/jpeg"}],"twitter_card":"summary_large_image","twitter_misc":{"Ber\u00e4knad l\u00e4stid":"3 minuter"},"schema":{"@context":"https:\/\/schema.org","@graph":[{"@type":"WebPage","@id":"https:\/\/www.heddata.se\/webbutik\/produkt\/samsung-galaxy-xcover-5-sm-g525fzkd\/","url":"https:\/\/www.heddata.se\/webbutik\/produkt\/samsung-galaxy-xcover-5-sm-g525fzkd\/","name":"Samsung Galaxy XCover 5 SM-G525FZKD designad f\u00f6r h\u00e5llbarhet","isPartOf":{"@id":"https:\/\/www.heddata.se\/webbutik\/#website"},"primaryImageOfPage":{"@id":"https:\/\/www.heddata.se\/webbutik\/produkt\/samsung-galaxy-xcover-5-sm-g525fzkd\/#primaryimage"},"image":{"@id":"https:\/\/www.heddata.se\/webbutik\/produkt\/samsung-galaxy-xcover-5-sm-g525fzkd\/#primaryimage"},"thumbnailUrl":"https:\/\/www.heddata.se\/webbutik\/wp-content\/uploads\/webbutik\/kategorier\/mobiltelefoner-surfplattor\/xcover-5.jpg","datePublished":"2021-03-31T12:18:20+00:00","dateModified":"2026-05-08T16:40:39+00:00","description":"Samsung Galaxy XCover 5 \u00e4r designad f\u00f6r h\u00e5llbarhet och f\u00f6ljer dig vart livet \u00e4n tar dig. XCover-knappen erbjuder bekv\u00e4m enknappstryckning,","breadcrumb":{"@id":"https:\/\/www.heddata.se\/webbutik\/produkt\/samsung-galaxy-xcover-5-sm-g525fzkd\/#breadcrumb"},"inLanguage":"sv-SE","potentialAction":[{"@type":"ReadAction","target":["https:\/\/www.heddata.se\/webbutik\/produkt\/samsung-galaxy-xcover-5-sm-g525fzkd\/"]}]},{"@type":"ImageObject","inLanguage":"sv-SE","@id":"https:\/\/www.heddata.se\/webbutik\/produkt\/samsung-galaxy-xcover-5-sm-g525fzkd\/#primaryimage","url":"https:\/\/www.heddata.se\/webbutik\/wp-content\/uploads\/webbutik\/kategorier\/mobiltelefoner-surfplattor\/xcover-5.jpg","contentUrl":"https:\/\/www.heddata.se\/webbutik\/wp-content\/uploads\/webbutik\/kategorier\/mobiltelefoner-surfplattor\/xcover-5.jpg","width":900,"height":900,"caption":"Samsung Galaxy XCover 5"},{"@type":"BreadcrumbList","@id":"https:\/\/www.heddata.se\/webbutik\/produkt\/samsung-galaxy-xcover-5-sm-g525fzkd\/#breadcrumb","itemListElement":[{"@type":"ListItem","position":1,"name":"Hem","item":"https:\/\/www.heddata.se\/webbutik\/"},{"@type":"ListItem","position":2,"name":"Produkter","item":"https:\/\/www.heddata.se\/webbutik\/shop\/"},{"@type":"ListItem","position":3,"name":"Samsung Galaxy XCover 5 SM-G525FZKD"}]},{"@type":"WebSite","@id":"https:\/\/www.heddata.se\/webbutik\/#website","url":"https:\/\/www.heddata.se\/webbutik\/","name":"Datorer, Skrivare, F\u00e4rgpatroner, Mobiltelefoner","description":"Kablar","publisher":{"@id":"https:\/\/www.heddata.se\/webbutik\/#organization"},"potentialAction":[{"@type":"SearchAction","target":{"@type":"EntryPoint","urlTemplate":"https:\/\/www.heddata.se\/webbutik\/?s={search_term_string}"},"query-input":{"@type":"PropertyValueSpecification","valueRequired":true,"valueName":"search_term_string"}}],"inLanguage":"sv-SE"},{"@type":"Organization","@id":"https:\/\/www.heddata.se\/webbutik\/#organization","name":"Heddata AB","url":"https:\/\/www.heddata.se\/webbutik\/","logo":{"@type":"ImageObject","inLanguage":"sv-SE","@id":"https:\/\/www.heddata.se\/webbutik\/#\/schema\/logo\/image\/","url":"https:\/\/www.heddata.se\/webbutik\/wp-content\/uploads\/logga\/heddata-ab-logga.png","contentUrl":"https:\/\/www.heddata.se\/webbutik\/wp-content\/uploads\/logga\/heddata-ab-logga.png","width":200,"height":64,"caption":"Heddata AB"},"image":{"@id":"https:\/\/www.heddata.se\/webbutik\/#\/schema\/logo\/image\/"}}]}},"_links":{"self":[{"href":"https:\/\/www.heddata.se\/webbutik\/wp-json\/wp\/v2\/product\/91293","targetHints":{"allow":["GET"]}}],"collection":[{"href":"https:\/\/www.heddata.se\/webbutik\/wp-json\/wp\/v2\/product"}],"about":[{"href":"https:\/\/www.heddata.se\/webbutik\/wp-json\/wp\/v2\/types\/product"}],"wp:featuredmedia":[{"embeddable":true,"href":"https:\/\/www.heddata.se\/webbutik\/wp-json\/wp\/v2\/media\/91298"}],"wp:attachment":[{"href":"https:\/\/www.heddata.se\/webbutik\/wp-json\/wp\/v2\/media?parent=91293"}],"wp:term":[{"taxonomy":"product_brand","embeddable":true,"href":"https:\/\/www.heddata.se\/webbutik\/wp-json\/wp\/v2\/product_brand?post=91293"},{"taxonomy":"product_cat","embeddable":true,"href":"https:\/\/www.heddata.se\/webbutik\/wp-json\/wp\/v2\/product_cat?post=91293"},{"taxonomy":"product_tag","embeddable":true,"href":"https:\/\/www.heddata.se\/webbutik\/wp-json\/wp\/v2\/product_tag?post=91293"}],"curies":[{"name":"wp","href":"https:\/\/api.w.org\/{rel}","templated":true}]}}