{"id":91283,"date":"2021-03-30T10:18:20","date_gmt":"2021-03-30T08:18:20","guid":{"rendered":"https:\/\/www.heddata.se\/webbutik\/?post_type=product&#038;p=91283"},"modified":"2026-05-01T18:11:29","modified_gmt":"2026-05-01T16:11:29","slug":"ersattnings-fjarrkontroll-sony-tv-tvrc41sobk","status":"publish","type":"product","link":"https:\/\/www.heddata.se\/webbutik\/produkt\/ersattnings-fjarrkontroll-sony-tv-tvrc41sobk\/","title":{"rendered":"Ers\u00e4ttnings Fj\u00e4rrkontroll Sony TV TVRC41SOBK"},"content":{"rendered":"<p>Ers\u00e4ttnings Fj\u00e4rrkontroll Sony TV TVRC41SOBK<\/p>\n<div class=\"description\">\n<div class=\"d-flex flex-column\">\n<div class=\"position-relative\">\n<div class=\"\">\n<p class=\"p-0 m-0\">Ers\u00e4tt en f\u00f6rlorad eller trasig Sony-fj\u00e4rrkontroll med <a href=\"https:\/\/nedis.se\/sv-se\" target=\"_blank\" rel=\"noopener\">Nedis\u00ae<\/a> f\u00f6rprogrammerade utbytesfj\u00e4rrkontroll f\u00f6r TV-apparater som \u00e4r kompatibel med alla TV-apparater fr\u00e5n Sony. Tack vare en omfattande inbyggd koddatabas har den varje enskild funktion hos den ursprungliga versionen. Nedis\u00ae utbytesfj\u00e4rrkontroll \u00e4r enkel att anv\u00e4nda eftersom den inte kr\u00e4ver n\u00e5gon programmering. Det \u00e4r bara att s\u00e4tta i batterierna och komma ig\u00e5ng.<\/p>\n<\/div>\n<\/div>\n<\/div>\n<\/div>\n<h4 class=\"mt-3\"><strong class=\"d-block\">Egenskaper<\/strong><\/h4>\n<p class=\"m-0\">Stor koddatabas ers\u00e4tter alla funktioner hos originalfj\u00e4rrkontrollen<\/p>\n<p class=\"m-0\">Passar perfekt i din hand<\/p>\n<p class=\"m-0\">F\u00f6rprogrammerad, klar att anv\u00e4nda<\/p>\n<p class=\"m-0\">Inl\u00e4rningsknapp; Tryck p\u00e5 knappen n\u00e4r du \u00e4r i inl\u00e4rningsl\u00e4ge f\u00f6r att aktivera signalen innan du kopierar funktioner fr\u00e5n andra fj\u00e4rrkontroller.<\/p>\n<p class=\"m-0\">Fungerar med alla <a href=\"https:\/\/www.heddata.se\/webbutik\/tv-apparater\/\">TV-apparater<\/a> fr\u00e5n Sony som tillverkats 2012 eller senare<\/p>\n<h4 id=\"specifications\">Produktspecifikationer<\/h4>\n<table class=\"table table-dashed-border\">\n<tbody>\n<tr>\n<th scope=\"row\">F\u00e4rg<\/th>\n<td>Svart<\/td>\n<\/tr>\n<tr>\n<th scope=\"row\">S\u00e4ndningsteknik<\/th>\n<td>Infrared<\/td>\n<\/tr>\n<tr>\n<th scope=\"row\">Passar till<\/th>\n<td>Sony<\/td>\n<\/tr>\n<tr>\n<th scope=\"row\">Antal enheter<\/th>\n<td>1<\/td>\n<\/tr>\n<tr>\n<th scope=\"row\">Batterityp<\/th>\n<td>2x AAA\/LR03<\/td>\n<\/tr>\n<tr>\n<th scope=\"row\">Kodinmatning<\/th>\n<td>Fast<\/td>\n<\/tr>\n<tr>\n<th scope=\"row\">Material<\/th>\n<td>ABS \/ Rubber<\/td>\n<\/tr>\n<tr>\n<th scope=\"row\">batterier medf\u00f6ljer<\/th>\n<td>Nej<\/td>\n<\/tr>\n<tr>\n<th scope=\"row\">Anv\u00e4ndning<\/th>\n<td>TV<\/td>\n<\/tr>\n<\/tbody>\n<\/table>\n","protected":false},"excerpt":{"rendered":"<p>Ers\u00e4ttnings Fj\u00e4rrkontroll Sony TV TVRC41SOBK<\/p>\n","protected":false},"featured_media":91290,"template":"","meta":[],"product_brand":[],"product_cat":[8993,86],"product_tag":[],"class_list":{"0":"post-91283","1":"product","2":"type-product","3":"status-publish","4":"has-post-thumbnail","6":"product_cat-fjarrkontroller","7":"product_cat-tillbehor-tv","9":"first","10":"instock","11":"taxable","12":"shipping-taxable","13":"purchasable","14":"product-type-simple"},"yoast_head":"<!-- This site is optimized with the Yoast SEO Premium plugin v26.7 (Yoast SEO v26.7) - https:\/\/yoast.com\/wordpress\/plugins\/seo\/ -->\n<title>Ers\u00e4ttnings Fj\u00e4rrkontroll Sony TV TVRC41SOBK f\u00f6rprogrammerad<\/title>\n<meta name=\"description\" content=\"Ers\u00e4ttnings Fj\u00e4rrkontroll Sony TV TVRC41SOBK Ers\u00e4tt en f\u00f6rlorad eller trasig Sony-fj\u00e4rrkontroll med Nedis\u00ae utbytesfj\u00e4rrkontroll\" \/>\n<meta name=\"robots\" content=\"index, follow, max-snippet:-1, max-image-preview:large, max-video-preview:-1\" \/>\n<link rel=\"canonical\" href=\"https:\/\/www.heddata.se\/webbutik\/produkt\/ersattnings-fjarrkontroll-sony-tv-tvrc41sobk\/\" \/>\n<meta property=\"og:locale\" content=\"sv_SE\" \/>\n<meta property=\"og:type\" content=\"article\" \/>\n<meta property=\"og:title\" content=\"Ers\u00e4ttnings Fj\u00e4rrkontroll Sony TV TVRC41SOBK\" \/>\n<meta property=\"og:description\" content=\"Ers\u00e4ttnings Fj\u00e4rrkontroll Sony TV TVRC41SOBK Ers\u00e4tt en f\u00f6rlorad eller trasig Sony-fj\u00e4rrkontroll med Nedis\u00ae utbytesfj\u00e4rrkontroll\" \/>\n<meta property=\"og:url\" content=\"https:\/\/www.heddata.se\/webbutik\/produkt\/ersattnings-fjarrkontroll-sony-tv-tvrc41sobk\/\" \/>\n<meta property=\"og:site_name\" content=\"Datorer, Skrivare, F\u00e4rgpatroner, Mobiltelefoner\" \/>\n<meta property=\"article:modified_time\" content=\"2026-05-01T16:11:29+00:00\" \/>\n<meta property=\"og:image\" content=\"https:\/\/www.heddata.se\/webbutik\/wp-content\/uploads\/webbutik\/kategorier\/tv\/tvrc41sobk.jpeg\" \/>\n\t<meta property=\"og:image:width\" content=\"1200\" \/>\n\t<meta property=\"og:image:height\" content=\"1200\" \/>\n\t<meta property=\"og:image:type\" content=\"image\/jpeg\" \/>\n<meta name=\"twitter:card\" content=\"summary_large_image\" \/>\n<meta name=\"twitter:label1\" content=\"Ber\u00e4knad l\u00e4stid\" \/>\n\t<meta name=\"twitter:data1\" content=\"1 minut\" \/>\n<script type=\"application\/ld+json\" class=\"yoast-schema-graph\">{\"@context\":\"https:\/\/schema.org\",\"@graph\":[{\"@type\":\"WebPage\",\"@id\":\"https:\/\/www.heddata.se\/webbutik\/produkt\/ersattnings-fjarrkontroll-sony-tv-tvrc41sobk\/\",\"url\":\"https:\/\/www.heddata.se\/webbutik\/produkt\/ersattnings-fjarrkontroll-sony-tv-tvrc41sobk\/\",\"name\":\"Ers\u00e4ttnings Fj\u00e4rrkontroll Sony TV TVRC41SOBK f\u00f6rprogrammerad\",\"isPartOf\":{\"@id\":\"https:\/\/www.heddata.se\/webbutik\/#website\"},\"primaryImageOfPage\":{\"@id\":\"https:\/\/www.heddata.se\/webbutik\/produkt\/ersattnings-fjarrkontroll-sony-tv-tvrc41sobk\/#primaryimage\"},\"image\":{\"@id\":\"https:\/\/www.heddata.se\/webbutik\/produkt\/ersattnings-fjarrkontroll-sony-tv-tvrc41sobk\/#primaryimage\"},\"thumbnailUrl\":\"https:\/\/www.heddata.se\/webbutik\/wp-content\/uploads\/webbutik\/kategorier\/tv\/tvrc41sobk.jpeg\",\"datePublished\":\"2021-03-30T08:18:20+00:00\",\"dateModified\":\"2026-05-01T16:11:29+00:00\",\"description\":\"Ers\u00e4ttnings Fj\u00e4rrkontroll Sony TV TVRC41SOBK Ers\u00e4tt en f\u00f6rlorad eller trasig Sony-fj\u00e4rrkontroll med Nedis\u00ae utbytesfj\u00e4rrkontroll\",\"breadcrumb\":{\"@id\":\"https:\/\/www.heddata.se\/webbutik\/produkt\/ersattnings-fjarrkontroll-sony-tv-tvrc41sobk\/#breadcrumb\"},\"inLanguage\":\"sv-SE\",\"potentialAction\":[{\"@type\":\"ReadAction\",\"target\":[\"https:\/\/www.heddata.se\/webbutik\/produkt\/ersattnings-fjarrkontroll-sony-tv-tvrc41sobk\/\"]}]},{\"@type\":\"ImageObject\",\"inLanguage\":\"sv-SE\",\"@id\":\"https:\/\/www.heddata.se\/webbutik\/produkt\/ersattnings-fjarrkontroll-sony-tv-tvrc41sobk\/#primaryimage\",\"url\":\"https:\/\/www.heddata.se\/webbutik\/wp-content\/uploads\/webbutik\/kategorier\/tv\/tvrc41sobk.jpeg\",\"contentUrl\":\"https:\/\/www.heddata.se\/webbutik\/wp-content\/uploads\/webbutik\/kategorier\/tv\/tvrc41sobk.jpeg\",\"width\":1200,\"height\":1200,\"caption\":\"Ers\u00e4ttnings Fj\u00e4rrkontroll Sony TV\"},{\"@type\":\"BreadcrumbList\",\"@id\":\"https:\/\/www.heddata.se\/webbutik\/produkt\/ersattnings-fjarrkontroll-sony-tv-tvrc41sobk\/#breadcrumb\",\"itemListElement\":[{\"@type\":\"ListItem\",\"position\":1,\"name\":\"Hem\",\"item\":\"https:\/\/www.heddata.se\/webbutik\/\"},{\"@type\":\"ListItem\",\"position\":2,\"name\":\"Produkter\",\"item\":\"https:\/\/www.heddata.se\/webbutik\/shop\/\"},{\"@type\":\"ListItem\",\"position\":3,\"name\":\"Ers\u00e4ttnings Fj\u00e4rrkontroll Sony TV TVRC41SOBK\"}]},{\"@type\":\"WebSite\",\"@id\":\"https:\/\/www.heddata.se\/webbutik\/#website\",\"url\":\"https:\/\/www.heddata.se\/webbutik\/\",\"name\":\"Datorer, Skrivare, F\u00e4rgpatroner, Mobiltelefoner\",\"description\":\"Kablar\",\"publisher\":{\"@id\":\"https:\/\/www.heddata.se\/webbutik\/#organization\"},\"potentialAction\":[{\"@type\":\"SearchAction\",\"target\":{\"@type\":\"EntryPoint\",\"urlTemplate\":\"https:\/\/www.heddata.se\/webbutik\/?s={search_term_string}\"},\"query-input\":{\"@type\":\"PropertyValueSpecification\",\"valueRequired\":true,\"valueName\":\"search_term_string\"}}],\"inLanguage\":\"sv-SE\"},{\"@type\":\"Organization\",\"@id\":\"https:\/\/www.heddata.se\/webbutik\/#organization\",\"name\":\"Heddata AB\",\"url\":\"https:\/\/www.heddata.se\/webbutik\/\",\"logo\":{\"@type\":\"ImageObject\",\"inLanguage\":\"sv-SE\",\"@id\":\"https:\/\/www.heddata.se\/webbutik\/#\/schema\/logo\/image\/\",\"url\":\"https:\/\/www.heddata.se\/webbutik\/wp-content\/uploads\/logga\/heddata-ab-logga.png\",\"contentUrl\":\"https:\/\/www.heddata.se\/webbutik\/wp-content\/uploads\/logga\/heddata-ab-logga.png\",\"width\":200,\"height\":64,\"caption\":\"Heddata AB\"},\"image\":{\"@id\":\"https:\/\/www.heddata.se\/webbutik\/#\/schema\/logo\/image\/\"}}]}<\/script>\n<!-- \/ Yoast SEO Premium plugin. -->","yoast_head_json":{"title":"Ers\u00e4ttnings Fj\u00e4rrkontroll Sony TV TVRC41SOBK f\u00f6rprogrammerad","description":"Ers\u00e4ttnings Fj\u00e4rrkontroll Sony TV TVRC41SOBK Ers\u00e4tt en f\u00f6rlorad eller trasig Sony-fj\u00e4rrkontroll med Nedis\u00ae utbytesfj\u00e4rrkontroll","robots":{"index":"index","follow":"follow","max-snippet":"max-snippet:-1","max-image-preview":"max-image-preview:large","max-video-preview":"max-video-preview:-1"},"canonical":"https:\/\/www.heddata.se\/webbutik\/produkt\/ersattnings-fjarrkontroll-sony-tv-tvrc41sobk\/","og_locale":"sv_SE","og_type":"article","og_title":"Ers\u00e4ttnings Fj\u00e4rrkontroll Sony TV TVRC41SOBK","og_description":"Ers\u00e4ttnings Fj\u00e4rrkontroll Sony TV TVRC41SOBK Ers\u00e4tt en f\u00f6rlorad eller trasig Sony-fj\u00e4rrkontroll med Nedis\u00ae utbytesfj\u00e4rrkontroll","og_url":"https:\/\/www.heddata.se\/webbutik\/produkt\/ersattnings-fjarrkontroll-sony-tv-tvrc41sobk\/","og_site_name":"Datorer, Skrivare, F\u00e4rgpatroner, Mobiltelefoner","article_modified_time":"2026-05-01T16:11:29+00:00","og_image":[{"width":1200,"height":1200,"url":"https:\/\/www.heddata.se\/webbutik\/wp-content\/uploads\/webbutik\/kategorier\/tv\/tvrc41sobk.jpeg","type":"image\/jpeg"}],"twitter_card":"summary_large_image","twitter_misc":{"Ber\u00e4knad l\u00e4stid":"1 minut"},"schema":{"@context":"https:\/\/schema.org","@graph":[{"@type":"WebPage","@id":"https:\/\/www.heddata.se\/webbutik\/produkt\/ersattnings-fjarrkontroll-sony-tv-tvrc41sobk\/","url":"https:\/\/www.heddata.se\/webbutik\/produkt\/ersattnings-fjarrkontroll-sony-tv-tvrc41sobk\/","name":"Ers\u00e4ttnings Fj\u00e4rrkontroll Sony TV TVRC41SOBK f\u00f6rprogrammerad","isPartOf":{"@id":"https:\/\/www.heddata.se\/webbutik\/#website"},"primaryImageOfPage":{"@id":"https:\/\/www.heddata.se\/webbutik\/produkt\/ersattnings-fjarrkontroll-sony-tv-tvrc41sobk\/#primaryimage"},"image":{"@id":"https:\/\/www.heddata.se\/webbutik\/produkt\/ersattnings-fjarrkontroll-sony-tv-tvrc41sobk\/#primaryimage"},"thumbnailUrl":"https:\/\/www.heddata.se\/webbutik\/wp-content\/uploads\/webbutik\/kategorier\/tv\/tvrc41sobk.jpeg","datePublished":"2021-03-30T08:18:20+00:00","dateModified":"2026-05-01T16:11:29+00:00","description":"Ers\u00e4ttnings Fj\u00e4rrkontroll Sony TV TVRC41SOBK Ers\u00e4tt en f\u00f6rlorad eller trasig Sony-fj\u00e4rrkontroll med Nedis\u00ae utbytesfj\u00e4rrkontroll","breadcrumb":{"@id":"https:\/\/www.heddata.se\/webbutik\/produkt\/ersattnings-fjarrkontroll-sony-tv-tvrc41sobk\/#breadcrumb"},"inLanguage":"sv-SE","potentialAction":[{"@type":"ReadAction","target":["https:\/\/www.heddata.se\/webbutik\/produkt\/ersattnings-fjarrkontroll-sony-tv-tvrc41sobk\/"]}]},{"@type":"ImageObject","inLanguage":"sv-SE","@id":"https:\/\/www.heddata.se\/webbutik\/produkt\/ersattnings-fjarrkontroll-sony-tv-tvrc41sobk\/#primaryimage","url":"https:\/\/www.heddata.se\/webbutik\/wp-content\/uploads\/webbutik\/kategorier\/tv\/tvrc41sobk.jpeg","contentUrl":"https:\/\/www.heddata.se\/webbutik\/wp-content\/uploads\/webbutik\/kategorier\/tv\/tvrc41sobk.jpeg","width":1200,"height":1200,"caption":"Ers\u00e4ttnings Fj\u00e4rrkontroll Sony TV"},{"@type":"BreadcrumbList","@id":"https:\/\/www.heddata.se\/webbutik\/produkt\/ersattnings-fjarrkontroll-sony-tv-tvrc41sobk\/#breadcrumb","itemListElement":[{"@type":"ListItem","position":1,"name":"Hem","item":"https:\/\/www.heddata.se\/webbutik\/"},{"@type":"ListItem","position":2,"name":"Produkter","item":"https:\/\/www.heddata.se\/webbutik\/shop\/"},{"@type":"ListItem","position":3,"name":"Ers\u00e4ttnings Fj\u00e4rrkontroll Sony TV TVRC41SOBK"}]},{"@type":"WebSite","@id":"https:\/\/www.heddata.se\/webbutik\/#website","url":"https:\/\/www.heddata.se\/webbutik\/","name":"Datorer, Skrivare, F\u00e4rgpatroner, Mobiltelefoner","description":"Kablar","publisher":{"@id":"https:\/\/www.heddata.se\/webbutik\/#organization"},"potentialAction":[{"@type":"SearchAction","target":{"@type":"EntryPoint","urlTemplate":"https:\/\/www.heddata.se\/webbutik\/?s={search_term_string}"},"query-input":{"@type":"PropertyValueSpecification","valueRequired":true,"valueName":"search_term_string"}}],"inLanguage":"sv-SE"},{"@type":"Organization","@id":"https:\/\/www.heddata.se\/webbutik\/#organization","name":"Heddata AB","url":"https:\/\/www.heddata.se\/webbutik\/","logo":{"@type":"ImageObject","inLanguage":"sv-SE","@id":"https:\/\/www.heddata.se\/webbutik\/#\/schema\/logo\/image\/","url":"https:\/\/www.heddata.se\/webbutik\/wp-content\/uploads\/logga\/heddata-ab-logga.png","contentUrl":"https:\/\/www.heddata.se\/webbutik\/wp-content\/uploads\/logga\/heddata-ab-logga.png","width":200,"height":64,"caption":"Heddata AB"},"image":{"@id":"https:\/\/www.heddata.se\/webbutik\/#\/schema\/logo\/image\/"}}]}},"_links":{"self":[{"href":"https:\/\/www.heddata.se\/webbutik\/wp-json\/wp\/v2\/product\/91283","targetHints":{"allow":["GET"]}}],"collection":[{"href":"https:\/\/www.heddata.se\/webbutik\/wp-json\/wp\/v2\/product"}],"about":[{"href":"https:\/\/www.heddata.se\/webbutik\/wp-json\/wp\/v2\/types\/product"}],"wp:featuredmedia":[{"embeddable":true,"href":"https:\/\/www.heddata.se\/webbutik\/wp-json\/wp\/v2\/media\/91290"}],"wp:attachment":[{"href":"https:\/\/www.heddata.se\/webbutik\/wp-json\/wp\/v2\/media?parent=91283"}],"wp:term":[{"taxonomy":"product_brand","embeddable":true,"href":"https:\/\/www.heddata.se\/webbutik\/wp-json\/wp\/v2\/product_brand?post=91283"},{"taxonomy":"product_cat","embeddable":true,"href":"https:\/\/www.heddata.se\/webbutik\/wp-json\/wp\/v2\/product_cat?post=91283"},{"taxonomy":"product_tag","embeddable":true,"href":"https:\/\/www.heddata.se\/webbutik\/wp-json\/wp\/v2\/product_tag?post=91283"}],"curies":[{"name":"wp","href":"https:\/\/api.w.org\/{rel}","templated":true}]}}