{"id":91282,"date":"2021-03-30T10:18:11","date_gmt":"2021-03-30T08:18:11","guid":{"rendered":"https:\/\/www.heddata.se\/webbutik\/?post_type=product&#038;p=91282"},"modified":"2026-04-03T18:11:28","modified_gmt":"2026-04-03T16:11:28","slug":"billaddare-usb-c-1-m-30-a-cchac300abk","status":"publish","type":"product","link":"https:\/\/www.heddata.se\/webbutik\/produkt\/billaddare-usb-c-1-m-30-a-cchac300abk\/","title":{"rendered":"Billaddare USB-C 1 m 3,0 A CCHAC300ABK"},"content":{"rendered":"<p>Billaddare USB-C 1 m 3,0 A CCHAC300ABK<\/p>\n<div class=\"description\">\n<div class=\"d-flex flex-column\">\n<div class=\"position-relative\">\n<div class=\"\">\n<p class=\"p-0 m-0\">Ladda din surfplatta eller smartphone med <a href=\"https:\/\/nedis.se\/sv-se\" target=\"_blank\" rel=\"noopener\">Nedis\u00ae<\/a> USB-C-billaddare. Den \u00e4r \u00e4ven kompatibel med m\u00e5nga andra enheter med USB-C-anslutning.<\/p>\n<\/div>\n<\/div>\n<\/div>\n<\/div>\n<h4 class=\"mt-3\"><strong class=\"d-block\">Egenskaper<\/strong><\/h4>\n<p class=\"m-0\">3.0 A<br \/>\nUSB Type-C connector<\/p>\n<h4 id=\"specifications\">Produktspecifikationer<\/h4>\n<p>&nbsp;<\/p>\n<table class=\"table table-dashed-border\">\n<tbody>\n<tr>\n<th scope=\"row\">Kabell\u00e4ngd<\/th>\n<td>1.00 m<\/td>\n<\/tr>\n<tr>\n<th scope=\"row\">F\u00e4rg<\/th>\n<td>Svart<br \/>\nGr\u00e5<\/td>\n<\/tr>\n<tr>\n<th scope=\"row\">Antal utg\u00e5ngar<\/th>\n<td>1<\/td>\n<\/tr>\n<tr>\n<th scope=\"row\">N\u00e4tkontakt<\/th>\n<td>Biladapter<\/td>\n<\/tr>\n<tr>\n<th scope=\"row\">Passar till m\u00e4rken<\/th>\n<td>Universella<\/td>\n<\/tr>\n<tr>\n<th scope=\"row\">Kabel ing\u00e5r<\/th>\n<td>Nej<\/td>\n<\/tr>\n<tr>\n<th scope=\"row\">LED indikatorn anv\u00e4nds<\/th>\n<td>Ja<\/td>\n<\/tr>\n<tr>\n<th scope=\"row\">Snabbladdnings funktion<\/th>\n<td>Ja<\/td>\n<\/tr>\n<tr>\n<th scope=\"row\">Material<\/th>\n<td>PC<\/td>\n<\/tr>\n<tr>\n<th scope=\"row\">Passar till enhet<\/th>\n<td>Smartphone<br \/>\nSurfplatta<\/td>\n<\/tr>\n<tr>\n<th scope=\"row\">Utsp\u00e4nning<\/th>\n<td>5 VDC<\/td>\n<\/tr>\n<tr>\n<th scope=\"row\">Kompatibel med enhet<\/th>\n<td><a href=\"https:\/\/www.heddata.se\/webbutik\/telefon-surfplattor\/mobiltelefoner\/\">Smartphone<\/a><br \/>\nSurfplatta<\/td>\n<\/tr>\n<tr>\n<th scope=\"row\">Maximal utg\u00e5ngsstr\u00f6m per port<\/th>\n<td>3.0 A<\/td>\n<\/tr>\n<tr>\n<th scope=\"row\">Kabeltyp<\/th>\n<td>USB-C\u2122 (Fast) Kabel<\/td>\n<\/tr>\n<tr>\n<th scope=\"row\">Maximal str\u00f6m konsumtion<\/th>\n<td>15 W<\/td>\n<\/tr>\n<tr>\n<th scope=\"row\">Val av utsp\u00e4nning<\/th>\n<td>Enkel Sp\u00e4nningsutg\u00e5ng<\/td>\n<\/tr>\n<tr>\n<th scope=\"row\">Insp\u00e4nning<\/th>\n<td>12 &#8211; 24 VDC<\/td>\n<\/tr>\n<tr>\n<th scope=\"row\">Djup<\/th>\n<td>26 mm<\/td>\n<\/tr>\n<tr>\n<th scope=\"row\">Display<\/th>\n<td>Nej<\/td>\n<\/tr>\n<tr>\n<th scope=\"row\">Typ av str\u00f6mk\u00e4lla<\/th>\n<td>Bil DC str\u00f6m<\/td>\n<\/tr>\n<tr>\n<th scope=\"row\">Apparat<\/th>\n<td>Bil<br \/>\nB\u00e5t<br \/>\nLastbil<\/td>\n<\/tr>\n<tr>\n<th scope=\"row\">Utstr\u00f6m<\/th>\n<td>1x 3,0 A<\/td>\n<\/tr>\n<tr>\n<th scope=\"row\">H\u00f6jd<\/th>\n<td>69 mm<\/td>\n<\/tr>\n<tr>\n<th scope=\"row\">Bredd<\/th>\n<td>24 mm<\/td>\n<\/tr>\n<\/tbody>\n<\/table>\n","protected":false},"excerpt":{"rendered":"<p>Billaddare USB-C 1 m 3,0 A CCHAC300ABK<\/p>\n","protected":false},"featured_media":91286,"template":"","meta":[],"product_brand":[],"product_cat":[124,118],"product_tag":[],"class_list":{"0":"post-91282","1":"product","2":"type-product","3":"status-publish","4":"has-post-thumbnail","6":"product_cat-billaddare","7":"product_cat-telefonladdare","9":"first","10":"outofstock","11":"taxable","12":"shipping-taxable","13":"purchasable","14":"product-type-simple"},"yoast_head":"<!-- This site is optimized with the Yoast SEO Premium plugin v26.7 (Yoast SEO v26.7) - https:\/\/yoast.com\/wordpress\/plugins\/seo\/ -->\n<title>Billaddare USB-C 1 m 3,0 A CCHAC300ABK f\u00f6r surfplatta eller smartphone<\/title>\n<meta name=\"description\" content=\"Billaddare USB-C 1 m 3,0 A CCHAC300ABK Ladda din surfplatta eller smartphone med Nedis\u00ae USB-C-billaddare. \u00c4ven kompatibel med andra enheter.\" \/>\n<meta name=\"robots\" content=\"index, follow, max-snippet:-1, max-image-preview:large, max-video-preview:-1\" \/>\n<link rel=\"canonical\" href=\"https:\/\/www.heddata.se\/webbutik\/produkt\/billaddare-usb-c-1-m-30-a-cchac300abk\/\" \/>\n<meta property=\"og:locale\" content=\"sv_SE\" \/>\n<meta property=\"og:type\" content=\"article\" \/>\n<meta property=\"og:title\" content=\"Billaddare USB-C 1 m 3,0 A CCHAC300ABK\" \/>\n<meta property=\"og:description\" content=\"Billaddare USB-C 1 m 3,0 A CCHAC300ABK Ladda din surfplatta eller smartphone med Nedis\u00ae USB-C-billaddare. \u00c4ven kompatibel med andra enheter.\" \/>\n<meta property=\"og:url\" content=\"https:\/\/www.heddata.se\/webbutik\/produkt\/billaddare-usb-c-1-m-30-a-cchac300abk\/\" \/>\n<meta property=\"og:site_name\" content=\"Datorer, Skrivare, F\u00e4rgpatroner, Mobiltelefoner\" \/>\n<meta property=\"article:modified_time\" content=\"2026-04-03T16:11:28+00:00\" \/>\n<meta property=\"og:image\" content=\"https:\/\/www.heddata.se\/webbutik\/wp-content\/uploads\/webbutik\/kategorier\/telefontillbehor\/cchac300abk.jpeg\" \/>\n\t<meta property=\"og:image:width\" content=\"1200\" \/>\n\t<meta property=\"og:image:height\" content=\"1200\" \/>\n\t<meta property=\"og:image:type\" content=\"image\/jpeg\" \/>\n<meta name=\"twitter:card\" content=\"summary_large_image\" \/>\n<meta name=\"twitter:label1\" content=\"Ber\u00e4knad l\u00e4stid\" \/>\n\t<meta name=\"twitter:data1\" content=\"1 minut\" \/>\n<script type=\"application\/ld+json\" class=\"yoast-schema-graph\">{\"@context\":\"https:\/\/schema.org\",\"@graph\":[{\"@type\":\"WebPage\",\"@id\":\"https:\/\/www.heddata.se\/webbutik\/produkt\/billaddare-usb-c-1-m-30-a-cchac300abk\/\",\"url\":\"https:\/\/www.heddata.se\/webbutik\/produkt\/billaddare-usb-c-1-m-30-a-cchac300abk\/\",\"name\":\"Billaddare USB-C 1 m 3,0 A CCHAC300ABK f\u00f6r surfplatta eller smartphone\",\"isPartOf\":{\"@id\":\"https:\/\/www.heddata.se\/webbutik\/#website\"},\"primaryImageOfPage\":{\"@id\":\"https:\/\/www.heddata.se\/webbutik\/produkt\/billaddare-usb-c-1-m-30-a-cchac300abk\/#primaryimage\"},\"image\":{\"@id\":\"https:\/\/www.heddata.se\/webbutik\/produkt\/billaddare-usb-c-1-m-30-a-cchac300abk\/#primaryimage\"},\"thumbnailUrl\":\"https:\/\/www.heddata.se\/webbutik\/wp-content\/uploads\/webbutik\/kategorier\/telefontillbehor\/cchac300abk.jpeg\",\"datePublished\":\"2021-03-30T08:18:11+00:00\",\"dateModified\":\"2026-04-03T16:11:28+00:00\",\"description\":\"Billaddare USB-C 1 m 3,0 A CCHAC300ABK Ladda din surfplatta eller smartphone med Nedis\u00ae USB-C-billaddare. \u00c4ven kompatibel med andra enheter.\",\"breadcrumb\":{\"@id\":\"https:\/\/www.heddata.se\/webbutik\/produkt\/billaddare-usb-c-1-m-30-a-cchac300abk\/#breadcrumb\"},\"inLanguage\":\"sv-SE\",\"potentialAction\":[{\"@type\":\"ReadAction\",\"target\":[\"https:\/\/www.heddata.se\/webbutik\/produkt\/billaddare-usb-c-1-m-30-a-cchac300abk\/\"]}]},{\"@type\":\"ImageObject\",\"inLanguage\":\"sv-SE\",\"@id\":\"https:\/\/www.heddata.se\/webbutik\/produkt\/billaddare-usb-c-1-m-30-a-cchac300abk\/#primaryimage\",\"url\":\"https:\/\/www.heddata.se\/webbutik\/wp-content\/uploads\/webbutik\/kategorier\/telefontillbehor\/cchac300abk.jpeg\",\"contentUrl\":\"https:\/\/www.heddata.se\/webbutik\/wp-content\/uploads\/webbutik\/kategorier\/telefontillbehor\/cchac300abk.jpeg\",\"width\":1200,\"height\":1200,\"caption\":\"Billaddare USB-C 1 m\"},{\"@type\":\"BreadcrumbList\",\"@id\":\"https:\/\/www.heddata.se\/webbutik\/produkt\/billaddare-usb-c-1-m-30-a-cchac300abk\/#breadcrumb\",\"itemListElement\":[{\"@type\":\"ListItem\",\"position\":1,\"name\":\"Hem\",\"item\":\"https:\/\/www.heddata.se\/webbutik\/\"},{\"@type\":\"ListItem\",\"position\":2,\"name\":\"Produkter\",\"item\":\"https:\/\/www.heddata.se\/webbutik\/shop\/\"},{\"@type\":\"ListItem\",\"position\":3,\"name\":\"Billaddare USB-C 1 m 3,0 A CCHAC300ABK\"}]},{\"@type\":\"WebSite\",\"@id\":\"https:\/\/www.heddata.se\/webbutik\/#website\",\"url\":\"https:\/\/www.heddata.se\/webbutik\/\",\"name\":\"Datorer, Skrivare, F\u00e4rgpatroner, Mobiltelefoner\",\"description\":\"Kablar\",\"publisher\":{\"@id\":\"https:\/\/www.heddata.se\/webbutik\/#organization\"},\"potentialAction\":[{\"@type\":\"SearchAction\",\"target\":{\"@type\":\"EntryPoint\",\"urlTemplate\":\"https:\/\/www.heddata.se\/webbutik\/?s={search_term_string}\"},\"query-input\":{\"@type\":\"PropertyValueSpecification\",\"valueRequired\":true,\"valueName\":\"search_term_string\"}}],\"inLanguage\":\"sv-SE\"},{\"@type\":\"Organization\",\"@id\":\"https:\/\/www.heddata.se\/webbutik\/#organization\",\"name\":\"Heddata AB\",\"url\":\"https:\/\/www.heddata.se\/webbutik\/\",\"logo\":{\"@type\":\"ImageObject\",\"inLanguage\":\"sv-SE\",\"@id\":\"https:\/\/www.heddata.se\/webbutik\/#\/schema\/logo\/image\/\",\"url\":\"https:\/\/www.heddata.se\/webbutik\/wp-content\/uploads\/logga\/heddata-ab-logga.png\",\"contentUrl\":\"https:\/\/www.heddata.se\/webbutik\/wp-content\/uploads\/logga\/heddata-ab-logga.png\",\"width\":200,\"height\":64,\"caption\":\"Heddata AB\"},\"image\":{\"@id\":\"https:\/\/www.heddata.se\/webbutik\/#\/schema\/logo\/image\/\"}}]}<\/script>\n<!-- \/ Yoast SEO Premium plugin. -->","yoast_head_json":{"title":"Billaddare USB-C 1 m 3,0 A CCHAC300ABK f\u00f6r surfplatta eller smartphone","description":"Billaddare USB-C 1 m 3,0 A CCHAC300ABK Ladda din surfplatta eller smartphone med Nedis\u00ae USB-C-billaddare. \u00c4ven kompatibel med andra enheter.","robots":{"index":"index","follow":"follow","max-snippet":"max-snippet:-1","max-image-preview":"max-image-preview:large","max-video-preview":"max-video-preview:-1"},"canonical":"https:\/\/www.heddata.se\/webbutik\/produkt\/billaddare-usb-c-1-m-30-a-cchac300abk\/","og_locale":"sv_SE","og_type":"article","og_title":"Billaddare USB-C 1 m 3,0 A CCHAC300ABK","og_description":"Billaddare USB-C 1 m 3,0 A CCHAC300ABK Ladda din surfplatta eller smartphone med Nedis\u00ae USB-C-billaddare. \u00c4ven kompatibel med andra enheter.","og_url":"https:\/\/www.heddata.se\/webbutik\/produkt\/billaddare-usb-c-1-m-30-a-cchac300abk\/","og_site_name":"Datorer, Skrivare, F\u00e4rgpatroner, Mobiltelefoner","article_modified_time":"2026-04-03T16:11:28+00:00","og_image":[{"width":1200,"height":1200,"url":"https:\/\/www.heddata.se\/webbutik\/wp-content\/uploads\/webbutik\/kategorier\/telefontillbehor\/cchac300abk.jpeg","type":"image\/jpeg"}],"twitter_card":"summary_large_image","twitter_misc":{"Ber\u00e4knad l\u00e4stid":"1 minut"},"schema":{"@context":"https:\/\/schema.org","@graph":[{"@type":"WebPage","@id":"https:\/\/www.heddata.se\/webbutik\/produkt\/billaddare-usb-c-1-m-30-a-cchac300abk\/","url":"https:\/\/www.heddata.se\/webbutik\/produkt\/billaddare-usb-c-1-m-30-a-cchac300abk\/","name":"Billaddare USB-C 1 m 3,0 A CCHAC300ABK f\u00f6r surfplatta eller smartphone","isPartOf":{"@id":"https:\/\/www.heddata.se\/webbutik\/#website"},"primaryImageOfPage":{"@id":"https:\/\/www.heddata.se\/webbutik\/produkt\/billaddare-usb-c-1-m-30-a-cchac300abk\/#primaryimage"},"image":{"@id":"https:\/\/www.heddata.se\/webbutik\/produkt\/billaddare-usb-c-1-m-30-a-cchac300abk\/#primaryimage"},"thumbnailUrl":"https:\/\/www.heddata.se\/webbutik\/wp-content\/uploads\/webbutik\/kategorier\/telefontillbehor\/cchac300abk.jpeg","datePublished":"2021-03-30T08:18:11+00:00","dateModified":"2026-04-03T16:11:28+00:00","description":"Billaddare USB-C 1 m 3,0 A CCHAC300ABK Ladda din surfplatta eller smartphone med Nedis\u00ae USB-C-billaddare. \u00c4ven kompatibel med andra enheter.","breadcrumb":{"@id":"https:\/\/www.heddata.se\/webbutik\/produkt\/billaddare-usb-c-1-m-30-a-cchac300abk\/#breadcrumb"},"inLanguage":"sv-SE","potentialAction":[{"@type":"ReadAction","target":["https:\/\/www.heddata.se\/webbutik\/produkt\/billaddare-usb-c-1-m-30-a-cchac300abk\/"]}]},{"@type":"ImageObject","inLanguage":"sv-SE","@id":"https:\/\/www.heddata.se\/webbutik\/produkt\/billaddare-usb-c-1-m-30-a-cchac300abk\/#primaryimage","url":"https:\/\/www.heddata.se\/webbutik\/wp-content\/uploads\/webbutik\/kategorier\/telefontillbehor\/cchac300abk.jpeg","contentUrl":"https:\/\/www.heddata.se\/webbutik\/wp-content\/uploads\/webbutik\/kategorier\/telefontillbehor\/cchac300abk.jpeg","width":1200,"height":1200,"caption":"Billaddare USB-C 1 m"},{"@type":"BreadcrumbList","@id":"https:\/\/www.heddata.se\/webbutik\/produkt\/billaddare-usb-c-1-m-30-a-cchac300abk\/#breadcrumb","itemListElement":[{"@type":"ListItem","position":1,"name":"Hem","item":"https:\/\/www.heddata.se\/webbutik\/"},{"@type":"ListItem","position":2,"name":"Produkter","item":"https:\/\/www.heddata.se\/webbutik\/shop\/"},{"@type":"ListItem","position":3,"name":"Billaddare USB-C 1 m 3,0 A CCHAC300ABK"}]},{"@type":"WebSite","@id":"https:\/\/www.heddata.se\/webbutik\/#website","url":"https:\/\/www.heddata.se\/webbutik\/","name":"Datorer, Skrivare, F\u00e4rgpatroner, Mobiltelefoner","description":"Kablar","publisher":{"@id":"https:\/\/www.heddata.se\/webbutik\/#organization"},"potentialAction":[{"@type":"SearchAction","target":{"@type":"EntryPoint","urlTemplate":"https:\/\/www.heddata.se\/webbutik\/?s={search_term_string}"},"query-input":{"@type":"PropertyValueSpecification","valueRequired":true,"valueName":"search_term_string"}}],"inLanguage":"sv-SE"},{"@type":"Organization","@id":"https:\/\/www.heddata.se\/webbutik\/#organization","name":"Heddata AB","url":"https:\/\/www.heddata.se\/webbutik\/","logo":{"@type":"ImageObject","inLanguage":"sv-SE","@id":"https:\/\/www.heddata.se\/webbutik\/#\/schema\/logo\/image\/","url":"https:\/\/www.heddata.se\/webbutik\/wp-content\/uploads\/logga\/heddata-ab-logga.png","contentUrl":"https:\/\/www.heddata.se\/webbutik\/wp-content\/uploads\/logga\/heddata-ab-logga.png","width":200,"height":64,"caption":"Heddata AB"},"image":{"@id":"https:\/\/www.heddata.se\/webbutik\/#\/schema\/logo\/image\/"}}]}},"_links":{"self":[{"href":"https:\/\/www.heddata.se\/webbutik\/wp-json\/wp\/v2\/product\/91282","targetHints":{"allow":["GET"]}}],"collection":[{"href":"https:\/\/www.heddata.se\/webbutik\/wp-json\/wp\/v2\/product"}],"about":[{"href":"https:\/\/www.heddata.se\/webbutik\/wp-json\/wp\/v2\/types\/product"}],"wp:featuredmedia":[{"embeddable":true,"href":"https:\/\/www.heddata.se\/webbutik\/wp-json\/wp\/v2\/media\/91286"}],"wp:attachment":[{"href":"https:\/\/www.heddata.se\/webbutik\/wp-json\/wp\/v2\/media?parent=91282"}],"wp:term":[{"taxonomy":"product_brand","embeddable":true,"href":"https:\/\/www.heddata.se\/webbutik\/wp-json\/wp\/v2\/product_brand?post=91282"},{"taxonomy":"product_cat","embeddable":true,"href":"https:\/\/www.heddata.se\/webbutik\/wp-json\/wp\/v2\/product_cat?post=91282"},{"taxonomy":"product_tag","embeddable":true,"href":"https:\/\/www.heddata.se\/webbutik\/wp-json\/wp\/v2\/product_tag?post=91282"}],"curies":[{"name":"wp","href":"https:\/\/api.w.org\/{rel}","templated":true}]}}