{"id":91151,"date":"2021-02-16T15:18:19","date_gmt":"2021-02-16T14:18:19","guid":{"rendered":"https:\/\/www.heddata.se\/webbutik\/?post_type=product&#038;p=91151"},"modified":"2026-04-21T11:10:54","modified_gmt":"2026-04-21T09:10:54","slug":"vaggladdare-1x-2-4-a-antal-utgangar-1-port-typ-1x-usb-a-lightning-8-pin-los-kabel-1-00-m-12-w-enkel-spanningsutgang-wchal242awt","status":"publish","type":"product","link":"https:\/\/www.heddata.se\/webbutik\/produkt\/vaggladdare-1x-2-4-a-antal-utgangar-1-port-typ-1x-usb-a-lightning-8-pin-los-kabel-1-00-m-12-w-enkel-spanningsutgang-wchal242awt\/","title":{"rendered":"V\u00e4ggladdare 1x 2.4 A | Antal utg\u00e5ngar: 1 | Port typ: 1x USB-A | Lightning 8-Pin (L\u00f6s) Kabel | 1.00 m | 12 W | Enkel Sp\u00e4nningsutg\u00e5ng &#8211; WCHAL242AWT"},"content":{"rendered":"<h4>V\u00e4ggladdare 1x 2.4 A | Antal utg\u00e5ngar: 1 | Port typ: 1x USB-A | Lightning 8-Pin (L\u00f6s) Kabel | 1.00 m | 12 W | Enkel Sp\u00e4nningsutg\u00e5ng &#8211; WCHAL242AWT<\/h4>\n<div class=\"description\">\n<div class=\"d-flex flex-column\">\n<div class=\"position-relative\">\n<div class=\"\">\n<p class=\"p-0 m-0\">Ladda surfplattor, <a href=\"https:\/\/www.heddata.se\/webbutik\/telefon-surfplattor\/mobiltelefoner\/\">smartphones,<\/a> navigeringssystem, digitalkameror och m\u00e5nga andra USB-enheter med Nedis\u00ae USB-v\u00e4ggladdare d\u00e4r en Lightning-kabel ing\u00e5r.<br \/>\nMed USB-laddaren kan du ladda enheter utan en station\u00e4r eller en b\u00e4rbar dator. Den omvandlar sp\u00e4nning fr\u00e5n 100 till 240 VAC till 5 VDC och \u00e4r mycket praktisk p\u00e5 kontoret, i hemmet eller under resor.<\/p>\n<\/div>\n<\/div>\n<\/div>\n<\/div>\n<h4 class=\"mt-3\"><strong class=\"d-block\">Egenskaper<\/strong><\/h4>\n<p class=\"m-0\">2.4 A<br \/>\nSnabbladdande<br \/>\nLightning-kabel ing\u00e5r<\/p>\n<h4 id=\"specifications\"><a href=\"https:\/\/nedis.se\/sv-se\" target=\"_blank\" rel=\"noopener\">Produktspecifikationer<\/a><\/h4>\n<table class=\"table table-dashed-border\">\n<tbody>\n<tr>\n<th scope=\"row\">Kabell\u00e4ngd<\/th>\n<td>1.00 m<\/td>\n<\/tr>\n<tr>\n<th scope=\"row\">F\u00e4rg<\/th>\n<td>Vit<\/td>\n<\/tr>\n<tr>\n<th scope=\"row\">Typ av str\u00f6mk\u00e4lla<\/th>\n<td>Str\u00f6madapter<\/td>\n<\/tr>\n<tr>\n<th scope=\"row\">Material<\/th>\n<td>Plast<\/td>\n<\/tr>\n<tr>\n<th scope=\"row\">Maximal str\u00f6m konsumtion<\/th>\n<td>12 W<\/td>\n<\/tr>\n<tr>\n<th scope=\"row\">Ing\u00e5ngsstr\u00f6m<\/th>\n<td>0.3 A<\/td>\n<\/tr>\n<tr>\n<th scope=\"row\">Antal utg\u00e5ngar<\/th>\n<td>1<\/td>\n<\/tr>\n<tr>\n<th scope=\"row\">Maximal utg\u00e5ngsstr\u00f6m per port<\/th>\n<td>2.4 A<\/td>\n<\/tr>\n<tr>\n<th scope=\"row\">Passar till m\u00e4rken<\/th>\n<td>Universella<\/td>\n<\/tr>\n<tr>\n<th scope=\"row\">Insp\u00e4nning<\/th>\n<td>100 &#8211; 240 V AC 50\/60 Hz<\/td>\n<\/tr>\n<tr>\n<th scope=\"row\">Utsp\u00e4nning<\/th>\n<td>5 VDC<\/td>\n<\/tr>\n<tr>\n<th scope=\"row\">Kabel ing\u00e5r<\/th>\n<td>Ja<\/td>\n<\/tr>\n<tr>\n<th scope=\"row\">Utstr\u00f6m<\/th>\n<td>1x 2.4 A<\/td>\n<\/tr>\n<tr>\n<th scope=\"row\">Port typ<\/th>\n<td>1x USB-A<\/td>\n<\/tr>\n<tr>\n<th scope=\"row\">H\u00f6jd<\/th>\n<td>22.50 mm<\/td>\n<\/tr>\n<tr>\n<th scope=\"row\">Djup<\/th>\n<td>78.00 mm<\/td>\n<\/tr>\n<tr>\n<th scope=\"row\">Bredd<\/th>\n<td>36.50 mm<\/td>\n<\/tr>\n<tr>\n<th scope=\"row\">Kompatibel med enhet<\/th>\n<td>Smartphone &amp; surfplatta<\/td>\n<\/tr>\n<tr>\n<th scope=\"row\">Val av utsp\u00e4nning<\/th>\n<td>Enkel Sp\u00e4nningsutg\u00e5ng<\/td>\n<\/tr>\n<tr>\n<th scope=\"row\">N\u00e4tkontakt<\/th>\n<td>Euro \/ Typ C (CEE 7\/16)<\/td>\n<\/tr>\n<tr>\n<th scope=\"row\">Kabeltyp<\/th>\n<td>Lightning 8-Pin (L\u00f6s) Kabel<\/td>\n<\/tr>\n<\/tbody>\n<\/table>\n","protected":false},"excerpt":{"rendered":"<p>V\u00e4ggladdare 1x 2.4 A | Antal utg\u00e5ngar: 1 | Port typ: 1x USB-A | Lightning 8-Pin (L\u00f6s) Kabel | 1.00 m | 12 W | Enkel Sp\u00e4nningsutg\u00e5ng &#8211; WCHAL242AWT<\/p>\n","protected":false},"featured_media":91160,"template":"","meta":[],"product_brand":[],"product_cat":[118,69,123],"product_tag":[],"class_list":{"0":"post-91151","1":"product","2":"type-product","3":"status-publish","4":"has-post-thumbnail","6":"product_cat-telefonladdare","7":"product_cat-telefontillbehor","8":"product_cat-vaggladdare","10":"first","11":"instock","12":"taxable","13":"shipping-taxable","14":"purchasable","15":"product-type-simple"},"yoast_head":"<!-- This site is optimized with the Yoast SEO Premium plugin v26.7 (Yoast SEO v26.7) - https:\/\/yoast.com\/wordpress\/plugins\/seo\/ -->\n<title>V\u00e4ggladdare 1x 2.4 A | Antal utg\u00e5ngar: 1 | Port typ: 1x USB-A | Lightning<\/title>\n<meta name=\"description\" content=\"V\u00e4ggladdare 1x 2.4 A | Antal utg\u00e5ngar: 1 | Port typ: 1x USB-A | Lightning 8-Pin (L\u00f6s) Kabel | 1.00 m | 12 W | Enkel Sp\u00e4nningsutg\u00e5ng\" \/>\n<meta name=\"robots\" content=\"index, follow, max-snippet:-1, max-image-preview:large, max-video-preview:-1\" \/>\n<link rel=\"canonical\" href=\"https:\/\/www.heddata.se\/webbutik\/produkt\/vaggladdare-1x-2-4-a-antal-utgangar-1-port-typ-1x-usb-a-lightning-8-pin-los-kabel-1-00-m-12-w-enkel-spanningsutgang-wchal242awt\/\" \/>\n<meta property=\"og:locale\" content=\"sv_SE\" \/>\n<meta property=\"og:type\" content=\"article\" \/>\n<meta property=\"og:title\" content=\"V\u00e4ggladdare 1x 2.4 A | Antal utg\u00e5ngar: 1 | Port typ: 1x USB-A | Lightning 8-Pin (L\u00f6s) Kabel | 1.00 m | 12 W | Enkel Sp\u00e4nningsutg\u00e5ng - WCHAL242AWT\" \/>\n<meta property=\"og:description\" content=\"V\u00e4ggladdare 1x 2.4 A | Antal utg\u00e5ngar: 1 | Port typ: 1x USB-A | Lightning 8-Pin (L\u00f6s) Kabel | 1.00 m | 12 W | Enkel Sp\u00e4nningsutg\u00e5ng\" \/>\n<meta property=\"og:url\" content=\"https:\/\/www.heddata.se\/webbutik\/produkt\/vaggladdare-1x-2-4-a-antal-utgangar-1-port-typ-1x-usb-a-lightning-8-pin-los-kabel-1-00-m-12-w-enkel-spanningsutgang-wchal242awt\/\" \/>\n<meta property=\"og:site_name\" content=\"Datorer, Skrivare, F\u00e4rgpatroner, Mobiltelefoner\" \/>\n<meta property=\"article:modified_time\" content=\"2026-04-21T09:10:54+00:00\" \/>\n<meta property=\"og:image\" content=\"https:\/\/www.heddata.se\/webbutik\/wp-content\/uploads\/webbutik\/kategorier\/telefontillbehor\/wchal242awt.jpeg\" \/>\n\t<meta property=\"og:image:width\" content=\"1200\" \/>\n\t<meta property=\"og:image:height\" content=\"1200\" \/>\n\t<meta property=\"og:image:type\" content=\"image\/jpeg\" \/>\n<meta name=\"twitter:card\" content=\"summary_large_image\" \/>\n<meta name=\"twitter:label1\" content=\"Ber\u00e4knad l\u00e4stid\" \/>\n\t<meta name=\"twitter:data1\" content=\"1 minut\" \/>\n<script type=\"application\/ld+json\" class=\"yoast-schema-graph\">{\"@context\":\"https:\/\/schema.org\",\"@graph\":[{\"@type\":\"WebPage\",\"@id\":\"https:\/\/www.heddata.se\/webbutik\/produkt\/vaggladdare-1x-2-4-a-antal-utgangar-1-port-typ-1x-usb-a-lightning-8-pin-los-kabel-1-00-m-12-w-enkel-spanningsutgang-wchal242awt\/\",\"url\":\"https:\/\/www.heddata.se\/webbutik\/produkt\/vaggladdare-1x-2-4-a-antal-utgangar-1-port-typ-1x-usb-a-lightning-8-pin-los-kabel-1-00-m-12-w-enkel-spanningsutgang-wchal242awt\/\",\"name\":\"V\u00e4ggladdare 1x 2.4 A | Antal utg\u00e5ngar: 1 | Port typ: 1x USB-A | Lightning\",\"isPartOf\":{\"@id\":\"https:\/\/www.heddata.se\/webbutik\/#website\"},\"primaryImageOfPage\":{\"@id\":\"https:\/\/www.heddata.se\/webbutik\/produkt\/vaggladdare-1x-2-4-a-antal-utgangar-1-port-typ-1x-usb-a-lightning-8-pin-los-kabel-1-00-m-12-w-enkel-spanningsutgang-wchal242awt\/#primaryimage\"},\"image\":{\"@id\":\"https:\/\/www.heddata.se\/webbutik\/produkt\/vaggladdare-1x-2-4-a-antal-utgangar-1-port-typ-1x-usb-a-lightning-8-pin-los-kabel-1-00-m-12-w-enkel-spanningsutgang-wchal242awt\/#primaryimage\"},\"thumbnailUrl\":\"https:\/\/www.heddata.se\/webbutik\/wp-content\/uploads\/webbutik\/kategorier\/telefontillbehor\/wchal242awt.jpeg\",\"datePublished\":\"2021-02-16T14:18:19+00:00\",\"dateModified\":\"2026-04-21T09:10:54+00:00\",\"description\":\"V\u00e4ggladdare 1x 2.4 A | Antal utg\u00e5ngar: 1 | Port typ: 1x USB-A | Lightning 8-Pin (L\u00f6s) Kabel | 1.00 m | 12 W | Enkel Sp\u00e4nningsutg\u00e5ng\",\"breadcrumb\":{\"@id\":\"https:\/\/www.heddata.se\/webbutik\/produkt\/vaggladdare-1x-2-4-a-antal-utgangar-1-port-typ-1x-usb-a-lightning-8-pin-los-kabel-1-00-m-12-w-enkel-spanningsutgang-wchal242awt\/#breadcrumb\"},\"inLanguage\":\"sv-SE\",\"potentialAction\":[{\"@type\":\"ReadAction\",\"target\":[\"https:\/\/www.heddata.se\/webbutik\/produkt\/vaggladdare-1x-2-4-a-antal-utgangar-1-port-typ-1x-usb-a-lightning-8-pin-los-kabel-1-00-m-12-w-enkel-spanningsutgang-wchal242awt\/\"]}]},{\"@type\":\"ImageObject\",\"inLanguage\":\"sv-SE\",\"@id\":\"https:\/\/www.heddata.se\/webbutik\/produkt\/vaggladdare-1x-2-4-a-antal-utgangar-1-port-typ-1x-usb-a-lightning-8-pin-los-kabel-1-00-m-12-w-enkel-spanningsutgang-wchal242awt\/#primaryimage\",\"url\":\"https:\/\/www.heddata.se\/webbutik\/wp-content\/uploads\/webbutik\/kategorier\/telefontillbehor\/wchal242awt.jpeg\",\"contentUrl\":\"https:\/\/www.heddata.se\/webbutik\/wp-content\/uploads\/webbutik\/kategorier\/telefontillbehor\/wchal242awt.jpeg\",\"width\":1200,\"height\":1200,\"caption\":\"V\u00e4ggladdare 1x 2.4 A\"},{\"@type\":\"BreadcrumbList\",\"@id\":\"https:\/\/www.heddata.se\/webbutik\/produkt\/vaggladdare-1x-2-4-a-antal-utgangar-1-port-typ-1x-usb-a-lightning-8-pin-los-kabel-1-00-m-12-w-enkel-spanningsutgang-wchal242awt\/#breadcrumb\",\"itemListElement\":[{\"@type\":\"ListItem\",\"position\":1,\"name\":\"Hem\",\"item\":\"https:\/\/www.heddata.se\/webbutik\/\"},{\"@type\":\"ListItem\",\"position\":2,\"name\":\"Produkter\",\"item\":\"https:\/\/www.heddata.se\/webbutik\/shop\/\"},{\"@type\":\"ListItem\",\"position\":3,\"name\":\"V\u00e4ggladdare 1x 2.4 A | Antal utg\u00e5ngar: 1 | Port typ: 1x USB-A | Lightning 8-Pin (L\u00f6s) Kabel | 1.00 m | 12 W | Enkel Sp\u00e4nningsutg\u00e5ng &#8211; WCHAL242AWT\"}]},{\"@type\":\"WebSite\",\"@id\":\"https:\/\/www.heddata.se\/webbutik\/#website\",\"url\":\"https:\/\/www.heddata.se\/webbutik\/\",\"name\":\"Datorer, Skrivare, F\u00e4rgpatroner, Mobiltelefoner\",\"description\":\"Kablar\",\"publisher\":{\"@id\":\"https:\/\/www.heddata.se\/webbutik\/#organization\"},\"potentialAction\":[{\"@type\":\"SearchAction\",\"target\":{\"@type\":\"EntryPoint\",\"urlTemplate\":\"https:\/\/www.heddata.se\/webbutik\/?s={search_term_string}\"},\"query-input\":{\"@type\":\"PropertyValueSpecification\",\"valueRequired\":true,\"valueName\":\"search_term_string\"}}],\"inLanguage\":\"sv-SE\"},{\"@type\":\"Organization\",\"@id\":\"https:\/\/www.heddata.se\/webbutik\/#organization\",\"name\":\"Heddata AB\",\"url\":\"https:\/\/www.heddata.se\/webbutik\/\",\"logo\":{\"@type\":\"ImageObject\",\"inLanguage\":\"sv-SE\",\"@id\":\"https:\/\/www.heddata.se\/webbutik\/#\/schema\/logo\/image\/\",\"url\":\"https:\/\/www.heddata.se\/webbutik\/wp-content\/uploads\/logga\/heddata-ab-logga.png\",\"contentUrl\":\"https:\/\/www.heddata.se\/webbutik\/wp-content\/uploads\/logga\/heddata-ab-logga.png\",\"width\":200,\"height\":64,\"caption\":\"Heddata AB\"},\"image\":{\"@id\":\"https:\/\/www.heddata.se\/webbutik\/#\/schema\/logo\/image\/\"}}]}<\/script>\n<!-- \/ Yoast SEO Premium plugin. -->","yoast_head_json":{"title":"V\u00e4ggladdare 1x 2.4 A | Antal utg\u00e5ngar: 1 | Port typ: 1x USB-A | Lightning","description":"V\u00e4ggladdare 1x 2.4 A | Antal utg\u00e5ngar: 1 | Port typ: 1x USB-A | Lightning 8-Pin (L\u00f6s) Kabel | 1.00 m | 12 W | Enkel Sp\u00e4nningsutg\u00e5ng","robots":{"index":"index","follow":"follow","max-snippet":"max-snippet:-1","max-image-preview":"max-image-preview:large","max-video-preview":"max-video-preview:-1"},"canonical":"https:\/\/www.heddata.se\/webbutik\/produkt\/vaggladdare-1x-2-4-a-antal-utgangar-1-port-typ-1x-usb-a-lightning-8-pin-los-kabel-1-00-m-12-w-enkel-spanningsutgang-wchal242awt\/","og_locale":"sv_SE","og_type":"article","og_title":"V\u00e4ggladdare 1x 2.4 A | Antal utg\u00e5ngar: 1 | Port typ: 1x USB-A | Lightning 8-Pin (L\u00f6s) Kabel | 1.00 m | 12 W | Enkel Sp\u00e4nningsutg\u00e5ng - WCHAL242AWT","og_description":"V\u00e4ggladdare 1x 2.4 A | Antal utg\u00e5ngar: 1 | Port typ: 1x USB-A | Lightning 8-Pin (L\u00f6s) Kabel | 1.00 m | 12 W | Enkel Sp\u00e4nningsutg\u00e5ng","og_url":"https:\/\/www.heddata.se\/webbutik\/produkt\/vaggladdare-1x-2-4-a-antal-utgangar-1-port-typ-1x-usb-a-lightning-8-pin-los-kabel-1-00-m-12-w-enkel-spanningsutgang-wchal242awt\/","og_site_name":"Datorer, Skrivare, F\u00e4rgpatroner, Mobiltelefoner","article_modified_time":"2026-04-21T09:10:54+00:00","og_image":[{"width":1200,"height":1200,"url":"https:\/\/www.heddata.se\/webbutik\/wp-content\/uploads\/webbutik\/kategorier\/telefontillbehor\/wchal242awt.jpeg","type":"image\/jpeg"}],"twitter_card":"summary_large_image","twitter_misc":{"Ber\u00e4knad l\u00e4stid":"1 minut"},"schema":{"@context":"https:\/\/schema.org","@graph":[{"@type":"WebPage","@id":"https:\/\/www.heddata.se\/webbutik\/produkt\/vaggladdare-1x-2-4-a-antal-utgangar-1-port-typ-1x-usb-a-lightning-8-pin-los-kabel-1-00-m-12-w-enkel-spanningsutgang-wchal242awt\/","url":"https:\/\/www.heddata.se\/webbutik\/produkt\/vaggladdare-1x-2-4-a-antal-utgangar-1-port-typ-1x-usb-a-lightning-8-pin-los-kabel-1-00-m-12-w-enkel-spanningsutgang-wchal242awt\/","name":"V\u00e4ggladdare 1x 2.4 A | Antal utg\u00e5ngar: 1 | Port typ: 1x USB-A | Lightning","isPartOf":{"@id":"https:\/\/www.heddata.se\/webbutik\/#website"},"primaryImageOfPage":{"@id":"https:\/\/www.heddata.se\/webbutik\/produkt\/vaggladdare-1x-2-4-a-antal-utgangar-1-port-typ-1x-usb-a-lightning-8-pin-los-kabel-1-00-m-12-w-enkel-spanningsutgang-wchal242awt\/#primaryimage"},"image":{"@id":"https:\/\/www.heddata.se\/webbutik\/produkt\/vaggladdare-1x-2-4-a-antal-utgangar-1-port-typ-1x-usb-a-lightning-8-pin-los-kabel-1-00-m-12-w-enkel-spanningsutgang-wchal242awt\/#primaryimage"},"thumbnailUrl":"https:\/\/www.heddata.se\/webbutik\/wp-content\/uploads\/webbutik\/kategorier\/telefontillbehor\/wchal242awt.jpeg","datePublished":"2021-02-16T14:18:19+00:00","dateModified":"2026-04-21T09:10:54+00:00","description":"V\u00e4ggladdare 1x 2.4 A | Antal utg\u00e5ngar: 1 | Port typ: 1x USB-A | Lightning 8-Pin (L\u00f6s) Kabel | 1.00 m | 12 W | Enkel Sp\u00e4nningsutg\u00e5ng","breadcrumb":{"@id":"https:\/\/www.heddata.se\/webbutik\/produkt\/vaggladdare-1x-2-4-a-antal-utgangar-1-port-typ-1x-usb-a-lightning-8-pin-los-kabel-1-00-m-12-w-enkel-spanningsutgang-wchal242awt\/#breadcrumb"},"inLanguage":"sv-SE","potentialAction":[{"@type":"ReadAction","target":["https:\/\/www.heddata.se\/webbutik\/produkt\/vaggladdare-1x-2-4-a-antal-utgangar-1-port-typ-1x-usb-a-lightning-8-pin-los-kabel-1-00-m-12-w-enkel-spanningsutgang-wchal242awt\/"]}]},{"@type":"ImageObject","inLanguage":"sv-SE","@id":"https:\/\/www.heddata.se\/webbutik\/produkt\/vaggladdare-1x-2-4-a-antal-utgangar-1-port-typ-1x-usb-a-lightning-8-pin-los-kabel-1-00-m-12-w-enkel-spanningsutgang-wchal242awt\/#primaryimage","url":"https:\/\/www.heddata.se\/webbutik\/wp-content\/uploads\/webbutik\/kategorier\/telefontillbehor\/wchal242awt.jpeg","contentUrl":"https:\/\/www.heddata.se\/webbutik\/wp-content\/uploads\/webbutik\/kategorier\/telefontillbehor\/wchal242awt.jpeg","width":1200,"height":1200,"caption":"V\u00e4ggladdare 1x 2.4 A"},{"@type":"BreadcrumbList","@id":"https:\/\/www.heddata.se\/webbutik\/produkt\/vaggladdare-1x-2-4-a-antal-utgangar-1-port-typ-1x-usb-a-lightning-8-pin-los-kabel-1-00-m-12-w-enkel-spanningsutgang-wchal242awt\/#breadcrumb","itemListElement":[{"@type":"ListItem","position":1,"name":"Hem","item":"https:\/\/www.heddata.se\/webbutik\/"},{"@type":"ListItem","position":2,"name":"Produkter","item":"https:\/\/www.heddata.se\/webbutik\/shop\/"},{"@type":"ListItem","position":3,"name":"V\u00e4ggladdare 1x 2.4 A | Antal utg\u00e5ngar: 1 | Port typ: 1x USB-A | Lightning 8-Pin (L\u00f6s) Kabel | 1.00 m | 12 W | Enkel Sp\u00e4nningsutg\u00e5ng &#8211; WCHAL242AWT"}]},{"@type":"WebSite","@id":"https:\/\/www.heddata.se\/webbutik\/#website","url":"https:\/\/www.heddata.se\/webbutik\/","name":"Datorer, Skrivare, F\u00e4rgpatroner, Mobiltelefoner","description":"Kablar","publisher":{"@id":"https:\/\/www.heddata.se\/webbutik\/#organization"},"potentialAction":[{"@type":"SearchAction","target":{"@type":"EntryPoint","urlTemplate":"https:\/\/www.heddata.se\/webbutik\/?s={search_term_string}"},"query-input":{"@type":"PropertyValueSpecification","valueRequired":true,"valueName":"search_term_string"}}],"inLanguage":"sv-SE"},{"@type":"Organization","@id":"https:\/\/www.heddata.se\/webbutik\/#organization","name":"Heddata AB","url":"https:\/\/www.heddata.se\/webbutik\/","logo":{"@type":"ImageObject","inLanguage":"sv-SE","@id":"https:\/\/www.heddata.se\/webbutik\/#\/schema\/logo\/image\/","url":"https:\/\/www.heddata.se\/webbutik\/wp-content\/uploads\/logga\/heddata-ab-logga.png","contentUrl":"https:\/\/www.heddata.se\/webbutik\/wp-content\/uploads\/logga\/heddata-ab-logga.png","width":200,"height":64,"caption":"Heddata AB"},"image":{"@id":"https:\/\/www.heddata.se\/webbutik\/#\/schema\/logo\/image\/"}}]}},"_links":{"self":[{"href":"https:\/\/www.heddata.se\/webbutik\/wp-json\/wp\/v2\/product\/91151","targetHints":{"allow":["GET"]}}],"collection":[{"href":"https:\/\/www.heddata.se\/webbutik\/wp-json\/wp\/v2\/product"}],"about":[{"href":"https:\/\/www.heddata.se\/webbutik\/wp-json\/wp\/v2\/types\/product"}],"wp:featuredmedia":[{"embeddable":true,"href":"https:\/\/www.heddata.se\/webbutik\/wp-json\/wp\/v2\/media\/91160"}],"wp:attachment":[{"href":"https:\/\/www.heddata.se\/webbutik\/wp-json\/wp\/v2\/media?parent=91151"}],"wp:term":[{"taxonomy":"product_brand","embeddable":true,"href":"https:\/\/www.heddata.se\/webbutik\/wp-json\/wp\/v2\/product_brand?post=91151"},{"taxonomy":"product_cat","embeddable":true,"href":"https:\/\/www.heddata.se\/webbutik\/wp-json\/wp\/v2\/product_cat?post=91151"},{"taxonomy":"product_tag","embeddable":true,"href":"https:\/\/www.heddata.se\/webbutik\/wp-json\/wp\/v2\/product_tag?post=91151"}],"curies":[{"name":"wp","href":"https:\/\/api.w.org\/{rel}","templated":true}]}}