{"id":91110,"date":"2021-02-15T15:18:03","date_gmt":"2021-02-15T14:18:03","guid":{"rendered":"https:\/\/www.heddata.se\/webbutik\/?post_type=product&#038;p=91110"},"modified":"2026-04-03T18:16:28","modified_gmt":"2026-04-03T16:16:28","slug":"nexa-lgdr-3500-utomhusmottagarkit","status":"publish","type":"product","link":"https:\/\/www.heddata.se\/webbutik\/produkt\/nexa-lgdr-3500-utomhusmottagarkit\/","title":{"rendered":"NEXA LGDR-3500 Utomhusmottagarkit"},"content":{"rendered":"<p>NEXA LGDR-3500 Utomhusmottagarkit<\/p>\n<p>Fj\u00e4rrstr\u00f6mbrytare f\u00f6r utomhusbruk + fj\u00e4rrkontroll Komplett paket med mottagare f\u00f6r utomhusbruk, samt beh\u00e4ndig fj\u00e4rrkontroll f\u00f6r exempelvis nyckelknippan. Sj\u00e4lvl\u00e4rande kodsystem. IP-44 klassad \/ Skyddslock. Utm\u00e4rkt f\u00f6r utomhusbelysning, motorv\u00e4rmare etc, exempelvis med timer styrning fr\u00e5n TMT-502.<\/p>\n<p>Mottagaren placeras i valfritt v\u00e4gguttag, anslut d\u00e4refter den enhet som skall styras (Max 3500 W) LGDR-3500 levereras komplett med tillh\u00f6rande nyckelrings-fj\u00e4rrkontroll (KCT-510).<\/p>\n<p>LGDR-3500 \u00e4r av sj\u00e4lvl\u00e4rande kodpricip och kan &#8221;l\u00e4ra&#8221; sig kod \/ signal fr\u00e5n valfri Nexa fj\u00e4rrkontroll, r\u00f6relsevakt eller Magnetkontakt.<\/p>\n<p>&#8211; IP44-klassad<br \/>\n&#8211; Max 3500 W<br \/>\n&#8211; Frekvens. 433,92 MHz<br \/>\n&#8211; R\u00e4ckvidd: ca 30 meter<\/p>\n<p><strong>Kompatibla Fj\u00e4rrkontroller:<\/strong><br \/>\nSamtliga System <a href=\"https:\/\/nexa.se\/\" target=\"_blank\" rel=\"noopener\">NEXA<\/a> fj\u00e4rrkontroller kan styra LGDR mottagare, b\u00e5de sj\u00e4lvl\u00e4rande samt kodvreds mottagare. Kompatibel med Nexa Bridge.<\/p>\n<p><strong>Gl\u00f6dljus:<br \/>\n<\/strong>Ja<\/p>\n<p><strong>Halogen 230 V:<\/strong><br \/>\nJa<\/p>\n<p><strong>Halogen 12 V\/Elektroniska transformatorer:<\/strong><br \/>\nJa \u2013 endast med AV- \/ P\u00c5-funktion. (Ej dimmerfunktion)<\/p>\n<p><strong>L\u00e5genergilampor:<\/strong><br \/>\nJa, d\u00e4remot levererar l\u00e5genergilampor induktiva laster som \u00f6ver l\u00e5ng tid kan p\u00e5verka mottagarens rel\u00e4kontakter negativt, det kan ocks\u00e5 variera fr\u00e5n lampa till lampa, men generellt Ja.<\/p>\n<p><strong>Lysr\u00f6r:<\/strong><br \/>\nJa, upp till 300 W. (Stickproppsansluten)<\/p>\n<p><strong>LED-lampor:<\/strong><br \/>\nJa, om man har stickproppsansluten transformator och styr p\u00e5 prim\u00e4rsidan.<\/p>\n<p><strong>Motorer:<\/strong><br \/>\nJa, exempelvis Max 2000W<br \/>\nElradiatorer (Maxlast -30%):<br \/>\nJa, LGDR-3500 klarar av exempelvis <a href=\"https:\/\/www.heddata.se\/webbutik\/produkt\/grendosa-1-5m-6-uttag-jordad-kontakt\/\">Stickproppsanslutet<\/a> v\u00e4rmeelement, max 2400 W.<\/p>\n","protected":false},"excerpt":{"rendered":"<p>NEXA LGDR-3500 Utomhusmottagarkit<\/p>\n","protected":false},"featured_media":91146,"template":"","meta":[],"product_brand":[],"product_cat":[1473,3500],"product_tag":[],"class_list":{"0":"post-91110","1":"product","2":"type-product","3":"status-publish","4":"has-post-thumbnail","6":"product_cat-el","7":"product_cat-larm-overvakning","9":"first","10":"outofstock","11":"taxable","12":"shipping-taxable","13":"product-type-simple"},"yoast_head":"<!-- This site is optimized with the Yoast SEO Premium plugin v26.7 (Yoast SEO v26.7) - https:\/\/yoast.com\/wordpress\/plugins\/seo\/ -->\n<title>NEXA LGDR-3500 Utomhusmottagarkit, fj\u00e4rrstr\u00f6mbrytare f\u00f6r utomhusbruk<\/title>\n<meta name=\"description\" content=\"NEXA LGDR-3500 Utomhusmottagarkit Fj\u00e4rrstr\u00f6mbrytare f\u00f6r utomhusbruk + fj\u00e4rrkontroll Komplett paket med mottagare f\u00f6r utomhusbruk\" \/>\n<meta name=\"robots\" content=\"index, follow, max-snippet:-1, max-image-preview:large, max-video-preview:-1\" \/>\n<link rel=\"canonical\" href=\"https:\/\/www.heddata.se\/webbutik\/produkt\/nexa-lgdr-3500-utomhusmottagarkit\/\" \/>\n<meta property=\"og:locale\" content=\"sv_SE\" \/>\n<meta property=\"og:type\" content=\"article\" \/>\n<meta property=\"og:title\" content=\"NEXA LGDR-3500 Utomhusmottagarkit\" \/>\n<meta property=\"og:description\" content=\"NEXA LGDR-3500 Utomhusmottagarkit Fj\u00e4rrstr\u00f6mbrytare f\u00f6r utomhusbruk + fj\u00e4rrkontroll Komplett paket med mottagare f\u00f6r utomhusbruk\" \/>\n<meta property=\"og:url\" content=\"https:\/\/www.heddata.se\/webbutik\/produkt\/nexa-lgdr-3500-utomhusmottagarkit\/\" \/>\n<meta property=\"og:site_name\" content=\"Datorer, Skrivare, F\u00e4rgpatroner, Mobiltelefoner\" \/>\n<meta property=\"article:modified_time\" content=\"2026-04-03T16:16:28+00:00\" \/>\n<meta property=\"og:image\" content=\"https:\/\/www.heddata.se\/webbutik\/wp-content\/uploads\/webbutik\/kategorier\/el\/nexa-lgdr-3500.jpg\" \/>\n\t<meta property=\"og:image:width\" content=\"500\" \/>\n\t<meta property=\"og:image:height\" content=\"500\" \/>\n\t<meta property=\"og:image:type\" content=\"image\/jpeg\" \/>\n<meta name=\"twitter:card\" content=\"summary_large_image\" \/>\n<meta name=\"twitter:label1\" content=\"Ber\u00e4knad l\u00e4stid\" \/>\n\t<meta name=\"twitter:data1\" content=\"1 minut\" \/>\n<script type=\"application\/ld+json\" class=\"yoast-schema-graph\">{\"@context\":\"https:\/\/schema.org\",\"@graph\":[{\"@type\":\"WebPage\",\"@id\":\"https:\/\/www.heddata.se\/webbutik\/produkt\/nexa-lgdr-3500-utomhusmottagarkit\/\",\"url\":\"https:\/\/www.heddata.se\/webbutik\/produkt\/nexa-lgdr-3500-utomhusmottagarkit\/\",\"name\":\"NEXA LGDR-3500 Utomhusmottagarkit, fj\u00e4rrstr\u00f6mbrytare f\u00f6r utomhusbruk\",\"isPartOf\":{\"@id\":\"https:\/\/www.heddata.se\/webbutik\/#website\"},\"primaryImageOfPage\":{\"@id\":\"https:\/\/www.heddata.se\/webbutik\/produkt\/nexa-lgdr-3500-utomhusmottagarkit\/#primaryimage\"},\"image\":{\"@id\":\"https:\/\/www.heddata.se\/webbutik\/produkt\/nexa-lgdr-3500-utomhusmottagarkit\/#primaryimage\"},\"thumbnailUrl\":\"https:\/\/www.heddata.se\/webbutik\/wp-content\/uploads\/webbutik\/kategorier\/el\/nexa-lgdr-3500.jpg\",\"datePublished\":\"2021-02-15T14:18:03+00:00\",\"dateModified\":\"2026-04-03T16:16:28+00:00\",\"description\":\"NEXA LGDR-3500 Utomhusmottagarkit Fj\u00e4rrstr\u00f6mbrytare f\u00f6r utomhusbruk + fj\u00e4rrkontroll Komplett paket med mottagare f\u00f6r utomhusbruk\",\"breadcrumb\":{\"@id\":\"https:\/\/www.heddata.se\/webbutik\/produkt\/nexa-lgdr-3500-utomhusmottagarkit\/#breadcrumb\"},\"inLanguage\":\"sv-SE\",\"potentialAction\":[{\"@type\":\"ReadAction\",\"target\":[\"https:\/\/www.heddata.se\/webbutik\/produkt\/nexa-lgdr-3500-utomhusmottagarkit\/\"]}]},{\"@type\":\"ImageObject\",\"inLanguage\":\"sv-SE\",\"@id\":\"https:\/\/www.heddata.se\/webbutik\/produkt\/nexa-lgdr-3500-utomhusmottagarkit\/#primaryimage\",\"url\":\"https:\/\/www.heddata.se\/webbutik\/wp-content\/uploads\/webbutik\/kategorier\/el\/nexa-lgdr-3500.jpg\",\"contentUrl\":\"https:\/\/www.heddata.se\/webbutik\/wp-content\/uploads\/webbutik\/kategorier\/el\/nexa-lgdr-3500.jpg\",\"width\":500,\"height\":500,\"caption\":\"NEXA LGDR-3500 Utomhusmottagarkit\"},{\"@type\":\"BreadcrumbList\",\"@id\":\"https:\/\/www.heddata.se\/webbutik\/produkt\/nexa-lgdr-3500-utomhusmottagarkit\/#breadcrumb\",\"itemListElement\":[{\"@type\":\"ListItem\",\"position\":1,\"name\":\"Hem\",\"item\":\"https:\/\/www.heddata.se\/webbutik\/\"},{\"@type\":\"ListItem\",\"position\":2,\"name\":\"Produkter\",\"item\":\"https:\/\/www.heddata.se\/webbutik\/shop\/\"},{\"@type\":\"ListItem\",\"position\":3,\"name\":\"NEXA LGDR-3500 Utomhusmottagarkit\"}]},{\"@type\":\"WebSite\",\"@id\":\"https:\/\/www.heddata.se\/webbutik\/#website\",\"url\":\"https:\/\/www.heddata.se\/webbutik\/\",\"name\":\"Datorer, Skrivare, F\u00e4rgpatroner, Mobiltelefoner\",\"description\":\"Kablar\",\"publisher\":{\"@id\":\"https:\/\/www.heddata.se\/webbutik\/#organization\"},\"potentialAction\":[{\"@type\":\"SearchAction\",\"target\":{\"@type\":\"EntryPoint\",\"urlTemplate\":\"https:\/\/www.heddata.se\/webbutik\/?s={search_term_string}\"},\"query-input\":{\"@type\":\"PropertyValueSpecification\",\"valueRequired\":true,\"valueName\":\"search_term_string\"}}],\"inLanguage\":\"sv-SE\"},{\"@type\":\"Organization\",\"@id\":\"https:\/\/www.heddata.se\/webbutik\/#organization\",\"name\":\"Heddata AB\",\"url\":\"https:\/\/www.heddata.se\/webbutik\/\",\"logo\":{\"@type\":\"ImageObject\",\"inLanguage\":\"sv-SE\",\"@id\":\"https:\/\/www.heddata.se\/webbutik\/#\/schema\/logo\/image\/\",\"url\":\"https:\/\/www.heddata.se\/webbutik\/wp-content\/uploads\/logga\/heddata-ab-logga.png\",\"contentUrl\":\"https:\/\/www.heddata.se\/webbutik\/wp-content\/uploads\/logga\/heddata-ab-logga.png\",\"width\":200,\"height\":64,\"caption\":\"Heddata AB\"},\"image\":{\"@id\":\"https:\/\/www.heddata.se\/webbutik\/#\/schema\/logo\/image\/\"}}]}<\/script>\n<!-- \/ Yoast SEO Premium plugin. -->","yoast_head_json":{"title":"NEXA LGDR-3500 Utomhusmottagarkit, fj\u00e4rrstr\u00f6mbrytare f\u00f6r utomhusbruk","description":"NEXA LGDR-3500 Utomhusmottagarkit Fj\u00e4rrstr\u00f6mbrytare f\u00f6r utomhusbruk + fj\u00e4rrkontroll Komplett paket med mottagare f\u00f6r utomhusbruk","robots":{"index":"index","follow":"follow","max-snippet":"max-snippet:-1","max-image-preview":"max-image-preview:large","max-video-preview":"max-video-preview:-1"},"canonical":"https:\/\/www.heddata.se\/webbutik\/produkt\/nexa-lgdr-3500-utomhusmottagarkit\/","og_locale":"sv_SE","og_type":"article","og_title":"NEXA LGDR-3500 Utomhusmottagarkit","og_description":"NEXA LGDR-3500 Utomhusmottagarkit Fj\u00e4rrstr\u00f6mbrytare f\u00f6r utomhusbruk + fj\u00e4rrkontroll Komplett paket med mottagare f\u00f6r utomhusbruk","og_url":"https:\/\/www.heddata.se\/webbutik\/produkt\/nexa-lgdr-3500-utomhusmottagarkit\/","og_site_name":"Datorer, Skrivare, F\u00e4rgpatroner, Mobiltelefoner","article_modified_time":"2026-04-03T16:16:28+00:00","og_image":[{"width":500,"height":500,"url":"https:\/\/www.heddata.se\/webbutik\/wp-content\/uploads\/webbutik\/kategorier\/el\/nexa-lgdr-3500.jpg","type":"image\/jpeg"}],"twitter_card":"summary_large_image","twitter_misc":{"Ber\u00e4knad l\u00e4stid":"1 minut"},"schema":{"@context":"https:\/\/schema.org","@graph":[{"@type":"WebPage","@id":"https:\/\/www.heddata.se\/webbutik\/produkt\/nexa-lgdr-3500-utomhusmottagarkit\/","url":"https:\/\/www.heddata.se\/webbutik\/produkt\/nexa-lgdr-3500-utomhusmottagarkit\/","name":"NEXA LGDR-3500 Utomhusmottagarkit, fj\u00e4rrstr\u00f6mbrytare f\u00f6r utomhusbruk","isPartOf":{"@id":"https:\/\/www.heddata.se\/webbutik\/#website"},"primaryImageOfPage":{"@id":"https:\/\/www.heddata.se\/webbutik\/produkt\/nexa-lgdr-3500-utomhusmottagarkit\/#primaryimage"},"image":{"@id":"https:\/\/www.heddata.se\/webbutik\/produkt\/nexa-lgdr-3500-utomhusmottagarkit\/#primaryimage"},"thumbnailUrl":"https:\/\/www.heddata.se\/webbutik\/wp-content\/uploads\/webbutik\/kategorier\/el\/nexa-lgdr-3500.jpg","datePublished":"2021-02-15T14:18:03+00:00","dateModified":"2026-04-03T16:16:28+00:00","description":"NEXA LGDR-3500 Utomhusmottagarkit Fj\u00e4rrstr\u00f6mbrytare f\u00f6r utomhusbruk + fj\u00e4rrkontroll Komplett paket med mottagare f\u00f6r utomhusbruk","breadcrumb":{"@id":"https:\/\/www.heddata.se\/webbutik\/produkt\/nexa-lgdr-3500-utomhusmottagarkit\/#breadcrumb"},"inLanguage":"sv-SE","potentialAction":[{"@type":"ReadAction","target":["https:\/\/www.heddata.se\/webbutik\/produkt\/nexa-lgdr-3500-utomhusmottagarkit\/"]}]},{"@type":"ImageObject","inLanguage":"sv-SE","@id":"https:\/\/www.heddata.se\/webbutik\/produkt\/nexa-lgdr-3500-utomhusmottagarkit\/#primaryimage","url":"https:\/\/www.heddata.se\/webbutik\/wp-content\/uploads\/webbutik\/kategorier\/el\/nexa-lgdr-3500.jpg","contentUrl":"https:\/\/www.heddata.se\/webbutik\/wp-content\/uploads\/webbutik\/kategorier\/el\/nexa-lgdr-3500.jpg","width":500,"height":500,"caption":"NEXA LGDR-3500 Utomhusmottagarkit"},{"@type":"BreadcrumbList","@id":"https:\/\/www.heddata.se\/webbutik\/produkt\/nexa-lgdr-3500-utomhusmottagarkit\/#breadcrumb","itemListElement":[{"@type":"ListItem","position":1,"name":"Hem","item":"https:\/\/www.heddata.se\/webbutik\/"},{"@type":"ListItem","position":2,"name":"Produkter","item":"https:\/\/www.heddata.se\/webbutik\/shop\/"},{"@type":"ListItem","position":3,"name":"NEXA LGDR-3500 Utomhusmottagarkit"}]},{"@type":"WebSite","@id":"https:\/\/www.heddata.se\/webbutik\/#website","url":"https:\/\/www.heddata.se\/webbutik\/","name":"Datorer, Skrivare, F\u00e4rgpatroner, Mobiltelefoner","description":"Kablar","publisher":{"@id":"https:\/\/www.heddata.se\/webbutik\/#organization"},"potentialAction":[{"@type":"SearchAction","target":{"@type":"EntryPoint","urlTemplate":"https:\/\/www.heddata.se\/webbutik\/?s={search_term_string}"},"query-input":{"@type":"PropertyValueSpecification","valueRequired":true,"valueName":"search_term_string"}}],"inLanguage":"sv-SE"},{"@type":"Organization","@id":"https:\/\/www.heddata.se\/webbutik\/#organization","name":"Heddata AB","url":"https:\/\/www.heddata.se\/webbutik\/","logo":{"@type":"ImageObject","inLanguage":"sv-SE","@id":"https:\/\/www.heddata.se\/webbutik\/#\/schema\/logo\/image\/","url":"https:\/\/www.heddata.se\/webbutik\/wp-content\/uploads\/logga\/heddata-ab-logga.png","contentUrl":"https:\/\/www.heddata.se\/webbutik\/wp-content\/uploads\/logga\/heddata-ab-logga.png","width":200,"height":64,"caption":"Heddata AB"},"image":{"@id":"https:\/\/www.heddata.se\/webbutik\/#\/schema\/logo\/image\/"}}]}},"_links":{"self":[{"href":"https:\/\/www.heddata.se\/webbutik\/wp-json\/wp\/v2\/product\/91110","targetHints":{"allow":["GET"]}}],"collection":[{"href":"https:\/\/www.heddata.se\/webbutik\/wp-json\/wp\/v2\/product"}],"about":[{"href":"https:\/\/www.heddata.se\/webbutik\/wp-json\/wp\/v2\/types\/product"}],"wp:featuredmedia":[{"embeddable":true,"href":"https:\/\/www.heddata.se\/webbutik\/wp-json\/wp\/v2\/media\/91146"}],"wp:attachment":[{"href":"https:\/\/www.heddata.se\/webbutik\/wp-json\/wp\/v2\/media?parent=91110"}],"wp:term":[{"taxonomy":"product_brand","embeddable":true,"href":"https:\/\/www.heddata.se\/webbutik\/wp-json\/wp\/v2\/product_brand?post=91110"},{"taxonomy":"product_cat","embeddable":true,"href":"https:\/\/www.heddata.se\/webbutik\/wp-json\/wp\/v2\/product_cat?post=91110"},{"taxonomy":"product_tag","embeddable":true,"href":"https:\/\/www.heddata.se\/webbutik\/wp-json\/wp\/v2\/product_tag?post=91110"}],"curies":[{"name":"wp","href":"https:\/\/api.w.org\/{rel}","templated":true}]}}