{"id":91072,"date":"2021-02-09T11:18:16","date_gmt":"2021-02-09T10:18:16","guid":{"rendered":"https:\/\/www.heddata.se\/webbutik\/?post_type=product&#038;p=91072"},"modified":"2026-04-08T18:42:25","modified_gmt":"2026-04-08T16:42:25","slug":"av600-powerline-starter-kit-tl-pa4010-kit","status":"publish","type":"product","link":"https:\/\/www.heddata.se\/webbutik\/produkt\/av600-powerline-starter-kit-tl-pa4010-kit\/","title":{"rendered":"AV600 Powerline Starter Kit TL-PA4010 KIT"},"content":{"rendered":"<p><b>AV600 Powerline Starter Kit TL-PA4010 KIT<\/b><\/p>\n<p id=\"tw-target-text\" class=\"tw-data-text tw-text-large XcVN5d tw-ta\" dir=\"ltr\" data-placeholder=\"\u00d6vers\u00e4ttning\"><span lang=\"sv\">TL-PA4010P KIT f\u00f6rvandlar din befintliga elledning till ett h\u00f6ghastighetsn\u00e4tverk utan behov av nya ledningar eller borrning. Ingen konfiguration kr\u00e4vs, anslut bara din adapter till eluttaget s\u00e5 kan du snabbt skapa n\u00e4tverksinfrastruktur. Dessutom ser det integrerade eluttaget till att inget eluttag g\u00e5r till spillo. Med hastigheter upp till 600 Mbps och 300 meter \u00f6ver hush\u00e5llsledningarna \u00e4r TL-PA4010P KIT ett utm\u00e4rkt val f\u00f6r ett enkelt multimediaunderh\u00e5llningsn\u00e4tverk.<\/span><\/p>\n<h4><b>Beskrivning:<\/b><\/h4>\n<h4>\n<b>AV600 Powerline Starter Kit TL-PA4010 KIT<\/b><\/h4>\n<p>HomePlug AV standard compliant, high-speed data transfer rates of up to 600Mbps (1<br \/>\nMiniature design, smaller than most powerline adapters at the market, blends discreetly in front of any power outlet<br \/>\nNo new wires, Easy Plug and Play operation, No configuration required<br \/>\nPatented Power-Saving Mode automatically reduces power consumption by up to 85% (2<\/p>\n<h4><b>600Mbps <a href=\"https:\/\/www.heddata.se\/webbutik\/accesspunkter-och-natverksforlangare\/\">Powerline<\/a> Speeds Ideal for HD Streaming<\/b><\/h4>\n<h4>Using advanced Home Plug AV technology, TL-PA4010 KIT provides users with stable, high-speed data transfer rates of up to 600Mbps on a line length of up to 300 meters. With speed of up to 600Mbps,<br \/>\n<a href=\"https:\/\/www.tp-link.com\/se\/\" target=\"_blank\" rel=\"noopener\">TL-PA4010 KIT<\/a> enables heavy-bandwidth applications like HD streaming, on-line gaming and large file downloading, turning your home into a robust and high-speed networking.<\/p>\n<p><b>Miniature Design<\/b><\/h4>\n<h4>With its new ultra-compact housing design, TL-PA4010 KIT is much smaller than TP-Link\u2019s legacy mini 600Mbps powerline products. At just 28.5mm thick, it nearly blends completely in front of any power outlet.<\/p>\n<p><b>Pair Button for Easy Network Security<\/b><\/h4>\n<p>Simply by pushing the Pair button on the adapters, users can set up a hassle-free Powerline network within minutes, complete with 128-bit AES encryption for network security and data protection.<br \/>\nIt&#8217;s that simple!<\/p>\n<p>1. Plug the adapter into the power outlet<br \/>\n2. Connect the device via the network cable to the adapter<br \/>\n3. Press the pair buttons\u2014and you&#8217;re done!<\/p>\n<p>Note: The powerline adapters must be deployed in sets of two or more.<\/p>\n<p>*1. The theoretical maximum channel data transfer rate is derived from HomePlug AV2 specifications. Actual data transfer rate will vary from network environment including: distance, network traffic, noise on electrical wires, building material and construction, quality of electrical installation and other adverse conditions.<\/p>\n<p>*2. Actual data will vary because of the network conditions and environment factors.<\/p>\n<p>*3. Compatible with all HomePlug AV and AV2 Standard Powerline adapters. This product may not be compatible with routers or gateways with firmware that has been altered, is based on open source programs, or are non-standard or outdated.<\/p>\n<h4><b>Specifikationer:<\/b><\/h4>\n<div>\n<table border=\"0\" cellspacing=\"0\" cellpadding=\"0\">\n<tbody>\n<tr>\n<td>Produktens f\u00e4rg<\/td>\n<td>White<\/td>\n<\/tr>\n<tr>\n<td>Gr\u00e4nssnitt<\/td>\n<td>Ethernet<\/td>\n<\/tr>\n<tr>\n<td>Anslutningsteknologi<\/td>\n<td>Wired<\/td>\n<\/tr>\n<tr>\n<td>Tr\u00e5dl\u00f6st n\u00e4tverk<\/td>\n<td>Nej<\/td>\n<\/tr>\n<tr>\n<td>Kryptering\/s\u00e4kerhet<\/td>\n<td>128-bit AES<\/td>\n<\/tr>\n<tr>\n<td>Kommunikationsstandarder<\/td>\n<td>IEEE 802.3,IEEE 802.3ab,IEEE 802.3u<\/td>\n<\/tr>\n<tr>\n<td>Certifiering<\/td>\n<td>CE, FCC<\/td>\n<\/tr>\n<\/tbody>\n<\/table>\n<\/div>\n","protected":false},"excerpt":{"rendered":"<p><b>AV600 Powerline Starter Kit TL-PA4010 KIT<\/b><\/p>\n","protected":false},"featured_media":91074,"template":"","meta":[],"product_brand":[],"product_cat":[8980,70],"product_tag":[],"class_list":{"0":"post-91072","1":"product","2":"type-product","3":"status-publish","4":"has-post-thumbnail","6":"product_cat-accesspunkter-och-natverksforlangare","7":"product_cat-natverk","9":"first","10":"outofstock","11":"taxable","12":"shipping-taxable","13":"product-type-simple"},"yoast_head":"<!-- This site is optimized with the Yoast SEO Premium plugin v26.7 (Yoast SEO v26.7) - https:\/\/yoast.com\/wordpress\/plugins\/seo\/ -->\n<title>AV600 Powerline Starter Kit TL-PA4010 KIT anv\u00e4nd eln\u00e4tet i huset<\/title>\n<meta name=\"description\" content=\"AV600 Powerline Starter Kit TL-PA4010 KIT f\u00f6rvandlar din befintliga elledning till ett h\u00f6ghastighetsn\u00e4tverk utan behov av nya ledningar.\" \/>\n<meta name=\"robots\" content=\"index, follow, max-snippet:-1, max-image-preview:large, max-video-preview:-1\" \/>\n<link rel=\"canonical\" href=\"https:\/\/www.heddata.se\/webbutik\/produkt\/av600-powerline-starter-kit-tl-pa4010-kit\/\" \/>\n<meta property=\"og:locale\" content=\"sv_SE\" \/>\n<meta property=\"og:type\" content=\"article\" \/>\n<meta property=\"og:title\" content=\"AV600 Powerline Starter Kit TL-PA4010 KIT\" \/>\n<meta property=\"og:description\" content=\"AV600 Powerline Starter Kit TL-PA4010 KIT f\u00f6rvandlar din befintliga elledning till ett h\u00f6ghastighetsn\u00e4tverk utan behov av nya ledningar.\" \/>\n<meta property=\"og:url\" content=\"https:\/\/www.heddata.se\/webbutik\/produkt\/av600-powerline-starter-kit-tl-pa4010-kit\/\" \/>\n<meta property=\"og:site_name\" content=\"Datorer, Skrivare, F\u00e4rgpatroner, Mobiltelefoner\" \/>\n<meta property=\"article:modified_time\" content=\"2026-04-08T16:42:25+00:00\" \/>\n<meta property=\"og:image\" content=\"https:\/\/www.heddata.se\/webbutik\/wp-content\/uploads\/webbutik\/kategorier\/natvark\/tl-pa4010kit.jpg\" \/>\n\t<meta property=\"og:image:width\" content=\"504\" \/>\n\t<meta property=\"og:image:height\" content=\"504\" \/>\n\t<meta property=\"og:image:type\" content=\"image\/jpeg\" \/>\n<meta name=\"twitter:card\" content=\"summary_large_image\" \/>\n<meta name=\"twitter:label1\" content=\"Ber\u00e4knad l\u00e4stid\" \/>\n\t<meta name=\"twitter:data1\" content=\"2 minuter\" \/>\n<script type=\"application\/ld+json\" class=\"yoast-schema-graph\">{\"@context\":\"https:\/\/schema.org\",\"@graph\":[{\"@type\":\"WebPage\",\"@id\":\"https:\/\/www.heddata.se\/webbutik\/produkt\/av600-powerline-starter-kit-tl-pa4010-kit\/\",\"url\":\"https:\/\/www.heddata.se\/webbutik\/produkt\/av600-powerline-starter-kit-tl-pa4010-kit\/\",\"name\":\"AV600 Powerline Starter Kit TL-PA4010 KIT anv\u00e4nd eln\u00e4tet i huset\",\"isPartOf\":{\"@id\":\"https:\/\/www.heddata.se\/webbutik\/#website\"},\"primaryImageOfPage\":{\"@id\":\"https:\/\/www.heddata.se\/webbutik\/produkt\/av600-powerline-starter-kit-tl-pa4010-kit\/#primaryimage\"},\"image\":{\"@id\":\"https:\/\/www.heddata.se\/webbutik\/produkt\/av600-powerline-starter-kit-tl-pa4010-kit\/#primaryimage\"},\"thumbnailUrl\":\"https:\/\/www.heddata.se\/webbutik\/wp-content\/uploads\/webbutik\/kategorier\/natvark\/tl-pa4010kit.jpg\",\"datePublished\":\"2021-02-09T10:18:16+00:00\",\"dateModified\":\"2026-04-08T16:42:25+00:00\",\"description\":\"AV600 Powerline Starter Kit TL-PA4010 KIT f\u00f6rvandlar din befintliga elledning till ett h\u00f6ghastighetsn\u00e4tverk utan behov av nya ledningar.\",\"breadcrumb\":{\"@id\":\"https:\/\/www.heddata.se\/webbutik\/produkt\/av600-powerline-starter-kit-tl-pa4010-kit\/#breadcrumb\"},\"inLanguage\":\"sv-SE\",\"potentialAction\":[{\"@type\":\"ReadAction\",\"target\":[\"https:\/\/www.heddata.se\/webbutik\/produkt\/av600-powerline-starter-kit-tl-pa4010-kit\/\"]}]},{\"@type\":\"ImageObject\",\"inLanguage\":\"sv-SE\",\"@id\":\"https:\/\/www.heddata.se\/webbutik\/produkt\/av600-powerline-starter-kit-tl-pa4010-kit\/#primaryimage\",\"url\":\"https:\/\/www.heddata.se\/webbutik\/wp-content\/uploads\/webbutik\/kategorier\/natvark\/tl-pa4010kit.jpg\",\"contentUrl\":\"https:\/\/www.heddata.se\/webbutik\/wp-content\/uploads\/webbutik\/kategorier\/natvark\/tl-pa4010kit.jpg\",\"width\":504,\"height\":504,\"caption\":\"AV600 Powerline Starter Kit\"},{\"@type\":\"BreadcrumbList\",\"@id\":\"https:\/\/www.heddata.se\/webbutik\/produkt\/av600-powerline-starter-kit-tl-pa4010-kit\/#breadcrumb\",\"itemListElement\":[{\"@type\":\"ListItem\",\"position\":1,\"name\":\"Hem\",\"item\":\"https:\/\/www.heddata.se\/webbutik\/\"},{\"@type\":\"ListItem\",\"position\":2,\"name\":\"Produkter\",\"item\":\"https:\/\/www.heddata.se\/webbutik\/shop\/\"},{\"@type\":\"ListItem\",\"position\":3,\"name\":\"AV600 Powerline Starter Kit TL-PA4010 KIT\"}]},{\"@type\":\"WebSite\",\"@id\":\"https:\/\/www.heddata.se\/webbutik\/#website\",\"url\":\"https:\/\/www.heddata.se\/webbutik\/\",\"name\":\"Datorer, Skrivare, F\u00e4rgpatroner, Mobiltelefoner\",\"description\":\"Kablar\",\"publisher\":{\"@id\":\"https:\/\/www.heddata.se\/webbutik\/#organization\"},\"potentialAction\":[{\"@type\":\"SearchAction\",\"target\":{\"@type\":\"EntryPoint\",\"urlTemplate\":\"https:\/\/www.heddata.se\/webbutik\/?s={search_term_string}\"},\"query-input\":{\"@type\":\"PropertyValueSpecification\",\"valueRequired\":true,\"valueName\":\"search_term_string\"}}],\"inLanguage\":\"sv-SE\"},{\"@type\":\"Organization\",\"@id\":\"https:\/\/www.heddata.se\/webbutik\/#organization\",\"name\":\"Heddata AB\",\"url\":\"https:\/\/www.heddata.se\/webbutik\/\",\"logo\":{\"@type\":\"ImageObject\",\"inLanguage\":\"sv-SE\",\"@id\":\"https:\/\/www.heddata.se\/webbutik\/#\/schema\/logo\/image\/\",\"url\":\"https:\/\/www.heddata.se\/webbutik\/wp-content\/uploads\/logga\/heddata-ab-logga.png\",\"contentUrl\":\"https:\/\/www.heddata.se\/webbutik\/wp-content\/uploads\/logga\/heddata-ab-logga.png\",\"width\":200,\"height\":64,\"caption\":\"Heddata AB\"},\"image\":{\"@id\":\"https:\/\/www.heddata.se\/webbutik\/#\/schema\/logo\/image\/\"}}]}<\/script>\n<!-- \/ Yoast SEO Premium plugin. -->","yoast_head_json":{"title":"AV600 Powerline Starter Kit TL-PA4010 KIT anv\u00e4nd eln\u00e4tet i huset","description":"AV600 Powerline Starter Kit TL-PA4010 KIT f\u00f6rvandlar din befintliga elledning till ett h\u00f6ghastighetsn\u00e4tverk utan behov av nya ledningar.","robots":{"index":"index","follow":"follow","max-snippet":"max-snippet:-1","max-image-preview":"max-image-preview:large","max-video-preview":"max-video-preview:-1"},"canonical":"https:\/\/www.heddata.se\/webbutik\/produkt\/av600-powerline-starter-kit-tl-pa4010-kit\/","og_locale":"sv_SE","og_type":"article","og_title":"AV600 Powerline Starter Kit TL-PA4010 KIT","og_description":"AV600 Powerline Starter Kit TL-PA4010 KIT f\u00f6rvandlar din befintliga elledning till ett h\u00f6ghastighetsn\u00e4tverk utan behov av nya ledningar.","og_url":"https:\/\/www.heddata.se\/webbutik\/produkt\/av600-powerline-starter-kit-tl-pa4010-kit\/","og_site_name":"Datorer, Skrivare, F\u00e4rgpatroner, Mobiltelefoner","article_modified_time":"2026-04-08T16:42:25+00:00","og_image":[{"width":504,"height":504,"url":"https:\/\/www.heddata.se\/webbutik\/wp-content\/uploads\/webbutik\/kategorier\/natvark\/tl-pa4010kit.jpg","type":"image\/jpeg"}],"twitter_card":"summary_large_image","twitter_misc":{"Ber\u00e4knad l\u00e4stid":"2 minuter"},"schema":{"@context":"https:\/\/schema.org","@graph":[{"@type":"WebPage","@id":"https:\/\/www.heddata.se\/webbutik\/produkt\/av600-powerline-starter-kit-tl-pa4010-kit\/","url":"https:\/\/www.heddata.se\/webbutik\/produkt\/av600-powerline-starter-kit-tl-pa4010-kit\/","name":"AV600 Powerline Starter Kit TL-PA4010 KIT anv\u00e4nd eln\u00e4tet i huset","isPartOf":{"@id":"https:\/\/www.heddata.se\/webbutik\/#website"},"primaryImageOfPage":{"@id":"https:\/\/www.heddata.se\/webbutik\/produkt\/av600-powerline-starter-kit-tl-pa4010-kit\/#primaryimage"},"image":{"@id":"https:\/\/www.heddata.se\/webbutik\/produkt\/av600-powerline-starter-kit-tl-pa4010-kit\/#primaryimage"},"thumbnailUrl":"https:\/\/www.heddata.se\/webbutik\/wp-content\/uploads\/webbutik\/kategorier\/natvark\/tl-pa4010kit.jpg","datePublished":"2021-02-09T10:18:16+00:00","dateModified":"2026-04-08T16:42:25+00:00","description":"AV600 Powerline Starter Kit TL-PA4010 KIT f\u00f6rvandlar din befintliga elledning till ett h\u00f6ghastighetsn\u00e4tverk utan behov av nya ledningar.","breadcrumb":{"@id":"https:\/\/www.heddata.se\/webbutik\/produkt\/av600-powerline-starter-kit-tl-pa4010-kit\/#breadcrumb"},"inLanguage":"sv-SE","potentialAction":[{"@type":"ReadAction","target":["https:\/\/www.heddata.se\/webbutik\/produkt\/av600-powerline-starter-kit-tl-pa4010-kit\/"]}]},{"@type":"ImageObject","inLanguage":"sv-SE","@id":"https:\/\/www.heddata.se\/webbutik\/produkt\/av600-powerline-starter-kit-tl-pa4010-kit\/#primaryimage","url":"https:\/\/www.heddata.se\/webbutik\/wp-content\/uploads\/webbutik\/kategorier\/natvark\/tl-pa4010kit.jpg","contentUrl":"https:\/\/www.heddata.se\/webbutik\/wp-content\/uploads\/webbutik\/kategorier\/natvark\/tl-pa4010kit.jpg","width":504,"height":504,"caption":"AV600 Powerline Starter Kit"},{"@type":"BreadcrumbList","@id":"https:\/\/www.heddata.se\/webbutik\/produkt\/av600-powerline-starter-kit-tl-pa4010-kit\/#breadcrumb","itemListElement":[{"@type":"ListItem","position":1,"name":"Hem","item":"https:\/\/www.heddata.se\/webbutik\/"},{"@type":"ListItem","position":2,"name":"Produkter","item":"https:\/\/www.heddata.se\/webbutik\/shop\/"},{"@type":"ListItem","position":3,"name":"AV600 Powerline Starter Kit TL-PA4010 KIT"}]},{"@type":"WebSite","@id":"https:\/\/www.heddata.se\/webbutik\/#website","url":"https:\/\/www.heddata.se\/webbutik\/","name":"Datorer, Skrivare, F\u00e4rgpatroner, Mobiltelefoner","description":"Kablar","publisher":{"@id":"https:\/\/www.heddata.se\/webbutik\/#organization"},"potentialAction":[{"@type":"SearchAction","target":{"@type":"EntryPoint","urlTemplate":"https:\/\/www.heddata.se\/webbutik\/?s={search_term_string}"},"query-input":{"@type":"PropertyValueSpecification","valueRequired":true,"valueName":"search_term_string"}}],"inLanguage":"sv-SE"},{"@type":"Organization","@id":"https:\/\/www.heddata.se\/webbutik\/#organization","name":"Heddata AB","url":"https:\/\/www.heddata.se\/webbutik\/","logo":{"@type":"ImageObject","inLanguage":"sv-SE","@id":"https:\/\/www.heddata.se\/webbutik\/#\/schema\/logo\/image\/","url":"https:\/\/www.heddata.se\/webbutik\/wp-content\/uploads\/logga\/heddata-ab-logga.png","contentUrl":"https:\/\/www.heddata.se\/webbutik\/wp-content\/uploads\/logga\/heddata-ab-logga.png","width":200,"height":64,"caption":"Heddata AB"},"image":{"@id":"https:\/\/www.heddata.se\/webbutik\/#\/schema\/logo\/image\/"}}]}},"_links":{"self":[{"href":"https:\/\/www.heddata.se\/webbutik\/wp-json\/wp\/v2\/product\/91072","targetHints":{"allow":["GET"]}}],"collection":[{"href":"https:\/\/www.heddata.se\/webbutik\/wp-json\/wp\/v2\/product"}],"about":[{"href":"https:\/\/www.heddata.se\/webbutik\/wp-json\/wp\/v2\/types\/product"}],"wp:featuredmedia":[{"embeddable":true,"href":"https:\/\/www.heddata.se\/webbutik\/wp-json\/wp\/v2\/media\/91074"}],"wp:attachment":[{"href":"https:\/\/www.heddata.se\/webbutik\/wp-json\/wp\/v2\/media?parent=91072"}],"wp:term":[{"taxonomy":"product_brand","embeddable":true,"href":"https:\/\/www.heddata.se\/webbutik\/wp-json\/wp\/v2\/product_brand?post=91072"},{"taxonomy":"product_cat","embeddable":true,"href":"https:\/\/www.heddata.se\/webbutik\/wp-json\/wp\/v2\/product_cat?post=91072"},{"taxonomy":"product_tag","embeddable":true,"href":"https:\/\/www.heddata.se\/webbutik\/wp-json\/wp\/v2\/product_tag?post=91072"}],"curies":[{"name":"wp","href":"https:\/\/api.w.org\/{rel}","templated":true}]}}