{"id":91047,"date":"2021-02-03T09:13:03","date_gmt":"2021-02-03T08:13:03","guid":{"rendered":"https:\/\/www.heddata.se\/webbutik\/?post_type=product&#038;p=91047"},"modified":"2026-05-01T18:08:27","modified_gmt":"2026-05-01T16:08:27","slug":"laderfodral-samsung-galaxy-a42-5g","status":"publish","type":"product","link":"https:\/\/www.heddata.se\/webbutik\/produkt\/laderfodral-samsung-galaxy-a42-5g\/","title":{"rendered":"L\u00e4derfodral Samsung Galaxy A42 5G"},"content":{"rendered":"<p>L\u00e4derfodral Samsung Galaxy A42 5G<\/p>\n<p>Mobilfodral i \u00e4kta l\u00e4der till Samsung Galaxy A42 5G. Fodralet skyddar runt hela din telefon och har en rymlig pl\u00e5nbok p\u00e5 insidan av locket. Pl\u00e5nboken \u00e4r rymlig och har tre kortfack och en sedelficka.<\/p>\n<p>Telefonen sitter s\u00e4kert fast i det st\u00f6td\u00e4mpande TPU-skalet och d\u00f6ljs bakom locket som h\u00e5lls st\u00e4ngt med ett magnetsp\u00e4nne. P\u00e5 s\u00e5 s\u00e4tt skyddas b\u00e5de fram och baksida av telefonen mot skador.<\/p>\n<p>Pl\u00e5nboksfodralet kan bilda ett st\u00e4ll f\u00f6r din telefon, perfekt n\u00e4r du eller din familj ska se p\u00e5 film eller serier.<\/p>\n<p>&#8211; Smart inbyggd pl\u00e5nbok f\u00f6r kort, sedlar, kvitton<br \/>\n&#8211; Du f\u00e5r ett bra skydd runt om hela telefonen<br \/>\n&#8211; Fodralet har en tunn och smidig design<br \/>\n&#8211; Kan bilda ett mobilst\u00e4ll f\u00f6r visning av YouTube, film och serier<\/p>\n<p>L\u00e4derfodral Samsung Galaxy A42 passar till: <a href=\"https:\/\/www.samsung.com\/se\/\" target=\"_blank\" rel=\"noopener\">Samsung<\/a> Galaxy A42 5G <a href=\"https:\/\/www.heddata.se\/webbutik\/telefon-surfplattor\/mobiltelefoner\/\">SM-A426.<\/a><br \/>\nMaterial: L\u00e4der.<br \/>\nF\u00e4rg: Svart.<\/p>\n","protected":false},"excerpt":{"rendered":"<p>L\u00e4derfodral Samsung Galaxy A42 5G<\/p>\n","protected":false},"featured_media":91049,"template":"","meta":[],"product_brand":[],"product_cat":[121,129,69],"product_tag":[],"class_list":{"0":"post-91047","1":"product","2":"type-product","3":"status-publish","4":"has-post-thumbnail","6":"product_cat-skal-skydd","7":"product_cat-skal-skydd-mobiltelefon","8":"product_cat-telefontillbehor","10":"first","11":"instock","12":"taxable","13":"shipping-taxable","14":"purchasable","15":"product-type-simple"},"yoast_head":"<!-- This site is optimized with the Yoast SEO Premium plugin v26.7 (Yoast SEO v26.7) - https:\/\/yoast.com\/wordpress\/plugins\/seo\/ -->\n<title>L\u00e4derfodral Samsung Galaxy A42 5G med inbyggd pl\u00e5nbok, 3 kortplatser<\/title>\n<meta name=\"description\" content=\"L\u00e4derfodral Samsung Galaxy A42 5G. Fodralet skyddar runt hela din telefon och har en rymlig pl\u00e5nbok p\u00e5 insidan av locket. Plats f\u00f6r 3 kort.\" \/>\n<meta name=\"robots\" content=\"index, follow, max-snippet:-1, max-image-preview:large, max-video-preview:-1\" \/>\n<link rel=\"canonical\" href=\"https:\/\/www.heddata.se\/webbutik\/produkt\/laderfodral-samsung-galaxy-a42-5g\/\" \/>\n<meta property=\"og:locale\" content=\"sv_SE\" \/>\n<meta property=\"og:type\" content=\"article\" \/>\n<meta property=\"og:title\" content=\"L\u00e4derfodral Samsung Galaxy A42 5G\" \/>\n<meta property=\"og:description\" content=\"L\u00e4derfodral Samsung Galaxy A42 5G. Fodralet skyddar runt hela din telefon och har en rymlig pl\u00e5nbok p\u00e5 insidan av locket. Plats f\u00f6r 3 kort.\" \/>\n<meta property=\"og:url\" content=\"https:\/\/www.heddata.se\/webbutik\/produkt\/laderfodral-samsung-galaxy-a42-5g\/\" \/>\n<meta property=\"og:site_name\" content=\"Datorer, Skrivare, F\u00e4rgpatroner, Mobiltelefoner\" \/>\n<meta property=\"article:modified_time\" content=\"2026-05-01T16:08:27+00:00\" \/>\n<meta property=\"og:image\" content=\"https:\/\/www.heddata.se\/webbutik\/wp-content\/uploads\/webbutik\/kategorier\/telefontillbehor\/29617.jpg\" \/>\n\t<meta property=\"og:image:width\" content=\"823\" \/>\n\t<meta property=\"og:image:height\" content=\"823\" \/>\n\t<meta property=\"og:image:type\" content=\"image\/jpeg\" \/>\n<meta name=\"twitter:card\" content=\"summary_large_image\" \/>\n<meta name=\"twitter:label1\" content=\"Ber\u00e4knad l\u00e4stid\" \/>\n\t<meta name=\"twitter:data1\" content=\"1 minut\" \/>\n<script type=\"application\/ld+json\" class=\"yoast-schema-graph\">{\"@context\":\"https:\/\/schema.org\",\"@graph\":[{\"@type\":\"WebPage\",\"@id\":\"https:\/\/www.heddata.se\/webbutik\/produkt\/laderfodral-samsung-galaxy-a42-5g\/\",\"url\":\"https:\/\/www.heddata.se\/webbutik\/produkt\/laderfodral-samsung-galaxy-a42-5g\/\",\"name\":\"L\u00e4derfodral Samsung Galaxy A42 5G med inbyggd pl\u00e5nbok, 3 kortplatser\",\"isPartOf\":{\"@id\":\"https:\/\/www.heddata.se\/webbutik\/#website\"},\"primaryImageOfPage\":{\"@id\":\"https:\/\/www.heddata.se\/webbutik\/produkt\/laderfodral-samsung-galaxy-a42-5g\/#primaryimage\"},\"image\":{\"@id\":\"https:\/\/www.heddata.se\/webbutik\/produkt\/laderfodral-samsung-galaxy-a42-5g\/#primaryimage\"},\"thumbnailUrl\":\"https:\/\/www.heddata.se\/webbutik\/wp-content\/uploads\/webbutik\/kategorier\/telefontillbehor\/29617.jpg\",\"datePublished\":\"2021-02-03T08:13:03+00:00\",\"dateModified\":\"2026-05-01T16:08:27+00:00\",\"description\":\"L\u00e4derfodral Samsung Galaxy A42 5G. Fodralet skyddar runt hela din telefon och har en rymlig pl\u00e5nbok p\u00e5 insidan av locket. Plats f\u00f6r 3 kort.\",\"breadcrumb\":{\"@id\":\"https:\/\/www.heddata.se\/webbutik\/produkt\/laderfodral-samsung-galaxy-a42-5g\/#breadcrumb\"},\"inLanguage\":\"sv-SE\",\"potentialAction\":[{\"@type\":\"ReadAction\",\"target\":[\"https:\/\/www.heddata.se\/webbutik\/produkt\/laderfodral-samsung-galaxy-a42-5g\/\"]}]},{\"@type\":\"ImageObject\",\"inLanguage\":\"sv-SE\",\"@id\":\"https:\/\/www.heddata.se\/webbutik\/produkt\/laderfodral-samsung-galaxy-a42-5g\/#primaryimage\",\"url\":\"https:\/\/www.heddata.se\/webbutik\/wp-content\/uploads\/webbutik\/kategorier\/telefontillbehor\/29617.jpg\",\"contentUrl\":\"https:\/\/www.heddata.se\/webbutik\/wp-content\/uploads\/webbutik\/kategorier\/telefontillbehor\/29617.jpg\",\"width\":823,\"height\":823,\"caption\":\"L\u00e4derfodral Samsung Galaxy A42 5G\"},{\"@type\":\"BreadcrumbList\",\"@id\":\"https:\/\/www.heddata.se\/webbutik\/produkt\/laderfodral-samsung-galaxy-a42-5g\/#breadcrumb\",\"itemListElement\":[{\"@type\":\"ListItem\",\"position\":1,\"name\":\"Hem\",\"item\":\"https:\/\/www.heddata.se\/webbutik\/\"},{\"@type\":\"ListItem\",\"position\":2,\"name\":\"Produkter\",\"item\":\"https:\/\/www.heddata.se\/webbutik\/shop\/\"},{\"@type\":\"ListItem\",\"position\":3,\"name\":\"L\u00e4derfodral Samsung Galaxy A42 5G\"}]},{\"@type\":\"WebSite\",\"@id\":\"https:\/\/www.heddata.se\/webbutik\/#website\",\"url\":\"https:\/\/www.heddata.se\/webbutik\/\",\"name\":\"Datorer, Skrivare, F\u00e4rgpatroner, Mobiltelefoner\",\"description\":\"Kablar\",\"publisher\":{\"@id\":\"https:\/\/www.heddata.se\/webbutik\/#organization\"},\"potentialAction\":[{\"@type\":\"SearchAction\",\"target\":{\"@type\":\"EntryPoint\",\"urlTemplate\":\"https:\/\/www.heddata.se\/webbutik\/?s={search_term_string}\"},\"query-input\":{\"@type\":\"PropertyValueSpecification\",\"valueRequired\":true,\"valueName\":\"search_term_string\"}}],\"inLanguage\":\"sv-SE\"},{\"@type\":\"Organization\",\"@id\":\"https:\/\/www.heddata.se\/webbutik\/#organization\",\"name\":\"Heddata AB\",\"url\":\"https:\/\/www.heddata.se\/webbutik\/\",\"logo\":{\"@type\":\"ImageObject\",\"inLanguage\":\"sv-SE\",\"@id\":\"https:\/\/www.heddata.se\/webbutik\/#\/schema\/logo\/image\/\",\"url\":\"https:\/\/www.heddata.se\/webbutik\/wp-content\/uploads\/logga\/heddata-ab-logga.png\",\"contentUrl\":\"https:\/\/www.heddata.se\/webbutik\/wp-content\/uploads\/logga\/heddata-ab-logga.png\",\"width\":200,\"height\":64,\"caption\":\"Heddata AB\"},\"image\":{\"@id\":\"https:\/\/www.heddata.se\/webbutik\/#\/schema\/logo\/image\/\"}}]}<\/script>\n<!-- \/ Yoast SEO Premium plugin. -->","yoast_head_json":{"title":"L\u00e4derfodral Samsung Galaxy A42 5G med inbyggd pl\u00e5nbok, 3 kortplatser","description":"L\u00e4derfodral Samsung Galaxy A42 5G. Fodralet skyddar runt hela din telefon och har en rymlig pl\u00e5nbok p\u00e5 insidan av locket. Plats f\u00f6r 3 kort.","robots":{"index":"index","follow":"follow","max-snippet":"max-snippet:-1","max-image-preview":"max-image-preview:large","max-video-preview":"max-video-preview:-1"},"canonical":"https:\/\/www.heddata.se\/webbutik\/produkt\/laderfodral-samsung-galaxy-a42-5g\/","og_locale":"sv_SE","og_type":"article","og_title":"L\u00e4derfodral Samsung Galaxy A42 5G","og_description":"L\u00e4derfodral Samsung Galaxy A42 5G. Fodralet skyddar runt hela din telefon och har en rymlig pl\u00e5nbok p\u00e5 insidan av locket. Plats f\u00f6r 3 kort.","og_url":"https:\/\/www.heddata.se\/webbutik\/produkt\/laderfodral-samsung-galaxy-a42-5g\/","og_site_name":"Datorer, Skrivare, F\u00e4rgpatroner, Mobiltelefoner","article_modified_time":"2026-05-01T16:08:27+00:00","og_image":[{"width":823,"height":823,"url":"https:\/\/www.heddata.se\/webbutik\/wp-content\/uploads\/webbutik\/kategorier\/telefontillbehor\/29617.jpg","type":"image\/jpeg"}],"twitter_card":"summary_large_image","twitter_misc":{"Ber\u00e4knad l\u00e4stid":"1 minut"},"schema":{"@context":"https:\/\/schema.org","@graph":[{"@type":"WebPage","@id":"https:\/\/www.heddata.se\/webbutik\/produkt\/laderfodral-samsung-galaxy-a42-5g\/","url":"https:\/\/www.heddata.se\/webbutik\/produkt\/laderfodral-samsung-galaxy-a42-5g\/","name":"L\u00e4derfodral Samsung Galaxy A42 5G med inbyggd pl\u00e5nbok, 3 kortplatser","isPartOf":{"@id":"https:\/\/www.heddata.se\/webbutik\/#website"},"primaryImageOfPage":{"@id":"https:\/\/www.heddata.se\/webbutik\/produkt\/laderfodral-samsung-galaxy-a42-5g\/#primaryimage"},"image":{"@id":"https:\/\/www.heddata.se\/webbutik\/produkt\/laderfodral-samsung-galaxy-a42-5g\/#primaryimage"},"thumbnailUrl":"https:\/\/www.heddata.se\/webbutik\/wp-content\/uploads\/webbutik\/kategorier\/telefontillbehor\/29617.jpg","datePublished":"2021-02-03T08:13:03+00:00","dateModified":"2026-05-01T16:08:27+00:00","description":"L\u00e4derfodral Samsung Galaxy A42 5G. Fodralet skyddar runt hela din telefon och har en rymlig pl\u00e5nbok p\u00e5 insidan av locket. Plats f\u00f6r 3 kort.","breadcrumb":{"@id":"https:\/\/www.heddata.se\/webbutik\/produkt\/laderfodral-samsung-galaxy-a42-5g\/#breadcrumb"},"inLanguage":"sv-SE","potentialAction":[{"@type":"ReadAction","target":["https:\/\/www.heddata.se\/webbutik\/produkt\/laderfodral-samsung-galaxy-a42-5g\/"]}]},{"@type":"ImageObject","inLanguage":"sv-SE","@id":"https:\/\/www.heddata.se\/webbutik\/produkt\/laderfodral-samsung-galaxy-a42-5g\/#primaryimage","url":"https:\/\/www.heddata.se\/webbutik\/wp-content\/uploads\/webbutik\/kategorier\/telefontillbehor\/29617.jpg","contentUrl":"https:\/\/www.heddata.se\/webbutik\/wp-content\/uploads\/webbutik\/kategorier\/telefontillbehor\/29617.jpg","width":823,"height":823,"caption":"L\u00e4derfodral Samsung Galaxy A42 5G"},{"@type":"BreadcrumbList","@id":"https:\/\/www.heddata.se\/webbutik\/produkt\/laderfodral-samsung-galaxy-a42-5g\/#breadcrumb","itemListElement":[{"@type":"ListItem","position":1,"name":"Hem","item":"https:\/\/www.heddata.se\/webbutik\/"},{"@type":"ListItem","position":2,"name":"Produkter","item":"https:\/\/www.heddata.se\/webbutik\/shop\/"},{"@type":"ListItem","position":3,"name":"L\u00e4derfodral Samsung Galaxy A42 5G"}]},{"@type":"WebSite","@id":"https:\/\/www.heddata.se\/webbutik\/#website","url":"https:\/\/www.heddata.se\/webbutik\/","name":"Datorer, Skrivare, F\u00e4rgpatroner, Mobiltelefoner","description":"Kablar","publisher":{"@id":"https:\/\/www.heddata.se\/webbutik\/#organization"},"potentialAction":[{"@type":"SearchAction","target":{"@type":"EntryPoint","urlTemplate":"https:\/\/www.heddata.se\/webbutik\/?s={search_term_string}"},"query-input":{"@type":"PropertyValueSpecification","valueRequired":true,"valueName":"search_term_string"}}],"inLanguage":"sv-SE"},{"@type":"Organization","@id":"https:\/\/www.heddata.se\/webbutik\/#organization","name":"Heddata AB","url":"https:\/\/www.heddata.se\/webbutik\/","logo":{"@type":"ImageObject","inLanguage":"sv-SE","@id":"https:\/\/www.heddata.se\/webbutik\/#\/schema\/logo\/image\/","url":"https:\/\/www.heddata.se\/webbutik\/wp-content\/uploads\/logga\/heddata-ab-logga.png","contentUrl":"https:\/\/www.heddata.se\/webbutik\/wp-content\/uploads\/logga\/heddata-ab-logga.png","width":200,"height":64,"caption":"Heddata AB"},"image":{"@id":"https:\/\/www.heddata.se\/webbutik\/#\/schema\/logo\/image\/"}}]}},"_links":{"self":[{"href":"https:\/\/www.heddata.se\/webbutik\/wp-json\/wp\/v2\/product\/91047","targetHints":{"allow":["GET"]}}],"collection":[{"href":"https:\/\/www.heddata.se\/webbutik\/wp-json\/wp\/v2\/product"}],"about":[{"href":"https:\/\/www.heddata.se\/webbutik\/wp-json\/wp\/v2\/types\/product"}],"wp:featuredmedia":[{"embeddable":true,"href":"https:\/\/www.heddata.se\/webbutik\/wp-json\/wp\/v2\/media\/91049"}],"wp:attachment":[{"href":"https:\/\/www.heddata.se\/webbutik\/wp-json\/wp\/v2\/media?parent=91047"}],"wp:term":[{"taxonomy":"product_brand","embeddable":true,"href":"https:\/\/www.heddata.se\/webbutik\/wp-json\/wp\/v2\/product_brand?post=91047"},{"taxonomy":"product_cat","embeddable":true,"href":"https:\/\/www.heddata.se\/webbutik\/wp-json\/wp\/v2\/product_cat?post=91047"},{"taxonomy":"product_tag","embeddable":true,"href":"https:\/\/www.heddata.se\/webbutik\/wp-json\/wp\/v2\/product_tag?post=91047"}],"curies":[{"name":"wp","href":"https:\/\/api.w.org\/{rel}","templated":true}]}}