{"id":90985,"date":"2021-01-28T09:18:16","date_gmt":"2021-01-28T08:18:16","guid":{"rendered":"https:\/\/www.heddata.se\/webbutik\/?post_type=product&#038;p=90985"},"modified":"2026-05-07T18:12:43","modified_gmt":"2026-05-07T16:12:43","slug":"brother-original-tn423y-tonerkassett-gul","status":"publish","type":"product","link":"https:\/\/www.heddata.se\/webbutik\/produkt\/brother-original-tn423y-tonerkassett-gul\/","title":{"rendered":"Brother original TN423Y tonerkassett \u2013 gul"},"content":{"rendered":"<p>Brother original TN423Y tonerkassett \u2013 gul<\/p>\n<div class=\"col-xs-12 col-sm-6 col-md-12 product-detail--container-description\">\n<section class=\"product-detail--section product-detail--product-description\">Brother original TN423Y tonerkassett gul \u00e4r framtagen f\u00f6r att skapa dokument med h\u00f6g uppl\u00f6sning fr\u00e5n f\u00f6rsta till sista utskrift. Med kapacitet att skriva ut \u00f6ver 4 000 sidor ger TN423Y mycket valuta f\u00f6r pengarna.<\/section>\n<\/div>\n<div class=\"col-xs-12 col-sm-6 col-md-12 product-detail--container-features\">\n<section class=\"product-detail--section product-detail--key-features\">\n<h4 class=\"product-detail--key-features--title\">Viktiga funktioner<\/h4>\n<p>Ger cirka 4 000 A4-sidor i enlighet med ISO\/IEC19798<\/p>\n<p><a href=\"https:\/\/www.brother.se\/\" target=\"_blank\" rel=\"noopener\">Brother<\/a> originalkassett av h\u00f6g kvalitet<\/p>\n<p>Reducerar spill och sparar papper, tid och pengar<\/p>\n<p>Med Brothers f\u00f6rbrukningsartiklar ser du till att dina enheter alltid presterar p\u00e5 topp.<\/p>\n<p>Gul h\u00f6gkapacitetstoner f\u00f6r upp till 4 000 sidor* och fungerar med:<\/p>\n<p>HL-L8260CDW<br \/>\nHL-L8360CDW<br \/>\n<a href=\"https:\/\/www.heddata.se\/webbutik\/produkt\/brother-dcp-l8410cdw-kopiator-scan-duplex-printer\/\">DCP-L8410CDW<\/a><br \/>\nMFC-L8690CDW<br \/>\nMFC-L8900CDW<\/p>\n<\/section>\n<\/div>\n","protected":false},"excerpt":{"rendered":"<p>Brother original TN423Y tonerkassett \u2013 gul<\/p>\n","protected":false},"featured_media":90993,"template":"","meta":[],"product_brand":[],"product_cat":[61,98,89],"product_tag":[],"class_list":{"0":"post-90985","1":"product","2":"type-product","3":"status-publish","4":"has-post-thumbnail","6":"product_cat-blackpatroner-toners","7":"product_cat-brother-toner","8":"product_cat-toner","10":"first","11":"instock","12":"taxable","13":"shipping-taxable","14":"purchasable","15":"product-type-simple"},"yoast_head":"<!-- This site is optimized with the Yoast SEO Premium plugin v26.7 (Yoast SEO v26.7) - https:\/\/yoast.com\/wordpress\/plugins\/seo\/ -->\n<title>Brother original TN423Y tonerkassett \u2013 gul f\u00f6r optimal utskriftskvalitet<\/title>\n<meta name=\"description\" content=\"Brother original TN423Y tonerkassett \u2013 gul Med Brothers f\u00f6rbrukningsartiklar ser du till att dina enheter alltid presterar p\u00e5 topp.\" \/>\n<meta name=\"robots\" content=\"index, follow, max-snippet:-1, max-image-preview:large, max-video-preview:-1\" \/>\n<link rel=\"canonical\" href=\"https:\/\/www.heddata.se\/webbutik\/produkt\/brother-original-tn423y-tonerkassett-gul\/\" \/>\n<meta property=\"og:locale\" content=\"sv_SE\" \/>\n<meta property=\"og:type\" content=\"article\" \/>\n<meta property=\"og:title\" content=\"Brother original TN423Y tonerkassett \u2013 gul\" \/>\n<meta property=\"og:description\" content=\"Brother original TN423Y tonerkassett \u2013 gul Med Brothers f\u00f6rbrukningsartiklar ser du till att dina enheter alltid presterar p\u00e5 topp.\" \/>\n<meta property=\"og:url\" content=\"https:\/\/www.heddata.se\/webbutik\/produkt\/brother-original-tn423y-tonerkassett-gul\/\" \/>\n<meta property=\"og:site_name\" content=\"Datorer, Skrivare, F\u00e4rgpatroner, Mobiltelefoner\" \/>\n<meta property=\"article:modified_time\" content=\"2026-05-07T16:12:43+00:00\" \/>\n<meta property=\"og:image\" content=\"https:\/\/www.heddata.se\/webbutik\/wp-content\/uploads\/webbutik\/kategorier\/blackpatroner-toners\/tn423y.jpg\" \/>\n\t<meta property=\"og:image:width\" content=\"600\" \/>\n\t<meta property=\"og:image:height\" content=\"600\" \/>\n\t<meta property=\"og:image:type\" content=\"image\/jpeg\" \/>\n<meta name=\"twitter:card\" content=\"summary_large_image\" \/>\n<meta name=\"twitter:label1\" content=\"Ber\u00e4knad l\u00e4stid\" \/>\n\t<meta name=\"twitter:data1\" content=\"1 minut\" \/>\n<script type=\"application\/ld+json\" class=\"yoast-schema-graph\">{\"@context\":\"https:\/\/schema.org\",\"@graph\":[{\"@type\":\"WebPage\",\"@id\":\"https:\/\/www.heddata.se\/webbutik\/produkt\/brother-original-tn423y-tonerkassett-gul\/\",\"url\":\"https:\/\/www.heddata.se\/webbutik\/produkt\/brother-original-tn423y-tonerkassett-gul\/\",\"name\":\"Brother original TN423Y tonerkassett \u2013 gul f\u00f6r optimal utskriftskvalitet\",\"isPartOf\":{\"@id\":\"https:\/\/www.heddata.se\/webbutik\/#website\"},\"primaryImageOfPage\":{\"@id\":\"https:\/\/www.heddata.se\/webbutik\/produkt\/brother-original-tn423y-tonerkassett-gul\/#primaryimage\"},\"image\":{\"@id\":\"https:\/\/www.heddata.se\/webbutik\/produkt\/brother-original-tn423y-tonerkassett-gul\/#primaryimage\"},\"thumbnailUrl\":\"https:\/\/www.heddata.se\/webbutik\/wp-content\/uploads\/webbutik\/kategorier\/blackpatroner-toners\/tn423y.jpg\",\"datePublished\":\"2021-01-28T08:18:16+00:00\",\"dateModified\":\"2026-05-07T16:12:43+00:00\",\"description\":\"Brother original TN423Y tonerkassett \u2013 gul Med Brothers f\u00f6rbrukningsartiklar ser du till att dina enheter alltid presterar p\u00e5 topp.\",\"breadcrumb\":{\"@id\":\"https:\/\/www.heddata.se\/webbutik\/produkt\/brother-original-tn423y-tonerkassett-gul\/#breadcrumb\"},\"inLanguage\":\"sv-SE\",\"potentialAction\":[{\"@type\":\"ReadAction\",\"target\":[\"https:\/\/www.heddata.se\/webbutik\/produkt\/brother-original-tn423y-tonerkassett-gul\/\"]}]},{\"@type\":\"ImageObject\",\"inLanguage\":\"sv-SE\",\"@id\":\"https:\/\/www.heddata.se\/webbutik\/produkt\/brother-original-tn423y-tonerkassett-gul\/#primaryimage\",\"url\":\"https:\/\/www.heddata.se\/webbutik\/wp-content\/uploads\/webbutik\/kategorier\/blackpatroner-toners\/tn423y.jpg\",\"contentUrl\":\"https:\/\/www.heddata.se\/webbutik\/wp-content\/uploads\/webbutik\/kategorier\/blackpatroner-toners\/tn423y.jpg\",\"width\":600,\"height\":600,\"caption\":\"Brother original TN423Y tonerkassett\"},{\"@type\":\"BreadcrumbList\",\"@id\":\"https:\/\/www.heddata.se\/webbutik\/produkt\/brother-original-tn423y-tonerkassett-gul\/#breadcrumb\",\"itemListElement\":[{\"@type\":\"ListItem\",\"position\":1,\"name\":\"Hem\",\"item\":\"https:\/\/www.heddata.se\/webbutik\/\"},{\"@type\":\"ListItem\",\"position\":2,\"name\":\"Produkter\",\"item\":\"https:\/\/www.heddata.se\/webbutik\/shop\/\"},{\"@type\":\"ListItem\",\"position\":3,\"name\":\"Brother original TN423Y tonerkassett \u2013 gul\"}]},{\"@type\":\"WebSite\",\"@id\":\"https:\/\/www.heddata.se\/webbutik\/#website\",\"url\":\"https:\/\/www.heddata.se\/webbutik\/\",\"name\":\"Datorer, Skrivare, F\u00e4rgpatroner, Mobiltelefoner\",\"description\":\"Kablar\",\"publisher\":{\"@id\":\"https:\/\/www.heddata.se\/webbutik\/#organization\"},\"potentialAction\":[{\"@type\":\"SearchAction\",\"target\":{\"@type\":\"EntryPoint\",\"urlTemplate\":\"https:\/\/www.heddata.se\/webbutik\/?s={search_term_string}\"},\"query-input\":{\"@type\":\"PropertyValueSpecification\",\"valueRequired\":true,\"valueName\":\"search_term_string\"}}],\"inLanguage\":\"sv-SE\"},{\"@type\":\"Organization\",\"@id\":\"https:\/\/www.heddata.se\/webbutik\/#organization\",\"name\":\"Heddata AB\",\"url\":\"https:\/\/www.heddata.se\/webbutik\/\",\"logo\":{\"@type\":\"ImageObject\",\"inLanguage\":\"sv-SE\",\"@id\":\"https:\/\/www.heddata.se\/webbutik\/#\/schema\/logo\/image\/\",\"url\":\"https:\/\/www.heddata.se\/webbutik\/wp-content\/uploads\/logga\/heddata-ab-logga.png\",\"contentUrl\":\"https:\/\/www.heddata.se\/webbutik\/wp-content\/uploads\/logga\/heddata-ab-logga.png\",\"width\":200,\"height\":64,\"caption\":\"Heddata AB\"},\"image\":{\"@id\":\"https:\/\/www.heddata.se\/webbutik\/#\/schema\/logo\/image\/\"}}]}<\/script>\n<!-- \/ Yoast SEO Premium plugin. -->","yoast_head_json":{"title":"Brother original TN423Y tonerkassett \u2013 gul f\u00f6r optimal utskriftskvalitet","description":"Brother original TN423Y tonerkassett \u2013 gul Med Brothers f\u00f6rbrukningsartiklar ser du till att dina enheter alltid presterar p\u00e5 topp.","robots":{"index":"index","follow":"follow","max-snippet":"max-snippet:-1","max-image-preview":"max-image-preview:large","max-video-preview":"max-video-preview:-1"},"canonical":"https:\/\/www.heddata.se\/webbutik\/produkt\/brother-original-tn423y-tonerkassett-gul\/","og_locale":"sv_SE","og_type":"article","og_title":"Brother original TN423Y tonerkassett \u2013 gul","og_description":"Brother original TN423Y tonerkassett \u2013 gul Med Brothers f\u00f6rbrukningsartiklar ser du till att dina enheter alltid presterar p\u00e5 topp.","og_url":"https:\/\/www.heddata.se\/webbutik\/produkt\/brother-original-tn423y-tonerkassett-gul\/","og_site_name":"Datorer, Skrivare, F\u00e4rgpatroner, Mobiltelefoner","article_modified_time":"2026-05-07T16:12:43+00:00","og_image":[{"width":600,"height":600,"url":"https:\/\/www.heddata.se\/webbutik\/wp-content\/uploads\/webbutik\/kategorier\/blackpatroner-toners\/tn423y.jpg","type":"image\/jpeg"}],"twitter_card":"summary_large_image","twitter_misc":{"Ber\u00e4knad l\u00e4stid":"1 minut"},"schema":{"@context":"https:\/\/schema.org","@graph":[{"@type":"WebPage","@id":"https:\/\/www.heddata.se\/webbutik\/produkt\/brother-original-tn423y-tonerkassett-gul\/","url":"https:\/\/www.heddata.se\/webbutik\/produkt\/brother-original-tn423y-tonerkassett-gul\/","name":"Brother original TN423Y tonerkassett \u2013 gul f\u00f6r optimal utskriftskvalitet","isPartOf":{"@id":"https:\/\/www.heddata.se\/webbutik\/#website"},"primaryImageOfPage":{"@id":"https:\/\/www.heddata.se\/webbutik\/produkt\/brother-original-tn423y-tonerkassett-gul\/#primaryimage"},"image":{"@id":"https:\/\/www.heddata.se\/webbutik\/produkt\/brother-original-tn423y-tonerkassett-gul\/#primaryimage"},"thumbnailUrl":"https:\/\/www.heddata.se\/webbutik\/wp-content\/uploads\/webbutik\/kategorier\/blackpatroner-toners\/tn423y.jpg","datePublished":"2021-01-28T08:18:16+00:00","dateModified":"2026-05-07T16:12:43+00:00","description":"Brother original TN423Y tonerkassett \u2013 gul Med Brothers f\u00f6rbrukningsartiklar ser du till att dina enheter alltid presterar p\u00e5 topp.","breadcrumb":{"@id":"https:\/\/www.heddata.se\/webbutik\/produkt\/brother-original-tn423y-tonerkassett-gul\/#breadcrumb"},"inLanguage":"sv-SE","potentialAction":[{"@type":"ReadAction","target":["https:\/\/www.heddata.se\/webbutik\/produkt\/brother-original-tn423y-tonerkassett-gul\/"]}]},{"@type":"ImageObject","inLanguage":"sv-SE","@id":"https:\/\/www.heddata.se\/webbutik\/produkt\/brother-original-tn423y-tonerkassett-gul\/#primaryimage","url":"https:\/\/www.heddata.se\/webbutik\/wp-content\/uploads\/webbutik\/kategorier\/blackpatroner-toners\/tn423y.jpg","contentUrl":"https:\/\/www.heddata.se\/webbutik\/wp-content\/uploads\/webbutik\/kategorier\/blackpatroner-toners\/tn423y.jpg","width":600,"height":600,"caption":"Brother original TN423Y tonerkassett"},{"@type":"BreadcrumbList","@id":"https:\/\/www.heddata.se\/webbutik\/produkt\/brother-original-tn423y-tonerkassett-gul\/#breadcrumb","itemListElement":[{"@type":"ListItem","position":1,"name":"Hem","item":"https:\/\/www.heddata.se\/webbutik\/"},{"@type":"ListItem","position":2,"name":"Produkter","item":"https:\/\/www.heddata.se\/webbutik\/shop\/"},{"@type":"ListItem","position":3,"name":"Brother original TN423Y tonerkassett \u2013 gul"}]},{"@type":"WebSite","@id":"https:\/\/www.heddata.se\/webbutik\/#website","url":"https:\/\/www.heddata.se\/webbutik\/","name":"Datorer, Skrivare, F\u00e4rgpatroner, Mobiltelefoner","description":"Kablar","publisher":{"@id":"https:\/\/www.heddata.se\/webbutik\/#organization"},"potentialAction":[{"@type":"SearchAction","target":{"@type":"EntryPoint","urlTemplate":"https:\/\/www.heddata.se\/webbutik\/?s={search_term_string}"},"query-input":{"@type":"PropertyValueSpecification","valueRequired":true,"valueName":"search_term_string"}}],"inLanguage":"sv-SE"},{"@type":"Organization","@id":"https:\/\/www.heddata.se\/webbutik\/#organization","name":"Heddata AB","url":"https:\/\/www.heddata.se\/webbutik\/","logo":{"@type":"ImageObject","inLanguage":"sv-SE","@id":"https:\/\/www.heddata.se\/webbutik\/#\/schema\/logo\/image\/","url":"https:\/\/www.heddata.se\/webbutik\/wp-content\/uploads\/logga\/heddata-ab-logga.png","contentUrl":"https:\/\/www.heddata.se\/webbutik\/wp-content\/uploads\/logga\/heddata-ab-logga.png","width":200,"height":64,"caption":"Heddata AB"},"image":{"@id":"https:\/\/www.heddata.se\/webbutik\/#\/schema\/logo\/image\/"}}]}},"_links":{"self":[{"href":"https:\/\/www.heddata.se\/webbutik\/wp-json\/wp\/v2\/product\/90985","targetHints":{"allow":["GET"]}}],"collection":[{"href":"https:\/\/www.heddata.se\/webbutik\/wp-json\/wp\/v2\/product"}],"about":[{"href":"https:\/\/www.heddata.se\/webbutik\/wp-json\/wp\/v2\/types\/product"}],"wp:featuredmedia":[{"embeddable":true,"href":"https:\/\/www.heddata.se\/webbutik\/wp-json\/wp\/v2\/media\/90993"}],"wp:attachment":[{"href":"https:\/\/www.heddata.se\/webbutik\/wp-json\/wp\/v2\/media?parent=90985"}],"wp:term":[{"taxonomy":"product_brand","embeddable":true,"href":"https:\/\/www.heddata.se\/webbutik\/wp-json\/wp\/v2\/product_brand?post=90985"},{"taxonomy":"product_cat","embeddable":true,"href":"https:\/\/www.heddata.se\/webbutik\/wp-json\/wp\/v2\/product_cat?post=90985"},{"taxonomy":"product_tag","embeddable":true,"href":"https:\/\/www.heddata.se\/webbutik\/wp-json\/wp\/v2\/product_tag?post=90985"}],"curies":[{"name":"wp","href":"https:\/\/api.w.org\/{rel}","templated":true}]}}