{"id":90906,"date":"2021-01-12T14:18:03","date_gmt":"2021-01-12T13:18:03","guid":{"rendered":"https:\/\/www.heddata.se\/webbutik\/?post_type=product&#038;p=90906"},"modified":"2026-04-08T12:18:01","modified_gmt":"2026-04-08T10:18:01","slug":"hp-260-g4-desktop-mini","status":"publish","type":"product","link":"https:\/\/www.heddata.se\/webbutik\/produkt\/hp-260-g4-desktop-mini\/","title":{"rendered":"HP 260 G4 Desktop mini"},"content":{"rendered":"<p class=\"product-main-info-webtext1\"><span data-bind=\"text: webtext1\">HP 260 G4 Desktop mini<\/span><\/p>\n<p class=\"product-main-info-webtext2\">Core i5-10210U, 8GB RAM, 256GB SSD, Windows 10 pro<\/p>\n<div class=\"row\">\n<div class=\"col-xs-12\">\n<p><strong>Med denna <a href=\"https:\/\/www8.hp.com\/se\/sv\/home.html\" target=\"_blank\" rel=\"noopener\">HP<\/a> 260 G4 station\u00e4ra Mini-PC f\u00e5r du den b\u00e4sta balansen mellan prestanda, produktivitet och tillf\u00f6rlitlighet till ett budgetv\u00e4nligt pris<\/strong><\/p>\n<h4>Optimerad prestanda<\/h4>\n<p>Prestanda i aff\u00e4rsklass f\u00f6r vardagliga uppgifter med en Intel\u00ae-processor och DDR4-minne med h\u00f6g hastighet<\/p>\n<h4>L\u00e5t inte n\u00e5got st\u00e5 i v\u00e4gen f\u00f6r dig<\/h4>\n<p>Ta dig smidigt igenom dagen med Windows 10 Pro och de kraftfulla s\u00e4kerhets-, samarbets- och anslutningsfunktionerna fr\u00e5n HP.<\/p>\n<h4>F\u00e5 ut mesta m\u00f6jliga av din Mini.<\/h4>\n<p>F\u00e4st den bakom en HP-sk\u00e4rm med ett f\u00e4ste, eller under skrivbordet med VESA-f\u00e4stet.<br \/>\nF\u00f6r extra s\u00e4kerhet kan du anv\u00e4nda en l\u00e5sbox som f\u00f6rhindrar obeh\u00f6riga fr\u00e5n att ta maskinen med sig.<\/p>\n<h4>H\u00f6g prestanda<\/h4>\n<p>Kr\u00e4vande f\u00f6retagsprogram k\u00f6rs snabbare med en 10:e generationens Intel\u00ae Core\u2122-processor.<\/p>\n<h4>Bidra till att s\u00e4kra kritiska data<\/h4>\n<p>Den inb\u00e4ddade Trusted Platform Module (TPM) tillhandah\u00e5ller h\u00e5rdvarubaserade krypteringsnycklar som skyddar data, e-post och anv\u00e4ndaruppgifter.<\/p>\n<h4>Hj\u00e4lp f\u00f6r att s\u00e4kra enheten<\/h4>\n<p>Hj\u00e4lper till att f\u00f6rhindra obeh\u00f6riga anv\u00e4ndare fr\u00e5n att komma \u00e5t data p\u00e5 SSD-enheten. Anv\u00e4ndning av HP DriveLock f\u00f6rhindrar att SSD p\u00e5 din dator k\u00f6rs utan att ange ett l\u00f6senord.<\/p>\n<h4>Specifikationer<\/h4>\n<\/div>\n<\/div>\n<table class=\"tableAttr\">\n<tbody>\n<tr id=\"trAttrGroup logga in\" class=\"trAttrGroup logga in\">\n<td class=\"tdAttrGroup\" colspan=\"2\">General<\/td>\n<\/tr>\n<tr id=\"trAttrEven logga in\" class=\"trAttrEven logga in\">\n<td class=\"tdAttr\">Type<\/td>\n<td class=\"tdAttrValue\">Personal <a href=\"https:\/\/www.heddata.se\/webbutik\/datorer\/\">computer<\/a><\/td>\n<\/tr>\n<tr id=\"trAttrOdd logga in\" class=\"trAttrOdd logga in\">\n<td class=\"tdAttr\">Product Form Factor<\/td>\n<td class=\"tdAttrValue\">Mini desktop<\/td>\n<\/tr>\n<tr id=\"trAttrEven logga in\" class=\"trAttrEven logga in\">\n<td class=\"tdAttr\">Embedded Security<\/td>\n<td class=\"tdAttrValue\">Trusted Platform Module (TPM 2.0) Security Chip<\/td>\n<\/tr>\n<tr id=\"trAttrOdd logga in\" class=\"trAttrOdd logga in\">\n<td class=\"tdAttr\">Localisation<\/td>\n<td class=\"tdAttrValue\">Language: Danish, Norwegian, , \/ region: Denmark, Finland, Norway,<\/td>\n<\/tr>\n<tr id=\"trAttrGroup logga in\" class=\"trAttrGroup logga in\">\n<td class=\"tdAttrGroup\" colspan=\"2\">Processor \/ Chipset<\/td>\n<\/tr>\n<tr id=\"trAttrEven logga in\" class=\"trAttrEven logga in\">\n<td class=\"tdAttr\">CPU<\/td>\n<td class=\"tdAttrValue\">Intel Core i5 (10th Gen) 10210U \/ 1.6 GHz<\/td>\n<\/tr>\n<tr id=\"trAttrOdd logga in\" class=\"trAttrOdd logga in\">\n<td class=\"tdAttr\">Max Turbo Speed<\/td>\n<td class=\"tdAttrValue\">4.2 GHz<\/td>\n<\/tr>\n<tr id=\"trAttrEven logga in\" class=\"trAttrEven logga in\">\n<td class=\"tdAttr\">Number of Cores<\/td>\n<td class=\"tdAttrValue\">Quad-Core<\/td>\n<\/tr>\n<tr id=\"trAttrOdd logga in\" class=\"trAttrOdd logga in\">\n<td class=\"tdAttr\">CPU Qty<\/td>\n<td class=\"tdAttrValue\">1<\/td>\n<\/tr>\n<tr id=\"trAttrOdd logga in\" class=\"trAttrOdd logga in\">\n<td class=\"tdAttr\">CPU Upgradability<\/td>\n<td class=\"tdAttrValue\">Upgradable<\/td>\n<\/tr>\n<tr id=\"trAttrEven logga in\" class=\"trAttrEven logga in\">\n<td class=\"tdAttr\">Processor Main Features<\/td>\n<td class=\"tdAttrValue\">Intel Turbo Boost Technology 2, Intel Smart Cache<\/td>\n<\/tr>\n<tr id=\"trAttrGroup logga in\" class=\"trAttrGroup logga in\">\n<td class=\"tdAttrGroup\" colspan=\"2\">Cache Memory<\/td>\n<\/tr>\n<tr id=\"trAttrEven logga in\" class=\"trAttrEven logga in\">\n<td class=\"tdAttr\">Installed Size<\/td>\n<td class=\"tdAttrValue\">6 MB<\/td>\n<\/tr>\n<tr id=\"trAttrGroup logga in\" class=\"trAttrGroup logga in\">\n<td class=\"tdAttrGroup\" colspan=\"2\">RAM<\/td>\n<\/tr>\n<tr id=\"trAttrEven logga in\" class=\"trAttrEven logga in\">\n<td class=\"tdAttr\">Installed Size<\/td>\n<td class=\"tdAttrValue\">8 GB \/ 32 GB (max)<\/td>\n<\/tr>\n<tr id=\"trAttrOdd logga in\" class=\"trAttrOdd logga in\">\n<td class=\"tdAttr\">Technology<\/td>\n<td class=\"tdAttrValue\">DDR4 SDRAM &#8211; non-ECC<\/td>\n<\/tr>\n<tr id=\"trAttrEven logga in\" class=\"trAttrEven logga in\">\n<td class=\"tdAttr\">Effective Memory Speed<\/td>\n<td class=\"tdAttrValue\">2666 MHz<\/td>\n<\/tr>\n<tr id=\"trAttrEven logga in\" class=\"trAttrEven logga in\">\n<td class=\"tdAttr\">Memory Specification Compliance<\/td>\n<td class=\"tdAttrValue\">PC4-21333<\/td>\n<\/tr>\n<tr id=\"trAttrOdd logga in\" class=\"trAttrOdd logga in\">\n<td class=\"tdAttr\">Form Factor<\/td>\n<td class=\"tdAttrValue\">SO-DIMM 260-pin<\/td>\n<\/tr>\n<tr id=\"trAttrEven logga in\" class=\"trAttrEven logga in\">\n<td class=\"tdAttr\">Slots<\/td>\n<td class=\"tdAttrValue\">2 (Total) \/ 1 (empty)<\/td>\n<\/tr>\n<tr id=\"trAttrOdd logga in\" class=\"trAttrOdd logga in\">\n<td class=\"tdAttr\">Configuration Features<\/td>\n<td class=\"tdAttrValue\">1 x 8 GB<\/td>\n<\/tr>\n<tr id=\"trAttrGroup logga in\" class=\"trAttrGroup logga in\">\n<td class=\"tdAttrGroup\" colspan=\"2\">Hard Drive<\/td>\n<\/tr>\n<tr id=\"trAttrEven logga in\" class=\"trAttrEven logga in\">\n<td class=\"tdAttr\">Type<\/td>\n<td class=\"tdAttrValue\">SSD &#8211; M.2 2280<\/td>\n<\/tr>\n<tr id=\"trAttrOdd logga in\" class=\"trAttrOdd logga in\">\n<td class=\"tdAttr\">Capacity<\/td>\n<td class=\"tdAttrValue\">1 x 256 GB<\/td>\n<\/tr>\n<tr id=\"trAttrEven logga in\" class=\"trAttrEven logga in\">\n<td class=\"tdAttr\">Interface Type<\/td>\n<td class=\"tdAttrValue\">PCI Express<\/td>\n<\/tr>\n<tr id=\"trAttrOdd logga in\" class=\"trAttrOdd logga in\">\n<td class=\"tdAttr\">Features<\/td>\n<td class=\"tdAttrValue\">NVM Express (NVMe)<\/td>\n<\/tr>\n<tr id=\"trAttrGroup logga in\" class=\"trAttrGroup logga in\">\n<td class=\"tdAttrGroup\" colspan=\"2\">Storage Controller<\/td>\n<\/tr>\n<tr id=\"trAttrEven logga in\" class=\"trAttrEven logga in\">\n<td class=\"tdAttr\">Type<\/td>\n<td class=\"tdAttrValue\">1 x SATA<\/td>\n<\/tr>\n<tr id=\"trAttrOdd logga in\" class=\"trAttrOdd logga in\">\n<td class=\"tdAttr\">Controller Interface Type<\/td>\n<td class=\"tdAttrValue\">SATA 6Gb\/s<\/td>\n<\/tr>\n<tr id=\"trAttrGroup logga in\" class=\"trAttrGroup logga in\">\n<td class=\"tdAttrGroup\" colspan=\"2\">Optical Storage<\/td>\n<\/tr>\n<tr id=\"trAttrEven logga in\" class=\"trAttrEven logga in\">\n<td class=\"tdAttr\">Type<\/td>\n<td class=\"tdAttrValue\">No optical drive<\/td>\n<\/tr>\n<tr id=\"trAttrGroup logga in\" class=\"trAttrGroup logga in\">\n<td class=\"tdAttrGroup\" colspan=\"2\">Monitor<\/td>\n<\/tr>\n<tr id=\"trAttrEven logga in\" class=\"trAttrEven logga in\">\n<td class=\"tdAttr\">Monitor Type<\/td>\n<td class=\"tdAttrValue\">None.<\/td>\n<\/tr>\n<tr id=\"trAttrGroup logga in\" class=\"trAttrGroup logga in\">\n<td class=\"tdAttrGroup\" colspan=\"2\">Graphics Controller<\/td>\n<\/tr>\n<tr id=\"trAttrEven logga in\" class=\"trAttrEven logga in\">\n<td class=\"tdAttr\">Graphics Processor<\/td>\n<td class=\"tdAttrValue\">Intel UHD Graphics Dynamic Video Memory Technology<\/td>\n<\/tr>\n<tr id=\"trAttrOdd logga in\" class=\"trAttrOdd logga in\">\n<td class=\"tdAttr\">Video Interfaces<\/td>\n<td class=\"tdAttrValue\">VGA, HDMI<\/td>\n<\/tr>\n<tr id=\"trAttrGroup logga in\" class=\"trAttrGroup logga in\">\n<td class=\"tdAttrGroup\" colspan=\"2\">Audio Output<\/td>\n<\/tr>\n<tr id=\"trAttrEven logga in\" class=\"trAttrEven logga in\">\n<td class=\"tdAttr\">Sound Output Mode<\/td>\n<td class=\"tdAttrValue\">Stereo<\/td>\n<\/tr>\n<tr id=\"trAttrOdd logga in\" class=\"trAttrOdd logga in\">\n<td class=\"tdAttr\">Max Sampling Rate<\/td>\n<td class=\"tdAttrValue\">192 kHz<\/td>\n<\/tr>\n<tr id=\"trAttrEven logga in\" class=\"trAttrEven logga in\">\n<td class=\"tdAttr\">Compliant Standards<\/td>\n<td class=\"tdAttrValue\">High Definition Audio<\/td>\n<\/tr>\n<tr id=\"trAttrGroup logga in\" class=\"trAttrGroup logga in\">\n<td class=\"tdAttrGroup\" colspan=\"2\">Input Device<\/td>\n<\/tr>\n<tr id=\"trAttrEven logga in\" class=\"trAttrEven logga in\">\n<td class=\"tdAttr\">Type<\/td>\n<td class=\"tdAttrValue\">Mouse, keyboard<\/td>\n<\/tr>\n<tr id=\"trAttrGroup logga in\" class=\"trAttrGroup logga in\">\n<td class=\"tdAttrGroup\" colspan=\"2\">Mouse<\/td>\n<\/tr>\n<tr id=\"trAttrEven logga in\" class=\"trAttrEven logga in\">\n<td class=\"tdAttr\">Technology<\/td>\n<td class=\"tdAttrValue\">Optical<\/td>\n<\/tr>\n<tr id=\"trAttrOdd logga in\" class=\"trAttrOdd logga in\">\n<td class=\"tdAttr\">Interface<\/td>\n<td class=\"tdAttrValue\">B<\/td>\n<\/tr>\n<tr id=\"trAttrGroup logga in\" class=\"trAttrGroup logga in\">\n<td class=\"tdAttrGroup\" colspan=\"2\">Networking<\/td>\n<\/tr>\n<tr id=\"trAttrEven logga in\" class=\"trAttrEven logga in\">\n<td class=\"tdAttr\">Ethernet Controller<\/td>\n<td class=\"tdAttrValue\">Realtek RTL8111HSH-CG<\/td>\n<\/tr>\n<tr id=\"trAttrOdd logga in\" class=\"trAttrOdd logga in\">\n<td class=\"tdAttr\">Data Link Protocol<\/td>\n<td class=\"tdAttrValue\">Ethernet, Fast Ethernet, Gigabit Ethernet<\/td>\n<\/tr>\n<tr id=\"trAttrEven logga in\" class=\"trAttrEven logga in\">\n<td class=\"tdAttr\">Features<\/td>\n<td class=\"tdAttrValue\">Wake on LAN (WoL), PXE support, auto-uplink (auto MDI\/MDI-X)<\/td>\n<\/tr>\n<tr id=\"trAttrOdd logga in\" class=\"trAttrOdd logga in\">\n<td class=\"tdAttr\">Compliant Standards<\/td>\n<td class=\"tdAttrValue\">IEEE 802.3, IEEE 802.3u, IEEE 802.3i, IEEE 802.1Q, IEEE 802.3ab, IEEE 802.1p, IEEE 802.3x, IEEE 802.3az<\/td>\n<\/tr>\n<tr id=\"trAttrGroup logga in\" class=\"trAttrGroup logga in\">\n<td class=\"tdAttrGroup\" colspan=\"2\">Expansion \/ Connectivity<\/td>\n<\/tr>\n<tr id=\"trAttrEven logga in\" class=\"trAttrEven logga in\">\n<td class=\"tdAttr\">Bays<\/td>\n<td class=\"tdAttrValue\">1 (total) \/ 1 (free) x internal 2.5&#8243;<\/td>\n<\/tr>\n<tr id=\"trAttrOdd logga in\" class=\"trAttrOdd logga in\">\n<td class=\"tdAttr\">Slots<\/td>\n<td class=\"tdAttrValue\">1 (total) \/ 1 (free) x M.2 Card &#8211; 2230 1 (total) \/ 0 (free) x M.2 Card &#8211; 2230\/2280<\/td>\n<\/tr>\n<tr id=\"trAttrEven logga in\" class=\"trAttrEven logga in\">\n<td class=\"tdAttr\">Interfaces<\/td>\n<td class=\"tdAttrValue\">4 x B 3.1 Gen 1 (2 front, 2 rear) 2 x B 2.0 1 x serial 1 x headphones\/microphone (1 in front) 1 x VGA 1 x HDMI 1 x LAN (Gigabit Ethernet)<\/td>\n<\/tr>\n<tr id=\"trAttrGroup logga in\" class=\"trAttrGroup logga in\">\n<td class=\"tdAttrGroup\" colspan=\"2\">Miscellaneous<\/td>\n<\/tr>\n<tr id=\"trAttrEven logga in\" class=\"trAttrEven logga in\">\n<td class=\"tdAttr\">Theft\/Intrusion Protection<\/td>\n<td class=\"tdAttrValue\">Security lock slot (cable lock sold separately), padlock loop<\/td>\n<\/tr>\n<tr id=\"trAttrOdd logga in\" class=\"trAttrOdd logga in\">\n<td class=\"tdAttr\">Security Slot Type<\/td>\n<td class=\"tdAttrValue\">Kensington security slot<\/td>\n<\/tr>\n<tr id=\"trAttrEven logga in\" class=\"trAttrEven logga in\">\n<td class=\"tdAttr\">Compliant Standards<\/td>\n<td class=\"tdAttrValue\">Common Criteria EAL4+, low halogen<\/td>\n<\/tr>\n<tr id=\"trAttrGroup logga in\" class=\"trAttrGroup logga in\">\n<td class=\"tdAttrGroup\" colspan=\"2\">Power<\/td>\n<\/tr>\n<tr id=\"trAttrEven logga in\" class=\"trAttrEven logga in\">\n<td class=\"tdAttr\">Device Type<\/td>\n<td class=\"tdAttrValue\">Power adapter<\/td>\n<\/tr>\n<tr id=\"trAttrOdd logga in\" class=\"trAttrOdd logga in\">\n<td class=\"tdAttr\">Nominal Voltage<\/td>\n<td class=\"tdAttrValue\">AC 120\/230 V (50\/60 Hz)<\/td>\n<\/tr>\n<tr id=\"trAttrEven logga in\" class=\"trAttrEven logga in\">\n<td class=\"tdAttr\">Power Provided<\/td>\n<td class=\"tdAttrValue\">65 Watt<\/td>\n<\/tr>\n<tr id=\"trAttrGroup logga in\" class=\"trAttrGroup logga in\">\n<td class=\"tdAttrGroup\" colspan=\"2\">Operating System \/ Software<\/td>\n<\/tr>\n<tr id=\"trAttrEven logga in\" class=\"trAttrEven logga in\">\n<td class=\"tdAttr\">OS Provided<\/td>\n<td class=\"tdAttrValue\">Windows 10 Pro 64-bit Edition<\/td>\n<\/tr>\n<tr id=\"trAttrGroup logga in\" class=\"trAttrGroup logga in\">\n<td class=\"tdAttrGroup\" colspan=\"2\">Environmental Standards<\/td>\n<\/tr>\n<tr id=\"trAttrEven logga in\" class=\"trAttrEven logga in\">\n<td class=\"tdAttr\">TCO Certified<\/td>\n<td class=\"tdAttrValue\">TCO Certified Desktops 8<\/td>\n<\/tr>\n<tr id=\"trAttrOdd logga in\" class=\"trAttrOdd logga in\">\n<td class=\"tdAttr\">ENERGY STAR Certified<\/td>\n<td class=\"tdAttrValue\">Yes<\/td>\n<\/tr>\n<tr id=\"trAttrGroup logga in\" class=\"trAttrGroup logga in\">\n<td class=\"tdAttrGroup\" colspan=\"2\">Manufacturer Warranty<\/td>\n<\/tr>\n<tr id=\"trAttrEven logga in\" class=\"trAttrEven logga in\">\n<td class=\"tdAttr\">Service &amp; Support<\/td>\n<td class=\"tdAttrValue\">Limited warranty &#8211; parts and labour &#8211; 1 year &#8211; on-site<\/td>\n<\/tr>\n<tr id=\"trAttrGroup logga in\" class=\"trAttrGroup logga in\">\n<td class=\"tdAttrGroup\" colspan=\"2\">Dimensions &amp; Weight<\/td>\n<\/tr>\n<tr id=\"trAttrEven logga in\" class=\"trAttrEven logga in\">\n<td class=\"tdAttr\">Width<\/td>\n<td class=\"tdAttrValue\">17.7 cm<\/td>\n<\/tr>\n<tr id=\"trAttrOdd logga in\" class=\"trAttrOdd logga in\">\n<td class=\"tdAttr\">Depth<\/td>\n<td class=\"tdAttrValue\">17.5 cm<\/td>\n<\/tr>\n<tr id=\"trAttrEven logga in\" class=\"trAttrEven logga in\">\n<td class=\"tdAttr\">Height<\/td>\n<td class=\"tdAttrValue\">3.4 cm<\/td>\n<\/tr>\n<tr id=\"trAttrOdd logga in\" class=\"trAttrOdd logga in\">\n<td class=\"tdAttr\">Weight<\/td>\n<td class=\"tdAttrValue\">1.25 kg<\/td>\n<\/tr>\n<tr id=\"trAttrGroup logga in\" class=\"trAttrGroup logga in\">\n<td class=\"tdAttrGroup\" colspan=\"2\">Dimensions &amp; Weight (Shipping)<\/td>\n<\/tr>\n<tr id=\"trAttrEven logga in\" class=\"trAttrEven logga in\">\n<td class=\"tdAttr\">Shipping Width<\/td>\n<td class=\"tdAttrValue\">49.8 cm<\/td>\n<\/tr>\n<tr id=\"trAttrOdd logga in\" class=\"trAttrOdd logga in\">\n<td class=\"tdAttr\">Shipping Depth<\/td>\n<td class=\"tdAttrValue\">23.5 cm<\/td>\n<\/tr>\n<tr id=\"trAttrEven logga in\" class=\"trAttrEven logga in\">\n<td class=\"tdAttr\">Shipping Height<\/td>\n<td class=\"tdAttrValue\">13.2 cm<\/td>\n<\/tr>\n<tr id=\"trAttrOdd logga in\" class=\"trAttrOdd logga in\">\n<td class=\"tdAttr\">Shipping Weight<\/td>\n<td class=\"tdAttrValue\">3.4 kg<\/td>\n<\/tr>\n<tr id=\"trAttrGroup logga in\" class=\"trAttrGroup logga in\">\n<td class=\"tdAttrGroup\" colspan=\"2\">Environmental Parameters<\/td>\n<\/tr>\n<tr id=\"trAttrEven logga in\" class=\"trAttrEven logga in\">\n<td class=\"tdAttr\">Min Operating Temperature<\/td>\n<td class=\"tdAttrValue\">10 \u00b0C<\/td>\n<\/tr>\n<tr id=\"trAttrOdd logga in\" class=\"trAttrOdd logga in\">\n<td class=\"tdAttr\">Max Operating Temperature<\/td>\n<td class=\"tdAttrValue\">35 \u00b0C<\/td>\n<\/tr>\n<tr id=\"trAttrEven logga in\" class=\"trAttrEven logga in\">\n<td class=\"tdAttr\">Humidity Range Operating<\/td>\n<td class=\"tdAttrValue\">10 &#8211; 90% (non-condensing)<\/td>\n<\/tr>\n<\/tbody>\n<\/table>\n","protected":false},"excerpt":{"rendered":"<p class=\"product-main-info-webtext1\"><span data-bind=\"text: webtext1\">HP 260 G4 Desktop mini<\/span><\/p>\n","protected":false},"featured_media":90912,"template":"","meta":[],"product_brand":[],"product_cat":[112,65,5368],"product_tag":[],"class_list":{"0":"post-90906","1":"product","2":"type-product","3":"status-publish","4":"has-post-thumbnail","6":"product_cat-datorer","7":"product_cat-datorer-tillbehor","8":"product_cat-stationara-datorer","10":"first","11":"outofstock","12":"taxable","13":"shipping-taxable","14":"product-type-simple"},"yoast_head":"<!-- This site is optimized with the Yoast SEO Premium plugin v26.7 (Yoast SEO v26.7) - https:\/\/yoast.com\/wordpress\/plugins\/seo\/ -->\n<title>HP 260 G4 Desktop mini, Core i5-10210U, 8GB RAM, 256GB SSD, W10p<\/title>\n<meta name=\"description\" content=\"HP 260 G4 Desktop mini, Core i5-10210U, 8GB RAM, 256GB SSD, Windows 10 pro. Prestanda i aff\u00e4rsklass f\u00f6r vardagliga uppgifter.\" \/>\n<meta name=\"robots\" content=\"index, follow, max-snippet:-1, max-image-preview:large, max-video-preview:-1\" \/>\n<link rel=\"canonical\" href=\"https:\/\/www.heddata.se\/webbutik\/produkt\/hp-260-g4-desktop-mini\/\" \/>\n<meta property=\"og:locale\" content=\"sv_SE\" \/>\n<meta property=\"og:type\" content=\"article\" \/>\n<meta property=\"og:title\" content=\"HP 260 G4 Desktop mini\" \/>\n<meta property=\"og:description\" content=\"HP 260 G4 Desktop mini, Core i5-10210U, 8GB RAM, 256GB SSD, Windows 10 pro. Prestanda i aff\u00e4rsklass f\u00f6r vardagliga uppgifter.\" \/>\n<meta property=\"og:url\" content=\"https:\/\/www.heddata.se\/webbutik\/produkt\/hp-260-g4-desktop-mini\/\" \/>\n<meta property=\"og:site_name\" content=\"Datorer, Skrivare, F\u00e4rgpatroner, Mobiltelefoner\" \/>\n<meta property=\"article:modified_time\" content=\"2026-04-08T10:18:01+00:00\" \/>\n<meta property=\"og:image\" content=\"https:\/\/www.heddata.se\/webbutik\/wp-content\/uploads\/webbutik\/kategorier\/datorer\/23h31ea.jpg\" \/>\n\t<meta property=\"og:image:width\" content=\"2400\" \/>\n\t<meta property=\"og:image:height\" content=\"1800\" \/>\n\t<meta property=\"og:image:type\" content=\"image\/jpeg\" \/>\n<meta name=\"twitter:card\" content=\"summary_large_image\" \/>\n<meta name=\"twitter:label1\" content=\"Ber\u00e4knad l\u00e4stid\" \/>\n\t<meta name=\"twitter:data1\" content=\"3 minuter\" \/>\n<script type=\"application\/ld+json\" class=\"yoast-schema-graph\">{\"@context\":\"https:\/\/schema.org\",\"@graph\":[{\"@type\":\"WebPage\",\"@id\":\"https:\/\/www.heddata.se\/webbutik\/produkt\/hp-260-g4-desktop-mini\/\",\"url\":\"https:\/\/www.heddata.se\/webbutik\/produkt\/hp-260-g4-desktop-mini\/\",\"name\":\"HP 260 G4 Desktop mini, Core i5-10210U, 8GB RAM, 256GB SSD, W10p\",\"isPartOf\":{\"@id\":\"https:\/\/www.heddata.se\/webbutik\/#website\"},\"primaryImageOfPage\":{\"@id\":\"https:\/\/www.heddata.se\/webbutik\/produkt\/hp-260-g4-desktop-mini\/#primaryimage\"},\"image\":{\"@id\":\"https:\/\/www.heddata.se\/webbutik\/produkt\/hp-260-g4-desktop-mini\/#primaryimage\"},\"thumbnailUrl\":\"https:\/\/www.heddata.se\/webbutik\/wp-content\/uploads\/webbutik\/kategorier\/datorer\/23h31ea.jpg\",\"datePublished\":\"2021-01-12T13:18:03+00:00\",\"dateModified\":\"2026-04-08T10:18:01+00:00\",\"description\":\"HP 260 G4 Desktop mini, Core i5-10210U, 8GB RAM, 256GB SSD, Windows 10 pro. Prestanda i aff\u00e4rsklass f\u00f6r vardagliga uppgifter.\",\"breadcrumb\":{\"@id\":\"https:\/\/www.heddata.se\/webbutik\/produkt\/hp-260-g4-desktop-mini\/#breadcrumb\"},\"inLanguage\":\"sv-SE\",\"potentialAction\":[{\"@type\":\"ReadAction\",\"target\":[\"https:\/\/www.heddata.se\/webbutik\/produkt\/hp-260-g4-desktop-mini\/\"]}]},{\"@type\":\"ImageObject\",\"inLanguage\":\"sv-SE\",\"@id\":\"https:\/\/www.heddata.se\/webbutik\/produkt\/hp-260-g4-desktop-mini\/#primaryimage\",\"url\":\"https:\/\/www.heddata.se\/webbutik\/wp-content\/uploads\/webbutik\/kategorier\/datorer\/23h31ea.jpg\",\"contentUrl\":\"https:\/\/www.heddata.se\/webbutik\/wp-content\/uploads\/webbutik\/kategorier\/datorer\/23h31ea.jpg\",\"width\":2400,\"height\":1800,\"caption\":\"HP 260 G4 Desktop\"},{\"@type\":\"BreadcrumbList\",\"@id\":\"https:\/\/www.heddata.se\/webbutik\/produkt\/hp-260-g4-desktop-mini\/#breadcrumb\",\"itemListElement\":[{\"@type\":\"ListItem\",\"position\":1,\"name\":\"Hem\",\"item\":\"https:\/\/www.heddata.se\/webbutik\/\"},{\"@type\":\"ListItem\",\"position\":2,\"name\":\"Produkter\",\"item\":\"https:\/\/www.heddata.se\/webbutik\/shop\/\"},{\"@type\":\"ListItem\",\"position\":3,\"name\":\"HP 260 G4 Desktop mini\"}]},{\"@type\":\"WebSite\",\"@id\":\"https:\/\/www.heddata.se\/webbutik\/#website\",\"url\":\"https:\/\/www.heddata.se\/webbutik\/\",\"name\":\"Datorer, Skrivare, F\u00e4rgpatroner, Mobiltelefoner\",\"description\":\"Kablar\",\"publisher\":{\"@id\":\"https:\/\/www.heddata.se\/webbutik\/#organization\"},\"potentialAction\":[{\"@type\":\"SearchAction\",\"target\":{\"@type\":\"EntryPoint\",\"urlTemplate\":\"https:\/\/www.heddata.se\/webbutik\/?s={search_term_string}\"},\"query-input\":{\"@type\":\"PropertyValueSpecification\",\"valueRequired\":true,\"valueName\":\"search_term_string\"}}],\"inLanguage\":\"sv-SE\"},{\"@type\":\"Organization\",\"@id\":\"https:\/\/www.heddata.se\/webbutik\/#organization\",\"name\":\"Heddata AB\",\"url\":\"https:\/\/www.heddata.se\/webbutik\/\",\"logo\":{\"@type\":\"ImageObject\",\"inLanguage\":\"sv-SE\",\"@id\":\"https:\/\/www.heddata.se\/webbutik\/#\/schema\/logo\/image\/\",\"url\":\"https:\/\/www.heddata.se\/webbutik\/wp-content\/uploads\/logga\/heddata-ab-logga.png\",\"contentUrl\":\"https:\/\/www.heddata.se\/webbutik\/wp-content\/uploads\/logga\/heddata-ab-logga.png\",\"width\":200,\"height\":64,\"caption\":\"Heddata AB\"},\"image\":{\"@id\":\"https:\/\/www.heddata.se\/webbutik\/#\/schema\/logo\/image\/\"}}]}<\/script>\n<!-- \/ Yoast SEO Premium plugin. -->","yoast_head_json":{"title":"HP 260 G4 Desktop mini, Core i5-10210U, 8GB RAM, 256GB SSD, W10p","description":"HP 260 G4 Desktop mini, Core i5-10210U, 8GB RAM, 256GB SSD, Windows 10 pro. Prestanda i aff\u00e4rsklass f\u00f6r vardagliga uppgifter.","robots":{"index":"index","follow":"follow","max-snippet":"max-snippet:-1","max-image-preview":"max-image-preview:large","max-video-preview":"max-video-preview:-1"},"canonical":"https:\/\/www.heddata.se\/webbutik\/produkt\/hp-260-g4-desktop-mini\/","og_locale":"sv_SE","og_type":"article","og_title":"HP 260 G4 Desktop mini","og_description":"HP 260 G4 Desktop mini, Core i5-10210U, 8GB RAM, 256GB SSD, Windows 10 pro. Prestanda i aff\u00e4rsklass f\u00f6r vardagliga uppgifter.","og_url":"https:\/\/www.heddata.se\/webbutik\/produkt\/hp-260-g4-desktop-mini\/","og_site_name":"Datorer, Skrivare, F\u00e4rgpatroner, Mobiltelefoner","article_modified_time":"2026-04-08T10:18:01+00:00","og_image":[{"width":2400,"height":1800,"url":"https:\/\/www.heddata.se\/webbutik\/wp-content\/uploads\/webbutik\/kategorier\/datorer\/23h31ea.jpg","type":"image\/jpeg"}],"twitter_card":"summary_large_image","twitter_misc":{"Ber\u00e4knad l\u00e4stid":"3 minuter"},"schema":{"@context":"https:\/\/schema.org","@graph":[{"@type":"WebPage","@id":"https:\/\/www.heddata.se\/webbutik\/produkt\/hp-260-g4-desktop-mini\/","url":"https:\/\/www.heddata.se\/webbutik\/produkt\/hp-260-g4-desktop-mini\/","name":"HP 260 G4 Desktop mini, Core i5-10210U, 8GB RAM, 256GB SSD, W10p","isPartOf":{"@id":"https:\/\/www.heddata.se\/webbutik\/#website"},"primaryImageOfPage":{"@id":"https:\/\/www.heddata.se\/webbutik\/produkt\/hp-260-g4-desktop-mini\/#primaryimage"},"image":{"@id":"https:\/\/www.heddata.se\/webbutik\/produkt\/hp-260-g4-desktop-mini\/#primaryimage"},"thumbnailUrl":"https:\/\/www.heddata.se\/webbutik\/wp-content\/uploads\/webbutik\/kategorier\/datorer\/23h31ea.jpg","datePublished":"2021-01-12T13:18:03+00:00","dateModified":"2026-04-08T10:18:01+00:00","description":"HP 260 G4 Desktop mini, Core i5-10210U, 8GB RAM, 256GB SSD, Windows 10 pro. Prestanda i aff\u00e4rsklass f\u00f6r vardagliga uppgifter.","breadcrumb":{"@id":"https:\/\/www.heddata.se\/webbutik\/produkt\/hp-260-g4-desktop-mini\/#breadcrumb"},"inLanguage":"sv-SE","potentialAction":[{"@type":"ReadAction","target":["https:\/\/www.heddata.se\/webbutik\/produkt\/hp-260-g4-desktop-mini\/"]}]},{"@type":"ImageObject","inLanguage":"sv-SE","@id":"https:\/\/www.heddata.se\/webbutik\/produkt\/hp-260-g4-desktop-mini\/#primaryimage","url":"https:\/\/www.heddata.se\/webbutik\/wp-content\/uploads\/webbutik\/kategorier\/datorer\/23h31ea.jpg","contentUrl":"https:\/\/www.heddata.se\/webbutik\/wp-content\/uploads\/webbutik\/kategorier\/datorer\/23h31ea.jpg","width":2400,"height":1800,"caption":"HP 260 G4 Desktop"},{"@type":"BreadcrumbList","@id":"https:\/\/www.heddata.se\/webbutik\/produkt\/hp-260-g4-desktop-mini\/#breadcrumb","itemListElement":[{"@type":"ListItem","position":1,"name":"Hem","item":"https:\/\/www.heddata.se\/webbutik\/"},{"@type":"ListItem","position":2,"name":"Produkter","item":"https:\/\/www.heddata.se\/webbutik\/shop\/"},{"@type":"ListItem","position":3,"name":"HP 260 G4 Desktop mini"}]},{"@type":"WebSite","@id":"https:\/\/www.heddata.se\/webbutik\/#website","url":"https:\/\/www.heddata.se\/webbutik\/","name":"Datorer, Skrivare, F\u00e4rgpatroner, Mobiltelefoner","description":"Kablar","publisher":{"@id":"https:\/\/www.heddata.se\/webbutik\/#organization"},"potentialAction":[{"@type":"SearchAction","target":{"@type":"EntryPoint","urlTemplate":"https:\/\/www.heddata.se\/webbutik\/?s={search_term_string}"},"query-input":{"@type":"PropertyValueSpecification","valueRequired":true,"valueName":"search_term_string"}}],"inLanguage":"sv-SE"},{"@type":"Organization","@id":"https:\/\/www.heddata.se\/webbutik\/#organization","name":"Heddata AB","url":"https:\/\/www.heddata.se\/webbutik\/","logo":{"@type":"ImageObject","inLanguage":"sv-SE","@id":"https:\/\/www.heddata.se\/webbutik\/#\/schema\/logo\/image\/","url":"https:\/\/www.heddata.se\/webbutik\/wp-content\/uploads\/logga\/heddata-ab-logga.png","contentUrl":"https:\/\/www.heddata.se\/webbutik\/wp-content\/uploads\/logga\/heddata-ab-logga.png","width":200,"height":64,"caption":"Heddata AB"},"image":{"@id":"https:\/\/www.heddata.se\/webbutik\/#\/schema\/logo\/image\/"}}]}},"_links":{"self":[{"href":"https:\/\/www.heddata.se\/webbutik\/wp-json\/wp\/v2\/product\/90906","targetHints":{"allow":["GET"]}}],"collection":[{"href":"https:\/\/www.heddata.se\/webbutik\/wp-json\/wp\/v2\/product"}],"about":[{"href":"https:\/\/www.heddata.se\/webbutik\/wp-json\/wp\/v2\/types\/product"}],"wp:featuredmedia":[{"embeddable":true,"href":"https:\/\/www.heddata.se\/webbutik\/wp-json\/wp\/v2\/media\/90912"}],"wp:attachment":[{"href":"https:\/\/www.heddata.se\/webbutik\/wp-json\/wp\/v2\/media?parent=90906"}],"wp:term":[{"taxonomy":"product_brand","embeddable":true,"href":"https:\/\/www.heddata.se\/webbutik\/wp-json\/wp\/v2\/product_brand?post=90906"},{"taxonomy":"product_cat","embeddable":true,"href":"https:\/\/www.heddata.se\/webbutik\/wp-json\/wp\/v2\/product_cat?post=90906"},{"taxonomy":"product_tag","embeddable":true,"href":"https:\/\/www.heddata.se\/webbutik\/wp-json\/wp\/v2\/product_tag?post=90906"}],"curies":[{"name":"wp","href":"https:\/\/api.w.org\/{rel}","templated":true}]}}