{"id":90823,"date":"2020-12-15T11:18:02","date_gmt":"2020-12-15T10:18:02","guid":{"rendered":"https:\/\/www.heddata.se\/webbutik\/?post_type=product&#038;p=90823"},"modified":"2026-04-07T13:16:34","modified_gmt":"2026-04-07T11:16:34","slug":"laminat-leitz-a4-udt-80-mic-100-fp","status":"publish","type":"product","link":"https:\/\/www.heddata.se\/webbutik\/produkt\/laminat-leitz-a4-udt-80-mic-100-fp\/","title":{"rendered":"Laminat LEITZ A4 UDT 80 mic. 100\/FP"},"content":{"rendered":"<div class=\"itemDetail_productName\">Laminat LEITZ A4 UDT 80 mic. 100\/FP<\/div>\n<div>\n<p><b>UDT-teknik f\u00f6r enkel och problemfri laminering med blank yta.<\/b><\/p>\n<p><a href=\"https:\/\/www.leitz.com\/sv-se\/\" target=\"_blank\" rel=\"noopener noreferrer\">Leitz\u00ae<\/a> lamineringsfickor f\u00f6rser dina dokument med skydd av h\u00f6gsta kvalitet samtidigt som de ger en fantastiskt blank yta som verkligen f\u00f6rst\u00e4rker f\u00e4rgen p\u00e5 varje sida. Fickorna \u00e4r perfekta f\u00f6r alla laminatorer som \u00e4r kompatibla med ett A4-format. Varje ficka har en kapacitet p\u00e5 80\u00a0mikrometer, vilket \u00e4r perfekt f\u00f6r presentationsanteckningar eller seminarier. De t\u00e5liga fickorna av f\u00f6rstklassig kvalitet skyddar mot smuts, v\u00e4tskor och fukt. Du f\u00e5r problemfri laminering utan stopp med UDT-tekniken som avl\u00e4gsnar riktningsm\u00e4rken efter lamineringsprocessen, vilket ger dig en klar laminering utan fl\u00e4ckar.<\/p>\n<p>Problemfri laminering utan stopp med UDT-teknik. De f\u00f6rstklassiga fickorna ger robust skydd mot smuts, v\u00e4tskor och fukt<\/p>\n<p>Enkla instruktioner f\u00f6r <a href=\"https:\/\/www.heddata.se\/webbutik\/produkt\/fellowes-lunar-a4-varmelaminator\/\">laminering<\/a> utan stopp<\/p>\n<p>Blank yta f\u00f6r b\u00e4ttre f\u00e4rg\u00e5tergivning<\/p>\n<p>Perfekt f\u00f6r alla laminatorer 216 x 303\u00a0mm (A4)<\/p>\n<p>Kapacitet: 80\u00a0mikrometer<\/p>\n<p>F\u00e4rg: Genomskinlig<\/p>\n<p>Paket: 100<\/p>\n<p>Skapa egna, anpassa eller skriv ut f\u00e4rdiga skyltar: https:\/\/signs.gbceurope.com\/sv\/se\/7023\/signmaker<\/p>\n<\/div>\n","protected":false},"excerpt":{"rendered":"<div class=\"itemDetail_productName\">Laminat LEITZ A4 UDT 80 mic. 100\/FP<\/div>\n","protected":false},"featured_media":90838,"template":"","meta":[],"product_brand":[],"product_cat":[68],"product_tag":[],"class_list":{"0":"post-90823","1":"product","2":"type-product","3":"status-publish","4":"has-post-thumbnail","6":"product_cat-kontorstillbehor","8":"first","9":"outofstock","10":"taxable","11":"shipping-taxable","12":"product-type-simple"},"yoast_head":"<!-- This site is optimized with the Yoast SEO Premium plugin v26.7 (Yoast SEO v26.7) - https:\/\/yoast.com\/wordpress\/plugins\/seo\/ -->\n<title>Laminat LEITZ A4 UDT 80 mic. 100\/FP lamineringsfickor<\/title>\n<meta name=\"description\" content=\"Laminat LEITZ A4 UDT 80 mic. 100\/FP lamineringsfickor f\u00f6rser dina dokument med skydd av h\u00f6gsta kvalitet och fantastiskt blank yta\" \/>\n<meta name=\"robots\" content=\"index, follow, max-snippet:-1, max-image-preview:large, max-video-preview:-1\" \/>\n<link rel=\"canonical\" href=\"https:\/\/www.heddata.se\/webbutik\/produkt\/laminat-leitz-a4-udt-80-mic-100-fp\/\" \/>\n<meta property=\"og:locale\" content=\"sv_SE\" \/>\n<meta property=\"og:type\" content=\"article\" \/>\n<meta property=\"og:title\" content=\"Laminat LEITZ A4 UDT 80 mic. 100\/FP\" \/>\n<meta property=\"og:description\" content=\"Laminat LEITZ A4 UDT 80 mic. 100\/FP lamineringsfickor f\u00f6rser dina dokument med skydd av h\u00f6gsta kvalitet och fantastiskt blank yta\" \/>\n<meta property=\"og:url\" content=\"https:\/\/www.heddata.se\/webbutik\/produkt\/laminat-leitz-a4-udt-80-mic-100-fp\/\" \/>\n<meta property=\"og:site_name\" content=\"Datorer, Skrivare, F\u00e4rgpatroner, Mobiltelefoner\" \/>\n<meta property=\"article:modified_time\" content=\"2026-04-07T11:16:34+00:00\" \/>\n<meta property=\"og:image\" content=\"https:\/\/www.heddata.se\/webbutik\/wp-content\/uploads\/webbutik\/kategorier\/kontorstillbehor\/114243.jpg\" \/>\n\t<meta property=\"og:image:width\" content=\"480\" \/>\n\t<meta property=\"og:image:height\" content=\"480\" \/>\n\t<meta property=\"og:image:type\" content=\"image\/jpeg\" \/>\n<meta name=\"twitter:card\" content=\"summary_large_image\" \/>\n<meta name=\"twitter:label1\" content=\"Ber\u00e4knad l\u00e4stid\" \/>\n\t<meta name=\"twitter:data1\" content=\"1 minut\" \/>\n<script type=\"application\/ld+json\" class=\"yoast-schema-graph\">{\"@context\":\"https:\/\/schema.org\",\"@graph\":[{\"@type\":\"WebPage\",\"@id\":\"https:\/\/www.heddata.se\/webbutik\/produkt\/laminat-leitz-a4-udt-80-mic-100-fp\/\",\"url\":\"https:\/\/www.heddata.se\/webbutik\/produkt\/laminat-leitz-a4-udt-80-mic-100-fp\/\",\"name\":\"Laminat LEITZ A4 UDT 80 mic. 100\/FP lamineringsfickor\",\"isPartOf\":{\"@id\":\"https:\/\/www.heddata.se\/webbutik\/#website\"},\"primaryImageOfPage\":{\"@id\":\"https:\/\/www.heddata.se\/webbutik\/produkt\/laminat-leitz-a4-udt-80-mic-100-fp\/#primaryimage\"},\"image\":{\"@id\":\"https:\/\/www.heddata.se\/webbutik\/produkt\/laminat-leitz-a4-udt-80-mic-100-fp\/#primaryimage\"},\"thumbnailUrl\":\"https:\/\/www.heddata.se\/webbutik\/wp-content\/uploads\/webbutik\/kategorier\/kontorstillbehor\/114243.jpg\",\"datePublished\":\"2020-12-15T10:18:02+00:00\",\"dateModified\":\"2026-04-07T11:16:34+00:00\",\"description\":\"Laminat LEITZ A4 UDT 80 mic. 100\/FP lamineringsfickor f\u00f6rser dina dokument med skydd av h\u00f6gsta kvalitet och fantastiskt blank yta\",\"breadcrumb\":{\"@id\":\"https:\/\/www.heddata.se\/webbutik\/produkt\/laminat-leitz-a4-udt-80-mic-100-fp\/#breadcrumb\"},\"inLanguage\":\"sv-SE\",\"potentialAction\":[{\"@type\":\"ReadAction\",\"target\":[\"https:\/\/www.heddata.se\/webbutik\/produkt\/laminat-leitz-a4-udt-80-mic-100-fp\/\"]}]},{\"@type\":\"ImageObject\",\"inLanguage\":\"sv-SE\",\"@id\":\"https:\/\/www.heddata.se\/webbutik\/produkt\/laminat-leitz-a4-udt-80-mic-100-fp\/#primaryimage\",\"url\":\"https:\/\/www.heddata.se\/webbutik\/wp-content\/uploads\/webbutik\/kategorier\/kontorstillbehor\/114243.jpg\",\"contentUrl\":\"https:\/\/www.heddata.se\/webbutik\/wp-content\/uploads\/webbutik\/kategorier\/kontorstillbehor\/114243.jpg\",\"width\":480,\"height\":480,\"caption\":\"Laminat LEITZ A4 UDT\"},{\"@type\":\"BreadcrumbList\",\"@id\":\"https:\/\/www.heddata.se\/webbutik\/produkt\/laminat-leitz-a4-udt-80-mic-100-fp\/#breadcrumb\",\"itemListElement\":[{\"@type\":\"ListItem\",\"position\":1,\"name\":\"Hem\",\"item\":\"https:\/\/www.heddata.se\/webbutik\/\"},{\"@type\":\"ListItem\",\"position\":2,\"name\":\"Produkter\",\"item\":\"https:\/\/www.heddata.se\/webbutik\/shop\/\"},{\"@type\":\"ListItem\",\"position\":3,\"name\":\"Laminat LEITZ A4 UDT 80 mic. 100\/FP\"}]},{\"@type\":\"WebSite\",\"@id\":\"https:\/\/www.heddata.se\/webbutik\/#website\",\"url\":\"https:\/\/www.heddata.se\/webbutik\/\",\"name\":\"Datorer, Skrivare, F\u00e4rgpatroner, Mobiltelefoner\",\"description\":\"Kablar\",\"publisher\":{\"@id\":\"https:\/\/www.heddata.se\/webbutik\/#organization\"},\"potentialAction\":[{\"@type\":\"SearchAction\",\"target\":{\"@type\":\"EntryPoint\",\"urlTemplate\":\"https:\/\/www.heddata.se\/webbutik\/?s={search_term_string}\"},\"query-input\":{\"@type\":\"PropertyValueSpecification\",\"valueRequired\":true,\"valueName\":\"search_term_string\"}}],\"inLanguage\":\"sv-SE\"},{\"@type\":\"Organization\",\"@id\":\"https:\/\/www.heddata.se\/webbutik\/#organization\",\"name\":\"Heddata AB\",\"url\":\"https:\/\/www.heddata.se\/webbutik\/\",\"logo\":{\"@type\":\"ImageObject\",\"inLanguage\":\"sv-SE\",\"@id\":\"https:\/\/www.heddata.se\/webbutik\/#\/schema\/logo\/image\/\",\"url\":\"https:\/\/www.heddata.se\/webbutik\/wp-content\/uploads\/logga\/heddata-ab-logga.png\",\"contentUrl\":\"https:\/\/www.heddata.se\/webbutik\/wp-content\/uploads\/logga\/heddata-ab-logga.png\",\"width\":200,\"height\":64,\"caption\":\"Heddata AB\"},\"image\":{\"@id\":\"https:\/\/www.heddata.se\/webbutik\/#\/schema\/logo\/image\/\"}}]}<\/script>\n<!-- \/ Yoast SEO Premium plugin. -->","yoast_head_json":{"title":"Laminat LEITZ A4 UDT 80 mic. 100\/FP lamineringsfickor","description":"Laminat LEITZ A4 UDT 80 mic. 100\/FP lamineringsfickor f\u00f6rser dina dokument med skydd av h\u00f6gsta kvalitet och fantastiskt blank yta","robots":{"index":"index","follow":"follow","max-snippet":"max-snippet:-1","max-image-preview":"max-image-preview:large","max-video-preview":"max-video-preview:-1"},"canonical":"https:\/\/www.heddata.se\/webbutik\/produkt\/laminat-leitz-a4-udt-80-mic-100-fp\/","og_locale":"sv_SE","og_type":"article","og_title":"Laminat LEITZ A4 UDT 80 mic. 100\/FP","og_description":"Laminat LEITZ A4 UDT 80 mic. 100\/FP lamineringsfickor f\u00f6rser dina dokument med skydd av h\u00f6gsta kvalitet och fantastiskt blank yta","og_url":"https:\/\/www.heddata.se\/webbutik\/produkt\/laminat-leitz-a4-udt-80-mic-100-fp\/","og_site_name":"Datorer, Skrivare, F\u00e4rgpatroner, Mobiltelefoner","article_modified_time":"2026-04-07T11:16:34+00:00","og_image":[{"width":480,"height":480,"url":"https:\/\/www.heddata.se\/webbutik\/wp-content\/uploads\/webbutik\/kategorier\/kontorstillbehor\/114243.jpg","type":"image\/jpeg"}],"twitter_card":"summary_large_image","twitter_misc":{"Ber\u00e4knad l\u00e4stid":"1 minut"},"schema":{"@context":"https:\/\/schema.org","@graph":[{"@type":"WebPage","@id":"https:\/\/www.heddata.se\/webbutik\/produkt\/laminat-leitz-a4-udt-80-mic-100-fp\/","url":"https:\/\/www.heddata.se\/webbutik\/produkt\/laminat-leitz-a4-udt-80-mic-100-fp\/","name":"Laminat LEITZ A4 UDT 80 mic. 100\/FP lamineringsfickor","isPartOf":{"@id":"https:\/\/www.heddata.se\/webbutik\/#website"},"primaryImageOfPage":{"@id":"https:\/\/www.heddata.se\/webbutik\/produkt\/laminat-leitz-a4-udt-80-mic-100-fp\/#primaryimage"},"image":{"@id":"https:\/\/www.heddata.se\/webbutik\/produkt\/laminat-leitz-a4-udt-80-mic-100-fp\/#primaryimage"},"thumbnailUrl":"https:\/\/www.heddata.se\/webbutik\/wp-content\/uploads\/webbutik\/kategorier\/kontorstillbehor\/114243.jpg","datePublished":"2020-12-15T10:18:02+00:00","dateModified":"2026-04-07T11:16:34+00:00","description":"Laminat LEITZ A4 UDT 80 mic. 100\/FP lamineringsfickor f\u00f6rser dina dokument med skydd av h\u00f6gsta kvalitet och fantastiskt blank yta","breadcrumb":{"@id":"https:\/\/www.heddata.se\/webbutik\/produkt\/laminat-leitz-a4-udt-80-mic-100-fp\/#breadcrumb"},"inLanguage":"sv-SE","potentialAction":[{"@type":"ReadAction","target":["https:\/\/www.heddata.se\/webbutik\/produkt\/laminat-leitz-a4-udt-80-mic-100-fp\/"]}]},{"@type":"ImageObject","inLanguage":"sv-SE","@id":"https:\/\/www.heddata.se\/webbutik\/produkt\/laminat-leitz-a4-udt-80-mic-100-fp\/#primaryimage","url":"https:\/\/www.heddata.se\/webbutik\/wp-content\/uploads\/webbutik\/kategorier\/kontorstillbehor\/114243.jpg","contentUrl":"https:\/\/www.heddata.se\/webbutik\/wp-content\/uploads\/webbutik\/kategorier\/kontorstillbehor\/114243.jpg","width":480,"height":480,"caption":"Laminat LEITZ A4 UDT"},{"@type":"BreadcrumbList","@id":"https:\/\/www.heddata.se\/webbutik\/produkt\/laminat-leitz-a4-udt-80-mic-100-fp\/#breadcrumb","itemListElement":[{"@type":"ListItem","position":1,"name":"Hem","item":"https:\/\/www.heddata.se\/webbutik\/"},{"@type":"ListItem","position":2,"name":"Produkter","item":"https:\/\/www.heddata.se\/webbutik\/shop\/"},{"@type":"ListItem","position":3,"name":"Laminat LEITZ A4 UDT 80 mic. 100\/FP"}]},{"@type":"WebSite","@id":"https:\/\/www.heddata.se\/webbutik\/#website","url":"https:\/\/www.heddata.se\/webbutik\/","name":"Datorer, Skrivare, F\u00e4rgpatroner, Mobiltelefoner","description":"Kablar","publisher":{"@id":"https:\/\/www.heddata.se\/webbutik\/#organization"},"potentialAction":[{"@type":"SearchAction","target":{"@type":"EntryPoint","urlTemplate":"https:\/\/www.heddata.se\/webbutik\/?s={search_term_string}"},"query-input":{"@type":"PropertyValueSpecification","valueRequired":true,"valueName":"search_term_string"}}],"inLanguage":"sv-SE"},{"@type":"Organization","@id":"https:\/\/www.heddata.se\/webbutik\/#organization","name":"Heddata AB","url":"https:\/\/www.heddata.se\/webbutik\/","logo":{"@type":"ImageObject","inLanguage":"sv-SE","@id":"https:\/\/www.heddata.se\/webbutik\/#\/schema\/logo\/image\/","url":"https:\/\/www.heddata.se\/webbutik\/wp-content\/uploads\/logga\/heddata-ab-logga.png","contentUrl":"https:\/\/www.heddata.se\/webbutik\/wp-content\/uploads\/logga\/heddata-ab-logga.png","width":200,"height":64,"caption":"Heddata AB"},"image":{"@id":"https:\/\/www.heddata.se\/webbutik\/#\/schema\/logo\/image\/"}}]}},"_links":{"self":[{"href":"https:\/\/www.heddata.se\/webbutik\/wp-json\/wp\/v2\/product\/90823","targetHints":{"allow":["GET"]}}],"collection":[{"href":"https:\/\/www.heddata.se\/webbutik\/wp-json\/wp\/v2\/product"}],"about":[{"href":"https:\/\/www.heddata.se\/webbutik\/wp-json\/wp\/v2\/types\/product"}],"wp:featuredmedia":[{"embeddable":true,"href":"https:\/\/www.heddata.se\/webbutik\/wp-json\/wp\/v2\/media\/90838"}],"wp:attachment":[{"href":"https:\/\/www.heddata.se\/webbutik\/wp-json\/wp\/v2\/media?parent=90823"}],"wp:term":[{"taxonomy":"product_brand","embeddable":true,"href":"https:\/\/www.heddata.se\/webbutik\/wp-json\/wp\/v2\/product_brand?post=90823"},{"taxonomy":"product_cat","embeddable":true,"href":"https:\/\/www.heddata.se\/webbutik\/wp-json\/wp\/v2\/product_cat?post=90823"},{"taxonomy":"product_tag","embeddable":true,"href":"https:\/\/www.heddata.se\/webbutik\/wp-json\/wp\/v2\/product_tag?post=90823"}],"curies":[{"name":"wp","href":"https:\/\/api.w.org\/{rel}","templated":true}]}}