{"id":90754,"date":"2020-12-01T11:18:13","date_gmt":"2020-12-01T10:18:13","guid":{"rendered":"https:\/\/www.heddata.se\/webbutik\/?post_type=product&#038;p=90754"},"modified":"2026-04-03T18:20:15","modified_gmt":"2026-04-03T16:20:15","slug":"qpad-dx-30-fps-gaming-mouse","status":"publish","type":"product","link":"https:\/\/www.heddata.se\/webbutik\/produkt\/qpad-dx-30-fps-gaming-mouse\/","title":{"rendered":"QPAD DX 30 FPS Gaming Mouse"},"content":{"rendered":"<p>QPAD DX 30 FPS Gaming Mouse<\/p>\n<h4><b>Beskrivning:<\/b><\/h4>\n<div>The brand new <a href=\"https:\/\/qpad.com\/\" target=\"_blank\" rel=\"noopener noreferrer\">QPAD<\/a> DX-30 re-invents the era of FPS Gaming-Mice. With its slim form factor,<br \/>\nlight weight and the ergonomic shape it is the perfect choice for Hardcore-Gamers. The resolution<br \/>\nof the Gaming-Mouse is adjustable by hardware in steps of 500, 1000, 1500, 2000, 2400 and<br \/>\n3000dpi. A truly highlight is RGB colour system of the mouse. It adds the style to your skill. The<br \/>\ninnovative ergonomic right-hand design and the special soft-touch surface secures that Gamers<br \/>\nhands will never slip off the <a href=\"https:\/\/www.heddata.se\/webbutik\/datorer\/moss-tangentbord\/\">mouse<\/a> again. The elegant silk-black mouse also comes with a very<br \/>\nflexible cable with a length of ca. 2,0m.<\/div>\n<h4><b>Features<\/b><\/h4>\n<div>High resolution optical gaming mouse<br \/>\nResolution (DPI) adjustable by hardware in steps (500 dpi, 1000 dpi, 1500 dpi, 2000 dpi, 2400 dpi, 3000 dpi)<br \/>\nLight weight design (ca. 120gr.)<br \/>\nSpecial Design for right-handed use<br \/>\nSpecial Soft-Touch Surface<br \/>\n7 buttons incl. mouse wheel<br \/>\nSensor technology: 5050<br \/>\nMax Acceleration: 8G<br \/>\nMax Speed: 30 IPS (Inch\/Sec)<br \/>\nUSB Report Rate: 125, 500, 1000Hz<br \/>\nUSB Data Format: 16 bit\/axis<br \/>\nSensing Pixels: 361 pixels<br \/>\nSampling Rate: 4500 FPS (Frames\/second)<br \/>\nCable: Braided cable 2 meters<br \/>\nUSB Plug: Gold plated USB<br \/>\nResponse Time: 1ms<br \/>\nMCU Controller Unit: ARM Cortex M0 processor<br \/>\nBacklight: RGB 16.8 million<br \/>\nInstallation: Plug &amp; Play<br \/>\nMain Buttons: Omron 10 Million click<br \/>\nShape: Ambidextrous<br \/>\nFirmware: Update on line<\/div>\n<div><\/div>\n<h4><b>Specifikationer:<\/b><\/h4>\n<div>\n<table border=\"0\" cellspacing=\"0\" cellpadding=\"0\">\n<tbody>\n<tr>\n<td>\u00c4ndam\u00e5l<\/td>\n<td>Spela<\/td>\n<\/tr>\n<tr>\n<td>Gr\u00e4nssnitt<\/td>\n<td>USB Type-A<\/td>\n<\/tr>\n<tr>\n<td>R\u00f6relsedetektor-teknik<\/td>\n<td>Optomekanisk<\/td>\n<\/tr>\n<tr>\n<td>Scroll-typ<\/td>\n<td>Hjul<\/td>\n<\/tr>\n<tr>\n<td>Antal knappar<\/td>\n<td>7<\/td>\n<\/tr>\n<tr>\n<td>R\u00f6relseuppl\u00f6sning<\/td>\n<td>2800 DPI<\/td>\n<\/tr>\n<tr>\n<td>Programmerbara musknappar<\/td>\n<td>Ja<\/td>\n<\/tr>\n<tr>\n<td>Antalet rullningshjul<\/td>\n<td>1<\/td>\n<\/tr>\n<tr>\n<td>Accelerering (max)<\/td>\n<td>8 G<\/td>\n<\/tr>\n<tr>\n<td>R\u00f6relsehastighet (max)<\/td>\n<td>30 tum\/min<\/td>\n<\/tr>\n<tr>\n<td>Bildfrekvens<\/td>\n<td>4500 fps<\/td>\n<\/tr>\n<tr>\n<td>Svarstid (medel)<\/td>\n<td>1 ms<\/td>\n<\/tr>\n<tr>\n<td>Processor<\/td>\n<td>ARM Cortex-M0<\/td>\n<\/tr>\n<tr>\n<td>Knapparnas h\u00e5llbarhet (antal miljoner klick)<\/td>\n<td>10<\/td>\n<\/tr>\n<tr>\n<td>Bildsensortyp<\/td>\n<td>ADNS 5050<\/td>\n<\/tr>\n<tr>\n<td>Pl\u00e4tering p\u00e5 anslutningskontakter<\/td>\n<td>Guld<\/td>\n<\/tr>\n<tr>\n<td>Formfaktor<\/td>\n<td>Ambidextrous<\/td>\n<\/tr>\n<tr>\n<td>Produktens f\u00e4rg<\/td>\n<td>Svart<\/td>\n<\/tr>\n<tr>\n<td>Ytf\u00e4rg<\/td>\n<td>Monoton<\/td>\n<\/tr>\n<tr>\n<td>Kabell\u00e4ngd<\/td>\n<td>1.8 m<\/td>\n<\/tr>\n<tr>\n<td>Plug &amp; Play-kompatibel<\/td>\n<td>Ja<\/td>\n<\/tr>\n<tr>\n<td>Str\u00f6mk\u00e4lla<\/td>\n<td>Kabel<\/td>\n<\/tr>\n<tr>\n<td>Bredd<\/td>\n<td>44 mm<\/td>\n<\/tr>\n<tr>\n<td>Djup<\/td>\n<td>14 mm<\/td>\n<\/tr>\n<tr>\n<td>H\u00f6jd<\/td>\n<td>3 mm<\/td>\n<\/tr>\n<tr>\n<td>Vikt<\/td>\n<td>349 g<\/td>\n<\/tr>\n<tr>\n<td>Antal<\/td>\n<td>1<\/td>\n<\/tr>\n<tr>\n<td>F\u00f6rpackningstyp<\/td>\n<td>L\u00e5da<\/td>\n<\/tr>\n<\/tbody>\n<\/table>\n<\/div>\n","protected":false},"excerpt":{"rendered":"<p>QPAD DX 30 FPS Gaming Mouse<\/p>\n","protected":false},"featured_media":90767,"template":"","meta":[],"product_brand":[],"product_cat":[66],"product_tag":[],"class_list":{"0":"post-90754","1":"product","2":"type-product","3":"status-publish","4":"has-post-thumbnail","6":"product_cat-gaming","8":"first","9":"outofstock","10":"taxable","11":"shipping-taxable","12":"product-type-simple"},"yoast_head":"<!-- This site is optimized with the Yoast SEO Premium plugin v26.7 (Yoast SEO v26.7) - https:\/\/yoast.com\/wordpress\/plugins\/seo\/ -->\n<title>QPAD DX 30 FPS Gaming Mouse, l\u00e4ttviktsdesignad gaming-mus<\/title>\n<meta name=\"description\" content=\"QPAD DX 30 FPS Gaming Mouse L\u00e4ttviktsdesignad Gamingmus med simpel och ergonomisk design som \u00e4r perfekt f\u00f6r l\u00e5nga Gaming sessioner.\" \/>\n<meta name=\"robots\" content=\"index, follow, max-snippet:-1, max-image-preview:large, max-video-preview:-1\" \/>\n<link rel=\"canonical\" href=\"https:\/\/www.heddata.se\/webbutik\/produkt\/qpad-dx-30-fps-gaming-mouse\/\" \/>\n<meta property=\"og:locale\" content=\"sv_SE\" \/>\n<meta property=\"og:type\" content=\"article\" \/>\n<meta property=\"og:title\" content=\"QPAD DX 30 FPS Gaming Mouse\" \/>\n<meta property=\"og:description\" content=\"QPAD DX 30 FPS Gaming Mouse L\u00e4ttviktsdesignad Gamingmus med simpel och ergonomisk design som \u00e4r perfekt f\u00f6r l\u00e5nga Gaming sessioner.\" \/>\n<meta property=\"og:url\" content=\"https:\/\/www.heddata.se\/webbutik\/produkt\/qpad-dx-30-fps-gaming-mouse\/\" \/>\n<meta property=\"og:site_name\" content=\"Datorer, Skrivare, F\u00e4rgpatroner, Mobiltelefoner\" \/>\n<meta property=\"article:modified_time\" content=\"2026-04-03T16:20:15+00:00\" \/>\n<meta property=\"og:image\" content=\"https:\/\/www.heddata.se\/webbutik\/wp-content\/uploads\/webbutik\/kategorier\/gaming\/9j.q4b88.m01.jpg\" \/>\n\t<meta property=\"og:image:width\" content=\"458\" \/>\n\t<meta property=\"og:image:height\" content=\"458\" \/>\n\t<meta property=\"og:image:type\" content=\"image\/jpeg\" \/>\n<meta name=\"twitter:card\" content=\"summary_large_image\" \/>\n<meta name=\"twitter:label1\" content=\"Ber\u00e4knad l\u00e4stid\" \/>\n\t<meta name=\"twitter:data1\" content=\"1 minut\" \/>\n<script type=\"application\/ld+json\" class=\"yoast-schema-graph\">{\"@context\":\"https:\/\/schema.org\",\"@graph\":[{\"@type\":\"WebPage\",\"@id\":\"https:\/\/www.heddata.se\/webbutik\/produkt\/qpad-dx-30-fps-gaming-mouse\/\",\"url\":\"https:\/\/www.heddata.se\/webbutik\/produkt\/qpad-dx-30-fps-gaming-mouse\/\",\"name\":\"QPAD DX 30 FPS Gaming Mouse, l\u00e4ttviktsdesignad gaming-mus\",\"isPartOf\":{\"@id\":\"https:\/\/www.heddata.se\/webbutik\/#website\"},\"primaryImageOfPage\":{\"@id\":\"https:\/\/www.heddata.se\/webbutik\/produkt\/qpad-dx-30-fps-gaming-mouse\/#primaryimage\"},\"image\":{\"@id\":\"https:\/\/www.heddata.se\/webbutik\/produkt\/qpad-dx-30-fps-gaming-mouse\/#primaryimage\"},\"thumbnailUrl\":\"https:\/\/www.heddata.se\/webbutik\/wp-content\/uploads\/webbutik\/kategorier\/gaming\/9j.q4b88.m01.jpg\",\"datePublished\":\"2020-12-01T10:18:13+00:00\",\"dateModified\":\"2026-04-03T16:20:15+00:00\",\"description\":\"QPAD DX 30 FPS Gaming Mouse L\u00e4ttviktsdesignad Gamingmus med simpel och ergonomisk design som \u00e4r perfekt f\u00f6r l\u00e5nga Gaming sessioner.\",\"breadcrumb\":{\"@id\":\"https:\/\/www.heddata.se\/webbutik\/produkt\/qpad-dx-30-fps-gaming-mouse\/#breadcrumb\"},\"inLanguage\":\"sv-SE\",\"potentialAction\":[{\"@type\":\"ReadAction\",\"target\":[\"https:\/\/www.heddata.se\/webbutik\/produkt\/qpad-dx-30-fps-gaming-mouse\/\"]}]},{\"@type\":\"ImageObject\",\"inLanguage\":\"sv-SE\",\"@id\":\"https:\/\/www.heddata.se\/webbutik\/produkt\/qpad-dx-30-fps-gaming-mouse\/#primaryimage\",\"url\":\"https:\/\/www.heddata.se\/webbutik\/wp-content\/uploads\/webbutik\/kategorier\/gaming\/9j.q4b88.m01.jpg\",\"contentUrl\":\"https:\/\/www.heddata.se\/webbutik\/wp-content\/uploads\/webbutik\/kategorier\/gaming\/9j.q4b88.m01.jpg\",\"width\":458,\"height\":458,\"caption\":\"QPAD DX 30 FPS\"},{\"@type\":\"BreadcrumbList\",\"@id\":\"https:\/\/www.heddata.se\/webbutik\/produkt\/qpad-dx-30-fps-gaming-mouse\/#breadcrumb\",\"itemListElement\":[{\"@type\":\"ListItem\",\"position\":1,\"name\":\"Hem\",\"item\":\"https:\/\/www.heddata.se\/webbutik\/\"},{\"@type\":\"ListItem\",\"position\":2,\"name\":\"Produkter\",\"item\":\"https:\/\/www.heddata.se\/webbutik\/shop\/\"},{\"@type\":\"ListItem\",\"position\":3,\"name\":\"QPAD DX 30 FPS Gaming Mouse\"}]},{\"@type\":\"WebSite\",\"@id\":\"https:\/\/www.heddata.se\/webbutik\/#website\",\"url\":\"https:\/\/www.heddata.se\/webbutik\/\",\"name\":\"Datorer, Skrivare, F\u00e4rgpatroner, Mobiltelefoner\",\"description\":\"Kablar\",\"publisher\":{\"@id\":\"https:\/\/www.heddata.se\/webbutik\/#organization\"},\"potentialAction\":[{\"@type\":\"SearchAction\",\"target\":{\"@type\":\"EntryPoint\",\"urlTemplate\":\"https:\/\/www.heddata.se\/webbutik\/?s={search_term_string}\"},\"query-input\":{\"@type\":\"PropertyValueSpecification\",\"valueRequired\":true,\"valueName\":\"search_term_string\"}}],\"inLanguage\":\"sv-SE\"},{\"@type\":\"Organization\",\"@id\":\"https:\/\/www.heddata.se\/webbutik\/#organization\",\"name\":\"Heddata AB\",\"url\":\"https:\/\/www.heddata.se\/webbutik\/\",\"logo\":{\"@type\":\"ImageObject\",\"inLanguage\":\"sv-SE\",\"@id\":\"https:\/\/www.heddata.se\/webbutik\/#\/schema\/logo\/image\/\",\"url\":\"https:\/\/www.heddata.se\/webbutik\/wp-content\/uploads\/logga\/heddata-ab-logga.png\",\"contentUrl\":\"https:\/\/www.heddata.se\/webbutik\/wp-content\/uploads\/logga\/heddata-ab-logga.png\",\"width\":200,\"height\":64,\"caption\":\"Heddata AB\"},\"image\":{\"@id\":\"https:\/\/www.heddata.se\/webbutik\/#\/schema\/logo\/image\/\"}}]}<\/script>\n<!-- \/ Yoast SEO Premium plugin. -->","yoast_head_json":{"title":"QPAD DX 30 FPS Gaming Mouse, l\u00e4ttviktsdesignad gaming-mus","description":"QPAD DX 30 FPS Gaming Mouse L\u00e4ttviktsdesignad Gamingmus med simpel och ergonomisk design som \u00e4r perfekt f\u00f6r l\u00e5nga Gaming sessioner.","robots":{"index":"index","follow":"follow","max-snippet":"max-snippet:-1","max-image-preview":"max-image-preview:large","max-video-preview":"max-video-preview:-1"},"canonical":"https:\/\/www.heddata.se\/webbutik\/produkt\/qpad-dx-30-fps-gaming-mouse\/","og_locale":"sv_SE","og_type":"article","og_title":"QPAD DX 30 FPS Gaming Mouse","og_description":"QPAD DX 30 FPS Gaming Mouse L\u00e4ttviktsdesignad Gamingmus med simpel och ergonomisk design som \u00e4r perfekt f\u00f6r l\u00e5nga Gaming sessioner.","og_url":"https:\/\/www.heddata.se\/webbutik\/produkt\/qpad-dx-30-fps-gaming-mouse\/","og_site_name":"Datorer, Skrivare, F\u00e4rgpatroner, Mobiltelefoner","article_modified_time":"2026-04-03T16:20:15+00:00","og_image":[{"width":458,"height":458,"url":"https:\/\/www.heddata.se\/webbutik\/wp-content\/uploads\/webbutik\/kategorier\/gaming\/9j.q4b88.m01.jpg","type":"image\/jpeg"}],"twitter_card":"summary_large_image","twitter_misc":{"Ber\u00e4knad l\u00e4stid":"1 minut"},"schema":{"@context":"https:\/\/schema.org","@graph":[{"@type":"WebPage","@id":"https:\/\/www.heddata.se\/webbutik\/produkt\/qpad-dx-30-fps-gaming-mouse\/","url":"https:\/\/www.heddata.se\/webbutik\/produkt\/qpad-dx-30-fps-gaming-mouse\/","name":"QPAD DX 30 FPS Gaming Mouse, l\u00e4ttviktsdesignad gaming-mus","isPartOf":{"@id":"https:\/\/www.heddata.se\/webbutik\/#website"},"primaryImageOfPage":{"@id":"https:\/\/www.heddata.se\/webbutik\/produkt\/qpad-dx-30-fps-gaming-mouse\/#primaryimage"},"image":{"@id":"https:\/\/www.heddata.se\/webbutik\/produkt\/qpad-dx-30-fps-gaming-mouse\/#primaryimage"},"thumbnailUrl":"https:\/\/www.heddata.se\/webbutik\/wp-content\/uploads\/webbutik\/kategorier\/gaming\/9j.q4b88.m01.jpg","datePublished":"2020-12-01T10:18:13+00:00","dateModified":"2026-04-03T16:20:15+00:00","description":"QPAD DX 30 FPS Gaming Mouse L\u00e4ttviktsdesignad Gamingmus med simpel och ergonomisk design som \u00e4r perfekt f\u00f6r l\u00e5nga Gaming sessioner.","breadcrumb":{"@id":"https:\/\/www.heddata.se\/webbutik\/produkt\/qpad-dx-30-fps-gaming-mouse\/#breadcrumb"},"inLanguage":"sv-SE","potentialAction":[{"@type":"ReadAction","target":["https:\/\/www.heddata.se\/webbutik\/produkt\/qpad-dx-30-fps-gaming-mouse\/"]}]},{"@type":"ImageObject","inLanguage":"sv-SE","@id":"https:\/\/www.heddata.se\/webbutik\/produkt\/qpad-dx-30-fps-gaming-mouse\/#primaryimage","url":"https:\/\/www.heddata.se\/webbutik\/wp-content\/uploads\/webbutik\/kategorier\/gaming\/9j.q4b88.m01.jpg","contentUrl":"https:\/\/www.heddata.se\/webbutik\/wp-content\/uploads\/webbutik\/kategorier\/gaming\/9j.q4b88.m01.jpg","width":458,"height":458,"caption":"QPAD DX 30 FPS"},{"@type":"BreadcrumbList","@id":"https:\/\/www.heddata.se\/webbutik\/produkt\/qpad-dx-30-fps-gaming-mouse\/#breadcrumb","itemListElement":[{"@type":"ListItem","position":1,"name":"Hem","item":"https:\/\/www.heddata.se\/webbutik\/"},{"@type":"ListItem","position":2,"name":"Produkter","item":"https:\/\/www.heddata.se\/webbutik\/shop\/"},{"@type":"ListItem","position":3,"name":"QPAD DX 30 FPS Gaming Mouse"}]},{"@type":"WebSite","@id":"https:\/\/www.heddata.se\/webbutik\/#website","url":"https:\/\/www.heddata.se\/webbutik\/","name":"Datorer, Skrivare, F\u00e4rgpatroner, Mobiltelefoner","description":"Kablar","publisher":{"@id":"https:\/\/www.heddata.se\/webbutik\/#organization"},"potentialAction":[{"@type":"SearchAction","target":{"@type":"EntryPoint","urlTemplate":"https:\/\/www.heddata.se\/webbutik\/?s={search_term_string}"},"query-input":{"@type":"PropertyValueSpecification","valueRequired":true,"valueName":"search_term_string"}}],"inLanguage":"sv-SE"},{"@type":"Organization","@id":"https:\/\/www.heddata.se\/webbutik\/#organization","name":"Heddata AB","url":"https:\/\/www.heddata.se\/webbutik\/","logo":{"@type":"ImageObject","inLanguage":"sv-SE","@id":"https:\/\/www.heddata.se\/webbutik\/#\/schema\/logo\/image\/","url":"https:\/\/www.heddata.se\/webbutik\/wp-content\/uploads\/logga\/heddata-ab-logga.png","contentUrl":"https:\/\/www.heddata.se\/webbutik\/wp-content\/uploads\/logga\/heddata-ab-logga.png","width":200,"height":64,"caption":"Heddata AB"},"image":{"@id":"https:\/\/www.heddata.se\/webbutik\/#\/schema\/logo\/image\/"}}]}},"_links":{"self":[{"href":"https:\/\/www.heddata.se\/webbutik\/wp-json\/wp\/v2\/product\/90754","targetHints":{"allow":["GET"]}}],"collection":[{"href":"https:\/\/www.heddata.se\/webbutik\/wp-json\/wp\/v2\/product"}],"about":[{"href":"https:\/\/www.heddata.se\/webbutik\/wp-json\/wp\/v2\/types\/product"}],"wp:featuredmedia":[{"embeddable":true,"href":"https:\/\/www.heddata.se\/webbutik\/wp-json\/wp\/v2\/media\/90767"}],"wp:attachment":[{"href":"https:\/\/www.heddata.se\/webbutik\/wp-json\/wp\/v2\/media?parent=90754"}],"wp:term":[{"taxonomy":"product_brand","embeddable":true,"href":"https:\/\/www.heddata.se\/webbutik\/wp-json\/wp\/v2\/product_brand?post=90754"},{"taxonomy":"product_cat","embeddable":true,"href":"https:\/\/www.heddata.se\/webbutik\/wp-json\/wp\/v2\/product_cat?post=90754"},{"taxonomy":"product_tag","embeddable":true,"href":"https:\/\/www.heddata.se\/webbutik\/wp-json\/wp\/v2\/product_tag?post=90754"}],"curies":[{"name":"wp","href":"https:\/\/api.w.org\/{rel}","templated":true}]}}