{"id":90751,"date":"2020-12-01T11:18:05","date_gmt":"2020-12-01T10:18:05","guid":{"rendered":"https:\/\/www.heddata.se\/webbutik\/?post_type=product&#038;p=90751"},"modified":"2026-04-08T10:19:02","modified_gmt":"2026-04-08T08:19:02","slug":"gp-powerbank-usb-c-pd-charging-65w-20000-mah-t20b","status":"publish","type":"product","link":"https:\/\/www.heddata.se\/webbutik\/produkt\/gp-powerbank-usb-c-pd-charging-65w-20000-mah-t20b\/","title":{"rendered":"GP Powerbank USB-C PD Charging 65W, 20000 mAh, T20B"},"content":{"rendered":"<p>GP Powerbank USB-C PD Charging 65W, 20000 mAh, T20B<\/p>\n<h4><b>Beskrivning:<\/b><br \/>\n<b>GP PowerBank 20 000 mAh, T20B, Gr\u00e5<\/b><\/h4>\n<p>T20B \u00e4r en <a href=\"https:\/\/www.gpbatteries.se\/\" target=\"_blank\" rel=\"noopener noreferrer\">powerbank<\/a> som \u00e4r kraftfull nog att ladda en laptop. N\u00e4r man dessutom l\u00e4gger till att den st\u00f6djer PD laddning p\u00e5 hela 65W och 27W QC4+ kompabilitet s\u00e5 f\u00e5r du en av de snabbaste powerbanksen p\u00e5 marknaden idag. Trots att den har hela 20 000 mAh s\u00e5 k\u00e4nns den varken stor eller klumpig. Enkel att ta med var du \u00e4n \u00e4r p\u00e5 v\u00e4g.<\/p>\n<p>&#8211; Kan ladda laptops som laddas med USB-C (ex. MacBook Air 13,3&#8243; p\u00e5 ca 1.5h)<br \/>\n&#8211; PD laddning p\u00e5 hela 65W<br \/>\n&#8211; Quick Charge 4+<br \/>\n&#8211; Utrustad med s\u00e4kerhetsfunktioner fr\u00e5n GP<\/p>\n<h4><b>Kortast m\u00f6jliga laddtid<\/b><\/h4>\n<p>Nya GP PowerBank T20B \u00e4r kraftig nog att ladda en laptop (som laddas med USB-C) och st\u00f6djer den senaste standarden Quick Charge 4+ samt PD laddning p\u00e5 hela 65W. Det g\u00f6r att du kan ladda allt fr\u00e5n din telefon till din laptop med l\u00e4gsta m\u00f6jliga laddtid.<\/p>\n<h4><b>Full med kraft och m\u00f6jligheter<\/b><\/h4>\n<p>Med en h\u00f6g kapacitet p\u00e5 20 000mAh kan du ladda de flesta av dina prylar flera g\u00e5nger innan den f\u00e5r slut p\u00e5 kraft. F\u00f6r att ytterligare underl\u00e4tta f\u00f6r dig kan T20B ladda upp till tv\u00e5 prylar samtidigt och kan till och med ladda upp sig sj\u00e4lv samtidigt som den laddar andra prylar.<\/p>\n<p><b>S\u00e4ker powerbank<\/b><\/p>\n<p>Som batteriexperter vet vi p\u00e5 GP hur viktigt det \u00e4r att du laddar s\u00e5 s\u00e4kert som m\u00f6jligt. D\u00e4rf\u00f6r har vi byggt in en m\u00e4ngd olika s\u00e4kerhetsfunktioner som f\u00f6rhindrar den fr\u00e5n att \u00f6verhettas eller kortslutas.<\/p>\n<h4><b>M\u00e5nga anv\u00e4dningsomr\u00e5den<\/b><\/h4>\n<p>Den kompakta storleken i f\u00f6rh\u00e5llande till hur kraftfull T20B \u00e4r g\u00f6r m\u00f6jligg\u00f6r helt nya m\u00f6jligheter f\u00f6r dig n\u00e4r det kommer till hur du anv\u00e4nder en powerbank. Oavsett om du ska ladda din laptop, Nintendo Switch, h\u00f6rlurar eller <a href=\"https:\/\/www.heddata.se\/webbutik\/telefon-surfplattor\/\">telefon<\/a> s\u00e5 klarar T20B av att g\u00f6ra det under kortare tid \u00e4n n\u00e5gonsin tidigare.<\/p>\n<h4>Ing\u00e5ng<\/h4>\n<p>USB-C &#8211; DC 3A\/5V, 3A\/9V, 3A\/12V, 3A\/15V, 3.25A\/20V (65W max.)<\/p>\n<p>Utg\u00e5ng<\/p>\n<p>USB-A &#8211; DC 3A\/5V, 3A\/9V, 2.25A\/12V (27W Max.)<br \/>\nUSB-C &#8211; DC 3A\/5V, 3A\/9V, 3A\/12V, 3A\/15V, 3.25A\/20V (65W Max.)<\/p>\n<p><b>Inbyggda s\u00e4kerhetsfunktioner<\/b><\/p>\n<p><b>\u00d6verstr\u00f6msskydd<\/b><\/p>\n<p>Om USB-enheten drar f\u00f6r mycket str\u00f6m fr\u00e5n laddaren s\u00e5 kan b\u00e5de din laddare och enhet skadas. F\u00f6r att f\u00f6rhindra detta har alla v\u00e5ra GP PowerBanks ett \u00f6verstr\u00f6msskydd som stoppar laddaren, f\u00f6r att hindra den fr\u00e5n att bli \u00f6verhettad eller ta eld.<\/p>\n<p><b>\u00d6vertemperatursskydd<\/b><\/p>\n<p>N\u00e4r f\u00f6r mycket str\u00f6m leds genom batteriet eller under ogynnsamma f\u00f6rh\u00e5llanden kan laddaren bli \u00f6verhettad. D\u00e4rf\u00f6r har vi installerat ett \u00f6vertemperatursskydd, f\u00f6r att s\u00e4kerst\u00e4lla att batteriet verkar under s\u00e4kra f\u00f6rh\u00e5llanden och undviker alla risker relaterade till \u00f6verhettning.<\/p>\n<p><b>L\u00e5g- och \u00f6versp\u00e4nningsskydd<\/b><\/p>\n<p>En batteridriven enhet kan bara hantera en viss sp\u00e4nning. V\u00e5ra GP PowerBanks har f\u00f6rsetts med en gr\u00e4ns som reglerar hur mycket sp\u00e4nning laddaren skall hantera, vilket f\u00f6rhindrar batteriskador som orsakas av ov\u00e4ntad str\u00f6mtillf\u00f6rsel eller \u00f6verurladdning.<\/p>\n<p><b>Kortslutningsskydd<\/b><\/p>\n<p>N\u00e4r en kortslutning uppst\u00e5r blir det en snabb och \u00f6verdriven str\u00f6mtillf\u00f6rsel som kan orsaka mycket skada p\u00e5 b\u00e5de din enhet och laddare. Om USB-utg\u00e5ngen kortsluts s\u00e5 kommer laddaren stoppas f\u00f6r att f\u00f6rhindra att den \u00f6verhettas eller tar eld.<\/p>\n<p><b>St\u00f6ts\u00e4ker<\/b><\/p>\n<p>Ett fall kan orsaka stor skada p\u00e5 batteriet, vilket i sin tur kan skada b\u00e5de laddaren och USB-enheten. Om du har otur kan det \u00e4ven resultera i att batteriet tar eld eller exploderar. D\u00e4rf\u00f6r har GP PowerBank ett skydd som f\u00f6rhindrar batteriskador somkan uppst\u00e5 efter en st\u00f6t eller ett fall.<\/p>\n<div>\n<p><b>Specifikationer:<\/b><\/p>\n<table border=\"0\" cellspacing=\"0\" cellpadding=\"0\">\n<tbody>\n<tr>\n<td>Type of product<\/td>\n<td>Powerbank<\/td>\n<\/tr>\n<\/tbody>\n<\/table>\n<\/div>\n","protected":false},"excerpt":{"rendered":"<p>GP Powerbank USB-C PD Charging 65W, 20000 mAh, T20B<\/p>\n","protected":false},"featured_media":90777,"template":"","meta":[],"product_brand":[],"product_cat":[120,69],"product_tag":[],"class_list":{"0":"post-90751","1":"product","2":"type-product","3":"status-publish","4":"has-post-thumbnail","6":"product_cat-powerbanks","7":"product_cat-telefontillbehor","9":"first","10":"outofstock","11":"taxable","12":"shipping-taxable","13":"product-type-simple"},"yoast_head":"<!-- This site is optimized with the Yoast SEO Premium plugin v26.7 (Yoast SEO v26.7) - https:\/\/yoast.com\/wordpress\/plugins\/seo\/ -->\n<title>GP Powerbank USB-C PD Charging 65W, 20000 mAh, T20B<\/title>\n<meta name=\"description\" content=\"GP Powerbank USB-C PD Charging 65W, 20000 mAh, T20B T20B \u00e4r en powerbank som \u00e4r kraftfull nog att ladda en laptop.\" \/>\n<meta name=\"robots\" content=\"index, follow, max-snippet:-1, max-image-preview:large, max-video-preview:-1\" \/>\n<link rel=\"canonical\" href=\"https:\/\/www.heddata.se\/webbutik\/produkt\/gp-powerbank-usb-c-pd-charging-65w-20000-mah-t20b\/\" \/>\n<meta property=\"og:locale\" content=\"sv_SE\" \/>\n<meta property=\"og:type\" content=\"article\" \/>\n<meta property=\"og:title\" content=\"GP Powerbank USB-C PD Charging 65W, 20000 mAh, T20B\" \/>\n<meta property=\"og:description\" content=\"GP Powerbank USB-C PD Charging 65W, 20000 mAh, T20B T20B \u00e4r en powerbank som \u00e4r kraftfull nog att ladda en laptop.\" \/>\n<meta property=\"og:url\" content=\"https:\/\/www.heddata.se\/webbutik\/produkt\/gp-powerbank-usb-c-pd-charging-65w-20000-mah-t20b\/\" \/>\n<meta property=\"og:site_name\" content=\"Datorer, Skrivare, F\u00e4rgpatroner, Mobiltelefoner\" \/>\n<meta property=\"article:modified_time\" content=\"2026-04-08T08:19:02+00:00\" \/>\n<meta property=\"og:image\" content=\"https:\/\/www.heddata.se\/webbutik\/wp-content\/uploads\/webbutik\/kategorier\/batterier\/405184.jpg\" \/>\n\t<meta property=\"og:image:width\" content=\"600\" \/>\n\t<meta property=\"og:image:height\" content=\"600\" \/>\n\t<meta property=\"og:image:type\" content=\"image\/jpeg\" \/>\n<meta name=\"twitter:card\" content=\"summary_large_image\" \/>\n<meta name=\"twitter:label1\" content=\"Ber\u00e4knad l\u00e4stid\" \/>\n\t<meta name=\"twitter:data1\" content=\"3 minuter\" \/>\n<script type=\"application\/ld+json\" class=\"yoast-schema-graph\">{\"@context\":\"https:\/\/schema.org\",\"@graph\":[{\"@type\":\"WebPage\",\"@id\":\"https:\/\/www.heddata.se\/webbutik\/produkt\/gp-powerbank-usb-c-pd-charging-65w-20000-mah-t20b\/\",\"url\":\"https:\/\/www.heddata.se\/webbutik\/produkt\/gp-powerbank-usb-c-pd-charging-65w-20000-mah-t20b\/\",\"name\":\"GP Powerbank USB-C PD Charging 65W, 20000 mAh, T20B\",\"isPartOf\":{\"@id\":\"https:\/\/www.heddata.se\/webbutik\/#website\"},\"primaryImageOfPage\":{\"@id\":\"https:\/\/www.heddata.se\/webbutik\/produkt\/gp-powerbank-usb-c-pd-charging-65w-20000-mah-t20b\/#primaryimage\"},\"image\":{\"@id\":\"https:\/\/www.heddata.se\/webbutik\/produkt\/gp-powerbank-usb-c-pd-charging-65w-20000-mah-t20b\/#primaryimage\"},\"thumbnailUrl\":\"https:\/\/www.heddata.se\/webbutik\/wp-content\/uploads\/webbutik\/kategorier\/batterier\/405184.jpg\",\"datePublished\":\"2020-12-01T10:18:05+00:00\",\"dateModified\":\"2026-04-08T08:19:02+00:00\",\"description\":\"GP Powerbank USB-C PD Charging 65W, 20000 mAh, T20B T20B \u00e4r en powerbank som \u00e4r kraftfull nog att ladda en laptop.\",\"breadcrumb\":{\"@id\":\"https:\/\/www.heddata.se\/webbutik\/produkt\/gp-powerbank-usb-c-pd-charging-65w-20000-mah-t20b\/#breadcrumb\"},\"inLanguage\":\"sv-SE\",\"potentialAction\":[{\"@type\":\"ReadAction\",\"target\":[\"https:\/\/www.heddata.se\/webbutik\/produkt\/gp-powerbank-usb-c-pd-charging-65w-20000-mah-t20b\/\"]}]},{\"@type\":\"ImageObject\",\"inLanguage\":\"sv-SE\",\"@id\":\"https:\/\/www.heddata.se\/webbutik\/produkt\/gp-powerbank-usb-c-pd-charging-65w-20000-mah-t20b\/#primaryimage\",\"url\":\"https:\/\/www.heddata.se\/webbutik\/wp-content\/uploads\/webbutik\/kategorier\/batterier\/405184.jpg\",\"contentUrl\":\"https:\/\/www.heddata.se\/webbutik\/wp-content\/uploads\/webbutik\/kategorier\/batterier\/405184.jpg\",\"width\":600,\"height\":600,\"caption\":\"GP Powerbank USB-C PD\"},{\"@type\":\"BreadcrumbList\",\"@id\":\"https:\/\/www.heddata.se\/webbutik\/produkt\/gp-powerbank-usb-c-pd-charging-65w-20000-mah-t20b\/#breadcrumb\",\"itemListElement\":[{\"@type\":\"ListItem\",\"position\":1,\"name\":\"Hem\",\"item\":\"https:\/\/www.heddata.se\/webbutik\/\"},{\"@type\":\"ListItem\",\"position\":2,\"name\":\"Produkter\",\"item\":\"https:\/\/www.heddata.se\/webbutik\/shop\/\"},{\"@type\":\"ListItem\",\"position\":3,\"name\":\"GP Powerbank USB-C PD Charging 65W, 20000 mAh, T20B\"}]},{\"@type\":\"WebSite\",\"@id\":\"https:\/\/www.heddata.se\/webbutik\/#website\",\"url\":\"https:\/\/www.heddata.se\/webbutik\/\",\"name\":\"Datorer, Skrivare, F\u00e4rgpatroner, Mobiltelefoner\",\"description\":\"Kablar\",\"publisher\":{\"@id\":\"https:\/\/www.heddata.se\/webbutik\/#organization\"},\"potentialAction\":[{\"@type\":\"SearchAction\",\"target\":{\"@type\":\"EntryPoint\",\"urlTemplate\":\"https:\/\/www.heddata.se\/webbutik\/?s={search_term_string}\"},\"query-input\":{\"@type\":\"PropertyValueSpecification\",\"valueRequired\":true,\"valueName\":\"search_term_string\"}}],\"inLanguage\":\"sv-SE\"},{\"@type\":\"Organization\",\"@id\":\"https:\/\/www.heddata.se\/webbutik\/#organization\",\"name\":\"Heddata AB\",\"url\":\"https:\/\/www.heddata.se\/webbutik\/\",\"logo\":{\"@type\":\"ImageObject\",\"inLanguage\":\"sv-SE\",\"@id\":\"https:\/\/www.heddata.se\/webbutik\/#\/schema\/logo\/image\/\",\"url\":\"https:\/\/www.heddata.se\/webbutik\/wp-content\/uploads\/logga\/heddata-ab-logga.png\",\"contentUrl\":\"https:\/\/www.heddata.se\/webbutik\/wp-content\/uploads\/logga\/heddata-ab-logga.png\",\"width\":200,\"height\":64,\"caption\":\"Heddata AB\"},\"image\":{\"@id\":\"https:\/\/www.heddata.se\/webbutik\/#\/schema\/logo\/image\/\"}}]}<\/script>\n<!-- \/ Yoast SEO Premium plugin. -->","yoast_head_json":{"title":"GP Powerbank USB-C PD Charging 65W, 20000 mAh, T20B","description":"GP Powerbank USB-C PD Charging 65W, 20000 mAh, T20B T20B \u00e4r en powerbank som \u00e4r kraftfull nog att ladda en laptop.","robots":{"index":"index","follow":"follow","max-snippet":"max-snippet:-1","max-image-preview":"max-image-preview:large","max-video-preview":"max-video-preview:-1"},"canonical":"https:\/\/www.heddata.se\/webbutik\/produkt\/gp-powerbank-usb-c-pd-charging-65w-20000-mah-t20b\/","og_locale":"sv_SE","og_type":"article","og_title":"GP Powerbank USB-C PD Charging 65W, 20000 mAh, T20B","og_description":"GP Powerbank USB-C PD Charging 65W, 20000 mAh, T20B T20B \u00e4r en powerbank som \u00e4r kraftfull nog att ladda en laptop.","og_url":"https:\/\/www.heddata.se\/webbutik\/produkt\/gp-powerbank-usb-c-pd-charging-65w-20000-mah-t20b\/","og_site_name":"Datorer, Skrivare, F\u00e4rgpatroner, Mobiltelefoner","article_modified_time":"2026-04-08T08:19:02+00:00","og_image":[{"width":600,"height":600,"url":"https:\/\/www.heddata.se\/webbutik\/wp-content\/uploads\/webbutik\/kategorier\/batterier\/405184.jpg","type":"image\/jpeg"}],"twitter_card":"summary_large_image","twitter_misc":{"Ber\u00e4knad l\u00e4stid":"3 minuter"},"schema":{"@context":"https:\/\/schema.org","@graph":[{"@type":"WebPage","@id":"https:\/\/www.heddata.se\/webbutik\/produkt\/gp-powerbank-usb-c-pd-charging-65w-20000-mah-t20b\/","url":"https:\/\/www.heddata.se\/webbutik\/produkt\/gp-powerbank-usb-c-pd-charging-65w-20000-mah-t20b\/","name":"GP Powerbank USB-C PD Charging 65W, 20000 mAh, T20B","isPartOf":{"@id":"https:\/\/www.heddata.se\/webbutik\/#website"},"primaryImageOfPage":{"@id":"https:\/\/www.heddata.se\/webbutik\/produkt\/gp-powerbank-usb-c-pd-charging-65w-20000-mah-t20b\/#primaryimage"},"image":{"@id":"https:\/\/www.heddata.se\/webbutik\/produkt\/gp-powerbank-usb-c-pd-charging-65w-20000-mah-t20b\/#primaryimage"},"thumbnailUrl":"https:\/\/www.heddata.se\/webbutik\/wp-content\/uploads\/webbutik\/kategorier\/batterier\/405184.jpg","datePublished":"2020-12-01T10:18:05+00:00","dateModified":"2026-04-08T08:19:02+00:00","description":"GP Powerbank USB-C PD Charging 65W, 20000 mAh, T20B T20B \u00e4r en powerbank som \u00e4r kraftfull nog att ladda en laptop.","breadcrumb":{"@id":"https:\/\/www.heddata.se\/webbutik\/produkt\/gp-powerbank-usb-c-pd-charging-65w-20000-mah-t20b\/#breadcrumb"},"inLanguage":"sv-SE","potentialAction":[{"@type":"ReadAction","target":["https:\/\/www.heddata.se\/webbutik\/produkt\/gp-powerbank-usb-c-pd-charging-65w-20000-mah-t20b\/"]}]},{"@type":"ImageObject","inLanguage":"sv-SE","@id":"https:\/\/www.heddata.se\/webbutik\/produkt\/gp-powerbank-usb-c-pd-charging-65w-20000-mah-t20b\/#primaryimage","url":"https:\/\/www.heddata.se\/webbutik\/wp-content\/uploads\/webbutik\/kategorier\/batterier\/405184.jpg","contentUrl":"https:\/\/www.heddata.se\/webbutik\/wp-content\/uploads\/webbutik\/kategorier\/batterier\/405184.jpg","width":600,"height":600,"caption":"GP Powerbank USB-C PD"},{"@type":"BreadcrumbList","@id":"https:\/\/www.heddata.se\/webbutik\/produkt\/gp-powerbank-usb-c-pd-charging-65w-20000-mah-t20b\/#breadcrumb","itemListElement":[{"@type":"ListItem","position":1,"name":"Hem","item":"https:\/\/www.heddata.se\/webbutik\/"},{"@type":"ListItem","position":2,"name":"Produkter","item":"https:\/\/www.heddata.se\/webbutik\/shop\/"},{"@type":"ListItem","position":3,"name":"GP Powerbank USB-C PD Charging 65W, 20000 mAh, T20B"}]},{"@type":"WebSite","@id":"https:\/\/www.heddata.se\/webbutik\/#website","url":"https:\/\/www.heddata.se\/webbutik\/","name":"Datorer, Skrivare, F\u00e4rgpatroner, Mobiltelefoner","description":"Kablar","publisher":{"@id":"https:\/\/www.heddata.se\/webbutik\/#organization"},"potentialAction":[{"@type":"SearchAction","target":{"@type":"EntryPoint","urlTemplate":"https:\/\/www.heddata.se\/webbutik\/?s={search_term_string}"},"query-input":{"@type":"PropertyValueSpecification","valueRequired":true,"valueName":"search_term_string"}}],"inLanguage":"sv-SE"},{"@type":"Organization","@id":"https:\/\/www.heddata.se\/webbutik\/#organization","name":"Heddata AB","url":"https:\/\/www.heddata.se\/webbutik\/","logo":{"@type":"ImageObject","inLanguage":"sv-SE","@id":"https:\/\/www.heddata.se\/webbutik\/#\/schema\/logo\/image\/","url":"https:\/\/www.heddata.se\/webbutik\/wp-content\/uploads\/logga\/heddata-ab-logga.png","contentUrl":"https:\/\/www.heddata.se\/webbutik\/wp-content\/uploads\/logga\/heddata-ab-logga.png","width":200,"height":64,"caption":"Heddata AB"},"image":{"@id":"https:\/\/www.heddata.se\/webbutik\/#\/schema\/logo\/image\/"}}]}},"_links":{"self":[{"href":"https:\/\/www.heddata.se\/webbutik\/wp-json\/wp\/v2\/product\/90751","targetHints":{"allow":["GET"]}}],"collection":[{"href":"https:\/\/www.heddata.se\/webbutik\/wp-json\/wp\/v2\/product"}],"about":[{"href":"https:\/\/www.heddata.se\/webbutik\/wp-json\/wp\/v2\/types\/product"}],"wp:featuredmedia":[{"embeddable":true,"href":"https:\/\/www.heddata.se\/webbutik\/wp-json\/wp\/v2\/media\/90777"}],"wp:attachment":[{"href":"https:\/\/www.heddata.se\/webbutik\/wp-json\/wp\/v2\/media?parent=90751"}],"wp:term":[{"taxonomy":"product_brand","embeddable":true,"href":"https:\/\/www.heddata.se\/webbutik\/wp-json\/wp\/v2\/product_brand?post=90751"},{"taxonomy":"product_cat","embeddable":true,"href":"https:\/\/www.heddata.se\/webbutik\/wp-json\/wp\/v2\/product_cat?post=90751"},{"taxonomy":"product_tag","embeddable":true,"href":"https:\/\/www.heddata.se\/webbutik\/wp-json\/wp\/v2\/product_tag?post=90751"}],"curies":[{"name":"wp","href":"https:\/\/api.w.org\/{rel}","templated":true}]}}