{"id":90708,"date":"2020-11-19T11:18:26","date_gmt":"2020-11-19T10:18:26","guid":{"rendered":"https:\/\/www.heddata.se\/webbutik\/?post_type=product&#038;p=90708"},"modified":"2026-04-03T18:41:32","modified_gmt":"2026-04-03T16:41:32","slug":"usb-hubb-4-portar-usb-2-0-separat-stromforsorjning-uhubu2430bk","status":"publish","type":"product","link":"https:\/\/www.heddata.se\/webbutik\/produkt\/usb-hubb-4-portar-usb-2-0-separat-stromforsorjning-uhubu2430bk\/","title":{"rendered":"USB-hubb 4 Portar USB 2.0 Separat str\u00f6mf\u00f6rs\u00f6rjning UHUBU2430BK"},"content":{"rendered":"<p>USB-hubb 4 Portar USB 2.0 Separat str\u00f6mf\u00f6rs\u00f6rjning UHUBU2430BK<\/p>\n<div class=\"description\">\n<div class=\"d-flex flex-column\">\n<div class=\"position-relative\">\n<div class=\"\">\n<p class=\"p-0 m-0\">USB 2.0-switch f\u00f6r anslutning till en station\u00e4r pc eller laptop f\u00f6r att ut\u00f6ka antalet USB-portar och ansluta USB-flashminnen, m\u00f6ss, skrivare, n\u00e4tverksadaptrar och andra enheter. Den \u00e4r f\u00f6rsedd med extern str\u00f6mf\u00f6rs\u00f6rjning, vilket g\u00f6r att str\u00f6mf\u00f6rbrukande enheter kan anv\u00e4ndas, som t.ex. 2,5-tums h\u00e5rddiskar.<\/p>\n<\/div>\n<\/div>\n<\/div>\n<\/div>\n<h4 class=\"mt-3\"><strong class=\"d-block\">Features<\/strong><\/h4>\n<p class=\"m-0\">Ut\u00f6ka enkelt antalet USB-portar p\u00e5 din station\u00e4ra pc eller laptop<\/p>\n<p class=\"m-0\">F\u00f6rsedd med extern str\u00f6mf\u00f6rs\u00f6rjning, vilket g\u00f6r att flera str\u00f6mf\u00f6rbrukande enheter kan anv\u00e4ndas, som t.ex. 2,5-tums <a href=\"https:\/\/www.heddata.se\/webbutik\/extern-harddisk\/\">h\u00e5rddiskar<\/a><\/p>\n<p class=\"m-0\">Plug and play<\/p>\n<div id=\"package-contents\">\n<div class=\"border-top-md-down py-4 py-md-0\">\n<h4 id=\"package-contents\">Paketet inneh\u00e5ller<\/h4>\n<p><a href=\"https:\/\/nedis.se\/sv-se\" target=\"_blank\" rel=\"noopener noreferrer\">1x USB 2.0-switch med 4-portar<\/a><br \/>\nN\u00e4tadapter AC 100 &#8211; 240 V<br \/>\nMini USB-kabel<br \/>\nSnabbstartsguide<\/p>\n<\/div>\n<\/div>\n<h4 id=\"information\"><span style=\"font-size: 20.16px\">Produktspecifikationer USB-hubb 4 Portar USB<\/span><\/h4>\n<div><\/div>\n<div class=\"border-top-md-down py-4 py-md-0\">\n<table class=\"table table-dashed-border\">\n<tbody>\n<tr>\n<th scope=\"row\">F\u00e4rg<\/th>\n<td>Svart<\/td>\n<\/tr>\n<tr>\n<th scope=\"row\">N\u00e4tkontakt<\/th>\n<td>Euro \/ Type C (CEE 7\/16)<\/td>\n<\/tr>\n<tr>\n<th scope=\"row\">Antal utg\u00e5ngar<\/th>\n<td>4<\/td>\n<\/tr>\n<tr>\n<th scope=\"row\">Material<\/th>\n<td>Plastic<\/td>\n<\/tr>\n<tr>\n<th scope=\"row\">Power rating<\/th>\n<td>5 V 0.5 A<\/td>\n<\/tr>\n<tr>\n<th scope=\"row\">Ing\u00e5ng<\/th>\n<td>USB 2.0<\/td>\n<\/tr>\n<tr>\n<th scope=\"row\">Str\u00f6mf\u00f6rs\u00f6rjning<\/th>\n<td>AC<\/td>\n<\/tr>\n<\/tbody>\n<\/table>\n<\/div>\n","protected":false},"excerpt":{"rendered":"<p>USB-hubb 4 Portar USB 2.0 Separat str\u00f6mf\u00f6rs\u00f6rjning UHUBU2430BK<\/p>\n","protected":false},"featured_media":90711,"template":"","meta":[],"product_brand":[],"product_cat":[65,3366],"product_tag":[],"class_list":{"0":"post-90708","1":"product","2":"type-product","3":"status-publish","4":"has-post-thumbnail","6":"product_cat-datorer-tillbehor","7":"product_cat-ovrigt-datortillbehor","9":"first","10":"outofstock","11":"taxable","12":"shipping-taxable","13":"product-type-simple"},"yoast_head":"<!-- This site is optimized with the Yoast SEO Premium plugin v26.7 (Yoast SEO v26.7) - https:\/\/yoast.com\/wordpress\/plugins\/seo\/ -->\n<title>USB-hubb 4 Portar USB 2.0 Separat str\u00f6mf\u00f6rs\u00f6rjning UHUBU2430BK<\/title>\n<meta name=\"description\" content=\"USB-hubb 4 Portar USB 2.0 Separat str\u00f6mf\u00f6rs\u00f6rjning, f\u00f6r anslutning till en station\u00e4r pc eller laptop f\u00f6r att ut\u00f6ka antalet USB-portar\" \/>\n<meta name=\"robots\" content=\"index, follow, max-snippet:-1, max-image-preview:large, max-video-preview:-1\" \/>\n<link rel=\"canonical\" href=\"https:\/\/www.heddata.se\/webbutik\/produkt\/usb-hubb-4-portar-usb-2-0-separat-stromforsorjning-uhubu2430bk\/\" \/>\n<meta property=\"og:locale\" content=\"sv_SE\" \/>\n<meta property=\"og:type\" content=\"article\" \/>\n<meta property=\"og:title\" content=\"USB-hubb 4 Portar USB 2.0 Separat str\u00f6mf\u00f6rs\u00f6rjning UHUBU2430BK\" \/>\n<meta property=\"og:description\" content=\"USB-hubb 4 Portar USB 2.0 Separat str\u00f6mf\u00f6rs\u00f6rjning, f\u00f6r anslutning till en station\u00e4r pc eller laptop f\u00f6r att ut\u00f6ka antalet USB-portar\" \/>\n<meta property=\"og:url\" content=\"https:\/\/www.heddata.se\/webbutik\/produkt\/usb-hubb-4-portar-usb-2-0-separat-stromforsorjning-uhubu2430bk\/\" \/>\n<meta property=\"og:site_name\" content=\"Datorer, Skrivare, F\u00e4rgpatroner, Mobiltelefoner\" \/>\n<meta property=\"article:modified_time\" content=\"2026-04-03T16:41:32+00:00\" \/>\n<meta property=\"og:image\" content=\"https:\/\/www.heddata.se\/webbutik\/wp-content\/uploads\/webbutik\/kategorier\/ovrigt-tillbehor\/uhubu2430bk.jpeg\" \/>\n\t<meta property=\"og:image:width\" content=\"1200\" \/>\n\t<meta property=\"og:image:height\" content=\"1200\" \/>\n\t<meta property=\"og:image:type\" content=\"image\/jpeg\" \/>\n<meta name=\"twitter:card\" content=\"summary_large_image\" \/>\n<meta name=\"twitter:label1\" content=\"Ber\u00e4knad l\u00e4stid\" \/>\n\t<meta name=\"twitter:data1\" content=\"1 minut\" \/>\n<script type=\"application\/ld+json\" class=\"yoast-schema-graph\">{\"@context\":\"https:\/\/schema.org\",\"@graph\":[{\"@type\":\"WebPage\",\"@id\":\"https:\/\/www.heddata.se\/webbutik\/produkt\/usb-hubb-4-portar-usb-2-0-separat-stromforsorjning-uhubu2430bk\/\",\"url\":\"https:\/\/www.heddata.se\/webbutik\/produkt\/usb-hubb-4-portar-usb-2-0-separat-stromforsorjning-uhubu2430bk\/\",\"name\":\"USB-hubb 4 Portar USB 2.0 Separat str\u00f6mf\u00f6rs\u00f6rjning UHUBU2430BK\",\"isPartOf\":{\"@id\":\"https:\/\/www.heddata.se\/webbutik\/#website\"},\"primaryImageOfPage\":{\"@id\":\"https:\/\/www.heddata.se\/webbutik\/produkt\/usb-hubb-4-portar-usb-2-0-separat-stromforsorjning-uhubu2430bk\/#primaryimage\"},\"image\":{\"@id\":\"https:\/\/www.heddata.se\/webbutik\/produkt\/usb-hubb-4-portar-usb-2-0-separat-stromforsorjning-uhubu2430bk\/#primaryimage\"},\"thumbnailUrl\":\"https:\/\/www.heddata.se\/webbutik\/wp-content\/uploads\/webbutik\/kategorier\/ovrigt-tillbehor\/uhubu2430bk.jpeg\",\"datePublished\":\"2020-11-19T10:18:26+00:00\",\"dateModified\":\"2026-04-03T16:41:32+00:00\",\"description\":\"USB-hubb 4 Portar USB 2.0 Separat str\u00f6mf\u00f6rs\u00f6rjning, f\u00f6r anslutning till en station\u00e4r pc eller laptop f\u00f6r att ut\u00f6ka antalet USB-portar\",\"breadcrumb\":{\"@id\":\"https:\/\/www.heddata.se\/webbutik\/produkt\/usb-hubb-4-portar-usb-2-0-separat-stromforsorjning-uhubu2430bk\/#breadcrumb\"},\"inLanguage\":\"sv-SE\",\"potentialAction\":[{\"@type\":\"ReadAction\",\"target\":[\"https:\/\/www.heddata.se\/webbutik\/produkt\/usb-hubb-4-portar-usb-2-0-separat-stromforsorjning-uhubu2430bk\/\"]}]},{\"@type\":\"ImageObject\",\"inLanguage\":\"sv-SE\",\"@id\":\"https:\/\/www.heddata.se\/webbutik\/produkt\/usb-hubb-4-portar-usb-2-0-separat-stromforsorjning-uhubu2430bk\/#primaryimage\",\"url\":\"https:\/\/www.heddata.se\/webbutik\/wp-content\/uploads\/webbutik\/kategorier\/ovrigt-tillbehor\/uhubu2430bk.jpeg\",\"contentUrl\":\"https:\/\/www.heddata.se\/webbutik\/wp-content\/uploads\/webbutik\/kategorier\/ovrigt-tillbehor\/uhubu2430bk.jpeg\",\"width\":1200,\"height\":1200,\"caption\":\"USB-hubb 4 Portar USB 2.0\"},{\"@type\":\"BreadcrumbList\",\"@id\":\"https:\/\/www.heddata.se\/webbutik\/produkt\/usb-hubb-4-portar-usb-2-0-separat-stromforsorjning-uhubu2430bk\/#breadcrumb\",\"itemListElement\":[{\"@type\":\"ListItem\",\"position\":1,\"name\":\"Hem\",\"item\":\"https:\/\/www.heddata.se\/webbutik\/\"},{\"@type\":\"ListItem\",\"position\":2,\"name\":\"Produkter\",\"item\":\"https:\/\/www.heddata.se\/webbutik\/shop\/\"},{\"@type\":\"ListItem\",\"position\":3,\"name\":\"USB-hubb 4 Portar USB 2.0 Separat str\u00f6mf\u00f6rs\u00f6rjning UHUBU2430BK\"}]},{\"@type\":\"WebSite\",\"@id\":\"https:\/\/www.heddata.se\/webbutik\/#website\",\"url\":\"https:\/\/www.heddata.se\/webbutik\/\",\"name\":\"Datorer, Skrivare, F\u00e4rgpatroner, Mobiltelefoner\",\"description\":\"Kablar\",\"publisher\":{\"@id\":\"https:\/\/www.heddata.se\/webbutik\/#organization\"},\"potentialAction\":[{\"@type\":\"SearchAction\",\"target\":{\"@type\":\"EntryPoint\",\"urlTemplate\":\"https:\/\/www.heddata.se\/webbutik\/?s={search_term_string}\"},\"query-input\":{\"@type\":\"PropertyValueSpecification\",\"valueRequired\":true,\"valueName\":\"search_term_string\"}}],\"inLanguage\":\"sv-SE\"},{\"@type\":\"Organization\",\"@id\":\"https:\/\/www.heddata.se\/webbutik\/#organization\",\"name\":\"Heddata AB\",\"url\":\"https:\/\/www.heddata.se\/webbutik\/\",\"logo\":{\"@type\":\"ImageObject\",\"inLanguage\":\"sv-SE\",\"@id\":\"https:\/\/www.heddata.se\/webbutik\/#\/schema\/logo\/image\/\",\"url\":\"https:\/\/www.heddata.se\/webbutik\/wp-content\/uploads\/logga\/heddata-ab-logga.png\",\"contentUrl\":\"https:\/\/www.heddata.se\/webbutik\/wp-content\/uploads\/logga\/heddata-ab-logga.png\",\"width\":200,\"height\":64,\"caption\":\"Heddata AB\"},\"image\":{\"@id\":\"https:\/\/www.heddata.se\/webbutik\/#\/schema\/logo\/image\/\"}}]}<\/script>\n<!-- \/ Yoast SEO Premium plugin. -->","yoast_head_json":{"title":"USB-hubb 4 Portar USB 2.0 Separat str\u00f6mf\u00f6rs\u00f6rjning UHUBU2430BK","description":"USB-hubb 4 Portar USB 2.0 Separat str\u00f6mf\u00f6rs\u00f6rjning, f\u00f6r anslutning till en station\u00e4r pc eller laptop f\u00f6r att ut\u00f6ka antalet USB-portar","robots":{"index":"index","follow":"follow","max-snippet":"max-snippet:-1","max-image-preview":"max-image-preview:large","max-video-preview":"max-video-preview:-1"},"canonical":"https:\/\/www.heddata.se\/webbutik\/produkt\/usb-hubb-4-portar-usb-2-0-separat-stromforsorjning-uhubu2430bk\/","og_locale":"sv_SE","og_type":"article","og_title":"USB-hubb 4 Portar USB 2.0 Separat str\u00f6mf\u00f6rs\u00f6rjning UHUBU2430BK","og_description":"USB-hubb 4 Portar USB 2.0 Separat str\u00f6mf\u00f6rs\u00f6rjning, f\u00f6r anslutning till en station\u00e4r pc eller laptop f\u00f6r att ut\u00f6ka antalet USB-portar","og_url":"https:\/\/www.heddata.se\/webbutik\/produkt\/usb-hubb-4-portar-usb-2-0-separat-stromforsorjning-uhubu2430bk\/","og_site_name":"Datorer, Skrivare, F\u00e4rgpatroner, Mobiltelefoner","article_modified_time":"2026-04-03T16:41:32+00:00","og_image":[{"width":1200,"height":1200,"url":"https:\/\/www.heddata.se\/webbutik\/wp-content\/uploads\/webbutik\/kategorier\/ovrigt-tillbehor\/uhubu2430bk.jpeg","type":"image\/jpeg"}],"twitter_card":"summary_large_image","twitter_misc":{"Ber\u00e4knad l\u00e4stid":"1 minut"},"schema":{"@context":"https:\/\/schema.org","@graph":[{"@type":"WebPage","@id":"https:\/\/www.heddata.se\/webbutik\/produkt\/usb-hubb-4-portar-usb-2-0-separat-stromforsorjning-uhubu2430bk\/","url":"https:\/\/www.heddata.se\/webbutik\/produkt\/usb-hubb-4-portar-usb-2-0-separat-stromforsorjning-uhubu2430bk\/","name":"USB-hubb 4 Portar USB 2.0 Separat str\u00f6mf\u00f6rs\u00f6rjning UHUBU2430BK","isPartOf":{"@id":"https:\/\/www.heddata.se\/webbutik\/#website"},"primaryImageOfPage":{"@id":"https:\/\/www.heddata.se\/webbutik\/produkt\/usb-hubb-4-portar-usb-2-0-separat-stromforsorjning-uhubu2430bk\/#primaryimage"},"image":{"@id":"https:\/\/www.heddata.se\/webbutik\/produkt\/usb-hubb-4-portar-usb-2-0-separat-stromforsorjning-uhubu2430bk\/#primaryimage"},"thumbnailUrl":"https:\/\/www.heddata.se\/webbutik\/wp-content\/uploads\/webbutik\/kategorier\/ovrigt-tillbehor\/uhubu2430bk.jpeg","datePublished":"2020-11-19T10:18:26+00:00","dateModified":"2026-04-03T16:41:32+00:00","description":"USB-hubb 4 Portar USB 2.0 Separat str\u00f6mf\u00f6rs\u00f6rjning, f\u00f6r anslutning till en station\u00e4r pc eller laptop f\u00f6r att ut\u00f6ka antalet USB-portar","breadcrumb":{"@id":"https:\/\/www.heddata.se\/webbutik\/produkt\/usb-hubb-4-portar-usb-2-0-separat-stromforsorjning-uhubu2430bk\/#breadcrumb"},"inLanguage":"sv-SE","potentialAction":[{"@type":"ReadAction","target":["https:\/\/www.heddata.se\/webbutik\/produkt\/usb-hubb-4-portar-usb-2-0-separat-stromforsorjning-uhubu2430bk\/"]}]},{"@type":"ImageObject","inLanguage":"sv-SE","@id":"https:\/\/www.heddata.se\/webbutik\/produkt\/usb-hubb-4-portar-usb-2-0-separat-stromforsorjning-uhubu2430bk\/#primaryimage","url":"https:\/\/www.heddata.se\/webbutik\/wp-content\/uploads\/webbutik\/kategorier\/ovrigt-tillbehor\/uhubu2430bk.jpeg","contentUrl":"https:\/\/www.heddata.se\/webbutik\/wp-content\/uploads\/webbutik\/kategorier\/ovrigt-tillbehor\/uhubu2430bk.jpeg","width":1200,"height":1200,"caption":"USB-hubb 4 Portar USB 2.0"},{"@type":"BreadcrumbList","@id":"https:\/\/www.heddata.se\/webbutik\/produkt\/usb-hubb-4-portar-usb-2-0-separat-stromforsorjning-uhubu2430bk\/#breadcrumb","itemListElement":[{"@type":"ListItem","position":1,"name":"Hem","item":"https:\/\/www.heddata.se\/webbutik\/"},{"@type":"ListItem","position":2,"name":"Produkter","item":"https:\/\/www.heddata.se\/webbutik\/shop\/"},{"@type":"ListItem","position":3,"name":"USB-hubb 4 Portar USB 2.0 Separat str\u00f6mf\u00f6rs\u00f6rjning UHUBU2430BK"}]},{"@type":"WebSite","@id":"https:\/\/www.heddata.se\/webbutik\/#website","url":"https:\/\/www.heddata.se\/webbutik\/","name":"Datorer, Skrivare, F\u00e4rgpatroner, Mobiltelefoner","description":"Kablar","publisher":{"@id":"https:\/\/www.heddata.se\/webbutik\/#organization"},"potentialAction":[{"@type":"SearchAction","target":{"@type":"EntryPoint","urlTemplate":"https:\/\/www.heddata.se\/webbutik\/?s={search_term_string}"},"query-input":{"@type":"PropertyValueSpecification","valueRequired":true,"valueName":"search_term_string"}}],"inLanguage":"sv-SE"},{"@type":"Organization","@id":"https:\/\/www.heddata.se\/webbutik\/#organization","name":"Heddata AB","url":"https:\/\/www.heddata.se\/webbutik\/","logo":{"@type":"ImageObject","inLanguage":"sv-SE","@id":"https:\/\/www.heddata.se\/webbutik\/#\/schema\/logo\/image\/","url":"https:\/\/www.heddata.se\/webbutik\/wp-content\/uploads\/logga\/heddata-ab-logga.png","contentUrl":"https:\/\/www.heddata.se\/webbutik\/wp-content\/uploads\/logga\/heddata-ab-logga.png","width":200,"height":64,"caption":"Heddata AB"},"image":{"@id":"https:\/\/www.heddata.se\/webbutik\/#\/schema\/logo\/image\/"}}]}},"_links":{"self":[{"href":"https:\/\/www.heddata.se\/webbutik\/wp-json\/wp\/v2\/product\/90708","targetHints":{"allow":["GET"]}}],"collection":[{"href":"https:\/\/www.heddata.se\/webbutik\/wp-json\/wp\/v2\/product"}],"about":[{"href":"https:\/\/www.heddata.se\/webbutik\/wp-json\/wp\/v2\/types\/product"}],"wp:featuredmedia":[{"embeddable":true,"href":"https:\/\/www.heddata.se\/webbutik\/wp-json\/wp\/v2\/media\/90711"}],"wp:attachment":[{"href":"https:\/\/www.heddata.se\/webbutik\/wp-json\/wp\/v2\/media?parent=90708"}],"wp:term":[{"taxonomy":"product_brand","embeddable":true,"href":"https:\/\/www.heddata.se\/webbutik\/wp-json\/wp\/v2\/product_brand?post=90708"},{"taxonomy":"product_cat","embeddable":true,"href":"https:\/\/www.heddata.se\/webbutik\/wp-json\/wp\/v2\/product_cat?post=90708"},{"taxonomy":"product_tag","embeddable":true,"href":"https:\/\/www.heddata.se\/webbutik\/wp-json\/wp\/v2\/product_tag?post=90708"}],"curies":[{"name":"wp","href":"https:\/\/api.w.org\/{rel}","templated":true}]}}