{"id":90705,"date":"2020-11-19T11:18:12","date_gmt":"2020-11-19T10:18:12","guid":{"rendered":"https:\/\/www.heddata.se\/webbutik\/?post_type=product&#038;p=90705"},"modified":"2026-04-10T11:41:09","modified_gmt":"2026-04-10T09:41:09","slug":"hp-933xl-cyan-cn054ae","status":"publish","type":"product","link":"https:\/\/www.heddata.se\/webbutik\/produkt\/hp-933xl-cyan-cn054ae\/","title":{"rendered":"HP 933XL Cyan CN054AE"},"content":{"rendered":"<p>HP 933XL Cyan CN054AE<\/p>\n<p><b>Beskrivning:<\/b><\/p>\n<p>HP 933 cyan Officejet-bl\u00e4ckpatron ger utskrifter av professionell kvalitet, sida efter sida. Ge dina dokument och ditt marknadsf\u00f6ringsmaterial liv med enast\u00e5ende f\u00e4rgkvalitet till en l\u00e5g kostnad per sida och \u00e5tervinn enkelt dina bl\u00e4ckpatroner.<\/p>\n<p><b>F\u00e5 garanterat p\u00e5litliga resultat av h\u00f6g kvalitet i varje utskrift. Anv\u00e4nd HP Officejet-bl\u00e4ck och imponerande funktioner f\u00f6r tillf\u00f6rlitlighet f\u00f6r kr\u00e5ngelfria, konsekventa utskrifter, sida efter sida. HPs skrivare, bl\u00e4ck och papper har utvecklats och testats tillsammans f\u00f6r att ge optimala resultat.<\/b><\/p>\n<p><b>L\u00e4gg till imponerande f\u00e4rger i dina aff\u00e4rsutskrifter \u2013 du f\u00e5r suver\u00e4na levande f\u00e4rger med pigmentbl\u00e4ck som tagits fram f\u00f6r kontoret.\u00a0F\u00f6rb\u00e4ttra dokumentkvaliteten genom att anv\u00e4nda papper med ColorLok\u00ae-logotypen. F\u00e4rgerna \u00e4r klarare f\u00f6r att ge bilder och grafik med liv och djup.<\/b><\/p>\n<p><b>F\u00e4rgutskrifter som h\u00e5ller f\u00f6retagskvalitet till l\u00e5g sidkostnad. F\u00e5 mer f\u00f6r pengarna med individuellt utbytbara bl\u00e4ckpatroner och h\u00f6gkapacitetspatroner. Spara tid n\u00e4r du <a href=\"https:\/\/www.heddata.se\/webbutik\/skrivare-blackstrale-monolaser\/\">skriver<\/a> ut marknadsf\u00f6ringsmaterial p\u00e5 kontoret.<\/b><\/p>\n<p>\u2022\u00a0Skriv ut upp till 2,5 g\u00e5nger s\u00e5 m\u00e5nga sidor i f\u00e4rg. De valfria h\u00f6gkapacitetspatronerna ger fler utskrivna sidor och beh\u00f6ver inte bytas ut lika ofta som HPs originalbl\u00e4ckpatroner av standardtyp.<\/p>\n<div class=\"container\">\n<div class=\"prod-details-header\">\n<h2 class=\"prod-details-header__title\">Kompatibla skrivare<\/h2>\n<\/div>\n<\/div>\n<div class=\"container\">\n<div class=\"gr\">\n<div class=\"gr__col gr__col--md-24\">\n<div class=\"comp-device\">\n<p>HP Officejet 6100 ePrinter <a href=\"https:\/\/www8.hp.com\/se\/sv\/home.html\" target=\"_blank\" rel=\"noopener noreferrer\">(CB863A)<\/a><\/p>\n<p>HP Officejet 6600 e-All-in-One-skrivare (CZ155A)<\/p>\n<p>HP Officejet 6600 e-All-in-One-skrivare, specialversion (CZ163A)<\/p>\n<p>HP Officejet 6700 Premium e-All-in-One-skrivare (CN583A)<\/p>\n<p>HP OfficeJet 7110 ePrinter f\u00f6r breda format (CR768A#A81)<\/p>\n<p>HP OfficeJet 7510 All-in-One-skrivare f\u00f6r breda format (G3J47A)<\/p>\n<p>HP Officejet 7610 e-All-in-One skrivare f\u00f6r breda format (CR769A)<\/p>\n<p>HP OfficeJet 7612 e-Allt-i-ett f\u00f6r breda format (G1X85A)<\/p>\n<\/div>\n<\/div>\n<\/div>\n<\/div>\n","protected":false},"excerpt":{"rendered":"<p>HP 933XL Cyan CN054AE<\/p>\n","protected":false},"featured_media":90718,"template":"","meta":[],"product_brand":[],"product_cat":[61,91],"product_tag":[],"class_list":{"0":"post-90705","1":"product","2":"type-product","3":"status-publish","4":"has-post-thumbnail","6":"product_cat-blackpatroner-toners","7":"product_cat-hp-blackpatroner","9":"first","10":"outofstock","11":"taxable","12":"shipping-taxable","13":"product-type-simple"},"yoast_head":"<!-- This site is optimized with the Yoast SEO Premium plugin v26.7 (Yoast SEO v26.7) - https:\/\/yoast.com\/wordpress\/plugins\/seo\/ -->\n<title>HP 933XL Cyan CN054AE original bl\u00e4ckpatron xl HP<\/title>\n<meta name=\"description\" content=\"HP 933XL Cyan CN054AE\" \/>\n<meta name=\"robots\" content=\"index, follow, max-snippet:-1, max-image-preview:large, max-video-preview:-1\" \/>\n<link rel=\"canonical\" href=\"https:\/\/www.heddata.se\/webbutik\/produkt\/hp-933xl-cyan-cn054ae\/\" \/>\n<meta property=\"og:locale\" content=\"sv_SE\" \/>\n<meta property=\"og:type\" content=\"article\" \/>\n<meta property=\"og:title\" content=\"HP 933XL Cyan CN054AE\" \/>\n<meta property=\"og:description\" content=\"HP 933XL Cyan CN054AE\" \/>\n<meta property=\"og:url\" content=\"https:\/\/www.heddata.se\/webbutik\/produkt\/hp-933xl-cyan-cn054ae\/\" \/>\n<meta property=\"og:site_name\" content=\"Datorer, Skrivare, F\u00e4rgpatroner, Mobiltelefoner\" \/>\n<meta property=\"article:modified_time\" content=\"2026-04-10T09:41:09+00:00\" \/>\n<meta property=\"og:image\" content=\"https:\/\/www.heddata.se\/webbutik\/wp-content\/uploads\/webbutik\/kategorier\/blackpatroner-toners\/hpcn054ae.jpg\" \/>\n\t<meta property=\"og:image:width\" content=\"288\" \/>\n\t<meta property=\"og:image:height\" content=\"288\" \/>\n\t<meta property=\"og:image:type\" content=\"image\/jpeg\" \/>\n<meta name=\"twitter:card\" content=\"summary_large_image\" \/>\n<meta name=\"twitter:label1\" content=\"Ber\u00e4knad l\u00e4stid\" \/>\n\t<meta name=\"twitter:data1\" content=\"1 minut\" \/>\n<script type=\"application\/ld+json\" class=\"yoast-schema-graph\">{\"@context\":\"https:\/\/schema.org\",\"@graph\":[{\"@type\":\"WebPage\",\"@id\":\"https:\/\/www.heddata.se\/webbutik\/produkt\/hp-933xl-cyan-cn054ae\/\",\"url\":\"https:\/\/www.heddata.se\/webbutik\/produkt\/hp-933xl-cyan-cn054ae\/\",\"name\":\"HP 933XL Cyan CN054AE original bl\u00e4ckpatron xl HP\",\"isPartOf\":{\"@id\":\"https:\/\/www.heddata.se\/webbutik\/#website\"},\"primaryImageOfPage\":{\"@id\":\"https:\/\/www.heddata.se\/webbutik\/produkt\/hp-933xl-cyan-cn054ae\/#primaryimage\"},\"image\":{\"@id\":\"https:\/\/www.heddata.se\/webbutik\/produkt\/hp-933xl-cyan-cn054ae\/#primaryimage\"},\"thumbnailUrl\":\"https:\/\/www.heddata.se\/webbutik\/wp-content\/uploads\/webbutik\/kategorier\/blackpatroner-toners\/hpcn054ae.jpg\",\"datePublished\":\"2020-11-19T10:18:12+00:00\",\"dateModified\":\"2026-04-10T09:41:09+00:00\",\"description\":\"HP 933XL Cyan CN054AE\",\"breadcrumb\":{\"@id\":\"https:\/\/www.heddata.se\/webbutik\/produkt\/hp-933xl-cyan-cn054ae\/#breadcrumb\"},\"inLanguage\":\"sv-SE\",\"potentialAction\":[{\"@type\":\"ReadAction\",\"target\":[\"https:\/\/www.heddata.se\/webbutik\/produkt\/hp-933xl-cyan-cn054ae\/\"]}]},{\"@type\":\"ImageObject\",\"inLanguage\":\"sv-SE\",\"@id\":\"https:\/\/www.heddata.se\/webbutik\/produkt\/hp-933xl-cyan-cn054ae\/#primaryimage\",\"url\":\"https:\/\/www.heddata.se\/webbutik\/wp-content\/uploads\/webbutik\/kategorier\/blackpatroner-toners\/hpcn054ae.jpg\",\"contentUrl\":\"https:\/\/www.heddata.se\/webbutik\/wp-content\/uploads\/webbutik\/kategorier\/blackpatroner-toners\/hpcn054ae.jpg\",\"width\":288,\"height\":288,\"caption\":\"HP 933XL Cyan CN054AE\"},{\"@type\":\"BreadcrumbList\",\"@id\":\"https:\/\/www.heddata.se\/webbutik\/produkt\/hp-933xl-cyan-cn054ae\/#breadcrumb\",\"itemListElement\":[{\"@type\":\"ListItem\",\"position\":1,\"name\":\"Hem\",\"item\":\"https:\/\/www.heddata.se\/webbutik\/\"},{\"@type\":\"ListItem\",\"position\":2,\"name\":\"Produkter\",\"item\":\"https:\/\/www.heddata.se\/webbutik\/shop\/\"},{\"@type\":\"ListItem\",\"position\":3,\"name\":\"HP 933XL Cyan CN054AE\"}]},{\"@type\":\"WebSite\",\"@id\":\"https:\/\/www.heddata.se\/webbutik\/#website\",\"url\":\"https:\/\/www.heddata.se\/webbutik\/\",\"name\":\"Datorer, Skrivare, F\u00e4rgpatroner, Mobiltelefoner\",\"description\":\"Kablar\",\"publisher\":{\"@id\":\"https:\/\/www.heddata.se\/webbutik\/#organization\"},\"potentialAction\":[{\"@type\":\"SearchAction\",\"target\":{\"@type\":\"EntryPoint\",\"urlTemplate\":\"https:\/\/www.heddata.se\/webbutik\/?s={search_term_string}\"},\"query-input\":{\"@type\":\"PropertyValueSpecification\",\"valueRequired\":true,\"valueName\":\"search_term_string\"}}],\"inLanguage\":\"sv-SE\"},{\"@type\":\"Organization\",\"@id\":\"https:\/\/www.heddata.se\/webbutik\/#organization\",\"name\":\"Heddata AB\",\"url\":\"https:\/\/www.heddata.se\/webbutik\/\",\"logo\":{\"@type\":\"ImageObject\",\"inLanguage\":\"sv-SE\",\"@id\":\"https:\/\/www.heddata.se\/webbutik\/#\/schema\/logo\/image\/\",\"url\":\"https:\/\/www.heddata.se\/webbutik\/wp-content\/uploads\/logga\/heddata-ab-logga.png\",\"contentUrl\":\"https:\/\/www.heddata.se\/webbutik\/wp-content\/uploads\/logga\/heddata-ab-logga.png\",\"width\":200,\"height\":64,\"caption\":\"Heddata AB\"},\"image\":{\"@id\":\"https:\/\/www.heddata.se\/webbutik\/#\/schema\/logo\/image\/\"}}]}<\/script>\n<!-- \/ Yoast SEO Premium plugin. -->","yoast_head_json":{"title":"HP 933XL Cyan CN054AE original bl\u00e4ckpatron xl HP","description":"HP 933XL Cyan CN054AE","robots":{"index":"index","follow":"follow","max-snippet":"max-snippet:-1","max-image-preview":"max-image-preview:large","max-video-preview":"max-video-preview:-1"},"canonical":"https:\/\/www.heddata.se\/webbutik\/produkt\/hp-933xl-cyan-cn054ae\/","og_locale":"sv_SE","og_type":"article","og_title":"HP 933XL Cyan CN054AE","og_description":"HP 933XL Cyan CN054AE","og_url":"https:\/\/www.heddata.se\/webbutik\/produkt\/hp-933xl-cyan-cn054ae\/","og_site_name":"Datorer, Skrivare, F\u00e4rgpatroner, Mobiltelefoner","article_modified_time":"2026-04-10T09:41:09+00:00","og_image":[{"width":288,"height":288,"url":"https:\/\/www.heddata.se\/webbutik\/wp-content\/uploads\/webbutik\/kategorier\/blackpatroner-toners\/hpcn054ae.jpg","type":"image\/jpeg"}],"twitter_card":"summary_large_image","twitter_misc":{"Ber\u00e4knad l\u00e4stid":"1 minut"},"schema":{"@context":"https:\/\/schema.org","@graph":[{"@type":"WebPage","@id":"https:\/\/www.heddata.se\/webbutik\/produkt\/hp-933xl-cyan-cn054ae\/","url":"https:\/\/www.heddata.se\/webbutik\/produkt\/hp-933xl-cyan-cn054ae\/","name":"HP 933XL Cyan CN054AE original bl\u00e4ckpatron xl HP","isPartOf":{"@id":"https:\/\/www.heddata.se\/webbutik\/#website"},"primaryImageOfPage":{"@id":"https:\/\/www.heddata.se\/webbutik\/produkt\/hp-933xl-cyan-cn054ae\/#primaryimage"},"image":{"@id":"https:\/\/www.heddata.se\/webbutik\/produkt\/hp-933xl-cyan-cn054ae\/#primaryimage"},"thumbnailUrl":"https:\/\/www.heddata.se\/webbutik\/wp-content\/uploads\/webbutik\/kategorier\/blackpatroner-toners\/hpcn054ae.jpg","datePublished":"2020-11-19T10:18:12+00:00","dateModified":"2026-04-10T09:41:09+00:00","description":"HP 933XL Cyan CN054AE","breadcrumb":{"@id":"https:\/\/www.heddata.se\/webbutik\/produkt\/hp-933xl-cyan-cn054ae\/#breadcrumb"},"inLanguage":"sv-SE","potentialAction":[{"@type":"ReadAction","target":["https:\/\/www.heddata.se\/webbutik\/produkt\/hp-933xl-cyan-cn054ae\/"]}]},{"@type":"ImageObject","inLanguage":"sv-SE","@id":"https:\/\/www.heddata.se\/webbutik\/produkt\/hp-933xl-cyan-cn054ae\/#primaryimage","url":"https:\/\/www.heddata.se\/webbutik\/wp-content\/uploads\/webbutik\/kategorier\/blackpatroner-toners\/hpcn054ae.jpg","contentUrl":"https:\/\/www.heddata.se\/webbutik\/wp-content\/uploads\/webbutik\/kategorier\/blackpatroner-toners\/hpcn054ae.jpg","width":288,"height":288,"caption":"HP 933XL Cyan CN054AE"},{"@type":"BreadcrumbList","@id":"https:\/\/www.heddata.se\/webbutik\/produkt\/hp-933xl-cyan-cn054ae\/#breadcrumb","itemListElement":[{"@type":"ListItem","position":1,"name":"Hem","item":"https:\/\/www.heddata.se\/webbutik\/"},{"@type":"ListItem","position":2,"name":"Produkter","item":"https:\/\/www.heddata.se\/webbutik\/shop\/"},{"@type":"ListItem","position":3,"name":"HP 933XL Cyan CN054AE"}]},{"@type":"WebSite","@id":"https:\/\/www.heddata.se\/webbutik\/#website","url":"https:\/\/www.heddata.se\/webbutik\/","name":"Datorer, Skrivare, F\u00e4rgpatroner, Mobiltelefoner","description":"Kablar","publisher":{"@id":"https:\/\/www.heddata.se\/webbutik\/#organization"},"potentialAction":[{"@type":"SearchAction","target":{"@type":"EntryPoint","urlTemplate":"https:\/\/www.heddata.se\/webbutik\/?s={search_term_string}"},"query-input":{"@type":"PropertyValueSpecification","valueRequired":true,"valueName":"search_term_string"}}],"inLanguage":"sv-SE"},{"@type":"Organization","@id":"https:\/\/www.heddata.se\/webbutik\/#organization","name":"Heddata AB","url":"https:\/\/www.heddata.se\/webbutik\/","logo":{"@type":"ImageObject","inLanguage":"sv-SE","@id":"https:\/\/www.heddata.se\/webbutik\/#\/schema\/logo\/image\/","url":"https:\/\/www.heddata.se\/webbutik\/wp-content\/uploads\/logga\/heddata-ab-logga.png","contentUrl":"https:\/\/www.heddata.se\/webbutik\/wp-content\/uploads\/logga\/heddata-ab-logga.png","width":200,"height":64,"caption":"Heddata AB"},"image":{"@id":"https:\/\/www.heddata.se\/webbutik\/#\/schema\/logo\/image\/"}}]}},"_links":{"self":[{"href":"https:\/\/www.heddata.se\/webbutik\/wp-json\/wp\/v2\/product\/90705","targetHints":{"allow":["GET"]}}],"collection":[{"href":"https:\/\/www.heddata.se\/webbutik\/wp-json\/wp\/v2\/product"}],"about":[{"href":"https:\/\/www.heddata.se\/webbutik\/wp-json\/wp\/v2\/types\/product"}],"wp:featuredmedia":[{"embeddable":true,"href":"https:\/\/www.heddata.se\/webbutik\/wp-json\/wp\/v2\/media\/90718"}],"wp:attachment":[{"href":"https:\/\/www.heddata.se\/webbutik\/wp-json\/wp\/v2\/media?parent=90705"}],"wp:term":[{"taxonomy":"product_brand","embeddable":true,"href":"https:\/\/www.heddata.se\/webbutik\/wp-json\/wp\/v2\/product_brand?post=90705"},{"taxonomy":"product_cat","embeddable":true,"href":"https:\/\/www.heddata.se\/webbutik\/wp-json\/wp\/v2\/product_cat?post=90705"},{"taxonomy":"product_tag","embeddable":true,"href":"https:\/\/www.heddata.se\/webbutik\/wp-json\/wp\/v2\/product_tag?post=90705"}],"curies":[{"name":"wp","href":"https:\/\/api.w.org\/{rel}","templated":true}]}}