{"id":90654,"date":"2020-11-10T14:18:17","date_gmt":"2020-11-10T13:18:17","guid":{"rendered":"https:\/\/www.heddata.se\/webbutik\/?post_type=product&#038;p=90654"},"modified":"2026-04-08T10:12:28","modified_gmt":"2026-04-08T08:12:28","slug":"tp-link-150mbps-high-gain-wireless-usb-adapter-tl-wn722n","status":"publish","type":"product","link":"https:\/\/www.heddata.se\/webbutik\/produkt\/tp-link-150mbps-high-gain-wireless-usb-adapter-tl-wn722n\/","title":{"rendered":"TP-Link 150Mbps High Gain Wireless USB Adapter \/TL-WN722N"},"content":{"rendered":"<p>TP-Link 150Mbps High Gain Wireless USB Adapter \/TL-WN722N<\/p>\n<h4><b>Beskrivning:<\/b><br \/>\n<b>150Mbps High Gain Wireless USB Adapter TL-WN722N<\/b><\/h4>\n<p>Exceptional wireless speed up to 150Mbps brings best experience for video streaming or internet calls<br \/>\nEasy wireless security encryption at a push of the WPS button<br \/>\n4dBi detachable antenna, remarkably strengthen signal power of the USB adapter<\/p>\n<h4><b>What This Product Does<\/b><\/h4>\n<p>Wireless N USB Adapter <a href=\"https:\/\/www.tp-link.com\/se\/\" target=\"_blank\" rel=\"noopener noreferrer\">TL-WN722N<\/a> allows you to connect a desktop or notebook computer to a <a href=\"https:\/\/www.heddata.se\/webbutik\/natverk\/router\/\">wireless<\/a> network and access high-speed Internet connection. Complies with IEEE 802.11n, they provide wireless speed up to 150Mbps, which is beneficial for the online gaming or even video streaming. Also, wireless security encryption could be established simply at a push of QSS (Quick Setup Security) button, preventing the network from outside threats.<\/p>\n<h4><b>Wireless N -Speed &amp; Range<\/b><\/h4>\n<p>Base on the IEEE 802.11n technology, TL-WN722N shows more excellent abilities of mitigating data loss over long distances and through obstacles in a small office or a large apartment, even in a steel-and-concrete building. Compared with legacy 54M products, TL-WN722N delivers performance enhancements, allowing you to have a more joyful surfing experience, including sharing files, watching streaming media.<\/p>\n<div><\/div>\n<h4><b>Specifikationer:<\/b><\/h4>\n<div>\n<table border=\"0\" cellspacing=\"0\" cellpadding=\"0\">\n<tbody>\n<tr>\n<td>Kompatibla operativsystem<\/td>\n<td>Windows 2000\/XP\/Vista\/7<\/td>\n<\/tr>\n<tr>\n<td>Kompatibelt med<\/td>\n<td>IEEE 802.11n\/b\/g<\/td>\n<\/tr>\n<tr>\n<td>Produktens f\u00e4rg<\/td>\n<td>Black,White<\/td>\n<\/tr>\n<tr>\n<td>Produktstorlek (B x D x H)<\/td>\n<td>93.5 x 26 x 11<\/td>\n<\/tr>\n<tr>\n<td>Maximal data\u00f6verf\u00f6ringshastighet<\/td>\n<td>150<\/td>\n<\/tr>\n<tr>\n<td>Gr\u00e4nssnitt<\/td>\n<td>&#8211;<\/td>\n<\/tr>\n<tr>\n<td>Anslutningsteknologi<\/td>\n<td>Wireless<\/td>\n<\/tr>\n<tr>\n<td>V\u00e4rdgr\u00e4nssnitt<\/td>\n<td>USB<\/td>\n<\/tr>\n<tr>\n<td>Intern<\/td>\n<td>Nej<\/td>\n<\/tr>\n<tr>\n<td>Frekvensomf\u00e5ng<\/td>\n<td>2.4-2.4835<\/td>\n<\/tr>\n<tr>\n<td>Kretsar<\/td>\n<td>Atheros<\/td>\n<\/tr>\n<tr>\n<td>Tr\u00e5dl\u00f6st n\u00e4tverk<\/td>\n<td>Ja<\/td>\n<\/tr>\n<tr>\n<td>Kryptering\/s\u00e4kerhet<\/td>\n<td>64\/128 bits WEP, WPA\/WPA2, WPA-PSK\/WPA2-PSK<\/td>\n<\/tr>\n<tr>\n<td>Intervall f\u00f6r relativ luftfuktighet<\/td>\n<td>10 &#8211; 90<\/td>\n<\/tr>\n<tr>\n<td>Omgivningstemperatur vid drift<\/td>\n<td>0 &#8211; 40<\/td>\n<\/tr>\n<tr>\n<td>Temperaturintervall (f\u00f6rvaring)<\/td>\n<td>-40 &#8211; 70<\/td>\n<\/tr>\n<tr>\n<td>Fuktighet (f\u00f6rvaring)<\/td>\n<td>5 &#8211; 90<\/td>\n<\/tr>\n<tr>\n<td>Myndighetsgodk\u00e4nnande<\/td>\n<td>CE, FCC<\/td>\n<\/tr>\n<tr>\n<td>Source data-sheet<\/td>\n<td>Icecat.biz<\/td>\n<\/tr>\n<tr>\n<td>F\u00f6rst\u00e4rkning<\/td>\n<td>4<\/td>\n<\/tr>\n<\/tbody>\n<\/table>\n<\/div>\n","protected":false},"excerpt":{"rendered":"<p>TP-Link 150Mbps High Gain Wireless USB Adapter \/TL-WN722N<\/p>\n","protected":false},"featured_media":90680,"template":"","meta":[],"product_brand":[],"product_cat":[70,8976,8977],"product_tag":[],"class_list":{"0":"post-90654","1":"product","2":"type-product","3":"status-publish","4":"has-post-thumbnail","6":"product_cat-natverk","7":"product_cat-natverkskort","8":"product_cat-tradlosa","10":"first","11":"outofstock","12":"taxable","13":"shipping-taxable","14":"purchasable","15":"product-type-simple"},"yoast_head":"<!-- This site is optimized with the Yoast SEO Premium plugin v26.7 (Yoast SEO v26.7) - https:\/\/yoast.com\/wordpress\/plugins\/seo\/ -->\n<title>TP-Link 150Mbps High Gain Wireless USB Adapter \/TL-WN722N<\/title>\n<meta name=\"description\" content=\"TP-Link 150Mbps High Gain Wireless USB Adapter \/TL-WN722N tr\u00e5dl\u00f6st n\u00e4tverkskort f\u00f6r din station\u00e4ra dator som saknar tr\u00e5dl\u00f6st n\u00e4tverkskort\" \/>\n<meta name=\"robots\" content=\"index, follow, max-snippet:-1, max-image-preview:large, max-video-preview:-1\" \/>\n<link rel=\"canonical\" href=\"https:\/\/www.heddata.se\/webbutik\/produkt\/tp-link-150mbps-high-gain-wireless-usb-adapter-tl-wn722n\/\" \/>\n<meta property=\"og:locale\" content=\"sv_SE\" \/>\n<meta property=\"og:type\" content=\"article\" \/>\n<meta property=\"og:title\" content=\"TP-Link 150Mbps High Gain Wireless USB Adapter \/TL-WN722N\" \/>\n<meta property=\"og:description\" content=\"TP-Link 150Mbps High Gain Wireless USB Adapter \/TL-WN722N tr\u00e5dl\u00f6st n\u00e4tverkskort f\u00f6r din station\u00e4ra dator som saknar tr\u00e5dl\u00f6st n\u00e4tverkskort\" \/>\n<meta property=\"og:url\" content=\"https:\/\/www.heddata.se\/webbutik\/produkt\/tp-link-150mbps-high-gain-wireless-usb-adapter-tl-wn722n\/\" \/>\n<meta property=\"og:site_name\" content=\"Datorer, Skrivare, F\u00e4rgpatroner, Mobiltelefoner\" \/>\n<meta property=\"article:modified_time\" content=\"2026-04-08T08:12:28+00:00\" \/>\n<meta property=\"og:image\" content=\"https:\/\/www.heddata.se\/webbutik\/wp-content\/uploads\/webbutik\/kategorier\/natvark\/tl-wn722n.jpg\" \/>\n\t<meta property=\"og:image:width\" content=\"600\" \/>\n\t<meta property=\"og:image:height\" content=\"600\" \/>\n\t<meta property=\"og:image:type\" content=\"image\/jpeg\" \/>\n<meta name=\"twitter:card\" content=\"summary_large_image\" \/>\n<meta name=\"twitter:label1\" content=\"Ber\u00e4knad l\u00e4stid\" \/>\n\t<meta name=\"twitter:data1\" content=\"1 minut\" \/>\n<script type=\"application\/ld+json\" class=\"yoast-schema-graph\">{\"@context\":\"https:\/\/schema.org\",\"@graph\":[{\"@type\":\"WebPage\",\"@id\":\"https:\/\/www.heddata.se\/webbutik\/produkt\/tp-link-150mbps-high-gain-wireless-usb-adapter-tl-wn722n\/\",\"url\":\"https:\/\/www.heddata.se\/webbutik\/produkt\/tp-link-150mbps-high-gain-wireless-usb-adapter-tl-wn722n\/\",\"name\":\"TP-Link 150Mbps High Gain Wireless USB Adapter \/TL-WN722N\",\"isPartOf\":{\"@id\":\"https:\/\/www.heddata.se\/webbutik\/#website\"},\"primaryImageOfPage\":{\"@id\":\"https:\/\/www.heddata.se\/webbutik\/produkt\/tp-link-150mbps-high-gain-wireless-usb-adapter-tl-wn722n\/#primaryimage\"},\"image\":{\"@id\":\"https:\/\/www.heddata.se\/webbutik\/produkt\/tp-link-150mbps-high-gain-wireless-usb-adapter-tl-wn722n\/#primaryimage\"},\"thumbnailUrl\":\"https:\/\/www.heddata.se\/webbutik\/wp-content\/uploads\/webbutik\/kategorier\/natvark\/tl-wn722n.jpg\",\"datePublished\":\"2020-11-10T13:18:17+00:00\",\"dateModified\":\"2026-04-08T08:12:28+00:00\",\"description\":\"TP-Link 150Mbps High Gain Wireless USB Adapter \/TL-WN722N tr\u00e5dl\u00f6st n\u00e4tverkskort f\u00f6r din station\u00e4ra dator som saknar tr\u00e5dl\u00f6st n\u00e4tverkskort\",\"breadcrumb\":{\"@id\":\"https:\/\/www.heddata.se\/webbutik\/produkt\/tp-link-150mbps-high-gain-wireless-usb-adapter-tl-wn722n\/#breadcrumb\"},\"inLanguage\":\"sv-SE\",\"potentialAction\":[{\"@type\":\"ReadAction\",\"target\":[\"https:\/\/www.heddata.se\/webbutik\/produkt\/tp-link-150mbps-high-gain-wireless-usb-adapter-tl-wn722n\/\"]}]},{\"@type\":\"ImageObject\",\"inLanguage\":\"sv-SE\",\"@id\":\"https:\/\/www.heddata.se\/webbutik\/produkt\/tp-link-150mbps-high-gain-wireless-usb-adapter-tl-wn722n\/#primaryimage\",\"url\":\"https:\/\/www.heddata.se\/webbutik\/wp-content\/uploads\/webbutik\/kategorier\/natvark\/tl-wn722n.jpg\",\"contentUrl\":\"https:\/\/www.heddata.se\/webbutik\/wp-content\/uploads\/webbutik\/kategorier\/natvark\/tl-wn722n.jpg\",\"width\":600,\"height\":600,\"caption\":\"TL-WN722N\"},{\"@type\":\"BreadcrumbList\",\"@id\":\"https:\/\/www.heddata.se\/webbutik\/produkt\/tp-link-150mbps-high-gain-wireless-usb-adapter-tl-wn722n\/#breadcrumb\",\"itemListElement\":[{\"@type\":\"ListItem\",\"position\":1,\"name\":\"Hem\",\"item\":\"https:\/\/www.heddata.se\/webbutik\/\"},{\"@type\":\"ListItem\",\"position\":2,\"name\":\"Produkter\",\"item\":\"https:\/\/www.heddata.se\/webbutik\/shop\/\"},{\"@type\":\"ListItem\",\"position\":3,\"name\":\"TP-Link 150Mbps High Gain Wireless USB Adapter \/TL-WN722N\"}]},{\"@type\":\"WebSite\",\"@id\":\"https:\/\/www.heddata.se\/webbutik\/#website\",\"url\":\"https:\/\/www.heddata.se\/webbutik\/\",\"name\":\"Datorer, Skrivare, F\u00e4rgpatroner, Mobiltelefoner\",\"description\":\"Kablar\",\"publisher\":{\"@id\":\"https:\/\/www.heddata.se\/webbutik\/#organization\"},\"potentialAction\":[{\"@type\":\"SearchAction\",\"target\":{\"@type\":\"EntryPoint\",\"urlTemplate\":\"https:\/\/www.heddata.se\/webbutik\/?s={search_term_string}\"},\"query-input\":{\"@type\":\"PropertyValueSpecification\",\"valueRequired\":true,\"valueName\":\"search_term_string\"}}],\"inLanguage\":\"sv-SE\"},{\"@type\":\"Organization\",\"@id\":\"https:\/\/www.heddata.se\/webbutik\/#organization\",\"name\":\"Heddata AB\",\"url\":\"https:\/\/www.heddata.se\/webbutik\/\",\"logo\":{\"@type\":\"ImageObject\",\"inLanguage\":\"sv-SE\",\"@id\":\"https:\/\/www.heddata.se\/webbutik\/#\/schema\/logo\/image\/\",\"url\":\"https:\/\/www.heddata.se\/webbutik\/wp-content\/uploads\/logga\/heddata-ab-logga.png\",\"contentUrl\":\"https:\/\/www.heddata.se\/webbutik\/wp-content\/uploads\/logga\/heddata-ab-logga.png\",\"width\":200,\"height\":64,\"caption\":\"Heddata AB\"},\"image\":{\"@id\":\"https:\/\/www.heddata.se\/webbutik\/#\/schema\/logo\/image\/\"}}]}<\/script>\n<!-- \/ Yoast SEO Premium plugin. -->","yoast_head_json":{"title":"TP-Link 150Mbps High Gain Wireless USB Adapter \/TL-WN722N","description":"TP-Link 150Mbps High Gain Wireless USB Adapter \/TL-WN722N tr\u00e5dl\u00f6st n\u00e4tverkskort f\u00f6r din station\u00e4ra dator som saknar tr\u00e5dl\u00f6st n\u00e4tverkskort","robots":{"index":"index","follow":"follow","max-snippet":"max-snippet:-1","max-image-preview":"max-image-preview:large","max-video-preview":"max-video-preview:-1"},"canonical":"https:\/\/www.heddata.se\/webbutik\/produkt\/tp-link-150mbps-high-gain-wireless-usb-adapter-tl-wn722n\/","og_locale":"sv_SE","og_type":"article","og_title":"TP-Link 150Mbps High Gain Wireless USB Adapter \/TL-WN722N","og_description":"TP-Link 150Mbps High Gain Wireless USB Adapter \/TL-WN722N tr\u00e5dl\u00f6st n\u00e4tverkskort f\u00f6r din station\u00e4ra dator som saknar tr\u00e5dl\u00f6st n\u00e4tverkskort","og_url":"https:\/\/www.heddata.se\/webbutik\/produkt\/tp-link-150mbps-high-gain-wireless-usb-adapter-tl-wn722n\/","og_site_name":"Datorer, Skrivare, F\u00e4rgpatroner, Mobiltelefoner","article_modified_time":"2026-04-08T08:12:28+00:00","og_image":[{"width":600,"height":600,"url":"https:\/\/www.heddata.se\/webbutik\/wp-content\/uploads\/webbutik\/kategorier\/natvark\/tl-wn722n.jpg","type":"image\/jpeg"}],"twitter_card":"summary_large_image","twitter_misc":{"Ber\u00e4knad l\u00e4stid":"1 minut"},"schema":{"@context":"https:\/\/schema.org","@graph":[{"@type":"WebPage","@id":"https:\/\/www.heddata.se\/webbutik\/produkt\/tp-link-150mbps-high-gain-wireless-usb-adapter-tl-wn722n\/","url":"https:\/\/www.heddata.se\/webbutik\/produkt\/tp-link-150mbps-high-gain-wireless-usb-adapter-tl-wn722n\/","name":"TP-Link 150Mbps High Gain Wireless USB Adapter \/TL-WN722N","isPartOf":{"@id":"https:\/\/www.heddata.se\/webbutik\/#website"},"primaryImageOfPage":{"@id":"https:\/\/www.heddata.se\/webbutik\/produkt\/tp-link-150mbps-high-gain-wireless-usb-adapter-tl-wn722n\/#primaryimage"},"image":{"@id":"https:\/\/www.heddata.se\/webbutik\/produkt\/tp-link-150mbps-high-gain-wireless-usb-adapter-tl-wn722n\/#primaryimage"},"thumbnailUrl":"https:\/\/www.heddata.se\/webbutik\/wp-content\/uploads\/webbutik\/kategorier\/natvark\/tl-wn722n.jpg","datePublished":"2020-11-10T13:18:17+00:00","dateModified":"2026-04-08T08:12:28+00:00","description":"TP-Link 150Mbps High Gain Wireless USB Adapter \/TL-WN722N tr\u00e5dl\u00f6st n\u00e4tverkskort f\u00f6r din station\u00e4ra dator som saknar tr\u00e5dl\u00f6st n\u00e4tverkskort","breadcrumb":{"@id":"https:\/\/www.heddata.se\/webbutik\/produkt\/tp-link-150mbps-high-gain-wireless-usb-adapter-tl-wn722n\/#breadcrumb"},"inLanguage":"sv-SE","potentialAction":[{"@type":"ReadAction","target":["https:\/\/www.heddata.se\/webbutik\/produkt\/tp-link-150mbps-high-gain-wireless-usb-adapter-tl-wn722n\/"]}]},{"@type":"ImageObject","inLanguage":"sv-SE","@id":"https:\/\/www.heddata.se\/webbutik\/produkt\/tp-link-150mbps-high-gain-wireless-usb-adapter-tl-wn722n\/#primaryimage","url":"https:\/\/www.heddata.se\/webbutik\/wp-content\/uploads\/webbutik\/kategorier\/natvark\/tl-wn722n.jpg","contentUrl":"https:\/\/www.heddata.se\/webbutik\/wp-content\/uploads\/webbutik\/kategorier\/natvark\/tl-wn722n.jpg","width":600,"height":600,"caption":"TL-WN722N"},{"@type":"BreadcrumbList","@id":"https:\/\/www.heddata.se\/webbutik\/produkt\/tp-link-150mbps-high-gain-wireless-usb-adapter-tl-wn722n\/#breadcrumb","itemListElement":[{"@type":"ListItem","position":1,"name":"Hem","item":"https:\/\/www.heddata.se\/webbutik\/"},{"@type":"ListItem","position":2,"name":"Produkter","item":"https:\/\/www.heddata.se\/webbutik\/shop\/"},{"@type":"ListItem","position":3,"name":"TP-Link 150Mbps High Gain Wireless USB Adapter \/TL-WN722N"}]},{"@type":"WebSite","@id":"https:\/\/www.heddata.se\/webbutik\/#website","url":"https:\/\/www.heddata.se\/webbutik\/","name":"Datorer, Skrivare, F\u00e4rgpatroner, Mobiltelefoner","description":"Kablar","publisher":{"@id":"https:\/\/www.heddata.se\/webbutik\/#organization"},"potentialAction":[{"@type":"SearchAction","target":{"@type":"EntryPoint","urlTemplate":"https:\/\/www.heddata.se\/webbutik\/?s={search_term_string}"},"query-input":{"@type":"PropertyValueSpecification","valueRequired":true,"valueName":"search_term_string"}}],"inLanguage":"sv-SE"},{"@type":"Organization","@id":"https:\/\/www.heddata.se\/webbutik\/#organization","name":"Heddata AB","url":"https:\/\/www.heddata.se\/webbutik\/","logo":{"@type":"ImageObject","inLanguage":"sv-SE","@id":"https:\/\/www.heddata.se\/webbutik\/#\/schema\/logo\/image\/","url":"https:\/\/www.heddata.se\/webbutik\/wp-content\/uploads\/logga\/heddata-ab-logga.png","contentUrl":"https:\/\/www.heddata.se\/webbutik\/wp-content\/uploads\/logga\/heddata-ab-logga.png","width":200,"height":64,"caption":"Heddata AB"},"image":{"@id":"https:\/\/www.heddata.se\/webbutik\/#\/schema\/logo\/image\/"}}]}},"_links":{"self":[{"href":"https:\/\/www.heddata.se\/webbutik\/wp-json\/wp\/v2\/product\/90654","targetHints":{"allow":["GET"]}}],"collection":[{"href":"https:\/\/www.heddata.se\/webbutik\/wp-json\/wp\/v2\/product"}],"about":[{"href":"https:\/\/www.heddata.se\/webbutik\/wp-json\/wp\/v2\/types\/product"}],"wp:featuredmedia":[{"embeddable":true,"href":"https:\/\/www.heddata.se\/webbutik\/wp-json\/wp\/v2\/media\/90680"}],"wp:attachment":[{"href":"https:\/\/www.heddata.se\/webbutik\/wp-json\/wp\/v2\/media?parent=90654"}],"wp:term":[{"taxonomy":"product_brand","embeddable":true,"href":"https:\/\/www.heddata.se\/webbutik\/wp-json\/wp\/v2\/product_brand?post=90654"},{"taxonomy":"product_cat","embeddable":true,"href":"https:\/\/www.heddata.se\/webbutik\/wp-json\/wp\/v2\/product_cat?post=90654"},{"taxonomy":"product_tag","embeddable":true,"href":"https:\/\/www.heddata.se\/webbutik\/wp-json\/wp\/v2\/product_tag?post=90654"}],"curies":[{"name":"wp","href":"https:\/\/api.w.org\/{rel}","templated":true}]}}