{"id":90653,"date":"2020-11-10T10:18:18","date_gmt":"2020-11-10T09:18:18","guid":{"rendered":"https:\/\/www.heddata.se\/webbutik\/?post_type=product&#038;p=90653"},"modified":"2026-04-03T18:12:47","modified_gmt":"2026-04-03T16:12:47","slug":"brother-tze-211-sjalvhaftande-markningstejp-svart-text-pa-vit-botten-6-mm-x-8-m","status":"publish","type":"product","link":"https:\/\/www.heddata.se\/webbutik\/produkt\/brother-tze-211-sjalvhaftande-markningstejp-svart-text-pa-vit-botten-6-mm-x-8-m\/","title":{"rendered":"Brother TZe-211, sj\u00e4lvh\u00e4ftande m\u00e4rkningstejp, svart text p\u00e5 vit botten, 6 mm x 8 m"},"content":{"rendered":"<p>Brother TZe-211, sj\u00e4lvh\u00e4ftande m\u00e4rkningstejp, svart text p\u00e5 vit botten, 6 mm x 8 m<\/p>\n<div id=\"SkuTabDescription\" class=\"dvTabCnt panelInner \">\n<div class=\"skutabDesc newSkuPageLayout\">\n<div class=\"accTabPanel\">\n<div class=\"panelInner  clear\" data-tab=\"tbDescription\">\n<div class=\"skuTabHdr\">Beskrivning<\/div>\n<div class=\"qOverflow\">\n<p><b>Brothers laminerade TZe-211-tejp \u00e4r idealisk f\u00f6r anv\u00e4ndning i vardagen med en rad Brother P-Touch-etikettskrivare f\u00f6r blanka vita etiketter med svart tryck.<\/b><\/p>\n<p>Pappersrullen \u00e4r kompatibel med Brother-etikettskrivare och anv\u00e4nder direkt termisk teknik. Ladda och mata ut rullar enkelt n\u00e4r du beh\u00f6ver byta storlekar och v\u00e4l p\u00e5 plats justeras etiketterna automatiskt. Dessa skimrande etiketter kan anv\u00e4ndas inomhus och utomhus under normala f\u00f6rh\u00e5llanden, och passar b\u00e4st f\u00f6r plana och j\u00e4mna ytor.<\/p>\n<p>M\u00e5tt: 6 mm x 8 m<\/p>\n<p>F\u00e4rg: Svart text p\u00e5 vit botten<\/p>\n<p>Kompatibla med: P-Touch PT-1000, 1010, 1080, 1090, 11, 1100, 1160, 1170, 1180, 1190, 1200, 1230, 1280, 1290, 1300, 1400, 1500, 1600, 1650, 1750, 1760, 18, 1810, 1830, 1880, 1900, 1950, 1960, 2100, 2110, 2200, 2210, 2300, 2310, 2420, 2430, 2600, 2610, 2700, 2710, 3600, 900, 9200, 9500, PT-GL-100, PT-GL-200, PT-ST-5<\/p>\n<\/div>\n<\/div>\n<\/div>\n<\/div>\n<\/div>\n<div class=\"newSkuPageLayout\">\n<div id=\"ccs-inline-content\">\n<div id=\"inline-bf06b2\" class=\"ccs-cc-inline ccs-cc-inline-brtr ccs-cc-lang-svswe ccs-cc-block-inline\">\n<div class=\"ccs-clear\"><\/div>\n<div id=\"top-bf06b2\" data-ccs-cc-inline-jumplink=\"Topp\" data-ccs-jumplink-hidden=\"true\"><\/div>\n<div id=\"header-bf06b2\" class=\"ccs-cc-inline-section ccs-cc-inline-header\" data-elementid=\"inline-content-header[brtr]\" data-context=\"{&quot;mobile&quot;:false}\" data-ccs-cc-inline-jumplink=\"\u00d6versikt\" data-display-mode=\"noheader\">\n<h2 class=\"ccs-cc-inline-section-title\">Brother TZe211 original etikettape, svart p\u00e5 vit, 6 mm<\/h2>\n<div class=\"ccs-cc-inline-header-layout\" data-type=\"text media\">\n<div class=\"ccs-cc-inline-header-description\">\n<p><a href=\"https:\/\/www.brother.se\/\" target=\"_blank\" rel=\"noopener noreferrer\">Brother<\/a> TZe211 original etikettape, svart p\u00e5 vit, 6 mm<\/p>\n<p>TZe211 original etikettape fungerar perfekt med Brother P-touch m\u00e4rkmaskiner. Den laminerade svart p\u00e5 vit tapen \u00e4r l\u00e4ttl\u00e4st och passar f\u00f6r m\u00e4rkning i hemmet, p\u00e5 <a href=\"https:\/\/www.heddata.se\/webbutik\/kontorstillbehor\/\">kontoret<\/a> eller andra arbetsplatser.<\/p>\n<p><b>Vikta funktioner<\/b><\/p>\n<ul>\n<li>Bredd: 6 mm, l\u00e4ngd: 8 m<\/li>\n<li>Brother originalkassett av h\u00f6g kvalitet<\/li>\n<li>Ger h\u00e5llbara, l\u00e4ttl\u00e4sta resultat<\/li>\n<\/ul>\n<\/div>\n<\/div>\n<\/div>\n<\/div>\n<\/div>\n<\/div>\n","protected":false},"excerpt":{"rendered":"<p>Brother TZe-211, sj\u00e4lvh\u00e4ftande m\u00e4rkningstejp, svart text p\u00e5 vit botten, 6 mm x 8 m<\/p>\n","protected":false},"featured_media":90678,"template":"","meta":[],"product_brand":[],"product_cat":[68],"product_tag":[],"class_list":{"0":"post-90653","1":"product","2":"type-product","3":"status-publish","4":"has-post-thumbnail","6":"product_cat-kontorstillbehor","8":"first","9":"instock","10":"taxable","11":"shipping-taxable","12":"purchasable","13":"product-type-simple"},"yoast_head":"<!-- This site is optimized with the Yoast SEO Premium plugin v26.7 (Yoast SEO v26.7) - https:\/\/yoast.com\/wordpress\/plugins\/seo\/ -->\n<title>Brother TZe-211, sj\u00e4lvh\u00e4ftande m\u00e4rkningstejp, svart text p\u00e5 vit botten<\/title>\n<meta name=\"description\" content=\"Brother TZe-211, sj\u00e4lvh\u00e4ftande m\u00e4rkningstejp, svart text p\u00e5 vit botten, 6 mm x 8 m. Fungerar perfekt med Brother P-touch m\u00e4rkmaskiner.\" \/>\n<meta name=\"robots\" content=\"index, follow, max-snippet:-1, max-image-preview:large, max-video-preview:-1\" \/>\n<link rel=\"canonical\" href=\"https:\/\/www.heddata.se\/webbutik\/produkt\/brother-tze-211-sjalvhaftande-markningstejp-svart-text-pa-vit-botten-6-mm-x-8-m\/\" \/>\n<meta property=\"og:locale\" content=\"sv_SE\" \/>\n<meta property=\"og:type\" content=\"article\" \/>\n<meta property=\"og:title\" content=\"Brother TZe-211, sj\u00e4lvh\u00e4ftande m\u00e4rkningstejp, svart text p\u00e5 vit botten, 6 mm x 8 m\" \/>\n<meta property=\"og:description\" content=\"Brother TZe-211, sj\u00e4lvh\u00e4ftande m\u00e4rkningstejp, svart text p\u00e5 vit botten, 6 mm x 8 m. Fungerar perfekt med Brother P-touch m\u00e4rkmaskiner.\" \/>\n<meta property=\"og:url\" content=\"https:\/\/www.heddata.se\/webbutik\/produkt\/brother-tze-211-sjalvhaftande-markningstejp-svart-text-pa-vit-botten-6-mm-x-8-m\/\" \/>\n<meta property=\"og:site_name\" content=\"Datorer, Skrivare, F\u00e4rgpatroner, Mobiltelefoner\" \/>\n<meta property=\"article:modified_time\" content=\"2026-04-03T16:12:47+00:00\" \/>\n<meta property=\"og:image\" content=\"https:\/\/www.heddata.se\/webbutik\/wp-content\/uploads\/webbutik\/kategorier\/kontorstillbehor\/tz211.jpg\" \/>\n\t<meta property=\"og:image:width\" content=\"350\" \/>\n\t<meta property=\"og:image:height\" content=\"350\" \/>\n\t<meta property=\"og:image:type\" content=\"image\/jpeg\" \/>\n<meta name=\"twitter:card\" content=\"summary_large_image\" \/>\n<meta name=\"twitter:label1\" content=\"Ber\u00e4knad l\u00e4stid\" \/>\n\t<meta name=\"twitter:data1\" content=\"1 minut\" \/>\n<script type=\"application\/ld+json\" class=\"yoast-schema-graph\">{\"@context\":\"https:\/\/schema.org\",\"@graph\":[{\"@type\":\"WebPage\",\"@id\":\"https:\/\/www.heddata.se\/webbutik\/produkt\/brother-tze-211-sjalvhaftande-markningstejp-svart-text-pa-vit-botten-6-mm-x-8-m\/\",\"url\":\"https:\/\/www.heddata.se\/webbutik\/produkt\/brother-tze-211-sjalvhaftande-markningstejp-svart-text-pa-vit-botten-6-mm-x-8-m\/\",\"name\":\"Brother TZe-211, sj\u00e4lvh\u00e4ftande m\u00e4rkningstejp, svart text p\u00e5 vit botten\",\"isPartOf\":{\"@id\":\"https:\/\/www.heddata.se\/webbutik\/#website\"},\"primaryImageOfPage\":{\"@id\":\"https:\/\/www.heddata.se\/webbutik\/produkt\/brother-tze-211-sjalvhaftande-markningstejp-svart-text-pa-vit-botten-6-mm-x-8-m\/#primaryimage\"},\"image\":{\"@id\":\"https:\/\/www.heddata.se\/webbutik\/produkt\/brother-tze-211-sjalvhaftande-markningstejp-svart-text-pa-vit-botten-6-mm-x-8-m\/#primaryimage\"},\"thumbnailUrl\":\"https:\/\/www.heddata.se\/webbutik\/wp-content\/uploads\/webbutik\/kategorier\/kontorstillbehor\/tz211.jpg\",\"datePublished\":\"2020-11-10T09:18:18+00:00\",\"dateModified\":\"2026-04-03T16:12:47+00:00\",\"description\":\"Brother TZe-211, sj\u00e4lvh\u00e4ftande m\u00e4rkningstejp, svart text p\u00e5 vit botten, 6 mm x 8 m. Fungerar perfekt med Brother P-touch m\u00e4rkmaskiner.\",\"breadcrumb\":{\"@id\":\"https:\/\/www.heddata.se\/webbutik\/produkt\/brother-tze-211-sjalvhaftande-markningstejp-svart-text-pa-vit-botten-6-mm-x-8-m\/#breadcrumb\"},\"inLanguage\":\"sv-SE\",\"potentialAction\":[{\"@type\":\"ReadAction\",\"target\":[\"https:\/\/www.heddata.se\/webbutik\/produkt\/brother-tze-211-sjalvhaftande-markningstejp-svart-text-pa-vit-botten-6-mm-x-8-m\/\"]}]},{\"@type\":\"ImageObject\",\"inLanguage\":\"sv-SE\",\"@id\":\"https:\/\/www.heddata.se\/webbutik\/produkt\/brother-tze-211-sjalvhaftande-markningstejp-svart-text-pa-vit-botten-6-mm-x-8-m\/#primaryimage\",\"url\":\"https:\/\/www.heddata.se\/webbutik\/wp-content\/uploads\/webbutik\/kategorier\/kontorstillbehor\/tz211.jpg\",\"contentUrl\":\"https:\/\/www.heddata.se\/webbutik\/wp-content\/uploads\/webbutik\/kategorier\/kontorstillbehor\/tz211.jpg\",\"width\":350,\"height\":350,\"caption\":\"Brother TZe-211\"},{\"@type\":\"BreadcrumbList\",\"@id\":\"https:\/\/www.heddata.se\/webbutik\/produkt\/brother-tze-211-sjalvhaftande-markningstejp-svart-text-pa-vit-botten-6-mm-x-8-m\/#breadcrumb\",\"itemListElement\":[{\"@type\":\"ListItem\",\"position\":1,\"name\":\"Hem\",\"item\":\"https:\/\/www.heddata.se\/webbutik\/\"},{\"@type\":\"ListItem\",\"position\":2,\"name\":\"Produkter\",\"item\":\"https:\/\/www.heddata.se\/webbutik\/shop\/\"},{\"@type\":\"ListItem\",\"position\":3,\"name\":\"Brother TZe-211, sj\u00e4lvh\u00e4ftande m\u00e4rkningstejp, svart text p\u00e5 vit botten, 6 mm x 8 m\"}]},{\"@type\":\"WebSite\",\"@id\":\"https:\/\/www.heddata.se\/webbutik\/#website\",\"url\":\"https:\/\/www.heddata.se\/webbutik\/\",\"name\":\"Datorer, Skrivare, F\u00e4rgpatroner, Mobiltelefoner\",\"description\":\"Kablar\",\"publisher\":{\"@id\":\"https:\/\/www.heddata.se\/webbutik\/#organization\"},\"potentialAction\":[{\"@type\":\"SearchAction\",\"target\":{\"@type\":\"EntryPoint\",\"urlTemplate\":\"https:\/\/www.heddata.se\/webbutik\/?s={search_term_string}\"},\"query-input\":{\"@type\":\"PropertyValueSpecification\",\"valueRequired\":true,\"valueName\":\"search_term_string\"}}],\"inLanguage\":\"sv-SE\"},{\"@type\":\"Organization\",\"@id\":\"https:\/\/www.heddata.se\/webbutik\/#organization\",\"name\":\"Heddata AB\",\"url\":\"https:\/\/www.heddata.se\/webbutik\/\",\"logo\":{\"@type\":\"ImageObject\",\"inLanguage\":\"sv-SE\",\"@id\":\"https:\/\/www.heddata.se\/webbutik\/#\/schema\/logo\/image\/\",\"url\":\"https:\/\/www.heddata.se\/webbutik\/wp-content\/uploads\/logga\/heddata-ab-logga.png\",\"contentUrl\":\"https:\/\/www.heddata.se\/webbutik\/wp-content\/uploads\/logga\/heddata-ab-logga.png\",\"width\":200,\"height\":64,\"caption\":\"Heddata AB\"},\"image\":{\"@id\":\"https:\/\/www.heddata.se\/webbutik\/#\/schema\/logo\/image\/\"}}]}<\/script>\n<!-- \/ Yoast SEO Premium plugin. -->","yoast_head_json":{"title":"Brother TZe-211, sj\u00e4lvh\u00e4ftande m\u00e4rkningstejp, svart text p\u00e5 vit botten","description":"Brother TZe-211, sj\u00e4lvh\u00e4ftande m\u00e4rkningstejp, svart text p\u00e5 vit botten, 6 mm x 8 m. Fungerar perfekt med Brother P-touch m\u00e4rkmaskiner.","robots":{"index":"index","follow":"follow","max-snippet":"max-snippet:-1","max-image-preview":"max-image-preview:large","max-video-preview":"max-video-preview:-1"},"canonical":"https:\/\/www.heddata.se\/webbutik\/produkt\/brother-tze-211-sjalvhaftande-markningstejp-svart-text-pa-vit-botten-6-mm-x-8-m\/","og_locale":"sv_SE","og_type":"article","og_title":"Brother TZe-211, sj\u00e4lvh\u00e4ftande m\u00e4rkningstejp, svart text p\u00e5 vit botten, 6 mm x 8 m","og_description":"Brother TZe-211, sj\u00e4lvh\u00e4ftande m\u00e4rkningstejp, svart text p\u00e5 vit botten, 6 mm x 8 m. Fungerar perfekt med Brother P-touch m\u00e4rkmaskiner.","og_url":"https:\/\/www.heddata.se\/webbutik\/produkt\/brother-tze-211-sjalvhaftande-markningstejp-svart-text-pa-vit-botten-6-mm-x-8-m\/","og_site_name":"Datorer, Skrivare, F\u00e4rgpatroner, Mobiltelefoner","article_modified_time":"2026-04-03T16:12:47+00:00","og_image":[{"width":350,"height":350,"url":"https:\/\/www.heddata.se\/webbutik\/wp-content\/uploads\/webbutik\/kategorier\/kontorstillbehor\/tz211.jpg","type":"image\/jpeg"}],"twitter_card":"summary_large_image","twitter_misc":{"Ber\u00e4knad l\u00e4stid":"1 minut"},"schema":{"@context":"https:\/\/schema.org","@graph":[{"@type":"WebPage","@id":"https:\/\/www.heddata.se\/webbutik\/produkt\/brother-tze-211-sjalvhaftande-markningstejp-svart-text-pa-vit-botten-6-mm-x-8-m\/","url":"https:\/\/www.heddata.se\/webbutik\/produkt\/brother-tze-211-sjalvhaftande-markningstejp-svart-text-pa-vit-botten-6-mm-x-8-m\/","name":"Brother TZe-211, sj\u00e4lvh\u00e4ftande m\u00e4rkningstejp, svart text p\u00e5 vit botten","isPartOf":{"@id":"https:\/\/www.heddata.se\/webbutik\/#website"},"primaryImageOfPage":{"@id":"https:\/\/www.heddata.se\/webbutik\/produkt\/brother-tze-211-sjalvhaftande-markningstejp-svart-text-pa-vit-botten-6-mm-x-8-m\/#primaryimage"},"image":{"@id":"https:\/\/www.heddata.se\/webbutik\/produkt\/brother-tze-211-sjalvhaftande-markningstejp-svart-text-pa-vit-botten-6-mm-x-8-m\/#primaryimage"},"thumbnailUrl":"https:\/\/www.heddata.se\/webbutik\/wp-content\/uploads\/webbutik\/kategorier\/kontorstillbehor\/tz211.jpg","datePublished":"2020-11-10T09:18:18+00:00","dateModified":"2026-04-03T16:12:47+00:00","description":"Brother TZe-211, sj\u00e4lvh\u00e4ftande m\u00e4rkningstejp, svart text p\u00e5 vit botten, 6 mm x 8 m. Fungerar perfekt med Brother P-touch m\u00e4rkmaskiner.","breadcrumb":{"@id":"https:\/\/www.heddata.se\/webbutik\/produkt\/brother-tze-211-sjalvhaftande-markningstejp-svart-text-pa-vit-botten-6-mm-x-8-m\/#breadcrumb"},"inLanguage":"sv-SE","potentialAction":[{"@type":"ReadAction","target":["https:\/\/www.heddata.se\/webbutik\/produkt\/brother-tze-211-sjalvhaftande-markningstejp-svart-text-pa-vit-botten-6-mm-x-8-m\/"]}]},{"@type":"ImageObject","inLanguage":"sv-SE","@id":"https:\/\/www.heddata.se\/webbutik\/produkt\/brother-tze-211-sjalvhaftande-markningstejp-svart-text-pa-vit-botten-6-mm-x-8-m\/#primaryimage","url":"https:\/\/www.heddata.se\/webbutik\/wp-content\/uploads\/webbutik\/kategorier\/kontorstillbehor\/tz211.jpg","contentUrl":"https:\/\/www.heddata.se\/webbutik\/wp-content\/uploads\/webbutik\/kategorier\/kontorstillbehor\/tz211.jpg","width":350,"height":350,"caption":"Brother TZe-211"},{"@type":"BreadcrumbList","@id":"https:\/\/www.heddata.se\/webbutik\/produkt\/brother-tze-211-sjalvhaftande-markningstejp-svart-text-pa-vit-botten-6-mm-x-8-m\/#breadcrumb","itemListElement":[{"@type":"ListItem","position":1,"name":"Hem","item":"https:\/\/www.heddata.se\/webbutik\/"},{"@type":"ListItem","position":2,"name":"Produkter","item":"https:\/\/www.heddata.se\/webbutik\/shop\/"},{"@type":"ListItem","position":3,"name":"Brother TZe-211, sj\u00e4lvh\u00e4ftande m\u00e4rkningstejp, svart text p\u00e5 vit botten, 6 mm x 8 m"}]},{"@type":"WebSite","@id":"https:\/\/www.heddata.se\/webbutik\/#website","url":"https:\/\/www.heddata.se\/webbutik\/","name":"Datorer, Skrivare, F\u00e4rgpatroner, Mobiltelefoner","description":"Kablar","publisher":{"@id":"https:\/\/www.heddata.se\/webbutik\/#organization"},"potentialAction":[{"@type":"SearchAction","target":{"@type":"EntryPoint","urlTemplate":"https:\/\/www.heddata.se\/webbutik\/?s={search_term_string}"},"query-input":{"@type":"PropertyValueSpecification","valueRequired":true,"valueName":"search_term_string"}}],"inLanguage":"sv-SE"},{"@type":"Organization","@id":"https:\/\/www.heddata.se\/webbutik\/#organization","name":"Heddata AB","url":"https:\/\/www.heddata.se\/webbutik\/","logo":{"@type":"ImageObject","inLanguage":"sv-SE","@id":"https:\/\/www.heddata.se\/webbutik\/#\/schema\/logo\/image\/","url":"https:\/\/www.heddata.se\/webbutik\/wp-content\/uploads\/logga\/heddata-ab-logga.png","contentUrl":"https:\/\/www.heddata.se\/webbutik\/wp-content\/uploads\/logga\/heddata-ab-logga.png","width":200,"height":64,"caption":"Heddata AB"},"image":{"@id":"https:\/\/www.heddata.se\/webbutik\/#\/schema\/logo\/image\/"}}]}},"_links":{"self":[{"href":"https:\/\/www.heddata.se\/webbutik\/wp-json\/wp\/v2\/product\/90653","targetHints":{"allow":["GET"]}}],"collection":[{"href":"https:\/\/www.heddata.se\/webbutik\/wp-json\/wp\/v2\/product"}],"about":[{"href":"https:\/\/www.heddata.se\/webbutik\/wp-json\/wp\/v2\/types\/product"}],"wp:featuredmedia":[{"embeddable":true,"href":"https:\/\/www.heddata.se\/webbutik\/wp-json\/wp\/v2\/media\/90678"}],"wp:attachment":[{"href":"https:\/\/www.heddata.se\/webbutik\/wp-json\/wp\/v2\/media?parent=90653"}],"wp:term":[{"taxonomy":"product_brand","embeddable":true,"href":"https:\/\/www.heddata.se\/webbutik\/wp-json\/wp\/v2\/product_brand?post=90653"},{"taxonomy":"product_cat","embeddable":true,"href":"https:\/\/www.heddata.se\/webbutik\/wp-json\/wp\/v2\/product_cat?post=90653"},{"taxonomy":"product_tag","embeddable":true,"href":"https:\/\/www.heddata.se\/webbutik\/wp-json\/wp\/v2\/product_tag?post=90653"}],"curies":[{"name":"wp","href":"https:\/\/api.w.org\/{rel}","templated":true}]}}