{"id":90651,"date":"2020-11-10T10:18:07","date_gmt":"2020-11-10T09:18:07","guid":{"rendered":"https:\/\/www.heddata.se\/webbutik\/?post_type=product&#038;p=90651"},"modified":"2026-04-03T18:19:31","modified_gmt":"2026-04-03T16:19:31","slug":"rengoringsduk-durable-vat-bildskarm-100-fp","status":"publish","type":"product","link":"https:\/\/www.heddata.se\/webbutik\/produkt\/rengoringsduk-durable-vat-bildskarm-100-fp\/","title":{"rendered":"Reng\u00f6ringsduk DURABLE v\u00e5t bildsk\u00e4rm 100\/FP"},"content":{"rendered":"<p>Reng\u00f6ringsduk DURABLE v\u00e5t bildsk\u00e4rm 100\/FP<\/p>\n<p>Torkdukarna ser till att du kan reng\u00f6ra CRT- och <a href=\"https:\/\/www.heddata.se\/webbutik\/skarmar\/\">TFT-sk\u00e4rmar,<\/a> b\u00e4rbara <a href=\"https:\/\/www.asus.com\/se\/\" target=\"_blank\" rel=\"noopener noreferrer\">datorer,<\/a> sk\u00e4rmfilter och TV-sk\u00e4rmar samt glasytor p\u00e5 kopieringsmaskiner och skannrar utan att efterl\u00e4mna streck. Alkoholfri sammans\u00e4ttning med l\u00e5ngvarig antistatisk effekt. 100 sk\u00e4rmreng\u00f6ringsdukar i en p\u00e5fyllningsbar h\u00e5llare.<\/p>\n","protected":false},"excerpt":{"rendered":"<p>Reng\u00f6ringsduk DURABLE v\u00e5t bildsk\u00e4rm 100\/FP<\/p>\n","protected":false},"featured_media":90686,"template":"","meta":[],"product_brand":[],"product_cat":[65,3366,153,2123,7953,86],"product_tag":[],"class_list":{"0":"post-90651","1":"product","2":"type-product","3":"status-publish","4":"has-post-thumbnail","6":"product_cat-datorer-tillbehor","7":"product_cat-ovrigt-datortillbehor","8":"product_cat-ovrigt-telefontillbehor","9":"product_cat-skarmar","10":"product_cat-tillbehor-surfplattor","11":"product_cat-tillbehor-tv","13":"first","14":"outofstock","15":"taxable","16":"shipping-taxable","17":"product-type-simple"},"yoast_head":"<!-- This site is optimized with the Yoast SEO Premium plugin v26.7 (Yoast SEO v26.7) - https:\/\/yoast.com\/wordpress\/plugins\/seo\/ -->\n<title>Reng\u00f6ringsduk DURABLE v\u00e5t bildsk\u00e4rm 100\/FP reng\u00f6r sk\u00e4rmar<\/title>\n<meta name=\"description\" content=\"Reng\u00f6ringsduk DURABLE v\u00e5t bildsk\u00e4rm 100\/FP reng\u00f6r CRT- och TFT-sk\u00e4rmar, b\u00e4rbara datorer, sk\u00e4rmfilter och TV-sk\u00e4rmar samt glasytor\" \/>\n<meta name=\"robots\" content=\"index, follow, max-snippet:-1, max-image-preview:large, max-video-preview:-1\" \/>\n<link rel=\"canonical\" href=\"https:\/\/www.heddata.se\/webbutik\/produkt\/rengoringsduk-durable-vat-bildskarm-100-fp\/\" \/>\n<meta property=\"og:locale\" content=\"sv_SE\" \/>\n<meta property=\"og:type\" content=\"article\" \/>\n<meta property=\"og:title\" content=\"Reng\u00f6ringsduk DURABLE v\u00e5t bildsk\u00e4rm 100\/FP\" \/>\n<meta property=\"og:description\" content=\"Reng\u00f6ringsduk DURABLE v\u00e5t bildsk\u00e4rm 100\/FP reng\u00f6r CRT- och TFT-sk\u00e4rmar, b\u00e4rbara datorer, sk\u00e4rmfilter och TV-sk\u00e4rmar samt glasytor\" \/>\n<meta property=\"og:url\" content=\"https:\/\/www.heddata.se\/webbutik\/produkt\/rengoringsduk-durable-vat-bildskarm-100-fp\/\" \/>\n<meta property=\"og:site_name\" content=\"Datorer, Skrivare, F\u00e4rgpatroner, Mobiltelefoner\" \/>\n<meta property=\"article:modified_time\" content=\"2026-04-03T16:19:31+00:00\" \/>\n<meta property=\"og:image\" content=\"https:\/\/www.heddata.se\/webbutik\/wp-content\/uploads\/webbutik\/kategorier\/telefontillbehor\/torkdukar.jpg\" \/>\n\t<meta property=\"og:image:width\" content=\"480\" \/>\n\t<meta property=\"og:image:height\" content=\"480\" \/>\n\t<meta property=\"og:image:type\" content=\"image\/jpeg\" \/>\n<meta name=\"twitter:card\" content=\"summary_large_image\" \/>\n<script type=\"application\/ld+json\" class=\"yoast-schema-graph\">{\"@context\":\"https:\/\/schema.org\",\"@graph\":[{\"@type\":\"WebPage\",\"@id\":\"https:\/\/www.heddata.se\/webbutik\/produkt\/rengoringsduk-durable-vat-bildskarm-100-fp\/\",\"url\":\"https:\/\/www.heddata.se\/webbutik\/produkt\/rengoringsduk-durable-vat-bildskarm-100-fp\/\",\"name\":\"Reng\u00f6ringsduk DURABLE v\u00e5t bildsk\u00e4rm 100\/FP reng\u00f6r sk\u00e4rmar\",\"isPartOf\":{\"@id\":\"https:\/\/www.heddata.se\/webbutik\/#website\"},\"primaryImageOfPage\":{\"@id\":\"https:\/\/www.heddata.se\/webbutik\/produkt\/rengoringsduk-durable-vat-bildskarm-100-fp\/#primaryimage\"},\"image\":{\"@id\":\"https:\/\/www.heddata.se\/webbutik\/produkt\/rengoringsduk-durable-vat-bildskarm-100-fp\/#primaryimage\"},\"thumbnailUrl\":\"https:\/\/www.heddata.se\/webbutik\/wp-content\/uploads\/webbutik\/kategorier\/telefontillbehor\/torkdukar.jpg\",\"datePublished\":\"2020-11-10T09:18:07+00:00\",\"dateModified\":\"2026-04-03T16:19:31+00:00\",\"description\":\"Reng\u00f6ringsduk DURABLE v\u00e5t bildsk\u00e4rm 100\/FP reng\u00f6r CRT- och TFT-sk\u00e4rmar, b\u00e4rbara datorer, sk\u00e4rmfilter och TV-sk\u00e4rmar samt glasytor\",\"breadcrumb\":{\"@id\":\"https:\/\/www.heddata.se\/webbutik\/produkt\/rengoringsduk-durable-vat-bildskarm-100-fp\/#breadcrumb\"},\"inLanguage\":\"sv-SE\",\"potentialAction\":[{\"@type\":\"ReadAction\",\"target\":[\"https:\/\/www.heddata.se\/webbutik\/produkt\/rengoringsduk-durable-vat-bildskarm-100-fp\/\"]}]},{\"@type\":\"ImageObject\",\"inLanguage\":\"sv-SE\",\"@id\":\"https:\/\/www.heddata.se\/webbutik\/produkt\/rengoringsduk-durable-vat-bildskarm-100-fp\/#primaryimage\",\"url\":\"https:\/\/www.heddata.se\/webbutik\/wp-content\/uploads\/webbutik\/kategorier\/telefontillbehor\/torkdukar.jpg\",\"contentUrl\":\"https:\/\/www.heddata.se\/webbutik\/wp-content\/uploads\/webbutik\/kategorier\/telefontillbehor\/torkdukar.jpg\",\"width\":480,\"height\":480,\"caption\":\"Reng\u00f6ringsduk DURABLE v\u00e5t bildsk\u00e4rm\"},{\"@type\":\"BreadcrumbList\",\"@id\":\"https:\/\/www.heddata.se\/webbutik\/produkt\/rengoringsduk-durable-vat-bildskarm-100-fp\/#breadcrumb\",\"itemListElement\":[{\"@type\":\"ListItem\",\"position\":1,\"name\":\"Hem\",\"item\":\"https:\/\/www.heddata.se\/webbutik\/\"},{\"@type\":\"ListItem\",\"position\":2,\"name\":\"Produkter\",\"item\":\"https:\/\/www.heddata.se\/webbutik\/shop\/\"},{\"@type\":\"ListItem\",\"position\":3,\"name\":\"Reng\u00f6ringsduk DURABLE v\u00e5t bildsk\u00e4rm 100\/FP\"}]},{\"@type\":\"WebSite\",\"@id\":\"https:\/\/www.heddata.se\/webbutik\/#website\",\"url\":\"https:\/\/www.heddata.se\/webbutik\/\",\"name\":\"Datorer, Skrivare, F\u00e4rgpatroner, Mobiltelefoner\",\"description\":\"Kablar\",\"publisher\":{\"@id\":\"https:\/\/www.heddata.se\/webbutik\/#organization\"},\"potentialAction\":[{\"@type\":\"SearchAction\",\"target\":{\"@type\":\"EntryPoint\",\"urlTemplate\":\"https:\/\/www.heddata.se\/webbutik\/?s={search_term_string}\"},\"query-input\":{\"@type\":\"PropertyValueSpecification\",\"valueRequired\":true,\"valueName\":\"search_term_string\"}}],\"inLanguage\":\"sv-SE\"},{\"@type\":\"Organization\",\"@id\":\"https:\/\/www.heddata.se\/webbutik\/#organization\",\"name\":\"Heddata AB\",\"url\":\"https:\/\/www.heddata.se\/webbutik\/\",\"logo\":{\"@type\":\"ImageObject\",\"inLanguage\":\"sv-SE\",\"@id\":\"https:\/\/www.heddata.se\/webbutik\/#\/schema\/logo\/image\/\",\"url\":\"https:\/\/www.heddata.se\/webbutik\/wp-content\/uploads\/logga\/heddata-ab-logga.png\",\"contentUrl\":\"https:\/\/www.heddata.se\/webbutik\/wp-content\/uploads\/logga\/heddata-ab-logga.png\",\"width\":200,\"height\":64,\"caption\":\"Heddata AB\"},\"image\":{\"@id\":\"https:\/\/www.heddata.se\/webbutik\/#\/schema\/logo\/image\/\"}}]}<\/script>\n<!-- \/ Yoast SEO Premium plugin. -->","yoast_head_json":{"title":"Reng\u00f6ringsduk DURABLE v\u00e5t bildsk\u00e4rm 100\/FP reng\u00f6r sk\u00e4rmar","description":"Reng\u00f6ringsduk DURABLE v\u00e5t bildsk\u00e4rm 100\/FP reng\u00f6r CRT- och TFT-sk\u00e4rmar, b\u00e4rbara datorer, sk\u00e4rmfilter och TV-sk\u00e4rmar samt glasytor","robots":{"index":"index","follow":"follow","max-snippet":"max-snippet:-1","max-image-preview":"max-image-preview:large","max-video-preview":"max-video-preview:-1"},"canonical":"https:\/\/www.heddata.se\/webbutik\/produkt\/rengoringsduk-durable-vat-bildskarm-100-fp\/","og_locale":"sv_SE","og_type":"article","og_title":"Reng\u00f6ringsduk DURABLE v\u00e5t bildsk\u00e4rm 100\/FP","og_description":"Reng\u00f6ringsduk DURABLE v\u00e5t bildsk\u00e4rm 100\/FP reng\u00f6r CRT- och TFT-sk\u00e4rmar, b\u00e4rbara datorer, sk\u00e4rmfilter och TV-sk\u00e4rmar samt glasytor","og_url":"https:\/\/www.heddata.se\/webbutik\/produkt\/rengoringsduk-durable-vat-bildskarm-100-fp\/","og_site_name":"Datorer, Skrivare, F\u00e4rgpatroner, Mobiltelefoner","article_modified_time":"2026-04-03T16:19:31+00:00","og_image":[{"width":480,"height":480,"url":"https:\/\/www.heddata.se\/webbutik\/wp-content\/uploads\/webbutik\/kategorier\/telefontillbehor\/torkdukar.jpg","type":"image\/jpeg"}],"twitter_card":"summary_large_image","schema":{"@context":"https:\/\/schema.org","@graph":[{"@type":"WebPage","@id":"https:\/\/www.heddata.se\/webbutik\/produkt\/rengoringsduk-durable-vat-bildskarm-100-fp\/","url":"https:\/\/www.heddata.se\/webbutik\/produkt\/rengoringsduk-durable-vat-bildskarm-100-fp\/","name":"Reng\u00f6ringsduk DURABLE v\u00e5t bildsk\u00e4rm 100\/FP reng\u00f6r sk\u00e4rmar","isPartOf":{"@id":"https:\/\/www.heddata.se\/webbutik\/#website"},"primaryImageOfPage":{"@id":"https:\/\/www.heddata.se\/webbutik\/produkt\/rengoringsduk-durable-vat-bildskarm-100-fp\/#primaryimage"},"image":{"@id":"https:\/\/www.heddata.se\/webbutik\/produkt\/rengoringsduk-durable-vat-bildskarm-100-fp\/#primaryimage"},"thumbnailUrl":"https:\/\/www.heddata.se\/webbutik\/wp-content\/uploads\/webbutik\/kategorier\/telefontillbehor\/torkdukar.jpg","datePublished":"2020-11-10T09:18:07+00:00","dateModified":"2026-04-03T16:19:31+00:00","description":"Reng\u00f6ringsduk DURABLE v\u00e5t bildsk\u00e4rm 100\/FP reng\u00f6r CRT- och TFT-sk\u00e4rmar, b\u00e4rbara datorer, sk\u00e4rmfilter och TV-sk\u00e4rmar samt glasytor","breadcrumb":{"@id":"https:\/\/www.heddata.se\/webbutik\/produkt\/rengoringsduk-durable-vat-bildskarm-100-fp\/#breadcrumb"},"inLanguage":"sv-SE","potentialAction":[{"@type":"ReadAction","target":["https:\/\/www.heddata.se\/webbutik\/produkt\/rengoringsduk-durable-vat-bildskarm-100-fp\/"]}]},{"@type":"ImageObject","inLanguage":"sv-SE","@id":"https:\/\/www.heddata.se\/webbutik\/produkt\/rengoringsduk-durable-vat-bildskarm-100-fp\/#primaryimage","url":"https:\/\/www.heddata.se\/webbutik\/wp-content\/uploads\/webbutik\/kategorier\/telefontillbehor\/torkdukar.jpg","contentUrl":"https:\/\/www.heddata.se\/webbutik\/wp-content\/uploads\/webbutik\/kategorier\/telefontillbehor\/torkdukar.jpg","width":480,"height":480,"caption":"Reng\u00f6ringsduk DURABLE v\u00e5t bildsk\u00e4rm"},{"@type":"BreadcrumbList","@id":"https:\/\/www.heddata.se\/webbutik\/produkt\/rengoringsduk-durable-vat-bildskarm-100-fp\/#breadcrumb","itemListElement":[{"@type":"ListItem","position":1,"name":"Hem","item":"https:\/\/www.heddata.se\/webbutik\/"},{"@type":"ListItem","position":2,"name":"Produkter","item":"https:\/\/www.heddata.se\/webbutik\/shop\/"},{"@type":"ListItem","position":3,"name":"Reng\u00f6ringsduk DURABLE v\u00e5t bildsk\u00e4rm 100\/FP"}]},{"@type":"WebSite","@id":"https:\/\/www.heddata.se\/webbutik\/#website","url":"https:\/\/www.heddata.se\/webbutik\/","name":"Datorer, Skrivare, F\u00e4rgpatroner, Mobiltelefoner","description":"Kablar","publisher":{"@id":"https:\/\/www.heddata.se\/webbutik\/#organization"},"potentialAction":[{"@type":"SearchAction","target":{"@type":"EntryPoint","urlTemplate":"https:\/\/www.heddata.se\/webbutik\/?s={search_term_string}"},"query-input":{"@type":"PropertyValueSpecification","valueRequired":true,"valueName":"search_term_string"}}],"inLanguage":"sv-SE"},{"@type":"Organization","@id":"https:\/\/www.heddata.se\/webbutik\/#organization","name":"Heddata AB","url":"https:\/\/www.heddata.se\/webbutik\/","logo":{"@type":"ImageObject","inLanguage":"sv-SE","@id":"https:\/\/www.heddata.se\/webbutik\/#\/schema\/logo\/image\/","url":"https:\/\/www.heddata.se\/webbutik\/wp-content\/uploads\/logga\/heddata-ab-logga.png","contentUrl":"https:\/\/www.heddata.se\/webbutik\/wp-content\/uploads\/logga\/heddata-ab-logga.png","width":200,"height":64,"caption":"Heddata AB"},"image":{"@id":"https:\/\/www.heddata.se\/webbutik\/#\/schema\/logo\/image\/"}}]}},"_links":{"self":[{"href":"https:\/\/www.heddata.se\/webbutik\/wp-json\/wp\/v2\/product\/90651","targetHints":{"allow":["GET"]}}],"collection":[{"href":"https:\/\/www.heddata.se\/webbutik\/wp-json\/wp\/v2\/product"}],"about":[{"href":"https:\/\/www.heddata.se\/webbutik\/wp-json\/wp\/v2\/types\/product"}],"wp:featuredmedia":[{"embeddable":true,"href":"https:\/\/www.heddata.se\/webbutik\/wp-json\/wp\/v2\/media\/90686"}],"wp:attachment":[{"href":"https:\/\/www.heddata.se\/webbutik\/wp-json\/wp\/v2\/media?parent=90651"}],"wp:term":[{"taxonomy":"product_brand","embeddable":true,"href":"https:\/\/www.heddata.se\/webbutik\/wp-json\/wp\/v2\/product_brand?post=90651"},{"taxonomy":"product_cat","embeddable":true,"href":"https:\/\/www.heddata.se\/webbutik\/wp-json\/wp\/v2\/product_cat?post=90651"},{"taxonomy":"product_tag","embeddable":true,"href":"https:\/\/www.heddata.se\/webbutik\/wp-json\/wp\/v2\/product_tag?post=90651"}],"curies":[{"name":"wp","href":"https:\/\/api.w.org\/{rel}","templated":true}]}}