{"id":90519,"date":"2020-10-30T11:18:03","date_gmt":"2020-10-30T10:18:03","guid":{"rendered":"https:\/\/www.heddata.se\/webbutik\/?post_type=product&#038;p=90519"},"modified":"2026-05-08T18:16:42","modified_gmt":"2026-05-08T16:16:42","slug":"canon-ink-cli-581xxl-c-m-y-bk-multi","status":"publish","type":"product","link":"https:\/\/www.heddata.se\/webbutik\/produkt\/canon-ink-cli-581xxl-c-m-y-bk-multi\/","title":{"rendered":"CANON INK CLI-581XXL C\/M\/Y\/BK MULTI"},"content":{"rendered":"<p class=\"product\">CANON INK CLI-581XXL C\/M\/Y\/BK MULTI<\/p>\n<p>Canon CLI-581XXL C\/M\/Y\/BK Multi Pack &#8211; 4-pack &#8211; 11.7 ml<\/p>\n<p>Kompatibel medPIXMA TR7550, <a href=\"https:\/\/www.heddata.se\/webbutik\/produkt\/canon-pixma-tr8550-multifunktionsskrivare-farg\/\">TR8550,<\/a> TS6150, TS6151, TS6250, TS6251, TS6350, TS6351, TS8150, TS8151, TS8152, TS8250, TS8251, TS8252, TS8350, TS8351, TS8352, TS9150, TS9155, TS9550, TS9551C<\/p>\n<p>H\u00e4r f\u00e5r du fyra f\u00e4rgpatroner till din <a href=\"https:\/\/www.canon.se\/\" target=\"_blank\" rel=\"noopener noreferrer\">Canon<\/a> skrivare. Paketet inneh\u00e5ller 4 stycken bl\u00e4ckpatroner av sorten Canon cli-581XXL: svart, gul, magenta och cyan med 11.7ml bl\u00e4ck i varje f\u00e4rg. Dessa bl\u00e4ckpatroner tillverkas av Canon till Canons egna bl\u00e4ckstr\u00e5leskrivare. Med ett enkelt klick k\u00f6per du alla bl\u00e4ckpatroner du beh\u00f6ver till din skrivare!<\/p>\n","protected":false},"excerpt":{"rendered":"<p>CANON INK CLI-581XXL C\/M\/Y\/BK MULTI<\/p>\n","protected":false},"featured_media":90533,"template":"","meta":[],"product_brand":[],"product_cat":[87,61,93],"product_tag":[],"class_list":{"0":"post-90519","1":"product","2":"type-product","3":"status-publish","4":"has-post-thumbnail","6":"product_cat-blackpatroner","7":"product_cat-blackpatroner-toners","8":"product_cat-canon","10":"first","11":"outofstock","12":"taxable","13":"shipping-taxable","14":"product-type-simple"},"yoast_head":"<!-- This site is optimized with the Yoast SEO Premium plugin v26.7 (Yoast SEO v26.7) - https:\/\/yoast.com\/wordpress\/plugins\/seo\/ -->\n<title>CANON INK CLI-581XXL C\/M\/Y\/BK MULTIPACK H\u00d6G KAPACITET<\/title>\n<meta name=\"description\" content=\"CANON INK CLI-581XXL C\/M\/Y\/BK MULTI fyra f\u00e4rgpatroner till din Canon skrivare. Paketet inneh\u00e5ller 4 stycken bl\u00e4ckpatroner cli-581XXL\" \/>\n<meta name=\"robots\" content=\"index, follow, max-snippet:-1, max-image-preview:large, max-video-preview:-1\" \/>\n<link rel=\"canonical\" href=\"https:\/\/www.heddata.se\/webbutik\/produkt\/canon-ink-cli-581xxl-c-m-y-bk-multi\/\" \/>\n<meta property=\"og:locale\" content=\"sv_SE\" \/>\n<meta property=\"og:type\" content=\"article\" \/>\n<meta property=\"og:title\" content=\"CANON INK CLI-581XXL C\/M\/Y\/BK MULTI\" \/>\n<meta property=\"og:description\" content=\"CANON INK CLI-581XXL C\/M\/Y\/BK MULTI fyra f\u00e4rgpatroner till din Canon skrivare. Paketet inneh\u00e5ller 4 stycken bl\u00e4ckpatroner cli-581XXL\" \/>\n<meta property=\"og:url\" content=\"https:\/\/www.heddata.se\/webbutik\/produkt\/canon-ink-cli-581xxl-c-m-y-bk-multi\/\" \/>\n<meta property=\"og:site_name\" content=\"Datorer, Skrivare, F\u00e4rgpatroner, Mobiltelefoner\" \/>\n<meta property=\"article:modified_time\" content=\"2026-05-08T16:16:42+00:00\" \/>\n<meta property=\"og:image\" content=\"https:\/\/www.heddata.se\/webbutik\/wp-content\/uploads\/webbutik\/kategorier\/blackpatroner-toners\/cli-581xxl-multipack.jpg\" \/>\n\t<meta property=\"og:image:width\" content=\"900\" \/>\n\t<meta property=\"og:image:height\" content=\"900\" \/>\n\t<meta property=\"og:image:type\" content=\"image\/jpeg\" \/>\n<meta name=\"twitter:card\" content=\"summary_large_image\" \/>\n<meta name=\"twitter:label1\" content=\"Ber\u00e4knad l\u00e4stid\" \/>\n\t<meta name=\"twitter:data1\" content=\"1 minut\" \/>\n<script type=\"application\/ld+json\" class=\"yoast-schema-graph\">{\"@context\":\"https:\/\/schema.org\",\"@graph\":[{\"@type\":\"WebPage\",\"@id\":\"https:\/\/www.heddata.se\/webbutik\/produkt\/canon-ink-cli-581xxl-c-m-y-bk-multi\/\",\"url\":\"https:\/\/www.heddata.se\/webbutik\/produkt\/canon-ink-cli-581xxl-c-m-y-bk-multi\/\",\"name\":\"CANON INK CLI-581XXL C\/M\/Y\/BK MULTIPACK H\u00d6G KAPACITET\",\"isPartOf\":{\"@id\":\"https:\/\/www.heddata.se\/webbutik\/#website\"},\"primaryImageOfPage\":{\"@id\":\"https:\/\/www.heddata.se\/webbutik\/produkt\/canon-ink-cli-581xxl-c-m-y-bk-multi\/#primaryimage\"},\"image\":{\"@id\":\"https:\/\/www.heddata.se\/webbutik\/produkt\/canon-ink-cli-581xxl-c-m-y-bk-multi\/#primaryimage\"},\"thumbnailUrl\":\"https:\/\/www.heddata.se\/webbutik\/wp-content\/uploads\/webbutik\/kategorier\/blackpatroner-toners\/cli-581xxl-multipack.jpg\",\"datePublished\":\"2020-10-30T10:18:03+00:00\",\"dateModified\":\"2026-05-08T16:16:42+00:00\",\"description\":\"CANON INK CLI-581XXL C\/M\/Y\/BK MULTI fyra f\u00e4rgpatroner till din Canon skrivare. Paketet inneh\u00e5ller 4 stycken bl\u00e4ckpatroner cli-581XXL\",\"breadcrumb\":{\"@id\":\"https:\/\/www.heddata.se\/webbutik\/produkt\/canon-ink-cli-581xxl-c-m-y-bk-multi\/#breadcrumb\"},\"inLanguage\":\"sv-SE\",\"potentialAction\":[{\"@type\":\"ReadAction\",\"target\":[\"https:\/\/www.heddata.se\/webbutik\/produkt\/canon-ink-cli-581xxl-c-m-y-bk-multi\/\"]}]},{\"@type\":\"ImageObject\",\"inLanguage\":\"sv-SE\",\"@id\":\"https:\/\/www.heddata.se\/webbutik\/produkt\/canon-ink-cli-581xxl-c-m-y-bk-multi\/#primaryimage\",\"url\":\"https:\/\/www.heddata.se\/webbutik\/wp-content\/uploads\/webbutik\/kategorier\/blackpatroner-toners\/cli-581xxl-multipack.jpg\",\"contentUrl\":\"https:\/\/www.heddata.se\/webbutik\/wp-content\/uploads\/webbutik\/kategorier\/blackpatroner-toners\/cli-581xxl-multipack.jpg\",\"width\":900,\"height\":900,\"caption\":\"CANON INK CLI-581XXL C\/M\/Y\/BK\"},{\"@type\":\"BreadcrumbList\",\"@id\":\"https:\/\/www.heddata.se\/webbutik\/produkt\/canon-ink-cli-581xxl-c-m-y-bk-multi\/#breadcrumb\",\"itemListElement\":[{\"@type\":\"ListItem\",\"position\":1,\"name\":\"Hem\",\"item\":\"https:\/\/www.heddata.se\/webbutik\/\"},{\"@type\":\"ListItem\",\"position\":2,\"name\":\"Produkter\",\"item\":\"https:\/\/www.heddata.se\/webbutik\/shop\/\"},{\"@type\":\"ListItem\",\"position\":3,\"name\":\"CANON INK CLI-581XXL C\/M\/Y\/BK MULTI\"}]},{\"@type\":\"WebSite\",\"@id\":\"https:\/\/www.heddata.se\/webbutik\/#website\",\"url\":\"https:\/\/www.heddata.se\/webbutik\/\",\"name\":\"Datorer, Skrivare, F\u00e4rgpatroner, Mobiltelefoner\",\"description\":\"Kablar\",\"publisher\":{\"@id\":\"https:\/\/www.heddata.se\/webbutik\/#organization\"},\"potentialAction\":[{\"@type\":\"SearchAction\",\"target\":{\"@type\":\"EntryPoint\",\"urlTemplate\":\"https:\/\/www.heddata.se\/webbutik\/?s={search_term_string}\"},\"query-input\":{\"@type\":\"PropertyValueSpecification\",\"valueRequired\":true,\"valueName\":\"search_term_string\"}}],\"inLanguage\":\"sv-SE\"},{\"@type\":\"Organization\",\"@id\":\"https:\/\/www.heddata.se\/webbutik\/#organization\",\"name\":\"Heddata AB\",\"url\":\"https:\/\/www.heddata.se\/webbutik\/\",\"logo\":{\"@type\":\"ImageObject\",\"inLanguage\":\"sv-SE\",\"@id\":\"https:\/\/www.heddata.se\/webbutik\/#\/schema\/logo\/image\/\",\"url\":\"https:\/\/www.heddata.se\/webbutik\/wp-content\/uploads\/logga\/heddata-ab-logga.png\",\"contentUrl\":\"https:\/\/www.heddata.se\/webbutik\/wp-content\/uploads\/logga\/heddata-ab-logga.png\",\"width\":200,\"height\":64,\"caption\":\"Heddata AB\"},\"image\":{\"@id\":\"https:\/\/www.heddata.se\/webbutik\/#\/schema\/logo\/image\/\"}}]}<\/script>\n<!-- \/ Yoast SEO Premium plugin. -->","yoast_head_json":{"title":"CANON INK CLI-581XXL C\/M\/Y\/BK MULTIPACK H\u00d6G KAPACITET","description":"CANON INK CLI-581XXL C\/M\/Y\/BK MULTI fyra f\u00e4rgpatroner till din Canon skrivare. Paketet inneh\u00e5ller 4 stycken bl\u00e4ckpatroner cli-581XXL","robots":{"index":"index","follow":"follow","max-snippet":"max-snippet:-1","max-image-preview":"max-image-preview:large","max-video-preview":"max-video-preview:-1"},"canonical":"https:\/\/www.heddata.se\/webbutik\/produkt\/canon-ink-cli-581xxl-c-m-y-bk-multi\/","og_locale":"sv_SE","og_type":"article","og_title":"CANON INK CLI-581XXL C\/M\/Y\/BK MULTI","og_description":"CANON INK CLI-581XXL C\/M\/Y\/BK MULTI fyra f\u00e4rgpatroner till din Canon skrivare. Paketet inneh\u00e5ller 4 stycken bl\u00e4ckpatroner cli-581XXL","og_url":"https:\/\/www.heddata.se\/webbutik\/produkt\/canon-ink-cli-581xxl-c-m-y-bk-multi\/","og_site_name":"Datorer, Skrivare, F\u00e4rgpatroner, Mobiltelefoner","article_modified_time":"2026-05-08T16:16:42+00:00","og_image":[{"width":900,"height":900,"url":"https:\/\/www.heddata.se\/webbutik\/wp-content\/uploads\/webbutik\/kategorier\/blackpatroner-toners\/cli-581xxl-multipack.jpg","type":"image\/jpeg"}],"twitter_card":"summary_large_image","twitter_misc":{"Ber\u00e4knad l\u00e4stid":"1 minut"},"schema":{"@context":"https:\/\/schema.org","@graph":[{"@type":"WebPage","@id":"https:\/\/www.heddata.se\/webbutik\/produkt\/canon-ink-cli-581xxl-c-m-y-bk-multi\/","url":"https:\/\/www.heddata.se\/webbutik\/produkt\/canon-ink-cli-581xxl-c-m-y-bk-multi\/","name":"CANON INK CLI-581XXL C\/M\/Y\/BK MULTIPACK H\u00d6G KAPACITET","isPartOf":{"@id":"https:\/\/www.heddata.se\/webbutik\/#website"},"primaryImageOfPage":{"@id":"https:\/\/www.heddata.se\/webbutik\/produkt\/canon-ink-cli-581xxl-c-m-y-bk-multi\/#primaryimage"},"image":{"@id":"https:\/\/www.heddata.se\/webbutik\/produkt\/canon-ink-cli-581xxl-c-m-y-bk-multi\/#primaryimage"},"thumbnailUrl":"https:\/\/www.heddata.se\/webbutik\/wp-content\/uploads\/webbutik\/kategorier\/blackpatroner-toners\/cli-581xxl-multipack.jpg","datePublished":"2020-10-30T10:18:03+00:00","dateModified":"2026-05-08T16:16:42+00:00","description":"CANON INK CLI-581XXL C\/M\/Y\/BK MULTI fyra f\u00e4rgpatroner till din Canon skrivare. Paketet inneh\u00e5ller 4 stycken bl\u00e4ckpatroner cli-581XXL","breadcrumb":{"@id":"https:\/\/www.heddata.se\/webbutik\/produkt\/canon-ink-cli-581xxl-c-m-y-bk-multi\/#breadcrumb"},"inLanguage":"sv-SE","potentialAction":[{"@type":"ReadAction","target":["https:\/\/www.heddata.se\/webbutik\/produkt\/canon-ink-cli-581xxl-c-m-y-bk-multi\/"]}]},{"@type":"ImageObject","inLanguage":"sv-SE","@id":"https:\/\/www.heddata.se\/webbutik\/produkt\/canon-ink-cli-581xxl-c-m-y-bk-multi\/#primaryimage","url":"https:\/\/www.heddata.se\/webbutik\/wp-content\/uploads\/webbutik\/kategorier\/blackpatroner-toners\/cli-581xxl-multipack.jpg","contentUrl":"https:\/\/www.heddata.se\/webbutik\/wp-content\/uploads\/webbutik\/kategorier\/blackpatroner-toners\/cli-581xxl-multipack.jpg","width":900,"height":900,"caption":"CANON INK CLI-581XXL C\/M\/Y\/BK"},{"@type":"BreadcrumbList","@id":"https:\/\/www.heddata.se\/webbutik\/produkt\/canon-ink-cli-581xxl-c-m-y-bk-multi\/#breadcrumb","itemListElement":[{"@type":"ListItem","position":1,"name":"Hem","item":"https:\/\/www.heddata.se\/webbutik\/"},{"@type":"ListItem","position":2,"name":"Produkter","item":"https:\/\/www.heddata.se\/webbutik\/shop\/"},{"@type":"ListItem","position":3,"name":"CANON INK CLI-581XXL C\/M\/Y\/BK MULTI"}]},{"@type":"WebSite","@id":"https:\/\/www.heddata.se\/webbutik\/#website","url":"https:\/\/www.heddata.se\/webbutik\/","name":"Datorer, Skrivare, F\u00e4rgpatroner, Mobiltelefoner","description":"Kablar","publisher":{"@id":"https:\/\/www.heddata.se\/webbutik\/#organization"},"potentialAction":[{"@type":"SearchAction","target":{"@type":"EntryPoint","urlTemplate":"https:\/\/www.heddata.se\/webbutik\/?s={search_term_string}"},"query-input":{"@type":"PropertyValueSpecification","valueRequired":true,"valueName":"search_term_string"}}],"inLanguage":"sv-SE"},{"@type":"Organization","@id":"https:\/\/www.heddata.se\/webbutik\/#organization","name":"Heddata AB","url":"https:\/\/www.heddata.se\/webbutik\/","logo":{"@type":"ImageObject","inLanguage":"sv-SE","@id":"https:\/\/www.heddata.se\/webbutik\/#\/schema\/logo\/image\/","url":"https:\/\/www.heddata.se\/webbutik\/wp-content\/uploads\/logga\/heddata-ab-logga.png","contentUrl":"https:\/\/www.heddata.se\/webbutik\/wp-content\/uploads\/logga\/heddata-ab-logga.png","width":200,"height":64,"caption":"Heddata AB"},"image":{"@id":"https:\/\/www.heddata.se\/webbutik\/#\/schema\/logo\/image\/"}}]}},"_links":{"self":[{"href":"https:\/\/www.heddata.se\/webbutik\/wp-json\/wp\/v2\/product\/90519","targetHints":{"allow":["GET"]}}],"collection":[{"href":"https:\/\/www.heddata.se\/webbutik\/wp-json\/wp\/v2\/product"}],"about":[{"href":"https:\/\/www.heddata.se\/webbutik\/wp-json\/wp\/v2\/types\/product"}],"wp:featuredmedia":[{"embeddable":true,"href":"https:\/\/www.heddata.se\/webbutik\/wp-json\/wp\/v2\/media\/90533"}],"wp:attachment":[{"href":"https:\/\/www.heddata.se\/webbutik\/wp-json\/wp\/v2\/media?parent=90519"}],"wp:term":[{"taxonomy":"product_brand","embeddable":true,"href":"https:\/\/www.heddata.se\/webbutik\/wp-json\/wp\/v2\/product_brand?post=90519"},{"taxonomy":"product_cat","embeddable":true,"href":"https:\/\/www.heddata.se\/webbutik\/wp-json\/wp\/v2\/product_cat?post=90519"},{"taxonomy":"product_tag","embeddable":true,"href":"https:\/\/www.heddata.se\/webbutik\/wp-json\/wp\/v2\/product_tag?post=90519"}],"curies":[{"name":"wp","href":"https:\/\/api.w.org\/{rel}","templated":true}]}}