{"id":90513,"date":"2020-10-30T10:18:04","date_gmt":"2020-10-30T09:18:04","guid":{"rendered":"https:\/\/www.heddata.se\/webbutik\/?post_type=product&#038;p=90513"},"modified":"2026-05-08T18:16:58","modified_gmt":"2026-05-08T16:16:58","slug":"canon-pixma-tr8550-multifunktionsskrivare-farg","status":"publish","type":"product","link":"https:\/\/www.heddata.se\/webbutik\/produkt\/canon-pixma-tr8550-multifunktionsskrivare-farg\/","title":{"rendered":"Canon PIXMA TR8550 multifunktionsskrivare f\u00e4rg"},"content":{"rendered":"<p>Canon PIXMA TR8550 multifunktionsskrivare f\u00e4rg<\/p>\n<p>H\u00f6j produktiviteten p\u00e5 hemmakontoret och spara utrymme med den h\u00e4r f\u00f6rstklassiga 4-i-ett-skrivaren med fem f\u00e4rger. Den har funktioner f\u00f6r att skriva ut, scanna, kopiera och faxa, enkel anslutning via Wi-Fi, Ethernet och SD-kort samt smartphoneliknande touchkontroll i ett kompakt fyrkantigt format.<\/p>\n<p><strong>Smarta anslutningar<\/strong><br \/>\nLadda helt enkelt ned appen Canon PRINT f\u00f6r enkel tr\u00e5dl\u00f6s utskrift och scanning med en smart enhet (iOS och Android). Det g\u00e5r snabbt och enkelt att ansluta via Bluetooth\u00ae *.<\/p>\n<p><strong>Friheten med molnet<\/strong><br \/>\nUpplev friheten med att skriva ut fr\u00e5n och scanna** till molnet direkt fr\u00e5n skrivaren. Det tar bara n\u00e5gra sekunder med PIXMA Cloud link och ingen dator beh\u00f6vs<\/p>\n<p><strong>Bra kvalitet, stora besparingar<\/strong><br \/>\nSkriv ut fina, detaljerade f\u00e4rgfoton och skarpa textdokument med 5 separata bl\u00e4ckpatroner. Spara med XL- och XXL-patroner som tillval och automatisk tv\u00e5sidig utskrift.<\/p>\n<p><a href=\"https:\/\/www.heddata.se\/webbutik\/produkt\/canon-pgi-580pgbk-xl-svart-pigmentblackpatron-hog-kapacitet-original\/\">PGI-580PGBK XL (Svart pigment)<\/a><br \/>\n<a href=\"https:\/\/www.heddata.se\/webbutik\/produkt\/canon-cli-581bk-xl-svart-blackpatron-hog-kapacitet-original\/\">CLI-581BK XL (Svart)<\/a><br \/>\n<a href=\"https:\/\/www.heddata.se\/webbutik\/produkt\/canon-cli-581c-xl-blackpatron-bla\/\">CLI-581C XL<\/a> (Cyan)<br \/>\n<a href=\"https:\/\/www.heddata.se\/webbutik\/produkt\/canon-cli-581m-xl-magenta-blackpatron-hog-kapacitet-original\/\">CLI-581M XL (Magenta)<\/a><br \/>\n<a href=\"https:\/\/www.heddata.se\/webbutik\/produkt\/canon-cli-581y-xl-gul-blackpatron-hog-kapacitet-original\/\">CLI-581Y XL (Gul)<\/a><br \/>\n<a href=\"https:\/\/www.heddata.se\/webbutik\/produkt\/canon-ink-cli-581xxl-c-m-y-bk-multi\/\">CLI-581XXL C\/M\/Y\/BK MULTI<\/a><\/p>\n<h4>Specifikationer<\/h4>\n<table border=\"0\" cellspacing=\"0\" cellpadding=\"0\">\n<tbody>\n<tr>\n<td width=\"75\">M\u00e4rke:<\/td>\n<td class=\"bold\" width=\"165\"><a href=\"https:\/\/www.canon.se\/\" target=\"_blank\" rel=\"noopener noreferrer\">Canon<\/a><\/td>\n<td width=\"85\">Utskriftshastighet:<\/td>\n<td class=\"bold\" width=\"95\">15\/10 ipm (s.v.\/f)<\/td>\n<\/tr>\n<tr>\n<td>Typ:<\/td>\n<td class=\"bold\">bl\u00e4ckstr\u00e5leskrivare<\/td>\n<td>Utskriftsuppl\u00f6sning:<\/td>\n<td class=\"bold\">4800&#215;1200 dpi<\/td>\n<\/tr>\n<tr>\n<td>Funktioner:<\/td>\n<td class=\"bold\">skriva ut, kopiera, skanna, faxa<\/td>\n<td>Skanningsuppl\u00f6sning:<\/td>\n<td class=\"bold\">1200&#215;2400 dpi<\/td>\n<\/tr>\n<tr>\n<td>F\u00e4rg:<\/td>\n<td class=\"bold\">ja<\/td>\n<td>Format:<\/td>\n<td class=\"bold\">A4<\/td>\n<\/tr>\n<tr>\n<td width=\"75\">Pappersfack:<\/td>\n<td class=\"bold\" width=\"165\">200 ark<\/td>\n<td>N\u00e4tverk:<\/td>\n<td class=\"bold\">WiFi\/Ethernet \/ USB\/WiFi direct\/ Bluetooth<\/td>\n<\/tr>\n<tr>\n<td>Display:<\/td>\n<td class=\"bold\">LCD-peksk\u00e4rm<\/td>\n<td width=\"85\">Mobil utskrift:<\/td>\n<td class=\"bold\" width=\"95\">ja<\/td>\n<\/tr>\n<tr>\n<td>Minne:<\/td>\n<td class=\"bold\">&#8211;<\/td>\n<td>ADF:<\/td>\n<td class=\"bold\">ja (20 ark)<\/td>\n<\/tr>\n<tr>\n<td>Dimensioner:<\/td>\n<td class=\"bold\">438x351x190mm<\/td>\n<td>Duplex:<\/td>\n<td class=\"bold\">ja<\/td>\n<\/tr>\n<tr>\n<td><\/td>\n<td class=\"bold\"><\/td>\n<td><\/td>\n<td class=\"bold\"><\/td>\n<\/tr>\n<\/tbody>\n<\/table>\n","protected":false},"excerpt":{"rendered":"<p>Canon PIXMA TR8550 multifunktionsskrivare f\u00e4rg<\/p>\n","protected":false},"featured_media":90515,"template":"","meta":[],"product_brand":[],"product_cat":[634,635,62],"product_tag":[],"class_list":{"0":"post-90513","1":"product","2":"type-product","3":"status-publish","4":"has-post-thumbnail","6":"product_cat-blackstraleskrivare","7":"product_cat-multifunktionsskrivare","8":"product_cat-skrivare","10":"first","11":"outofstock","12":"taxable","13":"shipping-taxable","14":"product-type-simple"},"yoast_head":"<!-- This site is optimized with the Yoast SEO Premium plugin v26.7 (Yoast SEO v26.7) - https:\/\/yoast.com\/wordpress\/plugins\/seo\/ -->\n<title>Canon PIXMA TR8550 multifunktionsskrivare f\u00e4rg, kompakt<\/title>\n<meta name=\"description\" content=\"Canon PIXMA TR8550 multifunktionsskrivare f\u00e4rg. H\u00f6j produktiviteten p\u00e5 hemmakontoret med den h\u00e4r f\u00f6rstklassiga 4-i-ett-skrivaren.\" \/>\n<meta name=\"robots\" content=\"index, follow, max-snippet:-1, max-image-preview:large, max-video-preview:-1\" \/>\n<link rel=\"canonical\" href=\"https:\/\/www.heddata.se\/webbutik\/produkt\/canon-pixma-tr8550-multifunktionsskrivare-farg\/\" \/>\n<meta property=\"og:locale\" content=\"sv_SE\" \/>\n<meta property=\"og:type\" content=\"article\" \/>\n<meta property=\"og:title\" content=\"Canon PIXMA TR8550 multifunktionsskrivare f\u00e4rg\" \/>\n<meta property=\"og:description\" content=\"Canon PIXMA TR8550 multifunktionsskrivare f\u00e4rg. H\u00f6j produktiviteten p\u00e5 hemmakontoret med den h\u00e4r f\u00f6rstklassiga 4-i-ett-skrivaren.\" \/>\n<meta property=\"og:url\" content=\"https:\/\/www.heddata.se\/webbutik\/produkt\/canon-pixma-tr8550-multifunktionsskrivare-farg\/\" \/>\n<meta property=\"og:site_name\" content=\"Datorer, Skrivare, F\u00e4rgpatroner, Mobiltelefoner\" \/>\n<meta property=\"article:modified_time\" content=\"2026-05-08T16:16:58+00:00\" \/>\n<meta property=\"og:image\" content=\"https:\/\/www.heddata.se\/webbutik\/wp-content\/uploads\/webbutik\/kategorier\/skrivare\/tr8550.jpg\" \/>\n\t<meta property=\"og:image:width\" content=\"2400\" \/>\n\t<meta property=\"og:image:height\" content=\"2400\" \/>\n\t<meta property=\"og:image:type\" content=\"image\/jpeg\" \/>\n<meta name=\"twitter:card\" content=\"summary_large_image\" \/>\n<meta name=\"twitter:label1\" content=\"Ber\u00e4knad l\u00e4stid\" \/>\n\t<meta name=\"twitter:data1\" content=\"1 minut\" \/>\n<script type=\"application\/ld+json\" class=\"yoast-schema-graph\">{\"@context\":\"https:\/\/schema.org\",\"@graph\":[{\"@type\":\"WebPage\",\"@id\":\"https:\/\/www.heddata.se\/webbutik\/produkt\/canon-pixma-tr8550-multifunktionsskrivare-farg\/\",\"url\":\"https:\/\/www.heddata.se\/webbutik\/produkt\/canon-pixma-tr8550-multifunktionsskrivare-farg\/\",\"name\":\"Canon PIXMA TR8550 multifunktionsskrivare f\u00e4rg, kompakt\",\"isPartOf\":{\"@id\":\"https:\/\/www.heddata.se\/webbutik\/#website\"},\"primaryImageOfPage\":{\"@id\":\"https:\/\/www.heddata.se\/webbutik\/produkt\/canon-pixma-tr8550-multifunktionsskrivare-farg\/#primaryimage\"},\"image\":{\"@id\":\"https:\/\/www.heddata.se\/webbutik\/produkt\/canon-pixma-tr8550-multifunktionsskrivare-farg\/#primaryimage\"},\"thumbnailUrl\":\"https:\/\/www.heddata.se\/webbutik\/wp-content\/uploads\/webbutik\/kategorier\/skrivare\/tr8550.jpg\",\"datePublished\":\"2020-10-30T09:18:04+00:00\",\"dateModified\":\"2026-05-08T16:16:58+00:00\",\"description\":\"Canon PIXMA TR8550 multifunktionsskrivare f\u00e4rg. H\u00f6j produktiviteten p\u00e5 hemmakontoret med den h\u00e4r f\u00f6rstklassiga 4-i-ett-skrivaren.\",\"breadcrumb\":{\"@id\":\"https:\/\/www.heddata.se\/webbutik\/produkt\/canon-pixma-tr8550-multifunktionsskrivare-farg\/#breadcrumb\"},\"inLanguage\":\"sv-SE\",\"potentialAction\":[{\"@type\":\"ReadAction\",\"target\":[\"https:\/\/www.heddata.se\/webbutik\/produkt\/canon-pixma-tr8550-multifunktionsskrivare-farg\/\"]}]},{\"@type\":\"ImageObject\",\"inLanguage\":\"sv-SE\",\"@id\":\"https:\/\/www.heddata.se\/webbutik\/produkt\/canon-pixma-tr8550-multifunktionsskrivare-farg\/#primaryimage\",\"url\":\"https:\/\/www.heddata.se\/webbutik\/wp-content\/uploads\/webbutik\/kategorier\/skrivare\/tr8550.jpg\",\"contentUrl\":\"https:\/\/www.heddata.se\/webbutik\/wp-content\/uploads\/webbutik\/kategorier\/skrivare\/tr8550.jpg\",\"width\":2400,\"height\":2400,\"caption\":\"Canon PIXMA TR8550 multifunktionsskrivare\"},{\"@type\":\"BreadcrumbList\",\"@id\":\"https:\/\/www.heddata.se\/webbutik\/produkt\/canon-pixma-tr8550-multifunktionsskrivare-farg\/#breadcrumb\",\"itemListElement\":[{\"@type\":\"ListItem\",\"position\":1,\"name\":\"Hem\",\"item\":\"https:\/\/www.heddata.se\/webbutik\/\"},{\"@type\":\"ListItem\",\"position\":2,\"name\":\"Produkter\",\"item\":\"https:\/\/www.heddata.se\/webbutik\/shop\/\"},{\"@type\":\"ListItem\",\"position\":3,\"name\":\"Canon PIXMA TR8550 multifunktionsskrivare f\u00e4rg\"}]},{\"@type\":\"WebSite\",\"@id\":\"https:\/\/www.heddata.se\/webbutik\/#website\",\"url\":\"https:\/\/www.heddata.se\/webbutik\/\",\"name\":\"Datorer, Skrivare, F\u00e4rgpatroner, Mobiltelefoner\",\"description\":\"Kablar\",\"publisher\":{\"@id\":\"https:\/\/www.heddata.se\/webbutik\/#organization\"},\"potentialAction\":[{\"@type\":\"SearchAction\",\"target\":{\"@type\":\"EntryPoint\",\"urlTemplate\":\"https:\/\/www.heddata.se\/webbutik\/?s={search_term_string}\"},\"query-input\":{\"@type\":\"PropertyValueSpecification\",\"valueRequired\":true,\"valueName\":\"search_term_string\"}}],\"inLanguage\":\"sv-SE\"},{\"@type\":\"Organization\",\"@id\":\"https:\/\/www.heddata.se\/webbutik\/#organization\",\"name\":\"Heddata AB\",\"url\":\"https:\/\/www.heddata.se\/webbutik\/\",\"logo\":{\"@type\":\"ImageObject\",\"inLanguage\":\"sv-SE\",\"@id\":\"https:\/\/www.heddata.se\/webbutik\/#\/schema\/logo\/image\/\",\"url\":\"https:\/\/www.heddata.se\/webbutik\/wp-content\/uploads\/logga\/heddata-ab-logga.png\",\"contentUrl\":\"https:\/\/www.heddata.se\/webbutik\/wp-content\/uploads\/logga\/heddata-ab-logga.png\",\"width\":200,\"height\":64,\"caption\":\"Heddata AB\"},\"image\":{\"@id\":\"https:\/\/www.heddata.se\/webbutik\/#\/schema\/logo\/image\/\"}}]}<\/script>\n<!-- \/ Yoast SEO Premium plugin. -->","yoast_head_json":{"title":"Canon PIXMA TR8550 multifunktionsskrivare f\u00e4rg, kompakt","description":"Canon PIXMA TR8550 multifunktionsskrivare f\u00e4rg. H\u00f6j produktiviteten p\u00e5 hemmakontoret med den h\u00e4r f\u00f6rstklassiga 4-i-ett-skrivaren.","robots":{"index":"index","follow":"follow","max-snippet":"max-snippet:-1","max-image-preview":"max-image-preview:large","max-video-preview":"max-video-preview:-1"},"canonical":"https:\/\/www.heddata.se\/webbutik\/produkt\/canon-pixma-tr8550-multifunktionsskrivare-farg\/","og_locale":"sv_SE","og_type":"article","og_title":"Canon PIXMA TR8550 multifunktionsskrivare f\u00e4rg","og_description":"Canon PIXMA TR8550 multifunktionsskrivare f\u00e4rg. H\u00f6j produktiviteten p\u00e5 hemmakontoret med den h\u00e4r f\u00f6rstklassiga 4-i-ett-skrivaren.","og_url":"https:\/\/www.heddata.se\/webbutik\/produkt\/canon-pixma-tr8550-multifunktionsskrivare-farg\/","og_site_name":"Datorer, Skrivare, F\u00e4rgpatroner, Mobiltelefoner","article_modified_time":"2026-05-08T16:16:58+00:00","og_image":[{"width":2400,"height":2400,"url":"https:\/\/www.heddata.se\/webbutik\/wp-content\/uploads\/webbutik\/kategorier\/skrivare\/tr8550.jpg","type":"image\/jpeg"}],"twitter_card":"summary_large_image","twitter_misc":{"Ber\u00e4knad l\u00e4stid":"1 minut"},"schema":{"@context":"https:\/\/schema.org","@graph":[{"@type":"WebPage","@id":"https:\/\/www.heddata.se\/webbutik\/produkt\/canon-pixma-tr8550-multifunktionsskrivare-farg\/","url":"https:\/\/www.heddata.se\/webbutik\/produkt\/canon-pixma-tr8550-multifunktionsskrivare-farg\/","name":"Canon PIXMA TR8550 multifunktionsskrivare f\u00e4rg, kompakt","isPartOf":{"@id":"https:\/\/www.heddata.se\/webbutik\/#website"},"primaryImageOfPage":{"@id":"https:\/\/www.heddata.se\/webbutik\/produkt\/canon-pixma-tr8550-multifunktionsskrivare-farg\/#primaryimage"},"image":{"@id":"https:\/\/www.heddata.se\/webbutik\/produkt\/canon-pixma-tr8550-multifunktionsskrivare-farg\/#primaryimage"},"thumbnailUrl":"https:\/\/www.heddata.se\/webbutik\/wp-content\/uploads\/webbutik\/kategorier\/skrivare\/tr8550.jpg","datePublished":"2020-10-30T09:18:04+00:00","dateModified":"2026-05-08T16:16:58+00:00","description":"Canon PIXMA TR8550 multifunktionsskrivare f\u00e4rg. H\u00f6j produktiviteten p\u00e5 hemmakontoret med den h\u00e4r f\u00f6rstklassiga 4-i-ett-skrivaren.","breadcrumb":{"@id":"https:\/\/www.heddata.se\/webbutik\/produkt\/canon-pixma-tr8550-multifunktionsskrivare-farg\/#breadcrumb"},"inLanguage":"sv-SE","potentialAction":[{"@type":"ReadAction","target":["https:\/\/www.heddata.se\/webbutik\/produkt\/canon-pixma-tr8550-multifunktionsskrivare-farg\/"]}]},{"@type":"ImageObject","inLanguage":"sv-SE","@id":"https:\/\/www.heddata.se\/webbutik\/produkt\/canon-pixma-tr8550-multifunktionsskrivare-farg\/#primaryimage","url":"https:\/\/www.heddata.se\/webbutik\/wp-content\/uploads\/webbutik\/kategorier\/skrivare\/tr8550.jpg","contentUrl":"https:\/\/www.heddata.se\/webbutik\/wp-content\/uploads\/webbutik\/kategorier\/skrivare\/tr8550.jpg","width":2400,"height":2400,"caption":"Canon PIXMA TR8550 multifunktionsskrivare"},{"@type":"BreadcrumbList","@id":"https:\/\/www.heddata.se\/webbutik\/produkt\/canon-pixma-tr8550-multifunktionsskrivare-farg\/#breadcrumb","itemListElement":[{"@type":"ListItem","position":1,"name":"Hem","item":"https:\/\/www.heddata.se\/webbutik\/"},{"@type":"ListItem","position":2,"name":"Produkter","item":"https:\/\/www.heddata.se\/webbutik\/shop\/"},{"@type":"ListItem","position":3,"name":"Canon PIXMA TR8550 multifunktionsskrivare f\u00e4rg"}]},{"@type":"WebSite","@id":"https:\/\/www.heddata.se\/webbutik\/#website","url":"https:\/\/www.heddata.se\/webbutik\/","name":"Datorer, Skrivare, F\u00e4rgpatroner, Mobiltelefoner","description":"Kablar","publisher":{"@id":"https:\/\/www.heddata.se\/webbutik\/#organization"},"potentialAction":[{"@type":"SearchAction","target":{"@type":"EntryPoint","urlTemplate":"https:\/\/www.heddata.se\/webbutik\/?s={search_term_string}"},"query-input":{"@type":"PropertyValueSpecification","valueRequired":true,"valueName":"search_term_string"}}],"inLanguage":"sv-SE"},{"@type":"Organization","@id":"https:\/\/www.heddata.se\/webbutik\/#organization","name":"Heddata AB","url":"https:\/\/www.heddata.se\/webbutik\/","logo":{"@type":"ImageObject","inLanguage":"sv-SE","@id":"https:\/\/www.heddata.se\/webbutik\/#\/schema\/logo\/image\/","url":"https:\/\/www.heddata.se\/webbutik\/wp-content\/uploads\/logga\/heddata-ab-logga.png","contentUrl":"https:\/\/www.heddata.se\/webbutik\/wp-content\/uploads\/logga\/heddata-ab-logga.png","width":200,"height":64,"caption":"Heddata AB"},"image":{"@id":"https:\/\/www.heddata.se\/webbutik\/#\/schema\/logo\/image\/"}}]}},"_links":{"self":[{"href":"https:\/\/www.heddata.se\/webbutik\/wp-json\/wp\/v2\/product\/90513","targetHints":{"allow":["GET"]}}],"collection":[{"href":"https:\/\/www.heddata.se\/webbutik\/wp-json\/wp\/v2\/product"}],"about":[{"href":"https:\/\/www.heddata.se\/webbutik\/wp-json\/wp\/v2\/types\/product"}],"wp:featuredmedia":[{"embeddable":true,"href":"https:\/\/www.heddata.se\/webbutik\/wp-json\/wp\/v2\/media\/90515"}],"wp:attachment":[{"href":"https:\/\/www.heddata.se\/webbutik\/wp-json\/wp\/v2\/media?parent=90513"}],"wp:term":[{"taxonomy":"product_brand","embeddable":true,"href":"https:\/\/www.heddata.se\/webbutik\/wp-json\/wp\/v2\/product_brand?post=90513"},{"taxonomy":"product_cat","embeddable":true,"href":"https:\/\/www.heddata.se\/webbutik\/wp-json\/wp\/v2\/product_cat?post=90513"},{"taxonomy":"product_tag","embeddable":true,"href":"https:\/\/www.heddata.se\/webbutik\/wp-json\/wp\/v2\/product_tag?post=90513"}],"curies":[{"name":"wp","href":"https:\/\/api.w.org\/{rel}","templated":true}]}}