{"id":90511,"date":"2020-10-30T10:18:03","date_gmt":"2020-10-30T09:18:03","guid":{"rendered":"https:\/\/www.heddata.se\/webbutik\/?post_type=product&#038;p=90511"},"modified":"2026-05-08T18:10:14","modified_gmt":"2026-05-08T16:10:14","slug":"canon-cli-581m-xl-magenta-blackpatron-hog-kapacitet-original","status":"publish","type":"product","link":"https:\/\/www.heddata.se\/webbutik\/produkt\/canon-cli-581m-xl-magenta-blackpatron-hog-kapacitet-original\/","title":{"rendered":"Canon CLI-581M XL magenta bl\u00e4ckpatron h\u00f6g kapacitet original"},"content":{"rendered":"<p>Canon CLI-581M XL magenta bl\u00e4ckpatron h\u00f6g kapacitet original<\/p>\n<p>Beskrivning<\/p>\n<p><a href=\"https:\/\/www.canon.se\/\" target=\"_blank\" rel=\"noopener noreferrer\">Canon<\/a> CLI-581M XL magenta bl\u00e4ckpatronen med h\u00f6g kapacitet anv\u00e4nder utskriftssystemet Chromalife100. Detta utskriftssystem kombinerar Canons FINE skrivhuvudsteknik med magenta bl\u00e4cket f\u00f6r vackra, livfulla utskrifter. Detta Canon XL bl\u00e4ck \u00e4r motst\u00e5ndskraftigt mot yttre milj\u00f6p\u00e5verkan.<\/p>\n<p>Kompatibel med PIXMA TR7550, <a href=\"https:\/\/www.heddata.se\/webbutik\/produkt\/canon-pixma-tr8550-multifunktionsskrivare-farg\/\">TR8550,<\/a> TS6150, TS6151, TS6250, TS6251, TS6350, TS6351, TS8150, TS8151, TS8152, TS8250, TS8251, TS8252, TS8350, TS8351, TS8352, TS9150, TS9155, TS9550, TS9551C<\/p>\n","protected":false},"excerpt":{"rendered":"<p>Canon CLI-581M XL magenta bl\u00e4ckpatron h\u00f6g kapacitet original<\/p>\n","protected":false},"featured_media":90525,"template":"","meta":[],"product_brand":[],"product_cat":[87,93],"product_tag":[],"class_list":{"0":"post-90511","1":"product","2":"type-product","3":"status-publish","4":"has-post-thumbnail","6":"product_cat-blackpatroner","7":"product_cat-canon","9":"first","10":"instock","11":"taxable","12":"shipping-taxable","13":"purchasable","14":"product-type-simple"},"yoast_head":"<!-- This site is optimized with the Yoast SEO Premium plugin v26.7 (Yoast SEO v26.7) - https:\/\/yoast.com\/wordpress\/plugins\/seo\/ -->\n<title>Canon CLI-581M XL magenta bl\u00e4ckpatron h\u00f6g kapacitet original<\/title>\n<meta name=\"description\" content=\"Canon CLI-581M XL magenta bl\u00e4ckpatron h\u00f6g kapacitet original, bl\u00e4ckpatronen med h\u00f6g kapacitet anv\u00e4nder utskriftssystemet Chromalife100.\" \/>\n<meta name=\"robots\" content=\"index, follow, max-snippet:-1, max-image-preview:large, max-video-preview:-1\" \/>\n<link rel=\"canonical\" href=\"https:\/\/www.heddata.se\/webbutik\/produkt\/canon-cli-581m-xl-magenta-blackpatron-hog-kapacitet-original\/\" \/>\n<meta property=\"og:locale\" content=\"sv_SE\" \/>\n<meta property=\"og:type\" content=\"article\" \/>\n<meta property=\"og:title\" content=\"Canon CLI-581M XL magenta bl\u00e4ckpatron h\u00f6g kapacitet original\" \/>\n<meta property=\"og:description\" content=\"Canon CLI-581M XL magenta bl\u00e4ckpatron h\u00f6g kapacitet original, bl\u00e4ckpatronen med h\u00f6g kapacitet anv\u00e4nder utskriftssystemet Chromalife100.\" \/>\n<meta property=\"og:url\" content=\"https:\/\/www.heddata.se\/webbutik\/produkt\/canon-cli-581m-xl-magenta-blackpatron-hog-kapacitet-original\/\" \/>\n<meta property=\"og:site_name\" content=\"Datorer, Skrivare, F\u00e4rgpatroner, Mobiltelefoner\" \/>\n<meta property=\"article:modified_time\" content=\"2026-05-08T16:10:14+00:00\" \/>\n<meta property=\"og:image\" content=\"https:\/\/www.heddata.se\/webbutik\/wp-content\/uploads\/webbutik\/kategorier\/blackpatroner-toners\/canon-cli-581xl-magenta.jpg\" \/>\n\t<meta property=\"og:image:width\" content=\"400\" \/>\n\t<meta property=\"og:image:height\" content=\"400\" \/>\n\t<meta property=\"og:image:type\" content=\"image\/jpeg\" \/>\n<meta name=\"twitter:card\" content=\"summary_large_image\" \/>\n<script type=\"application\/ld+json\" class=\"yoast-schema-graph\">{\"@context\":\"https:\/\/schema.org\",\"@graph\":[{\"@type\":\"WebPage\",\"@id\":\"https:\/\/www.heddata.se\/webbutik\/produkt\/canon-cli-581m-xl-magenta-blackpatron-hog-kapacitet-original\/\",\"url\":\"https:\/\/www.heddata.se\/webbutik\/produkt\/canon-cli-581m-xl-magenta-blackpatron-hog-kapacitet-original\/\",\"name\":\"Canon CLI-581M XL magenta bl\u00e4ckpatron h\u00f6g kapacitet original\",\"isPartOf\":{\"@id\":\"https:\/\/www.heddata.se\/webbutik\/#website\"},\"primaryImageOfPage\":{\"@id\":\"https:\/\/www.heddata.se\/webbutik\/produkt\/canon-cli-581m-xl-magenta-blackpatron-hog-kapacitet-original\/#primaryimage\"},\"image\":{\"@id\":\"https:\/\/www.heddata.se\/webbutik\/produkt\/canon-cli-581m-xl-magenta-blackpatron-hog-kapacitet-original\/#primaryimage\"},\"thumbnailUrl\":\"https:\/\/www.heddata.se\/webbutik\/wp-content\/uploads\/webbutik\/kategorier\/blackpatroner-toners\/canon-cli-581xl-magenta.jpg\",\"datePublished\":\"2020-10-30T09:18:03+00:00\",\"dateModified\":\"2026-05-08T16:10:14+00:00\",\"description\":\"Canon CLI-581M XL magenta bl\u00e4ckpatron h\u00f6g kapacitet original, bl\u00e4ckpatronen med h\u00f6g kapacitet anv\u00e4nder utskriftssystemet Chromalife100.\",\"breadcrumb\":{\"@id\":\"https:\/\/www.heddata.se\/webbutik\/produkt\/canon-cli-581m-xl-magenta-blackpatron-hog-kapacitet-original\/#breadcrumb\"},\"inLanguage\":\"sv-SE\",\"potentialAction\":[{\"@type\":\"ReadAction\",\"target\":[\"https:\/\/www.heddata.se\/webbutik\/produkt\/canon-cli-581m-xl-magenta-blackpatron-hog-kapacitet-original\/\"]}]},{\"@type\":\"ImageObject\",\"inLanguage\":\"sv-SE\",\"@id\":\"https:\/\/www.heddata.se\/webbutik\/produkt\/canon-cli-581m-xl-magenta-blackpatron-hog-kapacitet-original\/#primaryimage\",\"url\":\"https:\/\/www.heddata.se\/webbutik\/wp-content\/uploads\/webbutik\/kategorier\/blackpatroner-toners\/canon-cli-581xl-magenta.jpg\",\"contentUrl\":\"https:\/\/www.heddata.se\/webbutik\/wp-content\/uploads\/webbutik\/kategorier\/blackpatroner-toners\/canon-cli-581xl-magenta.jpg\",\"width\":400,\"height\":400,\"caption\":\"Canon CLI-581M XL magenta\"},{\"@type\":\"BreadcrumbList\",\"@id\":\"https:\/\/www.heddata.se\/webbutik\/produkt\/canon-cli-581m-xl-magenta-blackpatron-hog-kapacitet-original\/#breadcrumb\",\"itemListElement\":[{\"@type\":\"ListItem\",\"position\":1,\"name\":\"Hem\",\"item\":\"https:\/\/www.heddata.se\/webbutik\/\"},{\"@type\":\"ListItem\",\"position\":2,\"name\":\"Produkter\",\"item\":\"https:\/\/www.heddata.se\/webbutik\/shop\/\"},{\"@type\":\"ListItem\",\"position\":3,\"name\":\"Canon CLI-581M XL magenta bl\u00e4ckpatron h\u00f6g kapacitet original\"}]},{\"@type\":\"WebSite\",\"@id\":\"https:\/\/www.heddata.se\/webbutik\/#website\",\"url\":\"https:\/\/www.heddata.se\/webbutik\/\",\"name\":\"Datorer, Skrivare, F\u00e4rgpatroner, Mobiltelefoner\",\"description\":\"Kablar\",\"publisher\":{\"@id\":\"https:\/\/www.heddata.se\/webbutik\/#organization\"},\"potentialAction\":[{\"@type\":\"SearchAction\",\"target\":{\"@type\":\"EntryPoint\",\"urlTemplate\":\"https:\/\/www.heddata.se\/webbutik\/?s={search_term_string}\"},\"query-input\":{\"@type\":\"PropertyValueSpecification\",\"valueRequired\":true,\"valueName\":\"search_term_string\"}}],\"inLanguage\":\"sv-SE\"},{\"@type\":\"Organization\",\"@id\":\"https:\/\/www.heddata.se\/webbutik\/#organization\",\"name\":\"Heddata AB\",\"url\":\"https:\/\/www.heddata.se\/webbutik\/\",\"logo\":{\"@type\":\"ImageObject\",\"inLanguage\":\"sv-SE\",\"@id\":\"https:\/\/www.heddata.se\/webbutik\/#\/schema\/logo\/image\/\",\"url\":\"https:\/\/www.heddata.se\/webbutik\/wp-content\/uploads\/logga\/heddata-ab-logga.png\",\"contentUrl\":\"https:\/\/www.heddata.se\/webbutik\/wp-content\/uploads\/logga\/heddata-ab-logga.png\",\"width\":200,\"height\":64,\"caption\":\"Heddata AB\"},\"image\":{\"@id\":\"https:\/\/www.heddata.se\/webbutik\/#\/schema\/logo\/image\/\"}}]}<\/script>\n<!-- \/ Yoast SEO Premium plugin. -->","yoast_head_json":{"title":"Canon CLI-581M XL magenta bl\u00e4ckpatron h\u00f6g kapacitet original","description":"Canon CLI-581M XL magenta bl\u00e4ckpatron h\u00f6g kapacitet original, bl\u00e4ckpatronen med h\u00f6g kapacitet anv\u00e4nder utskriftssystemet Chromalife100.","robots":{"index":"index","follow":"follow","max-snippet":"max-snippet:-1","max-image-preview":"max-image-preview:large","max-video-preview":"max-video-preview:-1"},"canonical":"https:\/\/www.heddata.se\/webbutik\/produkt\/canon-cli-581m-xl-magenta-blackpatron-hog-kapacitet-original\/","og_locale":"sv_SE","og_type":"article","og_title":"Canon CLI-581M XL magenta bl\u00e4ckpatron h\u00f6g kapacitet original","og_description":"Canon CLI-581M XL magenta bl\u00e4ckpatron h\u00f6g kapacitet original, bl\u00e4ckpatronen med h\u00f6g kapacitet anv\u00e4nder utskriftssystemet Chromalife100.","og_url":"https:\/\/www.heddata.se\/webbutik\/produkt\/canon-cli-581m-xl-magenta-blackpatron-hog-kapacitet-original\/","og_site_name":"Datorer, Skrivare, F\u00e4rgpatroner, Mobiltelefoner","article_modified_time":"2026-05-08T16:10:14+00:00","og_image":[{"width":400,"height":400,"url":"https:\/\/www.heddata.se\/webbutik\/wp-content\/uploads\/webbutik\/kategorier\/blackpatroner-toners\/canon-cli-581xl-magenta.jpg","type":"image\/jpeg"}],"twitter_card":"summary_large_image","schema":{"@context":"https:\/\/schema.org","@graph":[{"@type":"WebPage","@id":"https:\/\/www.heddata.se\/webbutik\/produkt\/canon-cli-581m-xl-magenta-blackpatron-hog-kapacitet-original\/","url":"https:\/\/www.heddata.se\/webbutik\/produkt\/canon-cli-581m-xl-magenta-blackpatron-hog-kapacitet-original\/","name":"Canon CLI-581M XL magenta bl\u00e4ckpatron h\u00f6g kapacitet original","isPartOf":{"@id":"https:\/\/www.heddata.se\/webbutik\/#website"},"primaryImageOfPage":{"@id":"https:\/\/www.heddata.se\/webbutik\/produkt\/canon-cli-581m-xl-magenta-blackpatron-hog-kapacitet-original\/#primaryimage"},"image":{"@id":"https:\/\/www.heddata.se\/webbutik\/produkt\/canon-cli-581m-xl-magenta-blackpatron-hog-kapacitet-original\/#primaryimage"},"thumbnailUrl":"https:\/\/www.heddata.se\/webbutik\/wp-content\/uploads\/webbutik\/kategorier\/blackpatroner-toners\/canon-cli-581xl-magenta.jpg","datePublished":"2020-10-30T09:18:03+00:00","dateModified":"2026-05-08T16:10:14+00:00","description":"Canon CLI-581M XL magenta bl\u00e4ckpatron h\u00f6g kapacitet original, bl\u00e4ckpatronen med h\u00f6g kapacitet anv\u00e4nder utskriftssystemet Chromalife100.","breadcrumb":{"@id":"https:\/\/www.heddata.se\/webbutik\/produkt\/canon-cli-581m-xl-magenta-blackpatron-hog-kapacitet-original\/#breadcrumb"},"inLanguage":"sv-SE","potentialAction":[{"@type":"ReadAction","target":["https:\/\/www.heddata.se\/webbutik\/produkt\/canon-cli-581m-xl-magenta-blackpatron-hog-kapacitet-original\/"]}]},{"@type":"ImageObject","inLanguage":"sv-SE","@id":"https:\/\/www.heddata.se\/webbutik\/produkt\/canon-cli-581m-xl-magenta-blackpatron-hog-kapacitet-original\/#primaryimage","url":"https:\/\/www.heddata.se\/webbutik\/wp-content\/uploads\/webbutik\/kategorier\/blackpatroner-toners\/canon-cli-581xl-magenta.jpg","contentUrl":"https:\/\/www.heddata.se\/webbutik\/wp-content\/uploads\/webbutik\/kategorier\/blackpatroner-toners\/canon-cli-581xl-magenta.jpg","width":400,"height":400,"caption":"Canon CLI-581M XL magenta"},{"@type":"BreadcrumbList","@id":"https:\/\/www.heddata.se\/webbutik\/produkt\/canon-cli-581m-xl-magenta-blackpatron-hog-kapacitet-original\/#breadcrumb","itemListElement":[{"@type":"ListItem","position":1,"name":"Hem","item":"https:\/\/www.heddata.se\/webbutik\/"},{"@type":"ListItem","position":2,"name":"Produkter","item":"https:\/\/www.heddata.se\/webbutik\/shop\/"},{"@type":"ListItem","position":3,"name":"Canon CLI-581M XL magenta bl\u00e4ckpatron h\u00f6g kapacitet original"}]},{"@type":"WebSite","@id":"https:\/\/www.heddata.se\/webbutik\/#website","url":"https:\/\/www.heddata.se\/webbutik\/","name":"Datorer, Skrivare, F\u00e4rgpatroner, Mobiltelefoner","description":"Kablar","publisher":{"@id":"https:\/\/www.heddata.se\/webbutik\/#organization"},"potentialAction":[{"@type":"SearchAction","target":{"@type":"EntryPoint","urlTemplate":"https:\/\/www.heddata.se\/webbutik\/?s={search_term_string}"},"query-input":{"@type":"PropertyValueSpecification","valueRequired":true,"valueName":"search_term_string"}}],"inLanguage":"sv-SE"},{"@type":"Organization","@id":"https:\/\/www.heddata.se\/webbutik\/#organization","name":"Heddata AB","url":"https:\/\/www.heddata.se\/webbutik\/","logo":{"@type":"ImageObject","inLanguage":"sv-SE","@id":"https:\/\/www.heddata.se\/webbutik\/#\/schema\/logo\/image\/","url":"https:\/\/www.heddata.se\/webbutik\/wp-content\/uploads\/logga\/heddata-ab-logga.png","contentUrl":"https:\/\/www.heddata.se\/webbutik\/wp-content\/uploads\/logga\/heddata-ab-logga.png","width":200,"height":64,"caption":"Heddata AB"},"image":{"@id":"https:\/\/www.heddata.se\/webbutik\/#\/schema\/logo\/image\/"}}]}},"_links":{"self":[{"href":"https:\/\/www.heddata.se\/webbutik\/wp-json\/wp\/v2\/product\/90511","targetHints":{"allow":["GET"]}}],"collection":[{"href":"https:\/\/www.heddata.se\/webbutik\/wp-json\/wp\/v2\/product"}],"about":[{"href":"https:\/\/www.heddata.se\/webbutik\/wp-json\/wp\/v2\/types\/product"}],"wp:featuredmedia":[{"embeddable":true,"href":"https:\/\/www.heddata.se\/webbutik\/wp-json\/wp\/v2\/media\/90525"}],"wp:attachment":[{"href":"https:\/\/www.heddata.se\/webbutik\/wp-json\/wp\/v2\/media?parent=90511"}],"wp:term":[{"taxonomy":"product_brand","embeddable":true,"href":"https:\/\/www.heddata.se\/webbutik\/wp-json\/wp\/v2\/product_brand?post=90511"},{"taxonomy":"product_cat","embeddable":true,"href":"https:\/\/www.heddata.se\/webbutik\/wp-json\/wp\/v2\/product_cat?post=90511"},{"taxonomy":"product_tag","embeddable":true,"href":"https:\/\/www.heddata.se\/webbutik\/wp-json\/wp\/v2\/product_tag?post=90511"}],"curies":[{"name":"wp","href":"https:\/\/api.w.org\/{rel}","templated":true}]}}