{"id":90507,"date":"2020-10-28T11:18:12","date_gmt":"2020-10-28T10:18:12","guid":{"rendered":"https:\/\/www.heddata.se\/webbutik\/?post_type=product&#038;p=90507"},"modified":"2026-04-08T18:30:51","modified_gmt":"2026-04-08T16:30:51","slug":"huawei-e5576-320-mobile-wifi-modem","status":"publish","type":"product","link":"https:\/\/www.heddata.se\/webbutik\/produkt\/huawei-e5576-320-mobile-wifi-modem\/","title":{"rendered":"Huawei E5576-320 Mobile Wifi Modem"},"content":{"rendered":"<p>Huawei E5576-320 Mobile Wifi Modem<\/p>\n<p>Huawei E5576-320 \u00e4r en liten och smidig <a href=\"https:\/\/www.heddata.se\/webbutik\/produkt\/tp-link-ac750-w-less-dual-band-4g-lte-router-archer-mr200-v4\/\">mobilrouter<\/a> som ger dig snabb uppkoppling. Perfekt att ha med sig p\u00e5 resan. Den st\u00f6djer maximalt upp till 16 enheter och har en drifttid p\u00e5 6 timmar.<\/p>\n<table class=\"data-table\">\n<tbody>\n<tr class=\"odd\">\n<td class=\"spec-name\">Dimensioner (BxDxH)<\/td>\n<td class=\"spec-value\">10 cm x 5.8 cm x 1.4 cm<\/td>\n<\/tr>\n<tr class=\"even\">\n<td class=\"spec-name\">Max \u00f6verf\u00f6ringshastighet<\/td>\n<td class=\"spec-value\">150 Mbps<\/td>\n<\/tr>\n<tr class=\"odd\">\n<td class=\"spec-name\">Batteri<\/td>\n<td class=\"spec-value\">1500 mAh &#8211; upp till 6 timmar<\/td>\n<\/tr>\n<tr class=\"even\">\n<td class=\"spec-name\">Vikt<\/td>\n<td class=\"spec-value\">71 g<\/td>\n<\/tr>\n<tr class=\"odd\">\n<td class=\"spec-name\">Systemkrav<\/td>\n<td class=\"spec-value\">Apple MacOS X 10.9 eller senare, Microsoft Windows 7 \/ 8 \/ 8.1 \/ 10<\/td>\n<\/tr>\n<tr class=\"even\">\n<td class=\"spec-name\">Formfaktor<\/td>\n<td class=\"spec-value\">Extern<\/td>\n<\/tr>\n<tr class=\"odd\">\n<td class=\"spec-name\">Produktbeskrivning<\/td>\n<td class=\"spec-value\"><a href=\"https:\/\/consumer.huawei.com\/se\/\" target=\"_blank\" rel=\"noopener noreferrer\">Huawei<\/a> E5576-320 &#8211; mobil hotspot &#8211; 4G LTE<\/td>\n<\/tr>\n<tr class=\"even\">\n<td class=\"spec-name\">N\u00e4tverk<\/td>\n<td class=\"spec-value\">IEEE 802.11b, IEEE 802.11g, IEEE 802.11n<\/td>\n<\/tr>\n<tr class=\"odd\">\n<td class=\"spec-name\">Typ av enhet<\/td>\n<td class=\"spec-value\">Mobil hotspot<\/td>\n<\/tr>\n<tr class=\"even\">\n<td class=\"spec-name\">Cellul\u00e4rt protokoll<\/td>\n<td class=\"spec-value\">UMTS, HSDPA, HSUPA, HSPA+, DC-HSPA+, FDD LTE, TDD LTE<\/td>\n<\/tr>\n<tr class=\"odd\">\n<td class=\"spec-name\">F\u00e4rg<\/td>\n<td class=\"spec-value\">Vit<\/td>\n<\/tr>\n<\/tbody>\n<\/table>\n","protected":false},"excerpt":{"rendered":"<p>Huawei E5576-320 Mobile Wifi Modem<\/p>\n","protected":false},"featured_media":90509,"template":"","meta":[],"product_brand":[],"product_cat":[8975,70,8973,8974],"product_tag":[],"class_list":{"0":"post-90507","1":"product","2":"type-product","3":"status-publish","4":"has-post-thumbnail","6":"product_cat-4g","7":"product_cat-natverk","8":"product_cat-router","9":"product_cat-tradlos","11":"first","12":"outofstock","13":"taxable","14":"shipping-taxable","15":"product-type-simple"},"yoast_head":"<!-- This site is optimized with the Yoast SEO Premium plugin v26.7 (Yoast SEO v26.7) - https:\/\/yoast.com\/wordpress\/plugins\/seo\/ -->\n<title>Huawei E5576-320 Mobile Wifi Modem \u00e4r en liten och smidig mobilrouter<\/title>\n<meta name=\"description\" content=\"Huawei E5576-320 Mobile Wifi Modem \u00e4r en liten och smidig mobilrouter som ger dig snabb uppkoppling. Perfekt att ha med sig p\u00e5 resan.\" \/>\n<meta name=\"robots\" content=\"index, follow, max-snippet:-1, max-image-preview:large, max-video-preview:-1\" \/>\n<link rel=\"canonical\" href=\"https:\/\/www.heddata.se\/webbutik\/produkt\/huawei-e5576-320-mobile-wifi-modem\/\" \/>\n<meta property=\"og:locale\" content=\"sv_SE\" \/>\n<meta property=\"og:type\" content=\"article\" \/>\n<meta property=\"og:title\" content=\"Huawei E5576-320 Mobile Wifi Modem\" \/>\n<meta property=\"og:description\" content=\"Huawei E5576-320 Mobile Wifi Modem \u00e4r en liten och smidig mobilrouter som ger dig snabb uppkoppling. Perfekt att ha med sig p\u00e5 resan.\" \/>\n<meta property=\"og:url\" content=\"https:\/\/www.heddata.se\/webbutik\/produkt\/huawei-e5576-320-mobile-wifi-modem\/\" \/>\n<meta property=\"og:site_name\" content=\"Datorer, Skrivare, F\u00e4rgpatroner, Mobiltelefoner\" \/>\n<meta property=\"article:modified_time\" content=\"2026-04-08T16:30:51+00:00\" \/>\n<meta property=\"og:image\" content=\"https:\/\/www.heddata.se\/webbutik\/wp-content\/uploads\/webbutik\/kategorier\/natvark\/e5576-320.jpg\" \/>\n\t<meta property=\"og:image:width\" content=\"600\" \/>\n\t<meta property=\"og:image:height\" content=\"600\" \/>\n\t<meta property=\"og:image:type\" content=\"image\/jpeg\" \/>\n<meta name=\"twitter:card\" content=\"summary_large_image\" \/>\n<meta name=\"twitter:label1\" content=\"Ber\u00e4knad l\u00e4stid\" \/>\n\t<meta name=\"twitter:data1\" content=\"1 minut\" \/>\n<script type=\"application\/ld+json\" class=\"yoast-schema-graph\">{\"@context\":\"https:\/\/schema.org\",\"@graph\":[{\"@type\":\"WebPage\",\"@id\":\"https:\/\/www.heddata.se\/webbutik\/produkt\/huawei-e5576-320-mobile-wifi-modem\/\",\"url\":\"https:\/\/www.heddata.se\/webbutik\/produkt\/huawei-e5576-320-mobile-wifi-modem\/\",\"name\":\"Huawei E5576-320 Mobile Wifi Modem \u00e4r en liten och smidig mobilrouter\",\"isPartOf\":{\"@id\":\"https:\/\/www.heddata.se\/webbutik\/#website\"},\"primaryImageOfPage\":{\"@id\":\"https:\/\/www.heddata.se\/webbutik\/produkt\/huawei-e5576-320-mobile-wifi-modem\/#primaryimage\"},\"image\":{\"@id\":\"https:\/\/www.heddata.se\/webbutik\/produkt\/huawei-e5576-320-mobile-wifi-modem\/#primaryimage\"},\"thumbnailUrl\":\"https:\/\/www.heddata.se\/webbutik\/wp-content\/uploads\/webbutik\/kategorier\/natvark\/e5576-320.jpg\",\"datePublished\":\"2020-10-28T10:18:12+00:00\",\"dateModified\":\"2026-04-08T16:30:51+00:00\",\"description\":\"Huawei E5576-320 Mobile Wifi Modem \u00e4r en liten och smidig mobilrouter som ger dig snabb uppkoppling. Perfekt att ha med sig p\u00e5 resan.\",\"breadcrumb\":{\"@id\":\"https:\/\/www.heddata.se\/webbutik\/produkt\/huawei-e5576-320-mobile-wifi-modem\/#breadcrumb\"},\"inLanguage\":\"sv-SE\",\"potentialAction\":[{\"@type\":\"ReadAction\",\"target\":[\"https:\/\/www.heddata.se\/webbutik\/produkt\/huawei-e5576-320-mobile-wifi-modem\/\"]}]},{\"@type\":\"ImageObject\",\"inLanguage\":\"sv-SE\",\"@id\":\"https:\/\/www.heddata.se\/webbutik\/produkt\/huawei-e5576-320-mobile-wifi-modem\/#primaryimage\",\"url\":\"https:\/\/www.heddata.se\/webbutik\/wp-content\/uploads\/webbutik\/kategorier\/natvark\/e5576-320.jpg\",\"contentUrl\":\"https:\/\/www.heddata.se\/webbutik\/wp-content\/uploads\/webbutik\/kategorier\/natvark\/e5576-320.jpg\",\"width\":600,\"height\":600,\"caption\":\"Huawei E5576-320 Mobile Wifi\"},{\"@type\":\"BreadcrumbList\",\"@id\":\"https:\/\/www.heddata.se\/webbutik\/produkt\/huawei-e5576-320-mobile-wifi-modem\/#breadcrumb\",\"itemListElement\":[{\"@type\":\"ListItem\",\"position\":1,\"name\":\"Hem\",\"item\":\"https:\/\/www.heddata.se\/webbutik\/\"},{\"@type\":\"ListItem\",\"position\":2,\"name\":\"Produkter\",\"item\":\"https:\/\/www.heddata.se\/webbutik\/shop\/\"},{\"@type\":\"ListItem\",\"position\":3,\"name\":\"Huawei E5576-320 Mobile Wifi Modem\"}]},{\"@type\":\"WebSite\",\"@id\":\"https:\/\/www.heddata.se\/webbutik\/#website\",\"url\":\"https:\/\/www.heddata.se\/webbutik\/\",\"name\":\"Datorer, Skrivare, F\u00e4rgpatroner, Mobiltelefoner\",\"description\":\"Kablar\",\"publisher\":{\"@id\":\"https:\/\/www.heddata.se\/webbutik\/#organization\"},\"potentialAction\":[{\"@type\":\"SearchAction\",\"target\":{\"@type\":\"EntryPoint\",\"urlTemplate\":\"https:\/\/www.heddata.se\/webbutik\/?s={search_term_string}\"},\"query-input\":{\"@type\":\"PropertyValueSpecification\",\"valueRequired\":true,\"valueName\":\"search_term_string\"}}],\"inLanguage\":\"sv-SE\"},{\"@type\":\"Organization\",\"@id\":\"https:\/\/www.heddata.se\/webbutik\/#organization\",\"name\":\"Heddata AB\",\"url\":\"https:\/\/www.heddata.se\/webbutik\/\",\"logo\":{\"@type\":\"ImageObject\",\"inLanguage\":\"sv-SE\",\"@id\":\"https:\/\/www.heddata.se\/webbutik\/#\/schema\/logo\/image\/\",\"url\":\"https:\/\/www.heddata.se\/webbutik\/wp-content\/uploads\/logga\/heddata-ab-logga.png\",\"contentUrl\":\"https:\/\/www.heddata.se\/webbutik\/wp-content\/uploads\/logga\/heddata-ab-logga.png\",\"width\":200,\"height\":64,\"caption\":\"Heddata AB\"},\"image\":{\"@id\":\"https:\/\/www.heddata.se\/webbutik\/#\/schema\/logo\/image\/\"}}]}<\/script>\n<!-- \/ Yoast SEO Premium plugin. -->","yoast_head_json":{"title":"Huawei E5576-320 Mobile Wifi Modem \u00e4r en liten och smidig mobilrouter","description":"Huawei E5576-320 Mobile Wifi Modem \u00e4r en liten och smidig mobilrouter som ger dig snabb uppkoppling. Perfekt att ha med sig p\u00e5 resan.","robots":{"index":"index","follow":"follow","max-snippet":"max-snippet:-1","max-image-preview":"max-image-preview:large","max-video-preview":"max-video-preview:-1"},"canonical":"https:\/\/www.heddata.se\/webbutik\/produkt\/huawei-e5576-320-mobile-wifi-modem\/","og_locale":"sv_SE","og_type":"article","og_title":"Huawei E5576-320 Mobile Wifi Modem","og_description":"Huawei E5576-320 Mobile Wifi Modem \u00e4r en liten och smidig mobilrouter som ger dig snabb uppkoppling. Perfekt att ha med sig p\u00e5 resan.","og_url":"https:\/\/www.heddata.se\/webbutik\/produkt\/huawei-e5576-320-mobile-wifi-modem\/","og_site_name":"Datorer, Skrivare, F\u00e4rgpatroner, Mobiltelefoner","article_modified_time":"2026-04-08T16:30:51+00:00","og_image":[{"width":600,"height":600,"url":"https:\/\/www.heddata.se\/webbutik\/wp-content\/uploads\/webbutik\/kategorier\/natvark\/e5576-320.jpg","type":"image\/jpeg"}],"twitter_card":"summary_large_image","twitter_misc":{"Ber\u00e4knad l\u00e4stid":"1 minut"},"schema":{"@context":"https:\/\/schema.org","@graph":[{"@type":"WebPage","@id":"https:\/\/www.heddata.se\/webbutik\/produkt\/huawei-e5576-320-mobile-wifi-modem\/","url":"https:\/\/www.heddata.se\/webbutik\/produkt\/huawei-e5576-320-mobile-wifi-modem\/","name":"Huawei E5576-320 Mobile Wifi Modem \u00e4r en liten och smidig mobilrouter","isPartOf":{"@id":"https:\/\/www.heddata.se\/webbutik\/#website"},"primaryImageOfPage":{"@id":"https:\/\/www.heddata.se\/webbutik\/produkt\/huawei-e5576-320-mobile-wifi-modem\/#primaryimage"},"image":{"@id":"https:\/\/www.heddata.se\/webbutik\/produkt\/huawei-e5576-320-mobile-wifi-modem\/#primaryimage"},"thumbnailUrl":"https:\/\/www.heddata.se\/webbutik\/wp-content\/uploads\/webbutik\/kategorier\/natvark\/e5576-320.jpg","datePublished":"2020-10-28T10:18:12+00:00","dateModified":"2026-04-08T16:30:51+00:00","description":"Huawei E5576-320 Mobile Wifi Modem \u00e4r en liten och smidig mobilrouter som ger dig snabb uppkoppling. Perfekt att ha med sig p\u00e5 resan.","breadcrumb":{"@id":"https:\/\/www.heddata.se\/webbutik\/produkt\/huawei-e5576-320-mobile-wifi-modem\/#breadcrumb"},"inLanguage":"sv-SE","potentialAction":[{"@type":"ReadAction","target":["https:\/\/www.heddata.se\/webbutik\/produkt\/huawei-e5576-320-mobile-wifi-modem\/"]}]},{"@type":"ImageObject","inLanguage":"sv-SE","@id":"https:\/\/www.heddata.se\/webbutik\/produkt\/huawei-e5576-320-mobile-wifi-modem\/#primaryimage","url":"https:\/\/www.heddata.se\/webbutik\/wp-content\/uploads\/webbutik\/kategorier\/natvark\/e5576-320.jpg","contentUrl":"https:\/\/www.heddata.se\/webbutik\/wp-content\/uploads\/webbutik\/kategorier\/natvark\/e5576-320.jpg","width":600,"height":600,"caption":"Huawei E5576-320 Mobile Wifi"},{"@type":"BreadcrumbList","@id":"https:\/\/www.heddata.se\/webbutik\/produkt\/huawei-e5576-320-mobile-wifi-modem\/#breadcrumb","itemListElement":[{"@type":"ListItem","position":1,"name":"Hem","item":"https:\/\/www.heddata.se\/webbutik\/"},{"@type":"ListItem","position":2,"name":"Produkter","item":"https:\/\/www.heddata.se\/webbutik\/shop\/"},{"@type":"ListItem","position":3,"name":"Huawei E5576-320 Mobile Wifi Modem"}]},{"@type":"WebSite","@id":"https:\/\/www.heddata.se\/webbutik\/#website","url":"https:\/\/www.heddata.se\/webbutik\/","name":"Datorer, Skrivare, F\u00e4rgpatroner, Mobiltelefoner","description":"Kablar","publisher":{"@id":"https:\/\/www.heddata.se\/webbutik\/#organization"},"potentialAction":[{"@type":"SearchAction","target":{"@type":"EntryPoint","urlTemplate":"https:\/\/www.heddata.se\/webbutik\/?s={search_term_string}"},"query-input":{"@type":"PropertyValueSpecification","valueRequired":true,"valueName":"search_term_string"}}],"inLanguage":"sv-SE"},{"@type":"Organization","@id":"https:\/\/www.heddata.se\/webbutik\/#organization","name":"Heddata AB","url":"https:\/\/www.heddata.se\/webbutik\/","logo":{"@type":"ImageObject","inLanguage":"sv-SE","@id":"https:\/\/www.heddata.se\/webbutik\/#\/schema\/logo\/image\/","url":"https:\/\/www.heddata.se\/webbutik\/wp-content\/uploads\/logga\/heddata-ab-logga.png","contentUrl":"https:\/\/www.heddata.se\/webbutik\/wp-content\/uploads\/logga\/heddata-ab-logga.png","width":200,"height":64,"caption":"Heddata AB"},"image":{"@id":"https:\/\/www.heddata.se\/webbutik\/#\/schema\/logo\/image\/"}}]}},"_links":{"self":[{"href":"https:\/\/www.heddata.se\/webbutik\/wp-json\/wp\/v2\/product\/90507","targetHints":{"allow":["GET"]}}],"collection":[{"href":"https:\/\/www.heddata.se\/webbutik\/wp-json\/wp\/v2\/product"}],"about":[{"href":"https:\/\/www.heddata.se\/webbutik\/wp-json\/wp\/v2\/types\/product"}],"wp:featuredmedia":[{"embeddable":true,"href":"https:\/\/www.heddata.se\/webbutik\/wp-json\/wp\/v2\/media\/90509"}],"wp:attachment":[{"href":"https:\/\/www.heddata.se\/webbutik\/wp-json\/wp\/v2\/media?parent=90507"}],"wp:term":[{"taxonomy":"product_brand","embeddable":true,"href":"https:\/\/www.heddata.se\/webbutik\/wp-json\/wp\/v2\/product_brand?post=90507"},{"taxonomy":"product_cat","embeddable":true,"href":"https:\/\/www.heddata.se\/webbutik\/wp-json\/wp\/v2\/product_cat?post=90507"},{"taxonomy":"product_tag","embeddable":true,"href":"https:\/\/www.heddata.se\/webbutik\/wp-json\/wp\/v2\/product_tag?post=90507"}],"curies":[{"name":"wp","href":"https:\/\/api.w.org\/{rel}","templated":true}]}}