{"id":90489,"date":"2020-10-23T14:18:18","date_gmt":"2020-10-23T12:18:18","guid":{"rendered":"https:\/\/www.heddata.se\/webbutik\/?post_type=product&#038;p=90489"},"modified":"2026-04-07T11:06:09","modified_gmt":"2026-04-07T09:06:09","slug":"ubiquiti-unifi-flex","status":"publish","type":"product","link":"https:\/\/www.heddata.se\/webbutik\/produkt\/ubiquiti-unifi-flex\/","title":{"rendered":"Ubiquiti UniFi Flex"},"content":{"rendered":"<p>Ubiquiti UniFi Flex<\/p>\n<p id=\"productOneliner\" class=\"oneliner\">Flexibel switch som kan k\u00f6ras utomhus med b\u00e5de PoE in och PoE ut<\/p>\n<p>Ubiquiti USW-Flex UniFi switch 5-portar, vit<\/p>\n<p>Bygg och expandera ditt <a href=\"https:\/\/www.heddata.se\/webbutik\/natverk\/\">n\u00e4tverk<\/a> med UniFi Switch, USW-Flex \u00e4r en konfigurerbar layer 2 Gigabit switch med automatiskt 802.3af PoE avk\u00e4nning. den erbjuder 5 RJ45 Gigabit Ethernet portar, 1 PoE ing\u00e5ng och 4 PoE utg\u00e5ngar till dina enheter.<\/p>\n<p><a href=\"https:\/\/www.ui.com\/\" target=\"_blank\" rel=\"noopener noreferrer\">UniFi<\/a> switch kommer med en PoE in-port f\u00f6r str\u00f6m och fyra andra PoE portar f\u00f6r att f\u00f6rse upp till 15W PoE uteffekt f\u00f6r att ge str\u00f6m till en UniFi accesspunkt eller till andra PoE enheter. Med 802.3bt klassade PoE switchar (USW-Pro-48-PoE, USW-Pro-24-PoE och USW-Industri switchar, s\u00e4ljs separat) som str\u00f6mk\u00e4lla, s\u00e5 st\u00f6djer USW-Flex maximalt 46W PoE uteffekt. USW-Flex har ett v\u00e4dert\u00e5ligt h\u00f6lje och erbjuder m\u00e5ngsidiga monteringsalternativ.<\/p>\n<p>Hanteras och konfigureras av UniFi Controller eller UniFi Mobil-appen, UniFi switch flex erbjuder grundl\u00e4ggande layer 2 omkopplingsprotokoll och funktioner. UniFi controller och mobil-appen till\u00e5ter administrat\u00f6rer att konfigurera och \u00f6vervaka praktiskt taget alla funktioner med ett grafiskt anv\u00e4ndargr\u00e4nssnitt fr\u00e5n vart som helst.<\/p>\n<p>PoE Flexibilitet<br \/>\nM\u00e5ngsidig montering<br \/>\ninom\/utomhus anv\u00e4ndning<br \/>\ns\u00f6ml\u00f6s integrering<br \/>\n5 RJ45 Gigabit Ethernet portar<br \/>\nAuto-avk\u00e4nning 802.3af PoE<\/p>\n<p>Dimensioner: (LxBxH) 122.5&#215;107.1&#215;28 mm<\/p>\n<p>Vikt: 230 g<\/p>\n","protected":false},"excerpt":{"rendered":"<p>Ubiquiti UniFi Flex<\/p>\n","protected":false},"featured_media":90501,"template":"","meta":[],"product_brand":[],"product_cat":[70,8978],"product_tag":[4312],"class_list":{"0":"post-90489","1":"product","2":"type-product","3":"status-publish","4":"has-post-thumbnail","6":"product_cat-natverk","7":"product_cat-switchar","8":"product_tag-ubiquiti","10":"first","11":"outofstock","12":"taxable","13":"shipping-taxable","14":"product-type-simple"},"yoast_head":"<!-- This site is optimized with the Yoast SEO Premium plugin v26.7 (Yoast SEO v26.7) - https:\/\/yoast.com\/wordpress\/plugins\/seo\/ -->\n<title>Ubiquiti UniFi Flex. Bygg och expandera ditt n\u00e4tverk med UniFi Switch<\/title>\n<meta name=\"description\" content=\"Ubiquiti UniFi Flex. Bygg och expandera ditt n\u00e4tverk med UniFi Switch, USW-Flex \u00e4r en konfigurerbar layer 2 Gigabit switch\" \/>\n<meta name=\"robots\" content=\"index, follow, max-snippet:-1, max-image-preview:large, max-video-preview:-1\" \/>\n<link rel=\"canonical\" href=\"https:\/\/www.heddata.se\/webbutik\/produkt\/ubiquiti-unifi-flex\/\" \/>\n<meta property=\"og:locale\" content=\"sv_SE\" \/>\n<meta property=\"og:type\" content=\"article\" \/>\n<meta property=\"og:title\" content=\"Ubiquiti UniFi Flex\" \/>\n<meta property=\"og:description\" content=\"Ubiquiti UniFi Flex. Bygg och expandera ditt n\u00e4tverk med UniFi Switch, USW-Flex \u00e4r en konfigurerbar layer 2 Gigabit switch\" \/>\n<meta property=\"og:url\" content=\"https:\/\/www.heddata.se\/webbutik\/produkt\/ubiquiti-unifi-flex\/\" \/>\n<meta property=\"og:site_name\" content=\"Datorer, Skrivare, F\u00e4rgpatroner, Mobiltelefoner\" \/>\n<meta property=\"article:modified_time\" content=\"2026-04-07T09:06:09+00:00\" \/>\n<meta property=\"og:image\" content=\"https:\/\/www.heddata.se\/webbutik\/wp-content\/uploads\/ubiquiti-unifi-flex1.jpg\" \/>\n\t<meta property=\"og:image:width\" content=\"720\" \/>\n\t<meta property=\"og:image:height\" content=\"720\" \/>\n\t<meta property=\"og:image:type\" content=\"image\/jpeg\" \/>\n<meta name=\"twitter:card\" content=\"summary_large_image\" \/>\n<meta name=\"twitter:label1\" content=\"Ber\u00e4knad l\u00e4stid\" \/>\n\t<meta name=\"twitter:data1\" content=\"1 minut\" \/>\n<script type=\"application\/ld+json\" class=\"yoast-schema-graph\">{\"@context\":\"https:\/\/schema.org\",\"@graph\":[{\"@type\":\"WebPage\",\"@id\":\"https:\/\/www.heddata.se\/webbutik\/produkt\/ubiquiti-unifi-flex\/\",\"url\":\"https:\/\/www.heddata.se\/webbutik\/produkt\/ubiquiti-unifi-flex\/\",\"name\":\"Ubiquiti UniFi Flex. Bygg och expandera ditt n\u00e4tverk med UniFi Switch\",\"isPartOf\":{\"@id\":\"https:\/\/www.heddata.se\/webbutik\/#website\"},\"primaryImageOfPage\":{\"@id\":\"https:\/\/www.heddata.se\/webbutik\/produkt\/ubiquiti-unifi-flex\/#primaryimage\"},\"image\":{\"@id\":\"https:\/\/www.heddata.se\/webbutik\/produkt\/ubiquiti-unifi-flex\/#primaryimage\"},\"thumbnailUrl\":\"https:\/\/www.heddata.se\/webbutik\/wp-content\/uploads\/ubiquiti-unifi-flex1.jpg\",\"datePublished\":\"2020-10-23T12:18:18+00:00\",\"dateModified\":\"2026-04-07T09:06:09+00:00\",\"description\":\"Ubiquiti UniFi Flex. Bygg och expandera ditt n\u00e4tverk med UniFi Switch, USW-Flex \u00e4r en konfigurerbar layer 2 Gigabit switch\",\"breadcrumb\":{\"@id\":\"https:\/\/www.heddata.se\/webbutik\/produkt\/ubiquiti-unifi-flex\/#breadcrumb\"},\"inLanguage\":\"sv-SE\",\"potentialAction\":[{\"@type\":\"ReadAction\",\"target\":[\"https:\/\/www.heddata.se\/webbutik\/produkt\/ubiquiti-unifi-flex\/\"]}]},{\"@type\":\"ImageObject\",\"inLanguage\":\"sv-SE\",\"@id\":\"https:\/\/www.heddata.se\/webbutik\/produkt\/ubiquiti-unifi-flex\/#primaryimage\",\"url\":\"https:\/\/www.heddata.se\/webbutik\/wp-content\/uploads\/ubiquiti-unifi-flex1.jpg\",\"contentUrl\":\"https:\/\/www.heddata.se\/webbutik\/wp-content\/uploads\/ubiquiti-unifi-flex1.jpg\",\"width\":720,\"height\":720,\"caption\":\"Ubiquiti UniFi Flex\"},{\"@type\":\"BreadcrumbList\",\"@id\":\"https:\/\/www.heddata.se\/webbutik\/produkt\/ubiquiti-unifi-flex\/#breadcrumb\",\"itemListElement\":[{\"@type\":\"ListItem\",\"position\":1,\"name\":\"Hem\",\"item\":\"https:\/\/www.heddata.se\/webbutik\/\"},{\"@type\":\"ListItem\",\"position\":2,\"name\":\"Produkter\",\"item\":\"https:\/\/www.heddata.se\/webbutik\/shop\/\"},{\"@type\":\"ListItem\",\"position\":3,\"name\":\"Ubiquiti UniFi Flex\"}]},{\"@type\":\"WebSite\",\"@id\":\"https:\/\/www.heddata.se\/webbutik\/#website\",\"url\":\"https:\/\/www.heddata.se\/webbutik\/\",\"name\":\"Datorer, Skrivare, F\u00e4rgpatroner, Mobiltelefoner\",\"description\":\"Kablar\",\"publisher\":{\"@id\":\"https:\/\/www.heddata.se\/webbutik\/#organization\"},\"potentialAction\":[{\"@type\":\"SearchAction\",\"target\":{\"@type\":\"EntryPoint\",\"urlTemplate\":\"https:\/\/www.heddata.se\/webbutik\/?s={search_term_string}\"},\"query-input\":{\"@type\":\"PropertyValueSpecification\",\"valueRequired\":true,\"valueName\":\"search_term_string\"}}],\"inLanguage\":\"sv-SE\"},{\"@type\":\"Organization\",\"@id\":\"https:\/\/www.heddata.se\/webbutik\/#organization\",\"name\":\"Heddata AB\",\"url\":\"https:\/\/www.heddata.se\/webbutik\/\",\"logo\":{\"@type\":\"ImageObject\",\"inLanguage\":\"sv-SE\",\"@id\":\"https:\/\/www.heddata.se\/webbutik\/#\/schema\/logo\/image\/\",\"url\":\"https:\/\/www.heddata.se\/webbutik\/wp-content\/uploads\/logga\/heddata-ab-logga.png\",\"contentUrl\":\"https:\/\/www.heddata.se\/webbutik\/wp-content\/uploads\/logga\/heddata-ab-logga.png\",\"width\":200,\"height\":64,\"caption\":\"Heddata AB\"},\"image\":{\"@id\":\"https:\/\/www.heddata.se\/webbutik\/#\/schema\/logo\/image\/\"}}]}<\/script>\n<!-- \/ Yoast SEO Premium plugin. -->","yoast_head_json":{"title":"Ubiquiti UniFi Flex. Bygg och expandera ditt n\u00e4tverk med UniFi Switch","description":"Ubiquiti UniFi Flex. Bygg och expandera ditt n\u00e4tverk med UniFi Switch, USW-Flex \u00e4r en konfigurerbar layer 2 Gigabit switch","robots":{"index":"index","follow":"follow","max-snippet":"max-snippet:-1","max-image-preview":"max-image-preview:large","max-video-preview":"max-video-preview:-1"},"canonical":"https:\/\/www.heddata.se\/webbutik\/produkt\/ubiquiti-unifi-flex\/","og_locale":"sv_SE","og_type":"article","og_title":"Ubiquiti UniFi Flex","og_description":"Ubiquiti UniFi Flex. Bygg och expandera ditt n\u00e4tverk med UniFi Switch, USW-Flex \u00e4r en konfigurerbar layer 2 Gigabit switch","og_url":"https:\/\/www.heddata.se\/webbutik\/produkt\/ubiquiti-unifi-flex\/","og_site_name":"Datorer, Skrivare, F\u00e4rgpatroner, Mobiltelefoner","article_modified_time":"2026-04-07T09:06:09+00:00","og_image":[{"width":720,"height":720,"url":"https:\/\/www.heddata.se\/webbutik\/wp-content\/uploads\/ubiquiti-unifi-flex1.jpg","type":"image\/jpeg"}],"twitter_card":"summary_large_image","twitter_misc":{"Ber\u00e4knad l\u00e4stid":"1 minut"},"schema":{"@context":"https:\/\/schema.org","@graph":[{"@type":"WebPage","@id":"https:\/\/www.heddata.se\/webbutik\/produkt\/ubiquiti-unifi-flex\/","url":"https:\/\/www.heddata.se\/webbutik\/produkt\/ubiquiti-unifi-flex\/","name":"Ubiquiti UniFi Flex. Bygg och expandera ditt n\u00e4tverk med UniFi Switch","isPartOf":{"@id":"https:\/\/www.heddata.se\/webbutik\/#website"},"primaryImageOfPage":{"@id":"https:\/\/www.heddata.se\/webbutik\/produkt\/ubiquiti-unifi-flex\/#primaryimage"},"image":{"@id":"https:\/\/www.heddata.se\/webbutik\/produkt\/ubiquiti-unifi-flex\/#primaryimage"},"thumbnailUrl":"https:\/\/www.heddata.se\/webbutik\/wp-content\/uploads\/ubiquiti-unifi-flex1.jpg","datePublished":"2020-10-23T12:18:18+00:00","dateModified":"2026-04-07T09:06:09+00:00","description":"Ubiquiti UniFi Flex. Bygg och expandera ditt n\u00e4tverk med UniFi Switch, USW-Flex \u00e4r en konfigurerbar layer 2 Gigabit switch","breadcrumb":{"@id":"https:\/\/www.heddata.se\/webbutik\/produkt\/ubiquiti-unifi-flex\/#breadcrumb"},"inLanguage":"sv-SE","potentialAction":[{"@type":"ReadAction","target":["https:\/\/www.heddata.se\/webbutik\/produkt\/ubiquiti-unifi-flex\/"]}]},{"@type":"ImageObject","inLanguage":"sv-SE","@id":"https:\/\/www.heddata.se\/webbutik\/produkt\/ubiquiti-unifi-flex\/#primaryimage","url":"https:\/\/www.heddata.se\/webbutik\/wp-content\/uploads\/ubiquiti-unifi-flex1.jpg","contentUrl":"https:\/\/www.heddata.se\/webbutik\/wp-content\/uploads\/ubiquiti-unifi-flex1.jpg","width":720,"height":720,"caption":"Ubiquiti UniFi Flex"},{"@type":"BreadcrumbList","@id":"https:\/\/www.heddata.se\/webbutik\/produkt\/ubiquiti-unifi-flex\/#breadcrumb","itemListElement":[{"@type":"ListItem","position":1,"name":"Hem","item":"https:\/\/www.heddata.se\/webbutik\/"},{"@type":"ListItem","position":2,"name":"Produkter","item":"https:\/\/www.heddata.se\/webbutik\/shop\/"},{"@type":"ListItem","position":3,"name":"Ubiquiti UniFi Flex"}]},{"@type":"WebSite","@id":"https:\/\/www.heddata.se\/webbutik\/#website","url":"https:\/\/www.heddata.se\/webbutik\/","name":"Datorer, Skrivare, F\u00e4rgpatroner, Mobiltelefoner","description":"Kablar","publisher":{"@id":"https:\/\/www.heddata.se\/webbutik\/#organization"},"potentialAction":[{"@type":"SearchAction","target":{"@type":"EntryPoint","urlTemplate":"https:\/\/www.heddata.se\/webbutik\/?s={search_term_string}"},"query-input":{"@type":"PropertyValueSpecification","valueRequired":true,"valueName":"search_term_string"}}],"inLanguage":"sv-SE"},{"@type":"Organization","@id":"https:\/\/www.heddata.se\/webbutik\/#organization","name":"Heddata AB","url":"https:\/\/www.heddata.se\/webbutik\/","logo":{"@type":"ImageObject","inLanguage":"sv-SE","@id":"https:\/\/www.heddata.se\/webbutik\/#\/schema\/logo\/image\/","url":"https:\/\/www.heddata.se\/webbutik\/wp-content\/uploads\/logga\/heddata-ab-logga.png","contentUrl":"https:\/\/www.heddata.se\/webbutik\/wp-content\/uploads\/logga\/heddata-ab-logga.png","width":200,"height":64,"caption":"Heddata AB"},"image":{"@id":"https:\/\/www.heddata.se\/webbutik\/#\/schema\/logo\/image\/"}}]}},"_links":{"self":[{"href":"https:\/\/www.heddata.se\/webbutik\/wp-json\/wp\/v2\/product\/90489","targetHints":{"allow":["GET"]}}],"collection":[{"href":"https:\/\/www.heddata.se\/webbutik\/wp-json\/wp\/v2\/product"}],"about":[{"href":"https:\/\/www.heddata.se\/webbutik\/wp-json\/wp\/v2\/types\/product"}],"wp:featuredmedia":[{"embeddable":true,"href":"https:\/\/www.heddata.se\/webbutik\/wp-json\/wp\/v2\/media\/90501"}],"wp:attachment":[{"href":"https:\/\/www.heddata.se\/webbutik\/wp-json\/wp\/v2\/media?parent=90489"}],"wp:term":[{"taxonomy":"product_brand","embeddable":true,"href":"https:\/\/www.heddata.se\/webbutik\/wp-json\/wp\/v2\/product_brand?post=90489"},{"taxonomy":"product_cat","embeddable":true,"href":"https:\/\/www.heddata.se\/webbutik\/wp-json\/wp\/v2\/product_cat?post=90489"},{"taxonomy":"product_tag","embeddable":true,"href":"https:\/\/www.heddata.se\/webbutik\/wp-json\/wp\/v2\/product_tag?post=90489"}],"curies":[{"name":"wp","href":"https:\/\/api.w.org\/{rel}","templated":true}]}}