{"id":90462,"date":"2020-10-22T15:18:08","date_gmt":"2020-10-22T13:18:08","guid":{"rendered":"https:\/\/www.heddata.se\/webbutik\/?post_type=product&#038;p=90462"},"modified":"2026-04-08T12:30:25","modified_gmt":"2026-04-08T10:30:25","slug":"logitech-stereo-headset-h110-3-5mm","status":"publish","type":"product","link":"https:\/\/www.heddata.se\/webbutik\/produkt\/logitech-stereo-headset-h110-3-5mm\/","title":{"rendered":"Logitech Stereo Headset H110, 3.5mm"},"content":{"rendered":"<p>Logitech Stereo Headset H110, 3.5mm<\/p>\n<h4><b>Beskrivning:<\/b><\/h4>\n<div>\nLogitech Stereo Headset H110 \u00e4r ett m\u00e5ngsidigt <a href=\"https:\/\/www.heddata.se\/webbutik\/horlurar-headset\/\">stereoheadset<\/a> som \u00e4r perfekt n\u00e4r du vill prata med v\u00e4nner p\u00e5 n\u00e4tet. Mikrofonen minskar bakgrundsljudet och den du pratar med h\u00f6r vartenda ord. N\u00e4r du inte l\u00e4ngre beh\u00f6ver g\u00f6ra din r\u00f6st h\u00f6rd \u00e4r det bara att vrida undan mikrofonen. Varf\u00f6r n\u00f6ja dig med ip-telefoni? <a href=\"https:\/\/www.logitech.com\/sv-se\" target=\"_blank\" rel=\"noopener noreferrer\">Headsetet<\/a> fungerar lika bra f\u00f6r musik, filmer och spel. Bygeln kan justeras s\u00e5 att den passar just dig och du kan v\u00e4lja att ha mikrofonen p\u00e5 v\u00e4nster eller p\u00e5 h\u00f6ger sida.<\/div>\n<div><\/div>\n<h4><b>Specifikationer:<\/b><\/h4>\n<div>\n<table border=\"0\" cellspacing=\"0\" cellpadding=\"0\">\n<tbody>\n<tr>\n<td>Kabell\u00e4ngd<\/td>\n<td>1.8 m<\/td>\n<\/tr>\n<tr>\n<td>H\u00f6rlurar frekvens<\/td>\n<td>20 &#8211; 20.000 Hz<\/td>\n<\/tr>\n<\/tbody>\n<\/table>\n<\/div>\n","protected":false},"excerpt":{"rendered":"<p>Logitech Stereo Headset H110, 3.5mm<\/p>\n","protected":false},"featured_media":90469,"template":"","meta":[],"product_brand":[],"product_cat":[126,8997,119],"product_tag":[],"class_list":{"0":"post-90462","1":"product","2":"type-product","3":"status-publish","4":"has-post-thumbnail","6":"product_cat-headset-horlurar-med-mikrofon","7":"product_cat-headset-och-horlurar-med-sladd","8":"product_cat-horlurar-headset","10":"first","11":"outofstock","12":"taxable","13":"shipping-taxable","14":"purchasable","15":"product-type-simple"},"yoast_head":"<!-- This site is optimized with the Yoast SEO Premium plugin v26.7 (Yoast SEO v26.7) - https:\/\/yoast.com\/wordpress\/plugins\/seo\/ -->\n<title>Logitech Stereo Headset H110, 3.5mm Ett m\u00e5ngsidigt stereoheadset<\/title>\n<meta name=\"description\" content=\"Logitech Stereo Headset H110, 3.5mm Ett m\u00e5ngsidigt stereoheadset som \u00e4r perfekt n\u00e4r du vill prata med v\u00e4nner p\u00e5 n\u00e4tet.\" \/>\n<meta name=\"robots\" content=\"index, follow, max-snippet:-1, max-image-preview:large, max-video-preview:-1\" \/>\n<link rel=\"canonical\" href=\"https:\/\/www.heddata.se\/webbutik\/produkt\/logitech-stereo-headset-h110-3-5mm\/\" \/>\n<meta property=\"og:locale\" content=\"sv_SE\" \/>\n<meta property=\"og:type\" content=\"article\" \/>\n<meta property=\"og:title\" content=\"Logitech Stereo Headset H110, 3.5mm\" \/>\n<meta property=\"og:description\" content=\"Logitech Stereo Headset H110, 3.5mm Ett m\u00e5ngsidigt stereoheadset som \u00e4r perfekt n\u00e4r du vill prata med v\u00e4nner p\u00e5 n\u00e4tet.\" \/>\n<meta property=\"og:url\" content=\"https:\/\/www.heddata.se\/webbutik\/produkt\/logitech-stereo-headset-h110-3-5mm\/\" \/>\n<meta property=\"og:site_name\" content=\"Datorer, Skrivare, F\u00e4rgpatroner, Mobiltelefoner\" \/>\n<meta property=\"article:modified_time\" content=\"2026-04-08T10:30:25+00:00\" \/>\n<meta property=\"og:image\" content=\"https:\/\/www.heddata.se\/webbutik\/wp-content\/uploads\/webbutik\/kategorier\/horlurar\/981-000271.jpg\" \/>\n\t<meta property=\"og:image:width\" content=\"375\" \/>\n\t<meta property=\"og:image:height\" content=\"375\" \/>\n\t<meta property=\"og:image:type\" content=\"image\/jpeg\" \/>\n<meta name=\"twitter:card\" content=\"summary_large_image\" \/>\n<meta name=\"twitter:label1\" content=\"Ber\u00e4knad l\u00e4stid\" \/>\n\t<meta name=\"twitter:data1\" content=\"1 minut\" \/>\n<script type=\"application\/ld+json\" class=\"yoast-schema-graph\">{\"@context\":\"https:\/\/schema.org\",\"@graph\":[{\"@type\":\"WebPage\",\"@id\":\"https:\/\/www.heddata.se\/webbutik\/produkt\/logitech-stereo-headset-h110-3-5mm\/\",\"url\":\"https:\/\/www.heddata.se\/webbutik\/produkt\/logitech-stereo-headset-h110-3-5mm\/\",\"name\":\"Logitech Stereo Headset H110, 3.5mm Ett m\u00e5ngsidigt stereoheadset\",\"isPartOf\":{\"@id\":\"https:\/\/www.heddata.se\/webbutik\/#website\"},\"primaryImageOfPage\":{\"@id\":\"https:\/\/www.heddata.se\/webbutik\/produkt\/logitech-stereo-headset-h110-3-5mm\/#primaryimage\"},\"image\":{\"@id\":\"https:\/\/www.heddata.se\/webbutik\/produkt\/logitech-stereo-headset-h110-3-5mm\/#primaryimage\"},\"thumbnailUrl\":\"https:\/\/www.heddata.se\/webbutik\/wp-content\/uploads\/webbutik\/kategorier\/horlurar\/981-000271.jpg\",\"datePublished\":\"2020-10-22T13:18:08+00:00\",\"dateModified\":\"2026-04-08T10:30:25+00:00\",\"description\":\"Logitech Stereo Headset H110, 3.5mm Ett m\u00e5ngsidigt stereoheadset som \u00e4r perfekt n\u00e4r du vill prata med v\u00e4nner p\u00e5 n\u00e4tet.\",\"breadcrumb\":{\"@id\":\"https:\/\/www.heddata.se\/webbutik\/produkt\/logitech-stereo-headset-h110-3-5mm\/#breadcrumb\"},\"inLanguage\":\"sv-SE\",\"potentialAction\":[{\"@type\":\"ReadAction\",\"target\":[\"https:\/\/www.heddata.se\/webbutik\/produkt\/logitech-stereo-headset-h110-3-5mm\/\"]}]},{\"@type\":\"ImageObject\",\"inLanguage\":\"sv-SE\",\"@id\":\"https:\/\/www.heddata.se\/webbutik\/produkt\/logitech-stereo-headset-h110-3-5mm\/#primaryimage\",\"url\":\"https:\/\/www.heddata.se\/webbutik\/wp-content\/uploads\/webbutik\/kategorier\/horlurar\/981-000271.jpg\",\"contentUrl\":\"https:\/\/www.heddata.se\/webbutik\/wp-content\/uploads\/webbutik\/kategorier\/horlurar\/981-000271.jpg\",\"width\":375,\"height\":375,\"caption\":\"Logitech Stereo Headset H110\"},{\"@type\":\"BreadcrumbList\",\"@id\":\"https:\/\/www.heddata.se\/webbutik\/produkt\/logitech-stereo-headset-h110-3-5mm\/#breadcrumb\",\"itemListElement\":[{\"@type\":\"ListItem\",\"position\":1,\"name\":\"Hem\",\"item\":\"https:\/\/www.heddata.se\/webbutik\/\"},{\"@type\":\"ListItem\",\"position\":2,\"name\":\"Produkter\",\"item\":\"https:\/\/www.heddata.se\/webbutik\/shop\/\"},{\"@type\":\"ListItem\",\"position\":3,\"name\":\"Logitech Stereo Headset H110, 3.5mm\"}]},{\"@type\":\"WebSite\",\"@id\":\"https:\/\/www.heddata.se\/webbutik\/#website\",\"url\":\"https:\/\/www.heddata.se\/webbutik\/\",\"name\":\"Datorer, Skrivare, F\u00e4rgpatroner, Mobiltelefoner\",\"description\":\"Kablar\",\"publisher\":{\"@id\":\"https:\/\/www.heddata.se\/webbutik\/#organization\"},\"potentialAction\":[{\"@type\":\"SearchAction\",\"target\":{\"@type\":\"EntryPoint\",\"urlTemplate\":\"https:\/\/www.heddata.se\/webbutik\/?s={search_term_string}\"},\"query-input\":{\"@type\":\"PropertyValueSpecification\",\"valueRequired\":true,\"valueName\":\"search_term_string\"}}],\"inLanguage\":\"sv-SE\"},{\"@type\":\"Organization\",\"@id\":\"https:\/\/www.heddata.se\/webbutik\/#organization\",\"name\":\"Heddata AB\",\"url\":\"https:\/\/www.heddata.se\/webbutik\/\",\"logo\":{\"@type\":\"ImageObject\",\"inLanguage\":\"sv-SE\",\"@id\":\"https:\/\/www.heddata.se\/webbutik\/#\/schema\/logo\/image\/\",\"url\":\"https:\/\/www.heddata.se\/webbutik\/wp-content\/uploads\/logga\/heddata-ab-logga.png\",\"contentUrl\":\"https:\/\/www.heddata.se\/webbutik\/wp-content\/uploads\/logga\/heddata-ab-logga.png\",\"width\":200,\"height\":64,\"caption\":\"Heddata AB\"},\"image\":{\"@id\":\"https:\/\/www.heddata.se\/webbutik\/#\/schema\/logo\/image\/\"}}]}<\/script>\n<!-- \/ Yoast SEO Premium plugin. -->","yoast_head_json":{"title":"Logitech Stereo Headset H110, 3.5mm Ett m\u00e5ngsidigt stereoheadset","description":"Logitech Stereo Headset H110, 3.5mm Ett m\u00e5ngsidigt stereoheadset som \u00e4r perfekt n\u00e4r du vill prata med v\u00e4nner p\u00e5 n\u00e4tet.","robots":{"index":"index","follow":"follow","max-snippet":"max-snippet:-1","max-image-preview":"max-image-preview:large","max-video-preview":"max-video-preview:-1"},"canonical":"https:\/\/www.heddata.se\/webbutik\/produkt\/logitech-stereo-headset-h110-3-5mm\/","og_locale":"sv_SE","og_type":"article","og_title":"Logitech Stereo Headset H110, 3.5mm","og_description":"Logitech Stereo Headset H110, 3.5mm Ett m\u00e5ngsidigt stereoheadset som \u00e4r perfekt n\u00e4r du vill prata med v\u00e4nner p\u00e5 n\u00e4tet.","og_url":"https:\/\/www.heddata.se\/webbutik\/produkt\/logitech-stereo-headset-h110-3-5mm\/","og_site_name":"Datorer, Skrivare, F\u00e4rgpatroner, Mobiltelefoner","article_modified_time":"2026-04-08T10:30:25+00:00","og_image":[{"width":375,"height":375,"url":"https:\/\/www.heddata.se\/webbutik\/wp-content\/uploads\/webbutik\/kategorier\/horlurar\/981-000271.jpg","type":"image\/jpeg"}],"twitter_card":"summary_large_image","twitter_misc":{"Ber\u00e4knad l\u00e4stid":"1 minut"},"schema":{"@context":"https:\/\/schema.org","@graph":[{"@type":"WebPage","@id":"https:\/\/www.heddata.se\/webbutik\/produkt\/logitech-stereo-headset-h110-3-5mm\/","url":"https:\/\/www.heddata.se\/webbutik\/produkt\/logitech-stereo-headset-h110-3-5mm\/","name":"Logitech Stereo Headset H110, 3.5mm Ett m\u00e5ngsidigt stereoheadset","isPartOf":{"@id":"https:\/\/www.heddata.se\/webbutik\/#website"},"primaryImageOfPage":{"@id":"https:\/\/www.heddata.se\/webbutik\/produkt\/logitech-stereo-headset-h110-3-5mm\/#primaryimage"},"image":{"@id":"https:\/\/www.heddata.se\/webbutik\/produkt\/logitech-stereo-headset-h110-3-5mm\/#primaryimage"},"thumbnailUrl":"https:\/\/www.heddata.se\/webbutik\/wp-content\/uploads\/webbutik\/kategorier\/horlurar\/981-000271.jpg","datePublished":"2020-10-22T13:18:08+00:00","dateModified":"2026-04-08T10:30:25+00:00","description":"Logitech Stereo Headset H110, 3.5mm Ett m\u00e5ngsidigt stereoheadset som \u00e4r perfekt n\u00e4r du vill prata med v\u00e4nner p\u00e5 n\u00e4tet.","breadcrumb":{"@id":"https:\/\/www.heddata.se\/webbutik\/produkt\/logitech-stereo-headset-h110-3-5mm\/#breadcrumb"},"inLanguage":"sv-SE","potentialAction":[{"@type":"ReadAction","target":["https:\/\/www.heddata.se\/webbutik\/produkt\/logitech-stereo-headset-h110-3-5mm\/"]}]},{"@type":"ImageObject","inLanguage":"sv-SE","@id":"https:\/\/www.heddata.se\/webbutik\/produkt\/logitech-stereo-headset-h110-3-5mm\/#primaryimage","url":"https:\/\/www.heddata.se\/webbutik\/wp-content\/uploads\/webbutik\/kategorier\/horlurar\/981-000271.jpg","contentUrl":"https:\/\/www.heddata.se\/webbutik\/wp-content\/uploads\/webbutik\/kategorier\/horlurar\/981-000271.jpg","width":375,"height":375,"caption":"Logitech Stereo Headset H110"},{"@type":"BreadcrumbList","@id":"https:\/\/www.heddata.se\/webbutik\/produkt\/logitech-stereo-headset-h110-3-5mm\/#breadcrumb","itemListElement":[{"@type":"ListItem","position":1,"name":"Hem","item":"https:\/\/www.heddata.se\/webbutik\/"},{"@type":"ListItem","position":2,"name":"Produkter","item":"https:\/\/www.heddata.se\/webbutik\/shop\/"},{"@type":"ListItem","position":3,"name":"Logitech Stereo Headset H110, 3.5mm"}]},{"@type":"WebSite","@id":"https:\/\/www.heddata.se\/webbutik\/#website","url":"https:\/\/www.heddata.se\/webbutik\/","name":"Datorer, Skrivare, F\u00e4rgpatroner, Mobiltelefoner","description":"Kablar","publisher":{"@id":"https:\/\/www.heddata.se\/webbutik\/#organization"},"potentialAction":[{"@type":"SearchAction","target":{"@type":"EntryPoint","urlTemplate":"https:\/\/www.heddata.se\/webbutik\/?s={search_term_string}"},"query-input":{"@type":"PropertyValueSpecification","valueRequired":true,"valueName":"search_term_string"}}],"inLanguage":"sv-SE"},{"@type":"Organization","@id":"https:\/\/www.heddata.se\/webbutik\/#organization","name":"Heddata AB","url":"https:\/\/www.heddata.se\/webbutik\/","logo":{"@type":"ImageObject","inLanguage":"sv-SE","@id":"https:\/\/www.heddata.se\/webbutik\/#\/schema\/logo\/image\/","url":"https:\/\/www.heddata.se\/webbutik\/wp-content\/uploads\/logga\/heddata-ab-logga.png","contentUrl":"https:\/\/www.heddata.se\/webbutik\/wp-content\/uploads\/logga\/heddata-ab-logga.png","width":200,"height":64,"caption":"Heddata AB"},"image":{"@id":"https:\/\/www.heddata.se\/webbutik\/#\/schema\/logo\/image\/"}}]}},"_links":{"self":[{"href":"https:\/\/www.heddata.se\/webbutik\/wp-json\/wp\/v2\/product\/90462","targetHints":{"allow":["GET"]}}],"collection":[{"href":"https:\/\/www.heddata.se\/webbutik\/wp-json\/wp\/v2\/product"}],"about":[{"href":"https:\/\/www.heddata.se\/webbutik\/wp-json\/wp\/v2\/types\/product"}],"wp:featuredmedia":[{"embeddable":true,"href":"https:\/\/www.heddata.se\/webbutik\/wp-json\/wp\/v2\/media\/90469"}],"wp:attachment":[{"href":"https:\/\/www.heddata.se\/webbutik\/wp-json\/wp\/v2\/media?parent=90462"}],"wp:term":[{"taxonomy":"product_brand","embeddable":true,"href":"https:\/\/www.heddata.se\/webbutik\/wp-json\/wp\/v2\/product_brand?post=90462"},{"taxonomy":"product_cat","embeddable":true,"href":"https:\/\/www.heddata.se\/webbutik\/wp-json\/wp\/v2\/product_cat?post=90462"},{"taxonomy":"product_tag","embeddable":true,"href":"https:\/\/www.heddata.se\/webbutik\/wp-json\/wp\/v2\/product_tag?post=90462"}],"curies":[{"name":"wp","href":"https:\/\/api.w.org\/{rel}","templated":true}]}}