{"id":90457,"date":"2020-10-22T11:18:19","date_gmt":"2020-10-22T09:18:19","guid":{"rendered":"https:\/\/www.heddata.se\/webbutik\/?post_type=product&#038;p=90457"},"modified":"2026-04-07T18:31:36","modified_gmt":"2026-04-07T16:31:36","slug":"asus-vivobook-17-3-fhd-athlon-4-128-gb-m712da-au207t","status":"publish","type":"product","link":"https:\/\/www.heddata.se\/webbutik\/produkt\/asus-vivobook-17-3-fhd-athlon-4-128-gb-m712da-au207t\/","title":{"rendered":"ASUS VivoBook 17.3&#8243; FHD Athlon 4\/128 GB M712DA-AU207T"},"content":{"rendered":"<p>ASUS VivoBook 17.3&#8243; FHD Athlon 4\/128 GB M712DA-AU207T<\/p>\n<p>Oavsett om du \u00e4r p\u00e5 jobbet eller \u00e4r ledig, \u00e4r ASUS VivoBook 17 den perfekta kompakta b\u00e4rbara datorn. Den nya fyrsidiga NanoEdge-sk\u00e4rmen har tunna 5.7mm sk\u00e4rmramar &#8211; det ger en fantastisk 85% sk\u00e4rmyta f\u00f6r sl\u00e5ende visuella upplevelser. Den nya ErgoLift g\u00e5ngj\u00e4rnsdesignen lutar ocks\u00e5 tangentbordet upp f\u00f6r sk\u00f6nare skrivupplevelser och b\u00e4ttre kylning av komponenter. VivoBook 17 drivs en AMD Athlon 3050U och 128GB SSD-lagring.<\/p>\n<p>Den nya fyrsidiga NanoEdge-designen ger en n\u00e4stan ramfri upplevelse, mer sk\u00e4rm och mindre d\u00f6dyta. Laptopen h\u00e5ller vi v\u00e4ldigt kompakt och f\u00e5r in en st\u00f6rre sk\u00e4rm i ett mindre chassi \u00e4n vad vi tidigare kunnat f\u00e5 in. Detta utan att offra m\u00f6jligheter att koppla upp M712 till det du beh\u00f6ver. Den har b\u00e5de HDMI och framtidss\u00e4kra USB-C. M712 har ett h\u00f6gkvalitativt litiumpolymerbatteri som r\u00e4cker hela dagen.<\/p>\n<p>ErgoLift-g\u00e5ngj\u00e4rnet har trippel funktionalitet som stabilt h\u00e5ller sk\u00e4rmen i alla vinklar. l\u00e4gger till en 2-graders vinkling p\u00e5 tangentbordet f\u00f6r att ge dig en sk\u00f6nare skrivupplevelse. <a href=\"https:\/\/www.heddata.se\/webbutik\/datorer\/\">Datorn<\/a> kommer ocks\u00e5 upp lite grann vilket ger ett luftfl\u00f6de under f\u00f6r svalare komponenter och b\u00e4ttre prestanda. Det fullstora tangentbordet har upp till bakbelyst och fungerar perfekt f\u00f6r arbete i m\u00f6rka milj\u00f6er. Tangenterna har 1,4 mm tangentdjup som ger b\u00e5de precision och komfort. Tangenterna har testats f\u00f6r upp till 10.000 knapptryck och \u00e4r konstruerat f\u00f6r att h\u00e5lla l\u00e4nge.<\/p>\n<p>Vi har haft i \u00e5tanke att M712 ska kunna f\u00f6lja med dig d\u00e4r du beh\u00f6ver vara, den har kompakta m\u00e5tt och v\u00e4ger bara 2.3kg &#8211; det \u00e4r bara att packa ner den i v\u00e4skan och bege dig. Med dubbla band 802.11c Wi-Fi, kan du dessutom f\u00e5 ut 867 Mbps n\u00e4r tillf\u00e4lle ges. Den tr\u00e5dl\u00f6sa prestandan l\u00e5ter dig f\u00e5 b\u00e4sta t\u00e4nkbara tr\u00e5dl\u00f6sa prestandan.<\/p>\n<h4>Specifikation:<\/h4>\n<table class=\"data-table\">\n<tbody>\n<tr class=\"odd\">\n<td class=\"spec-name\">SAR<\/td>\n<td class=\"spec-value\">0,297 W\/kg (kropp), 0,297 W\/kg (lem)<\/td>\n<\/tr>\n<tr class=\"even\">\n<td class=\"spec-name\">Lagring<\/td>\n<td class=\"spec-value\">128 GB SSD NVMe<\/td>\n<\/tr>\n<tr class=\"odd\">\n<td class=\"spec-name\">Display<\/td>\n<td class=\"spec-value\">17.3&#8243; LED-bakgrundsbelysning 1920 x 1080 \/ Full HD<\/td>\n<\/tr>\n<tr class=\"even\">\n<td class=\"spec-name\">Vikt<\/td>\n<td class=\"spec-value\">2.3 kg<\/td>\n<\/tr>\n<tr class=\"odd\">\n<td class=\"spec-name\">Batteri<\/td>\n<td class=\"spec-value\">2-cells<\/td>\n<\/tr>\n<tr class=\"even\">\n<td class=\"spec-name\">Minne<\/td>\n<td class=\"spec-value\">4 GB DDR4<\/td>\n<\/tr>\n<tr class=\"odd\">\n<td class=\"spec-name\">Dimensioner (BxDxH)<\/td>\n<td class=\"spec-value\">40.6 cm x 25.6 cm x 2.14 cm<\/td>\n<\/tr>\n<tr class=\"even\">\n<td class=\"spec-name\">N\u00e4tverksfunktioner<\/td>\n<td class=\"spec-value\">802.11ac, Bluetooth 4.2<\/td>\n<\/tr>\n<tr class=\"odd\">\n<td class=\"spec-name\">Processor<\/td>\n<td class=\"spec-value\">AMD Athlon Silver 3050U \/ 2.3 GHz (3.2 GHz) \/ 4 MB Cache<\/td>\n<\/tr>\n<tr class=\"even\">\n<td class=\"spec-name\">Grafik<\/td>\n<td class=\"spec-value\">AMD Radeon Vega 3<\/td>\n<\/tr>\n<tr class=\"odd\">\n<td class=\"spec-name\">Produktbeskrivning<\/td>\n<td class=\"spec-value\"><a href=\"https:\/\/www.asus.com\/se\/\" target=\"_blank\" rel=\"noopener noreferrer\">ASUS<\/a> VivoBook 17 M712DA-AU207T &#8211; 17.3&#8243; &#8211; Athlon Silver 3050U &#8211; 4 GB RAM &#8211; 128 GB SSD<\/td>\n<\/tr>\n<tr class=\"even\">\n<td class=\"spec-name\">S\u00e4kerhet<\/td>\n<td class=\"spec-value\">Firmware Trusted Platform Module (TPM) Security Chip, fingeravtrycksl\u00e4sare<\/td>\n<\/tr>\n<tr class=\"odd\">\n<td class=\"spec-name\">Optisk enhet<\/td>\n<td class=\"spec-value\">Ingen optisk drivenhet<\/td>\n<\/tr>\n<tr class=\"even\">\n<td class=\"spec-name\">Inbyggd webbkamera<\/td>\n<td class=\"spec-value\">Ja<\/td>\n<\/tr>\n<tr class=\"odd\">\n<td class=\"spec-name\">Typ av produkt<\/td>\n<td class=\"spec-value\">Notebook<\/td>\n<\/tr>\n<tr class=\"even\">\n<td class=\"spec-name\">F\u00e4rg<\/td>\n<td class=\"spec-value\">Transparent silver<\/td>\n<\/tr>\n<tr class=\"odd\">\n<td class=\"spec-name\">Operativsystem<\/td>\n<td class=\"spec-value\">Windows 10 Home<\/td>\n<\/tr>\n<\/tbody>\n<\/table>\n","protected":false},"excerpt":{"rendered":"<p>ASUS VivoBook 17.3&#8243; FHD Athlon 4\/128 GB M712DA-AU207T<\/p>\n","protected":false},"featured_media":90459,"template":"","meta":[],"product_brand":[],"product_cat":[5367,112,65],"product_tag":[],"class_list":{"0":"post-90457","1":"product","2":"type-product","3":"status-publish","4":"has-post-thumbnail","6":"product_cat-barbara-datorer","7":"product_cat-datorer","8":"product_cat-datorer-tillbehor","10":"first","11":"outofstock","12":"taxable","13":"shipping-taxable","14":"product-type-simple"},"yoast_head":"<!-- This site is optimized with the Yoast SEO Premium plugin v26.7 (Yoast SEO v26.7) - https:\/\/yoast.com\/wordpress\/plugins\/seo\/ -->\n<title>ASUS VivoBook 17.3&quot; FHD Athlon 4\/128 GB M712DA-AU207T<\/title>\n<meta name=\"description\" content=\"ASUS VivoBook 17.3&quot; FHD Athlon 4\/128 GB M712DA-AU207T. ASUS VivoBook 17 \u00e4r den perfekta kompakta b\u00e4rbara datorn f\u00f6r jobb eller fritid.\" \/>\n<meta name=\"robots\" content=\"index, follow, max-snippet:-1, max-image-preview:large, max-video-preview:-1\" \/>\n<link rel=\"canonical\" href=\"https:\/\/www.heddata.se\/webbutik\/produkt\/asus-vivobook-17-3-fhd-athlon-4-128-gb-m712da-au207t\/\" \/>\n<meta property=\"og:locale\" content=\"sv_SE\" \/>\n<meta property=\"og:type\" content=\"article\" \/>\n<meta property=\"og:title\" content=\"ASUS VivoBook 17.3&quot; FHD Athlon 4\/128 GB M712DA-AU207T\" \/>\n<meta property=\"og:description\" content=\"ASUS VivoBook 17.3&quot; FHD Athlon 4\/128 GB M712DA-AU207T. ASUS VivoBook 17 \u00e4r den perfekta kompakta b\u00e4rbara datorn f\u00f6r jobb eller fritid.\" \/>\n<meta property=\"og:url\" content=\"https:\/\/www.heddata.se\/webbutik\/produkt\/asus-vivobook-17-3-fhd-athlon-4-128-gb-m712da-au207t\/\" \/>\n<meta property=\"og:site_name\" content=\"Datorer, Skrivare, F\u00e4rgpatroner, Mobiltelefoner\" \/>\n<meta property=\"article:modified_time\" content=\"2026-04-07T16:31:36+00:00\" \/>\n<meta property=\"og:image\" content=\"https:\/\/www.heddata.se\/webbutik\/wp-content\/uploads\/webbutik\/kategorier\/datorer\/m712da-au207t.jpeg\" \/>\n\t<meta property=\"og:image:width\" content=\"1024\" \/>\n\t<meta property=\"og:image:height\" content=\"768\" \/>\n\t<meta property=\"og:image:type\" content=\"image\/jpeg\" \/>\n<meta name=\"twitter:card\" content=\"summary_large_image\" \/>\n<meta name=\"twitter:label1\" content=\"Ber\u00e4knad l\u00e4stid\" \/>\n\t<meta name=\"twitter:data1\" content=\"2 minuter\" \/>\n<script type=\"application\/ld+json\" class=\"yoast-schema-graph\">{\"@context\":\"https:\/\/schema.org\",\"@graph\":[{\"@type\":\"WebPage\",\"@id\":\"https:\/\/www.heddata.se\/webbutik\/produkt\/asus-vivobook-17-3-fhd-athlon-4-128-gb-m712da-au207t\/\",\"url\":\"https:\/\/www.heddata.se\/webbutik\/produkt\/asus-vivobook-17-3-fhd-athlon-4-128-gb-m712da-au207t\/\",\"name\":\"ASUS VivoBook 17.3\\\" FHD Athlon 4\/128 GB M712DA-AU207T\",\"isPartOf\":{\"@id\":\"https:\/\/www.heddata.se\/webbutik\/#website\"},\"primaryImageOfPage\":{\"@id\":\"https:\/\/www.heddata.se\/webbutik\/produkt\/asus-vivobook-17-3-fhd-athlon-4-128-gb-m712da-au207t\/#primaryimage\"},\"image\":{\"@id\":\"https:\/\/www.heddata.se\/webbutik\/produkt\/asus-vivobook-17-3-fhd-athlon-4-128-gb-m712da-au207t\/#primaryimage\"},\"thumbnailUrl\":\"https:\/\/www.heddata.se\/webbutik\/wp-content\/uploads\/webbutik\/kategorier\/datorer\/m712da-au207t.jpeg\",\"datePublished\":\"2020-10-22T09:18:19+00:00\",\"dateModified\":\"2026-04-07T16:31:36+00:00\",\"description\":\"ASUS VivoBook 17.3\\\" FHD Athlon 4\/128 GB M712DA-AU207T. ASUS VivoBook 17 \u00e4r den perfekta kompakta b\u00e4rbara datorn f\u00f6r jobb eller fritid.\",\"breadcrumb\":{\"@id\":\"https:\/\/www.heddata.se\/webbutik\/produkt\/asus-vivobook-17-3-fhd-athlon-4-128-gb-m712da-au207t\/#breadcrumb\"},\"inLanguage\":\"sv-SE\",\"potentialAction\":[{\"@type\":\"ReadAction\",\"target\":[\"https:\/\/www.heddata.se\/webbutik\/produkt\/asus-vivobook-17-3-fhd-athlon-4-128-gb-m712da-au207t\/\"]}]},{\"@type\":\"ImageObject\",\"inLanguage\":\"sv-SE\",\"@id\":\"https:\/\/www.heddata.se\/webbutik\/produkt\/asus-vivobook-17-3-fhd-athlon-4-128-gb-m712da-au207t\/#primaryimage\",\"url\":\"https:\/\/www.heddata.se\/webbutik\/wp-content\/uploads\/webbutik\/kategorier\/datorer\/m712da-au207t.jpeg\",\"contentUrl\":\"https:\/\/www.heddata.se\/webbutik\/wp-content\/uploads\/webbutik\/kategorier\/datorer\/m712da-au207t.jpeg\",\"width\":1024,\"height\":768,\"caption\":\"ASUS VivoBook 17.3\\\" FHD\"},{\"@type\":\"BreadcrumbList\",\"@id\":\"https:\/\/www.heddata.se\/webbutik\/produkt\/asus-vivobook-17-3-fhd-athlon-4-128-gb-m712da-au207t\/#breadcrumb\",\"itemListElement\":[{\"@type\":\"ListItem\",\"position\":1,\"name\":\"Hem\",\"item\":\"https:\/\/www.heddata.se\/webbutik\/\"},{\"@type\":\"ListItem\",\"position\":2,\"name\":\"Produkter\",\"item\":\"https:\/\/www.heddata.se\/webbutik\/shop\/\"},{\"@type\":\"ListItem\",\"position\":3,\"name\":\"ASUS VivoBook 17.3&#8243; FHD Athlon 4\/128 GB M712DA-AU207T\"}]},{\"@type\":\"WebSite\",\"@id\":\"https:\/\/www.heddata.se\/webbutik\/#website\",\"url\":\"https:\/\/www.heddata.se\/webbutik\/\",\"name\":\"Datorer, Skrivare, F\u00e4rgpatroner, Mobiltelefoner\",\"description\":\"Kablar\",\"publisher\":{\"@id\":\"https:\/\/www.heddata.se\/webbutik\/#organization\"},\"potentialAction\":[{\"@type\":\"SearchAction\",\"target\":{\"@type\":\"EntryPoint\",\"urlTemplate\":\"https:\/\/www.heddata.se\/webbutik\/?s={search_term_string}\"},\"query-input\":{\"@type\":\"PropertyValueSpecification\",\"valueRequired\":true,\"valueName\":\"search_term_string\"}}],\"inLanguage\":\"sv-SE\"},{\"@type\":\"Organization\",\"@id\":\"https:\/\/www.heddata.se\/webbutik\/#organization\",\"name\":\"Heddata AB\",\"url\":\"https:\/\/www.heddata.se\/webbutik\/\",\"logo\":{\"@type\":\"ImageObject\",\"inLanguage\":\"sv-SE\",\"@id\":\"https:\/\/www.heddata.se\/webbutik\/#\/schema\/logo\/image\/\",\"url\":\"https:\/\/www.heddata.se\/webbutik\/wp-content\/uploads\/logga\/heddata-ab-logga.png\",\"contentUrl\":\"https:\/\/www.heddata.se\/webbutik\/wp-content\/uploads\/logga\/heddata-ab-logga.png\",\"width\":200,\"height\":64,\"caption\":\"Heddata AB\"},\"image\":{\"@id\":\"https:\/\/www.heddata.se\/webbutik\/#\/schema\/logo\/image\/\"}}]}<\/script>\n<!-- \/ Yoast SEO Premium plugin. -->","yoast_head_json":{"title":"ASUS VivoBook 17.3\" FHD Athlon 4\/128 GB M712DA-AU207T","description":"ASUS VivoBook 17.3\" FHD Athlon 4\/128 GB M712DA-AU207T. ASUS VivoBook 17 \u00e4r den perfekta kompakta b\u00e4rbara datorn f\u00f6r jobb eller fritid.","robots":{"index":"index","follow":"follow","max-snippet":"max-snippet:-1","max-image-preview":"max-image-preview:large","max-video-preview":"max-video-preview:-1"},"canonical":"https:\/\/www.heddata.se\/webbutik\/produkt\/asus-vivobook-17-3-fhd-athlon-4-128-gb-m712da-au207t\/","og_locale":"sv_SE","og_type":"article","og_title":"ASUS VivoBook 17.3\" FHD Athlon 4\/128 GB M712DA-AU207T","og_description":"ASUS VivoBook 17.3\" FHD Athlon 4\/128 GB M712DA-AU207T. ASUS VivoBook 17 \u00e4r den perfekta kompakta b\u00e4rbara datorn f\u00f6r jobb eller fritid.","og_url":"https:\/\/www.heddata.se\/webbutik\/produkt\/asus-vivobook-17-3-fhd-athlon-4-128-gb-m712da-au207t\/","og_site_name":"Datorer, Skrivare, F\u00e4rgpatroner, Mobiltelefoner","article_modified_time":"2026-04-07T16:31:36+00:00","og_image":[{"width":1024,"height":768,"url":"https:\/\/www.heddata.se\/webbutik\/wp-content\/uploads\/webbutik\/kategorier\/datorer\/m712da-au207t.jpeg","type":"image\/jpeg"}],"twitter_card":"summary_large_image","twitter_misc":{"Ber\u00e4knad l\u00e4stid":"2 minuter"},"schema":{"@context":"https:\/\/schema.org","@graph":[{"@type":"WebPage","@id":"https:\/\/www.heddata.se\/webbutik\/produkt\/asus-vivobook-17-3-fhd-athlon-4-128-gb-m712da-au207t\/","url":"https:\/\/www.heddata.se\/webbutik\/produkt\/asus-vivobook-17-3-fhd-athlon-4-128-gb-m712da-au207t\/","name":"ASUS VivoBook 17.3\" FHD Athlon 4\/128 GB M712DA-AU207T","isPartOf":{"@id":"https:\/\/www.heddata.se\/webbutik\/#website"},"primaryImageOfPage":{"@id":"https:\/\/www.heddata.se\/webbutik\/produkt\/asus-vivobook-17-3-fhd-athlon-4-128-gb-m712da-au207t\/#primaryimage"},"image":{"@id":"https:\/\/www.heddata.se\/webbutik\/produkt\/asus-vivobook-17-3-fhd-athlon-4-128-gb-m712da-au207t\/#primaryimage"},"thumbnailUrl":"https:\/\/www.heddata.se\/webbutik\/wp-content\/uploads\/webbutik\/kategorier\/datorer\/m712da-au207t.jpeg","datePublished":"2020-10-22T09:18:19+00:00","dateModified":"2026-04-07T16:31:36+00:00","description":"ASUS VivoBook 17.3\" FHD Athlon 4\/128 GB M712DA-AU207T. ASUS VivoBook 17 \u00e4r den perfekta kompakta b\u00e4rbara datorn f\u00f6r jobb eller fritid.","breadcrumb":{"@id":"https:\/\/www.heddata.se\/webbutik\/produkt\/asus-vivobook-17-3-fhd-athlon-4-128-gb-m712da-au207t\/#breadcrumb"},"inLanguage":"sv-SE","potentialAction":[{"@type":"ReadAction","target":["https:\/\/www.heddata.se\/webbutik\/produkt\/asus-vivobook-17-3-fhd-athlon-4-128-gb-m712da-au207t\/"]}]},{"@type":"ImageObject","inLanguage":"sv-SE","@id":"https:\/\/www.heddata.se\/webbutik\/produkt\/asus-vivobook-17-3-fhd-athlon-4-128-gb-m712da-au207t\/#primaryimage","url":"https:\/\/www.heddata.se\/webbutik\/wp-content\/uploads\/webbutik\/kategorier\/datorer\/m712da-au207t.jpeg","contentUrl":"https:\/\/www.heddata.se\/webbutik\/wp-content\/uploads\/webbutik\/kategorier\/datorer\/m712da-au207t.jpeg","width":1024,"height":768,"caption":"ASUS VivoBook 17.3\" FHD"},{"@type":"BreadcrumbList","@id":"https:\/\/www.heddata.se\/webbutik\/produkt\/asus-vivobook-17-3-fhd-athlon-4-128-gb-m712da-au207t\/#breadcrumb","itemListElement":[{"@type":"ListItem","position":1,"name":"Hem","item":"https:\/\/www.heddata.se\/webbutik\/"},{"@type":"ListItem","position":2,"name":"Produkter","item":"https:\/\/www.heddata.se\/webbutik\/shop\/"},{"@type":"ListItem","position":3,"name":"ASUS VivoBook 17.3&#8243; FHD Athlon 4\/128 GB M712DA-AU207T"}]},{"@type":"WebSite","@id":"https:\/\/www.heddata.se\/webbutik\/#website","url":"https:\/\/www.heddata.se\/webbutik\/","name":"Datorer, Skrivare, F\u00e4rgpatroner, Mobiltelefoner","description":"Kablar","publisher":{"@id":"https:\/\/www.heddata.se\/webbutik\/#organization"},"potentialAction":[{"@type":"SearchAction","target":{"@type":"EntryPoint","urlTemplate":"https:\/\/www.heddata.se\/webbutik\/?s={search_term_string}"},"query-input":{"@type":"PropertyValueSpecification","valueRequired":true,"valueName":"search_term_string"}}],"inLanguage":"sv-SE"},{"@type":"Organization","@id":"https:\/\/www.heddata.se\/webbutik\/#organization","name":"Heddata AB","url":"https:\/\/www.heddata.se\/webbutik\/","logo":{"@type":"ImageObject","inLanguage":"sv-SE","@id":"https:\/\/www.heddata.se\/webbutik\/#\/schema\/logo\/image\/","url":"https:\/\/www.heddata.se\/webbutik\/wp-content\/uploads\/logga\/heddata-ab-logga.png","contentUrl":"https:\/\/www.heddata.se\/webbutik\/wp-content\/uploads\/logga\/heddata-ab-logga.png","width":200,"height":64,"caption":"Heddata AB"},"image":{"@id":"https:\/\/www.heddata.se\/webbutik\/#\/schema\/logo\/image\/"}}]}},"_links":{"self":[{"href":"https:\/\/www.heddata.se\/webbutik\/wp-json\/wp\/v2\/product\/90457","targetHints":{"allow":["GET"]}}],"collection":[{"href":"https:\/\/www.heddata.se\/webbutik\/wp-json\/wp\/v2\/product"}],"about":[{"href":"https:\/\/www.heddata.se\/webbutik\/wp-json\/wp\/v2\/types\/product"}],"wp:featuredmedia":[{"embeddable":true,"href":"https:\/\/www.heddata.se\/webbutik\/wp-json\/wp\/v2\/media\/90459"}],"wp:attachment":[{"href":"https:\/\/www.heddata.se\/webbutik\/wp-json\/wp\/v2\/media?parent=90457"}],"wp:term":[{"taxonomy":"product_brand","embeddable":true,"href":"https:\/\/www.heddata.se\/webbutik\/wp-json\/wp\/v2\/product_brand?post=90457"},{"taxonomy":"product_cat","embeddable":true,"href":"https:\/\/www.heddata.se\/webbutik\/wp-json\/wp\/v2\/product_cat?post=90457"},{"taxonomy":"product_tag","embeddable":true,"href":"https:\/\/www.heddata.se\/webbutik\/wp-json\/wp\/v2\/product_tag?post=90457"}],"curies":[{"name":"wp","href":"https:\/\/api.w.org\/{rel}","templated":true}]}}