{"id":90451,"date":"2020-10-21T15:18:28","date_gmt":"2020-10-21T13:18:28","guid":{"rendered":"https:\/\/www.heddata.se\/webbutik\/?post_type=product&#038;p=90451"},"modified":"2026-04-03T18:42:34","modified_gmt":"2026-04-03T16:42:34","slug":"asus-x512fa-ej1577t-15-6-fhd-matt-pentium-5405u-uma-620-8gb-256gb-pcie-g3x2-m-2-ssd-win10-64bit","status":"publish","type":"product","link":"https:\/\/www.heddata.se\/webbutik\/produkt\/asus-x512fa-ej1577t-15-6-fhd-matt-pentium-5405u-uma-620-8gb-256gb-pcie-g3x2-m-2-ssd-win10-64bit\/","title":{"rendered":"ASUS X512FA-EJ1577T 15.6&#8243;, FHD Matt-Pentium 5405U-UMA 620-8GB-256GB PCIE G3X2 M.2 SSD-Win10 64bit"},"content":{"rendered":"<p>ASUS X512FA-EJ1577T 15.6&#8243;, FHD Matt-Pentium 5405U-UMA 620-8GB-256GB PCIE G3X2 M.2 SSD-Win10 64bit<\/p>\n<div><b>Beskrivning:<\/b><br \/>\n<a href=\"https:\/\/www.asus.com\/se\/\" target=\"_blank\" rel=\"noopener noreferrer\">X512FA-EJ1577T<\/a><br \/>\n15.6&#8243;, FHD Matt<br \/>\nIntel DC Pentium 5405U (2,3GHz)<br \/>\nUMA (Intel UHD 620)<br \/>\n8GB DDR4(4GB on board + 4GB)<br \/>\n256GB PCIE G3X2 M.2 SSD<br \/>\nno ODD<br \/>\n802.11AC (2&#215;2)<br \/>\nHD-Cam<br \/>\nBT4.2<br \/>\n2x Type A USB 2.0, 1x Type A USB 3.1 Gen1 , 1x Type C USB 3.1, x HDMI<br \/>\n37WHrs, 2S1P, 2-cell Li-ion<br \/>\nWin10 Home S **G\u00e5r att byta till Windows 10 Home***<br \/>\n1yr warranty<br \/>\nSlate Grey<\/div>\n<div><\/div>\n<h4><b>Specifikationer ASUS <a href=\"https:\/\/www.heddata.se\/webbutik\/datorer\/\">X512FA-EJ1577T<\/a> 15.6&#8243;:<\/b><\/h4>\n<div>\n<table border=\"0\" cellspacing=\"0\" cellpadding=\"0\">\n<tbody>\n<tr>\n<td>Processortyp<\/td>\n<td>Intel DC Pentium 5405U (2,3GHz)<\/td>\n<\/tr>\n<tr>\n<td>H\u00e5rddisk<\/td>\n<td>256GB PCIE G3X2 M.2 SSD<\/td>\n<\/tr>\n<tr>\n<td>Minne<\/td>\n<td>8GB DDR4(4GB on board + 4GB)<\/td>\n<\/tr>\n<tr>\n<td>Grafikkort<\/td>\n<td>UMA (Intel UHD 620)<\/td>\n<\/tr>\n<tr>\n<td>Sk\u00e4rm<\/td>\n<td>15.6&#8243;, FHD Matt<\/td>\n<\/tr>\n<tr>\n<td>Operativsystem<\/td>\n<td>Win10 Home S<\/td>\n<\/tr>\n<tr>\n<td>Tr\u00e5dl\u00f6st n\u00e4tverk<\/td>\n<td>802.11AC (2&#215;2)<\/td>\n<\/tr>\n<tr>\n<td>Bluetooth<\/td>\n<td>BT4.2<\/td>\n<\/tr>\n<tr>\n<td>USB 2.0<\/td>\n<td>2 st<\/td>\n<\/tr>\n<tr>\n<td>USB 3.1<\/td>\n<td>1x Type A USB 3.1 Gen1 , 1x Type C USB 3.1<\/td>\n<\/tr>\n<tr>\n<td>Batteri<\/td>\n<td>37WHrs, 2S1P, 2-cell Li-ion<\/td>\n<\/tr>\n<tr>\n<td>Warranty terms<\/td>\n<td>1 Year Warranty<\/td>\n<\/tr>\n<tr>\n<td>\u00d6vrigt<\/td>\n<td>F\u00e4rg:1G-SLATE GREY-IMR<\/td>\n<\/tr>\n<\/tbody>\n<\/table>\n<\/div>\n","protected":false},"excerpt":{"rendered":"<p>ASUS X512FA-EJ1577T 15.6&#8243;, FHD Matt-Pentium 5405U-UMA 620-8GB-256GB PCIE G3X2 M.2 SSD-Win10 64bit<\/p>\n","protected":false},"featured_media":90453,"template":"","meta":[],"product_brand":[],"product_cat":[5367,112,65],"product_tag":[],"class_list":{"0":"post-90451","1":"product","2":"type-product","3":"status-publish","4":"has-post-thumbnail","6":"product_cat-barbara-datorer","7":"product_cat-datorer","8":"product_cat-datorer-tillbehor","10":"first","11":"outofstock","12":"taxable","13":"shipping-taxable","14":"product-type-simple"},"yoast_head":"<!-- This site is optimized with the Yoast SEO Premium plugin v26.7 (Yoast SEO v26.7) - https:\/\/yoast.com\/wordpress\/plugins\/seo\/ -->\n<title>ASUS X512FA-EJ1577T 15.6&quot;, FHD Matt-Pentium 5405U-UMA 620-8GB<\/title>\n<meta name=\"description\" content=\"ASUS X512FA-EJ1577T 15.6&quot;, FHD Matt-Pentium 5405U-UMA 620-8GB-256GB PCIE G3X2 M.2 SSD-Win10 64bit b\u00e4rbar dator\" \/>\n<meta name=\"robots\" content=\"index, follow, max-snippet:-1, max-image-preview:large, max-video-preview:-1\" \/>\n<link rel=\"canonical\" href=\"https:\/\/www.heddata.se\/webbutik\/produkt\/asus-x512fa-ej1577t-15-6-fhd-matt-pentium-5405u-uma-620-8gb-256gb-pcie-g3x2-m-2-ssd-win10-64bit\/\" \/>\n<meta property=\"og:locale\" content=\"sv_SE\" \/>\n<meta property=\"og:type\" content=\"article\" \/>\n<meta property=\"og:title\" content=\"ASUS X512FA-EJ1577T 15.6&quot;, FHD Matt-Pentium 5405U-UMA 620-8GB-256GB PCIE G3X2 M.2 SSD-Win10 64bit\" \/>\n<meta property=\"og:description\" content=\"ASUS X512FA-EJ1577T 15.6&quot;, FHD Matt-Pentium 5405U-UMA 620-8GB-256GB PCIE G3X2 M.2 SSD-Win10 64bit b\u00e4rbar dator\" \/>\n<meta property=\"og:url\" content=\"https:\/\/www.heddata.se\/webbutik\/produkt\/asus-x512fa-ej1577t-15-6-fhd-matt-pentium-5405u-uma-620-8gb-256gb-pcie-g3x2-m-2-ssd-win10-64bit\/\" \/>\n<meta property=\"og:site_name\" content=\"Datorer, Skrivare, F\u00e4rgpatroner, Mobiltelefoner\" \/>\n<meta property=\"article:modified_time\" content=\"2026-04-03T16:42:34+00:00\" \/>\n<meta property=\"og:image\" content=\"https:\/\/www.heddata.se\/webbutik\/wp-content\/uploads\/webbutik\/kategorier\/datorer\/x512fa-ej1577t.jpg\" \/>\n\t<meta property=\"og:image:width\" content=\"600\" \/>\n\t<meta property=\"og:image:height\" content=\"600\" \/>\n\t<meta property=\"og:image:type\" content=\"image\/jpeg\" \/>\n<meta name=\"twitter:card\" content=\"summary_large_image\" \/>\n<meta name=\"twitter:label1\" content=\"Ber\u00e4knad l\u00e4stid\" \/>\n\t<meta name=\"twitter:data1\" content=\"1 minut\" \/>\n<script type=\"application\/ld+json\" class=\"yoast-schema-graph\">{\"@context\":\"https:\/\/schema.org\",\"@graph\":[{\"@type\":\"WebPage\",\"@id\":\"https:\/\/www.heddata.se\/webbutik\/produkt\/asus-x512fa-ej1577t-15-6-fhd-matt-pentium-5405u-uma-620-8gb-256gb-pcie-g3x2-m-2-ssd-win10-64bit\/\",\"url\":\"https:\/\/www.heddata.se\/webbutik\/produkt\/asus-x512fa-ej1577t-15-6-fhd-matt-pentium-5405u-uma-620-8gb-256gb-pcie-g3x2-m-2-ssd-win10-64bit\/\",\"name\":\"ASUS X512FA-EJ1577T 15.6\\\", FHD Matt-Pentium 5405U-UMA 620-8GB\",\"isPartOf\":{\"@id\":\"https:\/\/www.heddata.se\/webbutik\/#website\"},\"primaryImageOfPage\":{\"@id\":\"https:\/\/www.heddata.se\/webbutik\/produkt\/asus-x512fa-ej1577t-15-6-fhd-matt-pentium-5405u-uma-620-8gb-256gb-pcie-g3x2-m-2-ssd-win10-64bit\/#primaryimage\"},\"image\":{\"@id\":\"https:\/\/www.heddata.se\/webbutik\/produkt\/asus-x512fa-ej1577t-15-6-fhd-matt-pentium-5405u-uma-620-8gb-256gb-pcie-g3x2-m-2-ssd-win10-64bit\/#primaryimage\"},\"thumbnailUrl\":\"https:\/\/www.heddata.se\/webbutik\/wp-content\/uploads\/webbutik\/kategorier\/datorer\/x512fa-ej1577t.jpg\",\"datePublished\":\"2020-10-21T13:18:28+00:00\",\"dateModified\":\"2026-04-03T16:42:34+00:00\",\"description\":\"ASUS X512FA-EJ1577T 15.6\\\", FHD Matt-Pentium 5405U-UMA 620-8GB-256GB PCIE G3X2 M.2 SSD-Win10 64bit b\u00e4rbar dator\",\"breadcrumb\":{\"@id\":\"https:\/\/www.heddata.se\/webbutik\/produkt\/asus-x512fa-ej1577t-15-6-fhd-matt-pentium-5405u-uma-620-8gb-256gb-pcie-g3x2-m-2-ssd-win10-64bit\/#breadcrumb\"},\"inLanguage\":\"sv-SE\",\"potentialAction\":[{\"@type\":\"ReadAction\",\"target\":[\"https:\/\/www.heddata.se\/webbutik\/produkt\/asus-x512fa-ej1577t-15-6-fhd-matt-pentium-5405u-uma-620-8gb-256gb-pcie-g3x2-m-2-ssd-win10-64bit\/\"]}]},{\"@type\":\"ImageObject\",\"inLanguage\":\"sv-SE\",\"@id\":\"https:\/\/www.heddata.se\/webbutik\/produkt\/asus-x512fa-ej1577t-15-6-fhd-matt-pentium-5405u-uma-620-8gb-256gb-pcie-g3x2-m-2-ssd-win10-64bit\/#primaryimage\",\"url\":\"https:\/\/www.heddata.se\/webbutik\/wp-content\/uploads\/webbutik\/kategorier\/datorer\/x512fa-ej1577t.jpg\",\"contentUrl\":\"https:\/\/www.heddata.se\/webbutik\/wp-content\/uploads\/webbutik\/kategorier\/datorer\/x512fa-ej1577t.jpg\",\"width\":600,\"height\":600,\"caption\":\"ASUS X512FA-EJ1577T 15.6\\\"\"},{\"@type\":\"BreadcrumbList\",\"@id\":\"https:\/\/www.heddata.se\/webbutik\/produkt\/asus-x512fa-ej1577t-15-6-fhd-matt-pentium-5405u-uma-620-8gb-256gb-pcie-g3x2-m-2-ssd-win10-64bit\/#breadcrumb\",\"itemListElement\":[{\"@type\":\"ListItem\",\"position\":1,\"name\":\"Hem\",\"item\":\"https:\/\/www.heddata.se\/webbutik\/\"},{\"@type\":\"ListItem\",\"position\":2,\"name\":\"Produkter\",\"item\":\"https:\/\/www.heddata.se\/webbutik\/shop\/\"},{\"@type\":\"ListItem\",\"position\":3,\"name\":\"ASUS X512FA-EJ1577T 15.6&#8243;, FHD Matt-Pentium 5405U-UMA 620-8GB-256GB PCIE G3X2 M.2 SSD-Win10 64bit\"}]},{\"@type\":\"WebSite\",\"@id\":\"https:\/\/www.heddata.se\/webbutik\/#website\",\"url\":\"https:\/\/www.heddata.se\/webbutik\/\",\"name\":\"Datorer, Skrivare, F\u00e4rgpatroner, Mobiltelefoner\",\"description\":\"Kablar\",\"publisher\":{\"@id\":\"https:\/\/www.heddata.se\/webbutik\/#organization\"},\"potentialAction\":[{\"@type\":\"SearchAction\",\"target\":{\"@type\":\"EntryPoint\",\"urlTemplate\":\"https:\/\/www.heddata.se\/webbutik\/?s={search_term_string}\"},\"query-input\":{\"@type\":\"PropertyValueSpecification\",\"valueRequired\":true,\"valueName\":\"search_term_string\"}}],\"inLanguage\":\"sv-SE\"},{\"@type\":\"Organization\",\"@id\":\"https:\/\/www.heddata.se\/webbutik\/#organization\",\"name\":\"Heddata AB\",\"url\":\"https:\/\/www.heddata.se\/webbutik\/\",\"logo\":{\"@type\":\"ImageObject\",\"inLanguage\":\"sv-SE\",\"@id\":\"https:\/\/www.heddata.se\/webbutik\/#\/schema\/logo\/image\/\",\"url\":\"https:\/\/www.heddata.se\/webbutik\/wp-content\/uploads\/logga\/heddata-ab-logga.png\",\"contentUrl\":\"https:\/\/www.heddata.se\/webbutik\/wp-content\/uploads\/logga\/heddata-ab-logga.png\",\"width\":200,\"height\":64,\"caption\":\"Heddata AB\"},\"image\":{\"@id\":\"https:\/\/www.heddata.se\/webbutik\/#\/schema\/logo\/image\/\"}}]}<\/script>\n<!-- \/ Yoast SEO Premium plugin. -->","yoast_head_json":{"title":"ASUS X512FA-EJ1577T 15.6\", FHD Matt-Pentium 5405U-UMA 620-8GB","description":"ASUS X512FA-EJ1577T 15.6\", FHD Matt-Pentium 5405U-UMA 620-8GB-256GB PCIE G3X2 M.2 SSD-Win10 64bit b\u00e4rbar dator","robots":{"index":"index","follow":"follow","max-snippet":"max-snippet:-1","max-image-preview":"max-image-preview:large","max-video-preview":"max-video-preview:-1"},"canonical":"https:\/\/www.heddata.se\/webbutik\/produkt\/asus-x512fa-ej1577t-15-6-fhd-matt-pentium-5405u-uma-620-8gb-256gb-pcie-g3x2-m-2-ssd-win10-64bit\/","og_locale":"sv_SE","og_type":"article","og_title":"ASUS X512FA-EJ1577T 15.6\", FHD Matt-Pentium 5405U-UMA 620-8GB-256GB PCIE G3X2 M.2 SSD-Win10 64bit","og_description":"ASUS X512FA-EJ1577T 15.6\", FHD Matt-Pentium 5405U-UMA 620-8GB-256GB PCIE G3X2 M.2 SSD-Win10 64bit b\u00e4rbar dator","og_url":"https:\/\/www.heddata.se\/webbutik\/produkt\/asus-x512fa-ej1577t-15-6-fhd-matt-pentium-5405u-uma-620-8gb-256gb-pcie-g3x2-m-2-ssd-win10-64bit\/","og_site_name":"Datorer, Skrivare, F\u00e4rgpatroner, Mobiltelefoner","article_modified_time":"2026-04-03T16:42:34+00:00","og_image":[{"width":600,"height":600,"url":"https:\/\/www.heddata.se\/webbutik\/wp-content\/uploads\/webbutik\/kategorier\/datorer\/x512fa-ej1577t.jpg","type":"image\/jpeg"}],"twitter_card":"summary_large_image","twitter_misc":{"Ber\u00e4knad l\u00e4stid":"1 minut"},"schema":{"@context":"https:\/\/schema.org","@graph":[{"@type":"WebPage","@id":"https:\/\/www.heddata.se\/webbutik\/produkt\/asus-x512fa-ej1577t-15-6-fhd-matt-pentium-5405u-uma-620-8gb-256gb-pcie-g3x2-m-2-ssd-win10-64bit\/","url":"https:\/\/www.heddata.se\/webbutik\/produkt\/asus-x512fa-ej1577t-15-6-fhd-matt-pentium-5405u-uma-620-8gb-256gb-pcie-g3x2-m-2-ssd-win10-64bit\/","name":"ASUS X512FA-EJ1577T 15.6\", FHD Matt-Pentium 5405U-UMA 620-8GB","isPartOf":{"@id":"https:\/\/www.heddata.se\/webbutik\/#website"},"primaryImageOfPage":{"@id":"https:\/\/www.heddata.se\/webbutik\/produkt\/asus-x512fa-ej1577t-15-6-fhd-matt-pentium-5405u-uma-620-8gb-256gb-pcie-g3x2-m-2-ssd-win10-64bit\/#primaryimage"},"image":{"@id":"https:\/\/www.heddata.se\/webbutik\/produkt\/asus-x512fa-ej1577t-15-6-fhd-matt-pentium-5405u-uma-620-8gb-256gb-pcie-g3x2-m-2-ssd-win10-64bit\/#primaryimage"},"thumbnailUrl":"https:\/\/www.heddata.se\/webbutik\/wp-content\/uploads\/webbutik\/kategorier\/datorer\/x512fa-ej1577t.jpg","datePublished":"2020-10-21T13:18:28+00:00","dateModified":"2026-04-03T16:42:34+00:00","description":"ASUS X512FA-EJ1577T 15.6\", FHD Matt-Pentium 5405U-UMA 620-8GB-256GB PCIE G3X2 M.2 SSD-Win10 64bit b\u00e4rbar dator","breadcrumb":{"@id":"https:\/\/www.heddata.se\/webbutik\/produkt\/asus-x512fa-ej1577t-15-6-fhd-matt-pentium-5405u-uma-620-8gb-256gb-pcie-g3x2-m-2-ssd-win10-64bit\/#breadcrumb"},"inLanguage":"sv-SE","potentialAction":[{"@type":"ReadAction","target":["https:\/\/www.heddata.se\/webbutik\/produkt\/asus-x512fa-ej1577t-15-6-fhd-matt-pentium-5405u-uma-620-8gb-256gb-pcie-g3x2-m-2-ssd-win10-64bit\/"]}]},{"@type":"ImageObject","inLanguage":"sv-SE","@id":"https:\/\/www.heddata.se\/webbutik\/produkt\/asus-x512fa-ej1577t-15-6-fhd-matt-pentium-5405u-uma-620-8gb-256gb-pcie-g3x2-m-2-ssd-win10-64bit\/#primaryimage","url":"https:\/\/www.heddata.se\/webbutik\/wp-content\/uploads\/webbutik\/kategorier\/datorer\/x512fa-ej1577t.jpg","contentUrl":"https:\/\/www.heddata.se\/webbutik\/wp-content\/uploads\/webbutik\/kategorier\/datorer\/x512fa-ej1577t.jpg","width":600,"height":600,"caption":"ASUS X512FA-EJ1577T 15.6\""},{"@type":"BreadcrumbList","@id":"https:\/\/www.heddata.se\/webbutik\/produkt\/asus-x512fa-ej1577t-15-6-fhd-matt-pentium-5405u-uma-620-8gb-256gb-pcie-g3x2-m-2-ssd-win10-64bit\/#breadcrumb","itemListElement":[{"@type":"ListItem","position":1,"name":"Hem","item":"https:\/\/www.heddata.se\/webbutik\/"},{"@type":"ListItem","position":2,"name":"Produkter","item":"https:\/\/www.heddata.se\/webbutik\/shop\/"},{"@type":"ListItem","position":3,"name":"ASUS X512FA-EJ1577T 15.6&#8243;, FHD Matt-Pentium 5405U-UMA 620-8GB-256GB PCIE G3X2 M.2 SSD-Win10 64bit"}]},{"@type":"WebSite","@id":"https:\/\/www.heddata.se\/webbutik\/#website","url":"https:\/\/www.heddata.se\/webbutik\/","name":"Datorer, Skrivare, F\u00e4rgpatroner, Mobiltelefoner","description":"Kablar","publisher":{"@id":"https:\/\/www.heddata.se\/webbutik\/#organization"},"potentialAction":[{"@type":"SearchAction","target":{"@type":"EntryPoint","urlTemplate":"https:\/\/www.heddata.se\/webbutik\/?s={search_term_string}"},"query-input":{"@type":"PropertyValueSpecification","valueRequired":true,"valueName":"search_term_string"}}],"inLanguage":"sv-SE"},{"@type":"Organization","@id":"https:\/\/www.heddata.se\/webbutik\/#organization","name":"Heddata AB","url":"https:\/\/www.heddata.se\/webbutik\/","logo":{"@type":"ImageObject","inLanguage":"sv-SE","@id":"https:\/\/www.heddata.se\/webbutik\/#\/schema\/logo\/image\/","url":"https:\/\/www.heddata.se\/webbutik\/wp-content\/uploads\/logga\/heddata-ab-logga.png","contentUrl":"https:\/\/www.heddata.se\/webbutik\/wp-content\/uploads\/logga\/heddata-ab-logga.png","width":200,"height":64,"caption":"Heddata AB"},"image":{"@id":"https:\/\/www.heddata.se\/webbutik\/#\/schema\/logo\/image\/"}}]}},"_links":{"self":[{"href":"https:\/\/www.heddata.se\/webbutik\/wp-json\/wp\/v2\/product\/90451","targetHints":{"allow":["GET"]}}],"collection":[{"href":"https:\/\/www.heddata.se\/webbutik\/wp-json\/wp\/v2\/product"}],"about":[{"href":"https:\/\/www.heddata.se\/webbutik\/wp-json\/wp\/v2\/types\/product"}],"wp:featuredmedia":[{"embeddable":true,"href":"https:\/\/www.heddata.se\/webbutik\/wp-json\/wp\/v2\/media\/90453"}],"wp:attachment":[{"href":"https:\/\/www.heddata.se\/webbutik\/wp-json\/wp\/v2\/media?parent=90451"}],"wp:term":[{"taxonomy":"product_brand","embeddable":true,"href":"https:\/\/www.heddata.se\/webbutik\/wp-json\/wp\/v2\/product_brand?post=90451"},{"taxonomy":"product_cat","embeddable":true,"href":"https:\/\/www.heddata.se\/webbutik\/wp-json\/wp\/v2\/product_cat?post=90451"},{"taxonomy":"product_tag","embeddable":true,"href":"https:\/\/www.heddata.se\/webbutik\/wp-json\/wp\/v2\/product_tag?post=90451"}],"curies":[{"name":"wp","href":"https:\/\/api.w.org\/{rel}","templated":true}]}}