{"id":90427,"date":"2020-10-15T17:18:24","date_gmt":"2020-10-15T15:18:24","guid":{"rendered":"https:\/\/www.heddata.se\/webbutik\/?post_type=product&#038;p=90427"},"modified":"2026-04-06T18:31:48","modified_gmt":"2026-04-06T16:31:48","slug":"apple-10-2-inch-ipad-wi-fi-32gb-silver","status":"publish","type":"product","link":"https:\/\/www.heddata.se\/webbutik\/produkt\/apple-10-2-inch-ipad-wi-fi-32gb-silver\/","title":{"rendered":"Apple 10.2-inch iPad Wi-Fi 32GB &#8211; Silver"},"content":{"rendered":"<p>Apple 10.2-inch iPad Wi-Fi 32GB &#8211; Silver<\/p>\n<p>Nya iPad kombinerar enorm kapacitet med oslagbar enkelhet och m\u00e5ngsidighet. Med det kraftfulla A12\u00a0Bionic-chippet, st\u00f6d f\u00f6r Apple\u00a0Pencil och Smart\u00a0Keyboard och de fantastiska nya sakerna du kan g\u00f6ra med iPadOS\u00a014 \u00e4r det \u00e4nnu enklare att tycka om iPad.<\/p>\n<div class=\"work-headline-container column large-6 medium-12\">\n<h4 class=\"section-headline image-overview-work-headline\"><span class=\"visuallyhidden\">Multitasking. Snabbt och gjort.<\/span><\/h4>\n<\/div>\n<div class=\"work-image-container column large-12\"><span style=\"color: #555555;font-size: 14.4px\">Med Apple 10.2-inch iPad Wi-Fi f\u00e5r du mer gjort, utan kr\u00e5ngel och stress. Redigera ett dokument samtidigt som du s\u00f6ker p\u00e5 webben och ringer ett FaceTime-samtal till en kollega. Anslut ett Smart Keyboard i full storlek, s\u00e5 kan du skriva bekv\u00e4mt<\/span><span style=\"color: #555555;font-size: 14.4px\">. Jobbar du med saker som kr\u00e4ver extra precision kan du anv\u00e4nda en styrplatta eller <a href=\"https:\/\/www.heddata.se\/webbutik\/datorer\/moss-tangentbord\/\">mus<\/a> som komplement till Multi\u2011Touch p\u00e5 iPad.<\/span><\/div>\n<div><\/div>\n<div>Med Apple\u00a0Pencil och kraften hos iPadOS \u00e4r det ett n\u00f6je att skriva p\u00e5 iPad. Skriv under kontrakt, g\u00f6r markeringar i dokument eller skissa p\u00e5 en id\u00e9. Det k\u00e4nns lika naturligt som att anv\u00e4nda en vanlig penna, men med m\u00e5nga fler funktioner.<\/div>\n<div><\/div>\n<div>Med iPad kan du verkligen f\u00e5 utlopp f\u00f6r din nyfikenhet. I App\u00a0Store hittar du appar f\u00f6r att \u00f6va upp dina kunskaper i geometri, l\u00e4ra\u00a0dig ett nytt spr\u00e5k eller vara med p\u00e5 virtuella lektioner. Du kan till och med anv\u00e4nda f\u00f6rst\u00e4rkt verklighet f\u00f6r att l\u00e4ra\u00a0dig n\u00e5got sp\u00e4nnande. Eller vad s\u00e4gs om att se rymdfartens historia utspela sig i vardagsrummet eller l\u00e5ta figurer fr\u00e5n din favoritbok bokstavligen hoppa ut fr\u00e5n sidan.<\/div>\n<div><\/div>\n<div>Det \u00e4r dags f\u00f6r gaming. Med ett A12\u00a0Bionic-chip \u00f6kar prestandan rej\u00e4lt. Upplevelsen blir \u00e4nnu mer intensiv och spelen flyter p\u00e5 med en otrolig detaljrikedom. Genom att parkoppla din iPad med en tr\u00e5dl\u00f6s Xbox-spelkontroll med Bluetooth, PlayStation DualShock eller en MFi-kompatibel spelkontroll kan du skapa en full\u00e4ndad b\u00e4rbar spelkonsol.\u00a0Du kan ocks\u00e5 testa Apple\u00a0Arcade, med \u00f6ver 100 reklamfria spel i ett abonnemang.<\/div>\n<div><\/div>\n<div>Med <a href=\"https:\/\/www.apple.com\/se\/\" target=\"_blank\" rel=\"noopener noreferrer\">iPad<\/a> finns inga gr\u00e4nser f\u00f6r hur du kan uttrycka dina kreativa id\u00e9er. Skissa, m\u00e5la, anteckna eller designa en logotyp \u2013 Apple\u00a0Pencil \u00e4r det perfekta verktyget f\u00f6r att ge liv \u00e5t dina id\u00e9er. Den \u00e4r designad f\u00f6r att vara intuitiv och f\u00f6r att du ska kunna skapa med precision p\u00e5 pixelniv\u00e5.<\/div>\n<div><\/div>\n<div><\/div>\n","protected":false},"excerpt":{"rendered":"<p>Apple 10.2-inch iPad Wi-Fi 32GB &#8211; Silver<\/p>\n","protected":false},"featured_media":90437,"template":"","meta":[],"product_brand":[],"product_cat":[104,63],"product_tag":[],"class_list":{"0":"post-90427","1":"product","2":"type-product","3":"status-publish","4":"has-post-thumbnail","6":"product_cat-surfplattor","7":"product_cat-telefoner-surfplattor","9":"first","10":"outofstock","11":"taxable","12":"shipping-taxable","13":"product-type-simple"},"yoast_head":"<!-- This site is optimized with the Yoast SEO Premium plugin v26.7 (Yoast SEO v26.7) - https:\/\/yoast.com\/wordpress\/plugins\/seo\/ -->\n<title>Apple 10.2-inch iPad Wi-Fi 32GB - Silver enkel kraftfull och m\u00e5ngsidig<\/title>\n<meta name=\"description\" content=\"Apple 10.2-inch iPad Wi-Fi 32GB. Nya iPad kombinerar enorm kapacitet med oslagbar enkelhet och m\u00e5ngsidighet. A12\u00a0Bionic-chippet.\" \/>\n<meta name=\"robots\" content=\"index, follow, max-snippet:-1, max-image-preview:large, max-video-preview:-1\" \/>\n<link rel=\"canonical\" href=\"https:\/\/www.heddata.se\/webbutik\/produkt\/apple-10-2-inch-ipad-wi-fi-32gb-silver\/\" \/>\n<meta property=\"og:locale\" content=\"sv_SE\" \/>\n<meta property=\"og:type\" content=\"article\" \/>\n<meta property=\"og:title\" content=\"Apple 10.2-inch iPad Wi-Fi 32GB - Silver\" \/>\n<meta property=\"og:description\" content=\"Apple 10.2-inch iPad Wi-Fi 32GB. Nya iPad kombinerar enorm kapacitet med oslagbar enkelhet och m\u00e5ngsidighet. A12\u00a0Bionic-chippet.\" \/>\n<meta property=\"og:url\" content=\"https:\/\/www.heddata.se\/webbutik\/produkt\/apple-10-2-inch-ipad-wi-fi-32gb-silver\/\" \/>\n<meta property=\"og:site_name\" content=\"Datorer, Skrivare, F\u00e4rgpatroner, Mobiltelefoner\" \/>\n<meta property=\"article:modified_time\" content=\"2026-04-06T16:31:48+00:00\" \/>\n<meta property=\"og:image\" content=\"https:\/\/www.heddata.se\/webbutik\/wp-content\/uploads\/webbutik\/kategorier\/mobiltelefoner-surfplattor\/mw752kn-a.jpeg\" \/>\n\t<meta property=\"og:image:width\" content=\"900\" \/>\n\t<meta property=\"og:image:height\" content=\"900\" \/>\n\t<meta property=\"og:image:type\" content=\"image\/jpeg\" \/>\n<meta name=\"twitter:card\" content=\"summary_large_image\" \/>\n<meta name=\"twitter:label1\" content=\"Ber\u00e4knad l\u00e4stid\" \/>\n\t<meta name=\"twitter:data1\" content=\"2 minuter\" \/>\n<script type=\"application\/ld+json\" class=\"yoast-schema-graph\">{\"@context\":\"https:\/\/schema.org\",\"@graph\":[{\"@type\":\"WebPage\",\"@id\":\"https:\/\/www.heddata.se\/webbutik\/produkt\/apple-10-2-inch-ipad-wi-fi-32gb-silver\/\",\"url\":\"https:\/\/www.heddata.se\/webbutik\/produkt\/apple-10-2-inch-ipad-wi-fi-32gb-silver\/\",\"name\":\"Apple 10.2-inch iPad Wi-Fi 32GB - Silver enkel kraftfull och m\u00e5ngsidig\",\"isPartOf\":{\"@id\":\"https:\/\/www.heddata.se\/webbutik\/#website\"},\"primaryImageOfPage\":{\"@id\":\"https:\/\/www.heddata.se\/webbutik\/produkt\/apple-10-2-inch-ipad-wi-fi-32gb-silver\/#primaryimage\"},\"image\":{\"@id\":\"https:\/\/www.heddata.se\/webbutik\/produkt\/apple-10-2-inch-ipad-wi-fi-32gb-silver\/#primaryimage\"},\"thumbnailUrl\":\"https:\/\/www.heddata.se\/webbutik\/wp-content\/uploads\/webbutik\/kategorier\/mobiltelefoner-surfplattor\/mw752kn-a.jpeg\",\"datePublished\":\"2020-10-15T15:18:24+00:00\",\"dateModified\":\"2026-04-06T16:31:48+00:00\",\"description\":\"Apple 10.2-inch iPad Wi-Fi 32GB. Nya iPad kombinerar enorm kapacitet med oslagbar enkelhet och m\u00e5ngsidighet. A12\u00a0Bionic-chippet.\",\"breadcrumb\":{\"@id\":\"https:\/\/www.heddata.se\/webbutik\/produkt\/apple-10-2-inch-ipad-wi-fi-32gb-silver\/#breadcrumb\"},\"inLanguage\":\"sv-SE\",\"potentialAction\":[{\"@type\":\"ReadAction\",\"target\":[\"https:\/\/www.heddata.se\/webbutik\/produkt\/apple-10-2-inch-ipad-wi-fi-32gb-silver\/\"]}]},{\"@type\":\"ImageObject\",\"inLanguage\":\"sv-SE\",\"@id\":\"https:\/\/www.heddata.se\/webbutik\/produkt\/apple-10-2-inch-ipad-wi-fi-32gb-silver\/#primaryimage\",\"url\":\"https:\/\/www.heddata.se\/webbutik\/wp-content\/uploads\/webbutik\/kategorier\/mobiltelefoner-surfplattor\/mw752kn-a.jpeg\",\"contentUrl\":\"https:\/\/www.heddata.se\/webbutik\/wp-content\/uploads\/webbutik\/kategorier\/mobiltelefoner-surfplattor\/mw752kn-a.jpeg\",\"width\":900,\"height\":900,\"caption\":\"Apple 10.2-inch iPad Wi-Fi\"},{\"@type\":\"BreadcrumbList\",\"@id\":\"https:\/\/www.heddata.se\/webbutik\/produkt\/apple-10-2-inch-ipad-wi-fi-32gb-silver\/#breadcrumb\",\"itemListElement\":[{\"@type\":\"ListItem\",\"position\":1,\"name\":\"Hem\",\"item\":\"https:\/\/www.heddata.se\/webbutik\/\"},{\"@type\":\"ListItem\",\"position\":2,\"name\":\"Produkter\",\"item\":\"https:\/\/www.heddata.se\/webbutik\/shop\/\"},{\"@type\":\"ListItem\",\"position\":3,\"name\":\"Apple 10.2-inch iPad Wi-Fi 32GB &#8211; Silver\"}]},{\"@type\":\"WebSite\",\"@id\":\"https:\/\/www.heddata.se\/webbutik\/#website\",\"url\":\"https:\/\/www.heddata.se\/webbutik\/\",\"name\":\"Datorer, Skrivare, F\u00e4rgpatroner, Mobiltelefoner\",\"description\":\"Kablar\",\"publisher\":{\"@id\":\"https:\/\/www.heddata.se\/webbutik\/#organization\"},\"potentialAction\":[{\"@type\":\"SearchAction\",\"target\":{\"@type\":\"EntryPoint\",\"urlTemplate\":\"https:\/\/www.heddata.se\/webbutik\/?s={search_term_string}\"},\"query-input\":{\"@type\":\"PropertyValueSpecification\",\"valueRequired\":true,\"valueName\":\"search_term_string\"}}],\"inLanguage\":\"sv-SE\"},{\"@type\":\"Organization\",\"@id\":\"https:\/\/www.heddata.se\/webbutik\/#organization\",\"name\":\"Heddata AB\",\"url\":\"https:\/\/www.heddata.se\/webbutik\/\",\"logo\":{\"@type\":\"ImageObject\",\"inLanguage\":\"sv-SE\",\"@id\":\"https:\/\/www.heddata.se\/webbutik\/#\/schema\/logo\/image\/\",\"url\":\"https:\/\/www.heddata.se\/webbutik\/wp-content\/uploads\/logga\/heddata-ab-logga.png\",\"contentUrl\":\"https:\/\/www.heddata.se\/webbutik\/wp-content\/uploads\/logga\/heddata-ab-logga.png\",\"width\":200,\"height\":64,\"caption\":\"Heddata AB\"},\"image\":{\"@id\":\"https:\/\/www.heddata.se\/webbutik\/#\/schema\/logo\/image\/\"}}]}<\/script>\n<!-- \/ Yoast SEO Premium plugin. -->","yoast_head_json":{"title":"Apple 10.2-inch iPad Wi-Fi 32GB - Silver enkel kraftfull och m\u00e5ngsidig","description":"Apple 10.2-inch iPad Wi-Fi 32GB. Nya iPad kombinerar enorm kapacitet med oslagbar enkelhet och m\u00e5ngsidighet. A12\u00a0Bionic-chippet.","robots":{"index":"index","follow":"follow","max-snippet":"max-snippet:-1","max-image-preview":"max-image-preview:large","max-video-preview":"max-video-preview:-1"},"canonical":"https:\/\/www.heddata.se\/webbutik\/produkt\/apple-10-2-inch-ipad-wi-fi-32gb-silver\/","og_locale":"sv_SE","og_type":"article","og_title":"Apple 10.2-inch iPad Wi-Fi 32GB - Silver","og_description":"Apple 10.2-inch iPad Wi-Fi 32GB. Nya iPad kombinerar enorm kapacitet med oslagbar enkelhet och m\u00e5ngsidighet. A12\u00a0Bionic-chippet.","og_url":"https:\/\/www.heddata.se\/webbutik\/produkt\/apple-10-2-inch-ipad-wi-fi-32gb-silver\/","og_site_name":"Datorer, Skrivare, F\u00e4rgpatroner, Mobiltelefoner","article_modified_time":"2026-04-06T16:31:48+00:00","og_image":[{"width":900,"height":900,"url":"https:\/\/www.heddata.se\/webbutik\/wp-content\/uploads\/webbutik\/kategorier\/mobiltelefoner-surfplattor\/mw752kn-a.jpeg","type":"image\/jpeg"}],"twitter_card":"summary_large_image","twitter_misc":{"Ber\u00e4knad l\u00e4stid":"2 minuter"},"schema":{"@context":"https:\/\/schema.org","@graph":[{"@type":"WebPage","@id":"https:\/\/www.heddata.se\/webbutik\/produkt\/apple-10-2-inch-ipad-wi-fi-32gb-silver\/","url":"https:\/\/www.heddata.se\/webbutik\/produkt\/apple-10-2-inch-ipad-wi-fi-32gb-silver\/","name":"Apple 10.2-inch iPad Wi-Fi 32GB - Silver enkel kraftfull och m\u00e5ngsidig","isPartOf":{"@id":"https:\/\/www.heddata.se\/webbutik\/#website"},"primaryImageOfPage":{"@id":"https:\/\/www.heddata.se\/webbutik\/produkt\/apple-10-2-inch-ipad-wi-fi-32gb-silver\/#primaryimage"},"image":{"@id":"https:\/\/www.heddata.se\/webbutik\/produkt\/apple-10-2-inch-ipad-wi-fi-32gb-silver\/#primaryimage"},"thumbnailUrl":"https:\/\/www.heddata.se\/webbutik\/wp-content\/uploads\/webbutik\/kategorier\/mobiltelefoner-surfplattor\/mw752kn-a.jpeg","datePublished":"2020-10-15T15:18:24+00:00","dateModified":"2026-04-06T16:31:48+00:00","description":"Apple 10.2-inch iPad Wi-Fi 32GB. Nya iPad kombinerar enorm kapacitet med oslagbar enkelhet och m\u00e5ngsidighet. A12\u00a0Bionic-chippet.","breadcrumb":{"@id":"https:\/\/www.heddata.se\/webbutik\/produkt\/apple-10-2-inch-ipad-wi-fi-32gb-silver\/#breadcrumb"},"inLanguage":"sv-SE","potentialAction":[{"@type":"ReadAction","target":["https:\/\/www.heddata.se\/webbutik\/produkt\/apple-10-2-inch-ipad-wi-fi-32gb-silver\/"]}]},{"@type":"ImageObject","inLanguage":"sv-SE","@id":"https:\/\/www.heddata.se\/webbutik\/produkt\/apple-10-2-inch-ipad-wi-fi-32gb-silver\/#primaryimage","url":"https:\/\/www.heddata.se\/webbutik\/wp-content\/uploads\/webbutik\/kategorier\/mobiltelefoner-surfplattor\/mw752kn-a.jpeg","contentUrl":"https:\/\/www.heddata.se\/webbutik\/wp-content\/uploads\/webbutik\/kategorier\/mobiltelefoner-surfplattor\/mw752kn-a.jpeg","width":900,"height":900,"caption":"Apple 10.2-inch iPad Wi-Fi"},{"@type":"BreadcrumbList","@id":"https:\/\/www.heddata.se\/webbutik\/produkt\/apple-10-2-inch-ipad-wi-fi-32gb-silver\/#breadcrumb","itemListElement":[{"@type":"ListItem","position":1,"name":"Hem","item":"https:\/\/www.heddata.se\/webbutik\/"},{"@type":"ListItem","position":2,"name":"Produkter","item":"https:\/\/www.heddata.se\/webbutik\/shop\/"},{"@type":"ListItem","position":3,"name":"Apple 10.2-inch iPad Wi-Fi 32GB &#8211; Silver"}]},{"@type":"WebSite","@id":"https:\/\/www.heddata.se\/webbutik\/#website","url":"https:\/\/www.heddata.se\/webbutik\/","name":"Datorer, Skrivare, F\u00e4rgpatroner, Mobiltelefoner","description":"Kablar","publisher":{"@id":"https:\/\/www.heddata.se\/webbutik\/#organization"},"potentialAction":[{"@type":"SearchAction","target":{"@type":"EntryPoint","urlTemplate":"https:\/\/www.heddata.se\/webbutik\/?s={search_term_string}"},"query-input":{"@type":"PropertyValueSpecification","valueRequired":true,"valueName":"search_term_string"}}],"inLanguage":"sv-SE"},{"@type":"Organization","@id":"https:\/\/www.heddata.se\/webbutik\/#organization","name":"Heddata AB","url":"https:\/\/www.heddata.se\/webbutik\/","logo":{"@type":"ImageObject","inLanguage":"sv-SE","@id":"https:\/\/www.heddata.se\/webbutik\/#\/schema\/logo\/image\/","url":"https:\/\/www.heddata.se\/webbutik\/wp-content\/uploads\/logga\/heddata-ab-logga.png","contentUrl":"https:\/\/www.heddata.se\/webbutik\/wp-content\/uploads\/logga\/heddata-ab-logga.png","width":200,"height":64,"caption":"Heddata AB"},"image":{"@id":"https:\/\/www.heddata.se\/webbutik\/#\/schema\/logo\/image\/"}}]}},"_links":{"self":[{"href":"https:\/\/www.heddata.se\/webbutik\/wp-json\/wp\/v2\/product\/90427","targetHints":{"allow":["GET"]}}],"collection":[{"href":"https:\/\/www.heddata.se\/webbutik\/wp-json\/wp\/v2\/product"}],"about":[{"href":"https:\/\/www.heddata.se\/webbutik\/wp-json\/wp\/v2\/types\/product"}],"wp:featuredmedia":[{"embeddable":true,"href":"https:\/\/www.heddata.se\/webbutik\/wp-json\/wp\/v2\/media\/90437"}],"wp:attachment":[{"href":"https:\/\/www.heddata.se\/webbutik\/wp-json\/wp\/v2\/media?parent=90427"}],"wp:term":[{"taxonomy":"product_brand","embeddable":true,"href":"https:\/\/www.heddata.se\/webbutik\/wp-json\/wp\/v2\/product_brand?post=90427"},{"taxonomy":"product_cat","embeddable":true,"href":"https:\/\/www.heddata.se\/webbutik\/wp-json\/wp\/v2\/product_cat?post=90427"},{"taxonomy":"product_tag","embeddable":true,"href":"https:\/\/www.heddata.se\/webbutik\/wp-json\/wp\/v2\/product_tag?post=90427"}],"curies":[{"name":"wp","href":"https:\/\/api.w.org\/{rel}","templated":true}]}}