{"id":90423,"date":"2020-10-15T16:18:21","date_gmt":"2020-10-15T14:18:21","guid":{"rendered":"https:\/\/www.heddata.se\/webbutik\/?post_type=product&#038;p=90423"},"modified":"2026-05-05T17:11:48","modified_gmt":"2026-05-05T15:11:48","slug":"universalnatadapter-5-12-vdc-billaddare-usb-4-delad","status":"publish","type":"product","link":"https:\/\/www.heddata.se\/webbutik\/produkt\/universalnatadapter-5-12-vdc-billaddare-usb-4-delad\/","title":{"rendered":"Universaln\u00e4tadapter 5\/12 VDC Billaddare\/USB 4-delad"},"content":{"rendered":"<p>Universaln\u00e4tadapter 5\/12 VDC Billaddare\/USB 4-delad<\/p>\n<p>Med denna f\u00f6rgrening skapar du 4 extra 12 V-anslutningar i bilen f\u00f6r apparater med cigarett\u00e4ndarkontakt. Ut\u00f6ver de 3 vanliga 12 V-utg\u00e5ngarna har den dessutom ett 12 V DC-uttag f\u00f6r cigarett\u00e4ndare samt ett <a href=\"https:\/\/www.heddata.se\/webbutik\/produkt\/original-apple-datakabel-32356\/\">USB-<span style=\"font-size: 14.4px\">\u00a0<\/span><\/a><span style=\"font-size: 14.4px\">uttag.<\/span><\/p>\n<p>Insp\u00e4nning: 12 VDC<br \/>\nUtsp\u00e4nning: 3 uttag p\u00e5 12 VDC &#8211; 10 Amp huvuduttag<br \/>\n1 uttag p\u00e5 12 VDC f\u00f6r <a href=\"https:\/\/nedis.se\/sv-se\" target=\"_blank\" rel=\"noopener noreferrer\">cigarett\u00e4ndare<\/a><br \/>\nUSB-utg\u00e5ng: 5V &#8211; 1000 mAh + str\u00f6m-LED<br \/>\nM\u00e5tt: 133 x 73 x 40 mm<\/p>\n","protected":false},"excerpt":{"rendered":"<p>Universaln\u00e4tadapter 5\/12 VDC Billaddare\/USB 4-delad<\/p>\n","protected":false},"featured_media":90429,"template":"","meta":[],"product_brand":[],"product_cat":[124],"product_tag":[],"class_list":{"0":"post-90423","1":"product","2":"type-product","3":"status-publish","4":"has-post-thumbnail","6":"product_cat-billaddare","8":"first","9":"instock","10":"taxable","11":"shipping-taxable","12":"purchasable","13":"product-type-simple"},"yoast_head":"<!-- This site is optimized with the Yoast SEO Premium plugin v26.7 (Yoast SEO v26.7) - https:\/\/yoast.com\/wordpress\/plugins\/seo\/ -->\n<title>Universaln\u00e4tadapter 5\/12 VDC Billaddare\/USB 4-delad<\/title>\n<meta name=\"description\" content=\"Universaln\u00e4tadapter 5\/12 VDC Billaddare\/USB 4-delad. Med denna f\u00f6rgrening skapar du 4 extra 12 V-anslutningar i bilen, USB-uttag\" \/>\n<meta name=\"robots\" content=\"index, follow, max-snippet:-1, max-image-preview:large, max-video-preview:-1\" \/>\n<link rel=\"canonical\" href=\"https:\/\/www.heddata.se\/webbutik\/produkt\/universalnatadapter-5-12-vdc-billaddare-usb-4-delad\/\" \/>\n<meta property=\"og:locale\" content=\"sv_SE\" \/>\n<meta property=\"og:type\" content=\"article\" \/>\n<meta property=\"og:title\" content=\"Universaln\u00e4tadapter 5\/12 VDC Billaddare\/USB 4-delad\" \/>\n<meta property=\"og:description\" content=\"Universaln\u00e4tadapter 5\/12 VDC Billaddare\/USB 4-delad. Med denna f\u00f6rgrening skapar du 4 extra 12 V-anslutningar i bilen, USB-uttag\" \/>\n<meta property=\"og:url\" content=\"https:\/\/www.heddata.se\/webbutik\/produkt\/universalnatadapter-5-12-vdc-billaddare-usb-4-delad\/\" \/>\n<meta property=\"og:site_name\" content=\"Datorer, Skrivare, F\u00e4rgpatroner, Mobiltelefoner\" \/>\n<meta property=\"article:modified_time\" content=\"2026-05-05T15:11:48+00:00\" \/>\n<meta property=\"og:image\" content=\"https:\/\/www.heddata.se\/webbutik\/wp-content\/uploads\/webbutik\/kategorier\/ovrigt-tillbehor\/dcpa003.jpg\" \/>\n\t<meta property=\"og:image:width\" content=\"1200\" \/>\n\t<meta property=\"og:image:height\" content=\"1200\" \/>\n\t<meta property=\"og:image:type\" content=\"image\/jpeg\" \/>\n<meta name=\"twitter:card\" content=\"summary_large_image\" \/>\n<script type=\"application\/ld+json\" class=\"yoast-schema-graph\">{\"@context\":\"https:\/\/schema.org\",\"@graph\":[{\"@type\":\"WebPage\",\"@id\":\"https:\/\/www.heddata.se\/webbutik\/produkt\/universalnatadapter-5-12-vdc-billaddare-usb-4-delad\/\",\"url\":\"https:\/\/www.heddata.se\/webbutik\/produkt\/universalnatadapter-5-12-vdc-billaddare-usb-4-delad\/\",\"name\":\"Universaln\u00e4tadapter 5\/12 VDC Billaddare\/USB 4-delad\",\"isPartOf\":{\"@id\":\"https:\/\/www.heddata.se\/webbutik\/#website\"},\"primaryImageOfPage\":{\"@id\":\"https:\/\/www.heddata.se\/webbutik\/produkt\/universalnatadapter-5-12-vdc-billaddare-usb-4-delad\/#primaryimage\"},\"image\":{\"@id\":\"https:\/\/www.heddata.se\/webbutik\/produkt\/universalnatadapter-5-12-vdc-billaddare-usb-4-delad\/#primaryimage\"},\"thumbnailUrl\":\"https:\/\/www.heddata.se\/webbutik\/wp-content\/uploads\/webbutik\/kategorier\/ovrigt-tillbehor\/dcpa003.jpg\",\"datePublished\":\"2020-10-15T14:18:21+00:00\",\"dateModified\":\"2026-05-05T15:11:48+00:00\",\"description\":\"Universaln\u00e4tadapter 5\/12 VDC Billaddare\/USB 4-delad. Med denna f\u00f6rgrening skapar du 4 extra 12 V-anslutningar i bilen, USB-uttag\",\"breadcrumb\":{\"@id\":\"https:\/\/www.heddata.se\/webbutik\/produkt\/universalnatadapter-5-12-vdc-billaddare-usb-4-delad\/#breadcrumb\"},\"inLanguage\":\"sv-SE\",\"potentialAction\":[{\"@type\":\"ReadAction\",\"target\":[\"https:\/\/www.heddata.se\/webbutik\/produkt\/universalnatadapter-5-12-vdc-billaddare-usb-4-delad\/\"]}]},{\"@type\":\"ImageObject\",\"inLanguage\":\"sv-SE\",\"@id\":\"https:\/\/www.heddata.se\/webbutik\/produkt\/universalnatadapter-5-12-vdc-billaddare-usb-4-delad\/#primaryimage\",\"url\":\"https:\/\/www.heddata.se\/webbutik\/wp-content\/uploads\/webbutik\/kategorier\/ovrigt-tillbehor\/dcpa003.jpg\",\"contentUrl\":\"https:\/\/www.heddata.se\/webbutik\/wp-content\/uploads\/webbutik\/kategorier\/ovrigt-tillbehor\/dcpa003.jpg\",\"width\":1200,\"height\":1200,\"caption\":\"Universaln\u00e4tadapter 5\/12 VDC Billaddare\/USB\"},{\"@type\":\"BreadcrumbList\",\"@id\":\"https:\/\/www.heddata.se\/webbutik\/produkt\/universalnatadapter-5-12-vdc-billaddare-usb-4-delad\/#breadcrumb\",\"itemListElement\":[{\"@type\":\"ListItem\",\"position\":1,\"name\":\"Hem\",\"item\":\"https:\/\/www.heddata.se\/webbutik\/\"},{\"@type\":\"ListItem\",\"position\":2,\"name\":\"Produkter\",\"item\":\"https:\/\/www.heddata.se\/webbutik\/shop\/\"},{\"@type\":\"ListItem\",\"position\":3,\"name\":\"Universaln\u00e4tadapter 5\/12 VDC Billaddare\/USB 4-delad\"}]},{\"@type\":\"WebSite\",\"@id\":\"https:\/\/www.heddata.se\/webbutik\/#website\",\"url\":\"https:\/\/www.heddata.se\/webbutik\/\",\"name\":\"Datorer, Skrivare, F\u00e4rgpatroner, Mobiltelefoner\",\"description\":\"Kablar\",\"publisher\":{\"@id\":\"https:\/\/www.heddata.se\/webbutik\/#organization\"},\"potentialAction\":[{\"@type\":\"SearchAction\",\"target\":{\"@type\":\"EntryPoint\",\"urlTemplate\":\"https:\/\/www.heddata.se\/webbutik\/?s={search_term_string}\"},\"query-input\":{\"@type\":\"PropertyValueSpecification\",\"valueRequired\":true,\"valueName\":\"search_term_string\"}}],\"inLanguage\":\"sv-SE\"},{\"@type\":\"Organization\",\"@id\":\"https:\/\/www.heddata.se\/webbutik\/#organization\",\"name\":\"Heddata AB\",\"url\":\"https:\/\/www.heddata.se\/webbutik\/\",\"logo\":{\"@type\":\"ImageObject\",\"inLanguage\":\"sv-SE\",\"@id\":\"https:\/\/www.heddata.se\/webbutik\/#\/schema\/logo\/image\/\",\"url\":\"https:\/\/www.heddata.se\/webbutik\/wp-content\/uploads\/logga\/heddata-ab-logga.png\",\"contentUrl\":\"https:\/\/www.heddata.se\/webbutik\/wp-content\/uploads\/logga\/heddata-ab-logga.png\",\"width\":200,\"height\":64,\"caption\":\"Heddata AB\"},\"image\":{\"@id\":\"https:\/\/www.heddata.se\/webbutik\/#\/schema\/logo\/image\/\"}}]}<\/script>\n<!-- \/ Yoast SEO Premium plugin. -->","yoast_head_json":{"title":"Universaln\u00e4tadapter 5\/12 VDC Billaddare\/USB 4-delad","description":"Universaln\u00e4tadapter 5\/12 VDC Billaddare\/USB 4-delad. Med denna f\u00f6rgrening skapar du 4 extra 12 V-anslutningar i bilen, USB-uttag","robots":{"index":"index","follow":"follow","max-snippet":"max-snippet:-1","max-image-preview":"max-image-preview:large","max-video-preview":"max-video-preview:-1"},"canonical":"https:\/\/www.heddata.se\/webbutik\/produkt\/universalnatadapter-5-12-vdc-billaddare-usb-4-delad\/","og_locale":"sv_SE","og_type":"article","og_title":"Universaln\u00e4tadapter 5\/12 VDC Billaddare\/USB 4-delad","og_description":"Universaln\u00e4tadapter 5\/12 VDC Billaddare\/USB 4-delad. Med denna f\u00f6rgrening skapar du 4 extra 12 V-anslutningar i bilen, USB-uttag","og_url":"https:\/\/www.heddata.se\/webbutik\/produkt\/universalnatadapter-5-12-vdc-billaddare-usb-4-delad\/","og_site_name":"Datorer, Skrivare, F\u00e4rgpatroner, Mobiltelefoner","article_modified_time":"2026-05-05T15:11:48+00:00","og_image":[{"width":1200,"height":1200,"url":"https:\/\/www.heddata.se\/webbutik\/wp-content\/uploads\/webbutik\/kategorier\/ovrigt-tillbehor\/dcpa003.jpg","type":"image\/jpeg"}],"twitter_card":"summary_large_image","schema":{"@context":"https:\/\/schema.org","@graph":[{"@type":"WebPage","@id":"https:\/\/www.heddata.se\/webbutik\/produkt\/universalnatadapter-5-12-vdc-billaddare-usb-4-delad\/","url":"https:\/\/www.heddata.se\/webbutik\/produkt\/universalnatadapter-5-12-vdc-billaddare-usb-4-delad\/","name":"Universaln\u00e4tadapter 5\/12 VDC Billaddare\/USB 4-delad","isPartOf":{"@id":"https:\/\/www.heddata.se\/webbutik\/#website"},"primaryImageOfPage":{"@id":"https:\/\/www.heddata.se\/webbutik\/produkt\/universalnatadapter-5-12-vdc-billaddare-usb-4-delad\/#primaryimage"},"image":{"@id":"https:\/\/www.heddata.se\/webbutik\/produkt\/universalnatadapter-5-12-vdc-billaddare-usb-4-delad\/#primaryimage"},"thumbnailUrl":"https:\/\/www.heddata.se\/webbutik\/wp-content\/uploads\/webbutik\/kategorier\/ovrigt-tillbehor\/dcpa003.jpg","datePublished":"2020-10-15T14:18:21+00:00","dateModified":"2026-05-05T15:11:48+00:00","description":"Universaln\u00e4tadapter 5\/12 VDC Billaddare\/USB 4-delad. Med denna f\u00f6rgrening skapar du 4 extra 12 V-anslutningar i bilen, USB-uttag","breadcrumb":{"@id":"https:\/\/www.heddata.se\/webbutik\/produkt\/universalnatadapter-5-12-vdc-billaddare-usb-4-delad\/#breadcrumb"},"inLanguage":"sv-SE","potentialAction":[{"@type":"ReadAction","target":["https:\/\/www.heddata.se\/webbutik\/produkt\/universalnatadapter-5-12-vdc-billaddare-usb-4-delad\/"]}]},{"@type":"ImageObject","inLanguage":"sv-SE","@id":"https:\/\/www.heddata.se\/webbutik\/produkt\/universalnatadapter-5-12-vdc-billaddare-usb-4-delad\/#primaryimage","url":"https:\/\/www.heddata.se\/webbutik\/wp-content\/uploads\/webbutik\/kategorier\/ovrigt-tillbehor\/dcpa003.jpg","contentUrl":"https:\/\/www.heddata.se\/webbutik\/wp-content\/uploads\/webbutik\/kategorier\/ovrigt-tillbehor\/dcpa003.jpg","width":1200,"height":1200,"caption":"Universaln\u00e4tadapter 5\/12 VDC Billaddare\/USB"},{"@type":"BreadcrumbList","@id":"https:\/\/www.heddata.se\/webbutik\/produkt\/universalnatadapter-5-12-vdc-billaddare-usb-4-delad\/#breadcrumb","itemListElement":[{"@type":"ListItem","position":1,"name":"Hem","item":"https:\/\/www.heddata.se\/webbutik\/"},{"@type":"ListItem","position":2,"name":"Produkter","item":"https:\/\/www.heddata.se\/webbutik\/shop\/"},{"@type":"ListItem","position":3,"name":"Universaln\u00e4tadapter 5\/12 VDC Billaddare\/USB 4-delad"}]},{"@type":"WebSite","@id":"https:\/\/www.heddata.se\/webbutik\/#website","url":"https:\/\/www.heddata.se\/webbutik\/","name":"Datorer, Skrivare, F\u00e4rgpatroner, Mobiltelefoner","description":"Kablar","publisher":{"@id":"https:\/\/www.heddata.se\/webbutik\/#organization"},"potentialAction":[{"@type":"SearchAction","target":{"@type":"EntryPoint","urlTemplate":"https:\/\/www.heddata.se\/webbutik\/?s={search_term_string}"},"query-input":{"@type":"PropertyValueSpecification","valueRequired":true,"valueName":"search_term_string"}}],"inLanguage":"sv-SE"},{"@type":"Organization","@id":"https:\/\/www.heddata.se\/webbutik\/#organization","name":"Heddata AB","url":"https:\/\/www.heddata.se\/webbutik\/","logo":{"@type":"ImageObject","inLanguage":"sv-SE","@id":"https:\/\/www.heddata.se\/webbutik\/#\/schema\/logo\/image\/","url":"https:\/\/www.heddata.se\/webbutik\/wp-content\/uploads\/logga\/heddata-ab-logga.png","contentUrl":"https:\/\/www.heddata.se\/webbutik\/wp-content\/uploads\/logga\/heddata-ab-logga.png","width":200,"height":64,"caption":"Heddata AB"},"image":{"@id":"https:\/\/www.heddata.se\/webbutik\/#\/schema\/logo\/image\/"}}]}},"_links":{"self":[{"href":"https:\/\/www.heddata.se\/webbutik\/wp-json\/wp\/v2\/product\/90423","targetHints":{"allow":["GET"]}}],"collection":[{"href":"https:\/\/www.heddata.se\/webbutik\/wp-json\/wp\/v2\/product"}],"about":[{"href":"https:\/\/www.heddata.se\/webbutik\/wp-json\/wp\/v2\/types\/product"}],"wp:featuredmedia":[{"embeddable":true,"href":"https:\/\/www.heddata.se\/webbutik\/wp-json\/wp\/v2\/media\/90429"}],"wp:attachment":[{"href":"https:\/\/www.heddata.se\/webbutik\/wp-json\/wp\/v2\/media?parent=90423"}],"wp:term":[{"taxonomy":"product_brand","embeddable":true,"href":"https:\/\/www.heddata.se\/webbutik\/wp-json\/wp\/v2\/product_brand?post=90423"},{"taxonomy":"product_cat","embeddable":true,"href":"https:\/\/www.heddata.se\/webbutik\/wp-json\/wp\/v2\/product_cat?post=90423"},{"taxonomy":"product_tag","embeddable":true,"href":"https:\/\/www.heddata.se\/webbutik\/wp-json\/wp\/v2\/product_tag?post=90423"}],"curies":[{"name":"wp","href":"https:\/\/api.w.org\/{rel}","templated":true}]}}