{"id":90379,"date":"2020-10-06T15:18:25","date_gmt":"2020-10-06T13:18:25","guid":{"rendered":"https:\/\/www.heddata.se\/webbutik\/?post_type=product&#038;p=90379"},"modified":"2026-04-16T13:55:32","modified_gmt":"2026-04-16T11:55:32","slug":"headset-flatkabel-in-ear-3-5mm-traddragen-inbyggd-mikrofon-1-2-m-rosa","status":"publish","type":"product","link":"https:\/\/www.heddata.se\/webbutik\/produkt\/headset-flatkabel-in-ear-3-5mm-traddragen-inbyggd-mikrofon-1-2-m-rosa\/","title":{"rendered":"Headset Flatkabel In-ear 3.5mm Tr\u00e5ddragen Inbyggd mikrofon 1.2 m Rosa"},"content":{"rendered":"<p class=\"mb-2\"><strong>Headset Flatkabel In-ear 3.5mm Tr\u00e5ddragen Inbyggd mikrofon 1.2 m Rosa<\/strong><\/p>\n<div class=\"description\">\n<div class=\"d-flex flex-column\">\n<div class=\"position-relative\">\n<div class=\"\">\n<p class=\"p-0 m-0\">Lyssna p\u00e5 din favoritmusik och ring handsfree-samtal. Sweex in-ear headset med inbyggd mikrofon ger utm\u00e4rkt ljudkvalitet. Med flata kablar som f\u00f6rebygger sladdtrassel och en praktisk p\u00e5se f\u00f6r f\u00f6rvaring \u00e4r in-ear <a href=\"https:\/\/nedis.se\/sv-se\" target=\"_blank\" rel=\"noopener noreferrer\">headsetet<\/a> det perfekta tillbeh\u00f6ret n\u00e4r du \u00e4r p\u00e5 resande fot.<\/p>\n<\/div>\n<\/div>\n<\/div>\n<\/div>\n<h4 class=\"mt-3\"><strong class=\"d-block\">Headset Flatkabel In-ear 3.5mm Features:<\/strong><\/h4>\n<p class=\"m-0\">Crystal clear sound to enjoy your favorite music to the fullest<br \/>\nBuilt-in microphone for making hands-free calls<br \/>\nFlat cable to avoid tangled cords<br \/>\n3 different earbud sizes to fit any ear<br \/>\nConveniant silicon pouch to store your headset when on the go.<\/p>\n<h4 id=\"package-contents\">Paketet inneh\u00e5ller<\/h4>\n<p>1 in-ear <a href=\"https:\/\/www.heddata.se\/webbutik\/horlurar-headset\/\">headset<\/a><br \/>\n1x f\u00f6rvaringsp\u00e5se<br \/>\n3x \u00f6ronsn\u00e4ckor<br \/>\nGarantiblad<\/p>\n","protected":false},"excerpt":{"rendered":"<p class=\"mb-2\"><strong>Headset Flatkabel In-ear 3.5mm Tr\u00e5ddragen Inbyggd mikrofon 1.2 m Rosa<\/strong><\/p>\n","protected":false},"featured_media":90381,"template":"","meta":[],"product_brand":[],"product_cat":[126,119],"product_tag":[],"class_list":{"0":"post-90379","1":"product","2":"type-product","3":"status-publish","4":"has-post-thumbnail","6":"product_cat-headset-horlurar-med-mikrofon","7":"product_cat-horlurar-headset","9":"first","10":"outofstock","11":"taxable","12":"shipping-taxable","13":"product-type-simple"},"yoast_head":"<!-- This site is optimized with the Yoast SEO Premium plugin v26.7 (Yoast SEO v26.7) - https:\/\/yoast.com\/wordpress\/plugins\/seo\/ -->\n<title>Headset Flatkabel In-ear 3.5mm Tr\u00e5ddragen Inbyggd mikrofon 1.2 m Rosa<\/title>\n<meta name=\"description\" content=\"Headset Flatkabel In-ear 3.5mm. Sweex in-ear headset med inbyggd mikrofon ger utm\u00e4rkt ljudkvalitet. Med flata kablar, f\u00f6rebygger sladdtrassel\" \/>\n<meta name=\"robots\" content=\"index, follow, max-snippet:-1, max-image-preview:large, max-video-preview:-1\" \/>\n<link rel=\"canonical\" href=\"https:\/\/www.heddata.se\/webbutik\/produkt\/headset-flatkabel-in-ear-3-5mm-traddragen-inbyggd-mikrofon-1-2-m-rosa\/\" \/>\n<meta property=\"og:locale\" content=\"sv_SE\" \/>\n<meta property=\"og:type\" content=\"article\" \/>\n<meta property=\"og:title\" content=\"Headset Flatkabel In-ear 3.5mm Tr\u00e5ddragen Inbyggd mikrofon 1.2 m Rosa\" \/>\n<meta property=\"og:description\" content=\"Headset Flatkabel In-ear 3.5mm. Sweex in-ear headset med inbyggd mikrofon ger utm\u00e4rkt ljudkvalitet. Med flata kablar, f\u00f6rebygger sladdtrassel\" \/>\n<meta property=\"og:url\" content=\"https:\/\/www.heddata.se\/webbutik\/produkt\/headset-flatkabel-in-ear-3-5mm-traddragen-inbyggd-mikrofon-1-2-m-rosa\/\" \/>\n<meta property=\"og:site_name\" content=\"Datorer, Skrivare, F\u00e4rgpatroner, Mobiltelefoner\" \/>\n<meta property=\"article:modified_time\" content=\"2026-04-16T11:55:32+00:00\" \/>\n<meta property=\"og:image\" content=\"https:\/\/www.heddata.se\/webbutik\/wp-content\/uploads\/webbutik\/kategorier\/horlurar\/swhsief100pi.jpg\" \/>\n\t<meta property=\"og:image:width\" content=\"3029\" \/>\n\t<meta property=\"og:image:height\" content=\"3028\" \/>\n\t<meta property=\"og:image:type\" content=\"image\/jpeg\" \/>\n<meta name=\"twitter:card\" content=\"summary_large_image\" \/>\n<meta name=\"twitter:label1\" content=\"Ber\u00e4knad l\u00e4stid\" \/>\n\t<meta name=\"twitter:data1\" content=\"1 minut\" \/>\n<script type=\"application\/ld+json\" class=\"yoast-schema-graph\">{\"@context\":\"https:\/\/schema.org\",\"@graph\":[{\"@type\":\"WebPage\",\"@id\":\"https:\/\/www.heddata.se\/webbutik\/produkt\/headset-flatkabel-in-ear-3-5mm-traddragen-inbyggd-mikrofon-1-2-m-rosa\/\",\"url\":\"https:\/\/www.heddata.se\/webbutik\/produkt\/headset-flatkabel-in-ear-3-5mm-traddragen-inbyggd-mikrofon-1-2-m-rosa\/\",\"name\":\"Headset Flatkabel In-ear 3.5mm Tr\u00e5ddragen Inbyggd mikrofon 1.2 m Rosa\",\"isPartOf\":{\"@id\":\"https:\/\/www.heddata.se\/webbutik\/#website\"},\"primaryImageOfPage\":{\"@id\":\"https:\/\/www.heddata.se\/webbutik\/produkt\/headset-flatkabel-in-ear-3-5mm-traddragen-inbyggd-mikrofon-1-2-m-rosa\/#primaryimage\"},\"image\":{\"@id\":\"https:\/\/www.heddata.se\/webbutik\/produkt\/headset-flatkabel-in-ear-3-5mm-traddragen-inbyggd-mikrofon-1-2-m-rosa\/#primaryimage\"},\"thumbnailUrl\":\"https:\/\/www.heddata.se\/webbutik\/wp-content\/uploads\/webbutik\/kategorier\/horlurar\/swhsief100pi.jpg\",\"datePublished\":\"2020-10-06T13:18:25+00:00\",\"dateModified\":\"2026-04-16T11:55:32+00:00\",\"description\":\"Headset Flatkabel In-ear 3.5mm. Sweex in-ear headset med inbyggd mikrofon ger utm\u00e4rkt ljudkvalitet. Med flata kablar, f\u00f6rebygger sladdtrassel\",\"breadcrumb\":{\"@id\":\"https:\/\/www.heddata.se\/webbutik\/produkt\/headset-flatkabel-in-ear-3-5mm-traddragen-inbyggd-mikrofon-1-2-m-rosa\/#breadcrumb\"},\"inLanguage\":\"sv-SE\",\"potentialAction\":[{\"@type\":\"ReadAction\",\"target\":[\"https:\/\/www.heddata.se\/webbutik\/produkt\/headset-flatkabel-in-ear-3-5mm-traddragen-inbyggd-mikrofon-1-2-m-rosa\/\"]}]},{\"@type\":\"ImageObject\",\"inLanguage\":\"sv-SE\",\"@id\":\"https:\/\/www.heddata.se\/webbutik\/produkt\/headset-flatkabel-in-ear-3-5mm-traddragen-inbyggd-mikrofon-1-2-m-rosa\/#primaryimage\",\"url\":\"https:\/\/www.heddata.se\/webbutik\/wp-content\/uploads\/webbutik\/kategorier\/horlurar\/swhsief100pi.jpg\",\"contentUrl\":\"https:\/\/www.heddata.se\/webbutik\/wp-content\/uploads\/webbutik\/kategorier\/horlurar\/swhsief100pi.jpg\",\"width\":3029,\"height\":3028,\"caption\":\"Headset Flatkabel In-ear 3.5mm\"},{\"@type\":\"BreadcrumbList\",\"@id\":\"https:\/\/www.heddata.se\/webbutik\/produkt\/headset-flatkabel-in-ear-3-5mm-traddragen-inbyggd-mikrofon-1-2-m-rosa\/#breadcrumb\",\"itemListElement\":[{\"@type\":\"ListItem\",\"position\":1,\"name\":\"Hem\",\"item\":\"https:\/\/www.heddata.se\/webbutik\/\"},{\"@type\":\"ListItem\",\"position\":2,\"name\":\"Produkter\",\"item\":\"https:\/\/www.heddata.se\/webbutik\/shop\/\"},{\"@type\":\"ListItem\",\"position\":3,\"name\":\"Headset Flatkabel In-ear 3.5mm Tr\u00e5ddragen Inbyggd mikrofon 1.2 m Rosa\"}]},{\"@type\":\"WebSite\",\"@id\":\"https:\/\/www.heddata.se\/webbutik\/#website\",\"url\":\"https:\/\/www.heddata.se\/webbutik\/\",\"name\":\"Datorer, Skrivare, F\u00e4rgpatroner, Mobiltelefoner\",\"description\":\"Kablar\",\"publisher\":{\"@id\":\"https:\/\/www.heddata.se\/webbutik\/#organization\"},\"potentialAction\":[{\"@type\":\"SearchAction\",\"target\":{\"@type\":\"EntryPoint\",\"urlTemplate\":\"https:\/\/www.heddata.se\/webbutik\/?s={search_term_string}\"},\"query-input\":{\"@type\":\"PropertyValueSpecification\",\"valueRequired\":true,\"valueName\":\"search_term_string\"}}],\"inLanguage\":\"sv-SE\"},{\"@type\":\"Organization\",\"@id\":\"https:\/\/www.heddata.se\/webbutik\/#organization\",\"name\":\"Heddata AB\",\"url\":\"https:\/\/www.heddata.se\/webbutik\/\",\"logo\":{\"@type\":\"ImageObject\",\"inLanguage\":\"sv-SE\",\"@id\":\"https:\/\/www.heddata.se\/webbutik\/#\/schema\/logo\/image\/\",\"url\":\"https:\/\/www.heddata.se\/webbutik\/wp-content\/uploads\/logga\/heddata-ab-logga.png\",\"contentUrl\":\"https:\/\/www.heddata.se\/webbutik\/wp-content\/uploads\/logga\/heddata-ab-logga.png\",\"width\":200,\"height\":64,\"caption\":\"Heddata AB\"},\"image\":{\"@id\":\"https:\/\/www.heddata.se\/webbutik\/#\/schema\/logo\/image\/\"}}]}<\/script>\n<!-- \/ Yoast SEO Premium plugin. -->","yoast_head_json":{"title":"Headset Flatkabel In-ear 3.5mm Tr\u00e5ddragen Inbyggd mikrofon 1.2 m Rosa","description":"Headset Flatkabel In-ear 3.5mm. Sweex in-ear headset med inbyggd mikrofon ger utm\u00e4rkt ljudkvalitet. Med flata kablar, f\u00f6rebygger sladdtrassel","robots":{"index":"index","follow":"follow","max-snippet":"max-snippet:-1","max-image-preview":"max-image-preview:large","max-video-preview":"max-video-preview:-1"},"canonical":"https:\/\/www.heddata.se\/webbutik\/produkt\/headset-flatkabel-in-ear-3-5mm-traddragen-inbyggd-mikrofon-1-2-m-rosa\/","og_locale":"sv_SE","og_type":"article","og_title":"Headset Flatkabel In-ear 3.5mm Tr\u00e5ddragen Inbyggd mikrofon 1.2 m Rosa","og_description":"Headset Flatkabel In-ear 3.5mm. Sweex in-ear headset med inbyggd mikrofon ger utm\u00e4rkt ljudkvalitet. Med flata kablar, f\u00f6rebygger sladdtrassel","og_url":"https:\/\/www.heddata.se\/webbutik\/produkt\/headset-flatkabel-in-ear-3-5mm-traddragen-inbyggd-mikrofon-1-2-m-rosa\/","og_site_name":"Datorer, Skrivare, F\u00e4rgpatroner, Mobiltelefoner","article_modified_time":"2026-04-16T11:55:32+00:00","og_image":[{"width":3029,"height":3028,"url":"https:\/\/www.heddata.se\/webbutik\/wp-content\/uploads\/webbutik\/kategorier\/horlurar\/swhsief100pi.jpg","type":"image\/jpeg"}],"twitter_card":"summary_large_image","twitter_misc":{"Ber\u00e4knad l\u00e4stid":"1 minut"},"schema":{"@context":"https:\/\/schema.org","@graph":[{"@type":"WebPage","@id":"https:\/\/www.heddata.se\/webbutik\/produkt\/headset-flatkabel-in-ear-3-5mm-traddragen-inbyggd-mikrofon-1-2-m-rosa\/","url":"https:\/\/www.heddata.se\/webbutik\/produkt\/headset-flatkabel-in-ear-3-5mm-traddragen-inbyggd-mikrofon-1-2-m-rosa\/","name":"Headset Flatkabel In-ear 3.5mm Tr\u00e5ddragen Inbyggd mikrofon 1.2 m Rosa","isPartOf":{"@id":"https:\/\/www.heddata.se\/webbutik\/#website"},"primaryImageOfPage":{"@id":"https:\/\/www.heddata.se\/webbutik\/produkt\/headset-flatkabel-in-ear-3-5mm-traddragen-inbyggd-mikrofon-1-2-m-rosa\/#primaryimage"},"image":{"@id":"https:\/\/www.heddata.se\/webbutik\/produkt\/headset-flatkabel-in-ear-3-5mm-traddragen-inbyggd-mikrofon-1-2-m-rosa\/#primaryimage"},"thumbnailUrl":"https:\/\/www.heddata.se\/webbutik\/wp-content\/uploads\/webbutik\/kategorier\/horlurar\/swhsief100pi.jpg","datePublished":"2020-10-06T13:18:25+00:00","dateModified":"2026-04-16T11:55:32+00:00","description":"Headset Flatkabel In-ear 3.5mm. Sweex in-ear headset med inbyggd mikrofon ger utm\u00e4rkt ljudkvalitet. Med flata kablar, f\u00f6rebygger sladdtrassel","breadcrumb":{"@id":"https:\/\/www.heddata.se\/webbutik\/produkt\/headset-flatkabel-in-ear-3-5mm-traddragen-inbyggd-mikrofon-1-2-m-rosa\/#breadcrumb"},"inLanguage":"sv-SE","potentialAction":[{"@type":"ReadAction","target":["https:\/\/www.heddata.se\/webbutik\/produkt\/headset-flatkabel-in-ear-3-5mm-traddragen-inbyggd-mikrofon-1-2-m-rosa\/"]}]},{"@type":"ImageObject","inLanguage":"sv-SE","@id":"https:\/\/www.heddata.se\/webbutik\/produkt\/headset-flatkabel-in-ear-3-5mm-traddragen-inbyggd-mikrofon-1-2-m-rosa\/#primaryimage","url":"https:\/\/www.heddata.se\/webbutik\/wp-content\/uploads\/webbutik\/kategorier\/horlurar\/swhsief100pi.jpg","contentUrl":"https:\/\/www.heddata.se\/webbutik\/wp-content\/uploads\/webbutik\/kategorier\/horlurar\/swhsief100pi.jpg","width":3029,"height":3028,"caption":"Headset Flatkabel In-ear 3.5mm"},{"@type":"BreadcrumbList","@id":"https:\/\/www.heddata.se\/webbutik\/produkt\/headset-flatkabel-in-ear-3-5mm-traddragen-inbyggd-mikrofon-1-2-m-rosa\/#breadcrumb","itemListElement":[{"@type":"ListItem","position":1,"name":"Hem","item":"https:\/\/www.heddata.se\/webbutik\/"},{"@type":"ListItem","position":2,"name":"Produkter","item":"https:\/\/www.heddata.se\/webbutik\/shop\/"},{"@type":"ListItem","position":3,"name":"Headset Flatkabel In-ear 3.5mm Tr\u00e5ddragen Inbyggd mikrofon 1.2 m Rosa"}]},{"@type":"WebSite","@id":"https:\/\/www.heddata.se\/webbutik\/#website","url":"https:\/\/www.heddata.se\/webbutik\/","name":"Datorer, Skrivare, F\u00e4rgpatroner, Mobiltelefoner","description":"Kablar","publisher":{"@id":"https:\/\/www.heddata.se\/webbutik\/#organization"},"potentialAction":[{"@type":"SearchAction","target":{"@type":"EntryPoint","urlTemplate":"https:\/\/www.heddata.se\/webbutik\/?s={search_term_string}"},"query-input":{"@type":"PropertyValueSpecification","valueRequired":true,"valueName":"search_term_string"}}],"inLanguage":"sv-SE"},{"@type":"Organization","@id":"https:\/\/www.heddata.se\/webbutik\/#organization","name":"Heddata AB","url":"https:\/\/www.heddata.se\/webbutik\/","logo":{"@type":"ImageObject","inLanguage":"sv-SE","@id":"https:\/\/www.heddata.se\/webbutik\/#\/schema\/logo\/image\/","url":"https:\/\/www.heddata.se\/webbutik\/wp-content\/uploads\/logga\/heddata-ab-logga.png","contentUrl":"https:\/\/www.heddata.se\/webbutik\/wp-content\/uploads\/logga\/heddata-ab-logga.png","width":200,"height":64,"caption":"Heddata AB"},"image":{"@id":"https:\/\/www.heddata.se\/webbutik\/#\/schema\/logo\/image\/"}}]}},"_links":{"self":[{"href":"https:\/\/www.heddata.se\/webbutik\/wp-json\/wp\/v2\/product\/90379","targetHints":{"allow":["GET"]}}],"collection":[{"href":"https:\/\/www.heddata.se\/webbutik\/wp-json\/wp\/v2\/product"}],"about":[{"href":"https:\/\/www.heddata.se\/webbutik\/wp-json\/wp\/v2\/types\/product"}],"wp:featuredmedia":[{"embeddable":true,"href":"https:\/\/www.heddata.se\/webbutik\/wp-json\/wp\/v2\/media\/90381"}],"wp:attachment":[{"href":"https:\/\/www.heddata.se\/webbutik\/wp-json\/wp\/v2\/media?parent=90379"}],"wp:term":[{"taxonomy":"product_brand","embeddable":true,"href":"https:\/\/www.heddata.se\/webbutik\/wp-json\/wp\/v2\/product_brand?post=90379"},{"taxonomy":"product_cat","embeddable":true,"href":"https:\/\/www.heddata.se\/webbutik\/wp-json\/wp\/v2\/product_cat?post=90379"},{"taxonomy":"product_tag","embeddable":true,"href":"https:\/\/www.heddata.se\/webbutik\/wp-json\/wp\/v2\/product_tag?post=90379"}],"curies":[{"name":"wp","href":"https:\/\/api.w.org\/{rel}","templated":true}]}}