{"id":90374,"date":"2020-10-05T17:18:23","date_gmt":"2020-10-05T15:18:23","guid":{"rendered":"https:\/\/www.heddata.se\/webbutik\/?post_type=product&#038;p=90374"},"modified":"2026-04-14T18:40:30","modified_gmt":"2026-04-14T16:40:30","slug":"samsung-galaxy-a21s-a217-dual-svart","status":"publish","type":"product","link":"https:\/\/www.heddata.se\/webbutik\/produkt\/samsung-galaxy-a21s-a217-dual-svart\/","title":{"rendered":"Samsung Galaxy A21s A217 Dual Svart"},"content":{"rendered":"<p>Samsung Galaxy A21s A217 Dual Svart<\/p>\n<p>Samsung Galaxy A21s A217 Dual<\/p>\n<p>Elegant, smart och prisv\u00e4rd \u00e4r tre ord som beskriver Samsungs A21s bra. Utrustad med en 6,5 tum stor Infinity-O-peksk\u00e4rm, 48+8+2+2Mpx-fyrkamera samt ett 5000mAh-batteri med st\u00f6d f\u00f6r 15W snabbladdning \u00e4r detta en sj\u00e4lvklar kandidat f\u00f6r den som vill ha en bra\u00a0<a href=\"https:\/\/www.heddata.se\/webbutik\/telefon-surfplattor\/mobiltelefoner\/\">telefon<\/a>\u00a0f\u00f6r ett l\u00e4gre pris.<\/p>\n<p>Med Quad-kamerans inbyggda 5 MP makroobjektiv f\u00e5r du med n\u00e4rbildernas ultrafina detaljer. Addera en naturlig suddighet i bakgrunden, om du vill.<\/p>\n<p>Med A21s utvecklar Samsung den sp\u00e4nnande designen som pr\u00e4glar\u00a0<a href=\"https:\/\/www.samsung.com\/se\/\" target=\"_blank\" rel=\"noopener noreferrer\">Galaxy<\/a>\u00a0A-serien. Nytillskottet kommer i flera livliga f\u00e4rger med en unik hologram- och 3D-glanseffekt. V\u00e4lj mellan svart, bl\u00e5 eller vit design.<\/p>\n<h4 class=\"feature-benefit__title\" data-omni=\"Awesome Quad camera to capture more\">Samsung Galaxy A21s A217 har en kraftfull Quad kamera med fyra linser<\/h4>\n<div class=\"feature-benefit__desc-wrap feature-benefit__desc-wrap--none\">\n<p class=\"feature-benefit__desc\">Med en h\u00f6guppl\u00f6st kamera med 48 MP ger dig superskarpa bilder b\u00e5de dag som natt. En 123\u00b0 8MP Ultra vidvinkelkamera l\u00e5ter dig f\u00e5nga stora landskapsbilder. Makrokamera ger dig m\u00f6jligheten att ta bilder p\u00e5 n\u00e4ra h\u00e5ll, spela in och f\u00e5nga de detaljer som annars hade g\u00e5tt f\u00f6rlorade.<\/p>\n<p>Med Ultra vidvinkelkameran f\u00e5ngar du det vida landskapet, men kan ocks\u00e5 ta fina bilder p\u00e5 inomhusmilj\u00f6er. 48 MP betyder mycket skarpa bilder d\u00e4r du ser varje nyans.<\/p>\n<p>Med Quad-kamerans inbyggda 5 MP makroobjektiv f\u00e5r du med n\u00e4rbildernas ultrafina detaljer. Addera en naturlig suddighet i bakgrunden, om du vill.<\/p>\n<p>Med 2 MP djupkamera kan du justera bakgrunden, till exempel ta bort st\u00f6rande objekt, b\u00e5de f\u00f6re och efter du tagit bilden.<\/p>\n<\/div>\n","protected":false},"excerpt":{"rendered":"<p>Samsung Galaxy A21s A217 Dual Svart<\/p>\n","protected":false},"featured_media":90378,"template":"","meta":[],"product_brand":[],"product_cat":[106,6009,103,63],"product_tag":[],"class_list":{"0":"post-90374","1":"product","2":"type-product","3":"status-publish","4":"has-post-thumbnail","6":"product_cat-mobiltelefoner","7":"product_cat-mobiltelefoner-touch","8":"product_cat-telefoner","9":"product_cat-telefoner-surfplattor","11":"first","12":"outofstock","13":"taxable","14":"shipping-taxable","15":"product-type-simple"},"yoast_head":"<!-- This site is optimized with the Yoast SEO Premium plugin v26.7 (Yoast SEO v26.7) - https:\/\/yoast.com\/wordpress\/plugins\/seo\/ -->\n<title>Samsung Galaxy A21s A217 Dual Svart, elegant, smart och prisv\u00e4rd.<\/title>\n<meta name=\"description\" content=\"Samsung Galaxy A21s A217 Dual. Elegant, smart och prisv\u00e4rd \u00e4r tre ord som beskriver Samsungs A21s bra, med en 6,5 tum stor Infinity-O-peksk\u00e4rm\" \/>\n<meta name=\"robots\" content=\"index, follow, max-snippet:-1, max-image-preview:large, max-video-preview:-1\" \/>\n<link rel=\"canonical\" href=\"https:\/\/www.heddata.se\/webbutik\/produkt\/samsung-galaxy-a21s-a217-dual-svart\/\" \/>\n<meta property=\"og:locale\" content=\"sv_SE\" \/>\n<meta property=\"og:type\" content=\"article\" \/>\n<meta property=\"og:title\" content=\"Samsung Galaxy A21s A217 Dual Svart\" \/>\n<meta property=\"og:description\" content=\"Samsung Galaxy A21s A217 Dual. Elegant, smart och prisv\u00e4rd \u00e4r tre ord som beskriver Samsungs A21s bra, med en 6,5 tum stor Infinity-O-peksk\u00e4rm\" \/>\n<meta property=\"og:url\" content=\"https:\/\/www.heddata.se\/webbutik\/produkt\/samsung-galaxy-a21s-a217-dual-svart\/\" \/>\n<meta property=\"og:site_name\" content=\"Datorer, Skrivare, F\u00e4rgpatroner, Mobiltelefoner\" \/>\n<meta property=\"article:modified_time\" content=\"2026-04-14T16:40:30+00:00\" \/>\n<meta property=\"og:image\" content=\"https:\/\/www.heddata.se\/webbutik\/wp-content\/uploads\/webbutik\/kategorier\/mobiltelefoner-surfplattor\/sm-a21s-svart.jpg\" \/>\n\t<meta property=\"og:image:width\" content=\"600\" \/>\n\t<meta property=\"og:image:height\" content=\"600\" \/>\n\t<meta property=\"og:image:type\" content=\"image\/jpeg\" \/>\n<meta name=\"twitter:card\" content=\"summary_large_image\" \/>\n<meta name=\"twitter:label1\" content=\"Ber\u00e4knad l\u00e4stid\" \/>\n\t<meta name=\"twitter:data1\" content=\"1 minut\" \/>\n<script type=\"application\/ld+json\" class=\"yoast-schema-graph\">{\"@context\":\"https:\/\/schema.org\",\"@graph\":[{\"@type\":\"WebPage\",\"@id\":\"https:\/\/www.heddata.se\/webbutik\/produkt\/samsung-galaxy-a21s-a217-dual-svart\/\",\"url\":\"https:\/\/www.heddata.se\/webbutik\/produkt\/samsung-galaxy-a21s-a217-dual-svart\/\",\"name\":\"Samsung Galaxy A21s A217 Dual Svart, elegant, smart och prisv\u00e4rd.\",\"isPartOf\":{\"@id\":\"https:\/\/www.heddata.se\/webbutik\/#website\"},\"primaryImageOfPage\":{\"@id\":\"https:\/\/www.heddata.se\/webbutik\/produkt\/samsung-galaxy-a21s-a217-dual-svart\/#primaryimage\"},\"image\":{\"@id\":\"https:\/\/www.heddata.se\/webbutik\/produkt\/samsung-galaxy-a21s-a217-dual-svart\/#primaryimage\"},\"thumbnailUrl\":\"https:\/\/www.heddata.se\/webbutik\/wp-content\/uploads\/webbutik\/kategorier\/mobiltelefoner-surfplattor\/sm-a21s-svart.jpg\",\"datePublished\":\"2020-10-05T15:18:23+00:00\",\"dateModified\":\"2026-04-14T16:40:30+00:00\",\"description\":\"Samsung Galaxy A21s A217 Dual. Elegant, smart och prisv\u00e4rd \u00e4r tre ord som beskriver Samsungs A21s bra, med en 6,5 tum stor Infinity-O-peksk\u00e4rm\",\"breadcrumb\":{\"@id\":\"https:\/\/www.heddata.se\/webbutik\/produkt\/samsung-galaxy-a21s-a217-dual-svart\/#breadcrumb\"},\"inLanguage\":\"sv-SE\",\"potentialAction\":[{\"@type\":\"ReadAction\",\"target\":[\"https:\/\/www.heddata.se\/webbutik\/produkt\/samsung-galaxy-a21s-a217-dual-svart\/\"]}]},{\"@type\":\"ImageObject\",\"inLanguage\":\"sv-SE\",\"@id\":\"https:\/\/www.heddata.se\/webbutik\/produkt\/samsung-galaxy-a21s-a217-dual-svart\/#primaryimage\",\"url\":\"https:\/\/www.heddata.se\/webbutik\/wp-content\/uploads\/webbutik\/kategorier\/mobiltelefoner-surfplattor\/sm-a21s-svart.jpg\",\"contentUrl\":\"https:\/\/www.heddata.se\/webbutik\/wp-content\/uploads\/webbutik\/kategorier\/mobiltelefoner-surfplattor\/sm-a21s-svart.jpg\",\"width\":600,\"height\":600,\"caption\":\"Samsung Galaxy A21s A217\"},{\"@type\":\"BreadcrumbList\",\"@id\":\"https:\/\/www.heddata.se\/webbutik\/produkt\/samsung-galaxy-a21s-a217-dual-svart\/#breadcrumb\",\"itemListElement\":[{\"@type\":\"ListItem\",\"position\":1,\"name\":\"Hem\",\"item\":\"https:\/\/www.heddata.se\/webbutik\/\"},{\"@type\":\"ListItem\",\"position\":2,\"name\":\"Produkter\",\"item\":\"https:\/\/www.heddata.se\/webbutik\/shop\/\"},{\"@type\":\"ListItem\",\"position\":3,\"name\":\"Samsung Galaxy A21s A217 Dual Svart\"}]},{\"@type\":\"WebSite\",\"@id\":\"https:\/\/www.heddata.se\/webbutik\/#website\",\"url\":\"https:\/\/www.heddata.se\/webbutik\/\",\"name\":\"Datorer, Skrivare, F\u00e4rgpatroner, Mobiltelefoner\",\"description\":\"Kablar\",\"publisher\":{\"@id\":\"https:\/\/www.heddata.se\/webbutik\/#organization\"},\"potentialAction\":[{\"@type\":\"SearchAction\",\"target\":{\"@type\":\"EntryPoint\",\"urlTemplate\":\"https:\/\/www.heddata.se\/webbutik\/?s={search_term_string}\"},\"query-input\":{\"@type\":\"PropertyValueSpecification\",\"valueRequired\":true,\"valueName\":\"search_term_string\"}}],\"inLanguage\":\"sv-SE\"},{\"@type\":\"Organization\",\"@id\":\"https:\/\/www.heddata.se\/webbutik\/#organization\",\"name\":\"Heddata AB\",\"url\":\"https:\/\/www.heddata.se\/webbutik\/\",\"logo\":{\"@type\":\"ImageObject\",\"inLanguage\":\"sv-SE\",\"@id\":\"https:\/\/www.heddata.se\/webbutik\/#\/schema\/logo\/image\/\",\"url\":\"https:\/\/www.heddata.se\/webbutik\/wp-content\/uploads\/logga\/heddata-ab-logga.png\",\"contentUrl\":\"https:\/\/www.heddata.se\/webbutik\/wp-content\/uploads\/logga\/heddata-ab-logga.png\",\"width\":200,\"height\":64,\"caption\":\"Heddata AB\"},\"image\":{\"@id\":\"https:\/\/www.heddata.se\/webbutik\/#\/schema\/logo\/image\/\"}}]}<\/script>\n<!-- \/ Yoast SEO Premium plugin. -->","yoast_head_json":{"title":"Samsung Galaxy A21s A217 Dual Svart, elegant, smart och prisv\u00e4rd.","description":"Samsung Galaxy A21s A217 Dual. Elegant, smart och prisv\u00e4rd \u00e4r tre ord som beskriver Samsungs A21s bra, med en 6,5 tum stor Infinity-O-peksk\u00e4rm","robots":{"index":"index","follow":"follow","max-snippet":"max-snippet:-1","max-image-preview":"max-image-preview:large","max-video-preview":"max-video-preview:-1"},"canonical":"https:\/\/www.heddata.se\/webbutik\/produkt\/samsung-galaxy-a21s-a217-dual-svart\/","og_locale":"sv_SE","og_type":"article","og_title":"Samsung Galaxy A21s A217 Dual Svart","og_description":"Samsung Galaxy A21s A217 Dual. Elegant, smart och prisv\u00e4rd \u00e4r tre ord som beskriver Samsungs A21s bra, med en 6,5 tum stor Infinity-O-peksk\u00e4rm","og_url":"https:\/\/www.heddata.se\/webbutik\/produkt\/samsung-galaxy-a21s-a217-dual-svart\/","og_site_name":"Datorer, Skrivare, F\u00e4rgpatroner, Mobiltelefoner","article_modified_time":"2026-04-14T16:40:30+00:00","og_image":[{"width":600,"height":600,"url":"https:\/\/www.heddata.se\/webbutik\/wp-content\/uploads\/webbutik\/kategorier\/mobiltelefoner-surfplattor\/sm-a21s-svart.jpg","type":"image\/jpeg"}],"twitter_card":"summary_large_image","twitter_misc":{"Ber\u00e4knad l\u00e4stid":"1 minut"},"schema":{"@context":"https:\/\/schema.org","@graph":[{"@type":"WebPage","@id":"https:\/\/www.heddata.se\/webbutik\/produkt\/samsung-galaxy-a21s-a217-dual-svart\/","url":"https:\/\/www.heddata.se\/webbutik\/produkt\/samsung-galaxy-a21s-a217-dual-svart\/","name":"Samsung Galaxy A21s A217 Dual Svart, elegant, smart och prisv\u00e4rd.","isPartOf":{"@id":"https:\/\/www.heddata.se\/webbutik\/#website"},"primaryImageOfPage":{"@id":"https:\/\/www.heddata.se\/webbutik\/produkt\/samsung-galaxy-a21s-a217-dual-svart\/#primaryimage"},"image":{"@id":"https:\/\/www.heddata.se\/webbutik\/produkt\/samsung-galaxy-a21s-a217-dual-svart\/#primaryimage"},"thumbnailUrl":"https:\/\/www.heddata.se\/webbutik\/wp-content\/uploads\/webbutik\/kategorier\/mobiltelefoner-surfplattor\/sm-a21s-svart.jpg","datePublished":"2020-10-05T15:18:23+00:00","dateModified":"2026-04-14T16:40:30+00:00","description":"Samsung Galaxy A21s A217 Dual. Elegant, smart och prisv\u00e4rd \u00e4r tre ord som beskriver Samsungs A21s bra, med en 6,5 tum stor Infinity-O-peksk\u00e4rm","breadcrumb":{"@id":"https:\/\/www.heddata.se\/webbutik\/produkt\/samsung-galaxy-a21s-a217-dual-svart\/#breadcrumb"},"inLanguage":"sv-SE","potentialAction":[{"@type":"ReadAction","target":["https:\/\/www.heddata.se\/webbutik\/produkt\/samsung-galaxy-a21s-a217-dual-svart\/"]}]},{"@type":"ImageObject","inLanguage":"sv-SE","@id":"https:\/\/www.heddata.se\/webbutik\/produkt\/samsung-galaxy-a21s-a217-dual-svart\/#primaryimage","url":"https:\/\/www.heddata.se\/webbutik\/wp-content\/uploads\/webbutik\/kategorier\/mobiltelefoner-surfplattor\/sm-a21s-svart.jpg","contentUrl":"https:\/\/www.heddata.se\/webbutik\/wp-content\/uploads\/webbutik\/kategorier\/mobiltelefoner-surfplattor\/sm-a21s-svart.jpg","width":600,"height":600,"caption":"Samsung Galaxy A21s A217"},{"@type":"BreadcrumbList","@id":"https:\/\/www.heddata.se\/webbutik\/produkt\/samsung-galaxy-a21s-a217-dual-svart\/#breadcrumb","itemListElement":[{"@type":"ListItem","position":1,"name":"Hem","item":"https:\/\/www.heddata.se\/webbutik\/"},{"@type":"ListItem","position":2,"name":"Produkter","item":"https:\/\/www.heddata.se\/webbutik\/shop\/"},{"@type":"ListItem","position":3,"name":"Samsung Galaxy A21s A217 Dual Svart"}]},{"@type":"WebSite","@id":"https:\/\/www.heddata.se\/webbutik\/#website","url":"https:\/\/www.heddata.se\/webbutik\/","name":"Datorer, Skrivare, F\u00e4rgpatroner, Mobiltelefoner","description":"Kablar","publisher":{"@id":"https:\/\/www.heddata.se\/webbutik\/#organization"},"potentialAction":[{"@type":"SearchAction","target":{"@type":"EntryPoint","urlTemplate":"https:\/\/www.heddata.se\/webbutik\/?s={search_term_string}"},"query-input":{"@type":"PropertyValueSpecification","valueRequired":true,"valueName":"search_term_string"}}],"inLanguage":"sv-SE"},{"@type":"Organization","@id":"https:\/\/www.heddata.se\/webbutik\/#organization","name":"Heddata AB","url":"https:\/\/www.heddata.se\/webbutik\/","logo":{"@type":"ImageObject","inLanguage":"sv-SE","@id":"https:\/\/www.heddata.se\/webbutik\/#\/schema\/logo\/image\/","url":"https:\/\/www.heddata.se\/webbutik\/wp-content\/uploads\/logga\/heddata-ab-logga.png","contentUrl":"https:\/\/www.heddata.se\/webbutik\/wp-content\/uploads\/logga\/heddata-ab-logga.png","width":200,"height":64,"caption":"Heddata AB"},"image":{"@id":"https:\/\/www.heddata.se\/webbutik\/#\/schema\/logo\/image\/"}}]}},"_links":{"self":[{"href":"https:\/\/www.heddata.se\/webbutik\/wp-json\/wp\/v2\/product\/90374","targetHints":{"allow":["GET"]}}],"collection":[{"href":"https:\/\/www.heddata.se\/webbutik\/wp-json\/wp\/v2\/product"}],"about":[{"href":"https:\/\/www.heddata.se\/webbutik\/wp-json\/wp\/v2\/types\/product"}],"wp:featuredmedia":[{"embeddable":true,"href":"https:\/\/www.heddata.se\/webbutik\/wp-json\/wp\/v2\/media\/90378"}],"wp:attachment":[{"href":"https:\/\/www.heddata.se\/webbutik\/wp-json\/wp\/v2\/media?parent=90374"}],"wp:term":[{"taxonomy":"product_brand","embeddable":true,"href":"https:\/\/www.heddata.se\/webbutik\/wp-json\/wp\/v2\/product_brand?post=90374"},{"taxonomy":"product_cat","embeddable":true,"href":"https:\/\/www.heddata.se\/webbutik\/wp-json\/wp\/v2\/product_cat?post=90374"},{"taxonomy":"product_tag","embeddable":true,"href":"https:\/\/www.heddata.se\/webbutik\/wp-json\/wp\/v2\/product_tag?post=90374"}],"curies":[{"name":"wp","href":"https:\/\/api.w.org\/{rel}","templated":true}]}}