{"id":90370,"date":"2020-10-01T15:18:17","date_gmt":"2020-10-01T13:18:17","guid":{"rendered":"https:\/\/www.heddata.se\/webbutik\/?post_type=product&#038;p=90370"},"modified":"2026-04-10T18:11:50","modified_gmt":"2026-04-10T16:11:50","slug":"havit-rgb-gaming-headset","status":"publish","type":"product","link":"https:\/\/www.heddata.se\/webbutik\/produkt\/havit-rgb-gaming-headset\/","title":{"rendered":"Havit RGB Gaming Headset"},"content":{"rendered":"<h1>Havit RGB Gaming Headset<\/h1>\n<p>Havit RGB Gaming Headset GAMENOTE H2019U &#8211; <a href=\"https:\/\/www.heddata.se\/webbutik\/horlurar-headset\/\">Headset<\/a> &#8211; 7.1-kanals &#8211; fullstorlek &#8211; kabelansluten &#8211; USB<\/p>\n<table class=\"table table-specs table-striped\">\n<tbody>\n<tr>\n<td class=\"header\">Produktbeskrivning<\/td>\n<td class=\"value\"><a href=\"https:\/\/www.havit.hk\/\" target=\"_blank\" rel=\"noopener noreferrer\">Havit<\/a> GAMENOTE H2019U &#8211; headset<\/td>\n<\/tr>\n<tr>\n<td class=\"header\">Typ av produkt<\/td>\n<td class=\"value\">Headset &#8211; 7.1-kanals &#8211; kabelansluten &#8211; USB<\/td>\n<\/tr>\n<tr>\n<td class=\"header\">Rekommenderad anv\u00e4ndning<\/td>\n<td class=\"value\">Dator<\/td>\n<\/tr>\n<tr>\n<td class=\"header\">H\u00f6rlursmodell<\/td>\n<td class=\"value\">Fullstorlek<\/td>\n<\/tr>\n<tr>\n<td class=\"header\">Anslutningsteknik<\/td>\n<td class=\"value\">Kabelansluten<\/td>\n<\/tr>\n<tr>\n<td class=\"header\">Ljudutg\u00e5ngsl\u00e4ge<\/td>\n<td class=\"value\">7.1-kanals surround<\/td>\n<\/tr>\n<tr>\n<td class=\"header\">Ljudspecifikationer<\/td>\n<td class=\"value\">Frekvensrespons 20 &#8211; 20000 Hz &#8211; Sensitivitet 110 dB<\/td>\n<\/tr>\n<tr>\n<td class=\"header\">Impedans<\/td>\n<td class=\"value\">32 ohm<\/td>\n<\/tr>\n<tr>\n<td class=\"header\">Mikrofon<\/td>\n<td class=\"value\">Bom<\/td>\n<\/tr>\n<tr>\n<td class=\"header\">Kontroller<\/td>\n<td class=\"value\">Volym, mikrofon p\u00e5\/av, backlighting on\/off<\/td>\n<\/tr>\n<\/tbody>\n<\/table>\n<p>Havit RGB Gaming Headset har l\u00e4tt design, bekv\u00e4m att b\u00e4ra, cool RGB-ljuseffekt.<\/p>\n","protected":false},"excerpt":{"rendered":"<h1>Havit RGB Gaming Headset<\/h1>\n","protected":false},"featured_media":90372,"template":"","meta":[],"product_brand":[],"product_cat":[66,126,8997,119],"product_tag":[],"class_list":{"0":"post-90370","1":"product","2":"type-product","3":"status-publish","4":"has-post-thumbnail","6":"product_cat-gaming","7":"product_cat-headset-horlurar-med-mikrofon","8":"product_cat-headset-och-horlurar-med-sladd","9":"product_cat-horlurar-headset","11":"first","12":"outofstock","13":"taxable","14":"shipping-taxable","15":"purchasable","16":"product-type-simple"},"yoast_head":"<!-- This site is optimized with the Yoast SEO Premium plugin v26.7 (Yoast SEO v26.7) - https:\/\/yoast.com\/wordpress\/plugins\/seo\/ -->\n<title>Havit RGB Gaming Headset- 7.1-kanals - kabelansluten - USB<\/title>\n<meta name=\"description\" content=\"Havit RGB Gaming Headset - 7.1-kanals - kabelansluten - USB. L\u00e4tt design, bekv\u00e4m att b\u00e4ra, cool RGB-ljuseffekt.\" \/>\n<meta name=\"robots\" content=\"index, follow, max-snippet:-1, max-image-preview:large, max-video-preview:-1\" \/>\n<link rel=\"canonical\" href=\"https:\/\/www.heddata.se\/webbutik\/produkt\/havit-rgb-gaming-headset\/\" \/>\n<meta property=\"og:locale\" content=\"sv_SE\" \/>\n<meta property=\"og:type\" content=\"article\" \/>\n<meta property=\"og:title\" content=\"Havit RGB Gaming Headset\" \/>\n<meta property=\"og:description\" content=\"Havit RGB Gaming Headset - 7.1-kanals - kabelansluten - USB. L\u00e4tt design, bekv\u00e4m att b\u00e4ra, cool RGB-ljuseffekt.\" \/>\n<meta property=\"og:url\" content=\"https:\/\/www.heddata.se\/webbutik\/produkt\/havit-rgb-gaming-headset\/\" \/>\n<meta property=\"og:site_name\" content=\"Datorer, Skrivare, F\u00e4rgpatroner, Mobiltelefoner\" \/>\n<meta property=\"article:modified_time\" content=\"2026-04-10T16:11:50+00:00\" \/>\n<meta property=\"og:image\" content=\"https:\/\/www.heddata.se\/webbutik\/wp-content\/uploads\/webbutik\/kategorier\/horlurar\/havit-rgb-headset.jpeg\" \/>\n\t<meta property=\"og:image:width\" content=\"4000\" \/>\n\t<meta property=\"og:image:height\" content=\"2588\" \/>\n\t<meta property=\"og:image:type\" content=\"image\/jpeg\" \/>\n<meta name=\"twitter:card\" content=\"summary_large_image\" \/>\n<script type=\"application\/ld+json\" class=\"yoast-schema-graph\">{\"@context\":\"https:\/\/schema.org\",\"@graph\":[{\"@type\":\"WebPage\",\"@id\":\"https:\/\/www.heddata.se\/webbutik\/produkt\/havit-rgb-gaming-headset\/\",\"url\":\"https:\/\/www.heddata.se\/webbutik\/produkt\/havit-rgb-gaming-headset\/\",\"name\":\"Havit RGB Gaming Headset- 7.1-kanals - kabelansluten - USB\",\"isPartOf\":{\"@id\":\"https:\/\/www.heddata.se\/webbutik\/#website\"},\"primaryImageOfPage\":{\"@id\":\"https:\/\/www.heddata.se\/webbutik\/produkt\/havit-rgb-gaming-headset\/#primaryimage\"},\"image\":{\"@id\":\"https:\/\/www.heddata.se\/webbutik\/produkt\/havit-rgb-gaming-headset\/#primaryimage\"},\"thumbnailUrl\":\"https:\/\/www.heddata.se\/webbutik\/wp-content\/uploads\/webbutik\/kategorier\/horlurar\/havit-rgb-headset.jpeg\",\"datePublished\":\"2020-10-01T13:18:17+00:00\",\"dateModified\":\"2026-04-10T16:11:50+00:00\",\"description\":\"Havit RGB Gaming Headset - 7.1-kanals - kabelansluten - USB. L\u00e4tt design, bekv\u00e4m att b\u00e4ra, cool RGB-ljuseffekt.\",\"breadcrumb\":{\"@id\":\"https:\/\/www.heddata.se\/webbutik\/produkt\/havit-rgb-gaming-headset\/#breadcrumb\"},\"inLanguage\":\"sv-SE\",\"potentialAction\":[{\"@type\":\"ReadAction\",\"target\":[\"https:\/\/www.heddata.se\/webbutik\/produkt\/havit-rgb-gaming-headset\/\"]}]},{\"@type\":\"ImageObject\",\"inLanguage\":\"sv-SE\",\"@id\":\"https:\/\/www.heddata.se\/webbutik\/produkt\/havit-rgb-gaming-headset\/#primaryimage\",\"url\":\"https:\/\/www.heddata.se\/webbutik\/wp-content\/uploads\/webbutik\/kategorier\/horlurar\/havit-rgb-headset.jpeg\",\"contentUrl\":\"https:\/\/www.heddata.se\/webbutik\/wp-content\/uploads\/webbutik\/kategorier\/horlurar\/havit-rgb-headset.jpeg\",\"width\":4000,\"height\":2588,\"caption\":\"Havit RGB Gaming Headset\"},{\"@type\":\"BreadcrumbList\",\"@id\":\"https:\/\/www.heddata.se\/webbutik\/produkt\/havit-rgb-gaming-headset\/#breadcrumb\",\"itemListElement\":[{\"@type\":\"ListItem\",\"position\":1,\"name\":\"Hem\",\"item\":\"https:\/\/www.heddata.se\/webbutik\/\"},{\"@type\":\"ListItem\",\"position\":2,\"name\":\"Produkter\",\"item\":\"https:\/\/www.heddata.se\/webbutik\/shop\/\"},{\"@type\":\"ListItem\",\"position\":3,\"name\":\"Havit RGB Gaming Headset\"}]},{\"@type\":\"WebSite\",\"@id\":\"https:\/\/www.heddata.se\/webbutik\/#website\",\"url\":\"https:\/\/www.heddata.se\/webbutik\/\",\"name\":\"Datorer, Skrivare, F\u00e4rgpatroner, Mobiltelefoner\",\"description\":\"Kablar\",\"publisher\":{\"@id\":\"https:\/\/www.heddata.se\/webbutik\/#organization\"},\"potentialAction\":[{\"@type\":\"SearchAction\",\"target\":{\"@type\":\"EntryPoint\",\"urlTemplate\":\"https:\/\/www.heddata.se\/webbutik\/?s={search_term_string}\"},\"query-input\":{\"@type\":\"PropertyValueSpecification\",\"valueRequired\":true,\"valueName\":\"search_term_string\"}}],\"inLanguage\":\"sv-SE\"},{\"@type\":\"Organization\",\"@id\":\"https:\/\/www.heddata.se\/webbutik\/#organization\",\"name\":\"Heddata AB\",\"url\":\"https:\/\/www.heddata.se\/webbutik\/\",\"logo\":{\"@type\":\"ImageObject\",\"inLanguage\":\"sv-SE\",\"@id\":\"https:\/\/www.heddata.se\/webbutik\/#\/schema\/logo\/image\/\",\"url\":\"https:\/\/www.heddata.se\/webbutik\/wp-content\/uploads\/logga\/heddata-ab-logga.png\",\"contentUrl\":\"https:\/\/www.heddata.se\/webbutik\/wp-content\/uploads\/logga\/heddata-ab-logga.png\",\"width\":200,\"height\":64,\"caption\":\"Heddata AB\"},\"image\":{\"@id\":\"https:\/\/www.heddata.se\/webbutik\/#\/schema\/logo\/image\/\"}}]}<\/script>\n<!-- \/ Yoast SEO Premium plugin. -->","yoast_head_json":{"title":"Havit RGB Gaming Headset- 7.1-kanals - kabelansluten - USB","description":"Havit RGB Gaming Headset - 7.1-kanals - kabelansluten - USB. L\u00e4tt design, bekv\u00e4m att b\u00e4ra, cool RGB-ljuseffekt.","robots":{"index":"index","follow":"follow","max-snippet":"max-snippet:-1","max-image-preview":"max-image-preview:large","max-video-preview":"max-video-preview:-1"},"canonical":"https:\/\/www.heddata.se\/webbutik\/produkt\/havit-rgb-gaming-headset\/","og_locale":"sv_SE","og_type":"article","og_title":"Havit RGB Gaming Headset","og_description":"Havit RGB Gaming Headset - 7.1-kanals - kabelansluten - USB. L\u00e4tt design, bekv\u00e4m att b\u00e4ra, cool RGB-ljuseffekt.","og_url":"https:\/\/www.heddata.se\/webbutik\/produkt\/havit-rgb-gaming-headset\/","og_site_name":"Datorer, Skrivare, F\u00e4rgpatroner, Mobiltelefoner","article_modified_time":"2026-04-10T16:11:50+00:00","og_image":[{"width":4000,"height":2588,"url":"https:\/\/www.heddata.se\/webbutik\/wp-content\/uploads\/webbutik\/kategorier\/horlurar\/havit-rgb-headset.jpeg","type":"image\/jpeg"}],"twitter_card":"summary_large_image","schema":{"@context":"https:\/\/schema.org","@graph":[{"@type":"WebPage","@id":"https:\/\/www.heddata.se\/webbutik\/produkt\/havit-rgb-gaming-headset\/","url":"https:\/\/www.heddata.se\/webbutik\/produkt\/havit-rgb-gaming-headset\/","name":"Havit RGB Gaming Headset- 7.1-kanals - kabelansluten - USB","isPartOf":{"@id":"https:\/\/www.heddata.se\/webbutik\/#website"},"primaryImageOfPage":{"@id":"https:\/\/www.heddata.se\/webbutik\/produkt\/havit-rgb-gaming-headset\/#primaryimage"},"image":{"@id":"https:\/\/www.heddata.se\/webbutik\/produkt\/havit-rgb-gaming-headset\/#primaryimage"},"thumbnailUrl":"https:\/\/www.heddata.se\/webbutik\/wp-content\/uploads\/webbutik\/kategorier\/horlurar\/havit-rgb-headset.jpeg","datePublished":"2020-10-01T13:18:17+00:00","dateModified":"2026-04-10T16:11:50+00:00","description":"Havit RGB Gaming Headset - 7.1-kanals - kabelansluten - USB. L\u00e4tt design, bekv\u00e4m att b\u00e4ra, cool RGB-ljuseffekt.","breadcrumb":{"@id":"https:\/\/www.heddata.se\/webbutik\/produkt\/havit-rgb-gaming-headset\/#breadcrumb"},"inLanguage":"sv-SE","potentialAction":[{"@type":"ReadAction","target":["https:\/\/www.heddata.se\/webbutik\/produkt\/havit-rgb-gaming-headset\/"]}]},{"@type":"ImageObject","inLanguage":"sv-SE","@id":"https:\/\/www.heddata.se\/webbutik\/produkt\/havit-rgb-gaming-headset\/#primaryimage","url":"https:\/\/www.heddata.se\/webbutik\/wp-content\/uploads\/webbutik\/kategorier\/horlurar\/havit-rgb-headset.jpeg","contentUrl":"https:\/\/www.heddata.se\/webbutik\/wp-content\/uploads\/webbutik\/kategorier\/horlurar\/havit-rgb-headset.jpeg","width":4000,"height":2588,"caption":"Havit RGB Gaming Headset"},{"@type":"BreadcrumbList","@id":"https:\/\/www.heddata.se\/webbutik\/produkt\/havit-rgb-gaming-headset\/#breadcrumb","itemListElement":[{"@type":"ListItem","position":1,"name":"Hem","item":"https:\/\/www.heddata.se\/webbutik\/"},{"@type":"ListItem","position":2,"name":"Produkter","item":"https:\/\/www.heddata.se\/webbutik\/shop\/"},{"@type":"ListItem","position":3,"name":"Havit RGB Gaming Headset"}]},{"@type":"WebSite","@id":"https:\/\/www.heddata.se\/webbutik\/#website","url":"https:\/\/www.heddata.se\/webbutik\/","name":"Datorer, Skrivare, F\u00e4rgpatroner, Mobiltelefoner","description":"Kablar","publisher":{"@id":"https:\/\/www.heddata.se\/webbutik\/#organization"},"potentialAction":[{"@type":"SearchAction","target":{"@type":"EntryPoint","urlTemplate":"https:\/\/www.heddata.se\/webbutik\/?s={search_term_string}"},"query-input":{"@type":"PropertyValueSpecification","valueRequired":true,"valueName":"search_term_string"}}],"inLanguage":"sv-SE"},{"@type":"Organization","@id":"https:\/\/www.heddata.se\/webbutik\/#organization","name":"Heddata AB","url":"https:\/\/www.heddata.se\/webbutik\/","logo":{"@type":"ImageObject","inLanguage":"sv-SE","@id":"https:\/\/www.heddata.se\/webbutik\/#\/schema\/logo\/image\/","url":"https:\/\/www.heddata.se\/webbutik\/wp-content\/uploads\/logga\/heddata-ab-logga.png","contentUrl":"https:\/\/www.heddata.se\/webbutik\/wp-content\/uploads\/logga\/heddata-ab-logga.png","width":200,"height":64,"caption":"Heddata AB"},"image":{"@id":"https:\/\/www.heddata.se\/webbutik\/#\/schema\/logo\/image\/"}}]}},"_links":{"self":[{"href":"https:\/\/www.heddata.se\/webbutik\/wp-json\/wp\/v2\/product\/90370","targetHints":{"allow":["GET"]}}],"collection":[{"href":"https:\/\/www.heddata.se\/webbutik\/wp-json\/wp\/v2\/product"}],"about":[{"href":"https:\/\/www.heddata.se\/webbutik\/wp-json\/wp\/v2\/types\/product"}],"wp:featuredmedia":[{"embeddable":true,"href":"https:\/\/www.heddata.se\/webbutik\/wp-json\/wp\/v2\/media\/90372"}],"wp:attachment":[{"href":"https:\/\/www.heddata.se\/webbutik\/wp-json\/wp\/v2\/media?parent=90370"}],"wp:term":[{"taxonomy":"product_brand","embeddable":true,"href":"https:\/\/www.heddata.se\/webbutik\/wp-json\/wp\/v2\/product_brand?post=90370"},{"taxonomy":"product_cat","embeddable":true,"href":"https:\/\/www.heddata.se\/webbutik\/wp-json\/wp\/v2\/product_cat?post=90370"},{"taxonomy":"product_tag","embeddable":true,"href":"https:\/\/www.heddata.se\/webbutik\/wp-json\/wp\/v2\/product_tag?post=90370"}],"curies":[{"name":"wp","href":"https:\/\/api.w.org\/{rel}","templated":true}]}}