{"id":90325,"date":"2020-09-30T12:18:10","date_gmt":"2020-09-30T10:18:10","guid":{"rendered":"https:\/\/www.heddata.se\/webbutik\/?post_type=product&#038;p=90325"},"modified":"2026-05-01T11:11:21","modified_gmt":"2026-05-01T09:11:21","slug":"logitech-mk850-performance-wireless-desktop-set-black-nordic","status":"publish","type":"product","link":"https:\/\/www.heddata.se\/webbutik\/produkt\/logitech-mk850-performance-wireless-desktop-set-black-nordic\/","title":{"rendered":"Logitech MK850 Performance Wireless Desktop Set, Black (Nordic)"},"content":{"rendered":"<p>Logitech MK850 Performance Wireless Desktop Set, Black (Nordic)<\/p>\n<h4>MED FULL KRAFT. OCH FULLT ST\u00d6D.<\/h4>\n<h4>LOGITECH MK850 PERFORMANCE WIRELESS.<\/h4>\n<p>Tr\u00e5dl\u00f6s tangentbords- och muskombination. Upplev en helt ny niv\u00e5 av produktivitet med v\u00e5r kraftfulla <a href=\"https:\/\/www.logitech.com\/sv-se\" target=\"_blank\" rel=\"noopener noreferrer\">MK850<\/a> Performance. Det mjuka handledsst\u00f6det, den rundade tangentbordsramen och musens rundade form ser till att du arbetar bekv\u00e4mt och ergonomiskt.<\/p>\n<p>V\u00e4xla mellan sk\u00e4rmar med b\u00e5de tangentbord och mus f\u00f6r \u00f6kad m\u00e5ngsidighet.<\/p>\n<h4>BYGGD F\u00d6R DIN BEKV\u00c4MLIGHET<\/h4>\n<p>Det extra stora, mjuka handledsst\u00f6det och den rundade tangentbordsramen ger dig st\u00f6d n\u00e4r du skriver. Justerbara, lutningsbara \u201dben\u201d ger en perfekt skrivvinkel. Musens rundade utformningen och den mjuka gummiytan g\u00f6r att den ligger bekv\u00e4mt mot handen.<\/p>\n<h4>\u00d6KAD PRODUKTIVITET<\/h4>\n<p>Hypersnabb rullning hj\u00e4lper dig att flyga fram genom dokumenten och webbsidorna, och det normalstora tangentbordet med noggrant utformade, konkava tangenter g\u00f6r att du kan skriva b\u00e5de tyst och snabbt.<\/p>\n<h4>P\u00c5LITLIG OCH PROBLEMFRI<\/h4>\n<p>Ditt <a href=\"https:\/\/www.heddata.se\/webbutik\/datorer\/moss-tangentbord\/\">tangentbord<\/a> beh\u00f6ver inte nya batterier f\u00f6rr\u00e4n efter 3 \u00e5r, och musen rullar p\u00e5 i upp till 2 \u00e5r. Anslut tr\u00e5dl\u00f6st till dina enheter med Logitech Unifying\u2122 USB-mottagare eller para ihop via Bluetooth\u00ae-l\u00e5genergiteknik.<\/p>\n<h4>HANTERA FLERA ENHETER P\u00c5 B\u00c4STA S\u00c4TT<\/h4>\n<p>Du b\u00f6rjar kanske skriva p\u00e5 datorn, men med ett knapptryck kan du n\u00e4r det beh\u00f6vs v\u00e4xla till surfplattan eller mobilen, och sen tillbaka till datorn. F\u00f6r att kunna arbeta s\u00e5 m\u00e5ngsidigt som m\u00f6jligt kan du nu para ihop musen med upp till 3 enheter.<\/p>\n","protected":false},"excerpt":{"rendered":"<p>Logitech MK850 Performance Wireless Desktop Set, Black (Nordic)<\/p>\n","protected":false},"featured_media":90327,"template":"","meta":[],"product_brand":[],"product_cat":[65,113],"product_tag":[],"class_list":{"0":"post-90325","1":"product","2":"type-product","3":"status-publish","4":"has-post-thumbnail","6":"product_cat-datorer-tillbehor","7":"product_cat-tangentbord","9":"first","10":"instock","11":"taxable","12":"shipping-taxable","13":"purchasable","14":"product-type-simple"},"yoast_head":"<!-- This site is optimized with the Yoast SEO Premium plugin v26.7 (Yoast SEO v26.7) - https:\/\/yoast.com\/wordpress\/plugins\/seo\/ -->\n<title>Logitech MK850 Performance Wireless Desktop Set, Black (Nordic)<\/title>\n<meta name=\"description\" content=\"Logitech MK850 Performance Wireless Desktop Set, Black (Nordic). Tr\u00e5dl\u00f6s tangentbords- och muskombination. Byggd f\u00f6r din bekv\u00e4mlighet.\" \/>\n<meta name=\"robots\" content=\"index, follow, max-snippet:-1, max-image-preview:large, max-video-preview:-1\" \/>\n<link rel=\"canonical\" href=\"https:\/\/www.heddata.se\/webbutik\/produkt\/logitech-mk850-performance-wireless-desktop-set-black-nordic\/\" \/>\n<meta property=\"og:locale\" content=\"sv_SE\" \/>\n<meta property=\"og:type\" content=\"article\" \/>\n<meta property=\"og:title\" content=\"Logitech MK850 Performance Wireless Desktop Set, Black (Nordic)\" \/>\n<meta property=\"og:description\" content=\"Logitech MK850 Performance Wireless Desktop Set, Black (Nordic). Tr\u00e5dl\u00f6s tangentbords- och muskombination. Byggd f\u00f6r din bekv\u00e4mlighet.\" \/>\n<meta property=\"og:url\" content=\"https:\/\/www.heddata.se\/webbutik\/produkt\/logitech-mk850-performance-wireless-desktop-set-black-nordic\/\" \/>\n<meta property=\"og:site_name\" content=\"Datorer, Skrivare, F\u00e4rgpatroner, Mobiltelefoner\" \/>\n<meta property=\"article:modified_time\" content=\"2026-05-01T09:11:21+00:00\" \/>\n<meta property=\"og:image\" content=\"https:\/\/www.heddata.se\/webbutik\/wp-content\/uploads\/webbutik\/kategorier\/tangentbord-moss\/mk850.jpg\" \/>\n\t<meta property=\"og:image:width\" content=\"800\" \/>\n\t<meta property=\"og:image:height\" content=\"800\" \/>\n\t<meta property=\"og:image:type\" content=\"image\/jpeg\" \/>\n<meta name=\"twitter:card\" content=\"summary_large_image\" \/>\n<meta name=\"twitter:label1\" content=\"Ber\u00e4knad l\u00e4stid\" \/>\n\t<meta name=\"twitter:data1\" content=\"1 minut\" \/>\n<script type=\"application\/ld+json\" class=\"yoast-schema-graph\">{\"@context\":\"https:\/\/schema.org\",\"@graph\":[{\"@type\":\"WebPage\",\"@id\":\"https:\/\/www.heddata.se\/webbutik\/produkt\/logitech-mk850-performance-wireless-desktop-set-black-nordic\/\",\"url\":\"https:\/\/www.heddata.se\/webbutik\/produkt\/logitech-mk850-performance-wireless-desktop-set-black-nordic\/\",\"name\":\"Logitech MK850 Performance Wireless Desktop Set, Black (Nordic)\",\"isPartOf\":{\"@id\":\"https:\/\/www.heddata.se\/webbutik\/#website\"},\"primaryImageOfPage\":{\"@id\":\"https:\/\/www.heddata.se\/webbutik\/produkt\/logitech-mk850-performance-wireless-desktop-set-black-nordic\/#primaryimage\"},\"image\":{\"@id\":\"https:\/\/www.heddata.se\/webbutik\/produkt\/logitech-mk850-performance-wireless-desktop-set-black-nordic\/#primaryimage\"},\"thumbnailUrl\":\"https:\/\/www.heddata.se\/webbutik\/wp-content\/uploads\/webbutik\/kategorier\/tangentbord-moss\/mk850.jpg\",\"datePublished\":\"2020-09-30T10:18:10+00:00\",\"dateModified\":\"2026-05-01T09:11:21+00:00\",\"description\":\"Logitech MK850 Performance Wireless Desktop Set, Black (Nordic). Tr\u00e5dl\u00f6s tangentbords- och muskombination. Byggd f\u00f6r din bekv\u00e4mlighet.\",\"breadcrumb\":{\"@id\":\"https:\/\/www.heddata.se\/webbutik\/produkt\/logitech-mk850-performance-wireless-desktop-set-black-nordic\/#breadcrumb\"},\"inLanguage\":\"sv-SE\",\"potentialAction\":[{\"@type\":\"ReadAction\",\"target\":[\"https:\/\/www.heddata.se\/webbutik\/produkt\/logitech-mk850-performance-wireless-desktop-set-black-nordic\/\"]}]},{\"@type\":\"ImageObject\",\"inLanguage\":\"sv-SE\",\"@id\":\"https:\/\/www.heddata.se\/webbutik\/produkt\/logitech-mk850-performance-wireless-desktop-set-black-nordic\/#primaryimage\",\"url\":\"https:\/\/www.heddata.se\/webbutik\/wp-content\/uploads\/webbutik\/kategorier\/tangentbord-moss\/mk850.jpg\",\"contentUrl\":\"https:\/\/www.heddata.se\/webbutik\/wp-content\/uploads\/webbutik\/kategorier\/tangentbord-moss\/mk850.jpg\",\"width\":800,\"height\":800,\"caption\":\"Logitech MK850 Performance Wireless\"},{\"@type\":\"BreadcrumbList\",\"@id\":\"https:\/\/www.heddata.se\/webbutik\/produkt\/logitech-mk850-performance-wireless-desktop-set-black-nordic\/#breadcrumb\",\"itemListElement\":[{\"@type\":\"ListItem\",\"position\":1,\"name\":\"Hem\",\"item\":\"https:\/\/www.heddata.se\/webbutik\/\"},{\"@type\":\"ListItem\",\"position\":2,\"name\":\"Produkter\",\"item\":\"https:\/\/www.heddata.se\/webbutik\/shop\/\"},{\"@type\":\"ListItem\",\"position\":3,\"name\":\"Logitech MK850 Performance Wireless Desktop Set, Black (Nordic)\"}]},{\"@type\":\"WebSite\",\"@id\":\"https:\/\/www.heddata.se\/webbutik\/#website\",\"url\":\"https:\/\/www.heddata.se\/webbutik\/\",\"name\":\"Datorer, Skrivare, F\u00e4rgpatroner, Mobiltelefoner\",\"description\":\"Kablar\",\"publisher\":{\"@id\":\"https:\/\/www.heddata.se\/webbutik\/#organization\"},\"potentialAction\":[{\"@type\":\"SearchAction\",\"target\":{\"@type\":\"EntryPoint\",\"urlTemplate\":\"https:\/\/www.heddata.se\/webbutik\/?s={search_term_string}\"},\"query-input\":{\"@type\":\"PropertyValueSpecification\",\"valueRequired\":true,\"valueName\":\"search_term_string\"}}],\"inLanguage\":\"sv-SE\"},{\"@type\":\"Organization\",\"@id\":\"https:\/\/www.heddata.se\/webbutik\/#organization\",\"name\":\"Heddata AB\",\"url\":\"https:\/\/www.heddata.se\/webbutik\/\",\"logo\":{\"@type\":\"ImageObject\",\"inLanguage\":\"sv-SE\",\"@id\":\"https:\/\/www.heddata.se\/webbutik\/#\/schema\/logo\/image\/\",\"url\":\"https:\/\/www.heddata.se\/webbutik\/wp-content\/uploads\/logga\/heddata-ab-logga.png\",\"contentUrl\":\"https:\/\/www.heddata.se\/webbutik\/wp-content\/uploads\/logga\/heddata-ab-logga.png\",\"width\":200,\"height\":64,\"caption\":\"Heddata AB\"},\"image\":{\"@id\":\"https:\/\/www.heddata.se\/webbutik\/#\/schema\/logo\/image\/\"}}]}<\/script>\n<!-- \/ Yoast SEO Premium plugin. -->","yoast_head_json":{"title":"Logitech MK850 Performance Wireless Desktop Set, Black (Nordic)","description":"Logitech MK850 Performance Wireless Desktop Set, Black (Nordic). Tr\u00e5dl\u00f6s tangentbords- och muskombination. Byggd f\u00f6r din bekv\u00e4mlighet.","robots":{"index":"index","follow":"follow","max-snippet":"max-snippet:-1","max-image-preview":"max-image-preview:large","max-video-preview":"max-video-preview:-1"},"canonical":"https:\/\/www.heddata.se\/webbutik\/produkt\/logitech-mk850-performance-wireless-desktop-set-black-nordic\/","og_locale":"sv_SE","og_type":"article","og_title":"Logitech MK850 Performance Wireless Desktop Set, Black (Nordic)","og_description":"Logitech MK850 Performance Wireless Desktop Set, Black (Nordic). Tr\u00e5dl\u00f6s tangentbords- och muskombination. Byggd f\u00f6r din bekv\u00e4mlighet.","og_url":"https:\/\/www.heddata.se\/webbutik\/produkt\/logitech-mk850-performance-wireless-desktop-set-black-nordic\/","og_site_name":"Datorer, Skrivare, F\u00e4rgpatroner, Mobiltelefoner","article_modified_time":"2026-05-01T09:11:21+00:00","og_image":[{"width":800,"height":800,"url":"https:\/\/www.heddata.se\/webbutik\/wp-content\/uploads\/webbutik\/kategorier\/tangentbord-moss\/mk850.jpg","type":"image\/jpeg"}],"twitter_card":"summary_large_image","twitter_misc":{"Ber\u00e4knad l\u00e4stid":"1 minut"},"schema":{"@context":"https:\/\/schema.org","@graph":[{"@type":"WebPage","@id":"https:\/\/www.heddata.se\/webbutik\/produkt\/logitech-mk850-performance-wireless-desktop-set-black-nordic\/","url":"https:\/\/www.heddata.se\/webbutik\/produkt\/logitech-mk850-performance-wireless-desktop-set-black-nordic\/","name":"Logitech MK850 Performance Wireless Desktop Set, Black (Nordic)","isPartOf":{"@id":"https:\/\/www.heddata.se\/webbutik\/#website"},"primaryImageOfPage":{"@id":"https:\/\/www.heddata.se\/webbutik\/produkt\/logitech-mk850-performance-wireless-desktop-set-black-nordic\/#primaryimage"},"image":{"@id":"https:\/\/www.heddata.se\/webbutik\/produkt\/logitech-mk850-performance-wireless-desktop-set-black-nordic\/#primaryimage"},"thumbnailUrl":"https:\/\/www.heddata.se\/webbutik\/wp-content\/uploads\/webbutik\/kategorier\/tangentbord-moss\/mk850.jpg","datePublished":"2020-09-30T10:18:10+00:00","dateModified":"2026-05-01T09:11:21+00:00","description":"Logitech MK850 Performance Wireless Desktop Set, Black (Nordic). Tr\u00e5dl\u00f6s tangentbords- och muskombination. Byggd f\u00f6r din bekv\u00e4mlighet.","breadcrumb":{"@id":"https:\/\/www.heddata.se\/webbutik\/produkt\/logitech-mk850-performance-wireless-desktop-set-black-nordic\/#breadcrumb"},"inLanguage":"sv-SE","potentialAction":[{"@type":"ReadAction","target":["https:\/\/www.heddata.se\/webbutik\/produkt\/logitech-mk850-performance-wireless-desktop-set-black-nordic\/"]}]},{"@type":"ImageObject","inLanguage":"sv-SE","@id":"https:\/\/www.heddata.se\/webbutik\/produkt\/logitech-mk850-performance-wireless-desktop-set-black-nordic\/#primaryimage","url":"https:\/\/www.heddata.se\/webbutik\/wp-content\/uploads\/webbutik\/kategorier\/tangentbord-moss\/mk850.jpg","contentUrl":"https:\/\/www.heddata.se\/webbutik\/wp-content\/uploads\/webbutik\/kategorier\/tangentbord-moss\/mk850.jpg","width":800,"height":800,"caption":"Logitech MK850 Performance Wireless"},{"@type":"BreadcrumbList","@id":"https:\/\/www.heddata.se\/webbutik\/produkt\/logitech-mk850-performance-wireless-desktop-set-black-nordic\/#breadcrumb","itemListElement":[{"@type":"ListItem","position":1,"name":"Hem","item":"https:\/\/www.heddata.se\/webbutik\/"},{"@type":"ListItem","position":2,"name":"Produkter","item":"https:\/\/www.heddata.se\/webbutik\/shop\/"},{"@type":"ListItem","position":3,"name":"Logitech MK850 Performance Wireless Desktop Set, Black (Nordic)"}]},{"@type":"WebSite","@id":"https:\/\/www.heddata.se\/webbutik\/#website","url":"https:\/\/www.heddata.se\/webbutik\/","name":"Datorer, Skrivare, F\u00e4rgpatroner, Mobiltelefoner","description":"Kablar","publisher":{"@id":"https:\/\/www.heddata.se\/webbutik\/#organization"},"potentialAction":[{"@type":"SearchAction","target":{"@type":"EntryPoint","urlTemplate":"https:\/\/www.heddata.se\/webbutik\/?s={search_term_string}"},"query-input":{"@type":"PropertyValueSpecification","valueRequired":true,"valueName":"search_term_string"}}],"inLanguage":"sv-SE"},{"@type":"Organization","@id":"https:\/\/www.heddata.se\/webbutik\/#organization","name":"Heddata AB","url":"https:\/\/www.heddata.se\/webbutik\/","logo":{"@type":"ImageObject","inLanguage":"sv-SE","@id":"https:\/\/www.heddata.se\/webbutik\/#\/schema\/logo\/image\/","url":"https:\/\/www.heddata.se\/webbutik\/wp-content\/uploads\/logga\/heddata-ab-logga.png","contentUrl":"https:\/\/www.heddata.se\/webbutik\/wp-content\/uploads\/logga\/heddata-ab-logga.png","width":200,"height":64,"caption":"Heddata AB"},"image":{"@id":"https:\/\/www.heddata.se\/webbutik\/#\/schema\/logo\/image\/"}}]}},"_links":{"self":[{"href":"https:\/\/www.heddata.se\/webbutik\/wp-json\/wp\/v2\/product\/90325","targetHints":{"allow":["GET"]}}],"collection":[{"href":"https:\/\/www.heddata.se\/webbutik\/wp-json\/wp\/v2\/product"}],"about":[{"href":"https:\/\/www.heddata.se\/webbutik\/wp-json\/wp\/v2\/types\/product"}],"wp:featuredmedia":[{"embeddable":true,"href":"https:\/\/www.heddata.se\/webbutik\/wp-json\/wp\/v2\/media\/90327"}],"wp:attachment":[{"href":"https:\/\/www.heddata.se\/webbutik\/wp-json\/wp\/v2\/media?parent=90325"}],"wp:term":[{"taxonomy":"product_brand","embeddable":true,"href":"https:\/\/www.heddata.se\/webbutik\/wp-json\/wp\/v2\/product_brand?post=90325"},{"taxonomy":"product_cat","embeddable":true,"href":"https:\/\/www.heddata.se\/webbutik\/wp-json\/wp\/v2\/product_cat?post=90325"},{"taxonomy":"product_tag","embeddable":true,"href":"https:\/\/www.heddata.se\/webbutik\/wp-json\/wp\/v2\/product_tag?post=90325"}],"curies":[{"name":"wp","href":"https:\/\/api.w.org\/{rel}","templated":true}]}}