{"id":90303,"date":"2020-09-25T15:18:21","date_gmt":"2020-09-25T13:18:21","guid":{"rendered":"https:\/\/www.heddata.se\/webbutik\/?post_type=product&#038;p=90303"},"modified":"2026-04-08T11:53:34","modified_gmt":"2026-04-08T09:53:34","slug":"brother-mfc-l2710dw-fax-copy-print-scan-duplex-w-lan","status":"publish","type":"product","link":"https:\/\/www.heddata.se\/webbutik\/produkt\/brother-mfc-l2710dw-fax-copy-print-scan-duplex-w-lan\/","title":{"rendered":"Brother MFC-L2710DW Fax\/Copy\/Print\/Scan\/Duplex\/W-\/LAN"},"content":{"rendered":"<p>Brother MFC-L2710DW Fax\/Copy\/Print\/Scan\/Duplex\/W-\/LAN<\/p>\n<p><b>Beskrivning:<\/b><br \/>\n<b>MFC-L2710DW<br \/>\nExceptionella monolaserutskrifter<\/b><\/p>\n<p>MFC-L2710DW \u00e4r en kompakt och skrivbordsv\u00e4nlig monolaserskrivare som hanterar utskrift, skanning, kopiering och fax. Den h\u00e4r tr\u00e5dl\u00f6sa skrivaren levereras med en m\u00e4ngd kostbesparande funktioner, s\u00e5 som automatisk dubbelsidig utskrift, och m\u00f6jlighet att kunna v\u00e4lja toner med extra h\u00f6g kapacitet minskar kostnaden f\u00f6r varje utskriftsjobb. MFC-L2710DW \u00e4r enkel att anv\u00e4nda, l\u00e4tt att installera och ger professionella kvalitetsutskrifter, tillsammans med inbyggt tr\u00e5dbundet n\u00e4tverk och tr\u00e5dl\u00f6s anslutningsm\u00f6jlighet f\u00f6r utskrift fr\u00e5n mobiltelefoner och surfplattor \u00e4r den idealisk f\u00f6r det upptagna hemmet eller lilla kontoret. MFC-L2700DW \u00e4r milj\u00f6m\u00e4rkt med Svanen, Bl\u00e5 \u00c4ngeln och uppfyller \u00e4ven kraven f\u00f6r Energy Star\u00ae.<\/p>\n<p>Skrivare, skanner, kopiator och fax<br \/>\nUtskrift och kopieringshastighet p\u00e5 upp till 30 sidor\/minut<br \/>\nAutomatisk dubbelsidig utskrift<br \/>\nPappersmagasin f\u00f6r upp till 250 ark samt manuell inmatning f\u00f6r 1 ark<br \/>\nAutomatisk dokumentmatare (ADF) f\u00f6r upp till 50 ark<br \/>\nKompatibel med Windows\u00ae, Mac och Linux<br \/>\nTr\u00e5dl\u00f6s\/tr\u00e5dbunden n\u00e4tverksanslutning\/Wi-Fi DirectTM och High Speed USB 2.0 anslutning<br \/>\n64 MB minne<br \/>\nLCD-display, 2 rader<br \/>\nSkriv ut fr\u00e5n eller skanna till mobila enheter med Brother iPrint&amp;Scan, Apple AirPrint, Mopria eller Google Cloud Print<br \/>\nSkanna till e-post, OCR, bild, fil, SharePoint, webbtj\u00e4nster eller s\u00f6kbar PDF via medf\u00f6ljande programvara<br \/>\nStarttoner f\u00f6r upp till 700 sidor* medf\u00f6ljer (h\u00f6gkapacitetstoner finns som tillval)<br \/>\nTre \u00e5rs garanti, varav 1 \u00e5r p\u00e5 platsen** och fri telefonsupport vard. 09.00-17.30<\/p>\n<p><a href=\"https:\/\/www.heddata.se\/webbutik\/produkt\/brother-tn2410-toner-svart\/\">TN\u00ad-2410<\/a>, toner f\u00f6r ca 1 200 sidor*<br \/>\n<a href=\"https:\/\/www.heddata.se\/webbutik\/produkt\/brother-tn2420-toner-svart\/\">TN-2420<\/a>, toner f\u00f6r ca 2 600 sidor*<br \/>\nDR-2400, trumenhet f\u00f6r ca 12 000 sidor<br \/>\nTonerkassett, trumenhet, str\u00f6msladd, snabbguide och drivrutiner f\u00f6r Windows medf\u00f6ljer vid leverans<\/p>\n<p>*enligt ISO\/IEC 19752<br \/>\n**se <a href=\"https:\/\/www.brother.se\/\" target=\"_blank\" rel=\"noopener noreferrer\">brother.se<\/a> f\u00f6r villkor<\/p>\n<h4><b>Specifikationer:<\/b><\/h4>\n<div>\n<table border=\"0\" cellspacing=\"0\" cellpadding=\"0\">\n<tbody>\n<tr>\n<td>Pappersmagasin<\/td>\n<td>250.00 Ark<\/td>\n<\/tr>\n<tr>\n<td>Display<\/td>\n<td>LCD<\/td>\n<\/tr>\n<tr>\n<td>Fax<\/td>\n<td>Ja<\/td>\n<\/tr>\n<tr>\n<td>Mac operating systems supported<\/td>\n<td>Mac OS X 10.10 Yosemite,Mac OS X 10.11 El Capitan,Mac OS X 10.12 Sierra,Mac OS X<\/td>\n<\/tr>\n<tr>\n<td>Built-in processor<\/td>\n<td>Yes<\/td>\n<\/tr>\n<tr>\n<td>Duplex functions<\/td>\n<td>Print<\/td>\n<\/tr>\n<tr>\n<td>Standard tray media types<\/td>\n<td>Envelopes, Labels<\/td>\n<\/tr>\n<tr>\n<td>Standard interfaces<\/td>\n<td>Ethernet, USB 2.0, Wireless LAN<\/td>\n<\/tr>\n<tr>\n<td>Windows operating systems supported<\/td>\n<td>Windows 10,Windows 10 Education,Windows 10 Education x64,Windows 10 Enterprise,W<\/td>\n<\/tr>\n<tr>\n<td>Printing noise level<\/td>\n<td>48 dB<\/td>\n<\/tr>\n<tr>\n<td>IP address filtering<\/td>\n<td>Yes<\/td>\n<\/tr>\n<tr>\n<td>Manual<\/td>\n<td>Yes<\/td>\n<\/tr>\n<tr>\n<td>Processor clock speed<\/td>\n<td>600 MHz<\/td>\n<\/tr>\n<tr>\n<td>Internal memory<\/td>\n<td>64 MB<\/td>\n<\/tr>\n<tr>\n<td>Copying<\/td>\n<td>Mono copying<\/td>\n<\/tr>\n<tr>\n<td>Scanning<\/td>\n<td>Colour scanning<\/td>\n<\/tr>\n<tr>\n<td>Faxing<\/td>\n<td>Mono faxing<\/td>\n<\/tr>\n<tr>\n<td>Mobile printing technologies<\/td>\n<td>Apple AirPrint, Brother iPrint &amp; Scan, Google Cloud Print, Mopria Print Service<\/td>\n<\/tr>\n<tr>\n<td>Supported network protocols (IPv4)<\/td>\n<td>ARP, RARP, BOOTP, DHCP, APIPA (Auto IP), risoluzione dei nomi WINS\/NetBIOS, DNS<\/td>\n<\/tr>\n<tr>\n<td>Supported network protocols (IPv6)<\/td>\n<td>NDP, RA, DNS resolver, mDNS, risponditore LLMNR, LPR\/LPD, Custom Raw Port\/Port91<\/td>\n<\/tr>\n<tr>\n<td>Ethernet LAN data rates<\/td>\n<td>10, 100 Mbit\/s<\/td>\n<\/tr>\n<tr>\n<td>Wi-Fi<\/td>\n<td>Yes<\/td>\n<\/tr>\n<tr>\n<td>Wi-Fi standards<\/td>\n<td>IEEE 802.11b,IEEE 802.11g,IEEE 802.11n<\/td>\n<\/tr>\n<tr>\n<td>N-in-1 function (N=)<\/td>\n<td>2, 4<\/td>\n<\/tr>\n<tr>\n<td>Fax dual access<\/td>\n<td>Yes<\/td>\n<\/tr>\n<tr>\n<td>Duplex print speed (ISO\/IEC 24734) mono<\/td>\n<td>7.5 ipm<\/td>\n<\/tr>\n<tr>\n<td>Maximum resolution<\/td>\n<td>1200&#215;1200 DPI<\/td>\n<\/tr>\n<tr>\n<td>Depth<\/td>\n<td>410 mm<\/td>\n<\/tr>\n<tr>\n<td>Height<\/td>\n<td>318.5 mm<\/td>\n<\/tr>\n<tr>\n<td>Width<\/td>\n<td>398.5 mm<\/td>\n<\/tr>\n<tr>\n<td>Ethernet LAN<\/td>\n<td>Yes<\/td>\n<\/tr>\n<tr>\n<td>Security algorithms supported<\/td>\n<td>SMTP-AUTH,SNMPv3,SSL\/TLS<\/td>\n<\/tr>\n<tr>\n<td>Colour of product<\/td>\n<td>Black,Grey<\/td>\n<\/tr>\n<tr>\n<td>Weight<\/td>\n<td>11800 g<\/td>\n<\/tr>\n<tr>\n<td>Packaging width<\/td>\n<td>517 mm<\/td>\n<\/tr>\n<tr>\n<td>Packaging depth<\/td>\n<td>580 mm<\/td>\n<\/tr>\n<tr>\n<td>Packaging height<\/td>\n<td>434 mm<\/td>\n<\/tr>\n<tr>\n<td>Package weight<\/td>\n<td>14700 g<\/td>\n<\/tr>\n<tr>\n<td>Print technology<\/td>\n<td>Laser<\/td>\n<\/tr>\n<tr>\n<td>USB 2.0 ports quantity<\/td>\n<td>1<\/td>\n<\/tr>\n<tr>\n<td>Energy Star certified<\/td>\n<td>Yes<\/td>\n<\/tr>\n<tr>\n<td>Power consumption (off)<\/td>\n<td>0.3 W<\/td>\n<\/tr>\n<tr>\n<td>Server operating systems supported<\/td>\n<td>Windows Server 2008,Windows Server 2008 R2,Windows Server 2012,Windows Server 20<\/td>\n<\/tr>\n<tr>\n<td>Card reader integrated<\/td>\n<td>No<\/td>\n<\/tr>\n<tr>\n<td>Built-in display<\/td>\n<td>Yes<\/td>\n<\/tr>\n<tr>\n<td>Printing colours<\/td>\n<td>Black<\/td>\n<\/tr>\n<tr>\n<td>Maximum duty cycle<\/td>\n<td>15000 pages per month<\/td>\n<\/tr>\n<tr>\n<td>Standard printer languages<\/td>\n<td>GDI<\/td>\n<\/tr>\n<tr>\n<td>Recommended duty cycle<\/td>\n<td>0 &#8211; 2000 pages per month<\/td>\n<\/tr>\n<tr>\n<td>Print speed (black, normal quality, A4\/US Letter)<\/td>\n<td>30 ppm<\/td>\n<\/tr>\n<tr>\n<td>Warm-up time<\/td>\n<td>9 s<\/td>\n<\/tr>\n<tr>\n<td>Standard input capacity<\/td>\n<td>250 sheets<\/td>\n<\/tr>\n<tr>\n<td>Paper input type<\/td>\n<td>Paper tray<\/td>\n<\/tr>\n<tr>\n<td>Standard output capacity<\/td>\n<td>120 sheets<\/td>\n<\/tr>\n<tr>\n<td>Maximum ISO A-series paper size<\/td>\n<td>A4<\/td>\n<\/tr>\n<tr>\n<td>ISO A-series sizes (A0&#8230;A9)<\/td>\n<td>A4, A5, A6<\/td>\n<\/tr>\n<tr>\n<td>Standard tray media weight<\/td>\n<td>60 &#8211; 163 g\/m\u00b2<\/td>\n<\/tr>\n<tr>\n<td>Custom media width<\/td>\n<td>76.2 &#8211; 215.9 mm<\/td>\n<\/tr>\n<tr>\n<td>Custom media length<\/td>\n<td>127 &#8211; 355.6 mm<\/td>\n<\/tr>\n<tr>\n<td>Display number of lines<\/td>\n<td>2 lines<\/td>\n<\/tr>\n<tr>\n<td>Noise level (quiet mode)<\/td>\n<td>44 dB<\/td>\n<\/tr>\n<tr>\n<td>Blue Angel certified<\/td>\n<td>Yes<\/td>\n<\/tr>\n<tr>\n<td>Power cord included<\/td>\n<td>Yes<\/td>\n<\/tr>\n<tr>\n<td>Printing<\/td>\n<td>Mono printing<\/td>\n<\/tr>\n<tr>\n<td>Time to first page (black, normal)<\/td>\n<td>8.5 s<\/td>\n<\/tr>\n<tr>\n<td>Maximum copy resolution<\/td>\n<td>600 x 600 DPI<\/td>\n<\/tr>\n<tr>\n<td>Copy speed (normal quality, black, A4)<\/td>\n<td>30 cpm<\/td>\n<\/tr>\n<tr>\n<td>Copier resize<\/td>\n<td>25 &#8211; 400<\/td>\n<\/tr>\n<tr>\n<td>Maximum number of copies<\/td>\n<td>99 copies<\/td>\n<\/tr>\n<tr>\n<td>Time to first copy (black, normal)<\/td>\n<td>10 s<\/td>\n<\/tr>\n<tr>\n<td>Optical scanning resolution<\/td>\n<td>600 x 600 DPI<\/td>\n<\/tr>\n<tr>\n<td>Maximum scan resolution<\/td>\n<td>19200 x 19200 DPI<\/td>\n<\/tr>\n<tr>\n<td>Scan to<\/td>\n<td>E-mail, File, Image, OCR<\/td>\n<\/tr>\n<tr>\n<td>Gray scale levels<\/td>\n<td>256<\/td>\n<\/tr>\n<tr>\n<td>Scan drivers<\/td>\n<td>SANE, TWAIN, WIA<\/td>\n<\/tr>\n<tr>\n<td>Auto document feeder (ADF) input capacity<\/td>\n<td>50 sheets<\/td>\n<\/tr>\n<tr>\n<td>Number of standard paper trays<\/td>\n<td>1<\/td>\n<\/tr>\n<tr>\n<td>Scan type<\/td>\n<td>ADF<\/td>\n<\/tr>\n<tr>\n<td>Document formats supported<\/td>\n<td>PDF<\/td>\n<\/tr>\n<tr>\n<td>Modem speed<\/td>\n<td>33.6 Kbit\/s<\/td>\n<\/tr>\n<tr>\n<td>Fax memory<\/td>\n<td>500 pages<\/td>\n<\/tr>\n<tr>\n<td>Fax broadcasting<\/td>\n<td>200 locations<\/td>\n<\/tr>\n<tr>\n<td>Group dial<\/td>\n<td>20<\/td>\n<\/tr>\n<tr>\n<td>Scan technology<\/td>\n<td>CIS<\/td>\n<\/tr>\n<tr>\n<td>Maximum number of paper trays<\/td>\n<td>1<\/td>\n<\/tr>\n<tr>\n<td>Power consumption (sleep mode)<\/td>\n<td>6.2 W<\/td>\n<\/tr>\n<tr>\n<td>Duplex media weight<\/td>\n<td>60 &#8211; 105 g\/m\u00b2<\/td>\n<\/tr>\n<tr>\n<td>Power consumption (average operating)<\/td>\n<td>440 W<\/td>\n<\/tr>\n<tr>\n<td>Scan speed (colour)<\/td>\n<td>7.5 ppm<\/td>\n<\/tr>\n<tr>\n<td>Scan speed (black)<\/td>\n<td>23.6 ppm<\/td>\n<\/tr>\n<tr>\n<td>Power consumption (ready)<\/td>\n<td>42 W<\/td>\n<\/tr>\n<tr>\n<td>Energy Star Typical Electricity Consumption (TEC)<\/td>\n<td>1.232 kWh\/week<\/td>\n<\/tr>\n<tr>\n<td>N-up printing<\/td>\n<td>2, 4, 9, 16, 25<\/td>\n<\/tr>\n<tr>\n<td>Cartridge(s) included<\/td>\n<td>Yes<\/td>\n<\/tr>\n<tr>\n<td>Fax delayed sending<\/td>\n<td>Yes<\/td>\n<\/tr>\n<tr>\n<td>Fax forwarding<\/td>\n<td>Yes<\/td>\n<\/tr>\n<tr>\n<td>Duplex<\/td>\n<td>Yes<\/td>\n<\/tr>\n<tr>\n<td>Poster printing function<\/td>\n<td>Yes<\/td>\n<\/tr>\n<tr>\n<td>ID-card copy function<\/td>\n<td>Yes<\/td>\n<\/tr>\n<tr>\n<td>N-in-1 copy function<\/td>\n<td>Yes<\/td>\n<\/tr>\n<tr>\n<td>N-in-1 print function<\/td>\n<td>Yes<\/td>\n<\/tr>\n<tr>\n<td>Fax forwarding to<\/td>\n<td>PC<\/td>\n<\/tr>\n<tr>\n<td>Included cartridge capacity (black)<\/td>\n<td>700 pages<\/td>\n<\/tr>\n<tr>\n<td>Optical scanning resolution (black)<\/td>\n<td>1200 x 1200 ppi<\/td>\n<\/tr>\n<\/tbody>\n<\/table>\n<\/div>\n","protected":false},"excerpt":{"rendered":"<p>Brother MFC-L2710DW Fax\/Copy\/Print\/Scan\/Duplex\/W-\/LAN<\/p>\n","protected":false},"featured_media":90311,"template":"","meta":[],"product_brand":[],"product_cat":[102,633,635,62],"product_tag":[],"class_list":{"0":"post-90303","1":"product","2":"type-product","3":"status-publish","4":"has-post-thumbnail","6":"product_cat-brother-skrivare","7":"product_cat-laserskrivare","8":"product_cat-multifunktionsskrivare","9":"product_cat-skrivare","11":"first","12":"outofstock","13":"taxable","14":"shipping-taxable","15":"product-type-simple"},"yoast_head":"<!-- This site is optimized with the Yoast SEO Premium plugin v26.7 (Yoast SEO v26.7) - https:\/\/yoast.com\/wordpress\/plugins\/seo\/ -->\n<title>Brother MFC-L2710DW Fax\/Copy\/Print\/Scan\/Duplex\/W-\/LAN<\/title>\n<meta name=\"description\" content=\"Brother MFC-L2710DW \u00e4r en kompakt och skrivbordsv\u00e4nlig monolaserskrivare som hanterar utskrift, skanning, kopiering och fax.\" \/>\n<meta name=\"robots\" content=\"index, follow, max-snippet:-1, max-image-preview:large, max-video-preview:-1\" \/>\n<link rel=\"canonical\" href=\"https:\/\/www.heddata.se\/webbutik\/produkt\/brother-mfc-l2710dw-fax-copy-print-scan-duplex-w-lan\/\" \/>\n<meta property=\"og:locale\" content=\"sv_SE\" \/>\n<meta property=\"og:type\" content=\"article\" \/>\n<meta property=\"og:title\" content=\"Brother MFC-L2710DW Fax\/Copy\/Print\/Scan\/Duplex\/W-\/LAN\" \/>\n<meta property=\"og:description\" content=\"Brother MFC-L2710DW \u00e4r en kompakt och skrivbordsv\u00e4nlig monolaserskrivare som hanterar utskrift, skanning, kopiering och fax.\" \/>\n<meta property=\"og:url\" content=\"https:\/\/www.heddata.se\/webbutik\/produkt\/brother-mfc-l2710dw-fax-copy-print-scan-duplex-w-lan\/\" \/>\n<meta property=\"og:site_name\" content=\"Datorer, Skrivare, F\u00e4rgpatroner, Mobiltelefoner\" \/>\n<meta property=\"article:modified_time\" content=\"2026-04-08T09:53:34+00:00\" \/>\n<meta property=\"og:image\" content=\"https:\/\/www.heddata.se\/webbutik\/wp-content\/uploads\/webbutik\/kategorier\/skrivare\/mfcl2710dwzw1.jpg\" \/>\n\t<meta property=\"og:image:width\" content=\"600\" \/>\n\t<meta property=\"og:image:height\" content=\"600\" \/>\n\t<meta property=\"og:image:type\" content=\"image\/jpeg\" \/>\n<meta name=\"twitter:card\" content=\"summary_large_image\" \/>\n<meta name=\"twitter:label1\" content=\"Ber\u00e4knad l\u00e4stid\" \/>\n\t<meta name=\"twitter:data1\" content=\"4 minuter\" \/>\n<script type=\"application\/ld+json\" class=\"yoast-schema-graph\">{\"@context\":\"https:\/\/schema.org\",\"@graph\":[{\"@type\":\"WebPage\",\"@id\":\"https:\/\/www.heddata.se\/webbutik\/produkt\/brother-mfc-l2710dw-fax-copy-print-scan-duplex-w-lan\/\",\"url\":\"https:\/\/www.heddata.se\/webbutik\/produkt\/brother-mfc-l2710dw-fax-copy-print-scan-duplex-w-lan\/\",\"name\":\"Brother MFC-L2710DW Fax\/Copy\/Print\/Scan\/Duplex\/W-\/LAN\",\"isPartOf\":{\"@id\":\"https:\/\/www.heddata.se\/webbutik\/#website\"},\"primaryImageOfPage\":{\"@id\":\"https:\/\/www.heddata.se\/webbutik\/produkt\/brother-mfc-l2710dw-fax-copy-print-scan-duplex-w-lan\/#primaryimage\"},\"image\":{\"@id\":\"https:\/\/www.heddata.se\/webbutik\/produkt\/brother-mfc-l2710dw-fax-copy-print-scan-duplex-w-lan\/#primaryimage\"},\"thumbnailUrl\":\"https:\/\/www.heddata.se\/webbutik\/wp-content\/uploads\/webbutik\/kategorier\/skrivare\/mfcl2710dwzw1.jpg\",\"datePublished\":\"2020-09-25T13:18:21+00:00\",\"dateModified\":\"2026-04-08T09:53:34+00:00\",\"description\":\"Brother MFC-L2710DW \u00e4r en kompakt och skrivbordsv\u00e4nlig monolaserskrivare som hanterar utskrift, skanning, kopiering och fax.\",\"breadcrumb\":{\"@id\":\"https:\/\/www.heddata.se\/webbutik\/produkt\/brother-mfc-l2710dw-fax-copy-print-scan-duplex-w-lan\/#breadcrumb\"},\"inLanguage\":\"sv-SE\",\"potentialAction\":[{\"@type\":\"ReadAction\",\"target\":[\"https:\/\/www.heddata.se\/webbutik\/produkt\/brother-mfc-l2710dw-fax-copy-print-scan-duplex-w-lan\/\"]}]},{\"@type\":\"ImageObject\",\"inLanguage\":\"sv-SE\",\"@id\":\"https:\/\/www.heddata.se\/webbutik\/produkt\/brother-mfc-l2710dw-fax-copy-print-scan-duplex-w-lan\/#primaryimage\",\"url\":\"https:\/\/www.heddata.se\/webbutik\/wp-content\/uploads\/webbutik\/kategorier\/skrivare\/mfcl2710dwzw1.jpg\",\"contentUrl\":\"https:\/\/www.heddata.se\/webbutik\/wp-content\/uploads\/webbutik\/kategorier\/skrivare\/mfcl2710dwzw1.jpg\",\"width\":600,\"height\":600,\"caption\":\"Brother MFC-L2710DW Fax\/Copy\/Print\/Scan\/Duplex\/W-\/LAN\"},{\"@type\":\"BreadcrumbList\",\"@id\":\"https:\/\/www.heddata.se\/webbutik\/produkt\/brother-mfc-l2710dw-fax-copy-print-scan-duplex-w-lan\/#breadcrumb\",\"itemListElement\":[{\"@type\":\"ListItem\",\"position\":1,\"name\":\"Hem\",\"item\":\"https:\/\/www.heddata.se\/webbutik\/\"},{\"@type\":\"ListItem\",\"position\":2,\"name\":\"Produkter\",\"item\":\"https:\/\/www.heddata.se\/webbutik\/shop\/\"},{\"@type\":\"ListItem\",\"position\":3,\"name\":\"Brother MFC-L2710DW Fax\/Copy\/Print\/Scan\/Duplex\/W-\/LAN\"}]},{\"@type\":\"WebSite\",\"@id\":\"https:\/\/www.heddata.se\/webbutik\/#website\",\"url\":\"https:\/\/www.heddata.se\/webbutik\/\",\"name\":\"Datorer, Skrivare, F\u00e4rgpatroner, Mobiltelefoner\",\"description\":\"Kablar\",\"publisher\":{\"@id\":\"https:\/\/www.heddata.se\/webbutik\/#organization\"},\"potentialAction\":[{\"@type\":\"SearchAction\",\"target\":{\"@type\":\"EntryPoint\",\"urlTemplate\":\"https:\/\/www.heddata.se\/webbutik\/?s={search_term_string}\"},\"query-input\":{\"@type\":\"PropertyValueSpecification\",\"valueRequired\":true,\"valueName\":\"search_term_string\"}}],\"inLanguage\":\"sv-SE\"},{\"@type\":\"Organization\",\"@id\":\"https:\/\/www.heddata.se\/webbutik\/#organization\",\"name\":\"Heddata AB\",\"url\":\"https:\/\/www.heddata.se\/webbutik\/\",\"logo\":{\"@type\":\"ImageObject\",\"inLanguage\":\"sv-SE\",\"@id\":\"https:\/\/www.heddata.se\/webbutik\/#\/schema\/logo\/image\/\",\"url\":\"https:\/\/www.heddata.se\/webbutik\/wp-content\/uploads\/logga\/heddata-ab-logga.png\",\"contentUrl\":\"https:\/\/www.heddata.se\/webbutik\/wp-content\/uploads\/logga\/heddata-ab-logga.png\",\"width\":200,\"height\":64,\"caption\":\"Heddata AB\"},\"image\":{\"@id\":\"https:\/\/www.heddata.se\/webbutik\/#\/schema\/logo\/image\/\"}}]}<\/script>\n<!-- \/ Yoast SEO Premium plugin. -->","yoast_head_json":{"title":"Brother MFC-L2710DW Fax\/Copy\/Print\/Scan\/Duplex\/W-\/LAN","description":"Brother MFC-L2710DW \u00e4r en kompakt och skrivbordsv\u00e4nlig monolaserskrivare som hanterar utskrift, skanning, kopiering och fax.","robots":{"index":"index","follow":"follow","max-snippet":"max-snippet:-1","max-image-preview":"max-image-preview:large","max-video-preview":"max-video-preview:-1"},"canonical":"https:\/\/www.heddata.se\/webbutik\/produkt\/brother-mfc-l2710dw-fax-copy-print-scan-duplex-w-lan\/","og_locale":"sv_SE","og_type":"article","og_title":"Brother MFC-L2710DW Fax\/Copy\/Print\/Scan\/Duplex\/W-\/LAN","og_description":"Brother MFC-L2710DW \u00e4r en kompakt och skrivbordsv\u00e4nlig monolaserskrivare som hanterar utskrift, skanning, kopiering och fax.","og_url":"https:\/\/www.heddata.se\/webbutik\/produkt\/brother-mfc-l2710dw-fax-copy-print-scan-duplex-w-lan\/","og_site_name":"Datorer, Skrivare, F\u00e4rgpatroner, Mobiltelefoner","article_modified_time":"2026-04-08T09:53:34+00:00","og_image":[{"width":600,"height":600,"url":"https:\/\/www.heddata.se\/webbutik\/wp-content\/uploads\/webbutik\/kategorier\/skrivare\/mfcl2710dwzw1.jpg","type":"image\/jpeg"}],"twitter_card":"summary_large_image","twitter_misc":{"Ber\u00e4knad l\u00e4stid":"4 minuter"},"schema":{"@context":"https:\/\/schema.org","@graph":[{"@type":"WebPage","@id":"https:\/\/www.heddata.se\/webbutik\/produkt\/brother-mfc-l2710dw-fax-copy-print-scan-duplex-w-lan\/","url":"https:\/\/www.heddata.se\/webbutik\/produkt\/brother-mfc-l2710dw-fax-copy-print-scan-duplex-w-lan\/","name":"Brother MFC-L2710DW Fax\/Copy\/Print\/Scan\/Duplex\/W-\/LAN","isPartOf":{"@id":"https:\/\/www.heddata.se\/webbutik\/#website"},"primaryImageOfPage":{"@id":"https:\/\/www.heddata.se\/webbutik\/produkt\/brother-mfc-l2710dw-fax-copy-print-scan-duplex-w-lan\/#primaryimage"},"image":{"@id":"https:\/\/www.heddata.se\/webbutik\/produkt\/brother-mfc-l2710dw-fax-copy-print-scan-duplex-w-lan\/#primaryimage"},"thumbnailUrl":"https:\/\/www.heddata.se\/webbutik\/wp-content\/uploads\/webbutik\/kategorier\/skrivare\/mfcl2710dwzw1.jpg","datePublished":"2020-09-25T13:18:21+00:00","dateModified":"2026-04-08T09:53:34+00:00","description":"Brother MFC-L2710DW \u00e4r en kompakt och skrivbordsv\u00e4nlig monolaserskrivare som hanterar utskrift, skanning, kopiering och fax.","breadcrumb":{"@id":"https:\/\/www.heddata.se\/webbutik\/produkt\/brother-mfc-l2710dw-fax-copy-print-scan-duplex-w-lan\/#breadcrumb"},"inLanguage":"sv-SE","potentialAction":[{"@type":"ReadAction","target":["https:\/\/www.heddata.se\/webbutik\/produkt\/brother-mfc-l2710dw-fax-copy-print-scan-duplex-w-lan\/"]}]},{"@type":"ImageObject","inLanguage":"sv-SE","@id":"https:\/\/www.heddata.se\/webbutik\/produkt\/brother-mfc-l2710dw-fax-copy-print-scan-duplex-w-lan\/#primaryimage","url":"https:\/\/www.heddata.se\/webbutik\/wp-content\/uploads\/webbutik\/kategorier\/skrivare\/mfcl2710dwzw1.jpg","contentUrl":"https:\/\/www.heddata.se\/webbutik\/wp-content\/uploads\/webbutik\/kategorier\/skrivare\/mfcl2710dwzw1.jpg","width":600,"height":600,"caption":"Brother MFC-L2710DW Fax\/Copy\/Print\/Scan\/Duplex\/W-\/LAN"},{"@type":"BreadcrumbList","@id":"https:\/\/www.heddata.se\/webbutik\/produkt\/brother-mfc-l2710dw-fax-copy-print-scan-duplex-w-lan\/#breadcrumb","itemListElement":[{"@type":"ListItem","position":1,"name":"Hem","item":"https:\/\/www.heddata.se\/webbutik\/"},{"@type":"ListItem","position":2,"name":"Produkter","item":"https:\/\/www.heddata.se\/webbutik\/shop\/"},{"@type":"ListItem","position":3,"name":"Brother MFC-L2710DW Fax\/Copy\/Print\/Scan\/Duplex\/W-\/LAN"}]},{"@type":"WebSite","@id":"https:\/\/www.heddata.se\/webbutik\/#website","url":"https:\/\/www.heddata.se\/webbutik\/","name":"Datorer, Skrivare, F\u00e4rgpatroner, Mobiltelefoner","description":"Kablar","publisher":{"@id":"https:\/\/www.heddata.se\/webbutik\/#organization"},"potentialAction":[{"@type":"SearchAction","target":{"@type":"EntryPoint","urlTemplate":"https:\/\/www.heddata.se\/webbutik\/?s={search_term_string}"},"query-input":{"@type":"PropertyValueSpecification","valueRequired":true,"valueName":"search_term_string"}}],"inLanguage":"sv-SE"},{"@type":"Organization","@id":"https:\/\/www.heddata.se\/webbutik\/#organization","name":"Heddata AB","url":"https:\/\/www.heddata.se\/webbutik\/","logo":{"@type":"ImageObject","inLanguage":"sv-SE","@id":"https:\/\/www.heddata.se\/webbutik\/#\/schema\/logo\/image\/","url":"https:\/\/www.heddata.se\/webbutik\/wp-content\/uploads\/logga\/heddata-ab-logga.png","contentUrl":"https:\/\/www.heddata.se\/webbutik\/wp-content\/uploads\/logga\/heddata-ab-logga.png","width":200,"height":64,"caption":"Heddata AB"},"image":{"@id":"https:\/\/www.heddata.se\/webbutik\/#\/schema\/logo\/image\/"}}]}},"_links":{"self":[{"href":"https:\/\/www.heddata.se\/webbutik\/wp-json\/wp\/v2\/product\/90303","targetHints":{"allow":["GET"]}}],"collection":[{"href":"https:\/\/www.heddata.se\/webbutik\/wp-json\/wp\/v2\/product"}],"about":[{"href":"https:\/\/www.heddata.se\/webbutik\/wp-json\/wp\/v2\/types\/product"}],"wp:featuredmedia":[{"embeddable":true,"href":"https:\/\/www.heddata.se\/webbutik\/wp-json\/wp\/v2\/media\/90311"}],"wp:attachment":[{"href":"https:\/\/www.heddata.se\/webbutik\/wp-json\/wp\/v2\/media?parent=90303"}],"wp:term":[{"taxonomy":"product_brand","embeddable":true,"href":"https:\/\/www.heddata.se\/webbutik\/wp-json\/wp\/v2\/product_brand?post=90303"},{"taxonomy":"product_cat","embeddable":true,"href":"https:\/\/www.heddata.se\/webbutik\/wp-json\/wp\/v2\/product_cat?post=90303"},{"taxonomy":"product_tag","embeddable":true,"href":"https:\/\/www.heddata.se\/webbutik\/wp-json\/wp\/v2\/product_tag?post=90303"}],"curies":[{"name":"wp","href":"https:\/\/api.w.org\/{rel}","templated":true}]}}