{"id":90295,"date":"2020-09-22T13:18:19","date_gmt":"2020-09-22T11:18:19","guid":{"rendered":"https:\/\/www.heddata.se\/webbutik\/?post_type=product&#038;p=90295"},"modified":"2026-04-03T18:29:48","modified_gmt":"2026-04-03T16:29:48","slug":"adapterring-lang-4k-hdmi-fran-mini-dp-dp-usb-typ-c-dl-ar4881","status":"publish","type":"product","link":"https:\/\/www.heddata.se\/webbutik\/produkt\/adapterring-lang-4k-hdmi-fran-mini-dp-dp-usb-typ-c-dl-ar4881\/","title":{"rendered":"Adapterring L\u00e5ng, 4K, HDMI fr\u00e5n Mini DP, DP, USB Typ C DL-AR4881"},"content":{"rendered":"<p>Adapterring L\u00e5ng, 4K, HDMI fr\u00e5n Mini DP, DP, USB Typ C DL-AR4881<\/p>\n<p>Don&#8217;t be a loser &#8211; Eliminate your company&#8217;s panic &amp; expense when presentation adapters go missing or get lost! Liberty AV Solutions patent-pending tensile aircraft strength ring &amp; clamp locks on the HDMI cable going to your display keeping any adapter you may need is at your fingertips. Not only do you get a solid and reliable connection, but the adapters are guaranteed to stay locked to the HDMI cable so they won&#8217;t get lost for the next presentation!<\/p>\n<p><span style=\"color: #333333;font-size: 14.4px\">1 4K DisplayPort to HDMI Cable Adapter 5 inches long (AR-DP4K-HDF)<\/span><\/p>\n<p><span style=\"color: #333333;font-size: 14.4px\">1 4K Mini DisplayPort to HDMI Cable Adapter 5 inches long (AR-MDP4K-HDF)<\/span><\/p>\n<p><span style=\"color: #333333;font-size: 14.4px\">1 Adapter Cable USB &#8221;C&#8221; male to HDMI female 5 inches long (AR-UCM-HDF)<\/span><\/p>\n<p><span style=\"color: #333333;font-size: 14.4px\"> 1 Base security clamp, cable and hardware for DL-AR system (DL-CL)<\/span><\/p>\n<p>&nbsp;<\/p>\n","protected":false},"excerpt":{"rendered":"<p>Adapterring L\u00e5ng, 4K, HDMI fr\u00e5n Mini DP, DP, USB Typ C DL-AR4881<\/p>\n","protected":false},"featured_media":90313,"template":"","meta":[],"product_brand":[],"product_cat":[79,59],"product_tag":[],"class_list":{"0":"post-90295","1":"product","2":"type-product","3":"status-publish","4":"has-post-thumbnail","6":"product_cat-adaptrar","7":"product_cat-kablar","9":"first","10":"outofstock","11":"taxable","12":"shipping-taxable","13":"product-type-simple"},"yoast_head":"<!-- This site is optimized with the Yoast SEO Premium plugin v26.7 (Yoast SEO v26.7) - https:\/\/yoast.com\/wordpress\/plugins\/seo\/ -->\n<title>Adapterring L\u00e5ng, 4K, HDMI fr\u00e5n Mini DP, DP, USB Typ C DL-AR4881<\/title>\n<meta name=\"description\" content=\"Adapterring L\u00e5ng, 4K, HDMI fr\u00e5n Mini DP, DP, USB Typ C DL-AR4881 med 4 olika adaptrar f\u00f6r inkoppling av dator till t.ex. projektor.\" \/>\n<meta name=\"robots\" content=\"index, follow, max-snippet:-1, max-image-preview:large, max-video-preview:-1\" \/>\n<link rel=\"canonical\" href=\"https:\/\/www.heddata.se\/webbutik\/produkt\/adapterring-lang-4k-hdmi-fran-mini-dp-dp-usb-typ-c-dl-ar4881\/\" \/>\n<meta property=\"og:locale\" content=\"sv_SE\" \/>\n<meta property=\"og:type\" content=\"article\" \/>\n<meta property=\"og:title\" content=\"Adapterring L\u00e5ng, 4K, HDMI fr\u00e5n Mini DP, DP, USB Typ C DL-AR4881\" \/>\n<meta property=\"og:description\" content=\"Adapterring L\u00e5ng, 4K, HDMI fr\u00e5n Mini DP, DP, USB Typ C DL-AR4881 med 4 olika adaptrar f\u00f6r inkoppling av dator till t.ex. projektor.\" \/>\n<meta property=\"og:url\" content=\"https:\/\/www.heddata.se\/webbutik\/produkt\/adapterring-lang-4k-hdmi-fran-mini-dp-dp-usb-typ-c-dl-ar4881\/\" \/>\n<meta property=\"og:site_name\" content=\"Datorer, Skrivare, F\u00e4rgpatroner, Mobiltelefoner\" \/>\n<meta property=\"article:modified_time\" content=\"2026-04-03T16:29:48+00:00\" \/>\n<meta property=\"og:image\" content=\"https:\/\/www.heddata.se\/webbutik\/wp-content\/uploads\/webbutik\/kategorier\/kablar-adaptrar\/dlar4881adapt.jpg\" \/>\n\t<meta property=\"og:image:width\" content=\"400\" \/>\n\t<meta property=\"og:image:height\" content=\"400\" \/>\n\t<meta property=\"og:image:type\" content=\"image\/jpeg\" \/>\n<meta name=\"twitter:card\" content=\"summary_large_image\" \/>\n<meta name=\"twitter:label1\" content=\"Ber\u00e4knad l\u00e4stid\" \/>\n\t<meta name=\"twitter:data1\" content=\"1 minut\" \/>\n<script type=\"application\/ld+json\" class=\"yoast-schema-graph\">{\"@context\":\"https:\/\/schema.org\",\"@graph\":[{\"@type\":\"WebPage\",\"@id\":\"https:\/\/www.heddata.se\/webbutik\/produkt\/adapterring-lang-4k-hdmi-fran-mini-dp-dp-usb-typ-c-dl-ar4881\/\",\"url\":\"https:\/\/www.heddata.se\/webbutik\/produkt\/adapterring-lang-4k-hdmi-fran-mini-dp-dp-usb-typ-c-dl-ar4881\/\",\"name\":\"Adapterring L\u00e5ng, 4K, HDMI fr\u00e5n Mini DP, DP, USB Typ C DL-AR4881\",\"isPartOf\":{\"@id\":\"https:\/\/www.heddata.se\/webbutik\/#website\"},\"primaryImageOfPage\":{\"@id\":\"https:\/\/www.heddata.se\/webbutik\/produkt\/adapterring-lang-4k-hdmi-fran-mini-dp-dp-usb-typ-c-dl-ar4881\/#primaryimage\"},\"image\":{\"@id\":\"https:\/\/www.heddata.se\/webbutik\/produkt\/adapterring-lang-4k-hdmi-fran-mini-dp-dp-usb-typ-c-dl-ar4881\/#primaryimage\"},\"thumbnailUrl\":\"https:\/\/www.heddata.se\/webbutik\/wp-content\/uploads\/webbutik\/kategorier\/kablar-adaptrar\/dlar4881adapt.jpg\",\"datePublished\":\"2020-09-22T11:18:19+00:00\",\"dateModified\":\"2026-04-03T16:29:48+00:00\",\"description\":\"Adapterring L\u00e5ng, 4K, HDMI fr\u00e5n Mini DP, DP, USB Typ C DL-AR4881 med 4 olika adaptrar f\u00f6r inkoppling av dator till t.ex. projektor.\",\"breadcrumb\":{\"@id\":\"https:\/\/www.heddata.se\/webbutik\/produkt\/adapterring-lang-4k-hdmi-fran-mini-dp-dp-usb-typ-c-dl-ar4881\/#breadcrumb\"},\"inLanguage\":\"sv-SE\",\"potentialAction\":[{\"@type\":\"ReadAction\",\"target\":[\"https:\/\/www.heddata.se\/webbutik\/produkt\/adapterring-lang-4k-hdmi-fran-mini-dp-dp-usb-typ-c-dl-ar4881\/\"]}]},{\"@type\":\"ImageObject\",\"inLanguage\":\"sv-SE\",\"@id\":\"https:\/\/www.heddata.se\/webbutik\/produkt\/adapterring-lang-4k-hdmi-fran-mini-dp-dp-usb-typ-c-dl-ar4881\/#primaryimage\",\"url\":\"https:\/\/www.heddata.se\/webbutik\/wp-content\/uploads\/webbutik\/kategorier\/kablar-adaptrar\/dlar4881adapt.jpg\",\"contentUrl\":\"https:\/\/www.heddata.se\/webbutik\/wp-content\/uploads\/webbutik\/kategorier\/kablar-adaptrar\/dlar4881adapt.jpg\",\"width\":400,\"height\":400,\"caption\":\"Adapterring L\u00e5ng 4K HDMI\"},{\"@type\":\"BreadcrumbList\",\"@id\":\"https:\/\/www.heddata.se\/webbutik\/produkt\/adapterring-lang-4k-hdmi-fran-mini-dp-dp-usb-typ-c-dl-ar4881\/#breadcrumb\",\"itemListElement\":[{\"@type\":\"ListItem\",\"position\":1,\"name\":\"Hem\",\"item\":\"https:\/\/www.heddata.se\/webbutik\/\"},{\"@type\":\"ListItem\",\"position\":2,\"name\":\"Produkter\",\"item\":\"https:\/\/www.heddata.se\/webbutik\/shop\/\"},{\"@type\":\"ListItem\",\"position\":3,\"name\":\"Adapterring L\u00e5ng, 4K, HDMI fr\u00e5n Mini DP, DP, USB Typ C DL-AR4881\"}]},{\"@type\":\"WebSite\",\"@id\":\"https:\/\/www.heddata.se\/webbutik\/#website\",\"url\":\"https:\/\/www.heddata.se\/webbutik\/\",\"name\":\"Datorer, Skrivare, F\u00e4rgpatroner, Mobiltelefoner\",\"description\":\"Kablar\",\"publisher\":{\"@id\":\"https:\/\/www.heddata.se\/webbutik\/#organization\"},\"potentialAction\":[{\"@type\":\"SearchAction\",\"target\":{\"@type\":\"EntryPoint\",\"urlTemplate\":\"https:\/\/www.heddata.se\/webbutik\/?s={search_term_string}\"},\"query-input\":{\"@type\":\"PropertyValueSpecification\",\"valueRequired\":true,\"valueName\":\"search_term_string\"}}],\"inLanguage\":\"sv-SE\"},{\"@type\":\"Organization\",\"@id\":\"https:\/\/www.heddata.se\/webbutik\/#organization\",\"name\":\"Heddata AB\",\"url\":\"https:\/\/www.heddata.se\/webbutik\/\",\"logo\":{\"@type\":\"ImageObject\",\"inLanguage\":\"sv-SE\",\"@id\":\"https:\/\/www.heddata.se\/webbutik\/#\/schema\/logo\/image\/\",\"url\":\"https:\/\/www.heddata.se\/webbutik\/wp-content\/uploads\/logga\/heddata-ab-logga.png\",\"contentUrl\":\"https:\/\/www.heddata.se\/webbutik\/wp-content\/uploads\/logga\/heddata-ab-logga.png\",\"width\":200,\"height\":64,\"caption\":\"Heddata AB\"},\"image\":{\"@id\":\"https:\/\/www.heddata.se\/webbutik\/#\/schema\/logo\/image\/\"}}]}<\/script>\n<!-- \/ Yoast SEO Premium plugin. -->","yoast_head_json":{"title":"Adapterring L\u00e5ng, 4K, HDMI fr\u00e5n Mini DP, DP, USB Typ C DL-AR4881","description":"Adapterring L\u00e5ng, 4K, HDMI fr\u00e5n Mini DP, DP, USB Typ C DL-AR4881 med 4 olika adaptrar f\u00f6r inkoppling av dator till t.ex. projektor.","robots":{"index":"index","follow":"follow","max-snippet":"max-snippet:-1","max-image-preview":"max-image-preview:large","max-video-preview":"max-video-preview:-1"},"canonical":"https:\/\/www.heddata.se\/webbutik\/produkt\/adapterring-lang-4k-hdmi-fran-mini-dp-dp-usb-typ-c-dl-ar4881\/","og_locale":"sv_SE","og_type":"article","og_title":"Adapterring L\u00e5ng, 4K, HDMI fr\u00e5n Mini DP, DP, USB Typ C DL-AR4881","og_description":"Adapterring L\u00e5ng, 4K, HDMI fr\u00e5n Mini DP, DP, USB Typ C DL-AR4881 med 4 olika adaptrar f\u00f6r inkoppling av dator till t.ex. projektor.","og_url":"https:\/\/www.heddata.se\/webbutik\/produkt\/adapterring-lang-4k-hdmi-fran-mini-dp-dp-usb-typ-c-dl-ar4881\/","og_site_name":"Datorer, Skrivare, F\u00e4rgpatroner, Mobiltelefoner","article_modified_time":"2026-04-03T16:29:48+00:00","og_image":[{"width":400,"height":400,"url":"https:\/\/www.heddata.se\/webbutik\/wp-content\/uploads\/webbutik\/kategorier\/kablar-adaptrar\/dlar4881adapt.jpg","type":"image\/jpeg"}],"twitter_card":"summary_large_image","twitter_misc":{"Ber\u00e4knad l\u00e4stid":"1 minut"},"schema":{"@context":"https:\/\/schema.org","@graph":[{"@type":"WebPage","@id":"https:\/\/www.heddata.se\/webbutik\/produkt\/adapterring-lang-4k-hdmi-fran-mini-dp-dp-usb-typ-c-dl-ar4881\/","url":"https:\/\/www.heddata.se\/webbutik\/produkt\/adapterring-lang-4k-hdmi-fran-mini-dp-dp-usb-typ-c-dl-ar4881\/","name":"Adapterring L\u00e5ng, 4K, HDMI fr\u00e5n Mini DP, DP, USB Typ C DL-AR4881","isPartOf":{"@id":"https:\/\/www.heddata.se\/webbutik\/#website"},"primaryImageOfPage":{"@id":"https:\/\/www.heddata.se\/webbutik\/produkt\/adapterring-lang-4k-hdmi-fran-mini-dp-dp-usb-typ-c-dl-ar4881\/#primaryimage"},"image":{"@id":"https:\/\/www.heddata.se\/webbutik\/produkt\/adapterring-lang-4k-hdmi-fran-mini-dp-dp-usb-typ-c-dl-ar4881\/#primaryimage"},"thumbnailUrl":"https:\/\/www.heddata.se\/webbutik\/wp-content\/uploads\/webbutik\/kategorier\/kablar-adaptrar\/dlar4881adapt.jpg","datePublished":"2020-09-22T11:18:19+00:00","dateModified":"2026-04-03T16:29:48+00:00","description":"Adapterring L\u00e5ng, 4K, HDMI fr\u00e5n Mini DP, DP, USB Typ C DL-AR4881 med 4 olika adaptrar f\u00f6r inkoppling av dator till t.ex. projektor.","breadcrumb":{"@id":"https:\/\/www.heddata.se\/webbutik\/produkt\/adapterring-lang-4k-hdmi-fran-mini-dp-dp-usb-typ-c-dl-ar4881\/#breadcrumb"},"inLanguage":"sv-SE","potentialAction":[{"@type":"ReadAction","target":["https:\/\/www.heddata.se\/webbutik\/produkt\/adapterring-lang-4k-hdmi-fran-mini-dp-dp-usb-typ-c-dl-ar4881\/"]}]},{"@type":"ImageObject","inLanguage":"sv-SE","@id":"https:\/\/www.heddata.se\/webbutik\/produkt\/adapterring-lang-4k-hdmi-fran-mini-dp-dp-usb-typ-c-dl-ar4881\/#primaryimage","url":"https:\/\/www.heddata.se\/webbutik\/wp-content\/uploads\/webbutik\/kategorier\/kablar-adaptrar\/dlar4881adapt.jpg","contentUrl":"https:\/\/www.heddata.se\/webbutik\/wp-content\/uploads\/webbutik\/kategorier\/kablar-adaptrar\/dlar4881adapt.jpg","width":400,"height":400,"caption":"Adapterring L\u00e5ng 4K HDMI"},{"@type":"BreadcrumbList","@id":"https:\/\/www.heddata.se\/webbutik\/produkt\/adapterring-lang-4k-hdmi-fran-mini-dp-dp-usb-typ-c-dl-ar4881\/#breadcrumb","itemListElement":[{"@type":"ListItem","position":1,"name":"Hem","item":"https:\/\/www.heddata.se\/webbutik\/"},{"@type":"ListItem","position":2,"name":"Produkter","item":"https:\/\/www.heddata.se\/webbutik\/shop\/"},{"@type":"ListItem","position":3,"name":"Adapterring L\u00e5ng, 4K, HDMI fr\u00e5n Mini DP, DP, USB Typ C DL-AR4881"}]},{"@type":"WebSite","@id":"https:\/\/www.heddata.se\/webbutik\/#website","url":"https:\/\/www.heddata.se\/webbutik\/","name":"Datorer, Skrivare, F\u00e4rgpatroner, Mobiltelefoner","description":"Kablar","publisher":{"@id":"https:\/\/www.heddata.se\/webbutik\/#organization"},"potentialAction":[{"@type":"SearchAction","target":{"@type":"EntryPoint","urlTemplate":"https:\/\/www.heddata.se\/webbutik\/?s={search_term_string}"},"query-input":{"@type":"PropertyValueSpecification","valueRequired":true,"valueName":"search_term_string"}}],"inLanguage":"sv-SE"},{"@type":"Organization","@id":"https:\/\/www.heddata.se\/webbutik\/#organization","name":"Heddata AB","url":"https:\/\/www.heddata.se\/webbutik\/","logo":{"@type":"ImageObject","inLanguage":"sv-SE","@id":"https:\/\/www.heddata.se\/webbutik\/#\/schema\/logo\/image\/","url":"https:\/\/www.heddata.se\/webbutik\/wp-content\/uploads\/logga\/heddata-ab-logga.png","contentUrl":"https:\/\/www.heddata.se\/webbutik\/wp-content\/uploads\/logga\/heddata-ab-logga.png","width":200,"height":64,"caption":"Heddata AB"},"image":{"@id":"https:\/\/www.heddata.se\/webbutik\/#\/schema\/logo\/image\/"}}]}},"_links":{"self":[{"href":"https:\/\/www.heddata.se\/webbutik\/wp-json\/wp\/v2\/product\/90295","targetHints":{"allow":["GET"]}}],"collection":[{"href":"https:\/\/www.heddata.se\/webbutik\/wp-json\/wp\/v2\/product"}],"about":[{"href":"https:\/\/www.heddata.se\/webbutik\/wp-json\/wp\/v2\/types\/product"}],"wp:featuredmedia":[{"embeddable":true,"href":"https:\/\/www.heddata.se\/webbutik\/wp-json\/wp\/v2\/media\/90313"}],"wp:attachment":[{"href":"https:\/\/www.heddata.se\/webbutik\/wp-json\/wp\/v2\/media?parent=90295"}],"wp:term":[{"taxonomy":"product_brand","embeddable":true,"href":"https:\/\/www.heddata.se\/webbutik\/wp-json\/wp\/v2\/product_brand?post=90295"},{"taxonomy":"product_cat","embeddable":true,"href":"https:\/\/www.heddata.se\/webbutik\/wp-json\/wp\/v2\/product_cat?post=90295"},{"taxonomy":"product_tag","embeddable":true,"href":"https:\/\/www.heddata.se\/webbutik\/wp-json\/wp\/v2\/product_tag?post=90295"}],"curies":[{"name":"wp","href":"https:\/\/api.w.org\/{rel}","templated":true}]}}