{"id":90238,"date":"2020-09-08T12:18:19","date_gmt":"2020-09-08T10:18:19","guid":{"rendered":"https:\/\/www.heddata.se\/webbutik\/?post_type=product&#038;p=90238"},"modified":"2026-04-30T18:11:44","modified_gmt":"2026-04-30T16:11:44","slug":"koaxialkabel-100-db-hane-hona-3-0-m-vit","status":"publish","type":"product","link":"https:\/\/www.heddata.se\/webbutik\/produkt\/koaxialkabel-100-db-hane-hona-3-0-m-vit\/","title":{"rendered":"Koaxialkabel 100 dB hane &#8211; hona 3.0 m Vit"},"content":{"rendered":"<p>Koaxialkabel 100 dB hane &#8211; hona 3.0 m Vit<\/p>\n<p>Nedis\u00ae koaxialkabel passar f\u00f6r att ansluta en digitalbox till ett koaxialv\u00e4gguttag f\u00f6r mottagning av radio- och <a href=\"https:\/\/www.heddata.se\/webbutik\/tv-apparater\/\">tv-signaler.<\/a><\/p>\n<h3 id=\"specifications\">Produktspecifikationer<\/h3>\n<table class=\"table table-dashed-border\">\n<tbody>\n<tr>\n<th scope=\"row\">F\u00e4rg<\/th>\n<td>Vit<\/td>\n<\/tr>\n<tr>\n<th scope=\"row\">Kabelns utformning<\/th>\n<td>Rund<\/td>\n<\/tr>\n<tr>\n<th scope=\"row\">Yttre material<\/th>\n<td>PVC<\/td>\n<\/tr>\n<tr>\n<th scope=\"row\">Ledarmaterial<\/th>\n<td>Koppar<\/td>\n<\/tr>\n<tr>\n<th scope=\"row\">Anslutning B<\/th>\n<td>Koax Hona<\/td>\n<\/tr>\n<tr>\n<th scope=\"row\">Pl\u00e4tering<\/th>\n<td>Guld<\/td>\n<\/tr>\n<tr>\n<th scope=\"row\">Anslutningsdesign &#8211; sida A<\/th>\n<td>Rak<\/td>\n<\/tr>\n<tr>\n<th scope=\"row\">Impedans<\/th>\n<td>75 Ohm<\/td>\n<\/tr>\n<tr>\n<th scope=\"row\">Anslutningsdesign &#8211; sida B<\/th>\n<td>Rak<\/td>\n<\/tr>\n<tr>\n<th scope=\"row\">Sk\u00e4rmning<\/th>\n<td>Double<\/td>\n<\/tr>\n<tr>\n<th scope=\"row\">Kabeltyp<\/th>\n<td>Koax<\/td>\n<\/tr>\n<tr>\n<th scope=\"row\">Anslutning A<\/th>\n<td>Koax Hane<\/td>\n<\/tr>\n<tr>\n<th scope=\"row\">Sladdl\u00e4ngd<\/th>\n<td>3.0 m<\/td>\n<\/tr>\n<tr>\n<th scope=\"row\">F\u00f6rpackning<\/th>\n<td><a href=\"https:\/\/nedis.se\/sv-se\" target=\"_blank\" rel=\"noopener noreferrer\">Windox<\/a> Box<\/td>\n<\/tr>\n<tr>\n<th scope=\"row\">Material<\/th>\n<td>PVC \/ Metal<\/td>\n<\/tr>\n<tr>\n<th scope=\"row\">Connection A &amp; B<\/th>\n<td>Koax Hane &#8211; Koax Hona<\/td>\n<\/tr>\n<tr>\n<th scope=\"row\">Diameter<\/th>\n<td>5.0 mm<\/td>\n<\/tr>\n<\/tbody>\n<\/table>\n","protected":false},"excerpt":{"rendered":"<p>Koaxialkabel 100 dB hane &#8211; hona 3.0 m Vit<\/p>\n","protected":false},"featured_media":90279,"template":"","meta":[],"product_brand":[],"product_cat":[2260,71,59,86],"product_tag":[],"class_list":{"0":"post-90238","1":"product","2":"type-product","3":"status-publish","4":"has-post-thumbnail","6":"product_cat-antenn","7":"product_cat-antennkablar","8":"product_cat-kablar","9":"product_cat-tillbehor-tv","11":"first","12":"instock","13":"taxable","14":"shipping-taxable","15":"purchasable","16":"product-type-simple"},"yoast_head":"<!-- This site is optimized with the Yoast SEO Premium plugin v26.7 (Yoast SEO v26.7) - https:\/\/yoast.com\/wordpress\/plugins\/seo\/ -->\n<title>Koaxialkabel 100 dB hane - hona 3.0 m Vit antennkabel<\/title>\n<meta name=\"description\" content=\"Koaxialkabel 100 dB hane - hona 3.0 m passar f\u00f6r att ansluta en digitalbox till ett koaxialv\u00e4gguttag f\u00f6r mottagning av radio- och tv-signaler.\" \/>\n<meta name=\"robots\" content=\"index, follow, max-snippet:-1, max-image-preview:large, max-video-preview:-1\" \/>\n<link rel=\"canonical\" href=\"https:\/\/www.heddata.se\/webbutik\/produkt\/koaxialkabel-100-db-hane-hona-3-0-m-vit\/\" \/>\n<meta property=\"og:locale\" content=\"sv_SE\" \/>\n<meta property=\"og:type\" content=\"article\" \/>\n<meta property=\"og:title\" content=\"Koaxialkabel 100 dB hane - hona 3.0 m Vit\" \/>\n<meta property=\"og:description\" content=\"Koaxialkabel 100 dB hane - hona 3.0 m passar f\u00f6r att ansluta en digitalbox till ett koaxialv\u00e4gguttag f\u00f6r mottagning av radio- och tv-signaler.\" \/>\n<meta property=\"og:url\" content=\"https:\/\/www.heddata.se\/webbutik\/produkt\/koaxialkabel-100-db-hane-hona-3-0-m-vit\/\" \/>\n<meta property=\"og:site_name\" content=\"Datorer, Skrivare, F\u00e4rgpatroner, Mobiltelefoner\" \/>\n<meta property=\"article:modified_time\" content=\"2026-04-30T16:11:44+00:00\" \/>\n<meta property=\"og:image\" content=\"https:\/\/www.heddata.se\/webbutik\/wp-content\/uploads\/webbutik\/kategorier\/kablar-adaptrar\/csbw40015wt30.jpg\" \/>\n\t<meta property=\"og:image:width\" content=\"1200\" \/>\n\t<meta property=\"og:image:height\" content=\"1200\" \/>\n\t<meta property=\"og:image:type\" content=\"image\/jpeg\" \/>\n<meta name=\"twitter:card\" content=\"summary_large_image\" \/>\n<script type=\"application\/ld+json\" class=\"yoast-schema-graph\">{\"@context\":\"https:\/\/schema.org\",\"@graph\":[{\"@type\":\"WebPage\",\"@id\":\"https:\/\/www.heddata.se\/webbutik\/produkt\/koaxialkabel-100-db-hane-hona-3-0-m-vit\/\",\"url\":\"https:\/\/www.heddata.se\/webbutik\/produkt\/koaxialkabel-100-db-hane-hona-3-0-m-vit\/\",\"name\":\"Koaxialkabel 100 dB hane - hona 3.0 m Vit antennkabel\",\"isPartOf\":{\"@id\":\"https:\/\/www.heddata.se\/webbutik\/#website\"},\"primaryImageOfPage\":{\"@id\":\"https:\/\/www.heddata.se\/webbutik\/produkt\/koaxialkabel-100-db-hane-hona-3-0-m-vit\/#primaryimage\"},\"image\":{\"@id\":\"https:\/\/www.heddata.se\/webbutik\/produkt\/koaxialkabel-100-db-hane-hona-3-0-m-vit\/#primaryimage\"},\"thumbnailUrl\":\"https:\/\/www.heddata.se\/webbutik\/wp-content\/uploads\/webbutik\/kategorier\/kablar-adaptrar\/csbw40015wt30.jpg\",\"datePublished\":\"2020-09-08T10:18:19+00:00\",\"dateModified\":\"2026-04-30T16:11:44+00:00\",\"description\":\"Koaxialkabel 100 dB hane - hona 3.0 m passar f\u00f6r att ansluta en digitalbox till ett koaxialv\u00e4gguttag f\u00f6r mottagning av radio- och tv-signaler.\",\"breadcrumb\":{\"@id\":\"https:\/\/www.heddata.se\/webbutik\/produkt\/koaxialkabel-100-db-hane-hona-3-0-m-vit\/#breadcrumb\"},\"inLanguage\":\"sv-SE\",\"potentialAction\":[{\"@type\":\"ReadAction\",\"target\":[\"https:\/\/www.heddata.se\/webbutik\/produkt\/koaxialkabel-100-db-hane-hona-3-0-m-vit\/\"]}]},{\"@type\":\"ImageObject\",\"inLanguage\":\"sv-SE\",\"@id\":\"https:\/\/www.heddata.se\/webbutik\/produkt\/koaxialkabel-100-db-hane-hona-3-0-m-vit\/#primaryimage\",\"url\":\"https:\/\/www.heddata.se\/webbutik\/wp-content\/uploads\/webbutik\/kategorier\/kablar-adaptrar\/csbw40015wt30.jpg\",\"contentUrl\":\"https:\/\/www.heddata.se\/webbutik\/wp-content\/uploads\/webbutik\/kategorier\/kablar-adaptrar\/csbw40015wt30.jpg\",\"width\":1200,\"height\":1200,\"caption\":\"Koaxialkabel 100 dB hane\"},{\"@type\":\"BreadcrumbList\",\"@id\":\"https:\/\/www.heddata.se\/webbutik\/produkt\/koaxialkabel-100-db-hane-hona-3-0-m-vit\/#breadcrumb\",\"itemListElement\":[{\"@type\":\"ListItem\",\"position\":1,\"name\":\"Hem\",\"item\":\"https:\/\/www.heddata.se\/webbutik\/\"},{\"@type\":\"ListItem\",\"position\":2,\"name\":\"Produkter\",\"item\":\"https:\/\/www.heddata.se\/webbutik\/shop\/\"},{\"@type\":\"ListItem\",\"position\":3,\"name\":\"Koaxialkabel 100 dB hane &#8211; hona 3.0 m Vit\"}]},{\"@type\":\"WebSite\",\"@id\":\"https:\/\/www.heddata.se\/webbutik\/#website\",\"url\":\"https:\/\/www.heddata.se\/webbutik\/\",\"name\":\"Datorer, Skrivare, F\u00e4rgpatroner, Mobiltelefoner\",\"description\":\"Kablar\",\"publisher\":{\"@id\":\"https:\/\/www.heddata.se\/webbutik\/#organization\"},\"potentialAction\":[{\"@type\":\"SearchAction\",\"target\":{\"@type\":\"EntryPoint\",\"urlTemplate\":\"https:\/\/www.heddata.se\/webbutik\/?s={search_term_string}\"},\"query-input\":{\"@type\":\"PropertyValueSpecification\",\"valueRequired\":true,\"valueName\":\"search_term_string\"}}],\"inLanguage\":\"sv-SE\"},{\"@type\":\"Organization\",\"@id\":\"https:\/\/www.heddata.se\/webbutik\/#organization\",\"name\":\"Heddata AB\",\"url\":\"https:\/\/www.heddata.se\/webbutik\/\",\"logo\":{\"@type\":\"ImageObject\",\"inLanguage\":\"sv-SE\",\"@id\":\"https:\/\/www.heddata.se\/webbutik\/#\/schema\/logo\/image\/\",\"url\":\"https:\/\/www.heddata.se\/webbutik\/wp-content\/uploads\/logga\/heddata-ab-logga.png\",\"contentUrl\":\"https:\/\/www.heddata.se\/webbutik\/wp-content\/uploads\/logga\/heddata-ab-logga.png\",\"width\":200,\"height\":64,\"caption\":\"Heddata AB\"},\"image\":{\"@id\":\"https:\/\/www.heddata.se\/webbutik\/#\/schema\/logo\/image\/\"}}]}<\/script>\n<!-- \/ Yoast SEO Premium plugin. -->","yoast_head_json":{"title":"Koaxialkabel 100 dB hane - hona 3.0 m Vit antennkabel","description":"Koaxialkabel 100 dB hane - hona 3.0 m passar f\u00f6r att ansluta en digitalbox till ett koaxialv\u00e4gguttag f\u00f6r mottagning av radio- och tv-signaler.","robots":{"index":"index","follow":"follow","max-snippet":"max-snippet:-1","max-image-preview":"max-image-preview:large","max-video-preview":"max-video-preview:-1"},"canonical":"https:\/\/www.heddata.se\/webbutik\/produkt\/koaxialkabel-100-db-hane-hona-3-0-m-vit\/","og_locale":"sv_SE","og_type":"article","og_title":"Koaxialkabel 100 dB hane - hona 3.0 m Vit","og_description":"Koaxialkabel 100 dB hane - hona 3.0 m passar f\u00f6r att ansluta en digitalbox till ett koaxialv\u00e4gguttag f\u00f6r mottagning av radio- och tv-signaler.","og_url":"https:\/\/www.heddata.se\/webbutik\/produkt\/koaxialkabel-100-db-hane-hona-3-0-m-vit\/","og_site_name":"Datorer, Skrivare, F\u00e4rgpatroner, Mobiltelefoner","article_modified_time":"2026-04-30T16:11:44+00:00","og_image":[{"width":1200,"height":1200,"url":"https:\/\/www.heddata.se\/webbutik\/wp-content\/uploads\/webbutik\/kategorier\/kablar-adaptrar\/csbw40015wt30.jpg","type":"image\/jpeg"}],"twitter_card":"summary_large_image","schema":{"@context":"https:\/\/schema.org","@graph":[{"@type":"WebPage","@id":"https:\/\/www.heddata.se\/webbutik\/produkt\/koaxialkabel-100-db-hane-hona-3-0-m-vit\/","url":"https:\/\/www.heddata.se\/webbutik\/produkt\/koaxialkabel-100-db-hane-hona-3-0-m-vit\/","name":"Koaxialkabel 100 dB hane - hona 3.0 m Vit antennkabel","isPartOf":{"@id":"https:\/\/www.heddata.se\/webbutik\/#website"},"primaryImageOfPage":{"@id":"https:\/\/www.heddata.se\/webbutik\/produkt\/koaxialkabel-100-db-hane-hona-3-0-m-vit\/#primaryimage"},"image":{"@id":"https:\/\/www.heddata.se\/webbutik\/produkt\/koaxialkabel-100-db-hane-hona-3-0-m-vit\/#primaryimage"},"thumbnailUrl":"https:\/\/www.heddata.se\/webbutik\/wp-content\/uploads\/webbutik\/kategorier\/kablar-adaptrar\/csbw40015wt30.jpg","datePublished":"2020-09-08T10:18:19+00:00","dateModified":"2026-04-30T16:11:44+00:00","description":"Koaxialkabel 100 dB hane - hona 3.0 m passar f\u00f6r att ansluta en digitalbox till ett koaxialv\u00e4gguttag f\u00f6r mottagning av radio- och tv-signaler.","breadcrumb":{"@id":"https:\/\/www.heddata.se\/webbutik\/produkt\/koaxialkabel-100-db-hane-hona-3-0-m-vit\/#breadcrumb"},"inLanguage":"sv-SE","potentialAction":[{"@type":"ReadAction","target":["https:\/\/www.heddata.se\/webbutik\/produkt\/koaxialkabel-100-db-hane-hona-3-0-m-vit\/"]}]},{"@type":"ImageObject","inLanguage":"sv-SE","@id":"https:\/\/www.heddata.se\/webbutik\/produkt\/koaxialkabel-100-db-hane-hona-3-0-m-vit\/#primaryimage","url":"https:\/\/www.heddata.se\/webbutik\/wp-content\/uploads\/webbutik\/kategorier\/kablar-adaptrar\/csbw40015wt30.jpg","contentUrl":"https:\/\/www.heddata.se\/webbutik\/wp-content\/uploads\/webbutik\/kategorier\/kablar-adaptrar\/csbw40015wt30.jpg","width":1200,"height":1200,"caption":"Koaxialkabel 100 dB hane"},{"@type":"BreadcrumbList","@id":"https:\/\/www.heddata.se\/webbutik\/produkt\/koaxialkabel-100-db-hane-hona-3-0-m-vit\/#breadcrumb","itemListElement":[{"@type":"ListItem","position":1,"name":"Hem","item":"https:\/\/www.heddata.se\/webbutik\/"},{"@type":"ListItem","position":2,"name":"Produkter","item":"https:\/\/www.heddata.se\/webbutik\/shop\/"},{"@type":"ListItem","position":3,"name":"Koaxialkabel 100 dB hane &#8211; hona 3.0 m Vit"}]},{"@type":"WebSite","@id":"https:\/\/www.heddata.se\/webbutik\/#website","url":"https:\/\/www.heddata.se\/webbutik\/","name":"Datorer, Skrivare, F\u00e4rgpatroner, Mobiltelefoner","description":"Kablar","publisher":{"@id":"https:\/\/www.heddata.se\/webbutik\/#organization"},"potentialAction":[{"@type":"SearchAction","target":{"@type":"EntryPoint","urlTemplate":"https:\/\/www.heddata.se\/webbutik\/?s={search_term_string}"},"query-input":{"@type":"PropertyValueSpecification","valueRequired":true,"valueName":"search_term_string"}}],"inLanguage":"sv-SE"},{"@type":"Organization","@id":"https:\/\/www.heddata.se\/webbutik\/#organization","name":"Heddata AB","url":"https:\/\/www.heddata.se\/webbutik\/","logo":{"@type":"ImageObject","inLanguage":"sv-SE","@id":"https:\/\/www.heddata.se\/webbutik\/#\/schema\/logo\/image\/","url":"https:\/\/www.heddata.se\/webbutik\/wp-content\/uploads\/logga\/heddata-ab-logga.png","contentUrl":"https:\/\/www.heddata.se\/webbutik\/wp-content\/uploads\/logga\/heddata-ab-logga.png","width":200,"height":64,"caption":"Heddata AB"},"image":{"@id":"https:\/\/www.heddata.se\/webbutik\/#\/schema\/logo\/image\/"}}]}},"_links":{"self":[{"href":"https:\/\/www.heddata.se\/webbutik\/wp-json\/wp\/v2\/product\/90238","targetHints":{"allow":["GET"]}}],"collection":[{"href":"https:\/\/www.heddata.se\/webbutik\/wp-json\/wp\/v2\/product"}],"about":[{"href":"https:\/\/www.heddata.se\/webbutik\/wp-json\/wp\/v2\/types\/product"}],"wp:featuredmedia":[{"embeddable":true,"href":"https:\/\/www.heddata.se\/webbutik\/wp-json\/wp\/v2\/media\/90279"}],"wp:attachment":[{"href":"https:\/\/www.heddata.se\/webbutik\/wp-json\/wp\/v2\/media?parent=90238"}],"wp:term":[{"taxonomy":"product_brand","embeddable":true,"href":"https:\/\/www.heddata.se\/webbutik\/wp-json\/wp\/v2\/product_brand?post=90238"},{"taxonomy":"product_cat","embeddable":true,"href":"https:\/\/www.heddata.se\/webbutik\/wp-json\/wp\/v2\/product_cat?post=90238"},{"taxonomy":"product_tag","embeddable":true,"href":"https:\/\/www.heddata.se\/webbutik\/wp-json\/wp\/v2\/product_tag?post=90238"}],"curies":[{"name":"wp","href":"https:\/\/api.w.org\/{rel}","templated":true}]}}