{"id":90084,"date":"2020-08-25T14:18:05","date_gmt":"2020-08-25T12:18:05","guid":{"rendered":"https:\/\/www.heddata.se\/webbutik\/?post_type=product&#038;p=90084"},"modified":"2026-04-03T18:17:12","modified_gmt":"2026-04-03T16:17:12","slug":"fem-ars-dagbok-brun","status":"publish","type":"product","link":"https:\/\/www.heddata.se\/webbutik\/produkt\/fem-ars-dagbok-brun\/","title":{"rendered":"Fem \u00e5rs-dagbok brun"},"content":{"rendered":"<p>Fem \u00e5rs-dagbok brun<\/p>\n<h2>5-\u00e5rsdagbok<\/h2>\n<p>14,8 x 21 cm<br \/>\nInbunden<br \/>\n1 dag\/sida<br \/>\n424 sidor<br \/>\nPlats f\u00f6r dagliga anteckningar f\u00f6r de kommande fem \u00e5ren.<br \/>\nF\u00f6rklaringar till m\u00e5nadernas namn<br \/>\nKuriosa fr\u00e5n Bondepraktikan<\/p>\n<h2>5-\u00e5rskalender<\/h2>\n<p>Elegant <a href=\"https:\/\/www.almanacksforlaget.se\/\" target=\"_blank\" rel=\"noopener noreferrer\">5-\u00e5rsdagbok<\/a> f\u00f6r dig som vill skriva kortare dagboksanteckningar \u00f6ver flera \u00e5r.<\/p>\n<p>Kalender med dag per sida<\/p>\n<p>Varje datum har en egen sida som \u00e4r indelad i 5 olika sektioner. En f\u00f6r varje \u00e5r.<br \/>\nF\u00f6rutom de 8 raderna att skriva dagbok p\u00e5 finns \u00e4ven plats att notera temperatur, v\u00e4derlek och veckodag. Det ger dig en bra \u00f6versikt \u00f6ver vad som h\u00e4nde \u201didag\u201d tidigare \u00e5r.<\/p>\n<h3>5-\u00e5rsdagboken \u00e4r uppskattad doppresent<\/h3>\n<p>Till dop, inflyttningsfest, hund\u00e4gare och andra nystarter i livet \u00e4r 5-\u00e5rs <a href=\"https:\/\/www.heddata.se\/webbutik\/kontorstillbehor\/\">dagboken<\/a> uppskattad present som f\u00f6ljer med i livet de n\u00e4rmaste \u00e5ren.<\/p>\n<h3>Fakta<\/h3>\n<p>14,8 x 21 cm<br \/>\nInbunden<br \/>\n1 dag\/sida<br \/>\n424 sidor<br \/>\nPlats f\u00f6r dagliga anteckningar f\u00f6r de kommande fem \u00e5ren.<br \/>\nF\u00f6rklaringar till m\u00e5nadernas namn<br \/>\nKuriosa fr\u00e5n Bondepraktikan<\/p>\n","protected":false},"excerpt":{"rendered":"<p>Fem \u00e5rs-dagbok brun<\/p>\n","protected":false},"featured_media":90145,"template":"","meta":[],"product_brand":[],"product_cat":[8969,68],"product_tag":[],"class_list":{"0":"post-90084","1":"product","2":"type-product","3":"status-publish","4":"has-post-thumbnail","6":"product_cat-almanackor","7":"product_cat-kontorstillbehor","9":"first","10":"outofstock","11":"taxable","12":"shipping-taxable","13":"product-type-simple"},"yoast_head":"<!-- This site is optimized with the Yoast SEO Premium plugin v26.7 (Yoast SEO v26.7) - https:\/\/yoast.com\/wordpress\/plugins\/seo\/ -->\n<title>Fem \u00e5rs-dagbok brun Elegant 5-\u00e5rsdagbok f\u00f6r dig som vill skriva<\/title>\n<meta name=\"description\" content=\"Fem \u00e5rs-dagbok brun Elegant 5-\u00e5rsdagbok f\u00f6r dig som vill skriva kortare dagboksanteckningar \u00f6ver flera \u00e5r.\" \/>\n<meta name=\"robots\" content=\"index, follow, max-snippet:-1, max-image-preview:large, max-video-preview:-1\" \/>\n<link rel=\"canonical\" href=\"https:\/\/www.heddata.se\/webbutik\/produkt\/fem-ars-dagbok-brun\/\" \/>\n<meta property=\"og:locale\" content=\"sv_SE\" \/>\n<meta property=\"og:type\" content=\"article\" \/>\n<meta property=\"og:title\" content=\"Fem \u00e5rs-dagbok brun\" \/>\n<meta property=\"og:description\" content=\"Fem \u00e5rs-dagbok brun Elegant 5-\u00e5rsdagbok f\u00f6r dig som vill skriva kortare dagboksanteckningar \u00f6ver flera \u00e5r.\" \/>\n<meta property=\"og:url\" content=\"https:\/\/www.heddata.se\/webbutik\/produkt\/fem-ars-dagbok-brun\/\" \/>\n<meta property=\"og:site_name\" content=\"Datorer, Skrivare, F\u00e4rgpatroner, Mobiltelefoner\" \/>\n<meta property=\"article:modified_time\" content=\"2026-04-03T16:17:12+00:00\" \/>\n<meta property=\"og:image\" content=\"https:\/\/www.heddata.se\/webbutik\/wp-content\/uploads\/webbutik\/kategorier\/kontorstillbehor\/fem-ars-dagbok-brun.jpg\" \/>\n\t<meta property=\"og:image:width\" content=\"1026\" \/>\n\t<meta property=\"og:image:height\" content=\"1026\" \/>\n\t<meta property=\"og:image:type\" content=\"image\/jpeg\" \/>\n<meta name=\"twitter:card\" content=\"summary_large_image\" \/>\n<meta name=\"twitter:label1\" content=\"Ber\u00e4knad l\u00e4stid\" \/>\n\t<meta name=\"twitter:data1\" content=\"1 minut\" \/>\n<script type=\"application\/ld+json\" class=\"yoast-schema-graph\">{\"@context\":\"https:\/\/schema.org\",\"@graph\":[{\"@type\":\"WebPage\",\"@id\":\"https:\/\/www.heddata.se\/webbutik\/produkt\/fem-ars-dagbok-brun\/\",\"url\":\"https:\/\/www.heddata.se\/webbutik\/produkt\/fem-ars-dagbok-brun\/\",\"name\":\"Fem \u00e5rs-dagbok brun Elegant 5-\u00e5rsdagbok f\u00f6r dig som vill skriva\",\"isPartOf\":{\"@id\":\"https:\/\/www.heddata.se\/webbutik\/#website\"},\"primaryImageOfPage\":{\"@id\":\"https:\/\/www.heddata.se\/webbutik\/produkt\/fem-ars-dagbok-brun\/#primaryimage\"},\"image\":{\"@id\":\"https:\/\/www.heddata.se\/webbutik\/produkt\/fem-ars-dagbok-brun\/#primaryimage\"},\"thumbnailUrl\":\"https:\/\/www.heddata.se\/webbutik\/wp-content\/uploads\/webbutik\/kategorier\/kontorstillbehor\/fem-ars-dagbok-brun.jpg\",\"datePublished\":\"2020-08-25T12:18:05+00:00\",\"dateModified\":\"2026-04-03T16:17:12+00:00\",\"description\":\"Fem \u00e5rs-dagbok brun Elegant 5-\u00e5rsdagbok f\u00f6r dig som vill skriva kortare dagboksanteckningar \u00f6ver flera \u00e5r.\",\"breadcrumb\":{\"@id\":\"https:\/\/www.heddata.se\/webbutik\/produkt\/fem-ars-dagbok-brun\/#breadcrumb\"},\"inLanguage\":\"sv-SE\",\"potentialAction\":[{\"@type\":\"ReadAction\",\"target\":[\"https:\/\/www.heddata.se\/webbutik\/produkt\/fem-ars-dagbok-brun\/\"]}]},{\"@type\":\"ImageObject\",\"inLanguage\":\"sv-SE\",\"@id\":\"https:\/\/www.heddata.se\/webbutik\/produkt\/fem-ars-dagbok-brun\/#primaryimage\",\"url\":\"https:\/\/www.heddata.se\/webbutik\/wp-content\/uploads\/webbutik\/kategorier\/kontorstillbehor\/fem-ars-dagbok-brun.jpg\",\"contentUrl\":\"https:\/\/www.heddata.se\/webbutik\/wp-content\/uploads\/webbutik\/kategorier\/kontorstillbehor\/fem-ars-dagbok-brun.jpg\",\"width\":1026,\"height\":1026,\"caption\":\"Fem \u00e5rs-dagbok brun\"},{\"@type\":\"BreadcrumbList\",\"@id\":\"https:\/\/www.heddata.se\/webbutik\/produkt\/fem-ars-dagbok-brun\/#breadcrumb\",\"itemListElement\":[{\"@type\":\"ListItem\",\"position\":1,\"name\":\"Hem\",\"item\":\"https:\/\/www.heddata.se\/webbutik\/\"},{\"@type\":\"ListItem\",\"position\":2,\"name\":\"Produkter\",\"item\":\"https:\/\/www.heddata.se\/webbutik\/shop\/\"},{\"@type\":\"ListItem\",\"position\":3,\"name\":\"Fem \u00e5rs-dagbok brun\"}]},{\"@type\":\"WebSite\",\"@id\":\"https:\/\/www.heddata.se\/webbutik\/#website\",\"url\":\"https:\/\/www.heddata.se\/webbutik\/\",\"name\":\"Datorer, Skrivare, F\u00e4rgpatroner, Mobiltelefoner\",\"description\":\"Kablar\",\"publisher\":{\"@id\":\"https:\/\/www.heddata.se\/webbutik\/#organization\"},\"potentialAction\":[{\"@type\":\"SearchAction\",\"target\":{\"@type\":\"EntryPoint\",\"urlTemplate\":\"https:\/\/www.heddata.se\/webbutik\/?s={search_term_string}\"},\"query-input\":{\"@type\":\"PropertyValueSpecification\",\"valueRequired\":true,\"valueName\":\"search_term_string\"}}],\"inLanguage\":\"sv-SE\"},{\"@type\":\"Organization\",\"@id\":\"https:\/\/www.heddata.se\/webbutik\/#organization\",\"name\":\"Heddata AB\",\"url\":\"https:\/\/www.heddata.se\/webbutik\/\",\"logo\":{\"@type\":\"ImageObject\",\"inLanguage\":\"sv-SE\",\"@id\":\"https:\/\/www.heddata.se\/webbutik\/#\/schema\/logo\/image\/\",\"url\":\"https:\/\/www.heddata.se\/webbutik\/wp-content\/uploads\/logga\/heddata-ab-logga.png\",\"contentUrl\":\"https:\/\/www.heddata.se\/webbutik\/wp-content\/uploads\/logga\/heddata-ab-logga.png\",\"width\":200,\"height\":64,\"caption\":\"Heddata AB\"},\"image\":{\"@id\":\"https:\/\/www.heddata.se\/webbutik\/#\/schema\/logo\/image\/\"}}]}<\/script>\n<!-- \/ Yoast SEO Premium plugin. -->","yoast_head_json":{"title":"Fem \u00e5rs-dagbok brun Elegant 5-\u00e5rsdagbok f\u00f6r dig som vill skriva","description":"Fem \u00e5rs-dagbok brun Elegant 5-\u00e5rsdagbok f\u00f6r dig som vill skriva kortare dagboksanteckningar \u00f6ver flera \u00e5r.","robots":{"index":"index","follow":"follow","max-snippet":"max-snippet:-1","max-image-preview":"max-image-preview:large","max-video-preview":"max-video-preview:-1"},"canonical":"https:\/\/www.heddata.se\/webbutik\/produkt\/fem-ars-dagbok-brun\/","og_locale":"sv_SE","og_type":"article","og_title":"Fem \u00e5rs-dagbok brun","og_description":"Fem \u00e5rs-dagbok brun Elegant 5-\u00e5rsdagbok f\u00f6r dig som vill skriva kortare dagboksanteckningar \u00f6ver flera \u00e5r.","og_url":"https:\/\/www.heddata.se\/webbutik\/produkt\/fem-ars-dagbok-brun\/","og_site_name":"Datorer, Skrivare, F\u00e4rgpatroner, Mobiltelefoner","article_modified_time":"2026-04-03T16:17:12+00:00","og_image":[{"width":1026,"height":1026,"url":"https:\/\/www.heddata.se\/webbutik\/wp-content\/uploads\/webbutik\/kategorier\/kontorstillbehor\/fem-ars-dagbok-brun.jpg","type":"image\/jpeg"}],"twitter_card":"summary_large_image","twitter_misc":{"Ber\u00e4knad l\u00e4stid":"1 minut"},"schema":{"@context":"https:\/\/schema.org","@graph":[{"@type":"WebPage","@id":"https:\/\/www.heddata.se\/webbutik\/produkt\/fem-ars-dagbok-brun\/","url":"https:\/\/www.heddata.se\/webbutik\/produkt\/fem-ars-dagbok-brun\/","name":"Fem \u00e5rs-dagbok brun Elegant 5-\u00e5rsdagbok f\u00f6r dig som vill skriva","isPartOf":{"@id":"https:\/\/www.heddata.se\/webbutik\/#website"},"primaryImageOfPage":{"@id":"https:\/\/www.heddata.se\/webbutik\/produkt\/fem-ars-dagbok-brun\/#primaryimage"},"image":{"@id":"https:\/\/www.heddata.se\/webbutik\/produkt\/fem-ars-dagbok-brun\/#primaryimage"},"thumbnailUrl":"https:\/\/www.heddata.se\/webbutik\/wp-content\/uploads\/webbutik\/kategorier\/kontorstillbehor\/fem-ars-dagbok-brun.jpg","datePublished":"2020-08-25T12:18:05+00:00","dateModified":"2026-04-03T16:17:12+00:00","description":"Fem \u00e5rs-dagbok brun Elegant 5-\u00e5rsdagbok f\u00f6r dig som vill skriva kortare dagboksanteckningar \u00f6ver flera \u00e5r.","breadcrumb":{"@id":"https:\/\/www.heddata.se\/webbutik\/produkt\/fem-ars-dagbok-brun\/#breadcrumb"},"inLanguage":"sv-SE","potentialAction":[{"@type":"ReadAction","target":["https:\/\/www.heddata.se\/webbutik\/produkt\/fem-ars-dagbok-brun\/"]}]},{"@type":"ImageObject","inLanguage":"sv-SE","@id":"https:\/\/www.heddata.se\/webbutik\/produkt\/fem-ars-dagbok-brun\/#primaryimage","url":"https:\/\/www.heddata.se\/webbutik\/wp-content\/uploads\/webbutik\/kategorier\/kontorstillbehor\/fem-ars-dagbok-brun.jpg","contentUrl":"https:\/\/www.heddata.se\/webbutik\/wp-content\/uploads\/webbutik\/kategorier\/kontorstillbehor\/fem-ars-dagbok-brun.jpg","width":1026,"height":1026,"caption":"Fem \u00e5rs-dagbok brun"},{"@type":"BreadcrumbList","@id":"https:\/\/www.heddata.se\/webbutik\/produkt\/fem-ars-dagbok-brun\/#breadcrumb","itemListElement":[{"@type":"ListItem","position":1,"name":"Hem","item":"https:\/\/www.heddata.se\/webbutik\/"},{"@type":"ListItem","position":2,"name":"Produkter","item":"https:\/\/www.heddata.se\/webbutik\/shop\/"},{"@type":"ListItem","position":3,"name":"Fem \u00e5rs-dagbok brun"}]},{"@type":"WebSite","@id":"https:\/\/www.heddata.se\/webbutik\/#website","url":"https:\/\/www.heddata.se\/webbutik\/","name":"Datorer, Skrivare, F\u00e4rgpatroner, Mobiltelefoner","description":"Kablar","publisher":{"@id":"https:\/\/www.heddata.se\/webbutik\/#organization"},"potentialAction":[{"@type":"SearchAction","target":{"@type":"EntryPoint","urlTemplate":"https:\/\/www.heddata.se\/webbutik\/?s={search_term_string}"},"query-input":{"@type":"PropertyValueSpecification","valueRequired":true,"valueName":"search_term_string"}}],"inLanguage":"sv-SE"},{"@type":"Organization","@id":"https:\/\/www.heddata.se\/webbutik\/#organization","name":"Heddata AB","url":"https:\/\/www.heddata.se\/webbutik\/","logo":{"@type":"ImageObject","inLanguage":"sv-SE","@id":"https:\/\/www.heddata.se\/webbutik\/#\/schema\/logo\/image\/","url":"https:\/\/www.heddata.se\/webbutik\/wp-content\/uploads\/logga\/heddata-ab-logga.png","contentUrl":"https:\/\/www.heddata.se\/webbutik\/wp-content\/uploads\/logga\/heddata-ab-logga.png","width":200,"height":64,"caption":"Heddata AB"},"image":{"@id":"https:\/\/www.heddata.se\/webbutik\/#\/schema\/logo\/image\/"}}]}},"_links":{"self":[{"href":"https:\/\/www.heddata.se\/webbutik\/wp-json\/wp\/v2\/product\/90084","targetHints":{"allow":["GET"]}}],"collection":[{"href":"https:\/\/www.heddata.se\/webbutik\/wp-json\/wp\/v2\/product"}],"about":[{"href":"https:\/\/www.heddata.se\/webbutik\/wp-json\/wp\/v2\/types\/product"}],"wp:featuredmedia":[{"embeddable":true,"href":"https:\/\/www.heddata.se\/webbutik\/wp-json\/wp\/v2\/media\/90145"}],"wp:attachment":[{"href":"https:\/\/www.heddata.se\/webbutik\/wp-json\/wp\/v2\/media?parent=90084"}],"wp:term":[{"taxonomy":"product_brand","embeddable":true,"href":"https:\/\/www.heddata.se\/webbutik\/wp-json\/wp\/v2\/product_brand?post=90084"},{"taxonomy":"product_cat","embeddable":true,"href":"https:\/\/www.heddata.se\/webbutik\/wp-json\/wp\/v2\/product_cat?post=90084"},{"taxonomy":"product_tag","embeddable":true,"href":"https:\/\/www.heddata.se\/webbutik\/wp-json\/wp\/v2\/product_tag?post=90084"}],"curies":[{"name":"wp","href":"https:\/\/api.w.org\/{rel}","templated":true}]}}