{"id":89964,"date":"2020-08-07T10:18:24","date_gmt":"2020-08-07T08:18:24","guid":{"rendered":"https:\/\/www.heddata.se\/webbutik\/?post_type=product&#038;p=89964"},"modified":"2026-05-01T18:11:28","modified_gmt":"2026-05-01T16:11:28","slug":"natverkskabel-tp-67v-u-utp-cat6-patchkabel-7m","status":"publish","type":"product","link":"https:\/\/www.heddata.se\/webbutik\/produkt\/natverkskabel-tp-67v-u-utp-cat6-patchkabel-7m\/","title":{"rendered":"N\u00e4tverkskabel TP-67V U\/UTP Cat6 patchkabel 7m"},"content":{"rendered":"<p>N\u00e4tverkskabel TP-67V U\/UTP Cat6 patchkabel 7m<\/p>\n<p><a href=\"https:\/\/www.deltaco.se\/\" target=\"_blank\" rel=\"noopener noreferrer\">DELTACO<\/a> U\/UTP Cat6 patchkabel, 7m, 250MHz, Delta-certifierad, LSZH, vit<\/p>\n<p><a href=\"https:\/\/www.heddata.se\/webbutik\/kablar\/natverkskablar\/\">N\u00e4tverkskabel<\/a> med gjutna RJ45-kontakter. Eftersom det \u00e4r en Cat6-kabel har den ett plastkors i mitten som f\u00f6ljer hela kabell\u00e4ngden f\u00f6r att sk\u00e4rma av ledarna 2 och 2.<\/p>\n<p>Materialet i kabeln \u00e4r fri fr\u00e5n PVC-plast vilket g\u00f6r att ingen halogengas frig\u00f6rs vid eventuell brand.<\/p>\n<p>\u2022 Ledare av ren koppar<\/p>\n","protected":false},"excerpt":{"rendered":"<p>N\u00e4tverkskabel TP-67V U\/UTP Cat6 patchkabel 7m<\/p>\n","protected":false},"featured_media":89969,"template":"","meta":[],"product_brand":[],"product_cat":[59,78],"product_tag":[],"class_list":{"0":"post-89964","1":"product","2":"type-product","3":"status-publish","4":"has-post-thumbnail","6":"product_cat-kablar","7":"product_cat-natverkskablar","9":"first","10":"instock","11":"taxable","12":"shipping-taxable","13":"purchasable","14":"product-type-simple"},"yoast_head":"<!-- This site is optimized with the Yoast SEO Premium plugin v26.7 (Yoast SEO v26.7) - https:\/\/yoast.com\/wordpress\/plugins\/seo\/ -->\n<title>N\u00e4tverkskabel TP-67V U\/UTP Cat6 patchkabel 7m<\/title>\n<meta name=\"description\" content=\"N\u00e4tverkskabel TP-67V U\/UTP Cat6 patchkabel 7m N\u00e4tverkskabel med gjutna RJ45-kontakter. Eftersom det \u00e4r en Cat6-kabel har den ett plastkors\" \/>\n<meta name=\"robots\" content=\"index, follow, max-snippet:-1, max-image-preview:large, max-video-preview:-1\" \/>\n<link rel=\"canonical\" href=\"https:\/\/www.heddata.se\/webbutik\/produkt\/natverkskabel-tp-67v-u-utp-cat6-patchkabel-7m\/\" \/>\n<meta property=\"og:locale\" content=\"sv_SE\" \/>\n<meta property=\"og:type\" content=\"article\" \/>\n<meta property=\"og:title\" content=\"N\u00e4tverkskabel TP-67V U\/UTP Cat6 patchkabel 7m\" \/>\n<meta property=\"og:description\" content=\"N\u00e4tverkskabel TP-67V U\/UTP Cat6 patchkabel 7m N\u00e4tverkskabel med gjutna RJ45-kontakter. Eftersom det \u00e4r en Cat6-kabel har den ett plastkors\" \/>\n<meta property=\"og:url\" content=\"https:\/\/www.heddata.se\/webbutik\/produkt\/natverkskabel-tp-67v-u-utp-cat6-patchkabel-7m\/\" \/>\n<meta property=\"og:site_name\" content=\"Datorer, Skrivare, F\u00e4rgpatroner, Mobiltelefoner\" \/>\n<meta property=\"article:modified_time\" content=\"2026-05-01T16:11:28+00:00\" \/>\n<meta property=\"og:image\" content=\"https:\/\/www.heddata.se\/webbutik\/wp-content\/uploads\/webbutik\/kategorier\/kablar-adaptrar\/tp-65v.jpg\" \/>\n\t<meta property=\"og:image:width\" content=\"500\" \/>\n\t<meta property=\"og:image:height\" content=\"457\" \/>\n\t<meta property=\"og:image:type\" content=\"image\/jpeg\" \/>\n<meta name=\"twitter:card\" content=\"summary_large_image\" \/>\n<script type=\"application\/ld+json\" class=\"yoast-schema-graph\">{\"@context\":\"https:\/\/schema.org\",\"@graph\":[{\"@type\":\"WebPage\",\"@id\":\"https:\/\/www.heddata.se\/webbutik\/produkt\/natverkskabel-tp-67v-u-utp-cat6-patchkabel-7m\/\",\"url\":\"https:\/\/www.heddata.se\/webbutik\/produkt\/natverkskabel-tp-67v-u-utp-cat6-patchkabel-7m\/\",\"name\":\"N\u00e4tverkskabel TP-67V U\/UTP Cat6 patchkabel 7m\",\"isPartOf\":{\"@id\":\"https:\/\/www.heddata.se\/webbutik\/#website\"},\"primaryImageOfPage\":{\"@id\":\"https:\/\/www.heddata.se\/webbutik\/produkt\/natverkskabel-tp-67v-u-utp-cat6-patchkabel-7m\/#primaryimage\"},\"image\":{\"@id\":\"https:\/\/www.heddata.se\/webbutik\/produkt\/natverkskabel-tp-67v-u-utp-cat6-patchkabel-7m\/#primaryimage\"},\"thumbnailUrl\":\"https:\/\/www.heddata.se\/webbutik\/wp-content\/uploads\/webbutik\/kategorier\/kablar-adaptrar\/tp-65v.jpg\",\"datePublished\":\"2020-08-07T08:18:24+00:00\",\"dateModified\":\"2026-05-01T16:11:28+00:00\",\"description\":\"N\u00e4tverkskabel TP-67V U\/UTP Cat6 patchkabel 7m N\u00e4tverkskabel med gjutna RJ45-kontakter. Eftersom det \u00e4r en Cat6-kabel har den ett plastkors\",\"breadcrumb\":{\"@id\":\"https:\/\/www.heddata.se\/webbutik\/produkt\/natverkskabel-tp-67v-u-utp-cat6-patchkabel-7m\/#breadcrumb\"},\"inLanguage\":\"sv-SE\",\"potentialAction\":[{\"@type\":\"ReadAction\",\"target\":[\"https:\/\/www.heddata.se\/webbutik\/produkt\/natverkskabel-tp-67v-u-utp-cat6-patchkabel-7m\/\"]}]},{\"@type\":\"ImageObject\",\"inLanguage\":\"sv-SE\",\"@id\":\"https:\/\/www.heddata.se\/webbutik\/produkt\/natverkskabel-tp-67v-u-utp-cat6-patchkabel-7m\/#primaryimage\",\"url\":\"https:\/\/www.heddata.se\/webbutik\/wp-content\/uploads\/webbutik\/kategorier\/kablar-adaptrar\/tp-65v.jpg\",\"contentUrl\":\"https:\/\/www.heddata.se\/webbutik\/wp-content\/uploads\/webbutik\/kategorier\/kablar-adaptrar\/tp-65v.jpg\",\"width\":500,\"height\":457,\"caption\":\"N\u00e4tverkskabel TP-67V U\/UTP Cat6\"},{\"@type\":\"BreadcrumbList\",\"@id\":\"https:\/\/www.heddata.se\/webbutik\/produkt\/natverkskabel-tp-67v-u-utp-cat6-patchkabel-7m\/#breadcrumb\",\"itemListElement\":[{\"@type\":\"ListItem\",\"position\":1,\"name\":\"Hem\",\"item\":\"https:\/\/www.heddata.se\/webbutik\/\"},{\"@type\":\"ListItem\",\"position\":2,\"name\":\"Produkter\",\"item\":\"https:\/\/www.heddata.se\/webbutik\/shop\/\"},{\"@type\":\"ListItem\",\"position\":3,\"name\":\"N\u00e4tverkskabel TP-67V U\/UTP Cat6 patchkabel 7m\"}]},{\"@type\":\"WebSite\",\"@id\":\"https:\/\/www.heddata.se\/webbutik\/#website\",\"url\":\"https:\/\/www.heddata.se\/webbutik\/\",\"name\":\"Datorer, Skrivare, F\u00e4rgpatroner, Mobiltelefoner\",\"description\":\"Kablar\",\"publisher\":{\"@id\":\"https:\/\/www.heddata.se\/webbutik\/#organization\"},\"potentialAction\":[{\"@type\":\"SearchAction\",\"target\":{\"@type\":\"EntryPoint\",\"urlTemplate\":\"https:\/\/www.heddata.se\/webbutik\/?s={search_term_string}\"},\"query-input\":{\"@type\":\"PropertyValueSpecification\",\"valueRequired\":true,\"valueName\":\"search_term_string\"}}],\"inLanguage\":\"sv-SE\"},{\"@type\":\"Organization\",\"@id\":\"https:\/\/www.heddata.se\/webbutik\/#organization\",\"name\":\"Heddata AB\",\"url\":\"https:\/\/www.heddata.se\/webbutik\/\",\"logo\":{\"@type\":\"ImageObject\",\"inLanguage\":\"sv-SE\",\"@id\":\"https:\/\/www.heddata.se\/webbutik\/#\/schema\/logo\/image\/\",\"url\":\"https:\/\/www.heddata.se\/webbutik\/wp-content\/uploads\/logga\/heddata-ab-logga.png\",\"contentUrl\":\"https:\/\/www.heddata.se\/webbutik\/wp-content\/uploads\/logga\/heddata-ab-logga.png\",\"width\":200,\"height\":64,\"caption\":\"Heddata AB\"},\"image\":{\"@id\":\"https:\/\/www.heddata.se\/webbutik\/#\/schema\/logo\/image\/\"}}]}<\/script>\n<!-- \/ Yoast SEO Premium plugin. -->","yoast_head_json":{"title":"N\u00e4tverkskabel TP-67V U\/UTP Cat6 patchkabel 7m","description":"N\u00e4tverkskabel TP-67V U\/UTP Cat6 patchkabel 7m N\u00e4tverkskabel med gjutna RJ45-kontakter. Eftersom det \u00e4r en Cat6-kabel har den ett plastkors","robots":{"index":"index","follow":"follow","max-snippet":"max-snippet:-1","max-image-preview":"max-image-preview:large","max-video-preview":"max-video-preview:-1"},"canonical":"https:\/\/www.heddata.se\/webbutik\/produkt\/natverkskabel-tp-67v-u-utp-cat6-patchkabel-7m\/","og_locale":"sv_SE","og_type":"article","og_title":"N\u00e4tverkskabel TP-67V U\/UTP Cat6 patchkabel 7m","og_description":"N\u00e4tverkskabel TP-67V U\/UTP Cat6 patchkabel 7m N\u00e4tverkskabel med gjutna RJ45-kontakter. Eftersom det \u00e4r en Cat6-kabel har den ett plastkors","og_url":"https:\/\/www.heddata.se\/webbutik\/produkt\/natverkskabel-tp-67v-u-utp-cat6-patchkabel-7m\/","og_site_name":"Datorer, Skrivare, F\u00e4rgpatroner, Mobiltelefoner","article_modified_time":"2026-05-01T16:11:28+00:00","og_image":[{"width":500,"height":457,"url":"https:\/\/www.heddata.se\/webbutik\/wp-content\/uploads\/webbutik\/kategorier\/kablar-adaptrar\/tp-65v.jpg","type":"image\/jpeg"}],"twitter_card":"summary_large_image","schema":{"@context":"https:\/\/schema.org","@graph":[{"@type":"WebPage","@id":"https:\/\/www.heddata.se\/webbutik\/produkt\/natverkskabel-tp-67v-u-utp-cat6-patchkabel-7m\/","url":"https:\/\/www.heddata.se\/webbutik\/produkt\/natverkskabel-tp-67v-u-utp-cat6-patchkabel-7m\/","name":"N\u00e4tverkskabel TP-67V U\/UTP Cat6 patchkabel 7m","isPartOf":{"@id":"https:\/\/www.heddata.se\/webbutik\/#website"},"primaryImageOfPage":{"@id":"https:\/\/www.heddata.se\/webbutik\/produkt\/natverkskabel-tp-67v-u-utp-cat6-patchkabel-7m\/#primaryimage"},"image":{"@id":"https:\/\/www.heddata.se\/webbutik\/produkt\/natverkskabel-tp-67v-u-utp-cat6-patchkabel-7m\/#primaryimage"},"thumbnailUrl":"https:\/\/www.heddata.se\/webbutik\/wp-content\/uploads\/webbutik\/kategorier\/kablar-adaptrar\/tp-65v.jpg","datePublished":"2020-08-07T08:18:24+00:00","dateModified":"2026-05-01T16:11:28+00:00","description":"N\u00e4tverkskabel TP-67V U\/UTP Cat6 patchkabel 7m N\u00e4tverkskabel med gjutna RJ45-kontakter. Eftersom det \u00e4r en Cat6-kabel har den ett plastkors","breadcrumb":{"@id":"https:\/\/www.heddata.se\/webbutik\/produkt\/natverkskabel-tp-67v-u-utp-cat6-patchkabel-7m\/#breadcrumb"},"inLanguage":"sv-SE","potentialAction":[{"@type":"ReadAction","target":["https:\/\/www.heddata.se\/webbutik\/produkt\/natverkskabel-tp-67v-u-utp-cat6-patchkabel-7m\/"]}]},{"@type":"ImageObject","inLanguage":"sv-SE","@id":"https:\/\/www.heddata.se\/webbutik\/produkt\/natverkskabel-tp-67v-u-utp-cat6-patchkabel-7m\/#primaryimage","url":"https:\/\/www.heddata.se\/webbutik\/wp-content\/uploads\/webbutik\/kategorier\/kablar-adaptrar\/tp-65v.jpg","contentUrl":"https:\/\/www.heddata.se\/webbutik\/wp-content\/uploads\/webbutik\/kategorier\/kablar-adaptrar\/tp-65v.jpg","width":500,"height":457,"caption":"N\u00e4tverkskabel TP-67V U\/UTP Cat6"},{"@type":"BreadcrumbList","@id":"https:\/\/www.heddata.se\/webbutik\/produkt\/natverkskabel-tp-67v-u-utp-cat6-patchkabel-7m\/#breadcrumb","itemListElement":[{"@type":"ListItem","position":1,"name":"Hem","item":"https:\/\/www.heddata.se\/webbutik\/"},{"@type":"ListItem","position":2,"name":"Produkter","item":"https:\/\/www.heddata.se\/webbutik\/shop\/"},{"@type":"ListItem","position":3,"name":"N\u00e4tverkskabel TP-67V U\/UTP Cat6 patchkabel 7m"}]},{"@type":"WebSite","@id":"https:\/\/www.heddata.se\/webbutik\/#website","url":"https:\/\/www.heddata.se\/webbutik\/","name":"Datorer, Skrivare, F\u00e4rgpatroner, Mobiltelefoner","description":"Kablar","publisher":{"@id":"https:\/\/www.heddata.se\/webbutik\/#organization"},"potentialAction":[{"@type":"SearchAction","target":{"@type":"EntryPoint","urlTemplate":"https:\/\/www.heddata.se\/webbutik\/?s={search_term_string}"},"query-input":{"@type":"PropertyValueSpecification","valueRequired":true,"valueName":"search_term_string"}}],"inLanguage":"sv-SE"},{"@type":"Organization","@id":"https:\/\/www.heddata.se\/webbutik\/#organization","name":"Heddata AB","url":"https:\/\/www.heddata.se\/webbutik\/","logo":{"@type":"ImageObject","inLanguage":"sv-SE","@id":"https:\/\/www.heddata.se\/webbutik\/#\/schema\/logo\/image\/","url":"https:\/\/www.heddata.se\/webbutik\/wp-content\/uploads\/logga\/heddata-ab-logga.png","contentUrl":"https:\/\/www.heddata.se\/webbutik\/wp-content\/uploads\/logga\/heddata-ab-logga.png","width":200,"height":64,"caption":"Heddata AB"},"image":{"@id":"https:\/\/www.heddata.se\/webbutik\/#\/schema\/logo\/image\/"}}]}},"_links":{"self":[{"href":"https:\/\/www.heddata.se\/webbutik\/wp-json\/wp\/v2\/product\/89964","targetHints":{"allow":["GET"]}}],"collection":[{"href":"https:\/\/www.heddata.se\/webbutik\/wp-json\/wp\/v2\/product"}],"about":[{"href":"https:\/\/www.heddata.se\/webbutik\/wp-json\/wp\/v2\/types\/product"}],"wp:featuredmedia":[{"embeddable":true,"href":"https:\/\/www.heddata.se\/webbutik\/wp-json\/wp\/v2\/media\/89969"}],"wp:attachment":[{"href":"https:\/\/www.heddata.se\/webbutik\/wp-json\/wp\/v2\/media?parent=89964"}],"wp:term":[{"taxonomy":"product_brand","embeddable":true,"href":"https:\/\/www.heddata.se\/webbutik\/wp-json\/wp\/v2\/product_brand?post=89964"},{"taxonomy":"product_cat","embeddable":true,"href":"https:\/\/www.heddata.se\/webbutik\/wp-json\/wp\/v2\/product_cat?post=89964"},{"taxonomy":"product_tag","embeddable":true,"href":"https:\/\/www.heddata.se\/webbutik\/wp-json\/wp\/v2\/product_tag?post=89964"}],"curies":[{"name":"wp","href":"https:\/\/api.w.org\/{rel}","templated":true}]}}