{"id":89802,"date":"2020-07-21T16:18:25","date_gmt":"2020-07-21T14:18:25","guid":{"rendered":"https:\/\/www.heddata.se\/webbutik\/?post_type=product&#038;p=89802"},"modified":"2026-04-10T12:09:47","modified_gmt":"2026-04-10T10:09:47","slug":"horlurar-med-sladd-on-ear-vikbar-1-2-m-rund-kabel-svart","status":"publish","type":"product","link":"https:\/\/www.heddata.se\/webbutik\/produkt\/horlurar-med-sladd-on-ear-vikbar-1-2-m-rund-kabel-svart\/","title":{"rendered":"H\u00f6rlurar med sladd On-ear Vikbar 1.2 m rund Kabel Svart"},"content":{"rendered":"<p>H\u00f6rlurar med sladd On-ear Vikbar 1.2 m rund Kabel Svart<\/p>\n<div class=\"description\">\n<div class=\"d-flex flex-column\">\n<div class=\"position-relative\">\n<div class=\"\">\n<p class=\"p-0 m-0\">H\u00e4nge dig \u00e5t dina favoritl\u00e5tar med <a href=\"https:\/\/www.heddata.se\/webbutik\/horlurar-headset\/\">h\u00f6rlurar<\/a> som speglar din personliga stil. De h\u00e4r <a href=\"https:\/\/nedis.se\/sv-se\" target=\"_blank\" rel=\"noopener noreferrer\">Nedis\u00ae-h\u00f6rlurarna<\/a> finns i flera snygga f\u00e4rger, s\u00e5 v\u00e4lj en som passar din smak. De har \u00e4ven klar ljud\u00e5tergivning, djup bas och en bekv\u00e4m, l\u00e4tt design f\u00f6r en garanterat unik musikupplevelse!<\/p>\n<\/div>\n<\/div>\n<\/div>\n<\/div>\n<h4 class=\"mt-3\"><strong class=\"d-block\">Features<\/strong><\/h4>\n<p class=\"m-0\">Inbyggd mikrofon &#8211; f\u00f6r handsfreesamtal<br \/>\nL\u00e4tt on-ear-design f\u00f6r l\u00e5ngvarig anv\u00e4ndning<br \/>\nVikbara, enkla att f\u00f6rvara<br \/>\n40 mm drivenheter ger klart ljud och djup bas<br \/>\nFinns i en rad snygga f\u00e4rger<\/p>\n<div id=\"package-contents\">\n<div class=\"border-top-md-down py-4 py-md-0\">\n<h4 id=\"package-contents\">Paketet inneh\u00e5ller<\/h4>\n<p>1x h\u00f6rlurar<\/p>\n<\/div>\n<\/div>\n<div id=\"information\"><span style=\"font-size: 14.4px\">H\u00f6rlurar med sladd On-ear produktspecifikationer<\/span><\/div>\n<div><\/div>\n<div class=\"border-top-md-down py-4 py-md-0\">\n<table class=\"table table-dashed-border\">\n<tbody>\n<tr>\n<th scope=\"row\">F\u00e4rg<\/th>\n<td>Svart<\/td>\n<\/tr>\n<tr>\n<th scope=\"row\">Material<\/th>\n<td>ABS<\/td>\n<\/tr>\n<tr>\n<th scope=\"row\">Sladdl\u00e4ngd<\/th>\n<td>1.2 m<\/td>\n<\/tr>\n<tr>\n<th scope=\"row\">Frekvensg\u00e5ng<\/th>\n<td>20 Hz&#8230;20 kHz (\u00b13 dB)<\/td>\n<\/tr>\n<tr>\n<th scope=\"row\">H\u00f6rlurstyp<\/th>\n<td>On-Ear<\/td>\n<\/tr>\n<tr>\n<th scope=\"row\">True Wireless Stereo (TWS)<\/th>\n<td>Nej<\/td>\n<\/tr>\n<tr>\n<th scope=\"row\">Driver Storlek<\/th>\n<td>40 mm<\/td>\n<\/tr>\n<tr>\n<th scope=\"row\">Impedans<\/th>\n<td>32 Ohm<\/td>\n<\/tr>\n<tr>\n<th scope=\"row\">brusreducerande<\/th>\n<td>No<\/td>\n<\/tr>\n<tr>\n<th scope=\"row\">K\u00e4nslighet<\/th>\n<td>99 dB<\/td>\n<\/tr>\n<tr>\n<th scope=\"row\">Anslutning<\/th>\n<td>3.5 mm<\/td>\n<\/tr>\n<\/tbody>\n<\/table>\n<\/div>\n","protected":false},"excerpt":{"rendered":"<p>H\u00f6rlurar med sladd On-ear Vikbar 1.2 m rund Kabel Svart<\/p>\n","protected":false},"featured_media":89877,"template":"","meta":[],"product_brand":[],"product_cat":[126,8997,119],"product_tag":[],"class_list":{"0":"post-89802","1":"product","2":"type-product","3":"status-publish","4":"has-post-thumbnail","6":"product_cat-headset-horlurar-med-mikrofon","7":"product_cat-headset-och-horlurar-med-sladd","8":"product_cat-horlurar-headset","10":"first","11":"outofstock","12":"taxable","13":"shipping-taxable","14":"purchasable","15":"product-type-simple"},"yoast_head":"<!-- This site is optimized with the Yoast SEO Premium plugin v26.7 (Yoast SEO v26.7) - https:\/\/yoast.com\/wordpress\/plugins\/seo\/ -->\n<title>H\u00f6rlurar med sladd On-ear Vikbar 1.2 m rund Kabel Svart<\/title>\n<meta name=\"description\" content=\"H\u00f6rlurar med sladd On-ear Vikbar 1.2 m rund Kabel Svart. H\u00e4nge dig \u00e5t dina favoritl\u00e5tar med h\u00f6rlurar som speglar din personliga stil.\" \/>\n<meta name=\"robots\" content=\"index, follow, max-snippet:-1, max-image-preview:large, max-video-preview:-1\" \/>\n<link rel=\"canonical\" href=\"https:\/\/www.heddata.se\/webbutik\/produkt\/horlurar-med-sladd-on-ear-vikbar-1-2-m-rund-kabel-svart\/\" \/>\n<meta property=\"og:locale\" content=\"sv_SE\" \/>\n<meta property=\"og:type\" content=\"article\" \/>\n<meta property=\"og:title\" content=\"H\u00f6rlurar med sladd On-ear Vikbar 1.2 m rund Kabel Svart\" \/>\n<meta property=\"og:description\" content=\"H\u00f6rlurar med sladd On-ear Vikbar 1.2 m rund Kabel Svart. H\u00e4nge dig \u00e5t dina favoritl\u00e5tar med h\u00f6rlurar som speglar din personliga stil.\" \/>\n<meta property=\"og:url\" content=\"https:\/\/www.heddata.se\/webbutik\/produkt\/horlurar-med-sladd-on-ear-vikbar-1-2-m-rund-kabel-svart\/\" \/>\n<meta property=\"og:site_name\" content=\"Datorer, Skrivare, F\u00e4rgpatroner, Mobiltelefoner\" \/>\n<meta property=\"article:modified_time\" content=\"2026-04-10T10:09:47+00:00\" \/>\n<meta property=\"og:image\" content=\"https:\/\/www.heddata.se\/webbutik\/wp-content\/uploads\/webbutik\/kategorier\/horlurar\/hpwd1100bk.jpeg\" \/>\n\t<meta property=\"og:image:width\" content=\"1200\" \/>\n\t<meta property=\"og:image:height\" content=\"1200\" \/>\n\t<meta property=\"og:image:type\" content=\"image\/jpeg\" \/>\n<meta name=\"twitter:card\" content=\"summary_large_image\" \/>\n<meta name=\"twitter:label1\" content=\"Ber\u00e4knad l\u00e4stid\" \/>\n\t<meta name=\"twitter:data1\" content=\"1 minut\" \/>\n<script type=\"application\/ld+json\" class=\"yoast-schema-graph\">{\"@context\":\"https:\/\/schema.org\",\"@graph\":[{\"@type\":\"WebPage\",\"@id\":\"https:\/\/www.heddata.se\/webbutik\/produkt\/horlurar-med-sladd-on-ear-vikbar-1-2-m-rund-kabel-svart\/\",\"url\":\"https:\/\/www.heddata.se\/webbutik\/produkt\/horlurar-med-sladd-on-ear-vikbar-1-2-m-rund-kabel-svart\/\",\"name\":\"H\u00f6rlurar med sladd On-ear Vikbar 1.2 m rund Kabel Svart\",\"isPartOf\":{\"@id\":\"https:\/\/www.heddata.se\/webbutik\/#website\"},\"primaryImageOfPage\":{\"@id\":\"https:\/\/www.heddata.se\/webbutik\/produkt\/horlurar-med-sladd-on-ear-vikbar-1-2-m-rund-kabel-svart\/#primaryimage\"},\"image\":{\"@id\":\"https:\/\/www.heddata.se\/webbutik\/produkt\/horlurar-med-sladd-on-ear-vikbar-1-2-m-rund-kabel-svart\/#primaryimage\"},\"thumbnailUrl\":\"https:\/\/www.heddata.se\/webbutik\/wp-content\/uploads\/webbutik\/kategorier\/horlurar\/hpwd1100bk.jpeg\",\"datePublished\":\"2020-07-21T14:18:25+00:00\",\"dateModified\":\"2026-04-10T10:09:47+00:00\",\"description\":\"H\u00f6rlurar med sladd On-ear Vikbar 1.2 m rund Kabel Svart. H\u00e4nge dig \u00e5t dina favoritl\u00e5tar med h\u00f6rlurar som speglar din personliga stil.\",\"breadcrumb\":{\"@id\":\"https:\/\/www.heddata.se\/webbutik\/produkt\/horlurar-med-sladd-on-ear-vikbar-1-2-m-rund-kabel-svart\/#breadcrumb\"},\"inLanguage\":\"sv-SE\",\"potentialAction\":[{\"@type\":\"ReadAction\",\"target\":[\"https:\/\/www.heddata.se\/webbutik\/produkt\/horlurar-med-sladd-on-ear-vikbar-1-2-m-rund-kabel-svart\/\"]}]},{\"@type\":\"ImageObject\",\"inLanguage\":\"sv-SE\",\"@id\":\"https:\/\/www.heddata.se\/webbutik\/produkt\/horlurar-med-sladd-on-ear-vikbar-1-2-m-rund-kabel-svart\/#primaryimage\",\"url\":\"https:\/\/www.heddata.se\/webbutik\/wp-content\/uploads\/webbutik\/kategorier\/horlurar\/hpwd1100bk.jpeg\",\"contentUrl\":\"https:\/\/www.heddata.se\/webbutik\/wp-content\/uploads\/webbutik\/kategorier\/horlurar\/hpwd1100bk.jpeg\",\"width\":1200,\"height\":1200,\"caption\":\"H\u00f6rlurar med sladd On-ear\"},{\"@type\":\"BreadcrumbList\",\"@id\":\"https:\/\/www.heddata.se\/webbutik\/produkt\/horlurar-med-sladd-on-ear-vikbar-1-2-m-rund-kabel-svart\/#breadcrumb\",\"itemListElement\":[{\"@type\":\"ListItem\",\"position\":1,\"name\":\"Hem\",\"item\":\"https:\/\/www.heddata.se\/webbutik\/\"},{\"@type\":\"ListItem\",\"position\":2,\"name\":\"Produkter\",\"item\":\"https:\/\/www.heddata.se\/webbutik\/shop\/\"},{\"@type\":\"ListItem\",\"position\":3,\"name\":\"H\u00f6rlurar med sladd On-ear Vikbar 1.2 m rund Kabel Svart\"}]},{\"@type\":\"WebSite\",\"@id\":\"https:\/\/www.heddata.se\/webbutik\/#website\",\"url\":\"https:\/\/www.heddata.se\/webbutik\/\",\"name\":\"Datorer, Skrivare, F\u00e4rgpatroner, Mobiltelefoner\",\"description\":\"Kablar\",\"publisher\":{\"@id\":\"https:\/\/www.heddata.se\/webbutik\/#organization\"},\"potentialAction\":[{\"@type\":\"SearchAction\",\"target\":{\"@type\":\"EntryPoint\",\"urlTemplate\":\"https:\/\/www.heddata.se\/webbutik\/?s={search_term_string}\"},\"query-input\":{\"@type\":\"PropertyValueSpecification\",\"valueRequired\":true,\"valueName\":\"search_term_string\"}}],\"inLanguage\":\"sv-SE\"},{\"@type\":\"Organization\",\"@id\":\"https:\/\/www.heddata.se\/webbutik\/#organization\",\"name\":\"Heddata AB\",\"url\":\"https:\/\/www.heddata.se\/webbutik\/\",\"logo\":{\"@type\":\"ImageObject\",\"inLanguage\":\"sv-SE\",\"@id\":\"https:\/\/www.heddata.se\/webbutik\/#\/schema\/logo\/image\/\",\"url\":\"https:\/\/www.heddata.se\/webbutik\/wp-content\/uploads\/logga\/heddata-ab-logga.png\",\"contentUrl\":\"https:\/\/www.heddata.se\/webbutik\/wp-content\/uploads\/logga\/heddata-ab-logga.png\",\"width\":200,\"height\":64,\"caption\":\"Heddata AB\"},\"image\":{\"@id\":\"https:\/\/www.heddata.se\/webbutik\/#\/schema\/logo\/image\/\"}}]}<\/script>\n<!-- \/ Yoast SEO Premium plugin. -->","yoast_head_json":{"title":"H\u00f6rlurar med sladd On-ear Vikbar 1.2 m rund Kabel Svart","description":"H\u00f6rlurar med sladd On-ear Vikbar 1.2 m rund Kabel Svart. H\u00e4nge dig \u00e5t dina favoritl\u00e5tar med h\u00f6rlurar som speglar din personliga stil.","robots":{"index":"index","follow":"follow","max-snippet":"max-snippet:-1","max-image-preview":"max-image-preview:large","max-video-preview":"max-video-preview:-1"},"canonical":"https:\/\/www.heddata.se\/webbutik\/produkt\/horlurar-med-sladd-on-ear-vikbar-1-2-m-rund-kabel-svart\/","og_locale":"sv_SE","og_type":"article","og_title":"H\u00f6rlurar med sladd On-ear Vikbar 1.2 m rund Kabel Svart","og_description":"H\u00f6rlurar med sladd On-ear Vikbar 1.2 m rund Kabel Svart. H\u00e4nge dig \u00e5t dina favoritl\u00e5tar med h\u00f6rlurar som speglar din personliga stil.","og_url":"https:\/\/www.heddata.se\/webbutik\/produkt\/horlurar-med-sladd-on-ear-vikbar-1-2-m-rund-kabel-svart\/","og_site_name":"Datorer, Skrivare, F\u00e4rgpatroner, Mobiltelefoner","article_modified_time":"2026-04-10T10:09:47+00:00","og_image":[{"width":1200,"height":1200,"url":"https:\/\/www.heddata.se\/webbutik\/wp-content\/uploads\/webbutik\/kategorier\/horlurar\/hpwd1100bk.jpeg","type":"image\/jpeg"}],"twitter_card":"summary_large_image","twitter_misc":{"Ber\u00e4knad l\u00e4stid":"1 minut"},"schema":{"@context":"https:\/\/schema.org","@graph":[{"@type":"WebPage","@id":"https:\/\/www.heddata.se\/webbutik\/produkt\/horlurar-med-sladd-on-ear-vikbar-1-2-m-rund-kabel-svart\/","url":"https:\/\/www.heddata.se\/webbutik\/produkt\/horlurar-med-sladd-on-ear-vikbar-1-2-m-rund-kabel-svart\/","name":"H\u00f6rlurar med sladd On-ear Vikbar 1.2 m rund Kabel Svart","isPartOf":{"@id":"https:\/\/www.heddata.se\/webbutik\/#website"},"primaryImageOfPage":{"@id":"https:\/\/www.heddata.se\/webbutik\/produkt\/horlurar-med-sladd-on-ear-vikbar-1-2-m-rund-kabel-svart\/#primaryimage"},"image":{"@id":"https:\/\/www.heddata.se\/webbutik\/produkt\/horlurar-med-sladd-on-ear-vikbar-1-2-m-rund-kabel-svart\/#primaryimage"},"thumbnailUrl":"https:\/\/www.heddata.se\/webbutik\/wp-content\/uploads\/webbutik\/kategorier\/horlurar\/hpwd1100bk.jpeg","datePublished":"2020-07-21T14:18:25+00:00","dateModified":"2026-04-10T10:09:47+00:00","description":"H\u00f6rlurar med sladd On-ear Vikbar 1.2 m rund Kabel Svart. H\u00e4nge dig \u00e5t dina favoritl\u00e5tar med h\u00f6rlurar som speglar din personliga stil.","breadcrumb":{"@id":"https:\/\/www.heddata.se\/webbutik\/produkt\/horlurar-med-sladd-on-ear-vikbar-1-2-m-rund-kabel-svart\/#breadcrumb"},"inLanguage":"sv-SE","potentialAction":[{"@type":"ReadAction","target":["https:\/\/www.heddata.se\/webbutik\/produkt\/horlurar-med-sladd-on-ear-vikbar-1-2-m-rund-kabel-svart\/"]}]},{"@type":"ImageObject","inLanguage":"sv-SE","@id":"https:\/\/www.heddata.se\/webbutik\/produkt\/horlurar-med-sladd-on-ear-vikbar-1-2-m-rund-kabel-svart\/#primaryimage","url":"https:\/\/www.heddata.se\/webbutik\/wp-content\/uploads\/webbutik\/kategorier\/horlurar\/hpwd1100bk.jpeg","contentUrl":"https:\/\/www.heddata.se\/webbutik\/wp-content\/uploads\/webbutik\/kategorier\/horlurar\/hpwd1100bk.jpeg","width":1200,"height":1200,"caption":"H\u00f6rlurar med sladd On-ear"},{"@type":"BreadcrumbList","@id":"https:\/\/www.heddata.se\/webbutik\/produkt\/horlurar-med-sladd-on-ear-vikbar-1-2-m-rund-kabel-svart\/#breadcrumb","itemListElement":[{"@type":"ListItem","position":1,"name":"Hem","item":"https:\/\/www.heddata.se\/webbutik\/"},{"@type":"ListItem","position":2,"name":"Produkter","item":"https:\/\/www.heddata.se\/webbutik\/shop\/"},{"@type":"ListItem","position":3,"name":"H\u00f6rlurar med sladd On-ear Vikbar 1.2 m rund Kabel Svart"}]},{"@type":"WebSite","@id":"https:\/\/www.heddata.se\/webbutik\/#website","url":"https:\/\/www.heddata.se\/webbutik\/","name":"Datorer, Skrivare, F\u00e4rgpatroner, Mobiltelefoner","description":"Kablar","publisher":{"@id":"https:\/\/www.heddata.se\/webbutik\/#organization"},"potentialAction":[{"@type":"SearchAction","target":{"@type":"EntryPoint","urlTemplate":"https:\/\/www.heddata.se\/webbutik\/?s={search_term_string}"},"query-input":{"@type":"PropertyValueSpecification","valueRequired":true,"valueName":"search_term_string"}}],"inLanguage":"sv-SE"},{"@type":"Organization","@id":"https:\/\/www.heddata.se\/webbutik\/#organization","name":"Heddata AB","url":"https:\/\/www.heddata.se\/webbutik\/","logo":{"@type":"ImageObject","inLanguage":"sv-SE","@id":"https:\/\/www.heddata.se\/webbutik\/#\/schema\/logo\/image\/","url":"https:\/\/www.heddata.se\/webbutik\/wp-content\/uploads\/logga\/heddata-ab-logga.png","contentUrl":"https:\/\/www.heddata.se\/webbutik\/wp-content\/uploads\/logga\/heddata-ab-logga.png","width":200,"height":64,"caption":"Heddata AB"},"image":{"@id":"https:\/\/www.heddata.se\/webbutik\/#\/schema\/logo\/image\/"}}]}},"_links":{"self":[{"href":"https:\/\/www.heddata.se\/webbutik\/wp-json\/wp\/v2\/product\/89802","targetHints":{"allow":["GET"]}}],"collection":[{"href":"https:\/\/www.heddata.se\/webbutik\/wp-json\/wp\/v2\/product"}],"about":[{"href":"https:\/\/www.heddata.se\/webbutik\/wp-json\/wp\/v2\/types\/product"}],"wp:featuredmedia":[{"embeddable":true,"href":"https:\/\/www.heddata.se\/webbutik\/wp-json\/wp\/v2\/media\/89877"}],"wp:attachment":[{"href":"https:\/\/www.heddata.se\/webbutik\/wp-json\/wp\/v2\/media?parent=89802"}],"wp:term":[{"taxonomy":"product_brand","embeddable":true,"href":"https:\/\/www.heddata.se\/webbutik\/wp-json\/wp\/v2\/product_brand?post=89802"},{"taxonomy":"product_cat","embeddable":true,"href":"https:\/\/www.heddata.se\/webbutik\/wp-json\/wp\/v2\/product_cat?post=89802"},{"taxonomy":"product_tag","embeddable":true,"href":"https:\/\/www.heddata.se\/webbutik\/wp-json\/wp\/v2\/product_tag?post=89802"}],"curies":[{"name":"wp","href":"https:\/\/api.w.org\/{rel}","templated":true}]}}