{"id":89799,"date":"2020-07-21T14:18:31","date_gmt":"2020-07-21T12:18:31","guid":{"rendered":"https:\/\/www.heddata.se\/webbutik\/?post_type=product&#038;p=89799"},"modified":"2026-04-06T18:10:17","modified_gmt":"2026-04-06T16:10:17","slug":"fm-radio-1-5w-varldsmottagare-larmfunktion-gra","status":"publish","type":"product","link":"https:\/\/www.heddata.se\/webbutik\/produkt\/fm-radio-1-5w-varldsmottagare-larmfunktion-gra\/","title":{"rendered":"FM-radio 1.5W V\u00e4rldsmottagare Larmfunktion Gr\u00e5"},"content":{"rendered":"<p>FM-radio 1.5W V\u00e4rldsmottagare Larmfunktion Gr\u00e5<\/p>\n<div class=\"description\">\n<div class=\"d-flex flex-column\">\n<div class=\"position-relative\">\n<div class=\"\">\n<p class=\"p-0 m-0\">Resemottagare med v\u00e4ckarklocka s\u00e5 att du kan lyssna p\u00e5 radio var som helst. Den har en digital display, MW\/FM 2-bands radio och SW 1 &#8211; 7 band.<\/p>\n<\/div>\n<\/div>\n<\/div>\n<\/div>\n<h4 class=\"mt-3\"><strong class=\"d-block\">Features<\/strong><\/h4>\n<p class=\"m-0\">Kompakt konstruktion f\u00f6r resor<br \/>\nKlocka och <a href=\"https:\/\/www.heddata.se\/webbutik\/produkt\/philips-klockradio-aj3123-fm\/\">v\u00e4ckarklocka<\/a> f\u00f6r att se vilken tid det \u00e4r<\/p>\n<div id=\"package-contents\">\n<div class=\"border-top-md-down py-4 py-md-0\">\n<h4 id=\"package-contents\">Paketet inneh\u00e5ller<\/h4>\n<p>1x v\u00e4rldsmottagare<br \/>\ninstruktionsbok<\/p>\n<\/div>\n<\/div>\n<div id=\"information\">\n<div class=\"border-top-md-down py-4 py-md-0\">\n<h4 id=\"information\">FM-radio 1.5W V\u00e4rldsmottagare Larmfunktion Allm\u00e4n information<\/h4>\n<div class=\"description\">\n<div class=\"d-flex flex-column\">\n<div class=\"position-relative\">\n<div class=\"description-overflow\">\n<p class=\"p-0 m-0\">Frequency Range:FM: 87.5-108 MHz<br \/>\nMW: 530-1600 KHz<br \/>\nSW1: 2.3-7.3 KHz<br \/>\nSW2: 9.5-26.1 MHz<br \/>\nSpeaker:8 Ohm 0.5 W<br \/>\nPower Output:150 mW (RMS. Max.)<br \/>\nOutput jack:Earphone 32 ohm<br \/>\nPower consumption:2W<br \/>\nOut power (10% THD):120mW<br \/>\nPower source:3 AA size\/UM-3 batteries (DC 4.5V)<br \/>\nPLL radio:AM\/FM\/SW1-2 band<br \/>\nPLL tuning:20 Presets memory (10 AM, 10 FM)<br \/>\nSwivel telescopic antenna:Built-in antenna bar for AM<br \/>\nFunctions:Clock, alarm, hold, LED sound level indicator<br \/>\nDirect frequency key<br \/>\nRotary volume control<br \/>\nLED\/backlight display<br \/>\nExternal antenna (jack); headphone (jack); DC input (jack)<\/p>\n<\/div>\n<div class=\"position-absolute description-grad\"><\/div>\n<\/div>\n<div class=\"mt-3\"><button class=\"btn btn-outline-secondary py-1 px-3 d-flex align-items-center\">L\u00e4s mer<i class=\"fa fa-angle-down ml-2 font-size-1-4em\"><\/i><\/button><\/div>\n<\/div>\n<\/div>\n<\/div>\n<\/div>\n<div class=\"border-top-md-down py-4 py-md-0\">\n<h4 id=\"specifications\"><a href=\"https:\/\/nedis.se\/sv-se\" target=\"_blank\" rel=\"noopener noreferrer\">Produktspecifikationer<\/a><\/h4>\n<table class=\"table table-dashed-border\">\n<tbody>\n<tr>\n<th scope=\"row\">F\u00e4rg<\/th>\n<td>Gr\u00e5<\/td>\n<\/tr>\n<tr>\n<th scope=\"row\">Material<\/th>\n<td>Plastic<\/td>\n<\/tr>\n<tr>\n<th scope=\"row\">Anv\u00e4ndning<\/th>\n<td>B\u00e4rbar<\/td>\n<\/tr>\n<tr>\n<th scope=\"row\">Radioband<\/th>\n<td>FM<br \/>\nAM<br \/>\nSW<\/td>\n<\/tr>\n<tr>\n<th scope=\"row\">Egenskap<\/th>\n<td>V\u00e4ckarklocka<\/td>\n<\/tr>\n<tr>\n<th scope=\"row\">Batterityp<\/th>\n<td>2x AA\/LR6<\/td>\n<\/tr>\n<\/tbody>\n<\/table>\n<\/div>\n","protected":false},"excerpt":{"rendered":"<p>FM-radio 1.5W V\u00e4rldsmottagare Larmfunktion Gr\u00e5<\/p>\n","protected":false},"featured_media":89871,"template":"","meta":[],"product_brand":[],"product_cat":[60,81],"product_tag":[],"class_list":{"0":"post-89799","1":"product","2":"type-product","3":"status-publish","4":"has-post-thumbnail","6":"product_cat-hemelektronik","7":"product_cat-radio","9":"first","10":"instock","11":"taxable","12":"shipping-taxable","13":"purchasable","14":"product-type-simple"},"yoast_head":"<!-- This site is optimized with the Yoast SEO Premium plugin v26.7 (Yoast SEO v26.7) - https:\/\/yoast.com\/wordpress\/plugins\/seo\/ -->\n<title>FM-radio 1.5W V\u00e4rldsmottagare Larmfunktion Gr\u00e5 kompakt konstruktion<\/title>\n<meta name=\"description\" content=\"FM-radio 1.5W V\u00e4rldsmottagare Larmfunktion Gr\u00e5 Resemottagare med v\u00e4ckarklocka s\u00e5 att du kan lyssna p\u00e5 radio var som helst.\" \/>\n<meta name=\"robots\" content=\"index, follow, max-snippet:-1, max-image-preview:large, max-video-preview:-1\" \/>\n<link rel=\"canonical\" href=\"https:\/\/www.heddata.se\/webbutik\/produkt\/fm-radio-1-5w-varldsmottagare-larmfunktion-gra\/\" \/>\n<meta property=\"og:locale\" content=\"sv_SE\" \/>\n<meta property=\"og:type\" content=\"article\" \/>\n<meta property=\"og:title\" content=\"FM-radio 1.5W V\u00e4rldsmottagare Larmfunktion Gr\u00e5\" \/>\n<meta property=\"og:description\" content=\"FM-radio 1.5W V\u00e4rldsmottagare Larmfunktion Gr\u00e5 Resemottagare med v\u00e4ckarklocka s\u00e5 att du kan lyssna p\u00e5 radio var som helst.\" \/>\n<meta property=\"og:url\" content=\"https:\/\/www.heddata.se\/webbutik\/produkt\/fm-radio-1-5w-varldsmottagare-larmfunktion-gra\/\" \/>\n<meta property=\"og:site_name\" content=\"Datorer, Skrivare, F\u00e4rgpatroner, Mobiltelefoner\" \/>\n<meta property=\"article:modified_time\" content=\"2026-04-06T16:10:17+00:00\" \/>\n<meta property=\"og:image\" content=\"https:\/\/www.heddata.se\/webbutik\/wp-content\/uploads\/webbutik\/kategorier\/hemelektronik\/rdwr1000gy.jpeg\" \/>\n\t<meta property=\"og:image:width\" content=\"1200\" \/>\n\t<meta property=\"og:image:height\" content=\"1200\" \/>\n\t<meta property=\"og:image:type\" content=\"image\/jpeg\" \/>\n<meta name=\"twitter:card\" content=\"summary_large_image\" \/>\n<meta name=\"twitter:label1\" content=\"Ber\u00e4knad l\u00e4stid\" \/>\n\t<meta name=\"twitter:data1\" content=\"1 minut\" \/>\n<script type=\"application\/ld+json\" class=\"yoast-schema-graph\">{\"@context\":\"https:\/\/schema.org\",\"@graph\":[{\"@type\":\"WebPage\",\"@id\":\"https:\/\/www.heddata.se\/webbutik\/produkt\/fm-radio-1-5w-varldsmottagare-larmfunktion-gra\/\",\"url\":\"https:\/\/www.heddata.se\/webbutik\/produkt\/fm-radio-1-5w-varldsmottagare-larmfunktion-gra\/\",\"name\":\"FM-radio 1.5W V\u00e4rldsmottagare Larmfunktion Gr\u00e5 kompakt konstruktion\",\"isPartOf\":{\"@id\":\"https:\/\/www.heddata.se\/webbutik\/#website\"},\"primaryImageOfPage\":{\"@id\":\"https:\/\/www.heddata.se\/webbutik\/produkt\/fm-radio-1-5w-varldsmottagare-larmfunktion-gra\/#primaryimage\"},\"image\":{\"@id\":\"https:\/\/www.heddata.se\/webbutik\/produkt\/fm-radio-1-5w-varldsmottagare-larmfunktion-gra\/#primaryimage\"},\"thumbnailUrl\":\"https:\/\/www.heddata.se\/webbutik\/wp-content\/uploads\/webbutik\/kategorier\/hemelektronik\/rdwr1000gy.jpeg\",\"datePublished\":\"2020-07-21T12:18:31+00:00\",\"dateModified\":\"2026-04-06T16:10:17+00:00\",\"description\":\"FM-radio 1.5W V\u00e4rldsmottagare Larmfunktion Gr\u00e5 Resemottagare med v\u00e4ckarklocka s\u00e5 att du kan lyssna p\u00e5 radio var som helst.\",\"breadcrumb\":{\"@id\":\"https:\/\/www.heddata.se\/webbutik\/produkt\/fm-radio-1-5w-varldsmottagare-larmfunktion-gra\/#breadcrumb\"},\"inLanguage\":\"sv-SE\",\"potentialAction\":[{\"@type\":\"ReadAction\",\"target\":[\"https:\/\/www.heddata.se\/webbutik\/produkt\/fm-radio-1-5w-varldsmottagare-larmfunktion-gra\/\"]}]},{\"@type\":\"ImageObject\",\"inLanguage\":\"sv-SE\",\"@id\":\"https:\/\/www.heddata.se\/webbutik\/produkt\/fm-radio-1-5w-varldsmottagare-larmfunktion-gra\/#primaryimage\",\"url\":\"https:\/\/www.heddata.se\/webbutik\/wp-content\/uploads\/webbutik\/kategorier\/hemelektronik\/rdwr1000gy.jpeg\",\"contentUrl\":\"https:\/\/www.heddata.se\/webbutik\/wp-content\/uploads\/webbutik\/kategorier\/hemelektronik\/rdwr1000gy.jpeg\",\"width\":1200,\"height\":1200,\"caption\":\"FM-radio 1.5W V\u00e4rldsmottagare Larmfunktion\"},{\"@type\":\"BreadcrumbList\",\"@id\":\"https:\/\/www.heddata.se\/webbutik\/produkt\/fm-radio-1-5w-varldsmottagare-larmfunktion-gra\/#breadcrumb\",\"itemListElement\":[{\"@type\":\"ListItem\",\"position\":1,\"name\":\"Hem\",\"item\":\"https:\/\/www.heddata.se\/webbutik\/\"},{\"@type\":\"ListItem\",\"position\":2,\"name\":\"Produkter\",\"item\":\"https:\/\/www.heddata.se\/webbutik\/shop\/\"},{\"@type\":\"ListItem\",\"position\":3,\"name\":\"FM-radio 1.5W V\u00e4rldsmottagare Larmfunktion Gr\u00e5\"}]},{\"@type\":\"WebSite\",\"@id\":\"https:\/\/www.heddata.se\/webbutik\/#website\",\"url\":\"https:\/\/www.heddata.se\/webbutik\/\",\"name\":\"Datorer, Skrivare, F\u00e4rgpatroner, Mobiltelefoner\",\"description\":\"Kablar\",\"publisher\":{\"@id\":\"https:\/\/www.heddata.se\/webbutik\/#organization\"},\"potentialAction\":[{\"@type\":\"SearchAction\",\"target\":{\"@type\":\"EntryPoint\",\"urlTemplate\":\"https:\/\/www.heddata.se\/webbutik\/?s={search_term_string}\"},\"query-input\":{\"@type\":\"PropertyValueSpecification\",\"valueRequired\":true,\"valueName\":\"search_term_string\"}}],\"inLanguage\":\"sv-SE\"},{\"@type\":\"Organization\",\"@id\":\"https:\/\/www.heddata.se\/webbutik\/#organization\",\"name\":\"Heddata AB\",\"url\":\"https:\/\/www.heddata.se\/webbutik\/\",\"logo\":{\"@type\":\"ImageObject\",\"inLanguage\":\"sv-SE\",\"@id\":\"https:\/\/www.heddata.se\/webbutik\/#\/schema\/logo\/image\/\",\"url\":\"https:\/\/www.heddata.se\/webbutik\/wp-content\/uploads\/logga\/heddata-ab-logga.png\",\"contentUrl\":\"https:\/\/www.heddata.se\/webbutik\/wp-content\/uploads\/logga\/heddata-ab-logga.png\",\"width\":200,\"height\":64,\"caption\":\"Heddata AB\"},\"image\":{\"@id\":\"https:\/\/www.heddata.se\/webbutik\/#\/schema\/logo\/image\/\"}}]}<\/script>\n<!-- \/ Yoast SEO Premium plugin. -->","yoast_head_json":{"title":"FM-radio 1.5W V\u00e4rldsmottagare Larmfunktion Gr\u00e5 kompakt konstruktion","description":"FM-radio 1.5W V\u00e4rldsmottagare Larmfunktion Gr\u00e5 Resemottagare med v\u00e4ckarklocka s\u00e5 att du kan lyssna p\u00e5 radio var som helst.","robots":{"index":"index","follow":"follow","max-snippet":"max-snippet:-1","max-image-preview":"max-image-preview:large","max-video-preview":"max-video-preview:-1"},"canonical":"https:\/\/www.heddata.se\/webbutik\/produkt\/fm-radio-1-5w-varldsmottagare-larmfunktion-gra\/","og_locale":"sv_SE","og_type":"article","og_title":"FM-radio 1.5W V\u00e4rldsmottagare Larmfunktion Gr\u00e5","og_description":"FM-radio 1.5W V\u00e4rldsmottagare Larmfunktion Gr\u00e5 Resemottagare med v\u00e4ckarklocka s\u00e5 att du kan lyssna p\u00e5 radio var som helst.","og_url":"https:\/\/www.heddata.se\/webbutik\/produkt\/fm-radio-1-5w-varldsmottagare-larmfunktion-gra\/","og_site_name":"Datorer, Skrivare, F\u00e4rgpatroner, Mobiltelefoner","article_modified_time":"2026-04-06T16:10:17+00:00","og_image":[{"width":1200,"height":1200,"url":"https:\/\/www.heddata.se\/webbutik\/wp-content\/uploads\/webbutik\/kategorier\/hemelektronik\/rdwr1000gy.jpeg","type":"image\/jpeg"}],"twitter_card":"summary_large_image","twitter_misc":{"Ber\u00e4knad l\u00e4stid":"1 minut"},"schema":{"@context":"https:\/\/schema.org","@graph":[{"@type":"WebPage","@id":"https:\/\/www.heddata.se\/webbutik\/produkt\/fm-radio-1-5w-varldsmottagare-larmfunktion-gra\/","url":"https:\/\/www.heddata.se\/webbutik\/produkt\/fm-radio-1-5w-varldsmottagare-larmfunktion-gra\/","name":"FM-radio 1.5W V\u00e4rldsmottagare Larmfunktion Gr\u00e5 kompakt konstruktion","isPartOf":{"@id":"https:\/\/www.heddata.se\/webbutik\/#website"},"primaryImageOfPage":{"@id":"https:\/\/www.heddata.se\/webbutik\/produkt\/fm-radio-1-5w-varldsmottagare-larmfunktion-gra\/#primaryimage"},"image":{"@id":"https:\/\/www.heddata.se\/webbutik\/produkt\/fm-radio-1-5w-varldsmottagare-larmfunktion-gra\/#primaryimage"},"thumbnailUrl":"https:\/\/www.heddata.se\/webbutik\/wp-content\/uploads\/webbutik\/kategorier\/hemelektronik\/rdwr1000gy.jpeg","datePublished":"2020-07-21T12:18:31+00:00","dateModified":"2026-04-06T16:10:17+00:00","description":"FM-radio 1.5W V\u00e4rldsmottagare Larmfunktion Gr\u00e5 Resemottagare med v\u00e4ckarklocka s\u00e5 att du kan lyssna p\u00e5 radio var som helst.","breadcrumb":{"@id":"https:\/\/www.heddata.se\/webbutik\/produkt\/fm-radio-1-5w-varldsmottagare-larmfunktion-gra\/#breadcrumb"},"inLanguage":"sv-SE","potentialAction":[{"@type":"ReadAction","target":["https:\/\/www.heddata.se\/webbutik\/produkt\/fm-radio-1-5w-varldsmottagare-larmfunktion-gra\/"]}]},{"@type":"ImageObject","inLanguage":"sv-SE","@id":"https:\/\/www.heddata.se\/webbutik\/produkt\/fm-radio-1-5w-varldsmottagare-larmfunktion-gra\/#primaryimage","url":"https:\/\/www.heddata.se\/webbutik\/wp-content\/uploads\/webbutik\/kategorier\/hemelektronik\/rdwr1000gy.jpeg","contentUrl":"https:\/\/www.heddata.se\/webbutik\/wp-content\/uploads\/webbutik\/kategorier\/hemelektronik\/rdwr1000gy.jpeg","width":1200,"height":1200,"caption":"FM-radio 1.5W V\u00e4rldsmottagare Larmfunktion"},{"@type":"BreadcrumbList","@id":"https:\/\/www.heddata.se\/webbutik\/produkt\/fm-radio-1-5w-varldsmottagare-larmfunktion-gra\/#breadcrumb","itemListElement":[{"@type":"ListItem","position":1,"name":"Hem","item":"https:\/\/www.heddata.se\/webbutik\/"},{"@type":"ListItem","position":2,"name":"Produkter","item":"https:\/\/www.heddata.se\/webbutik\/shop\/"},{"@type":"ListItem","position":3,"name":"FM-radio 1.5W V\u00e4rldsmottagare Larmfunktion Gr\u00e5"}]},{"@type":"WebSite","@id":"https:\/\/www.heddata.se\/webbutik\/#website","url":"https:\/\/www.heddata.se\/webbutik\/","name":"Datorer, Skrivare, F\u00e4rgpatroner, Mobiltelefoner","description":"Kablar","publisher":{"@id":"https:\/\/www.heddata.se\/webbutik\/#organization"},"potentialAction":[{"@type":"SearchAction","target":{"@type":"EntryPoint","urlTemplate":"https:\/\/www.heddata.se\/webbutik\/?s={search_term_string}"},"query-input":{"@type":"PropertyValueSpecification","valueRequired":true,"valueName":"search_term_string"}}],"inLanguage":"sv-SE"},{"@type":"Organization","@id":"https:\/\/www.heddata.se\/webbutik\/#organization","name":"Heddata AB","url":"https:\/\/www.heddata.se\/webbutik\/","logo":{"@type":"ImageObject","inLanguage":"sv-SE","@id":"https:\/\/www.heddata.se\/webbutik\/#\/schema\/logo\/image\/","url":"https:\/\/www.heddata.se\/webbutik\/wp-content\/uploads\/logga\/heddata-ab-logga.png","contentUrl":"https:\/\/www.heddata.se\/webbutik\/wp-content\/uploads\/logga\/heddata-ab-logga.png","width":200,"height":64,"caption":"Heddata AB"},"image":{"@id":"https:\/\/www.heddata.se\/webbutik\/#\/schema\/logo\/image\/"}}]}},"_links":{"self":[{"href":"https:\/\/www.heddata.se\/webbutik\/wp-json\/wp\/v2\/product\/89799","targetHints":{"allow":["GET"]}}],"collection":[{"href":"https:\/\/www.heddata.se\/webbutik\/wp-json\/wp\/v2\/product"}],"about":[{"href":"https:\/\/www.heddata.se\/webbutik\/wp-json\/wp\/v2\/types\/product"}],"wp:featuredmedia":[{"embeddable":true,"href":"https:\/\/www.heddata.se\/webbutik\/wp-json\/wp\/v2\/media\/89871"}],"wp:attachment":[{"href":"https:\/\/www.heddata.se\/webbutik\/wp-json\/wp\/v2\/media?parent=89799"}],"wp:term":[{"taxonomy":"product_brand","embeddable":true,"href":"https:\/\/www.heddata.se\/webbutik\/wp-json\/wp\/v2\/product_brand?post=89799"},{"taxonomy":"product_cat","embeddable":true,"href":"https:\/\/www.heddata.se\/webbutik\/wp-json\/wp\/v2\/product_cat?post=89799"},{"taxonomy":"product_tag","embeddable":true,"href":"https:\/\/www.heddata.se\/webbutik\/wp-json\/wp\/v2\/product_tag?post=89799"}],"curies":[{"name":"wp","href":"https:\/\/api.w.org\/{rel}","templated":true}]}}