{"id":89742,"date":"2020-06-25T16:18:13","date_gmt":"2020-06-25T14:18:13","guid":{"rendered":"https:\/\/www.heddata.se\/webbutik\/?post_type=product&#038;p=89742"},"modified":"2026-04-03T18:19:07","modified_gmt":"2026-04-03T16:19:07","slug":"doro-7011-4g-graphite","status":"publish","type":"product","link":"https:\/\/www.heddata.se\/webbutik\/produkt\/doro-7011-4g-graphite\/","title":{"rendered":"DORO 7011 4G Graphite"},"content":{"rendered":"<p>DORO 7011 4G Graphite<\/p>\n<p><strong>Snygg telefon i klassisk design med WhatsApp och Facebook<\/strong><\/p>\n<p>F\u00f6rutom enkla samtal och SMS ger <a href=\"https:\/\/www.doro.com\/sv-se\" target=\"_blank\" rel=\"noopener noreferrer\">DORO<\/a> 7011 4G Graphite <a href=\"https:\/\/www.heddata.se\/webbutik\/telefon-surfplattor\/mobiltelefoner\/\">telefonen<\/a> i klassisk design dig m\u00f6jligheten att anv\u00e4nda WhatsApp och Facebook via WiFi och snabba 4G LTE-n\u00e4tverk.<\/p>\n<p>Tack vare den stora sk\u00e4rmen p\u00e5 2,8 tum och de separerade knapparna med h\u00f6g kontrast blir det enkelt att se och g\u00f6ra allt, d\u00e4ribland att ta fina foton och spela in videor med 3MP-kameran. Andra funktioner inkluderar f\u00f6rb\u00e4ttrad ljudkvalitet med HD Voice, enkel navigering, en ficklampa och en trygghetsknapp, samt m\u00f6jlighet att ansluta till trygga s\u00e4kerhetsfunktioner som Response by Doro\u2122 med GPS-positionering.<\/p>\n<p>Anv\u00e4nd WhatsApp och Facebook<br \/>\nH\u00f6r b\u00e4ttre tack vare h\u00f6gt och tydligt ljud<br \/>\nK\u00e4nn dig s\u00e4krare med trygghetsknappen<\/p>\n","protected":false},"excerpt":{"rendered":"<p>DORO 7011 4G Graphite<\/p>\n","protected":false},"featured_media":89904,"template":"","meta":[],"product_brand":[],"product_cat":[6010,106,103],"product_tag":[],"class_list":{"0":"post-89742","1":"product","2":"type-product","3":"status-publish","4":"has-post-thumbnail","6":"product_cat-mobiltelefon-knapp","7":"product_cat-mobiltelefoner","8":"product_cat-telefoner","10":"first","11":"outofstock","12":"taxable","13":"shipping-taxable","14":"product-type-simple"},"yoast_head":"<!-- This site is optimized with the Yoast SEO Premium plugin v26.7 (Yoast SEO v26.7) - https:\/\/yoast.com\/wordpress\/plugins\/seo\/ -->\n<title>DORO 7011 4G Graphite Snygg telefon i klassisk design<\/title>\n<meta name=\"description\" content=\"DORO 7011 4G Graphite F\u00f6rutom enkla samtal och SMS ger den h\u00e4r snygga telefonen i klassisk design dig m\u00f6jligheten att anv\u00e4nda WhatsApp och Facebook via WiFi\" \/>\n<meta name=\"robots\" content=\"index, follow, max-snippet:-1, max-image-preview:large, max-video-preview:-1\" \/>\n<link rel=\"canonical\" href=\"https:\/\/www.heddata.se\/webbutik\/produkt\/doro-7011-4g-graphite\/\" \/>\n<meta property=\"og:locale\" content=\"sv_SE\" \/>\n<meta property=\"og:type\" content=\"article\" \/>\n<meta property=\"og:title\" content=\"DORO 7011 4G Graphite\" \/>\n<meta property=\"og:description\" content=\"DORO 7011 4G Graphite F\u00f6rutom enkla samtal och SMS ger den h\u00e4r snygga telefonen i klassisk design dig m\u00f6jligheten att anv\u00e4nda WhatsApp och Facebook via WiFi\" \/>\n<meta property=\"og:url\" content=\"https:\/\/www.heddata.se\/webbutik\/produkt\/doro-7011-4g-graphite\/\" \/>\n<meta property=\"og:site_name\" content=\"Datorer, Skrivare, F\u00e4rgpatroner, Mobiltelefoner\" \/>\n<meta property=\"article:modified_time\" content=\"2026-04-03T16:19:07+00:00\" \/>\n<meta property=\"og:image\" content=\"https:\/\/www.heddata.se\/webbutik\/wp-content\/uploads\/webbutik\/kategorier\/mobiltelefoner-surfplattor\/doro_7011_graphite.jpg\" \/>\n\t<meta property=\"og:image:width\" content=\"1000\" \/>\n\t<meta property=\"og:image:height\" content=\"1000\" \/>\n\t<meta property=\"og:image:type\" content=\"image\/jpeg\" \/>\n<meta name=\"twitter:card\" content=\"summary_large_image\" \/>\n<meta name=\"twitter:label1\" content=\"Ber\u00e4knad l\u00e4stid\" \/>\n\t<meta name=\"twitter:data1\" content=\"1 minut\" \/>\n<script type=\"application\/ld+json\" class=\"yoast-schema-graph\">{\"@context\":\"https:\/\/schema.org\",\"@graph\":[{\"@type\":\"WebPage\",\"@id\":\"https:\/\/www.heddata.se\/webbutik\/produkt\/doro-7011-4g-graphite\/\",\"url\":\"https:\/\/www.heddata.se\/webbutik\/produkt\/doro-7011-4g-graphite\/\",\"name\":\"DORO 7011 4G Graphite Snygg telefon i klassisk design\",\"isPartOf\":{\"@id\":\"https:\/\/www.heddata.se\/webbutik\/#website\"},\"primaryImageOfPage\":{\"@id\":\"https:\/\/www.heddata.se\/webbutik\/produkt\/doro-7011-4g-graphite\/#primaryimage\"},\"image\":{\"@id\":\"https:\/\/www.heddata.se\/webbutik\/produkt\/doro-7011-4g-graphite\/#primaryimage\"},\"thumbnailUrl\":\"https:\/\/www.heddata.se\/webbutik\/wp-content\/uploads\/webbutik\/kategorier\/mobiltelefoner-surfplattor\/doro_7011_graphite.jpg\",\"datePublished\":\"2020-06-25T14:18:13+00:00\",\"dateModified\":\"2026-04-03T16:19:07+00:00\",\"description\":\"DORO 7011 4G Graphite F\u00f6rutom enkla samtal och SMS ger den h\u00e4r snygga telefonen i klassisk design dig m\u00f6jligheten att anv\u00e4nda WhatsApp och Facebook via WiFi\",\"breadcrumb\":{\"@id\":\"https:\/\/www.heddata.se\/webbutik\/produkt\/doro-7011-4g-graphite\/#breadcrumb\"},\"inLanguage\":\"sv-SE\",\"potentialAction\":[{\"@type\":\"ReadAction\",\"target\":[\"https:\/\/www.heddata.se\/webbutik\/produkt\/doro-7011-4g-graphite\/\"]}]},{\"@type\":\"ImageObject\",\"inLanguage\":\"sv-SE\",\"@id\":\"https:\/\/www.heddata.se\/webbutik\/produkt\/doro-7011-4g-graphite\/#primaryimage\",\"url\":\"https:\/\/www.heddata.se\/webbutik\/wp-content\/uploads\/webbutik\/kategorier\/mobiltelefoner-surfplattor\/doro_7011_graphite.jpg\",\"contentUrl\":\"https:\/\/www.heddata.se\/webbutik\/wp-content\/uploads\/webbutik\/kategorier\/mobiltelefoner-surfplattor\/doro_7011_graphite.jpg\",\"width\":1000,\"height\":1000,\"caption\":\"DORO 7011 4G Graphite\"},{\"@type\":\"BreadcrumbList\",\"@id\":\"https:\/\/www.heddata.se\/webbutik\/produkt\/doro-7011-4g-graphite\/#breadcrumb\",\"itemListElement\":[{\"@type\":\"ListItem\",\"position\":1,\"name\":\"Hem\",\"item\":\"https:\/\/www.heddata.se\/webbutik\/\"},{\"@type\":\"ListItem\",\"position\":2,\"name\":\"Produkter\",\"item\":\"https:\/\/www.heddata.se\/webbutik\/shop\/\"},{\"@type\":\"ListItem\",\"position\":3,\"name\":\"DORO 7011 4G Graphite\"}]},{\"@type\":\"WebSite\",\"@id\":\"https:\/\/www.heddata.se\/webbutik\/#website\",\"url\":\"https:\/\/www.heddata.se\/webbutik\/\",\"name\":\"Datorer, Skrivare, F\u00e4rgpatroner, Mobiltelefoner\",\"description\":\"Kablar\",\"publisher\":{\"@id\":\"https:\/\/www.heddata.se\/webbutik\/#organization\"},\"potentialAction\":[{\"@type\":\"SearchAction\",\"target\":{\"@type\":\"EntryPoint\",\"urlTemplate\":\"https:\/\/www.heddata.se\/webbutik\/?s={search_term_string}\"},\"query-input\":{\"@type\":\"PropertyValueSpecification\",\"valueRequired\":true,\"valueName\":\"search_term_string\"}}],\"inLanguage\":\"sv-SE\"},{\"@type\":\"Organization\",\"@id\":\"https:\/\/www.heddata.se\/webbutik\/#organization\",\"name\":\"Heddata AB\",\"url\":\"https:\/\/www.heddata.se\/webbutik\/\",\"logo\":{\"@type\":\"ImageObject\",\"inLanguage\":\"sv-SE\",\"@id\":\"https:\/\/www.heddata.se\/webbutik\/#\/schema\/logo\/image\/\",\"url\":\"https:\/\/www.heddata.se\/webbutik\/wp-content\/uploads\/logga\/heddata-ab-logga.png\",\"contentUrl\":\"https:\/\/www.heddata.se\/webbutik\/wp-content\/uploads\/logga\/heddata-ab-logga.png\",\"width\":200,\"height\":64,\"caption\":\"Heddata AB\"},\"image\":{\"@id\":\"https:\/\/www.heddata.se\/webbutik\/#\/schema\/logo\/image\/\"}}]}<\/script>\n<!-- \/ Yoast SEO Premium plugin. -->","yoast_head_json":{"title":"DORO 7011 4G Graphite Snygg telefon i klassisk design","description":"DORO 7011 4G Graphite F\u00f6rutom enkla samtal och SMS ger den h\u00e4r snygga telefonen i klassisk design dig m\u00f6jligheten att anv\u00e4nda WhatsApp och Facebook via WiFi","robots":{"index":"index","follow":"follow","max-snippet":"max-snippet:-1","max-image-preview":"max-image-preview:large","max-video-preview":"max-video-preview:-1"},"canonical":"https:\/\/www.heddata.se\/webbutik\/produkt\/doro-7011-4g-graphite\/","og_locale":"sv_SE","og_type":"article","og_title":"DORO 7011 4G Graphite","og_description":"DORO 7011 4G Graphite F\u00f6rutom enkla samtal och SMS ger den h\u00e4r snygga telefonen i klassisk design dig m\u00f6jligheten att anv\u00e4nda WhatsApp och Facebook via WiFi","og_url":"https:\/\/www.heddata.se\/webbutik\/produkt\/doro-7011-4g-graphite\/","og_site_name":"Datorer, Skrivare, F\u00e4rgpatroner, Mobiltelefoner","article_modified_time":"2026-04-03T16:19:07+00:00","og_image":[{"width":1000,"height":1000,"url":"https:\/\/www.heddata.se\/webbutik\/wp-content\/uploads\/webbutik\/kategorier\/mobiltelefoner-surfplattor\/doro_7011_graphite.jpg","type":"image\/jpeg"}],"twitter_card":"summary_large_image","twitter_misc":{"Ber\u00e4knad l\u00e4stid":"1 minut"},"schema":{"@context":"https:\/\/schema.org","@graph":[{"@type":"WebPage","@id":"https:\/\/www.heddata.se\/webbutik\/produkt\/doro-7011-4g-graphite\/","url":"https:\/\/www.heddata.se\/webbutik\/produkt\/doro-7011-4g-graphite\/","name":"DORO 7011 4G Graphite Snygg telefon i klassisk design","isPartOf":{"@id":"https:\/\/www.heddata.se\/webbutik\/#website"},"primaryImageOfPage":{"@id":"https:\/\/www.heddata.se\/webbutik\/produkt\/doro-7011-4g-graphite\/#primaryimage"},"image":{"@id":"https:\/\/www.heddata.se\/webbutik\/produkt\/doro-7011-4g-graphite\/#primaryimage"},"thumbnailUrl":"https:\/\/www.heddata.se\/webbutik\/wp-content\/uploads\/webbutik\/kategorier\/mobiltelefoner-surfplattor\/doro_7011_graphite.jpg","datePublished":"2020-06-25T14:18:13+00:00","dateModified":"2026-04-03T16:19:07+00:00","description":"DORO 7011 4G Graphite F\u00f6rutom enkla samtal och SMS ger den h\u00e4r snygga telefonen i klassisk design dig m\u00f6jligheten att anv\u00e4nda WhatsApp och Facebook via WiFi","breadcrumb":{"@id":"https:\/\/www.heddata.se\/webbutik\/produkt\/doro-7011-4g-graphite\/#breadcrumb"},"inLanguage":"sv-SE","potentialAction":[{"@type":"ReadAction","target":["https:\/\/www.heddata.se\/webbutik\/produkt\/doro-7011-4g-graphite\/"]}]},{"@type":"ImageObject","inLanguage":"sv-SE","@id":"https:\/\/www.heddata.se\/webbutik\/produkt\/doro-7011-4g-graphite\/#primaryimage","url":"https:\/\/www.heddata.se\/webbutik\/wp-content\/uploads\/webbutik\/kategorier\/mobiltelefoner-surfplattor\/doro_7011_graphite.jpg","contentUrl":"https:\/\/www.heddata.se\/webbutik\/wp-content\/uploads\/webbutik\/kategorier\/mobiltelefoner-surfplattor\/doro_7011_graphite.jpg","width":1000,"height":1000,"caption":"DORO 7011 4G Graphite"},{"@type":"BreadcrumbList","@id":"https:\/\/www.heddata.se\/webbutik\/produkt\/doro-7011-4g-graphite\/#breadcrumb","itemListElement":[{"@type":"ListItem","position":1,"name":"Hem","item":"https:\/\/www.heddata.se\/webbutik\/"},{"@type":"ListItem","position":2,"name":"Produkter","item":"https:\/\/www.heddata.se\/webbutik\/shop\/"},{"@type":"ListItem","position":3,"name":"DORO 7011 4G Graphite"}]},{"@type":"WebSite","@id":"https:\/\/www.heddata.se\/webbutik\/#website","url":"https:\/\/www.heddata.se\/webbutik\/","name":"Datorer, Skrivare, F\u00e4rgpatroner, Mobiltelefoner","description":"Kablar","publisher":{"@id":"https:\/\/www.heddata.se\/webbutik\/#organization"},"potentialAction":[{"@type":"SearchAction","target":{"@type":"EntryPoint","urlTemplate":"https:\/\/www.heddata.se\/webbutik\/?s={search_term_string}"},"query-input":{"@type":"PropertyValueSpecification","valueRequired":true,"valueName":"search_term_string"}}],"inLanguage":"sv-SE"},{"@type":"Organization","@id":"https:\/\/www.heddata.se\/webbutik\/#organization","name":"Heddata AB","url":"https:\/\/www.heddata.se\/webbutik\/","logo":{"@type":"ImageObject","inLanguage":"sv-SE","@id":"https:\/\/www.heddata.se\/webbutik\/#\/schema\/logo\/image\/","url":"https:\/\/www.heddata.se\/webbutik\/wp-content\/uploads\/logga\/heddata-ab-logga.png","contentUrl":"https:\/\/www.heddata.se\/webbutik\/wp-content\/uploads\/logga\/heddata-ab-logga.png","width":200,"height":64,"caption":"Heddata AB"},"image":{"@id":"https:\/\/www.heddata.se\/webbutik\/#\/schema\/logo\/image\/"}}]}},"_links":{"self":[{"href":"https:\/\/www.heddata.se\/webbutik\/wp-json\/wp\/v2\/product\/89742","targetHints":{"allow":["GET"]}}],"collection":[{"href":"https:\/\/www.heddata.se\/webbutik\/wp-json\/wp\/v2\/product"}],"about":[{"href":"https:\/\/www.heddata.se\/webbutik\/wp-json\/wp\/v2\/types\/product"}],"wp:featuredmedia":[{"embeddable":true,"href":"https:\/\/www.heddata.se\/webbutik\/wp-json\/wp\/v2\/media\/89904"}],"wp:attachment":[{"href":"https:\/\/www.heddata.se\/webbutik\/wp-json\/wp\/v2\/media?parent=89742"}],"wp:term":[{"taxonomy":"product_brand","embeddable":true,"href":"https:\/\/www.heddata.se\/webbutik\/wp-json\/wp\/v2\/product_brand?post=89742"},{"taxonomy":"product_cat","embeddable":true,"href":"https:\/\/www.heddata.se\/webbutik\/wp-json\/wp\/v2\/product_cat?post=89742"},{"taxonomy":"product_tag","embeddable":true,"href":"https:\/\/www.heddata.se\/webbutik\/wp-json\/wp\/v2\/product_tag?post=89742"}],"curies":[{"name":"wp","href":"https:\/\/api.w.org\/{rel}","templated":true}]}}