{"id":89730,"date":"2020-06-16T15:18:18","date_gmt":"2020-06-16T13:18:18","guid":{"rendered":"https:\/\/www.heddata.se\/webbutik\/?post_type=product&#038;p=89730"},"modified":"2026-05-01T18:09:39","modified_gmt":"2026-05-01T16:09:39","slug":"hdmi-vga-kabel-hdmi-kontaktdon-vga-hona-3-5-mm-utgang-0-2-m-antracit","status":"publish","type":"product","link":"https:\/\/www.heddata.se\/webbutik\/produkt\/hdmi-vga-kabel-hdmi-kontaktdon-vga-hona-3-5-mm-utgang-0-2-m-antracit\/","title":{"rendered":"HDMI &#8211; VGA-kabel HDMI\u2122-kontaktdon &#8211; VGA, hona + 3.5 mm-utg\u00e5ng 0.2 m Antracit"},"content":{"rendered":"<p>HDMI &#8211; VGA-kabel HDMI\u2122-kontaktdon &#8211; VGA, hona + 3.5 mm-utg\u00e5ng 0.2 m Antracit<\/p>\n<div class=\"description\">\n<div class=\"d-flex flex-column\">\n<div class=\"position-relative\">\n<div class=\"\">\n<p class=\"p-0 m-0\">Kabel f\u00f6r anslutning av en b\u00e4rbar dator till en <a href=\"https:\/\/www.heddata.se\/webbutik\/tv-apparater\/\">hdtv.<\/a><\/p>\n<\/div>\n<\/div>\n<\/div>\n<\/div>\n<h4 class=\"mt-3\"><strong class=\"d-block\">Specifikation<\/strong><\/h4>\n<p class=\"m-0\">24 karat guldpl\u00e4terade kontakter f\u00f6r en enast\u00e5ende bildkvalitet<br \/>\nT\u00e5liga gjutna kontakter speciellt utformade f\u00f6r intensiv anv\u00e4ndning<br \/>\nFlexibel dragavlastning f\u00f6r att undvika kabelbrott<\/p>\n<h4 id=\"specifications\">Produktspecifikationer<\/h4>\n<table class=\"table table-dashed-border\">\n<tbody>\n<tr>\n<th scope=\"row\">F\u00e4rg<\/th>\n<td>Vit<\/td>\n<\/tr>\n<tr>\n<th scope=\"row\"><a href=\"https:\/\/nedis.se\/sv-se\" target=\"_blank\" rel=\"noopener noreferrer\">F\u00f6rpackning<\/a><\/th>\n<td>Blister<\/td>\n<\/tr>\n<tr>\n<th scope=\"row\">Kabelns utformning<\/th>\n<td>Rund<\/td>\n<\/tr>\n<tr>\n<th scope=\"row\">Yttre material<\/th>\n<td>PVC<\/td>\n<\/tr>\n<tr>\n<th scope=\"row\">Ledarmaterial<\/th>\n<td>Koppar<\/td>\n<\/tr>\n<tr>\n<th scope=\"row\">Pl\u00e4tering<\/th>\n<td>Guld<\/td>\n<\/tr>\n<tr>\n<th scope=\"row\">Anslutningsdesign &#8211; sida A<\/th>\n<td>Rak<\/td>\n<\/tr>\n<tr>\n<th scope=\"row\">Anslutningsdesign &#8211; sida B<\/th>\n<td>Rak<\/td>\n<\/tr>\n<tr>\n<th scope=\"row\">Anslutning B<\/th>\n<td>VGA Hona<\/td>\n<\/tr>\n<tr>\n<th scope=\"row\">Max. uppl\u00f6sning<\/th>\n<td>1920&#215;1080<\/td>\n<\/tr>\n<tr>\n<th scope=\"row\">AWG-v\u00e4rde<\/th>\n<td>30<\/td>\n<\/tr>\n<tr>\n<th scope=\"row\">Anslutning A<\/th>\n<td>HDMI Kontakt<\/td>\n<\/tr>\n<tr>\n<th scope=\"row\">Kabeltyp<\/th>\n<td>High Speed HDMI with Ethernet<\/td>\n<\/tr>\n<tr>\n<th scope=\"row\">Sladdl\u00e4ngd<\/th>\n<td>0.2 m<\/td>\n<\/tr>\n<tr>\n<th scope=\"row\">Diameter<\/th>\n<td>6.0 mm<\/td>\n<\/tr>\n<tr>\n<th scope=\"row\">Connection A &amp; B<\/th>\n<td>HDMI Kontakt &#8211; VGA Hona<\/td>\n<\/tr>\n<\/tbody>\n<\/table>\n","protected":false},"excerpt":{"rendered":"<p>HDMI &#8211; VGA-kabel HDMI\u2122-kontaktdon &#8211; VGA, hona + 3.5 mm-utg\u00e5ng 0.2 m Antracit Kabel f\u00f6r anslutning av en b\u00e4rbar dator till en hdtv. Specifikation 24 karat guldpl\u00e4terade kontakter f\u00f6r en enast\u00e5ende bildkvalitet T\u00e5liga gjutna kontakter speciellt utformade f\u00f6r intensiv anv\u00e4ndning Flexibel dragavlastning f\u00f6r att undvika kabelbrott Produktspecifikationer F\u00e4rg Vit F\u00f6rpackning Blister Kabelns utformning Rund Yttre [&#8230;]\n","protected":false},"featured_media":89925,"template":"","meta":[],"product_brand":[],"product_cat":[79,74,59],"product_tag":[],"class_list":{"0":"post-89730","1":"product","2":"type-product","3":"status-publish","4":"has-post-thumbnail","6":"product_cat-adaptrar","7":"product_cat-hdmi-kablar","8":"product_cat-kablar","10":"first","11":"instock","12":"taxable","13":"shipping-taxable","14":"purchasable","15":"product-type-simple"},"yoast_head":"<!-- This site is optimized with the Yoast SEO Premium plugin v26.7 (Yoast SEO v26.7) - https:\/\/yoast.com\/wordpress\/plugins\/seo\/ -->\n<title>HDMI - VGA-kabel HDMI\u2122-kontaktdon - VGA, hona 3.5 mm-utg\u00e5ng 0.2m<\/title>\n<meta name=\"description\" content=\"HDMI - VGA-kabel HDMI\u2122-kontaktdon - VGA, hona + 3.5 mm-utg\u00e5ng 0.2 m Antracit. Kabel f\u00f6r anslutning av en b\u00e4rbar dator till en hdtv.\" \/>\n<meta name=\"robots\" content=\"index, follow, max-snippet:-1, max-image-preview:large, max-video-preview:-1\" \/>\n<link rel=\"canonical\" href=\"https:\/\/www.heddata.se\/webbutik\/produkt\/hdmi-vga-kabel-hdmi-kontaktdon-vga-hona-3-5-mm-utgang-0-2-m-antracit\/\" \/>\n<meta property=\"og:locale\" content=\"sv_SE\" \/>\n<meta property=\"og:type\" content=\"article\" \/>\n<meta property=\"og:title\" content=\"HDMI - VGA-kabel HDMI\u2122-kontaktdon - VGA, hona + 3.5 mm-utg\u00e5ng 0.2 m Antracit\" \/>\n<meta property=\"og:description\" content=\"HDMI - VGA-kabel HDMI\u2122-kontaktdon - VGA, hona + 3.5 mm-utg\u00e5ng 0.2 m Antracit. Kabel f\u00f6r anslutning av en b\u00e4rbar dator till en hdtv.\" \/>\n<meta property=\"og:url\" content=\"https:\/\/www.heddata.se\/webbutik\/produkt\/hdmi-vga-kabel-hdmi-kontaktdon-vga-hona-3-5-mm-utgang-0-2-m-antracit\/\" \/>\n<meta property=\"og:site_name\" content=\"Datorer, Skrivare, F\u00e4rgpatroner, Mobiltelefoner\" \/>\n<meta property=\"article:modified_time\" content=\"2026-05-01T16:09:39+00:00\" \/>\n<meta property=\"og:image\" content=\"https:\/\/www.heddata.se\/webbutik\/wp-content\/uploads\/kablar\/ccbw34900at02.jpeg\" \/>\n\t<meta property=\"og:image:width\" content=\"1200\" \/>\n\t<meta property=\"og:image:height\" content=\"1200\" \/>\n\t<meta property=\"og:image:type\" content=\"image\/jpeg\" \/>\n<meta name=\"twitter:card\" content=\"summary_large_image\" \/>\n<meta name=\"twitter:label1\" content=\"Ber\u00e4knad l\u00e4stid\" \/>\n\t<meta name=\"twitter:data1\" content=\"1 minut\" \/>\n<script type=\"application\/ld+json\" class=\"yoast-schema-graph\">{\"@context\":\"https:\/\/schema.org\",\"@graph\":[{\"@type\":\"WebPage\",\"@id\":\"https:\/\/www.heddata.se\/webbutik\/produkt\/hdmi-vga-kabel-hdmi-kontaktdon-vga-hona-3-5-mm-utgang-0-2-m-antracit\/\",\"url\":\"https:\/\/www.heddata.se\/webbutik\/produkt\/hdmi-vga-kabel-hdmi-kontaktdon-vga-hona-3-5-mm-utgang-0-2-m-antracit\/\",\"name\":\"HDMI - VGA-kabel HDMI\u2122-kontaktdon - VGA, hona 3.5 mm-utg\u00e5ng 0.2m\",\"isPartOf\":{\"@id\":\"https:\/\/www.heddata.se\/webbutik\/#website\"},\"primaryImageOfPage\":{\"@id\":\"https:\/\/www.heddata.se\/webbutik\/produkt\/hdmi-vga-kabel-hdmi-kontaktdon-vga-hona-3-5-mm-utgang-0-2-m-antracit\/#primaryimage\"},\"image\":{\"@id\":\"https:\/\/www.heddata.se\/webbutik\/produkt\/hdmi-vga-kabel-hdmi-kontaktdon-vga-hona-3-5-mm-utgang-0-2-m-antracit\/#primaryimage\"},\"thumbnailUrl\":\"https:\/\/www.heddata.se\/webbutik\/wp-content\/uploads\/kablar\/ccbw34900at02.jpeg\",\"datePublished\":\"2020-06-16T13:18:18+00:00\",\"dateModified\":\"2026-05-01T16:09:39+00:00\",\"description\":\"HDMI - VGA-kabel HDMI\u2122-kontaktdon - VGA, hona + 3.5 mm-utg\u00e5ng 0.2 m Antracit. Kabel f\u00f6r anslutning av en b\u00e4rbar dator till en hdtv.\",\"breadcrumb\":{\"@id\":\"https:\/\/www.heddata.se\/webbutik\/produkt\/hdmi-vga-kabel-hdmi-kontaktdon-vga-hona-3-5-mm-utgang-0-2-m-antracit\/#breadcrumb\"},\"inLanguage\":\"sv-SE\",\"potentialAction\":[{\"@type\":\"ReadAction\",\"target\":[\"https:\/\/www.heddata.se\/webbutik\/produkt\/hdmi-vga-kabel-hdmi-kontaktdon-vga-hona-3-5-mm-utgang-0-2-m-antracit\/\"]}]},{\"@type\":\"ImageObject\",\"inLanguage\":\"sv-SE\",\"@id\":\"https:\/\/www.heddata.se\/webbutik\/produkt\/hdmi-vga-kabel-hdmi-kontaktdon-vga-hona-3-5-mm-utgang-0-2-m-antracit\/#primaryimage\",\"url\":\"https:\/\/www.heddata.se\/webbutik\/wp-content\/uploads\/kablar\/ccbw34900at02.jpeg\",\"contentUrl\":\"https:\/\/www.heddata.se\/webbutik\/wp-content\/uploads\/kablar\/ccbw34900at02.jpeg\",\"width\":1200,\"height\":1200,\"caption\":\"HDMI - VGA-kabel HDMI\"},{\"@type\":\"BreadcrumbList\",\"@id\":\"https:\/\/www.heddata.se\/webbutik\/produkt\/hdmi-vga-kabel-hdmi-kontaktdon-vga-hona-3-5-mm-utgang-0-2-m-antracit\/#breadcrumb\",\"itemListElement\":[{\"@type\":\"ListItem\",\"position\":1,\"name\":\"Hem\",\"item\":\"https:\/\/www.heddata.se\/webbutik\/\"},{\"@type\":\"ListItem\",\"position\":2,\"name\":\"Produkter\",\"item\":\"https:\/\/www.heddata.se\/webbutik\/shop\/\"},{\"@type\":\"ListItem\",\"position\":3,\"name\":\"HDMI &#8211; VGA-kabel HDMI\u2122-kontaktdon &#8211; VGA, hona + 3.5 mm-utg\u00e5ng 0.2 m Antracit\"}]},{\"@type\":\"WebSite\",\"@id\":\"https:\/\/www.heddata.se\/webbutik\/#website\",\"url\":\"https:\/\/www.heddata.se\/webbutik\/\",\"name\":\"Datorer, Skrivare, F\u00e4rgpatroner, Mobiltelefoner\",\"description\":\"Kablar\",\"publisher\":{\"@id\":\"https:\/\/www.heddata.se\/webbutik\/#organization\"},\"potentialAction\":[{\"@type\":\"SearchAction\",\"target\":{\"@type\":\"EntryPoint\",\"urlTemplate\":\"https:\/\/www.heddata.se\/webbutik\/?s={search_term_string}\"},\"query-input\":{\"@type\":\"PropertyValueSpecification\",\"valueRequired\":true,\"valueName\":\"search_term_string\"}}],\"inLanguage\":\"sv-SE\"},{\"@type\":\"Organization\",\"@id\":\"https:\/\/www.heddata.se\/webbutik\/#organization\",\"name\":\"Heddata AB\",\"url\":\"https:\/\/www.heddata.se\/webbutik\/\",\"logo\":{\"@type\":\"ImageObject\",\"inLanguage\":\"sv-SE\",\"@id\":\"https:\/\/www.heddata.se\/webbutik\/#\/schema\/logo\/image\/\",\"url\":\"https:\/\/www.heddata.se\/webbutik\/wp-content\/uploads\/logga\/heddata-ab-logga.png\",\"contentUrl\":\"https:\/\/www.heddata.se\/webbutik\/wp-content\/uploads\/logga\/heddata-ab-logga.png\",\"width\":200,\"height\":64,\"caption\":\"Heddata AB\"},\"image\":{\"@id\":\"https:\/\/www.heddata.se\/webbutik\/#\/schema\/logo\/image\/\"}}]}<\/script>\n<!-- \/ Yoast SEO Premium plugin. -->","yoast_head_json":{"title":"HDMI - VGA-kabel HDMI\u2122-kontaktdon - VGA, hona 3.5 mm-utg\u00e5ng 0.2m","description":"HDMI - VGA-kabel HDMI\u2122-kontaktdon - VGA, hona + 3.5 mm-utg\u00e5ng 0.2 m Antracit. Kabel f\u00f6r anslutning av en b\u00e4rbar dator till en hdtv.","robots":{"index":"index","follow":"follow","max-snippet":"max-snippet:-1","max-image-preview":"max-image-preview:large","max-video-preview":"max-video-preview:-1"},"canonical":"https:\/\/www.heddata.se\/webbutik\/produkt\/hdmi-vga-kabel-hdmi-kontaktdon-vga-hona-3-5-mm-utgang-0-2-m-antracit\/","og_locale":"sv_SE","og_type":"article","og_title":"HDMI - VGA-kabel HDMI\u2122-kontaktdon - VGA, hona + 3.5 mm-utg\u00e5ng 0.2 m Antracit","og_description":"HDMI - VGA-kabel HDMI\u2122-kontaktdon - VGA, hona + 3.5 mm-utg\u00e5ng 0.2 m Antracit. Kabel f\u00f6r anslutning av en b\u00e4rbar dator till en hdtv.","og_url":"https:\/\/www.heddata.se\/webbutik\/produkt\/hdmi-vga-kabel-hdmi-kontaktdon-vga-hona-3-5-mm-utgang-0-2-m-antracit\/","og_site_name":"Datorer, Skrivare, F\u00e4rgpatroner, Mobiltelefoner","article_modified_time":"2026-05-01T16:09:39+00:00","og_image":[{"width":1200,"height":1200,"url":"https:\/\/www.heddata.se\/webbutik\/wp-content\/uploads\/kablar\/ccbw34900at02.jpeg","type":"image\/jpeg"}],"twitter_card":"summary_large_image","twitter_misc":{"Ber\u00e4knad l\u00e4stid":"1 minut"},"schema":{"@context":"https:\/\/schema.org","@graph":[{"@type":"WebPage","@id":"https:\/\/www.heddata.se\/webbutik\/produkt\/hdmi-vga-kabel-hdmi-kontaktdon-vga-hona-3-5-mm-utgang-0-2-m-antracit\/","url":"https:\/\/www.heddata.se\/webbutik\/produkt\/hdmi-vga-kabel-hdmi-kontaktdon-vga-hona-3-5-mm-utgang-0-2-m-antracit\/","name":"HDMI - VGA-kabel HDMI\u2122-kontaktdon - VGA, hona 3.5 mm-utg\u00e5ng 0.2m","isPartOf":{"@id":"https:\/\/www.heddata.se\/webbutik\/#website"},"primaryImageOfPage":{"@id":"https:\/\/www.heddata.se\/webbutik\/produkt\/hdmi-vga-kabel-hdmi-kontaktdon-vga-hona-3-5-mm-utgang-0-2-m-antracit\/#primaryimage"},"image":{"@id":"https:\/\/www.heddata.se\/webbutik\/produkt\/hdmi-vga-kabel-hdmi-kontaktdon-vga-hona-3-5-mm-utgang-0-2-m-antracit\/#primaryimage"},"thumbnailUrl":"https:\/\/www.heddata.se\/webbutik\/wp-content\/uploads\/kablar\/ccbw34900at02.jpeg","datePublished":"2020-06-16T13:18:18+00:00","dateModified":"2026-05-01T16:09:39+00:00","description":"HDMI - VGA-kabel HDMI\u2122-kontaktdon - VGA, hona + 3.5 mm-utg\u00e5ng 0.2 m Antracit. Kabel f\u00f6r anslutning av en b\u00e4rbar dator till en hdtv.","breadcrumb":{"@id":"https:\/\/www.heddata.se\/webbutik\/produkt\/hdmi-vga-kabel-hdmi-kontaktdon-vga-hona-3-5-mm-utgang-0-2-m-antracit\/#breadcrumb"},"inLanguage":"sv-SE","potentialAction":[{"@type":"ReadAction","target":["https:\/\/www.heddata.se\/webbutik\/produkt\/hdmi-vga-kabel-hdmi-kontaktdon-vga-hona-3-5-mm-utgang-0-2-m-antracit\/"]}]},{"@type":"ImageObject","inLanguage":"sv-SE","@id":"https:\/\/www.heddata.se\/webbutik\/produkt\/hdmi-vga-kabel-hdmi-kontaktdon-vga-hona-3-5-mm-utgang-0-2-m-antracit\/#primaryimage","url":"https:\/\/www.heddata.se\/webbutik\/wp-content\/uploads\/kablar\/ccbw34900at02.jpeg","contentUrl":"https:\/\/www.heddata.se\/webbutik\/wp-content\/uploads\/kablar\/ccbw34900at02.jpeg","width":1200,"height":1200,"caption":"HDMI - VGA-kabel HDMI"},{"@type":"BreadcrumbList","@id":"https:\/\/www.heddata.se\/webbutik\/produkt\/hdmi-vga-kabel-hdmi-kontaktdon-vga-hona-3-5-mm-utgang-0-2-m-antracit\/#breadcrumb","itemListElement":[{"@type":"ListItem","position":1,"name":"Hem","item":"https:\/\/www.heddata.se\/webbutik\/"},{"@type":"ListItem","position":2,"name":"Produkter","item":"https:\/\/www.heddata.se\/webbutik\/shop\/"},{"@type":"ListItem","position":3,"name":"HDMI &#8211; VGA-kabel HDMI\u2122-kontaktdon &#8211; VGA, hona + 3.5 mm-utg\u00e5ng 0.2 m Antracit"}]},{"@type":"WebSite","@id":"https:\/\/www.heddata.se\/webbutik\/#website","url":"https:\/\/www.heddata.se\/webbutik\/","name":"Datorer, Skrivare, F\u00e4rgpatroner, Mobiltelefoner","description":"Kablar","publisher":{"@id":"https:\/\/www.heddata.se\/webbutik\/#organization"},"potentialAction":[{"@type":"SearchAction","target":{"@type":"EntryPoint","urlTemplate":"https:\/\/www.heddata.se\/webbutik\/?s={search_term_string}"},"query-input":{"@type":"PropertyValueSpecification","valueRequired":true,"valueName":"search_term_string"}}],"inLanguage":"sv-SE"},{"@type":"Organization","@id":"https:\/\/www.heddata.se\/webbutik\/#organization","name":"Heddata AB","url":"https:\/\/www.heddata.se\/webbutik\/","logo":{"@type":"ImageObject","inLanguage":"sv-SE","@id":"https:\/\/www.heddata.se\/webbutik\/#\/schema\/logo\/image\/","url":"https:\/\/www.heddata.se\/webbutik\/wp-content\/uploads\/logga\/heddata-ab-logga.png","contentUrl":"https:\/\/www.heddata.se\/webbutik\/wp-content\/uploads\/logga\/heddata-ab-logga.png","width":200,"height":64,"caption":"Heddata AB"},"image":{"@id":"https:\/\/www.heddata.se\/webbutik\/#\/schema\/logo\/image\/"}}]}},"_links":{"self":[{"href":"https:\/\/www.heddata.se\/webbutik\/wp-json\/wp\/v2\/product\/89730","targetHints":{"allow":["GET"]}}],"collection":[{"href":"https:\/\/www.heddata.se\/webbutik\/wp-json\/wp\/v2\/product"}],"about":[{"href":"https:\/\/www.heddata.se\/webbutik\/wp-json\/wp\/v2\/types\/product"}],"wp:featuredmedia":[{"embeddable":true,"href":"https:\/\/www.heddata.se\/webbutik\/wp-json\/wp\/v2\/media\/89925"}],"wp:attachment":[{"href":"https:\/\/www.heddata.se\/webbutik\/wp-json\/wp\/v2\/media?parent=89730"}],"wp:term":[{"taxonomy":"product_brand","embeddable":true,"href":"https:\/\/www.heddata.se\/webbutik\/wp-json\/wp\/v2\/product_brand?post=89730"},{"taxonomy":"product_cat","embeddable":true,"href":"https:\/\/www.heddata.se\/webbutik\/wp-json\/wp\/v2\/product_cat?post=89730"},{"taxonomy":"product_tag","embeddable":true,"href":"https:\/\/www.heddata.se\/webbutik\/wp-json\/wp\/v2\/product_tag?post=89730"}],"curies":[{"name":"wp","href":"https:\/\/api.w.org\/{rel}","templated":true}]}}