{"id":89708,"date":"2020-06-11T12:18:36","date_gmt":"2020-06-11T10:18:36","guid":{"rendered":"https:\/\/www.heddata.se\/webbutik\/?post_type=product&#038;p=89708"},"modified":"2026-04-07T12:07:15","modified_gmt":"2026-04-07T10:07:15","slug":"planboksfodral-samsung-galaxy-a20e-sv-be","status":"publish","type":"product","link":"https:\/\/www.heddata.se\/webbutik\/produkt\/planboksfodral-samsung-galaxy-a20e-sv-be\/","title":{"rendered":"Pl\u00e5nboksfodral Samsung Galaxy A20e Sv\/be"},"content":{"rendered":"<p>Pl\u00e5nboksfodral Samsung Galaxy A20e Sv\/be<\/p>\n<p><strong>Ett elegant <a href=\"https:\/\/www.heddata.se\/webbutik\/telefontillbehor\/\">pl\u00e5nboksfodral,<\/a> av h\u00f6g kvalit\u00e9 till Samsung Galaxy A20e.<\/strong><\/p>\n<p>Fodralet har tre fack f\u00f6r betalkort, k\u00f6rkort etc. samt ett fack f\u00f6r kontanter. Tillverkad i ECO-leather (Konstl\u00e4der av PU). Brun insida och svart utsida, med stygn i off-white.<\/p>\n<p>&#8211; Tre fack f\u00f6r betalkort, k\u00f6rkort etc.<br \/>\n&#8211; Ett fack f\u00f6r t.ex. kontanter<br \/>\n&#8211; Tillverkad i konstl\u00e4der<br \/>\n&#8211; Magnetst\u00e4ngning<\/p>\n<p><strong>F\u00e4rg:<\/strong><br \/>\nSvart utsida<\/p>\n<p><strong>Passar:<\/strong><br \/>\n<a href=\"https:\/\/www.samsung.com\/se\/\" target=\"_blank\" rel=\"noopener noreferrer\">Samsung<\/a> Galaxy A20e<\/p>\n","protected":false},"excerpt":{"rendered":"<p>Pl\u00e5nboksfodral Samsung Galaxy A20e Sv\/be<\/p>\n","protected":false},"featured_media":89711,"template":"","meta":[],"product_brand":[],"product_cat":[121,129,69],"product_tag":[],"class_list":{"0":"post-89708","1":"product","2":"type-product","3":"status-publish","4":"has-post-thumbnail","6":"product_cat-skal-skydd","7":"product_cat-skal-skydd-mobiltelefon","8":"product_cat-telefontillbehor","10":"first","11":"outofstock","12":"taxable","13":"shipping-taxable","14":"product-type-simple"},"yoast_head":"<!-- This site is optimized with the Yoast SEO Premium plugin v26.7 (Yoast SEO v26.7) - https:\/\/yoast.com\/wordpress\/plugins\/seo\/ -->\n<title>Pl\u00e5nboksfodral Samsung Galaxy A20e Sv\/be, elegant fodral med kortplats.<\/title>\n<meta name=\"description\" content=\"Pl\u00e5nboksfodral Samsung Galaxy A20e Sv\/be. Ett elegant pl\u00e5nboksfodral, av h\u00f6g kvalit\u00e9 till Samsung Galaxy A20e. Tre fack f\u00f6r betalkort.\" \/>\n<meta name=\"robots\" content=\"index, follow, max-snippet:-1, max-image-preview:large, max-video-preview:-1\" \/>\n<link rel=\"canonical\" href=\"https:\/\/www.heddata.se\/webbutik\/produkt\/planboksfodral-samsung-galaxy-a20e-sv-be\/\" \/>\n<meta property=\"og:locale\" content=\"sv_SE\" \/>\n<meta property=\"og:type\" content=\"article\" \/>\n<meta property=\"og:title\" content=\"Pl\u00e5nboksfodral Samsung Galaxy A20e Sv\/be\" \/>\n<meta property=\"og:description\" content=\"Pl\u00e5nboksfodral Samsung Galaxy A20e Sv\/be. Ett elegant pl\u00e5nboksfodral, av h\u00f6g kvalit\u00e9 till Samsung Galaxy A20e. Tre fack f\u00f6r betalkort.\" \/>\n<meta property=\"og:url\" content=\"https:\/\/www.heddata.se\/webbutik\/produkt\/planboksfodral-samsung-galaxy-a20e-sv-be\/\" \/>\n<meta property=\"og:site_name\" content=\"Datorer, Skrivare, F\u00e4rgpatroner, Mobiltelefoner\" \/>\n<meta property=\"article:modified_time\" content=\"2026-04-07T10:07:15+00:00\" \/>\n<meta property=\"og:image\" content=\"https:\/\/www.heddata.se\/webbutik\/wp-content\/uploads\/webbutik\/kategorier\/telefontillbehor\/wally832.jpg\" \/>\n\t<meta property=\"og:image:width\" content=\"1024\" \/>\n\t<meta property=\"og:image:height\" content=\"1024\" \/>\n\t<meta property=\"og:image:type\" content=\"image\/jpeg\" \/>\n<meta name=\"twitter:card\" content=\"summary_large_image\" \/>\n<script type=\"application\/ld+json\" class=\"yoast-schema-graph\">{\"@context\":\"https:\/\/schema.org\",\"@graph\":[{\"@type\":\"WebPage\",\"@id\":\"https:\/\/www.heddata.se\/webbutik\/produkt\/planboksfodral-samsung-galaxy-a20e-sv-be\/\",\"url\":\"https:\/\/www.heddata.se\/webbutik\/produkt\/planboksfodral-samsung-galaxy-a20e-sv-be\/\",\"name\":\"Pl\u00e5nboksfodral Samsung Galaxy A20e Sv\/be, elegant fodral med kortplats.\",\"isPartOf\":{\"@id\":\"https:\/\/www.heddata.se\/webbutik\/#website\"},\"primaryImageOfPage\":{\"@id\":\"https:\/\/www.heddata.se\/webbutik\/produkt\/planboksfodral-samsung-galaxy-a20e-sv-be\/#primaryimage\"},\"image\":{\"@id\":\"https:\/\/www.heddata.se\/webbutik\/produkt\/planboksfodral-samsung-galaxy-a20e-sv-be\/#primaryimage\"},\"thumbnailUrl\":\"https:\/\/www.heddata.se\/webbutik\/wp-content\/uploads\/webbutik\/kategorier\/telefontillbehor\/wally832.jpg\",\"datePublished\":\"2020-06-11T10:18:36+00:00\",\"dateModified\":\"2026-04-07T10:07:15+00:00\",\"description\":\"Pl\u00e5nboksfodral Samsung Galaxy A20e Sv\/be. Ett elegant pl\u00e5nboksfodral, av h\u00f6g kvalit\u00e9 till Samsung Galaxy A20e. Tre fack f\u00f6r betalkort.\",\"breadcrumb\":{\"@id\":\"https:\/\/www.heddata.se\/webbutik\/produkt\/planboksfodral-samsung-galaxy-a20e-sv-be\/#breadcrumb\"},\"inLanguage\":\"sv-SE\",\"potentialAction\":[{\"@type\":\"ReadAction\",\"target\":[\"https:\/\/www.heddata.se\/webbutik\/produkt\/planboksfodral-samsung-galaxy-a20e-sv-be\/\"]}]},{\"@type\":\"ImageObject\",\"inLanguage\":\"sv-SE\",\"@id\":\"https:\/\/www.heddata.se\/webbutik\/produkt\/planboksfodral-samsung-galaxy-a20e-sv-be\/#primaryimage\",\"url\":\"https:\/\/www.heddata.se\/webbutik\/wp-content\/uploads\/webbutik\/kategorier\/telefontillbehor\/wally832.jpg\",\"contentUrl\":\"https:\/\/www.heddata.se\/webbutik\/wp-content\/uploads\/webbutik\/kategorier\/telefontillbehor\/wally832.jpg\",\"width\":1024,\"height\":1024,\"caption\":\"Pl\u00e5nboksfodral Samsung Galaxy A20e Sv\/be\"},{\"@type\":\"BreadcrumbList\",\"@id\":\"https:\/\/www.heddata.se\/webbutik\/produkt\/planboksfodral-samsung-galaxy-a20e-sv-be\/#breadcrumb\",\"itemListElement\":[{\"@type\":\"ListItem\",\"position\":1,\"name\":\"Hem\",\"item\":\"https:\/\/www.heddata.se\/webbutik\/\"},{\"@type\":\"ListItem\",\"position\":2,\"name\":\"Produkter\",\"item\":\"https:\/\/www.heddata.se\/webbutik\/shop\/\"},{\"@type\":\"ListItem\",\"position\":3,\"name\":\"Pl\u00e5nboksfodral Samsung Galaxy A20e Sv\/be\"}]},{\"@type\":\"WebSite\",\"@id\":\"https:\/\/www.heddata.se\/webbutik\/#website\",\"url\":\"https:\/\/www.heddata.se\/webbutik\/\",\"name\":\"Datorer, Skrivare, F\u00e4rgpatroner, Mobiltelefoner\",\"description\":\"Kablar\",\"publisher\":{\"@id\":\"https:\/\/www.heddata.se\/webbutik\/#organization\"},\"potentialAction\":[{\"@type\":\"SearchAction\",\"target\":{\"@type\":\"EntryPoint\",\"urlTemplate\":\"https:\/\/www.heddata.se\/webbutik\/?s={search_term_string}\"},\"query-input\":{\"@type\":\"PropertyValueSpecification\",\"valueRequired\":true,\"valueName\":\"search_term_string\"}}],\"inLanguage\":\"sv-SE\"},{\"@type\":\"Organization\",\"@id\":\"https:\/\/www.heddata.se\/webbutik\/#organization\",\"name\":\"Heddata AB\",\"url\":\"https:\/\/www.heddata.se\/webbutik\/\",\"logo\":{\"@type\":\"ImageObject\",\"inLanguage\":\"sv-SE\",\"@id\":\"https:\/\/www.heddata.se\/webbutik\/#\/schema\/logo\/image\/\",\"url\":\"https:\/\/www.heddata.se\/webbutik\/wp-content\/uploads\/logga\/heddata-ab-logga.png\",\"contentUrl\":\"https:\/\/www.heddata.se\/webbutik\/wp-content\/uploads\/logga\/heddata-ab-logga.png\",\"width\":200,\"height\":64,\"caption\":\"Heddata AB\"},\"image\":{\"@id\":\"https:\/\/www.heddata.se\/webbutik\/#\/schema\/logo\/image\/\"}}]}<\/script>\n<!-- \/ Yoast SEO Premium plugin. -->","yoast_head_json":{"title":"Pl\u00e5nboksfodral Samsung Galaxy A20e Sv\/be, elegant fodral med kortplats.","description":"Pl\u00e5nboksfodral Samsung Galaxy A20e Sv\/be. Ett elegant pl\u00e5nboksfodral, av h\u00f6g kvalit\u00e9 till Samsung Galaxy A20e. Tre fack f\u00f6r betalkort.","robots":{"index":"index","follow":"follow","max-snippet":"max-snippet:-1","max-image-preview":"max-image-preview:large","max-video-preview":"max-video-preview:-1"},"canonical":"https:\/\/www.heddata.se\/webbutik\/produkt\/planboksfodral-samsung-galaxy-a20e-sv-be\/","og_locale":"sv_SE","og_type":"article","og_title":"Pl\u00e5nboksfodral Samsung Galaxy A20e Sv\/be","og_description":"Pl\u00e5nboksfodral Samsung Galaxy A20e Sv\/be. Ett elegant pl\u00e5nboksfodral, av h\u00f6g kvalit\u00e9 till Samsung Galaxy A20e. Tre fack f\u00f6r betalkort.","og_url":"https:\/\/www.heddata.se\/webbutik\/produkt\/planboksfodral-samsung-galaxy-a20e-sv-be\/","og_site_name":"Datorer, Skrivare, F\u00e4rgpatroner, Mobiltelefoner","article_modified_time":"2026-04-07T10:07:15+00:00","og_image":[{"width":1024,"height":1024,"url":"https:\/\/www.heddata.se\/webbutik\/wp-content\/uploads\/webbutik\/kategorier\/telefontillbehor\/wally832.jpg","type":"image\/jpeg"}],"twitter_card":"summary_large_image","schema":{"@context":"https:\/\/schema.org","@graph":[{"@type":"WebPage","@id":"https:\/\/www.heddata.se\/webbutik\/produkt\/planboksfodral-samsung-galaxy-a20e-sv-be\/","url":"https:\/\/www.heddata.se\/webbutik\/produkt\/planboksfodral-samsung-galaxy-a20e-sv-be\/","name":"Pl\u00e5nboksfodral Samsung Galaxy A20e Sv\/be, elegant fodral med kortplats.","isPartOf":{"@id":"https:\/\/www.heddata.se\/webbutik\/#website"},"primaryImageOfPage":{"@id":"https:\/\/www.heddata.se\/webbutik\/produkt\/planboksfodral-samsung-galaxy-a20e-sv-be\/#primaryimage"},"image":{"@id":"https:\/\/www.heddata.se\/webbutik\/produkt\/planboksfodral-samsung-galaxy-a20e-sv-be\/#primaryimage"},"thumbnailUrl":"https:\/\/www.heddata.se\/webbutik\/wp-content\/uploads\/webbutik\/kategorier\/telefontillbehor\/wally832.jpg","datePublished":"2020-06-11T10:18:36+00:00","dateModified":"2026-04-07T10:07:15+00:00","description":"Pl\u00e5nboksfodral Samsung Galaxy A20e Sv\/be. Ett elegant pl\u00e5nboksfodral, av h\u00f6g kvalit\u00e9 till Samsung Galaxy A20e. Tre fack f\u00f6r betalkort.","breadcrumb":{"@id":"https:\/\/www.heddata.se\/webbutik\/produkt\/planboksfodral-samsung-galaxy-a20e-sv-be\/#breadcrumb"},"inLanguage":"sv-SE","potentialAction":[{"@type":"ReadAction","target":["https:\/\/www.heddata.se\/webbutik\/produkt\/planboksfodral-samsung-galaxy-a20e-sv-be\/"]}]},{"@type":"ImageObject","inLanguage":"sv-SE","@id":"https:\/\/www.heddata.se\/webbutik\/produkt\/planboksfodral-samsung-galaxy-a20e-sv-be\/#primaryimage","url":"https:\/\/www.heddata.se\/webbutik\/wp-content\/uploads\/webbutik\/kategorier\/telefontillbehor\/wally832.jpg","contentUrl":"https:\/\/www.heddata.se\/webbutik\/wp-content\/uploads\/webbutik\/kategorier\/telefontillbehor\/wally832.jpg","width":1024,"height":1024,"caption":"Pl\u00e5nboksfodral Samsung Galaxy A20e Sv\/be"},{"@type":"BreadcrumbList","@id":"https:\/\/www.heddata.se\/webbutik\/produkt\/planboksfodral-samsung-galaxy-a20e-sv-be\/#breadcrumb","itemListElement":[{"@type":"ListItem","position":1,"name":"Hem","item":"https:\/\/www.heddata.se\/webbutik\/"},{"@type":"ListItem","position":2,"name":"Produkter","item":"https:\/\/www.heddata.se\/webbutik\/shop\/"},{"@type":"ListItem","position":3,"name":"Pl\u00e5nboksfodral Samsung Galaxy A20e Sv\/be"}]},{"@type":"WebSite","@id":"https:\/\/www.heddata.se\/webbutik\/#website","url":"https:\/\/www.heddata.se\/webbutik\/","name":"Datorer, Skrivare, F\u00e4rgpatroner, Mobiltelefoner","description":"Kablar","publisher":{"@id":"https:\/\/www.heddata.se\/webbutik\/#organization"},"potentialAction":[{"@type":"SearchAction","target":{"@type":"EntryPoint","urlTemplate":"https:\/\/www.heddata.se\/webbutik\/?s={search_term_string}"},"query-input":{"@type":"PropertyValueSpecification","valueRequired":true,"valueName":"search_term_string"}}],"inLanguage":"sv-SE"},{"@type":"Organization","@id":"https:\/\/www.heddata.se\/webbutik\/#organization","name":"Heddata AB","url":"https:\/\/www.heddata.se\/webbutik\/","logo":{"@type":"ImageObject","inLanguage":"sv-SE","@id":"https:\/\/www.heddata.se\/webbutik\/#\/schema\/logo\/image\/","url":"https:\/\/www.heddata.se\/webbutik\/wp-content\/uploads\/logga\/heddata-ab-logga.png","contentUrl":"https:\/\/www.heddata.se\/webbutik\/wp-content\/uploads\/logga\/heddata-ab-logga.png","width":200,"height":64,"caption":"Heddata AB"},"image":{"@id":"https:\/\/www.heddata.se\/webbutik\/#\/schema\/logo\/image\/"}}]}},"_links":{"self":[{"href":"https:\/\/www.heddata.se\/webbutik\/wp-json\/wp\/v2\/product\/89708","targetHints":{"allow":["GET"]}}],"collection":[{"href":"https:\/\/www.heddata.se\/webbutik\/wp-json\/wp\/v2\/product"}],"about":[{"href":"https:\/\/www.heddata.se\/webbutik\/wp-json\/wp\/v2\/types\/product"}],"wp:featuredmedia":[{"embeddable":true,"href":"https:\/\/www.heddata.se\/webbutik\/wp-json\/wp\/v2\/media\/89711"}],"wp:attachment":[{"href":"https:\/\/www.heddata.se\/webbutik\/wp-json\/wp\/v2\/media?parent=89708"}],"wp:term":[{"taxonomy":"product_brand","embeddable":true,"href":"https:\/\/www.heddata.se\/webbutik\/wp-json\/wp\/v2\/product_brand?post=89708"},{"taxonomy":"product_cat","embeddable":true,"href":"https:\/\/www.heddata.se\/webbutik\/wp-json\/wp\/v2\/product_cat?post=89708"},{"taxonomy":"product_tag","embeddable":true,"href":"https:\/\/www.heddata.se\/webbutik\/wp-json\/wp\/v2\/product_tag?post=89708"}],"curies":[{"name":"wp","href":"https:\/\/api.w.org\/{rel}","templated":true}]}}