{"id":89707,"date":"2020-06-11T12:18:29","date_gmt":"2020-06-11T10:18:29","guid":{"rendered":"https:\/\/www.heddata.se\/webbutik\/?post_type=product&#038;p=89707"},"modified":"2026-05-06T17:41:47","modified_gmt":"2026-05-06T15:41:47","slug":"samsung-galaxy-a41","status":"publish","type":"product","link":"https:\/\/www.heddata.se\/webbutik\/produkt\/samsung-galaxy-a41\/","title":{"rendered":"Samsung Galaxy A41"},"content":{"rendered":"<p>Samsung Galaxy A41 svart<\/p>\n<p>\u00c4ntligen \u00e4r den h\u00e4r, nya Samsung Galaxy A41.<\/p>\n<p>A41 kommer utrustad med en trippelkamera som best\u00e5r av en 8MP ultra-vidvinkelkamera, en 5MP djupkamera och en ljusk\u00e4nslig 48MP kamera som garanterar skarpa, kvalitativa bilder.Man har tagit vara p\u00e5 hela telefonens framsida och flyttat ut displayen hela v\u00e4gen till kanterna och dess batteri klarar av snabbladdning. Du \u00e4r garanterad s\u00e4kerhet med Samsung&#8217;s fingeravtrycksl\u00e4sare.<\/p>\n<p>L\u00e5t dig uppslukas av den stora 6,1 tum stora Infinity-U-sk\u00e4rmen p\u00e5 Galaxy A41. Det breda aspektf\u00f6rh\u00e5llandet fyller sk\u00e4rmen med inneh\u00e5ll fr\u00e5n kant till kant. Titta p\u00e5 video, spela spel eller streama i spektakul\u00e4r Full HD+ Super AMOLED.<\/p>\n<p><a href=\"https:\/\/www.samsung.com\/se\/\" target=\"_blank\" rel=\"noopener noreferrer\">Galaxy<\/a> A41 \u00e4r 7,9 mm tunn och har en ergonomisk b\u00f6jd baksida som \u00e4r gjord f\u00f6r att passa perfekt i handen. L\u00e5t din personlighet skina igenom med dynamiska m\u00f6nster i f\u00e4rgerna Prism Crush Black, Prism Crush White eller Prism Crush Blue.<\/p>\n<p>F\u00e5 skarpare och b\u00e4ttre foton med trippelkameran p\u00e5 Galaxy A41. Huvudkameran p\u00e5 48MP tar skarpa och h\u00f6guppl\u00f6sta bilder hela dagen l\u00e5ng. F\u00e5 in mer i bilden med 8MP ultravidvinkelkameran eller fokusera p\u00e5 detaljerna med 5MP djupkameran.<\/p>\n<p>F\u00e5nga en vidare vy med ultravidvinkelkameran. Och med huvudkameran p\u00e5 48MP blir dina foton skarpa och tydliga.<\/p>\n<p>I vardagen beh\u00f6vs en <a href=\"https:\/\/www.heddata.se\/webbutik\/telefon-surfplattor\/mobiltelefoner\/\">mobil<\/a> som r\u00e4cker hela dagen. Batterikapaciteten p\u00e5 3\u00a0500mAh* ger dig all den kraft som beh\u00f6vs f\u00f6r att streama, surfa och spela. N\u00e4r du beh\u00f6ver ladda s\u00e5 \u00e4r det bara att ansluta 15W snabbladdaren.<\/p>\n<p>Galaxy A41 har en snabb processor och stor lagringskapacitet s\u00e5 att du kan fokusera p\u00e5 det v\u00e4sentliga. En avancerad \u00e5ttak\u00e4rnig processor och 4GB RAM ger kontinuerlig och effektiv prestanda. Ladda ner mer och radera mindre tack vare den interna lagringen p\u00e5 64GB. Eller uppgradera lagringen med ett microSD-kort p\u00e5 512GB.<\/p>\n","protected":false},"excerpt":{"rendered":"<p>Samsung Galaxy A41<\/p>\n","protected":false},"featured_media":89713,"template":"","meta":[],"product_brand":[],"product_cat":[106,6009,103,63],"product_tag":[],"class_list":{"0":"post-89707","1":"product","2":"type-product","3":"status-publish","4":"has-post-thumbnail","6":"product_cat-mobiltelefoner","7":"product_cat-mobiltelefoner-touch","8":"product_cat-telefoner","9":"product_cat-telefoner-surfplattor","11":"first","12":"outofstock","13":"taxable","14":"shipping-taxable","15":"product-type-simple"},"yoast_head":"<!-- This site is optimized with the Yoast SEO Premium plugin v26.7 (Yoast SEO v26.7) - https:\/\/yoast.com\/wordpress\/plugins\/seo\/ -->\n<title>Samsung Galaxy A41 stor sk\u00e4rm och kraftfullt batteri<\/title>\n<meta name=\"description\" content=\"Samsung Galaxy A41 A41 kommer utrustad med en trippelkamera som best\u00e5r av en 8MP ultra-vidvinkelkamera, en 5MP djupkamera och en ljusk\u00e4nslig 48MP kamera\" \/>\n<meta name=\"robots\" content=\"index, follow, max-snippet:-1, max-image-preview:large, max-video-preview:-1\" \/>\n<link rel=\"canonical\" href=\"https:\/\/www.heddata.se\/webbutik\/produkt\/samsung-galaxy-a41\/\" \/>\n<meta property=\"og:locale\" content=\"sv_SE\" \/>\n<meta property=\"og:type\" content=\"article\" \/>\n<meta property=\"og:title\" content=\"Samsung Galaxy A41\" \/>\n<meta property=\"og:description\" content=\"Samsung Galaxy A41 A41 kommer utrustad med en trippelkamera som best\u00e5r av en 8MP ultra-vidvinkelkamera, en 5MP djupkamera och en ljusk\u00e4nslig 48MP kamera\" \/>\n<meta property=\"og:url\" content=\"https:\/\/www.heddata.se\/webbutik\/produkt\/samsung-galaxy-a41\/\" \/>\n<meta property=\"og:site_name\" content=\"Datorer, Skrivare, F\u00e4rgpatroner, Mobiltelefoner\" \/>\n<meta property=\"article:modified_time\" content=\"2026-05-06T15:41:47+00:00\" \/>\n<meta property=\"og:image\" content=\"https:\/\/www.heddata.se\/webbutik\/wp-content\/uploads\/webbutik\/kategorier\/mobiltelefoner-surfplattor\/galaxy-a41.jpg\" \/>\n\t<meta property=\"og:image:width\" content=\"1440\" \/>\n\t<meta property=\"og:image:height\" content=\"1440\" \/>\n\t<meta property=\"og:image:type\" content=\"image\/jpeg\" \/>\n<meta name=\"twitter:card\" content=\"summary_large_image\" \/>\n<meta name=\"twitter:label1\" content=\"Ber\u00e4knad l\u00e4stid\" \/>\n\t<meta name=\"twitter:data1\" content=\"2 minuter\" \/>\n<script type=\"application\/ld+json\" class=\"yoast-schema-graph\">{\"@context\":\"https:\/\/schema.org\",\"@graph\":[{\"@type\":\"WebPage\",\"@id\":\"https:\/\/www.heddata.se\/webbutik\/produkt\/samsung-galaxy-a41\/\",\"url\":\"https:\/\/www.heddata.se\/webbutik\/produkt\/samsung-galaxy-a41\/\",\"name\":\"Samsung Galaxy A41 stor sk\u00e4rm och kraftfullt batteri\",\"isPartOf\":{\"@id\":\"https:\/\/www.heddata.se\/webbutik\/#website\"},\"primaryImageOfPage\":{\"@id\":\"https:\/\/www.heddata.se\/webbutik\/produkt\/samsung-galaxy-a41\/#primaryimage\"},\"image\":{\"@id\":\"https:\/\/www.heddata.se\/webbutik\/produkt\/samsung-galaxy-a41\/#primaryimage\"},\"thumbnailUrl\":\"https:\/\/www.heddata.se\/webbutik\/wp-content\/uploads\/webbutik\/kategorier\/mobiltelefoner-surfplattor\/galaxy-a41.jpg\",\"datePublished\":\"2020-06-11T10:18:29+00:00\",\"dateModified\":\"2026-05-06T15:41:47+00:00\",\"description\":\"Samsung Galaxy A41 A41 kommer utrustad med en trippelkamera som best\u00e5r av en 8MP ultra-vidvinkelkamera, en 5MP djupkamera och en ljusk\u00e4nslig 48MP kamera\",\"breadcrumb\":{\"@id\":\"https:\/\/www.heddata.se\/webbutik\/produkt\/samsung-galaxy-a41\/#breadcrumb\"},\"inLanguage\":\"sv-SE\",\"potentialAction\":[{\"@type\":\"ReadAction\",\"target\":[\"https:\/\/www.heddata.se\/webbutik\/produkt\/samsung-galaxy-a41\/\"]}]},{\"@type\":\"ImageObject\",\"inLanguage\":\"sv-SE\",\"@id\":\"https:\/\/www.heddata.se\/webbutik\/produkt\/samsung-galaxy-a41\/#primaryimage\",\"url\":\"https:\/\/www.heddata.se\/webbutik\/wp-content\/uploads\/webbutik\/kategorier\/mobiltelefoner-surfplattor\/galaxy-a41.jpg\",\"contentUrl\":\"https:\/\/www.heddata.se\/webbutik\/wp-content\/uploads\/webbutik\/kategorier\/mobiltelefoner-surfplattor\/galaxy-a41.jpg\",\"width\":1440,\"height\":1440,\"caption\":\"Samsung Galaxy A41\"},{\"@type\":\"BreadcrumbList\",\"@id\":\"https:\/\/www.heddata.se\/webbutik\/produkt\/samsung-galaxy-a41\/#breadcrumb\",\"itemListElement\":[{\"@type\":\"ListItem\",\"position\":1,\"name\":\"Hem\",\"item\":\"https:\/\/www.heddata.se\/webbutik\/\"},{\"@type\":\"ListItem\",\"position\":2,\"name\":\"Produkter\",\"item\":\"https:\/\/www.heddata.se\/webbutik\/shop\/\"},{\"@type\":\"ListItem\",\"position\":3,\"name\":\"Samsung Galaxy A41\"}]},{\"@type\":\"WebSite\",\"@id\":\"https:\/\/www.heddata.se\/webbutik\/#website\",\"url\":\"https:\/\/www.heddata.se\/webbutik\/\",\"name\":\"Datorer, Skrivare, F\u00e4rgpatroner, Mobiltelefoner\",\"description\":\"Kablar\",\"publisher\":{\"@id\":\"https:\/\/www.heddata.se\/webbutik\/#organization\"},\"potentialAction\":[{\"@type\":\"SearchAction\",\"target\":{\"@type\":\"EntryPoint\",\"urlTemplate\":\"https:\/\/www.heddata.se\/webbutik\/?s={search_term_string}\"},\"query-input\":{\"@type\":\"PropertyValueSpecification\",\"valueRequired\":true,\"valueName\":\"search_term_string\"}}],\"inLanguage\":\"sv-SE\"},{\"@type\":\"Organization\",\"@id\":\"https:\/\/www.heddata.se\/webbutik\/#organization\",\"name\":\"Heddata AB\",\"url\":\"https:\/\/www.heddata.se\/webbutik\/\",\"logo\":{\"@type\":\"ImageObject\",\"inLanguage\":\"sv-SE\",\"@id\":\"https:\/\/www.heddata.se\/webbutik\/#\/schema\/logo\/image\/\",\"url\":\"https:\/\/www.heddata.se\/webbutik\/wp-content\/uploads\/logga\/heddata-ab-logga.png\",\"contentUrl\":\"https:\/\/www.heddata.se\/webbutik\/wp-content\/uploads\/logga\/heddata-ab-logga.png\",\"width\":200,\"height\":64,\"caption\":\"Heddata AB\"},\"image\":{\"@id\":\"https:\/\/www.heddata.se\/webbutik\/#\/schema\/logo\/image\/\"}}]}<\/script>\n<!-- \/ Yoast SEO Premium plugin. -->","yoast_head_json":{"title":"Samsung Galaxy A41 stor sk\u00e4rm och kraftfullt batteri","description":"Samsung Galaxy A41 A41 kommer utrustad med en trippelkamera som best\u00e5r av en 8MP ultra-vidvinkelkamera, en 5MP djupkamera och en ljusk\u00e4nslig 48MP kamera","robots":{"index":"index","follow":"follow","max-snippet":"max-snippet:-1","max-image-preview":"max-image-preview:large","max-video-preview":"max-video-preview:-1"},"canonical":"https:\/\/www.heddata.se\/webbutik\/produkt\/samsung-galaxy-a41\/","og_locale":"sv_SE","og_type":"article","og_title":"Samsung Galaxy A41","og_description":"Samsung Galaxy A41 A41 kommer utrustad med en trippelkamera som best\u00e5r av en 8MP ultra-vidvinkelkamera, en 5MP djupkamera och en ljusk\u00e4nslig 48MP kamera","og_url":"https:\/\/www.heddata.se\/webbutik\/produkt\/samsung-galaxy-a41\/","og_site_name":"Datorer, Skrivare, F\u00e4rgpatroner, Mobiltelefoner","article_modified_time":"2026-05-06T15:41:47+00:00","og_image":[{"width":1440,"height":1440,"url":"https:\/\/www.heddata.se\/webbutik\/wp-content\/uploads\/webbutik\/kategorier\/mobiltelefoner-surfplattor\/galaxy-a41.jpg","type":"image\/jpeg"}],"twitter_card":"summary_large_image","twitter_misc":{"Ber\u00e4knad l\u00e4stid":"2 minuter"},"schema":{"@context":"https:\/\/schema.org","@graph":[{"@type":"WebPage","@id":"https:\/\/www.heddata.se\/webbutik\/produkt\/samsung-galaxy-a41\/","url":"https:\/\/www.heddata.se\/webbutik\/produkt\/samsung-galaxy-a41\/","name":"Samsung Galaxy A41 stor sk\u00e4rm och kraftfullt batteri","isPartOf":{"@id":"https:\/\/www.heddata.se\/webbutik\/#website"},"primaryImageOfPage":{"@id":"https:\/\/www.heddata.se\/webbutik\/produkt\/samsung-galaxy-a41\/#primaryimage"},"image":{"@id":"https:\/\/www.heddata.se\/webbutik\/produkt\/samsung-galaxy-a41\/#primaryimage"},"thumbnailUrl":"https:\/\/www.heddata.se\/webbutik\/wp-content\/uploads\/webbutik\/kategorier\/mobiltelefoner-surfplattor\/galaxy-a41.jpg","datePublished":"2020-06-11T10:18:29+00:00","dateModified":"2026-05-06T15:41:47+00:00","description":"Samsung Galaxy A41 A41 kommer utrustad med en trippelkamera som best\u00e5r av en 8MP ultra-vidvinkelkamera, en 5MP djupkamera och en ljusk\u00e4nslig 48MP kamera","breadcrumb":{"@id":"https:\/\/www.heddata.se\/webbutik\/produkt\/samsung-galaxy-a41\/#breadcrumb"},"inLanguage":"sv-SE","potentialAction":[{"@type":"ReadAction","target":["https:\/\/www.heddata.se\/webbutik\/produkt\/samsung-galaxy-a41\/"]}]},{"@type":"ImageObject","inLanguage":"sv-SE","@id":"https:\/\/www.heddata.se\/webbutik\/produkt\/samsung-galaxy-a41\/#primaryimage","url":"https:\/\/www.heddata.se\/webbutik\/wp-content\/uploads\/webbutik\/kategorier\/mobiltelefoner-surfplattor\/galaxy-a41.jpg","contentUrl":"https:\/\/www.heddata.se\/webbutik\/wp-content\/uploads\/webbutik\/kategorier\/mobiltelefoner-surfplattor\/galaxy-a41.jpg","width":1440,"height":1440,"caption":"Samsung Galaxy A41"},{"@type":"BreadcrumbList","@id":"https:\/\/www.heddata.se\/webbutik\/produkt\/samsung-galaxy-a41\/#breadcrumb","itemListElement":[{"@type":"ListItem","position":1,"name":"Hem","item":"https:\/\/www.heddata.se\/webbutik\/"},{"@type":"ListItem","position":2,"name":"Produkter","item":"https:\/\/www.heddata.se\/webbutik\/shop\/"},{"@type":"ListItem","position":3,"name":"Samsung Galaxy A41"}]},{"@type":"WebSite","@id":"https:\/\/www.heddata.se\/webbutik\/#website","url":"https:\/\/www.heddata.se\/webbutik\/","name":"Datorer, Skrivare, F\u00e4rgpatroner, Mobiltelefoner","description":"Kablar","publisher":{"@id":"https:\/\/www.heddata.se\/webbutik\/#organization"},"potentialAction":[{"@type":"SearchAction","target":{"@type":"EntryPoint","urlTemplate":"https:\/\/www.heddata.se\/webbutik\/?s={search_term_string}"},"query-input":{"@type":"PropertyValueSpecification","valueRequired":true,"valueName":"search_term_string"}}],"inLanguage":"sv-SE"},{"@type":"Organization","@id":"https:\/\/www.heddata.se\/webbutik\/#organization","name":"Heddata AB","url":"https:\/\/www.heddata.se\/webbutik\/","logo":{"@type":"ImageObject","inLanguage":"sv-SE","@id":"https:\/\/www.heddata.se\/webbutik\/#\/schema\/logo\/image\/","url":"https:\/\/www.heddata.se\/webbutik\/wp-content\/uploads\/logga\/heddata-ab-logga.png","contentUrl":"https:\/\/www.heddata.se\/webbutik\/wp-content\/uploads\/logga\/heddata-ab-logga.png","width":200,"height":64,"caption":"Heddata AB"},"image":{"@id":"https:\/\/www.heddata.se\/webbutik\/#\/schema\/logo\/image\/"}}]}},"_links":{"self":[{"href":"https:\/\/www.heddata.se\/webbutik\/wp-json\/wp\/v2\/product\/89707","targetHints":{"allow":["GET"]}}],"collection":[{"href":"https:\/\/www.heddata.se\/webbutik\/wp-json\/wp\/v2\/product"}],"about":[{"href":"https:\/\/www.heddata.se\/webbutik\/wp-json\/wp\/v2\/types\/product"}],"wp:featuredmedia":[{"embeddable":true,"href":"https:\/\/www.heddata.se\/webbutik\/wp-json\/wp\/v2\/media\/89713"}],"wp:attachment":[{"href":"https:\/\/www.heddata.se\/webbutik\/wp-json\/wp\/v2\/media?parent=89707"}],"wp:term":[{"taxonomy":"product_brand","embeddable":true,"href":"https:\/\/www.heddata.se\/webbutik\/wp-json\/wp\/v2\/product_brand?post=89707"},{"taxonomy":"product_cat","embeddable":true,"href":"https:\/\/www.heddata.se\/webbutik\/wp-json\/wp\/v2\/product_cat?post=89707"},{"taxonomy":"product_tag","embeddable":true,"href":"https:\/\/www.heddata.se\/webbutik\/wp-json\/wp\/v2\/product_tag?post=89707"}],"curies":[{"name":"wp","href":"https:\/\/api.w.org\/{rel}","templated":true}]}}