{"id":89673,"date":"2020-05-26T14:18:22","date_gmt":"2020-05-26T12:18:22","guid":{"rendered":"https:\/\/www.heddata.se\/webbutik\/?post_type=product&#038;p=89673"},"modified":"2026-04-07T18:30:40","modified_gmt":"2026-04-07T16:30:40","slug":"brother-hl-l2310d-monolaserskrivare","status":"publish","type":"product","link":"https:\/\/www.heddata.se\/webbutik\/produkt\/brother-hl-l2310d-monolaserskrivare\/","title":{"rendered":"Brother HL-L2310D monolaserskrivare"},"content":{"rendered":"<p>Brother HL-L2310D monolaserskrivare<\/p>\n<div class=\"col-xs-12 col-sm-6 col-md-12 product-detail--container-description\">\n<section class=\"product-detail--section product-detail--product-description\">HL-L2310D \u00e4r en tyst och kompakt <a href=\"https:\/\/www.brother.se\/\" target=\"_blank\" rel=\"noopener noreferrer\">monolaserskrivare,<\/a> utformad f\u00f6r anv\u00e4ndning i hemmet och p\u00e5 mindre kontor. Den h\u00e4r skrivbordsv\u00e4nliga skrivaren \u00e4r ett bra val f\u00f6r sm\u00e5 utrymmen.<br \/>\nEn snabb och effektiv skrivare som ger dig skarpa och h\u00f6gkvalitativa utskrifter varje g\u00e5ng. Och med det stora pappersmagasinet beh\u00f6ver du inte st\u00e4ndigt fylla p\u00e5 papper vilket g\u00f6r att du ist\u00e4llet kan fokusera p\u00e5 det du beh\u00f6ver.\u00a0<\/section>\n<\/div>\n<div class=\"col-xs-12 col-sm-6 col-md-12 product-detail--container-features\">\n<section class=\"product-detail--section product-detail--key-features\">\n<h4 class=\"product-detail--key-features--title\">Viktiga funktioner<\/h4>\n<p>Utskriftshastighet p\u00e5 upp till 30 sidor per minut, vid mindre \u00e4n 50 dB<\/p>\n<p>Automatisk dubbelsidig utskrift<\/p>\n<p>Pappersmagasin f\u00f6r upp till 250 ark<\/p>\n<p>Starttoner f\u00f6r upp till 700 sidor* medf\u00f6ljer (* Ungef\u00e4rlig utskrift per toner deklareras i enlighet med ISO\/IEC 19752.)<\/p>\n<p>Enkel att konfigurera och anv\u00e4nda<\/p>\n<h3>Maximal valuta f\u00f6r pengarna<\/h3>\n<p>Kostnad \u00e4r en nyckelfaktor f\u00f6r m\u00e5nga hem och f\u00f6retag. Vi har d\u00e4rf\u00f6r s\u00e4kerst\u00e4llt att HL-L2310D \u00e4r kostnadseffektiv b\u00e5de i drift och underh\u00e5ll. Genom att anv\u00e4nda v\u00e5ra h\u00f6gkapacitetstoner som finns som tillval tillsammans den dubbelsidiga utskriftsfunktionen kan du enkelt s\u00e4nka kostnaderna f\u00f6r varje utskriftsjobb.<\/p>\n<h3>Prestanda f\u00f6r framtidens f\u00f6retag<\/h3>\n<p>Designad f\u00f6r att installeras och vara redo att anv\u00e4ndas p\u00e5 bara n\u00e5gra minuter. HL-L2310D \u00e4r utrustad med en m\u00e4ngd tidsbesparande funktioner, bland annat snabb utskriftshastighet p\u00e5 upp till 30 sidor per minut vilket garanterar att du aldrig beh\u00f6ver v\u00e4nta l\u00e4nge p\u00e5 det d\u00e4r viktiga dokumentet.<\/p>\n<p>Med det stora pappersmagasinet f\u00f6r upp till 250 ark beh\u00f6ver du inte l\u00e4ngre fylla p\u00e5 papper lika ofta och tillsammans med ett manuellt inmatningsfack som kan hantera en m\u00e4ngd olika papperstyper kan du ha flexibilitet och dokument i laserkvalitet. Allt detta fr\u00e5n en kompakt maskin.<\/p>\n<h3>Tyst utan att kompromissa<\/h3>\n<p>Att en enhet \u00e4r tyst beh\u00f6ver inte l\u00e4ngre betyda att den \u00e4r l\u00e5ngsam. Alla modeller i serien arbetar med l\u00e4gsta decibel i klassen, under 50 dB. L\u00e5t skrivaren st\u00e5 p\u00e5 ditt skrivbord och skriv ut i full hastighet medans du jobbar vidare ost\u00f6rt.<\/p>\n<p>Toner som passar till skrivaren <a href=\"https:\/\/www.heddata.se\/webbutik\/produkt\/brother-tn2410-toner-svart\/\">TN-2410<\/a>, <a href=\"https:\/\/www.heddata.se\/webbutik\/produkt\/brother-tn2420-toner-svart\/\">TN-2420<\/a><\/p>\n<p>&nbsp;<\/p>\n<\/section>\n<\/div>\n","protected":false},"excerpt":{"rendered":"<p>Brother HL-L2310D monolaserskrivare<\/p>\n","protected":false},"featured_media":89676,"template":"","meta":[],"product_brand":[],"product_cat":[102,633,62],"product_tag":[636],"class_list":{"0":"post-89673","1":"product","2":"type-product","3":"status-publish","4":"has-post-thumbnail","6":"product_cat-brother-skrivare","7":"product_cat-laserskrivare","8":"product_cat-skrivare","9":"product_tag-laserskrivare","11":"first","12":"outofstock","13":"taxable","14":"shipping-taxable","15":"product-type-simple"},"yoast_head":"<!-- This site is optimized with the Yoast SEO Premium plugin v26.7 (Yoast SEO v26.7) - https:\/\/yoast.com\/wordpress\/plugins\/seo\/ -->\n<title>Brother HL-L2310D monolaserskrivare f\u00f6r hemmet och mindre kontor.<\/title>\n<meta name=\"description\" content=\"Brother HL-L2310D monolaserskrivare \u00e4r en tyst och kompakt monolaserskrivare, utformad f\u00f6r anv\u00e4ndning i hemmet och p\u00e5 mindre kontor.\" \/>\n<meta name=\"robots\" content=\"index, follow, max-snippet:-1, max-image-preview:large, max-video-preview:-1\" \/>\n<link rel=\"canonical\" href=\"https:\/\/www.heddata.se\/webbutik\/produkt\/brother-hl-l2310d-monolaserskrivare\/\" \/>\n<meta property=\"og:locale\" content=\"sv_SE\" \/>\n<meta property=\"og:type\" content=\"article\" \/>\n<meta property=\"og:title\" content=\"Brother HL-L2310D monolaserskrivare\" \/>\n<meta property=\"og:description\" content=\"Brother HL-L2310D monolaserskrivare \u00e4r en tyst och kompakt monolaserskrivare, utformad f\u00f6r anv\u00e4ndning i hemmet och p\u00e5 mindre kontor.\" \/>\n<meta property=\"og:url\" content=\"https:\/\/www.heddata.se\/webbutik\/produkt\/brother-hl-l2310d-monolaserskrivare\/\" \/>\n<meta property=\"og:site_name\" content=\"Datorer, Skrivare, F\u00e4rgpatroner, Mobiltelefoner\" \/>\n<meta property=\"article:modified_time\" content=\"2026-04-07T16:30:40+00:00\" \/>\n<meta property=\"og:image\" content=\"https:\/\/www.heddata.se\/webbutik\/wp-content\/uploads\/webbutik\/kategorier\/skrivare\/HLL2310D.jpg\" \/>\n\t<meta property=\"og:image:width\" content=\"960\" \/>\n\t<meta property=\"og:image:height\" content=\"960\" \/>\n\t<meta property=\"og:image:type\" content=\"image\/jpeg\" \/>\n<meta name=\"twitter:card\" content=\"summary_large_image\" \/>\n<meta name=\"twitter:label1\" content=\"Ber\u00e4knad l\u00e4stid\" \/>\n\t<meta name=\"twitter:data1\" content=\"2 minuter\" \/>\n<script type=\"application\/ld+json\" class=\"yoast-schema-graph\">{\"@context\":\"https:\/\/schema.org\",\"@graph\":[{\"@type\":\"WebPage\",\"@id\":\"https:\/\/www.heddata.se\/webbutik\/produkt\/brother-hl-l2310d-monolaserskrivare\/\",\"url\":\"https:\/\/www.heddata.se\/webbutik\/produkt\/brother-hl-l2310d-monolaserskrivare\/\",\"name\":\"Brother HL-L2310D monolaserskrivare f\u00f6r hemmet och mindre kontor.\",\"isPartOf\":{\"@id\":\"https:\/\/www.heddata.se\/webbutik\/#website\"},\"primaryImageOfPage\":{\"@id\":\"https:\/\/www.heddata.se\/webbutik\/produkt\/brother-hl-l2310d-monolaserskrivare\/#primaryimage\"},\"image\":{\"@id\":\"https:\/\/www.heddata.se\/webbutik\/produkt\/brother-hl-l2310d-monolaserskrivare\/#primaryimage\"},\"thumbnailUrl\":\"https:\/\/www.heddata.se\/webbutik\/wp-content\/uploads\/webbutik\/kategorier\/skrivare\/HLL2310D.jpg\",\"datePublished\":\"2020-05-26T12:18:22+00:00\",\"dateModified\":\"2026-04-07T16:30:40+00:00\",\"description\":\"Brother HL-L2310D monolaserskrivare \u00e4r en tyst och kompakt monolaserskrivare, utformad f\u00f6r anv\u00e4ndning i hemmet och p\u00e5 mindre kontor.\",\"breadcrumb\":{\"@id\":\"https:\/\/www.heddata.se\/webbutik\/produkt\/brother-hl-l2310d-monolaserskrivare\/#breadcrumb\"},\"inLanguage\":\"sv-SE\",\"potentialAction\":[{\"@type\":\"ReadAction\",\"target\":[\"https:\/\/www.heddata.se\/webbutik\/produkt\/brother-hl-l2310d-monolaserskrivare\/\"]}]},{\"@type\":\"ImageObject\",\"inLanguage\":\"sv-SE\",\"@id\":\"https:\/\/www.heddata.se\/webbutik\/produkt\/brother-hl-l2310d-monolaserskrivare\/#primaryimage\",\"url\":\"https:\/\/www.heddata.se\/webbutik\/wp-content\/uploads\/webbutik\/kategorier\/skrivare\/HLL2310D.jpg\",\"contentUrl\":\"https:\/\/www.heddata.se\/webbutik\/wp-content\/uploads\/webbutik\/kategorier\/skrivare\/HLL2310D.jpg\",\"width\":960,\"height\":960,\"caption\":\"Brother HL-L2310D monolaserskrivare\"},{\"@type\":\"BreadcrumbList\",\"@id\":\"https:\/\/www.heddata.se\/webbutik\/produkt\/brother-hl-l2310d-monolaserskrivare\/#breadcrumb\",\"itemListElement\":[{\"@type\":\"ListItem\",\"position\":1,\"name\":\"Hem\",\"item\":\"https:\/\/www.heddata.se\/webbutik\/\"},{\"@type\":\"ListItem\",\"position\":2,\"name\":\"Produkter\",\"item\":\"https:\/\/www.heddata.se\/webbutik\/shop\/\"},{\"@type\":\"ListItem\",\"position\":3,\"name\":\"Brother HL-L2310D monolaserskrivare\"}]},{\"@type\":\"WebSite\",\"@id\":\"https:\/\/www.heddata.se\/webbutik\/#website\",\"url\":\"https:\/\/www.heddata.se\/webbutik\/\",\"name\":\"Datorer, Skrivare, F\u00e4rgpatroner, Mobiltelefoner\",\"description\":\"Kablar\",\"publisher\":{\"@id\":\"https:\/\/www.heddata.se\/webbutik\/#organization\"},\"potentialAction\":[{\"@type\":\"SearchAction\",\"target\":{\"@type\":\"EntryPoint\",\"urlTemplate\":\"https:\/\/www.heddata.se\/webbutik\/?s={search_term_string}\"},\"query-input\":{\"@type\":\"PropertyValueSpecification\",\"valueRequired\":true,\"valueName\":\"search_term_string\"}}],\"inLanguage\":\"sv-SE\"},{\"@type\":\"Organization\",\"@id\":\"https:\/\/www.heddata.se\/webbutik\/#organization\",\"name\":\"Heddata AB\",\"url\":\"https:\/\/www.heddata.se\/webbutik\/\",\"logo\":{\"@type\":\"ImageObject\",\"inLanguage\":\"sv-SE\",\"@id\":\"https:\/\/www.heddata.se\/webbutik\/#\/schema\/logo\/image\/\",\"url\":\"https:\/\/www.heddata.se\/webbutik\/wp-content\/uploads\/logga\/heddata-ab-logga.png\",\"contentUrl\":\"https:\/\/www.heddata.se\/webbutik\/wp-content\/uploads\/logga\/heddata-ab-logga.png\",\"width\":200,\"height\":64,\"caption\":\"Heddata AB\"},\"image\":{\"@id\":\"https:\/\/www.heddata.se\/webbutik\/#\/schema\/logo\/image\/\"}}]}<\/script>\n<!-- \/ Yoast SEO Premium plugin. -->","yoast_head_json":{"title":"Brother HL-L2310D monolaserskrivare f\u00f6r hemmet och mindre kontor.","description":"Brother HL-L2310D monolaserskrivare \u00e4r en tyst och kompakt monolaserskrivare, utformad f\u00f6r anv\u00e4ndning i hemmet och p\u00e5 mindre kontor.","robots":{"index":"index","follow":"follow","max-snippet":"max-snippet:-1","max-image-preview":"max-image-preview:large","max-video-preview":"max-video-preview:-1"},"canonical":"https:\/\/www.heddata.se\/webbutik\/produkt\/brother-hl-l2310d-monolaserskrivare\/","og_locale":"sv_SE","og_type":"article","og_title":"Brother HL-L2310D monolaserskrivare","og_description":"Brother HL-L2310D monolaserskrivare \u00e4r en tyst och kompakt monolaserskrivare, utformad f\u00f6r anv\u00e4ndning i hemmet och p\u00e5 mindre kontor.","og_url":"https:\/\/www.heddata.se\/webbutik\/produkt\/brother-hl-l2310d-monolaserskrivare\/","og_site_name":"Datorer, Skrivare, F\u00e4rgpatroner, Mobiltelefoner","article_modified_time":"2026-04-07T16:30:40+00:00","og_image":[{"width":960,"height":960,"url":"https:\/\/www.heddata.se\/webbutik\/wp-content\/uploads\/webbutik\/kategorier\/skrivare\/HLL2310D.jpg","type":"image\/jpeg"}],"twitter_card":"summary_large_image","twitter_misc":{"Ber\u00e4knad l\u00e4stid":"2 minuter"},"schema":{"@context":"https:\/\/schema.org","@graph":[{"@type":"WebPage","@id":"https:\/\/www.heddata.se\/webbutik\/produkt\/brother-hl-l2310d-monolaserskrivare\/","url":"https:\/\/www.heddata.se\/webbutik\/produkt\/brother-hl-l2310d-monolaserskrivare\/","name":"Brother HL-L2310D monolaserskrivare f\u00f6r hemmet och mindre kontor.","isPartOf":{"@id":"https:\/\/www.heddata.se\/webbutik\/#website"},"primaryImageOfPage":{"@id":"https:\/\/www.heddata.se\/webbutik\/produkt\/brother-hl-l2310d-monolaserskrivare\/#primaryimage"},"image":{"@id":"https:\/\/www.heddata.se\/webbutik\/produkt\/brother-hl-l2310d-monolaserskrivare\/#primaryimage"},"thumbnailUrl":"https:\/\/www.heddata.se\/webbutik\/wp-content\/uploads\/webbutik\/kategorier\/skrivare\/HLL2310D.jpg","datePublished":"2020-05-26T12:18:22+00:00","dateModified":"2026-04-07T16:30:40+00:00","description":"Brother HL-L2310D monolaserskrivare \u00e4r en tyst och kompakt monolaserskrivare, utformad f\u00f6r anv\u00e4ndning i hemmet och p\u00e5 mindre kontor.","breadcrumb":{"@id":"https:\/\/www.heddata.se\/webbutik\/produkt\/brother-hl-l2310d-monolaserskrivare\/#breadcrumb"},"inLanguage":"sv-SE","potentialAction":[{"@type":"ReadAction","target":["https:\/\/www.heddata.se\/webbutik\/produkt\/brother-hl-l2310d-monolaserskrivare\/"]}]},{"@type":"ImageObject","inLanguage":"sv-SE","@id":"https:\/\/www.heddata.se\/webbutik\/produkt\/brother-hl-l2310d-monolaserskrivare\/#primaryimage","url":"https:\/\/www.heddata.se\/webbutik\/wp-content\/uploads\/webbutik\/kategorier\/skrivare\/HLL2310D.jpg","contentUrl":"https:\/\/www.heddata.se\/webbutik\/wp-content\/uploads\/webbutik\/kategorier\/skrivare\/HLL2310D.jpg","width":960,"height":960,"caption":"Brother HL-L2310D monolaserskrivare"},{"@type":"BreadcrumbList","@id":"https:\/\/www.heddata.se\/webbutik\/produkt\/brother-hl-l2310d-monolaserskrivare\/#breadcrumb","itemListElement":[{"@type":"ListItem","position":1,"name":"Hem","item":"https:\/\/www.heddata.se\/webbutik\/"},{"@type":"ListItem","position":2,"name":"Produkter","item":"https:\/\/www.heddata.se\/webbutik\/shop\/"},{"@type":"ListItem","position":3,"name":"Brother HL-L2310D monolaserskrivare"}]},{"@type":"WebSite","@id":"https:\/\/www.heddata.se\/webbutik\/#website","url":"https:\/\/www.heddata.se\/webbutik\/","name":"Datorer, Skrivare, F\u00e4rgpatroner, Mobiltelefoner","description":"Kablar","publisher":{"@id":"https:\/\/www.heddata.se\/webbutik\/#organization"},"potentialAction":[{"@type":"SearchAction","target":{"@type":"EntryPoint","urlTemplate":"https:\/\/www.heddata.se\/webbutik\/?s={search_term_string}"},"query-input":{"@type":"PropertyValueSpecification","valueRequired":true,"valueName":"search_term_string"}}],"inLanguage":"sv-SE"},{"@type":"Organization","@id":"https:\/\/www.heddata.se\/webbutik\/#organization","name":"Heddata AB","url":"https:\/\/www.heddata.se\/webbutik\/","logo":{"@type":"ImageObject","inLanguage":"sv-SE","@id":"https:\/\/www.heddata.se\/webbutik\/#\/schema\/logo\/image\/","url":"https:\/\/www.heddata.se\/webbutik\/wp-content\/uploads\/logga\/heddata-ab-logga.png","contentUrl":"https:\/\/www.heddata.se\/webbutik\/wp-content\/uploads\/logga\/heddata-ab-logga.png","width":200,"height":64,"caption":"Heddata AB"},"image":{"@id":"https:\/\/www.heddata.se\/webbutik\/#\/schema\/logo\/image\/"}}]}},"_links":{"self":[{"href":"https:\/\/www.heddata.se\/webbutik\/wp-json\/wp\/v2\/product\/89673","targetHints":{"allow":["GET"]}}],"collection":[{"href":"https:\/\/www.heddata.se\/webbutik\/wp-json\/wp\/v2\/product"}],"about":[{"href":"https:\/\/www.heddata.se\/webbutik\/wp-json\/wp\/v2\/types\/product"}],"wp:featuredmedia":[{"embeddable":true,"href":"https:\/\/www.heddata.se\/webbutik\/wp-json\/wp\/v2\/media\/89676"}],"wp:attachment":[{"href":"https:\/\/www.heddata.se\/webbutik\/wp-json\/wp\/v2\/media?parent=89673"}],"wp:term":[{"taxonomy":"product_brand","embeddable":true,"href":"https:\/\/www.heddata.se\/webbutik\/wp-json\/wp\/v2\/product_brand?post=89673"},{"taxonomy":"product_cat","embeddable":true,"href":"https:\/\/www.heddata.se\/webbutik\/wp-json\/wp\/v2\/product_cat?post=89673"},{"taxonomy":"product_tag","embeddable":true,"href":"https:\/\/www.heddata.se\/webbutik\/wp-json\/wp\/v2\/product_tag?post=89673"}],"curies":[{"name":"wp","href":"https:\/\/api.w.org\/{rel}","templated":true}]}}