{"id":89620,"date":"2020-05-14T10:18:28","date_gmt":"2020-05-14T08:18:28","guid":{"rendered":"https:\/\/www.heddata.se\/webbutik\/?post_type=product&#038;p=89620"},"modified":"2026-05-04T14:12:38","modified_gmt":"2026-05-04T12:12:38","slug":"kingston-ssd-a400-240gb","status":"publish","type":"product","link":"https:\/\/www.heddata.se\/webbutik\/produkt\/kingston-ssd-a400-240gb\/","title":{"rendered":"Kingston SSD A400 240GB 2.5&#8243; SATA-600"},"content":{"rendered":"<p><b>Specifikationer:<\/b><\/p>\n<table border=\"0\" cellspacing=\"0\" cellpadding=\"0\">\n<tbody>\n<tr>\n<td>Mac operating systems supported<\/td>\n<td>Yes<\/td>\n<\/tr>\n<tr>\n<td>Power consumption (read)<\/td>\n<td>0.642 W<\/td>\n<\/tr>\n<tr>\n<td>Power consumption (write)<\/td>\n<td>1.535 W<\/td>\n<\/tr>\n<tr>\n<td>Windows operating systems supported<\/td>\n<td>Yes<\/td>\n<\/tr>\n<tr>\n<td>Linux operating systems supported<\/td>\n<td>Yes<\/td>\n<\/tr>\n<tr>\n<td>Component for<\/td>\n<td>PC\/notebook<\/td>\n<\/tr>\n<tr>\n<td>Solid-state drive capacity<\/td>\n<td>240 GB<\/td>\n<\/tr>\n<tr>\n<td>Solid-state drive interfaces<\/td>\n<td>Serial ATA III<\/td>\n<\/tr>\n<tr>\n<td>Power consumption (idle)<\/td>\n<td>0.195 W<\/td>\n<\/tr>\n<tr>\n<td>Non-operating vibration<\/td>\n<td>20 G<\/td>\n<\/tr>\n<tr>\n<td>Depth<\/td>\n<td>69.9 mm<\/td>\n<\/tr>\n<tr>\n<td>Height<\/td>\n<td>7 mm<\/td>\n<\/tr>\n<tr>\n<td>Width<\/td>\n<td>100 mm<\/td>\n<\/tr>\n<tr>\n<td>Colour of product<\/td>\n<td>Black<\/td>\n<\/tr>\n<tr>\n<td>Weight<\/td>\n<td>41 g<\/td>\n<\/tr>\n<tr>\n<td>Read speed<\/td>\n<td>500 MB\/s<\/td>\n<\/tr>\n<tr>\n<td>Operating temperature range (T-T)<\/td>\n<td>0 &#8211; 70 \u00b0C<\/td>\n<\/tr>\n<tr>\n<td>Storage temperature (T-T)<\/td>\n<td>-40 &#8211; 85 \u00b0C<\/td>\n<\/tr>\n<tr>\n<td>Certification<\/td>\n<td>CE, FCC<\/td>\n<\/tr>\n<tr>\n<td>Data transfer rate<\/td>\n<td>6 Gbit\/s<\/td>\n<\/tr>\n<tr>\n<td>Mean time between failures (MTBF)<\/td>\n<td>1000000 h<\/td>\n<\/tr>\n<tr>\n<td>Memory type<\/td>\n<td>TLC<\/td>\n<\/tr>\n<tr>\n<td>Packaging type<\/td>\n<td>Blister<\/td>\n<\/tr>\n<tr>\n<td>Write speed<\/td>\n<td>350 MB\/s<\/td>\n<\/tr>\n<tr>\n<td>Operating vibration<\/td>\n<td>2.17 G<\/td>\n<\/tr>\n<tr>\n<td>TBW rating<\/td>\n<td>80<\/td>\n<\/tr>\n<tr>\n<td>Power consumption (average)<\/td>\n<td>0.279 W<\/td>\n<\/tr>\n<tr>\n<td>SSD form factor<\/td>\n<td>2.5 &#8221;<\/td>\n<\/tr>\n<tr>\n<td>Controller type<\/td>\n<td>2Ch<\/td>\n<\/tr>\n<tr>\n<td>NVM Express (NVMe) supported<\/td>\n<td>No<\/td>\n<\/tr>\n<\/tbody>\n<\/table>\n","protected":false},"excerpt":{"rendered":"<div class=\"row\">\n<div class=\"col-xs-12\">\n<h2>Kingston A400 240GB SSD<\/h2>\n<\/div>\n<\/div>\n<div class=\"row\">\n<div class=\"col-xs-12\">\n<p><strong><em>Kingstons A400 solid state-disk f\u00f6rb\u00e4ttrar dramatiskt svarstiden hos ditt befintliga system med otroliga boot-, filladdnings- och \u00f6verf\u00f6ringstider j\u00e4mf\u00f6rt med mekaniska h\u00e5rddiskar. Denna SSD drivs av den senaste gen-kontrollenheten f\u00f6r l\u00e4s- och skrivhastigheter upp till 500 MB\/s och 450 MB\/s<\/em><\/strong><strong><em>, och \u00e4r 10 x snabbare \u00e4n en traditionell h\u00e5rddisk<\/em><\/strong><strong><em>\u00a0f\u00f6r h\u00f6gre prestanda, ultra-lyh\u00f6rd multitasking och ett \u00f6vergripande snabbare system. A400 \u00e4r dessutom mer tillf\u00f6rlitlig och h\u00e5llbar \u00e4n en h\u00e5rddisk, och finns i flera kapaciteter fr\u00e5n 120GB \u2013 1.92TB<\/em><\/strong><strong><em>.<\/em><\/strong><\/p>\n<\/div>\n<\/div>\n","protected":false},"featured_media":89632,"template":"","meta":[],"product_brand":[],"product_cat":[64,110],"product_tag":[],"class_list":{"0":"post-89620","1":"product","2":"type-product","3":"status-publish","4":"has-post-thumbnail","6":"product_cat-lagring","7":"product_cat-ssd-disk","9":"first","10":"instock","11":"taxable","12":"shipping-taxable","13":"purchasable","14":"product-type-simple"},"yoast_head":"<!-- This site is optimized with the Yoast SEO Premium plugin v26.7 (Yoast SEO v26.7) - https:\/\/yoast.com\/wordpress\/plugins\/seo\/ -->\n<title>Kingston SSD A400 240GB 2.5&quot; SATA-600 -<\/title>\n<meta name=\"description\" content=\"Kingstons A400 240GB solid state-disk f\u00f6rb\u00e4ttrar dramatiskt svarstiden hos ditt befintliga system med otroliga boot-, filladdnings- och \u00f6verf\u00f6ringstider j\u00e4mf\u00f6rt med mekaniska h\u00e5rddiskar\" \/>\n<meta name=\"robots\" content=\"index, follow, max-snippet:-1, max-image-preview:large, max-video-preview:-1\" \/>\n<link rel=\"canonical\" href=\"https:\/\/www.heddata.se\/webbutik\/produkt\/kingston-ssd-a400-240gb\/\" \/>\n<meta property=\"og:locale\" content=\"sv_SE\" \/>\n<meta property=\"og:type\" content=\"article\" \/>\n<meta property=\"og:title\" content=\"Kingston SSD A400 240GB 2.5&quot; SATA-600\" \/>\n<meta property=\"og:description\" content=\"Kingstons A400 240GB solid state-disk f\u00f6rb\u00e4ttrar dramatiskt svarstiden hos ditt befintliga system med otroliga boot-, filladdnings- och \u00f6verf\u00f6ringstider j\u00e4mf\u00f6rt med mekaniska h\u00e5rddiskar\" \/>\n<meta property=\"og:url\" content=\"https:\/\/www.heddata.se\/webbutik\/produkt\/kingston-ssd-a400-240gb\/\" \/>\n<meta property=\"og:site_name\" content=\"Datorer, Skrivare, F\u00e4rgpatroner, Mobiltelefoner\" \/>\n<meta property=\"article:modified_time\" content=\"2026-05-04T12:12:38+00:00\" \/>\n<meta property=\"og:image\" content=\"https:\/\/www.heddata.se\/webbutik\/wp-content\/uploads\/webbutik\/kategorier\/lagring\/a400-480gb.jpg\" \/>\n\t<meta property=\"og:image:width\" content=\"2400\" \/>\n\t<meta property=\"og:image:height\" content=\"1800\" \/>\n\t<meta property=\"og:image:type\" content=\"image\/jpeg\" \/>\n<meta name=\"twitter:card\" content=\"summary_large_image\" \/>\n<meta name=\"twitter:label1\" content=\"Ber\u00e4knad l\u00e4stid\" \/>\n\t<meta name=\"twitter:data1\" content=\"1 minut\" \/>\n<script type=\"application\/ld+json\" class=\"yoast-schema-graph\">{\"@context\":\"https:\/\/schema.org\",\"@graph\":[{\"@type\":\"WebPage\",\"@id\":\"https:\/\/www.heddata.se\/webbutik\/produkt\/kingston-ssd-a400-240gb\/\",\"url\":\"https:\/\/www.heddata.se\/webbutik\/produkt\/kingston-ssd-a400-240gb\/\",\"name\":\"Kingston SSD A400 240GB 2.5\\\" SATA-600 -\",\"isPartOf\":{\"@id\":\"https:\/\/www.heddata.se\/webbutik\/#website\"},\"primaryImageOfPage\":{\"@id\":\"https:\/\/www.heddata.se\/webbutik\/produkt\/kingston-ssd-a400-240gb\/#primaryimage\"},\"image\":{\"@id\":\"https:\/\/www.heddata.se\/webbutik\/produkt\/kingston-ssd-a400-240gb\/#primaryimage\"},\"thumbnailUrl\":\"https:\/\/www.heddata.se\/webbutik\/wp-content\/uploads\/webbutik\/kategorier\/lagring\/a400-480gb.jpg\",\"datePublished\":\"2020-05-14T08:18:28+00:00\",\"dateModified\":\"2026-05-04T12:12:38+00:00\",\"description\":\"Kingstons A400 240GB solid state-disk f\u00f6rb\u00e4ttrar dramatiskt svarstiden hos ditt befintliga system med otroliga boot-, filladdnings- och \u00f6verf\u00f6ringstider j\u00e4mf\u00f6rt med mekaniska h\u00e5rddiskar\",\"breadcrumb\":{\"@id\":\"https:\/\/www.heddata.se\/webbutik\/produkt\/kingston-ssd-a400-240gb\/#breadcrumb\"},\"inLanguage\":\"sv-SE\",\"potentialAction\":[{\"@type\":\"ReadAction\",\"target\":[\"https:\/\/www.heddata.se\/webbutik\/produkt\/kingston-ssd-a400-240gb\/\"]}]},{\"@type\":\"ImageObject\",\"inLanguage\":\"sv-SE\",\"@id\":\"https:\/\/www.heddata.se\/webbutik\/produkt\/kingston-ssd-a400-240gb\/#primaryimage\",\"url\":\"https:\/\/www.heddata.se\/webbutik\/wp-content\/uploads\/webbutik\/kategorier\/lagring\/a400-480gb.jpg\",\"contentUrl\":\"https:\/\/www.heddata.se\/webbutik\/wp-content\/uploads\/webbutik\/kategorier\/lagring\/a400-480gb.jpg\",\"width\":2400,\"height\":1800,\"caption\":\"Kingston SSD A400\"},{\"@type\":\"BreadcrumbList\",\"@id\":\"https:\/\/www.heddata.se\/webbutik\/produkt\/kingston-ssd-a400-240gb\/#breadcrumb\",\"itemListElement\":[{\"@type\":\"ListItem\",\"position\":1,\"name\":\"Hem\",\"item\":\"https:\/\/www.heddata.se\/webbutik\/\"},{\"@type\":\"ListItem\",\"position\":2,\"name\":\"Produkter\",\"item\":\"https:\/\/www.heddata.se\/webbutik\/shop\/\"},{\"@type\":\"ListItem\",\"position\":3,\"name\":\"Kingston SSD A400 240GB 2.5&#8243; SATA-600\"}]},{\"@type\":\"WebSite\",\"@id\":\"https:\/\/www.heddata.se\/webbutik\/#website\",\"url\":\"https:\/\/www.heddata.se\/webbutik\/\",\"name\":\"Datorer, Skrivare, F\u00e4rgpatroner, Mobiltelefoner\",\"description\":\"Kablar\",\"publisher\":{\"@id\":\"https:\/\/www.heddata.se\/webbutik\/#organization\"},\"potentialAction\":[{\"@type\":\"SearchAction\",\"target\":{\"@type\":\"EntryPoint\",\"urlTemplate\":\"https:\/\/www.heddata.se\/webbutik\/?s={search_term_string}\"},\"query-input\":{\"@type\":\"PropertyValueSpecification\",\"valueRequired\":true,\"valueName\":\"search_term_string\"}}],\"inLanguage\":\"sv-SE\"},{\"@type\":\"Organization\",\"@id\":\"https:\/\/www.heddata.se\/webbutik\/#organization\",\"name\":\"Heddata AB\",\"url\":\"https:\/\/www.heddata.se\/webbutik\/\",\"logo\":{\"@type\":\"ImageObject\",\"inLanguage\":\"sv-SE\",\"@id\":\"https:\/\/www.heddata.se\/webbutik\/#\/schema\/logo\/image\/\",\"url\":\"https:\/\/www.heddata.se\/webbutik\/wp-content\/uploads\/logga\/heddata-ab-logga.png\",\"contentUrl\":\"https:\/\/www.heddata.se\/webbutik\/wp-content\/uploads\/logga\/heddata-ab-logga.png\",\"width\":200,\"height\":64,\"caption\":\"Heddata AB\"},\"image\":{\"@id\":\"https:\/\/www.heddata.se\/webbutik\/#\/schema\/logo\/image\/\"}}]}<\/script>\n<!-- \/ Yoast SEO Premium plugin. -->","yoast_head_json":{"title":"Kingston SSD A400 240GB 2.5\" SATA-600 -","description":"Kingstons A400 240GB solid state-disk f\u00f6rb\u00e4ttrar dramatiskt svarstiden hos ditt befintliga system med otroliga boot-, filladdnings- och \u00f6verf\u00f6ringstider j\u00e4mf\u00f6rt med mekaniska h\u00e5rddiskar","robots":{"index":"index","follow":"follow","max-snippet":"max-snippet:-1","max-image-preview":"max-image-preview:large","max-video-preview":"max-video-preview:-1"},"canonical":"https:\/\/www.heddata.se\/webbutik\/produkt\/kingston-ssd-a400-240gb\/","og_locale":"sv_SE","og_type":"article","og_title":"Kingston SSD A400 240GB 2.5\" SATA-600","og_description":"Kingstons A400 240GB solid state-disk f\u00f6rb\u00e4ttrar dramatiskt svarstiden hos ditt befintliga system med otroliga boot-, filladdnings- och \u00f6verf\u00f6ringstider j\u00e4mf\u00f6rt med mekaniska h\u00e5rddiskar","og_url":"https:\/\/www.heddata.se\/webbutik\/produkt\/kingston-ssd-a400-240gb\/","og_site_name":"Datorer, Skrivare, F\u00e4rgpatroner, Mobiltelefoner","article_modified_time":"2026-05-04T12:12:38+00:00","og_image":[{"width":2400,"height":1800,"url":"https:\/\/www.heddata.se\/webbutik\/wp-content\/uploads\/webbutik\/kategorier\/lagring\/a400-480gb.jpg","type":"image\/jpeg"}],"twitter_card":"summary_large_image","twitter_misc":{"Ber\u00e4knad l\u00e4stid":"1 minut"},"schema":{"@context":"https:\/\/schema.org","@graph":[{"@type":"WebPage","@id":"https:\/\/www.heddata.se\/webbutik\/produkt\/kingston-ssd-a400-240gb\/","url":"https:\/\/www.heddata.se\/webbutik\/produkt\/kingston-ssd-a400-240gb\/","name":"Kingston SSD A400 240GB 2.5\" SATA-600 -","isPartOf":{"@id":"https:\/\/www.heddata.se\/webbutik\/#website"},"primaryImageOfPage":{"@id":"https:\/\/www.heddata.se\/webbutik\/produkt\/kingston-ssd-a400-240gb\/#primaryimage"},"image":{"@id":"https:\/\/www.heddata.se\/webbutik\/produkt\/kingston-ssd-a400-240gb\/#primaryimage"},"thumbnailUrl":"https:\/\/www.heddata.se\/webbutik\/wp-content\/uploads\/webbutik\/kategorier\/lagring\/a400-480gb.jpg","datePublished":"2020-05-14T08:18:28+00:00","dateModified":"2026-05-04T12:12:38+00:00","description":"Kingstons A400 240GB solid state-disk f\u00f6rb\u00e4ttrar dramatiskt svarstiden hos ditt befintliga system med otroliga boot-, filladdnings- och \u00f6verf\u00f6ringstider j\u00e4mf\u00f6rt med mekaniska h\u00e5rddiskar","breadcrumb":{"@id":"https:\/\/www.heddata.se\/webbutik\/produkt\/kingston-ssd-a400-240gb\/#breadcrumb"},"inLanguage":"sv-SE","potentialAction":[{"@type":"ReadAction","target":["https:\/\/www.heddata.se\/webbutik\/produkt\/kingston-ssd-a400-240gb\/"]}]},{"@type":"ImageObject","inLanguage":"sv-SE","@id":"https:\/\/www.heddata.se\/webbutik\/produkt\/kingston-ssd-a400-240gb\/#primaryimage","url":"https:\/\/www.heddata.se\/webbutik\/wp-content\/uploads\/webbutik\/kategorier\/lagring\/a400-480gb.jpg","contentUrl":"https:\/\/www.heddata.se\/webbutik\/wp-content\/uploads\/webbutik\/kategorier\/lagring\/a400-480gb.jpg","width":2400,"height":1800,"caption":"Kingston SSD A400"},{"@type":"BreadcrumbList","@id":"https:\/\/www.heddata.se\/webbutik\/produkt\/kingston-ssd-a400-240gb\/#breadcrumb","itemListElement":[{"@type":"ListItem","position":1,"name":"Hem","item":"https:\/\/www.heddata.se\/webbutik\/"},{"@type":"ListItem","position":2,"name":"Produkter","item":"https:\/\/www.heddata.se\/webbutik\/shop\/"},{"@type":"ListItem","position":3,"name":"Kingston SSD A400 240GB 2.5&#8243; SATA-600"}]},{"@type":"WebSite","@id":"https:\/\/www.heddata.se\/webbutik\/#website","url":"https:\/\/www.heddata.se\/webbutik\/","name":"Datorer, Skrivare, F\u00e4rgpatroner, Mobiltelefoner","description":"Kablar","publisher":{"@id":"https:\/\/www.heddata.se\/webbutik\/#organization"},"potentialAction":[{"@type":"SearchAction","target":{"@type":"EntryPoint","urlTemplate":"https:\/\/www.heddata.se\/webbutik\/?s={search_term_string}"},"query-input":{"@type":"PropertyValueSpecification","valueRequired":true,"valueName":"search_term_string"}}],"inLanguage":"sv-SE"},{"@type":"Organization","@id":"https:\/\/www.heddata.se\/webbutik\/#organization","name":"Heddata AB","url":"https:\/\/www.heddata.se\/webbutik\/","logo":{"@type":"ImageObject","inLanguage":"sv-SE","@id":"https:\/\/www.heddata.se\/webbutik\/#\/schema\/logo\/image\/","url":"https:\/\/www.heddata.se\/webbutik\/wp-content\/uploads\/logga\/heddata-ab-logga.png","contentUrl":"https:\/\/www.heddata.se\/webbutik\/wp-content\/uploads\/logga\/heddata-ab-logga.png","width":200,"height":64,"caption":"Heddata AB"},"image":{"@id":"https:\/\/www.heddata.se\/webbutik\/#\/schema\/logo\/image\/"}}]}},"_links":{"self":[{"href":"https:\/\/www.heddata.se\/webbutik\/wp-json\/wp\/v2\/product\/89620","targetHints":{"allow":["GET"]}}],"collection":[{"href":"https:\/\/www.heddata.se\/webbutik\/wp-json\/wp\/v2\/product"}],"about":[{"href":"https:\/\/www.heddata.se\/webbutik\/wp-json\/wp\/v2\/types\/product"}],"wp:featuredmedia":[{"embeddable":true,"href":"https:\/\/www.heddata.se\/webbutik\/wp-json\/wp\/v2\/media\/89632"}],"wp:attachment":[{"href":"https:\/\/www.heddata.se\/webbutik\/wp-json\/wp\/v2\/media?parent=89620"}],"wp:term":[{"taxonomy":"product_brand","embeddable":true,"href":"https:\/\/www.heddata.se\/webbutik\/wp-json\/wp\/v2\/product_brand?post=89620"},{"taxonomy":"product_cat","embeddable":true,"href":"https:\/\/www.heddata.se\/webbutik\/wp-json\/wp\/v2\/product_cat?post=89620"},{"taxonomy":"product_tag","embeddable":true,"href":"https:\/\/www.heddata.se\/webbutik\/wp-json\/wp\/v2\/product_tag?post=89620"}],"curies":[{"name":"wp","href":"https:\/\/api.w.org\/{rel}","templated":true}]}}